{"id":9085,"date":"2025-06-18T16:29:44","date_gmt":"2025-06-18T08:29:44","guid":{"rendered":"https:\/\/www.hsymachinery.com\/?post_type=product&#038;p=9085"},"modified":"2025-06-28T15:39:22","modified_gmt":"2025-06-28T07:39:22","slug":"dongolo-kalapacs-ch-c110","status":"publish","type":"product","link":"https:\/\/www.hsymachinery.com\/hu\/termek\/dongolo-kalapacs-ch-c110\/","title":{"rendered":"CH-C110 d\u00f6ng\u00f6l\u0151 kalap\u00e1cs"},"content":{"rendered":"<h2 data-start=\"107\" data-end=\"137\">CH-C110 d\u00f6ng\u00f6l\u0151 kalap\u00e1cs<\/h2>\n<h3 data-start=\"138\" data-end=\"251\">CH-C110 d\u00edzel d\u00f6mper | \u00fczemanyag-hat\u00e9kony talajt\u00f6m\u00f6r\u00edt\u0151 neh\u00e9z alapoz\u00e1si \u00e9s \u00fat\u00e9p\u00edt\u00e9si projektekhez<\/h3>\n<h3 data-start=\"258\" data-end=\"344\">Term\u00e9k\u00e1ttekint\u00e9s - Nagy teljes\u00edtm\u00e9ny\u0171 d\u00edzel d\u00f6mper ig\u00e9nyes t\u00f6m\u00f6r\u00edt\u00e9si munk\u00e1khoz<img fetchpriority=\"high\" decoding=\"async\" class=\"wp-image-9086 alignright\" src=\"https:\/\/www.hsymachinery.com\/wp-content\/uploads\/2025\/06\/Tamping-Rammer-CH-C110-300x300.jpg\" alt=\"\" width=\"465\" height=\"465\" srcset=\"https:\/\/www.hsymachinery.com\/wp-content\/uploads\/2025\/06\/Tamping-Rammer-CH-C110-300x300.jpg 300w, https:\/\/www.hsymachinery.com\/wp-content\/uploads\/2025\/06\/Tamping-Rammer-CH-C110-150x150.jpg 150w, https:\/\/www.hsymachinery.com\/wp-content\/uploads\/2025\/06\/Tamping-Rammer-CH-C110-768x768.jpg 768w, https:\/\/www.hsymachinery.com\/wp-content\/uploads\/2025\/06\/Tamping-Rammer-CH-C110-600x600.jpg 600w, https:\/\/www.hsymachinery.com\/wp-content\/uploads\/2025\/06\/Tamping-Rammer-CH-C110-100x100.jpg 100w, https:\/\/www.hsymachinery.com\/wp-content\/uploads\/2025\/06\/Tamping-Rammer-CH-C110.jpg 800w\" sizes=\"(max-width: 465px) 100vw, 465px\" \/><\/h3>\n<p data-start=\"346\" data-end=\"686\">A <strong data-start=\"350\" data-end=\"376\">CH-C110 Tampon\u00e1l\u00f3 d\u00f6ng\u00f6l\u0151<\/strong> egy d\u00edzel\u00fczem\u0171 talajt\u00f6m\u00f6r\u00edt\u0151, amely nagy \u00fct\u0151er\u0151t \u00e9s tart\u00f3s teljes\u00edtm\u00e9nyt ny\u00fajt a terepen. K\u00fcl\u00f6n\u00f6sen alkalmas alapoz\u00e1si \u00e1rkok \u00e1s\u00e1s\u00e1ra, \u00fatjav\u00edt\u00e1sra, cs\u0151vezet\u00e9kek telep\u00edt\u00e9s\u00e9re \u00e9s nagy t\u00f6m\u00f6r\u00edt\u00e9s\u0171 agyagos munk\u00e1khoz, ahol a tart\u00f3ss\u00e1g \u00e9s az \u00fczemanyag-hat\u00e9konys\u00e1g a legfontosabb priorit\u00e1sok.<\/p>\n<p data-start=\"688\" data-end=\"861\">Ez a modell okos v\u00e1laszt\u00e1s a t\u00e1voli \u00e9p\u00edtkez\u00e9seken vagy alacsony \u00fczemanyag-min\u0151s\u00e9g\u0171 ter\u00fcleteken tev\u00e9kenyked\u0151 v\u00e1llalkoz\u00f3k sz\u00e1m\u00e1ra, mivel teljes\u00edtm\u00e9nyt \u00e9s rugalmass\u00e1got k\u00edn\u00e1l a neh\u00e9z munkak\u00f6r\u00fclm\u00e9nyek k\u00f6z\u00f6tt is.<\/p>\n<h3 data-start=\"868\" data-end=\"932\">D\u00edzelhat\u00e9konys\u00e1g, robusztus fel\u00e9p\u00edt\u00e9s \u00e9s egyenletes teljes\u00edtm\u00e9ny<\/h3>\n<p data-start=\"934\" data-end=\"1215\">A tart\u00f3s d\u00edzelmotorral hajtott CH-C110 nagy nyomat\u00e9kot \u00e9s egyenletes tapos\u00e1st biztos\u00edt m\u00e9g a kih\u00edv\u00e1st jelent\u0151 fel\u00fcleteken is. A nagy teherb\u00edr\u00e1s\u00fa d\u00f6ng\u00f6l\u0151cip\u0151, \u00fct\u00e9s\u00e1ll\u00f3 r\u00f6gz\u00edt\u00e9si rendszerrel p\u00e1ros\u00edtva, m\u00e9ly t\u00f6m\u00f6r\u00edt\u00e9st biztos\u00edt, mik\u00f6zben cs\u00f6kkenti a kezel\u0151re t\u00f6rt\u00e9n\u0151 rezg\u00e9s\u00e1tvitelt.<\/p>\n<p data-start=\"1217\" data-end=\"1354\">A karbantart\u00e1si pontok hozz\u00e1f\u00e9rhet\u0151ek, \u00e9s a motor \u00fagy van kialak\u00edtva, hogy ellen\u00e1lljon a sz\u00e9ls\u0151s\u00e9ges k\u00f6r\u00fclm\u00e9nyeknek, ami seg\u00edt cs\u00f6kkenteni a v\u00e1ratlan le\u00e1ll\u00e1si id\u0151t a helysz\u00ednen.<\/p>\n<h3 data-start=\"1361\" data-end=\"1409\">K\u00fclt\u00e9ri \u00e9s h\u00e1l\u00f3zaton k\u00edv\u00fcli m\u0171k\u00f6d\u00e9sre tervezve<\/h3>\n<p data-start=\"1411\" data-end=\"1717\">Ez a g\u00e9p k\u00fcls\u0151 \u00e1ramell\u00e1t\u00e1st\u00f3l f\u00fcggetlen\u00fcl m\u0171k\u00f6dik, \u00e9s j\u00f3l teljes\u00edt a h\u00e1l\u00f3zaton k\u00edv\u00fcli, zord terepen vagy \u00e1ram n\u00e9lk\u00fcli \u00e9p\u00edt\u00e9si ter\u00fcleteken. Az \u00fczemanyag-takar\u00e9koss\u00e1ga \u00e9s a hossz\u00fa \u00fczemid\u0151 egy tankra vet\u00edtve minim\u00e1lisra cs\u00f6kkenti a tankol\u00e1si megszak\u00edt\u00e1sokat, \u00edgy ide\u00e1lis a mindennapi haszn\u00e1latra infrastruktur\u00e1lis \u00e9s ipari k\u00f6rnyezetben.<\/p>\n<p data-start=\"1719\" data-end=\"1833\">Ak\u00e1r forr\u00f3, poros vagy nedves \u00e9ghajlaton, a CH-C110 megb\u00edzhat\u00f3, alacsony karbantart\u00e1si ig\u00e9ny\u0171 t\u00f6m\u00f6r\u00edt\u00e9si megold\u00e1snak bizonyul.<\/p>\n<h3 data-start=\"1840\" data-end=\"1891\">A CH-C110 d\u00edzel d\u00f6mper legfontosabb jellemz\u0151i<\/h3>\n<ul data-start=\"1893\" data-end=\"2196\">\n<li data-start=\"1893\" data-end=\"1951\">\n<p data-start=\"1895\" data-end=\"1951\">A d\u00edzelmotor er\u0151s nyomat\u00e9kot \u00e9s hossz\u00fa \u00fczemid\u0151t biztos\u00edt<\/p>\n<\/li>\n<li data-start=\"1952\" data-end=\"2020\">\n<p data-start=\"1954\" data-end=\"2020\">Alkalmas nagy s\u0171r\u0171s\u00e9g\u0171 talajokhoz, \u00fatpadk\u00e1khoz \u00e9s neh\u00e9z \u00e9p\u00edtkez\u00e9sekhez.<\/p>\n<\/li>\n<li data-start=\"2021\" data-end=\"2086\">\n<p data-start=\"2023\" data-end=\"2086\">T\u00fczel\u0151anyag-hat\u00e9kony \u00e9s j\u00f3l teljes\u00edt t\u00e1voli\/nem h\u00e1l\u00f3zati helyeken is<\/p>\n<\/li>\n<li data-start=\"2087\" data-end=\"2144\">\n<p data-start=\"2089\" data-end=\"2144\">Robusztus v\u00e1z \u00e9s ac\u00e9l alap a hossz\u00fa t\u00e1v\u00fa megb\u00edzhat\u00f3s\u00e1g \u00e9rdek\u00e9ben<\/p>\n<\/li>\n<li data-start=\"2145\" data-end=\"2196\">\n<p data-start=\"2147\" data-end=\"2196\">K\u00f6nnyen szervizelhet\u0151 \u00e9s \u00fczemeltethet\u0151 neh\u00e9z k\u00f6r\u00fclm\u00e9nyek k\u00f6z\u00f6tt<\/p>\n<\/li>\n<\/ul>\n<p><iframe title=\"t\u00f6m\u00f6r\u00edt\u0151, d\u00f6ng\u00f6l\u0151 kalap\u00e1cs, d\u00f6ng\u00f6l\u0151, lemezes t\u00f6m\u00f6r\u00edt\u0151, \u00e9p\u00edt\u00e9si vibr\u00e1ci\u00f3, t\u00f6m\u00f6r\u00edt\u0151 machine.#tamping\" width=\"720\" height=\"540\" src=\"https:\/\/www.youtube.com\/embed\/j8Nod6Mcz9w?feature=oembed\" frameborder=\"0\" allow=\"accelerometer; autoplay; clipboard-write; encrypted-media; gyroscope; picture-in-picture; web-share\" referrerpolicy=\"strict-origin-when-cross-origin\" allowfullscreen><\/iframe><\/p>","protected":false},"excerpt":{"rendered":"<p>A CH-C110 d\u00edzelmotoros d\u00f6ng\u00f6l\u0151kalap\u00e1cs m\u00e9ly, egyenletes t\u00f6m\u00f6r\u00edt\u00e9st biztos\u00edt nagy nyomat\u00e9k\u00fa motorral. Robusztus \u00e9s hat\u00e9kony, ide\u00e1lis alapoz\u00e1si, \u00e1rok- \u00e9s \u00fat\u00e9p\u00edt\u00e9si projektekhez.<\/p>","protected":false},"featured_media":9086,"template":"","meta":{"_kad_post_transparent":"default","_kad_post_title":"","_kad_post_layout":"default","_kad_post_sidebar_id":"","_kad_post_content_style":"default","_kad_post_vertical_padding":"default","_kad_post_feature":"","_kad_post_feature_position":"","_kad_post_header":false,"_kad_post_footer":false},"product_brand":[],"product_cat":[83],"product_tag":[1060,1057,1058,1059,1051,1052,1056,1053,1055,1054],"class_list":{"0":"post-9085","1":"product","2":"type-product","3":"status-publish","4":"has-post-thumbnail","6":"product_cat-tamping-rammer","7":"product_tag-backfill-compactor-machine","8":"product_tag-diesel-tamping-rammer","9":"product_tag-earth-tamping-machine","10":"product_tag-handheld-tamping-rammer","11":"product_tag-impact-rammer","12":"product_tag-jumping-jack-compactor","13":"product_tag-petrol-tamping-rammer","14":"product_tag-plate-tamping-rammer","15":"product_tag-soil-compaction-rammer","16":"product_tag-vibratory-tamping-rammer","18":"first","19":"instock","20":"shipping-taxable","21":"product-type-simple","22":"entry","23":"content-bg","24":"loop-entry"},"yoast_head":"<!-- This site is optimized with the Yoast SEO plugin v25.3.1 - https:\/\/yoast.com\/wordpress\/plugins\/seo\/ -->\n<title>Tamping Rammer CH-C110 - HSY Construction Machinery<\/title>\n<meta name=\"description\" content=\"CH-C110 Diesel Tamping Rammer offers powerful soil compaction with fuel efficiency. Ideal for roadwork, trench backfilling, and off-grid construction work.\" \/>\n<meta name=\"robots\" content=\"index, follow, max-snippet:-1, max-image-preview:large, max-video-preview:-1\" \/>\n<link rel=\"canonical\" href=\"https:\/\/www.hsymachinery.com\/hu\/termek\/dongolo-kalapacs-ch-c110\/\" \/>\n<meta property=\"og:locale\" content=\"hu_HU\" \/>\n<meta property=\"og:type\" content=\"article\" \/>\n<meta property=\"og:title\" content=\"Tamping Rammer CH-C110 - HSY Construction Machinery\" \/>\n<meta property=\"og:description\" content=\"CH-C110 Diesel Tamping Rammer offers powerful soil compaction with fuel efficiency. Ideal for roadwork, trench backfilling, and off-grid construction work.\" \/>\n<meta property=\"og:url\" content=\"https:\/\/www.hsymachinery.com\/hu\/termek\/dongolo-kalapacs-ch-c110\/\" \/>\n<meta property=\"og:site_name\" content=\"HSY Construction Machinery\" \/>\n<meta property=\"article:modified_time\" content=\"2025-06-28T07:39:22+00:00\" \/>\n<meta property=\"og:image\" content=\"https:\/\/www.hsymachinery.com\/wp-content\/uploads\/2025\/06\/Tamping-Rammer-CH-C110.jpg\" \/>\n\t<meta property=\"og:image:width\" content=\"800\" \/>\n\t<meta property=\"og:image:height\" content=\"800\" \/>\n\t<meta property=\"og:image:type\" content=\"image\/jpeg\" \/>\n<meta name=\"twitter:card\" content=\"summary_large_image\" \/>\n<meta name=\"twitter:label1\" content=\"Becs\u00fclt olvas\u00e1si id\u0151\" \/>\n\t<meta name=\"twitter:data1\" content=\"2 perc\" \/>\n<script type=\"application\/ld+json\" class=\"yoast-schema-graph\">{\"@context\":\"https:\/\/schema.org\",\"@graph\":[{\"@type\":\"WebPage\",\"@id\":\"https:\/\/www.hsymachinery.com\/product\/tamping-rammer-ch-c110\/\",\"url\":\"https:\/\/www.hsymachinery.com\/product\/tamping-rammer-ch-c110\/\",\"name\":\"Tamping Rammer CH-C110 - HSY Construction Machinery\",\"isPartOf\":{\"@id\":\"https:\/\/www.hsymachinery.com\/#website\"},\"primaryImageOfPage\":{\"@id\":\"https:\/\/www.hsymachinery.com\/product\/tamping-rammer-ch-c110\/#primaryimage\"},\"image\":{\"@id\":\"https:\/\/www.hsymachinery.com\/product\/tamping-rammer-ch-c110\/#primaryimage\"},\"thumbnailUrl\":\"https:\/\/www.hsymachinery.com\/wp-content\/uploads\/2025\/06\/Tamping-Rammer-CH-C110.jpg\",\"datePublished\":\"2025-06-18T08:29:44+00:00\",\"dateModified\":\"2025-06-28T07:39:22+00:00\",\"description\":\"CH-C110 Diesel Tamping Rammer offers powerful soil compaction with fuel efficiency. Ideal for roadwork, trench backfilling, and off-grid construction work.\",\"breadcrumb\":{\"@id\":\"https:\/\/www.hsymachinery.com\/product\/tamping-rammer-ch-c110\/#breadcrumb\"},\"inLanguage\":\"hu\",\"potentialAction\":[{\"@type\":\"ReadAction\",\"target\":[\"https:\/\/www.hsymachinery.com\/product\/tamping-rammer-ch-c110\/\"]}]},{\"@type\":\"ImageObject\",\"inLanguage\":\"hu\",\"@id\":\"https:\/\/www.hsymachinery.com\/product\/tamping-rammer-ch-c110\/#primaryimage\",\"url\":\"https:\/\/www.hsymachinery.com\/wp-content\/uploads\/2025\/06\/Tamping-Rammer-CH-C110.jpg\",\"contentUrl\":\"https:\/\/www.hsymachinery.com\/wp-content\/uploads\/2025\/06\/Tamping-Rammer-CH-C110.jpg\",\"width\":800,\"height\":800},{\"@type\":\"BreadcrumbList\",\"@id\":\"https:\/\/www.hsymachinery.com\/product\/tamping-rammer-ch-c110\/#breadcrumb\",\"itemListElement\":[{\"@type\":\"ListItem\",\"position\":1,\"name\":\"home\",\"item\":\"https:\/\/www.hsymachinery.com\/\"},{\"@type\":\"ListItem\",\"position\":2,\"name\":\"products\",\"item\":\"https:\/\/www.hsymachinery.com\/products\/\"},{\"@type\":\"ListItem\",\"position\":3,\"name\":\"Tamping Rammer CH-C110\"}]},{\"@type\":\"WebSite\",\"@id\":\"https:\/\/www.hsymachinery.com\/#website\",\"url\":\"https:\/\/www.hsymachinery.com\/\",\"name\":\"HSY Construction Machinery\",\"description\":\"HSY Machinery \u2013 A leading China construction machinery supplier, offering a wide range of light construction equipment. Our main products include Rebar Cutting Machine, Rebar Bending Machine, Rebar Stirrup Bending Machine, Rebar Arc Bending Machine, Rebar Straightening Machine, Five-Head Rebar Stirrup Bending Machine, Tamping Rammer, Plate Compactor, Concrete Cutter, Power Trowel, and other construction machinery. We are equipped with advanced CNC machines, and we enforce strict quality inspection standards along with comprehensive after-sales service. If you are interested in our products or services, we warmly welcome your inquiries via message.\",\"publisher\":{\"@id\":\"https:\/\/www.hsymachinery.com\/#organization\"},\"potentialAction\":[{\"@type\":\"SearchAction\",\"target\":{\"@type\":\"EntryPoint\",\"urlTemplate\":\"https:\/\/www.hsymachinery.com\/?s={search_term_string}\"},\"query-input\":{\"@type\":\"PropertyValueSpecification\",\"valueRequired\":true,\"valueName\":\"search_term_string\"}}],\"inLanguage\":\"hu\"},{\"@type\":\"Organization\",\"@id\":\"https:\/\/www.hsymachinery.com\/#organization\",\"name\":\"HSY Construction Machinery\",\"url\":\"https:\/\/www.hsymachinery.com\/\",\"logo\":{\"@type\":\"ImageObject\",\"inLanguage\":\"hu\",\"@id\":\"https:\/\/www.hsymachinery.com\/#\/schema\/logo\/image\/\",\"url\":\"https:\/\/www.hsymachinery.com\/wp-content\/uploads\/2025\/06\/cropped-HSY-machinery.png\",\"contentUrl\":\"https:\/\/www.hsymachinery.com\/wp-content\/uploads\/2025\/06\/cropped-HSY-machinery.png\",\"width\":600,\"height\":240,\"caption\":\"HSY Construction Machinery\"},\"image\":{\"@id\":\"https:\/\/www.hsymachinery.com\/#\/schema\/logo\/image\/\"}}]}<\/script>\n<!-- \/ Yoast SEO plugin. -->","yoast_head_json":{"title":"CH-C110 d\u00f6ng\u00f6l\u0151 d\u00f6ng\u00f6l\u0151 - HSY \u00c9p\u00edt\u0151ipari g\u00e9pek","description":"A CH-C110 d\u00edzel d\u00f6mper er\u0151s talajt\u00f6m\u00f6r\u00edt\u00e9st k\u00edn\u00e1l \u00fczemanyag-hat\u00e9konys\u00e1ggal. Ide\u00e1lis \u00fatmunk\u00e1khoz, \u00e1rkok visszat\u00f6lt\u00e9s\u00e9hez \u00e9s terepszint\u0171 \u00e9p\u00edt\u00e9si munk\u00e1khoz.","robots":{"index":"index","follow":"follow","max-snippet":"max-snippet:-1","max-image-preview":"max-image-preview:large","max-video-preview":"max-video-preview:-1"},"canonical":"https:\/\/www.hsymachinery.com\/hu\/termek\/dongolo-kalapacs-ch-c110\/","og_locale":"hu_HU","og_type":"article","og_title":"Tamping Rammer CH-C110 - HSY Construction Machinery","og_description":"CH-C110 Diesel Tamping Rammer offers powerful soil compaction with fuel efficiency. Ideal for roadwork, trench backfilling, and off-grid construction work.","og_url":"https:\/\/www.hsymachinery.com\/hu\/termek\/dongolo-kalapacs-ch-c110\/","og_site_name":"HSY Construction Machinery","article_modified_time":"2025-06-28T07:39:22+00:00","og_image":[{"width":800,"height":800,"url":"https:\/\/www.hsymachinery.com\/wp-content\/uploads\/2025\/06\/Tamping-Rammer-CH-C110.jpg","type":"image\/jpeg"}],"twitter_card":"summary_large_image","twitter_misc":{"Becs\u00fclt olvas\u00e1si id\u0151":"2 perc"},"schema":{"@context":"https:\/\/schema.org","@graph":[{"@type":"WebPage","@id":"https:\/\/www.hsymachinery.com\/product\/tamping-rammer-ch-c110\/","url":"https:\/\/www.hsymachinery.com\/product\/tamping-rammer-ch-c110\/","name":"CH-C110 d\u00f6ng\u00f6l\u0151 d\u00f6ng\u00f6l\u0151 - HSY \u00c9p\u00edt\u0151ipari g\u00e9pek","isPartOf":{"@id":"https:\/\/www.hsymachinery.com\/#website"},"primaryImageOfPage":{"@id":"https:\/\/www.hsymachinery.com\/product\/tamping-rammer-ch-c110\/#primaryimage"},"image":{"@id":"https:\/\/www.hsymachinery.com\/product\/tamping-rammer-ch-c110\/#primaryimage"},"thumbnailUrl":"https:\/\/www.hsymachinery.com\/wp-content\/uploads\/2025\/06\/Tamping-Rammer-CH-C110.jpg","datePublished":"2025-06-18T08:29:44+00:00","dateModified":"2025-06-28T07:39:22+00:00","description":"A CH-C110 d\u00edzel d\u00f6mper er\u0151s talajt\u00f6m\u00f6r\u00edt\u00e9st k\u00edn\u00e1l \u00fczemanyag-hat\u00e9konys\u00e1ggal. Ide\u00e1lis \u00fatmunk\u00e1khoz, \u00e1rkok visszat\u00f6lt\u00e9s\u00e9hez \u00e9s terepszint\u0171 \u00e9p\u00edt\u00e9si munk\u00e1khoz.","breadcrumb":{"@id":"https:\/\/www.hsymachinery.com\/product\/tamping-rammer-ch-c110\/#breadcrumb"},"inLanguage":"hu","potentialAction":[{"@type":"ReadAction","target":["https:\/\/www.hsymachinery.com\/product\/tamping-rammer-ch-c110\/"]}]},{"@type":"ImageObject","inLanguage":"hu","@id":"https:\/\/www.hsymachinery.com\/product\/tamping-rammer-ch-c110\/#primaryimage","url":"https:\/\/www.hsymachinery.com\/wp-content\/uploads\/2025\/06\/Tamping-Rammer-CH-C110.jpg","contentUrl":"https:\/\/www.hsymachinery.com\/wp-content\/uploads\/2025\/06\/Tamping-Rammer-CH-C110.jpg","width":800,"height":800},{"@type":"BreadcrumbList","@id":"https:\/\/www.hsymachinery.com\/product\/tamping-rammer-ch-c110\/#breadcrumb","itemListElement":[{"@type":"ListItem","position":1,"name":"home","item":"https:\/\/www.hsymachinery.com\/"},{"@type":"ListItem","position":2,"name":"products","item":"https:\/\/www.hsymachinery.com\/products\/"},{"@type":"ListItem","position":3,"name":"Tamping Rammer CH-C110"}]},{"@type":"WebSite","@id":"https:\/\/www.hsymachinery.com\/#website","url":"https:\/\/www.hsymachinery.com\/","name":"HSY \u00e9p\u00edt\u0151ipari g\u00e9pek","description":"HSY Machinery - K\u00edna vezet\u0151 \u00e9p\u00edt\u0151ipari g\u00e9pgy\u00e1rt\u00f3 v\u00e1llalata, amely k\u00f6nny\u0171 \u00e9p\u00edt\u0151ipari berendez\u00e9sek sz\u00e9les v\u00e1laszt\u00e9k\u00e1t k\u00edn\u00e1lja. F\u0151 term\u00e9keink k\u00f6z\u00e9 tartozik az \u00fajj\u00e1\u00e9p\u00edt\u00e9si v\u00e1g\u00f3g\u00e9p, az \u00fajj\u00e1\u00e9p\u00edt\u00e9si hajl\u00edt\u00f3g\u00e9p, az \u00fajj\u00e1\u00e9p\u00edt\u00e9si kengyelhajl\u00edt\u00f3 g\u00e9p, az \u00fajj\u00e1\u00e9p\u00edt\u00e9si \u00edvhajl\u00edt\u00f3 g\u00e9p, az \u00fajj\u00e1\u00e9p\u00edt\u00e9si egyenes\u00edt\u0151 g\u00e9p, az \u00f6tfej\u0171 \u00fajj\u00e1\u00e9p\u00edt\u00e9si kengyelhajl\u00edt\u00f3 g\u00e9p, a d\u00f6ng\u00f6l\u0151 rammer, a lemezkompaktor, a betonv\u00e1g\u00f3, a villanymotoros sim\u00edt\u00f3 \u00e9s m\u00e1s \u00e9p\u00edt\u0151ipari g\u00e9pek. Fejlett CNC-g\u00e9pekkel vagyunk felszerelve, \u00e9s szigor\u00fa min\u0151s\u00e9gellen\u0151rz\u00e9si szabv\u00e1nyokat \u00e9rv\u00e9nyes\u00edt\u00fcnk az \u00e1tfog\u00f3 \u00e9rt\u00e9kes\u00edt\u00e9s ut\u00e1ni szolg\u00e1ltat\u00e1ssal egy\u00fctt. Ha \u00e9rdeklik term\u00e9keink vagy szolg\u00e1ltat\u00e1saink, sz\u00edvesen fogadjuk \u00e9rdekl\u0151d\u00e9s\u00e9t \u00fczenetben.","publisher":{"@id":"https:\/\/www.hsymachinery.com\/#organization"},"potentialAction":[{"@type":"SearchAction","target":{"@type":"EntryPoint","urlTemplate":"https:\/\/www.hsymachinery.com\/?s={search_term_string}"},"query-input":{"@type":"PropertyValueSpecification","valueRequired":true,"valueName":"search_term_string"}}],"inLanguage":"hu"},{"@type":"Organization","@id":"https:\/\/www.hsymachinery.com\/#organization","name":"HSY \u00e9p\u00edt\u0151ipari g\u00e9pek","url":"https:\/\/www.hsymachinery.com\/","logo":{"@type":"ImageObject","inLanguage":"hu","@id":"https:\/\/www.hsymachinery.com\/#\/schema\/logo\/image\/","url":"https:\/\/www.hsymachinery.com\/wp-content\/uploads\/2025\/06\/cropped-HSY-machinery.png","contentUrl":"https:\/\/www.hsymachinery.com\/wp-content\/uploads\/2025\/06\/cropped-HSY-machinery.png","width":600,"height":240,"caption":"HSY Construction Machinery"},"image":{"@id":"https:\/\/www.hsymachinery.com\/#\/schema\/logo\/image\/"}}]}},"_links":{"self":[{"href":"https:\/\/www.hsymachinery.com\/hu\/wp-json\/wp\/v2\/product\/9085","targetHints":{"allow":["GET"]}}],"collection":[{"href":"https:\/\/www.hsymachinery.com\/hu\/wp-json\/wp\/v2\/product"}],"about":[{"href":"https:\/\/www.hsymachinery.com\/hu\/wp-json\/wp\/v2\/types\/product"}],"version-history":[{"count":3,"href":"https:\/\/www.hsymachinery.com\/hu\/wp-json\/wp\/v2\/product\/9085\/revisions"}],"predecessor-version":[{"id":9509,"href":"https:\/\/www.hsymachinery.com\/hu\/wp-json\/wp\/v2\/product\/9085\/revisions\/9509"}],"wp:featuredmedia":[{"embeddable":true,"href":"https:\/\/www.hsymachinery.com\/hu\/wp-json\/wp\/v2\/media\/9086"}],"wp:attachment":[{"href":"https:\/\/www.hsymachinery.com\/hu\/wp-json\/wp\/v2\/media?parent=9085"}],"wp:term":[{"taxonomy":"product_brand","embeddable":true,"href":"https:\/\/www.hsymachinery.com\/hu\/wp-json\/wp\/v2\/product_brand?post=9085"},{"taxonomy":"product_cat","embeddable":true,"href":"https:\/\/www.hsymachinery.com\/hu\/wp-json\/wp\/v2\/product_cat?post=9085"},{"taxonomy":"product_tag","embeddable":true,"href":"https:\/\/www.hsymachinery.com\/hu\/wp-json\/wp\/v2\/product_tag?post=9085"}],"curies":[{"name":"wp","href":"https:\/\/api.w.org\/{rel}","templated":true}]}}