{"id":9082,"date":"2025-06-18T16:28:16","date_gmt":"2025-06-18T08:28:16","guid":{"rendered":"https:\/\/www.hsymachinery.com\/?post_type=product&#038;p=9082"},"modified":"2025-06-28T15:36:07","modified_gmt":"2025-06-28T07:36:07","slug":"dongolo-kalapacs-ch-h110","status":"publish","type":"product","link":"https:\/\/www.hsymachinery.com\/hu\/termek\/dongolo-kalapacs-ch-h110\/","title":{"rendered":"CH-H110 d\u00f6ng\u00f6l\u0151 kos\u00e1r CH-H110"},"content":{"rendered":"<h2 data-start=\"99\" data-end=\"129\">CH-H110 d\u00f6ng\u00f6l\u0151 kos\u00e1r CH-H110<\/h2>\n<h3 data-start=\"130\" data-end=\"238\">CH-H110 Honda benzinmotoros t\u00f6m\u00f6r\u00edt\u0151 r\u00f6gt\u00f6nz\u0151 | Kompakt \u00e9s megb\u00edzhat\u00f3 talajt\u00f6m\u00f6r\u00edt\u0151 az ig\u00e9nyes v\u00e1rosi munkater\u00fcletekre<\/h3>\n<h3 data-start=\"245\" data-end=\"317\">Term\u00e9k\u00e1ttekint\u00e9s - Tart\u00f3ss\u00e1gra tervezve, a szakemberek \u00e1ltal megb\u00edzhat\u00f3an haszn\u00e1lhat\u00f3<a href=\"https:\/\/www.hsymachinery.com\/hu\/termekek\/dongolokalapacs\/\" target=\"_blank\" rel=\"noopener\"><img fetchpriority=\"high\" decoding=\"async\" class=\"wp-image-9083 alignright\" src=\"https:\/\/www.hsymachinery.com\/wp-content\/uploads\/2025\/06\/Tamping-Rammer-CH-H110-300x300.jpg\" alt=\"\" width=\"470\" height=\"470\" srcset=\"https:\/\/www.hsymachinery.com\/wp-content\/uploads\/2025\/06\/Tamping-Rammer-CH-H110-300x300.jpg 300w, https:\/\/www.hsymachinery.com\/wp-content\/uploads\/2025\/06\/Tamping-Rammer-CH-H110-150x150.jpg 150w, https:\/\/www.hsymachinery.com\/wp-content\/uploads\/2025\/06\/Tamping-Rammer-CH-H110-768x768.jpg 768w, https:\/\/www.hsymachinery.com\/wp-content\/uploads\/2025\/06\/Tamping-Rammer-CH-H110-600x600.jpg 600w, https:\/\/www.hsymachinery.com\/wp-content\/uploads\/2025\/06\/Tamping-Rammer-CH-H110-100x100.jpg 100w, https:\/\/www.hsymachinery.com\/wp-content\/uploads\/2025\/06\/Tamping-Rammer-CH-H110.jpg 800w\" sizes=\"(max-width: 470px) 100vw, 470px\" \/><\/a><\/h3>\n<p data-start=\"319\" data-end=\"672\">A <strong data-start=\"323\" data-end=\"349\">CH-H110 Tampon\u00e1l\u00f3 d\u00f6ng\u00f6l\u0151<\/strong> egyes\u00edti egy k\u00f6z\u00e9pkateg\u00f3ri\u00e1s kalap\u00e1csvet\u0151 kompakt m\u00e9ret\u00e9t a Honda GX160 n\u00e9gy\u00fctem\u0171 motor kiv\u00e9teles megb\u00edzhat\u00f3s\u00e1g\u00e1val. A v\u00e1rosi \u00e9p\u00edtkez\u00e9sekhez, \u00e1rokkarbantart\u00e1shoz, alapoz\u00e1s t\u00f6m\u00f6r\u00edt\u00e9s\u00e9hez \u00e9s j\u00e1rdafel\u00faj\u00edt\u00e1shoz tervezett modell egyenletes teljes\u00edtm\u00e9nyt ny\u00fajt sz\u0171k helyeken vagy napi haszn\u00e1lat\u00fa k\u00f6rnyezetben.<\/p>\n<p data-start=\"674\" data-end=\"846\">Stabil d\u00f6ng\u00f6l\u0151er\u0151t, csendes m\u0171k\u00f6d\u00e9si profilt \u00e9s hossz\u00fa motor\u00e9lettartamot biztos\u00edt, \u00edgy ide\u00e1lis eszk\u00f6z azon v\u00e1llalkoz\u00f3k sz\u00e1m\u00e1ra, akiknek egyszerre van sz\u00fcks\u00e9g\u00fck mobilit\u00e1sra \u00e9s teljes\u00edtm\u00e9nyre.<\/p>\n<h3 data-start=\"853\" data-end=\"904\">Sima indul\u00e1s, nagy hat\u00e1s \u00e9s k\u00f6nny\u0171 kezelhet\u0151s\u00e9g<\/h3>\n<p data-start=\"906\" data-end=\"1160\">A Honda GX160 motorral a CH-H110 k\u00f6nnyed\u00e9n indul, \u00e9s egyenletes fordulatsz\u00e1m-tartom\u00e1nyt tart fenn, ami egyenletes t\u00f6m\u00f6r\u00edt\u00e9st biztos\u00edt. Az \u00fct\u00e9scsillap\u00edt\u00f3 foganty\u00farendszer \u00e9s a meger\u0151s\u00edtett ac\u00e9l tapos\u00f3lemez minimaliz\u00e1lja a visszar\u00fag\u00e1st, mik\u00f6zben maximaliz\u00e1lja az egy csap\u00e1sra jut\u00f3 m\u00e9lys\u00e9get.<\/p>\n<p data-start=\"1162\" data-end=\"1288\">A g\u00e9pkezel\u0151k sz\u00e1m\u00e1ra el\u0151ny\u00f6s a cs\u00f6kkentett rezg\u00e9s \u00e9s a k\u00f6nny\u0171 man\u0151verezhet\u0151s\u00e9g, m\u00e9g hosszabb ideig tart\u00f3, durva vagy egyenetlen terepen v\u00e9gzett munka sor\u00e1n is.<\/p>\n<h3 data-start=\"1295\" data-end=\"1351\">Megb\u00edzhat\u00f3 v\u00e1rosi, lak\u00f3helyi \u00e9s t\u00e1voli feladatokhoz<\/h3>\n<p data-start=\"1353\" data-end=\"1632\">A CH-H110 keskeny v\u00e1z\u00e1nak \u00e9s kiegyens\u00falyozott s\u00faly\u00e1nak k\u00f6sz\u00f6nhet\u0151en a nagy forgalm\u00fa \u00e9s helysz\u0171k\u00f6s helysz\u00edneken is meg\u00e1llja a hely\u00e9t. Ak\u00e1r v\u00e1rosi j\u00e1rd\u00e1kon, sz\u0171k \u00e1rkokban vagy infrastrukt\u00fara-fejleszt\u00e9sekn\u00e9l v\u00e9gez t\u00f6m\u00f6r\u00edt\u00e9st, ez a modell egyenletes eredm\u00e9nyeket ny\u00fajt, mik\u00f6zben alacsony \u00fczemanyag-fogyaszt\u00e1st biztos\u00edt.<\/p>\n<p data-start=\"1634\" data-end=\"1730\">R\u00e1ad\u00e1sul a Honda-motor vil\u00e1gszerte elismert a megb\u00edzhat\u00f3s\u00e1g\u00e1r\u00f3l \u00e9s az alacsony karbantart\u00e1si ig\u00e9ny\u00e9r\u0151l.<\/p>\n<h3 data-start=\"1737\" data-end=\"1790\">A CH-H110 benzines \u00fctvecsapkod\u00f3 kalap\u00e1cs f\u0151 jellemz\u0151i<\/h3>\n<ul data-start=\"1792\" data-end=\"2096\">\n<li data-start=\"1792\" data-end=\"1852\">\n<p data-start=\"1794\" data-end=\"1852\">A Honda GX160 motor hossz\u00fa \u00e9lettartamot \u00e9s nagy hat\u00e9konys\u00e1got biztos\u00edt<\/p>\n<\/li>\n<li data-start=\"1853\" data-end=\"1921\">\n<p data-start=\"1855\" data-end=\"1921\">Ide\u00e1lis sz\u0171k \u00e1rkok, j\u00e1rd\u00e1k \u00e9s belt\u00e9ri\/k\u00fclt\u00e9ri projektekhez<\/p>\n<\/li>\n<li data-start=\"1922\" data-end=\"1981\">\n<p data-start=\"1924\" data-end=\"1981\">Kompakt, ergonomikus kialak\u00edt\u00e1s, cs\u00f6kkentett rezg\u00e9si rendszerrel<\/p>\n<\/li>\n<li data-start=\"1982\" data-end=\"2040\">\n<p data-start=\"1984\" data-end=\"2040\">Tart\u00f3s ac\u00e9l tapos\u00f3lemez a k\u00f6vetkezetes, m\u00e9ly \u00fct\u00e9s\u00e9rt<\/p>\n<\/li>\n<li data-start=\"2041\" data-end=\"2096\">\n<p data-start=\"2043\" data-end=\"2096\">T\u00f6k\u00e9letes professzion\u00e1lis \u00e9s \u00f6nkorm\u00e1nyzati alkalmaz\u00e1sokhoz<\/p>\n<\/li>\n<\/ul>","protected":false},"excerpt":{"rendered":"<p>A CH-H110 d\u00f6ng\u00f6l\u0151kalap\u00e1cs Honda GX160 motorral \u00e9s kompakt fel\u00e9p\u00edtm\u00e9nnyel rendelkezik a v\u00e1rosi \u00e1rkok, j\u00e1rd\u00e1k \u00e9s alap\u00edtv\u00e1nyok t\u00f6m\u00f6r\u00edt\u00e9s\u00e9hez. Er\u0151s, csendes \u00e9s rendk\u00edv\u00fcl megb\u00edzhat\u00f3.<\/p>","protected":false},"featured_media":9083,"template":"","meta":{"_kad_post_transparent":"default","_kad_post_title":"","_kad_post_layout":"default","_kad_post_sidebar_id":"","_kad_post_content_style":"default","_kad_post_vertical_padding":"default","_kad_post_feature":"","_kad_post_feature_position":"","_kad_post_header":false,"_kad_post_footer":false},"product_brand":[],"product_cat":[83],"product_tag":[1060,1057,1058,1059,1051,1052,1056,1053,1055,1054],"class_list":{"0":"post-9082","1":"product","2":"type-product","3":"status-publish","4":"has-post-thumbnail","6":"product_cat-tamping-rammer","7":"product_tag-backfill-compactor-machine","8":"product_tag-diesel-tamping-rammer","9":"product_tag-earth-tamping-machine","10":"product_tag-handheld-tamping-rammer","11":"product_tag-impact-rammer","12":"product_tag-jumping-jack-compactor","13":"product_tag-petrol-tamping-rammer","14":"product_tag-plate-tamping-rammer","15":"product_tag-soil-compaction-rammer","16":"product_tag-vibratory-tamping-rammer","18":"first","19":"instock","20":"shipping-taxable","21":"product-type-simple","22":"entry","23":"content-bg","24":"loop-entry"},"yoast_head":"<!-- This site is optimized with the Yoast SEO plugin v25.3.1 - https:\/\/yoast.com\/wordpress\/plugins\/seo\/ -->\n<title>Tamping Rammer CH-H110 - HSY Construction Machinery<\/title>\n<meta name=\"description\" content=\"CH-H110 Tamping Rammer runs on a Honda GX160 engine, offering strong soil compaction in compact spaces. Ideal for city jobsites, trenches, and pavement repairs.\" \/>\n<meta name=\"robots\" content=\"index, follow, max-snippet:-1, max-image-preview:large, max-video-preview:-1\" \/>\n<link rel=\"canonical\" href=\"https:\/\/www.hsymachinery.com\/hu\/termek\/dongolo-kalapacs-ch-h110\/\" \/>\n<meta property=\"og:locale\" content=\"hu_HU\" \/>\n<meta property=\"og:type\" content=\"article\" \/>\n<meta property=\"og:title\" content=\"Tamping Rammer CH-H110 - HSY Construction Machinery\" \/>\n<meta property=\"og:description\" content=\"CH-H110 Tamping Rammer runs on a Honda GX160 engine, offering strong soil compaction in compact spaces. Ideal for city jobsites, trenches, and pavement repairs.\" \/>\n<meta property=\"og:url\" content=\"https:\/\/www.hsymachinery.com\/hu\/termek\/dongolo-kalapacs-ch-h110\/\" \/>\n<meta property=\"og:site_name\" content=\"HSY Construction Machinery\" \/>\n<meta property=\"article:modified_time\" content=\"2025-06-28T07:36:07+00:00\" \/>\n<meta property=\"og:image\" content=\"https:\/\/www.hsymachinery.com\/wp-content\/uploads\/2025\/06\/Tamping-Rammer-CH-H110.jpg\" \/>\n\t<meta property=\"og:image:width\" content=\"800\" \/>\n\t<meta property=\"og:image:height\" content=\"800\" \/>\n\t<meta property=\"og:image:type\" content=\"image\/jpeg\" \/>\n<meta name=\"twitter:card\" content=\"summary_large_image\" \/>\n<meta name=\"twitter:label1\" content=\"Becs\u00fclt olvas\u00e1si id\u0151\" \/>\n\t<meta name=\"twitter:data1\" content=\"2 perc\" \/>\n<script type=\"application\/ld+json\" class=\"yoast-schema-graph\">{\"@context\":\"https:\/\/schema.org\",\"@graph\":[{\"@type\":\"WebPage\",\"@id\":\"https:\/\/www.hsymachinery.com\/product\/tamping-rammer-ch-h110\/\",\"url\":\"https:\/\/www.hsymachinery.com\/product\/tamping-rammer-ch-h110\/\",\"name\":\"Tamping Rammer CH-H110 - HSY Construction Machinery\",\"isPartOf\":{\"@id\":\"https:\/\/www.hsymachinery.com\/#website\"},\"primaryImageOfPage\":{\"@id\":\"https:\/\/www.hsymachinery.com\/product\/tamping-rammer-ch-h110\/#primaryimage\"},\"image\":{\"@id\":\"https:\/\/www.hsymachinery.com\/product\/tamping-rammer-ch-h110\/#primaryimage\"},\"thumbnailUrl\":\"https:\/\/www.hsymachinery.com\/wp-content\/uploads\/2025\/06\/Tamping-Rammer-CH-H110.jpg\",\"datePublished\":\"2025-06-18T08:28:16+00:00\",\"dateModified\":\"2025-06-28T07:36:07+00:00\",\"description\":\"CH-H110 Tamping Rammer runs on a Honda GX160 engine, offering strong soil compaction in compact spaces. Ideal for city jobsites, trenches, and pavement repairs.\",\"breadcrumb\":{\"@id\":\"https:\/\/www.hsymachinery.com\/product\/tamping-rammer-ch-h110\/#breadcrumb\"},\"inLanguage\":\"hu\",\"potentialAction\":[{\"@type\":\"ReadAction\",\"target\":[\"https:\/\/www.hsymachinery.com\/product\/tamping-rammer-ch-h110\/\"]}]},{\"@type\":\"ImageObject\",\"inLanguage\":\"hu\",\"@id\":\"https:\/\/www.hsymachinery.com\/product\/tamping-rammer-ch-h110\/#primaryimage\",\"url\":\"https:\/\/www.hsymachinery.com\/wp-content\/uploads\/2025\/06\/Tamping-Rammer-CH-H110.jpg\",\"contentUrl\":\"https:\/\/www.hsymachinery.com\/wp-content\/uploads\/2025\/06\/Tamping-Rammer-CH-H110.jpg\",\"width\":800,\"height\":800},{\"@type\":\"BreadcrumbList\",\"@id\":\"https:\/\/www.hsymachinery.com\/product\/tamping-rammer-ch-h110\/#breadcrumb\",\"itemListElement\":[{\"@type\":\"ListItem\",\"position\":1,\"name\":\"home\",\"item\":\"https:\/\/www.hsymachinery.com\/\"},{\"@type\":\"ListItem\",\"position\":2,\"name\":\"products\",\"item\":\"https:\/\/www.hsymachinery.com\/products\/\"},{\"@type\":\"ListItem\",\"position\":3,\"name\":\"Tamping Rammer CH-H110\"}]},{\"@type\":\"WebSite\",\"@id\":\"https:\/\/www.hsymachinery.com\/#website\",\"url\":\"https:\/\/www.hsymachinery.com\/\",\"name\":\"HSY Construction Machinery\",\"description\":\"HSY Machinery \u2013 A leading China construction machinery supplier, offering a wide range of light construction equipment. Our main products include Rebar Cutting Machine, Rebar Bending Machine, Rebar Stirrup Bending Machine, Rebar Arc Bending Machine, Rebar Straightening Machine, Five-Head Rebar Stirrup Bending Machine, Tamping Rammer, Plate Compactor, Concrete Cutter, Power Trowel, and other construction machinery. We are equipped with advanced CNC machines, and we enforce strict quality inspection standards along with comprehensive after-sales service. If you are interested in our products or services, we warmly welcome your inquiries via message.\",\"publisher\":{\"@id\":\"https:\/\/www.hsymachinery.com\/#organization\"},\"potentialAction\":[{\"@type\":\"SearchAction\",\"target\":{\"@type\":\"EntryPoint\",\"urlTemplate\":\"https:\/\/www.hsymachinery.com\/?s={search_term_string}\"},\"query-input\":{\"@type\":\"PropertyValueSpecification\",\"valueRequired\":true,\"valueName\":\"search_term_string\"}}],\"inLanguage\":\"hu\"},{\"@type\":\"Organization\",\"@id\":\"https:\/\/www.hsymachinery.com\/#organization\",\"name\":\"HSY Construction Machinery\",\"url\":\"https:\/\/www.hsymachinery.com\/\",\"logo\":{\"@type\":\"ImageObject\",\"inLanguage\":\"hu\",\"@id\":\"https:\/\/www.hsymachinery.com\/#\/schema\/logo\/image\/\",\"url\":\"https:\/\/www.hsymachinery.com\/wp-content\/uploads\/2025\/06\/cropped-HSY-machinery.png\",\"contentUrl\":\"https:\/\/www.hsymachinery.com\/wp-content\/uploads\/2025\/06\/cropped-HSY-machinery.png\",\"width\":600,\"height\":240,\"caption\":\"HSY Construction Machinery\"},\"image\":{\"@id\":\"https:\/\/www.hsymachinery.com\/#\/schema\/logo\/image\/\"}}]}<\/script>\n<!-- \/ Yoast SEO plugin. -->","yoast_head_json":{"title":"CH-H110 d\u00f6ng\u00f6l\u0151 d\u00f6ng\u00f6l\u0151 - HSY \u00c9p\u00edt\u0151ipari g\u00e9pek","description":"A CH-H110 t\u00f6m\u00f6r\u00edt\u0151 d\u00f6ng\u00f6l\u0151 egy Honda GX160 motorral m\u0171k\u00f6dik, amely er\u0151s talajt\u00f6m\u00f6r\u00edt\u00e9st biztos\u00edt kompakt helyeken. Ide\u00e1lis v\u00e1rosi \u00e9p\u00edtkez\u00e9sekhez, \u00e1rkokhoz \u00e9s j\u00e1rdajav\u00edt\u00e1sokhoz.","robots":{"index":"index","follow":"follow","max-snippet":"max-snippet:-1","max-image-preview":"max-image-preview:large","max-video-preview":"max-video-preview:-1"},"canonical":"https:\/\/www.hsymachinery.com\/hu\/termek\/dongolo-kalapacs-ch-h110\/","og_locale":"hu_HU","og_type":"article","og_title":"Tamping Rammer CH-H110 - HSY Construction Machinery","og_description":"CH-H110 Tamping Rammer runs on a Honda GX160 engine, offering strong soil compaction in compact spaces. Ideal for city jobsites, trenches, and pavement repairs.","og_url":"https:\/\/www.hsymachinery.com\/hu\/termek\/dongolo-kalapacs-ch-h110\/","og_site_name":"HSY Construction Machinery","article_modified_time":"2025-06-28T07:36:07+00:00","og_image":[{"width":800,"height":800,"url":"https:\/\/www.hsymachinery.com\/wp-content\/uploads\/2025\/06\/Tamping-Rammer-CH-H110.jpg","type":"image\/jpeg"}],"twitter_card":"summary_large_image","twitter_misc":{"Becs\u00fclt olvas\u00e1si id\u0151":"2 perc"},"schema":{"@context":"https:\/\/schema.org","@graph":[{"@type":"WebPage","@id":"https:\/\/www.hsymachinery.com\/product\/tamping-rammer-ch-h110\/","url":"https:\/\/www.hsymachinery.com\/product\/tamping-rammer-ch-h110\/","name":"CH-H110 d\u00f6ng\u00f6l\u0151 d\u00f6ng\u00f6l\u0151 - HSY \u00c9p\u00edt\u0151ipari g\u00e9pek","isPartOf":{"@id":"https:\/\/www.hsymachinery.com\/#website"},"primaryImageOfPage":{"@id":"https:\/\/www.hsymachinery.com\/product\/tamping-rammer-ch-h110\/#primaryimage"},"image":{"@id":"https:\/\/www.hsymachinery.com\/product\/tamping-rammer-ch-h110\/#primaryimage"},"thumbnailUrl":"https:\/\/www.hsymachinery.com\/wp-content\/uploads\/2025\/06\/Tamping-Rammer-CH-H110.jpg","datePublished":"2025-06-18T08:28:16+00:00","dateModified":"2025-06-28T07:36:07+00:00","description":"A CH-H110 t\u00f6m\u00f6r\u00edt\u0151 d\u00f6ng\u00f6l\u0151 egy Honda GX160 motorral m\u0171k\u00f6dik, amely er\u0151s talajt\u00f6m\u00f6r\u00edt\u00e9st biztos\u00edt kompakt helyeken. Ide\u00e1lis v\u00e1rosi \u00e9p\u00edtkez\u00e9sekhez, \u00e1rkokhoz \u00e9s j\u00e1rdajav\u00edt\u00e1sokhoz.","breadcrumb":{"@id":"https:\/\/www.hsymachinery.com\/product\/tamping-rammer-ch-h110\/#breadcrumb"},"inLanguage":"hu","potentialAction":[{"@type":"ReadAction","target":["https:\/\/www.hsymachinery.com\/product\/tamping-rammer-ch-h110\/"]}]},{"@type":"ImageObject","inLanguage":"hu","@id":"https:\/\/www.hsymachinery.com\/product\/tamping-rammer-ch-h110\/#primaryimage","url":"https:\/\/www.hsymachinery.com\/wp-content\/uploads\/2025\/06\/Tamping-Rammer-CH-H110.jpg","contentUrl":"https:\/\/www.hsymachinery.com\/wp-content\/uploads\/2025\/06\/Tamping-Rammer-CH-H110.jpg","width":800,"height":800},{"@type":"BreadcrumbList","@id":"https:\/\/www.hsymachinery.com\/product\/tamping-rammer-ch-h110\/#breadcrumb","itemListElement":[{"@type":"ListItem","position":1,"name":"home","item":"https:\/\/www.hsymachinery.com\/"},{"@type":"ListItem","position":2,"name":"products","item":"https:\/\/www.hsymachinery.com\/products\/"},{"@type":"ListItem","position":3,"name":"Tamping Rammer CH-H110"}]},{"@type":"WebSite","@id":"https:\/\/www.hsymachinery.com\/#website","url":"https:\/\/www.hsymachinery.com\/","name":"HSY \u00e9p\u00edt\u0151ipari g\u00e9pek","description":"HSY Machinery - K\u00edna vezet\u0151 \u00e9p\u00edt\u0151ipari g\u00e9pgy\u00e1rt\u00f3 v\u00e1llalata, amely k\u00f6nny\u0171 \u00e9p\u00edt\u0151ipari berendez\u00e9sek sz\u00e9les v\u00e1laszt\u00e9k\u00e1t k\u00edn\u00e1lja. F\u0151 term\u00e9keink k\u00f6z\u00e9 tartozik az \u00fajj\u00e1\u00e9p\u00edt\u00e9si v\u00e1g\u00f3g\u00e9p, az \u00fajj\u00e1\u00e9p\u00edt\u00e9si hajl\u00edt\u00f3g\u00e9p, az \u00fajj\u00e1\u00e9p\u00edt\u00e9si kengyelhajl\u00edt\u00f3 g\u00e9p, az \u00fajj\u00e1\u00e9p\u00edt\u00e9si \u00edvhajl\u00edt\u00f3 g\u00e9p, az \u00fajj\u00e1\u00e9p\u00edt\u00e9si egyenes\u00edt\u0151 g\u00e9p, az \u00f6tfej\u0171 \u00fajj\u00e1\u00e9p\u00edt\u00e9si kengyelhajl\u00edt\u00f3 g\u00e9p, a d\u00f6ng\u00f6l\u0151 rammer, a lemezkompaktor, a betonv\u00e1g\u00f3, a villanymotoros sim\u00edt\u00f3 \u00e9s m\u00e1s \u00e9p\u00edt\u0151ipari g\u00e9pek. Fejlett CNC-g\u00e9pekkel vagyunk felszerelve, \u00e9s szigor\u00fa min\u0151s\u00e9gellen\u0151rz\u00e9si szabv\u00e1nyokat \u00e9rv\u00e9nyes\u00edt\u00fcnk az \u00e1tfog\u00f3 \u00e9rt\u00e9kes\u00edt\u00e9s ut\u00e1ni szolg\u00e1ltat\u00e1ssal egy\u00fctt. Ha \u00e9rdeklik term\u00e9keink vagy szolg\u00e1ltat\u00e1saink, sz\u00edvesen fogadjuk \u00e9rdekl\u0151d\u00e9s\u00e9t \u00fczenetben.","publisher":{"@id":"https:\/\/www.hsymachinery.com\/#organization"},"potentialAction":[{"@type":"SearchAction","target":{"@type":"EntryPoint","urlTemplate":"https:\/\/www.hsymachinery.com\/?s={search_term_string}"},"query-input":{"@type":"PropertyValueSpecification","valueRequired":true,"valueName":"search_term_string"}}],"inLanguage":"hu"},{"@type":"Organization","@id":"https:\/\/www.hsymachinery.com\/#organization","name":"HSY \u00e9p\u00edt\u0151ipari g\u00e9pek","url":"https:\/\/www.hsymachinery.com\/","logo":{"@type":"ImageObject","inLanguage":"hu","@id":"https:\/\/www.hsymachinery.com\/#\/schema\/logo\/image\/","url":"https:\/\/www.hsymachinery.com\/wp-content\/uploads\/2025\/06\/cropped-HSY-machinery.png","contentUrl":"https:\/\/www.hsymachinery.com\/wp-content\/uploads\/2025\/06\/cropped-HSY-machinery.png","width":600,"height":240,"caption":"HSY Construction Machinery"},"image":{"@id":"https:\/\/www.hsymachinery.com\/#\/schema\/logo\/image\/"}}]}},"_links":{"self":[{"href":"https:\/\/www.hsymachinery.com\/hu\/wp-json\/wp\/v2\/product\/9082","targetHints":{"allow":["GET"]}}],"collection":[{"href":"https:\/\/www.hsymachinery.com\/hu\/wp-json\/wp\/v2\/product"}],"about":[{"href":"https:\/\/www.hsymachinery.com\/hu\/wp-json\/wp\/v2\/types\/product"}],"version-history":[{"count":3,"href":"https:\/\/www.hsymachinery.com\/hu\/wp-json\/wp\/v2\/product\/9082\/revisions"}],"predecessor-version":[{"id":9507,"href":"https:\/\/www.hsymachinery.com\/hu\/wp-json\/wp\/v2\/product\/9082\/revisions\/9507"}],"wp:featuredmedia":[{"embeddable":true,"href":"https:\/\/www.hsymachinery.com\/hu\/wp-json\/wp\/v2\/media\/9083"}],"wp:attachment":[{"href":"https:\/\/www.hsymachinery.com\/hu\/wp-json\/wp\/v2\/media?parent=9082"}],"wp:term":[{"taxonomy":"product_brand","embeddable":true,"href":"https:\/\/www.hsymachinery.com\/hu\/wp-json\/wp\/v2\/product_brand?post=9082"},{"taxonomy":"product_cat","embeddable":true,"href":"https:\/\/www.hsymachinery.com\/hu\/wp-json\/wp\/v2\/product_cat?post=9082"},{"taxonomy":"product_tag","embeddable":true,"href":"https:\/\/www.hsymachinery.com\/hu\/wp-json\/wp\/v2\/product_tag?post=9082"}],"curies":[{"name":"wp","href":"https:\/\/api.w.org\/{rel}","templated":true}]}}