{"id":9076,"date":"2025-06-18T16:25:13","date_gmt":"2025-06-18T08:25:13","guid":{"rendered":"https:\/\/www.hsymachinery.com\/?post_type=product&#038;p=9076"},"modified":"2025-06-28T15:27:47","modified_gmt":"2025-06-28T07:27:47","slug":"dongolo-kalapacs-ch-c100","status":"publish","type":"product","link":"https:\/\/www.hsymachinery.com\/hu\/termek\/dongolo-kalapacs-ch-c100\/","title":{"rendered":"CH-C100 d\u00f6ng\u00f6l\u0151 kos\u00e1r CH-C100"},"content":{"rendered":"<h2 data-start=\"124\" data-end=\"154\">CH-C100 d\u00f6ng\u00f6l\u0151 kos\u00e1r CH-C100<\/h2>\n<h3 data-start=\"155\" data-end=\"261\">CH-C100 d\u00edzel\u00fczem\u0171 d\u00f6ng\u00f6l\u0151 r\u00f6gt\u00f6nz\u0151 | Nagy teherb\u00edr\u00e1s\u00fa talajt\u00f6m\u00f6r\u00edt\u0151 robusztus \u00e9p\u00edt\u00e9si k\u00f6rnyezethez<\/h3>\n<h3 data-start=\"268\" data-end=\"352\">Term\u00e9k\u00e1ttekint\u00e9s - Nagy nyomat\u00e9k\u00fa d\u00edzel er\u0151 az ig\u00e9nyes t\u00f6m\u00f6r\u00edt\u00e9si projektekhez<img fetchpriority=\"high\" decoding=\"async\" class=\"wp-image-9077 alignright\" src=\"https:\/\/www.hsymachinery.com\/wp-content\/uploads\/2025\/06\/Tamping-Rammer-CH-C100-300x300.jpg\" alt=\"\" width=\"470\" height=\"470\" srcset=\"https:\/\/www.hsymachinery.com\/wp-content\/uploads\/2025\/06\/Tamping-Rammer-CH-C100-300x300.jpg 300w, https:\/\/www.hsymachinery.com\/wp-content\/uploads\/2025\/06\/Tamping-Rammer-CH-C100-150x150.jpg 150w, https:\/\/www.hsymachinery.com\/wp-content\/uploads\/2025\/06\/Tamping-Rammer-CH-C100-768x768.jpg 768w, https:\/\/www.hsymachinery.com\/wp-content\/uploads\/2025\/06\/Tamping-Rammer-CH-C100-600x600.jpg 600w, https:\/\/www.hsymachinery.com\/wp-content\/uploads\/2025\/06\/Tamping-Rammer-CH-C100-100x100.jpg 100w, https:\/\/www.hsymachinery.com\/wp-content\/uploads\/2025\/06\/Tamping-Rammer-CH-C100.jpg 800w\" sizes=\"(max-width: 470px) 100vw, 470px\" \/><\/h3>\n<p data-start=\"354\" data-end=\"697\">A <strong data-start=\"358\" data-end=\"384\">CH-C100 t\u00f6m\u00f6r\u00edt\u0151 kalap\u00e1cs<\/strong> robusztus d\u00edzelmotorral m\u0171k\u00f6dik, amely kiv\u00e9teles rammel\u0151er\u0151t \u00e9s nagy nyomat\u00e9kot biztos\u00edt m\u00e9g terhel\u00e9s alatt is. Kifejezetten t\u00e1voli \u00e9p\u00edtkez\u00e9seken, cs\u0151vezet\u00e9kek felt\u00f6lt\u00e9s\u00e9n\u00e9l, \u00fatalap-el\u0151k\u00e9sz\u00edt\u00e9sn\u00e9l \u00e9s alapoz\u00e1si munk\u00e1kn\u00e1l val\u00f3 haszn\u00e1latra tervezt\u00e9k, ahol az \u00fczemanyag-takar\u00e9koss\u00e1g \u00e9s a teljes\u00edtm\u00e9ny stabilit\u00e1sa kritikus fontoss\u00e1g\u00fa.<\/p>\n<p data-start=\"699\" data-end=\"858\">Ez a modell p\u00e1ratlan hat\u00e9konys\u00e1got k\u00edn\u00e1l a hossz\u00fa munkaciklusokhoz, \u00e9s j\u00f3l teljes\u00edt a nagy s\u0171r\u0171s\u00e9g\u0171 talajokban, p\u00e9ld\u00e1ul agyagban \u00e9s kavicsban, ahol a k\u00f6nnyebb kalap\u00e1csok nem tudnak megfelelni.<\/p>\n<h3 data-start=\"865\" data-end=\"918\">Robusztus teljes\u00edtm\u00e9ny, megb\u00edzhat\u00f3 d\u00edzel hajt\u00e1sl\u00e1nc<\/h3>\n<p data-start=\"920\" data-end=\"1209\">A CH-C100 \u00fczemanyag-takar\u00e9kos d\u00edzelmotorral felszerelve alacsonyabb \u00fczemeltet\u00e9si k\u00f6lts\u00e9geket \u00e9s hossz\u00fa t\u00e1von kiv\u00e1l\u00f3 tart\u00f3ss\u00e1got biztos\u00edt. Az ac\u00e9llal meger\u0151s\u00edtett d\u00f6ng\u00f6l\u0151cip\u0151, a robusztus v\u00e1z \u00e9s a t\u00f6bbl\u00e9pcs\u0151s leng\u00e9scsillap\u00edt\u00f3 rendszer er\u0151s t\u00f6m\u00f6r\u00edt\u00e9st biztos\u00edt, mik\u00f6zben minim\u00e1lisra cs\u00f6kkenti a kezel\u0151 f\u00e1radts\u00e1g\u00e1t.<\/p>\n<p data-start=\"1211\" data-end=\"1354\">Egyszer\u0171s\u00edtett mechanikai fel\u00e9p\u00edt\u00e9se lehet\u0151v\u00e9 teszi a k\u00f6nny\u0171 szervizel\u00e9st, \u00edgy ide\u00e1lis a korl\u00e1tozott t\u00e1maszhozz\u00e1f\u00e9r\u00e9ssel j\u00e1r\u00f3, kih\u00edv\u00e1st jelent\u0151 munkak\u00f6r\u00fclm\u00e9nyekhez.<\/p>\n<h3 data-start=\"1361\" data-end=\"1404\">Kem\u00e9ny munkater\u00fcleti k\u00f6rnyezetre tervezve<\/h3>\n<p data-start=\"1406\" data-end=\"1729\">D\u00edzelmotorj\u00e1nak k\u00f6sz\u00f6nhet\u0151en a CH-C100 kev\u00e9sb\u00e9 \u00e9rz\u00e9keny az \u00fczemanyag min\u0151s\u00e9g\u00e9re, \u00e9s megb\u00edzhat\u00f3an m\u0171k\u00f6dik poros, p\u00e1r\u00e1s vagy magasan fekv\u0151 k\u00f6rnyezetben is. Ez\u00e1ltal el\u0151ny\u00f6s v\u00e1laszt\u00e1s a fejl\u0151d\u0151 r\u00e9gi\u00f3kban, a b\u00e1ny\u00e1szati infrastrukt\u00far\u00e1ban vagy a v\u00e1ltoz\u00f3 \u00e1ram- \u00e9s \u00fczemanyagell\u00e1t\u00e1ssal rendelkez\u0151 t\u00e1voli ter\u00fcleteken dolgoz\u00f3 v\u00e1llalkoz\u00f3k sz\u00e1m\u00e1ra.<\/p>\n<p data-start=\"1731\" data-end=\"1859\">Stabilit\u00e1sa, hordozhat\u00f3s\u00e1ga \u00e9s egyenletes teljes\u00edtm\u00e9nye neh\u00e9z k\u00f6r\u00fclm\u00e9nyek k\u00f6z\u00f6tt is igazi munkaeszk\u00f6zz\u00e9 teszi b\u00e1rmely \u00e9p\u00edtkez\u00e9sen.<\/p>\n<h3 data-start=\"1866\" data-end=\"1917\">\u00a0A CH-C100 d\u00edzel d\u00f6mper f\u0151 jellemz\u0151i<\/h3>\n<ul data-start=\"1919\" data-end=\"2261\">\n<li data-start=\"1919\" data-end=\"1983\">\n<p data-start=\"1921\" data-end=\"1983\">D\u00edzel\u00fczem\u0171 motor a maxim\u00e1lis nyomat\u00e9k \u00e9s a hosszabb \u00fczemid\u0151 \u00e9rdek\u00e9ben<\/p>\n<\/li>\n<li data-start=\"1984\" data-end=\"2052\">\n<p data-start=\"1986\" data-end=\"2052\">Ide\u00e1lis agyag, kavics, \u00e1rokfelt\u00f6lt\u00e9s \u00e9s al\u00e9p\u00edtm\u00e9ny t\u00f6m\u00f6r\u00edt\u00e9s\u00e9hez.<\/p>\n<\/li>\n<li data-start=\"2053\" data-end=\"2119\">\n<p data-start=\"2055\" data-end=\"2119\">Robusztus kialak\u00edt\u00e1s rezg\u00e9scsillap\u00edt\u00f3 rendszerrel a felhaszn\u00e1l\u00f3i k\u00e9nyelem \u00e9rdek\u00e9ben<\/p>\n<\/li>\n<li data-start=\"2120\" data-end=\"2189\">\n<p data-start=\"2122\" data-end=\"2189\">\u00dczemanyag-takar\u00e9kos \u00e9s megb\u00edzhat\u00f3 t\u00e1voli vagy alacsony karbantart\u00e1si ig\u00e9ny\u0171 k\u00f6rnyezetekben<\/p>\n<\/li>\n<li data-start=\"2190\" data-end=\"2261\">\n<p data-start=\"2192\" data-end=\"2261\">A motor \u00e9s az alkatr\u00e9szek \u00fagy vannak kialak\u00edtva, hogy ellen\u00e1lljanak a kem\u00e9ny k\u00f6rnyezeti ig\u00e9nybev\u00e9telnek<\/p>\n<\/li>\n<\/ul>","protected":false},"excerpt":{"rendered":"<p>A CH-C100 d\u00edzelmotoros d\u00f6ng\u00f6l\u0151kalap\u00e1cs er\u0151teljes talajt\u00f6m\u00f6r\u00edt\u00e9st biztos\u00edt nagy nyomat\u00e9kkal \u00e9s \u00fczemanyag-hat\u00e9konys\u00e1ggal. A tart\u00f3s kialak\u00edt\u00e1s kem\u00e9ny k\u00f6rnyezetben \u00e9s s\u0171r\u0171 talajban is megbirk\u00f3zik.<\/p>","protected":false},"featured_media":9077,"template":"","meta":{"_kad_post_transparent":"default","_kad_post_title":"","_kad_post_layout":"default","_kad_post_sidebar_id":"","_kad_post_content_style":"default","_kad_post_vertical_padding":"default","_kad_post_feature":"","_kad_post_feature_position":"","_kad_post_header":false,"_kad_post_footer":false},"product_brand":[],"product_cat":[83],"product_tag":[1060,1057,1058,1059,1051,1052,1056,1053,1055,1054],"class_list":{"0":"post-9076","1":"product","2":"type-product","3":"status-publish","4":"has-post-thumbnail","6":"product_cat-tamping-rammer","7":"product_tag-backfill-compactor-machine","8":"product_tag-diesel-tamping-rammer","9":"product_tag-earth-tamping-machine","10":"product_tag-handheld-tamping-rammer","11":"product_tag-impact-rammer","12":"product_tag-jumping-jack-compactor","13":"product_tag-petrol-tamping-rammer","14":"product_tag-plate-tamping-rammer","15":"product_tag-soil-compaction-rammer","16":"product_tag-vibratory-tamping-rammer","18":"first","19":"instock","20":"shipping-taxable","21":"product-type-simple","22":"entry","23":"content-bg","24":"loop-entry"},"yoast_head":"<!-- This site is optimized with the Yoast SEO plugin v25.3.1 - https:\/\/yoast.com\/wordpress\/plugins\/seo\/ -->\n<title>Tamping Rammer CH-C100 - HSY Construction Machinery<\/title>\n<meta name=\"description\" content=\"CH-C100 Diesel Tamping Rammer provides high-impact compaction for heavy soils. Built for durability, remote job sites, and tough environmental conditions.\" \/>\n<meta name=\"robots\" content=\"index, follow, max-snippet:-1, max-image-preview:large, max-video-preview:-1\" \/>\n<link rel=\"canonical\" href=\"https:\/\/www.hsymachinery.com\/hu\/termek\/dongolo-kalapacs-ch-c100\/\" \/>\n<meta property=\"og:locale\" content=\"hu_HU\" \/>\n<meta property=\"og:type\" content=\"article\" \/>\n<meta property=\"og:title\" content=\"Tamping Rammer CH-C100 - HSY Construction Machinery\" \/>\n<meta property=\"og:description\" content=\"CH-C100 Diesel Tamping Rammer provides high-impact compaction for heavy soils. Built for durability, remote job sites, and tough environmental conditions.\" \/>\n<meta property=\"og:url\" content=\"https:\/\/www.hsymachinery.com\/hu\/termek\/dongolo-kalapacs-ch-c100\/\" \/>\n<meta property=\"og:site_name\" content=\"HSY Construction Machinery\" \/>\n<meta property=\"article:modified_time\" content=\"2025-06-28T07:27:47+00:00\" \/>\n<meta property=\"og:image\" content=\"https:\/\/www.hsymachinery.com\/wp-content\/uploads\/2025\/06\/Tamping-Rammer-CH-C100.jpg\" \/>\n\t<meta property=\"og:image:width\" content=\"800\" \/>\n\t<meta property=\"og:image:height\" content=\"800\" \/>\n\t<meta property=\"og:image:type\" content=\"image\/jpeg\" \/>\n<meta name=\"twitter:card\" content=\"summary_large_image\" \/>\n<meta name=\"twitter:label1\" content=\"Becs\u00fclt olvas\u00e1si id\u0151\" \/>\n\t<meta name=\"twitter:data1\" content=\"2 perc\" \/>\n<script type=\"application\/ld+json\" class=\"yoast-schema-graph\">{\"@context\":\"https:\/\/schema.org\",\"@graph\":[{\"@type\":\"WebPage\",\"@id\":\"https:\/\/www.hsymachinery.com\/product\/tamping-rammer-ch-c100\/\",\"url\":\"https:\/\/www.hsymachinery.com\/product\/tamping-rammer-ch-c100\/\",\"name\":\"Tamping Rammer CH-C100 - HSY Construction Machinery\",\"isPartOf\":{\"@id\":\"https:\/\/www.hsymachinery.com\/#website\"},\"primaryImageOfPage\":{\"@id\":\"https:\/\/www.hsymachinery.com\/product\/tamping-rammer-ch-c100\/#primaryimage\"},\"image\":{\"@id\":\"https:\/\/www.hsymachinery.com\/product\/tamping-rammer-ch-c100\/#primaryimage\"},\"thumbnailUrl\":\"https:\/\/www.hsymachinery.com\/wp-content\/uploads\/2025\/06\/Tamping-Rammer-CH-C100.jpg\",\"datePublished\":\"2025-06-18T08:25:13+00:00\",\"dateModified\":\"2025-06-28T07:27:47+00:00\",\"description\":\"CH-C100 Diesel Tamping Rammer provides high-impact compaction for heavy soils. Built for durability, remote job sites, and tough environmental conditions.\",\"breadcrumb\":{\"@id\":\"https:\/\/www.hsymachinery.com\/product\/tamping-rammer-ch-c100\/#breadcrumb\"},\"inLanguage\":\"hu\",\"potentialAction\":[{\"@type\":\"ReadAction\",\"target\":[\"https:\/\/www.hsymachinery.com\/product\/tamping-rammer-ch-c100\/\"]}]},{\"@type\":\"ImageObject\",\"inLanguage\":\"hu\",\"@id\":\"https:\/\/www.hsymachinery.com\/product\/tamping-rammer-ch-c100\/#primaryimage\",\"url\":\"https:\/\/www.hsymachinery.com\/wp-content\/uploads\/2025\/06\/Tamping-Rammer-CH-C100.jpg\",\"contentUrl\":\"https:\/\/www.hsymachinery.com\/wp-content\/uploads\/2025\/06\/Tamping-Rammer-CH-C100.jpg\",\"width\":800,\"height\":800},{\"@type\":\"BreadcrumbList\",\"@id\":\"https:\/\/www.hsymachinery.com\/product\/tamping-rammer-ch-c100\/#breadcrumb\",\"itemListElement\":[{\"@type\":\"ListItem\",\"position\":1,\"name\":\"home\",\"item\":\"https:\/\/www.hsymachinery.com\/\"},{\"@type\":\"ListItem\",\"position\":2,\"name\":\"products\",\"item\":\"https:\/\/www.hsymachinery.com\/products\/\"},{\"@type\":\"ListItem\",\"position\":3,\"name\":\"Tamping Rammer CH-C100\"}]},{\"@type\":\"WebSite\",\"@id\":\"https:\/\/www.hsymachinery.com\/#website\",\"url\":\"https:\/\/www.hsymachinery.com\/\",\"name\":\"HSY Construction Machinery\",\"description\":\"HSY Machinery \u2013 A leading China construction machinery supplier, offering a wide range of light construction equipment. Our main products include Rebar Cutting Machine, Rebar Bending Machine, Rebar Stirrup Bending Machine, Rebar Arc Bending Machine, Rebar Straightening Machine, Five-Head Rebar Stirrup Bending Machine, Tamping Rammer, Plate Compactor, Concrete Cutter, Power Trowel, and other construction machinery. We are equipped with advanced CNC machines, and we enforce strict quality inspection standards along with comprehensive after-sales service. If you are interested in our products or services, we warmly welcome your inquiries via message.\",\"publisher\":{\"@id\":\"https:\/\/www.hsymachinery.com\/#organization\"},\"potentialAction\":[{\"@type\":\"SearchAction\",\"target\":{\"@type\":\"EntryPoint\",\"urlTemplate\":\"https:\/\/www.hsymachinery.com\/?s={search_term_string}\"},\"query-input\":{\"@type\":\"PropertyValueSpecification\",\"valueRequired\":true,\"valueName\":\"search_term_string\"}}],\"inLanguage\":\"hu\"},{\"@type\":\"Organization\",\"@id\":\"https:\/\/www.hsymachinery.com\/#organization\",\"name\":\"HSY Construction Machinery\",\"url\":\"https:\/\/www.hsymachinery.com\/\",\"logo\":{\"@type\":\"ImageObject\",\"inLanguage\":\"hu\",\"@id\":\"https:\/\/www.hsymachinery.com\/#\/schema\/logo\/image\/\",\"url\":\"https:\/\/www.hsymachinery.com\/wp-content\/uploads\/2025\/06\/cropped-HSY-machinery.png\",\"contentUrl\":\"https:\/\/www.hsymachinery.com\/wp-content\/uploads\/2025\/06\/cropped-HSY-machinery.png\",\"width\":600,\"height\":240,\"caption\":\"HSY Construction Machinery\"},\"image\":{\"@id\":\"https:\/\/www.hsymachinery.com\/#\/schema\/logo\/image\/\"}}]}<\/script>\n<!-- \/ Yoast SEO plugin. -->","yoast_head_json":{"title":"CH-C100 d\u00f6ng\u00f6l\u0151 d\u00f6ng\u00f6l\u0151 - HSY \u00c9p\u00edt\u0151ipari g\u00e9pek","description":"A CH-C100 d\u00edzelmotoros d\u00f6ng\u00f6l\u0151 nagy erej\u0171 t\u00f6m\u00f6r\u00edt\u00e9st biztos\u00edt neh\u00e9z talajok eset\u00e9n. Tart\u00f3ss\u00e1gra, t\u00e1voli munkater\u00fcletekre \u00e9s kem\u00e9ny k\u00f6rnyezeti k\u00f6r\u00fclm\u00e9nyekre tervezt\u00e9k.","robots":{"index":"index","follow":"follow","max-snippet":"max-snippet:-1","max-image-preview":"max-image-preview:large","max-video-preview":"max-video-preview:-1"},"canonical":"https:\/\/www.hsymachinery.com\/hu\/termek\/dongolo-kalapacs-ch-c100\/","og_locale":"hu_HU","og_type":"article","og_title":"Tamping Rammer CH-C100 - HSY Construction Machinery","og_description":"CH-C100 Diesel Tamping Rammer provides high-impact compaction for heavy soils. Built for durability, remote job sites, and tough environmental conditions.","og_url":"https:\/\/www.hsymachinery.com\/hu\/termek\/dongolo-kalapacs-ch-c100\/","og_site_name":"HSY Construction Machinery","article_modified_time":"2025-06-28T07:27:47+00:00","og_image":[{"width":800,"height":800,"url":"https:\/\/www.hsymachinery.com\/wp-content\/uploads\/2025\/06\/Tamping-Rammer-CH-C100.jpg","type":"image\/jpeg"}],"twitter_card":"summary_large_image","twitter_misc":{"Becs\u00fclt olvas\u00e1si id\u0151":"2 perc"},"schema":{"@context":"https:\/\/schema.org","@graph":[{"@type":"WebPage","@id":"https:\/\/www.hsymachinery.com\/product\/tamping-rammer-ch-c100\/","url":"https:\/\/www.hsymachinery.com\/product\/tamping-rammer-ch-c100\/","name":"CH-C100 d\u00f6ng\u00f6l\u0151 d\u00f6ng\u00f6l\u0151 - HSY \u00c9p\u00edt\u0151ipari g\u00e9pek","isPartOf":{"@id":"https:\/\/www.hsymachinery.com\/#website"},"primaryImageOfPage":{"@id":"https:\/\/www.hsymachinery.com\/product\/tamping-rammer-ch-c100\/#primaryimage"},"image":{"@id":"https:\/\/www.hsymachinery.com\/product\/tamping-rammer-ch-c100\/#primaryimage"},"thumbnailUrl":"https:\/\/www.hsymachinery.com\/wp-content\/uploads\/2025\/06\/Tamping-Rammer-CH-C100.jpg","datePublished":"2025-06-18T08:25:13+00:00","dateModified":"2025-06-28T07:27:47+00:00","description":"A CH-C100 d\u00edzelmotoros d\u00f6ng\u00f6l\u0151 nagy erej\u0171 t\u00f6m\u00f6r\u00edt\u00e9st biztos\u00edt neh\u00e9z talajok eset\u00e9n. Tart\u00f3ss\u00e1gra, t\u00e1voli munkater\u00fcletekre \u00e9s kem\u00e9ny k\u00f6rnyezeti k\u00f6r\u00fclm\u00e9nyekre tervezt\u00e9k.","breadcrumb":{"@id":"https:\/\/www.hsymachinery.com\/product\/tamping-rammer-ch-c100\/#breadcrumb"},"inLanguage":"hu","potentialAction":[{"@type":"ReadAction","target":["https:\/\/www.hsymachinery.com\/product\/tamping-rammer-ch-c100\/"]}]},{"@type":"ImageObject","inLanguage":"hu","@id":"https:\/\/www.hsymachinery.com\/product\/tamping-rammer-ch-c100\/#primaryimage","url":"https:\/\/www.hsymachinery.com\/wp-content\/uploads\/2025\/06\/Tamping-Rammer-CH-C100.jpg","contentUrl":"https:\/\/www.hsymachinery.com\/wp-content\/uploads\/2025\/06\/Tamping-Rammer-CH-C100.jpg","width":800,"height":800},{"@type":"BreadcrumbList","@id":"https:\/\/www.hsymachinery.com\/product\/tamping-rammer-ch-c100\/#breadcrumb","itemListElement":[{"@type":"ListItem","position":1,"name":"home","item":"https:\/\/www.hsymachinery.com\/"},{"@type":"ListItem","position":2,"name":"products","item":"https:\/\/www.hsymachinery.com\/products\/"},{"@type":"ListItem","position":3,"name":"Tamping Rammer CH-C100"}]},{"@type":"WebSite","@id":"https:\/\/www.hsymachinery.com\/#website","url":"https:\/\/www.hsymachinery.com\/","name":"HSY \u00e9p\u00edt\u0151ipari g\u00e9pek","description":"HSY Machinery - K\u00edna vezet\u0151 \u00e9p\u00edt\u0151ipari g\u00e9pgy\u00e1rt\u00f3 v\u00e1llalata, amely k\u00f6nny\u0171 \u00e9p\u00edt\u0151ipari berendez\u00e9sek sz\u00e9les v\u00e1laszt\u00e9k\u00e1t k\u00edn\u00e1lja. F\u0151 term\u00e9keink k\u00f6z\u00e9 tartozik az \u00fajj\u00e1\u00e9p\u00edt\u00e9si v\u00e1g\u00f3g\u00e9p, az \u00fajj\u00e1\u00e9p\u00edt\u00e9si hajl\u00edt\u00f3g\u00e9p, az \u00fajj\u00e1\u00e9p\u00edt\u00e9si kengyelhajl\u00edt\u00f3 g\u00e9p, az \u00fajj\u00e1\u00e9p\u00edt\u00e9si \u00edvhajl\u00edt\u00f3 g\u00e9p, az \u00fajj\u00e1\u00e9p\u00edt\u00e9si egyenes\u00edt\u0151 g\u00e9p, az \u00f6tfej\u0171 \u00fajj\u00e1\u00e9p\u00edt\u00e9si kengyelhajl\u00edt\u00f3 g\u00e9p, a d\u00f6ng\u00f6l\u0151 rammer, a lemezkompaktor, a betonv\u00e1g\u00f3, a villanymotoros sim\u00edt\u00f3 \u00e9s m\u00e1s \u00e9p\u00edt\u0151ipari g\u00e9pek. Fejlett CNC-g\u00e9pekkel vagyunk felszerelve, \u00e9s szigor\u00fa min\u0151s\u00e9gellen\u0151rz\u00e9si szabv\u00e1nyokat \u00e9rv\u00e9nyes\u00edt\u00fcnk az \u00e1tfog\u00f3 \u00e9rt\u00e9kes\u00edt\u00e9s ut\u00e1ni szolg\u00e1ltat\u00e1ssal egy\u00fctt. Ha \u00e9rdeklik term\u00e9keink vagy szolg\u00e1ltat\u00e1saink, sz\u00edvesen fogadjuk \u00e9rdekl\u0151d\u00e9s\u00e9t \u00fczenetben.","publisher":{"@id":"https:\/\/www.hsymachinery.com\/#organization"},"potentialAction":[{"@type":"SearchAction","target":{"@type":"EntryPoint","urlTemplate":"https:\/\/www.hsymachinery.com\/?s={search_term_string}"},"query-input":{"@type":"PropertyValueSpecification","valueRequired":true,"valueName":"search_term_string"}}],"inLanguage":"hu"},{"@type":"Organization","@id":"https:\/\/www.hsymachinery.com\/#organization","name":"HSY \u00e9p\u00edt\u0151ipari g\u00e9pek","url":"https:\/\/www.hsymachinery.com\/","logo":{"@type":"ImageObject","inLanguage":"hu","@id":"https:\/\/www.hsymachinery.com\/#\/schema\/logo\/image\/","url":"https:\/\/www.hsymachinery.com\/wp-content\/uploads\/2025\/06\/cropped-HSY-machinery.png","contentUrl":"https:\/\/www.hsymachinery.com\/wp-content\/uploads\/2025\/06\/cropped-HSY-machinery.png","width":600,"height":240,"caption":"HSY Construction Machinery"},"image":{"@id":"https:\/\/www.hsymachinery.com\/#\/schema\/logo\/image\/"}}]}},"_links":{"self":[{"href":"https:\/\/www.hsymachinery.com\/hu\/wp-json\/wp\/v2\/product\/9076","targetHints":{"allow":["GET"]}}],"collection":[{"href":"https:\/\/www.hsymachinery.com\/hu\/wp-json\/wp\/v2\/product"}],"about":[{"href":"https:\/\/www.hsymachinery.com\/hu\/wp-json\/wp\/v2\/types\/product"}],"version-history":[{"count":3,"href":"https:\/\/www.hsymachinery.com\/hu\/wp-json\/wp\/v2\/product\/9076\/revisions"}],"predecessor-version":[{"id":9502,"href":"https:\/\/www.hsymachinery.com\/hu\/wp-json\/wp\/v2\/product\/9076\/revisions\/9502"}],"wp:featuredmedia":[{"embeddable":true,"href":"https:\/\/www.hsymachinery.com\/hu\/wp-json\/wp\/v2\/media\/9077"}],"wp:attachment":[{"href":"https:\/\/www.hsymachinery.com\/hu\/wp-json\/wp\/v2\/media?parent=9076"}],"wp:term":[{"taxonomy":"product_brand","embeddable":true,"href":"https:\/\/www.hsymachinery.com\/hu\/wp-json\/wp\/v2\/product_brand?post=9076"},{"taxonomy":"product_cat","embeddable":true,"href":"https:\/\/www.hsymachinery.com\/hu\/wp-json\/wp\/v2\/product_cat?post=9076"},{"taxonomy":"product_tag","embeddable":true,"href":"https:\/\/www.hsymachinery.com\/hu\/wp-json\/wp\/v2\/product_tag?post=9076"}],"curies":[{"name":"wp","href":"https:\/\/api.w.org\/{rel}","templated":true}]}}