{"id":9073,"date":"2025-06-18T16:23:56","date_gmt":"2025-06-18T08:23:56","guid":{"rendered":"https:\/\/www.hsymachinery.com\/?post_type=product&#038;p=9073"},"modified":"2025-06-28T15:24:41","modified_gmt":"2025-06-28T07:24:41","slug":"dongolo-kalapacs-ch-h100","status":"publish","type":"product","link":"https:\/\/www.hsymachinery.com\/hu\/termek\/dongolo-kalapacs-ch-h100\/","title":{"rendered":"CH-H100 t\u00f6m\u00f6r\u00edt\u0151 rammer"},"content":{"rendered":"<h2 data-start=\"115\" data-end=\"145\">CH-H100 t\u00f6m\u00f6r\u00edt\u0151 rammer<\/h2>\n<h3 data-start=\"146\" data-end=\"261\">CH-H100 Honda benzinmotoros t\u00f6m\u00f6r\u00edt\u0151 rammer | Megb\u00edzhat\u00f3 \u00e9s er\u0151s talajt\u00f6m\u00f6r\u00edt\u0151 professzion\u00e1lis \u00e9p\u00edt\u0151ipari munk\u00e1khoz<\/h3>\n<h3 data-start=\"268\" data-end=\"342\">Term\u00e9k \u00e1ttekint\u00e9s - Pr\u00e9mium t\u00f6m\u00f6r\u00edt\u00e9s a Honda motor megb\u00edzhat\u00f3s\u00e1g\u00e1val<a href=\"https:\/\/www.hsymachinery.com\/hu\/termekek\/dongolokalapacs\/\" target=\"_blank\" rel=\"noopener\"><img fetchpriority=\"high\" decoding=\"async\" class=\"wp-image-9074 alignright\" src=\"https:\/\/www.hsymachinery.com\/wp-content\/uploads\/2025\/06\/Tamping-Rammer-CH-H100-300x300.jpg\" alt=\"\" width=\"476\" height=\"476\" srcset=\"https:\/\/www.hsymachinery.com\/wp-content\/uploads\/2025\/06\/Tamping-Rammer-CH-H100-300x300.jpg 300w, https:\/\/www.hsymachinery.com\/wp-content\/uploads\/2025\/06\/Tamping-Rammer-CH-H100-150x150.jpg 150w, https:\/\/www.hsymachinery.com\/wp-content\/uploads\/2025\/06\/Tamping-Rammer-CH-H100-768x768.jpg 768w, https:\/\/www.hsymachinery.com\/wp-content\/uploads\/2025\/06\/Tamping-Rammer-CH-H100-600x600.jpg 600w, https:\/\/www.hsymachinery.com\/wp-content\/uploads\/2025\/06\/Tamping-Rammer-CH-H100-100x100.jpg 100w, https:\/\/www.hsymachinery.com\/wp-content\/uploads\/2025\/06\/Tamping-Rammer-CH-H100.jpg 800w\" sizes=\"(max-width: 476px) 100vw, 476px\" \/><\/a><\/h3>\n<p data-start=\"344\" data-end=\"644\">A <strong data-start=\"348\" data-end=\"374\">CH-H100 d\u00f6ng\u00f6l\u0151 kalap\u00e1cs<\/strong> a vil\u00e1gszerte megb\u00edzhat\u00f3 Honda GX160 benzinmotorral van felszerelve, amely stabil, nagy hat\u00e1s\u00fa t\u00f6m\u00f6r\u00edt\u00e9st biztos\u00edt a legk\u00fcl\u00f6nb\u00f6z\u0151bb talajt\u00edpusokon. Ez a modell az olyan v\u00e1llalkoz\u00f3k kedvence, akiknek fontos a motor megb\u00edzhat\u00f3s\u00e1ga, a k\u00f6nny\u0171 karbantart\u00e1s \u00e9s a hossz\u00fa \u00e9lettartam.<\/p>\n<p data-start=\"646\" data-end=\"808\">Kiv\u00e1l\u00f3an teljes\u00edt az \u00e1rok\u00e1s\u00e1s, az alapoz\u00e1si munk\u00e1k, az aszfaltoz\u00e1s \u00e9s a v\u00e1rosi \u00e9p\u00edtkez\u00e9sek sor\u00e1n, k\u00fcl\u00f6n\u00f6sen k\u00fclt\u00e9ri vagy f\u00e9lig t\u00e1voli k\u00f6rnyezetben.<\/p>\n<h3 data-start=\"815\" data-end=\"864\">Tart\u00f3ss\u00e1gra \u00e9s terepi teljes\u00edtm\u00e9nyre tervezve<\/h3>\n<p data-start=\"866\" data-end=\"1194\">A Honda GX160 motor k\u00f6nny\u0171 ind\u00edt\u00e1s\u00fa, alacsony \u00fczemanyag-fogyaszt\u00e1st \u00e9s er\u0151s nyomat\u00e9kot biztos\u00edt, \u00edgy a CH-H100 homokos \u00e9s k\u00f6t\u00f6ttebb talajokon egyar\u00e1nt haszn\u00e1lhat\u00f3. A g\u00e9p meger\u0151s\u00edtett \u00fct\u00e9scsillap\u00edt\u00f3 r\u00f6gz\u00edt\u00e9si rendszere minimaliz\u00e1lja a kezel\u0151 f\u00e1radts\u00e1g\u00e1t, m\u00edg a nagy szak\u00edt\u00f3szil\u00e1rds\u00e1g\u00fa ac\u00e9lb\u00f3l k\u00e9sz\u00fclt d\u00f6ng\u00f6l\u0151lemez hossz\u00fa t\u00e1v\u00fa tart\u00f3ss\u00e1got biztos\u00edt.<\/p>\n<p data-start=\"1196\" data-end=\"1291\">Kompakt v\u00e1za lehet\u0151v\u00e9 teszi a sz\u0171k helyekre val\u00f3 bejut\u00e1st an\u00e9lk\u00fcl, hogy a teljes\u00edtm\u00e9ny vagy a stabilit\u00e1s cs\u00f6kkenne.<\/p>\n<h3 data-start=\"1298\" data-end=\"1348\">Megb\u00edzhat\u00f3 az ig\u00e9nyes munkater\u00fcleti k\u00f6r\u00fclm\u00e9nyekhez<\/h3>\n<p data-start=\"1350\" data-end=\"1580\">A CH-H100 az \u00f6nkorm\u00e1nyzati jav\u00edt\u00e1sokt\u00f3l az infrastrukt\u00fara korszer\u0171s\u00edt\u00e9s\u00e9ig k\u00e9pes a folyamatos m\u0171k\u00f6d\u00e9sre a zord k\u00fclt\u00e9ri k\u00f6r\u00fclm\u00e9nyek k\u00f6z\u00f6tt is. A Honda glob\u00e1lis alkatr\u00e9sz-t\u00e1mogat\u00e1si h\u00e1l\u00f3zat\u00e1nak k\u00f6sz\u00f6nhet\u0151en a karbantart\u00e1s egyszer\u0171 \u00e9s a vil\u00e1g b\u00e1rmely pontj\u00e1n szervizelhet\u0151.<\/p>\n<p data-start=\"1582\" data-end=\"1702\">Ak\u00e1r sz\u0171k helyeken, ak\u00e1r hossz\u00fa \u00f3r\u00e1kon kereszt\u00fcl t\u00f6m\u00f6r\u00edt, ez a modell minden alkalommal professzion\u00e1lis min\u0151s\u00e9g\u0171 eredm\u00e9nyt ny\u00fajt.<\/p>\n<h3 data-start=\"1709\" data-end=\"1762\">A CH-H100 benzines \u00fctvecsapkod\u00f3 kalap\u00e1cs f\u0151 jellemz\u0151i<\/h3>\n<ul data-start=\"1764\" data-end=\"2081\">\n<li data-start=\"1764\" data-end=\"1817\">\n<p data-start=\"1766\" data-end=\"1817\">Honda GX160 4 \u00fctem\u0171 benzinmotorral hajtva<\/p>\n<\/li>\n<li data-start=\"1818\" data-end=\"1877\">\n<p data-start=\"1820\" data-end=\"1877\">Nagy \u00fct\u0151er\u0151 \u00fczemanyag-takar\u00e9kos, csendes m\u0171k\u00f6d\u00e9ssel<\/p>\n<\/li>\n<li data-start=\"1878\" data-end=\"1944\">\n<p data-start=\"1880\" data-end=\"1944\">Ide\u00e1lis \u00e1rkokhoz, alapoz\u00e1shoz, aszfaltjav\u00edt\u00e1shoz \u00e9s a helysz\u00edn el\u0151k\u00e9sz\u00edt\u00e9s\u00e9hez.<\/p>\n<\/li>\n<li data-start=\"1945\" data-end=\"2014\">\n<p data-start=\"1947\" data-end=\"2014\">Kiemelked\u0151 megb\u00edzhat\u00f3s\u00e1g \u00e9s hossz\u00fa \u00e9lettartam, glob\u00e1lis alkatr\u00e9sz-ell\u00e1totts\u00e1ggal<\/p>\n<\/li>\n<li data-start=\"2015\" data-end=\"2081\">\n<p data-start=\"2017\" data-end=\"2081\">Meger\u0151s\u00edtett ac\u00e9l alap \u00e9s ergonomikus rezg\u00e9scs\u00f6kkent\u0151 rendszer<\/p>\n<\/li>\n<\/ul>\n<p><iframe title=\"t\u00f6m\u00f6r\u00edt\u0151, d\u00f6ng\u00f6l\u0151 kalap\u00e1cs, d\u00f6ng\u00f6l\u0151, lemezes t\u00f6m\u00f6r\u00edt\u0151, \u00e9p\u00edt\u00e9si vibr\u00e1ci\u00f3, t\u00f6m\u00f6r\u00edt\u0151 machine.#tamping\" width=\"720\" height=\"540\" src=\"https:\/\/www.youtube.com\/embed\/j8Nod6Mcz9w?feature=oembed\" frameborder=\"0\" allow=\"accelerometer; autoplay; clipboard-write; encrypted-media; gyroscope; picture-in-picture; web-share\" referrerpolicy=\"strict-origin-when-cross-origin\" allowfullscreen><\/iframe><\/p>","protected":false},"excerpt":{"rendered":"<p>A CH-H100 d\u00f6ng\u00f6l\u0151kalap\u00e1cs Honda GX160 motorral dolgozik, amely er\u0151teljes \u00e9s egyenletes talajt\u00f6m\u00f6r\u00edt\u00e9st biztos\u00edt. Megb\u00edzhat\u00f3 teljes\u00edtm\u00e9ny az ig\u00e9nyes professzion\u00e1lis alkalmaz\u00e1sokhoz.<\/p>","protected":false},"featured_media":9074,"template":"","meta":{"_kad_post_transparent":"default","_kad_post_title":"","_kad_post_layout":"default","_kad_post_sidebar_id":"","_kad_post_content_style":"default","_kad_post_vertical_padding":"default","_kad_post_feature":"","_kad_post_feature_position":"","_kad_post_header":false,"_kad_post_footer":false},"product_brand":[],"product_cat":[83],"product_tag":[1060,1057,1058,1059,1051,1052,1056,1053,1055,1054],"class_list":{"0":"post-9073","1":"product","2":"type-product","3":"status-publish","4":"has-post-thumbnail","6":"product_cat-tamping-rammer","7":"product_tag-backfill-compactor-machine","8":"product_tag-diesel-tamping-rammer","9":"product_tag-earth-tamping-machine","10":"product_tag-handheld-tamping-rammer","11":"product_tag-impact-rammer","12":"product_tag-jumping-jack-compactor","13":"product_tag-petrol-tamping-rammer","14":"product_tag-plate-tamping-rammer","15":"product_tag-soil-compaction-rammer","16":"product_tag-vibratory-tamping-rammer","18":"first","19":"instock","20":"shipping-taxable","21":"product-type-simple","22":"entry","23":"content-bg","24":"loop-entry"},"yoast_head":"<!-- This site is optimized with the Yoast SEO plugin v25.3.1 - https:\/\/yoast.com\/wordpress\/plugins\/seo\/ -->\n<title>Tamping Rammer CH-H100 - HSY Construction Machinery<\/title>\n<meta name=\"description\" content=\"CH-H100 Honda Tamping Rammer offers high-performance compaction with a GX160 engine. Built for trench, road, and foundation work. Durable and globally serviceable.\" \/>\n<meta name=\"robots\" content=\"index, follow, max-snippet:-1, max-image-preview:large, max-video-preview:-1\" \/>\n<link rel=\"canonical\" href=\"https:\/\/www.hsymachinery.com\/hu\/termek\/dongolo-kalapacs-ch-h100\/\" \/>\n<meta property=\"og:locale\" content=\"hu_HU\" \/>\n<meta property=\"og:type\" content=\"article\" \/>\n<meta property=\"og:title\" content=\"Tamping Rammer CH-H100 - HSY Construction Machinery\" \/>\n<meta property=\"og:description\" content=\"CH-H100 Honda Tamping Rammer offers high-performance compaction with a GX160 engine. Built for trench, road, and foundation work. Durable and globally serviceable.\" \/>\n<meta property=\"og:url\" content=\"https:\/\/www.hsymachinery.com\/hu\/termek\/dongolo-kalapacs-ch-h100\/\" \/>\n<meta property=\"og:site_name\" content=\"HSY Construction Machinery\" \/>\n<meta property=\"article:modified_time\" content=\"2025-06-28T07:24:41+00:00\" \/>\n<meta property=\"og:image\" content=\"https:\/\/www.hsymachinery.com\/wp-content\/uploads\/2025\/06\/Tamping-Rammer-CH-H100.jpg\" \/>\n\t<meta property=\"og:image:width\" content=\"800\" \/>\n\t<meta property=\"og:image:height\" content=\"800\" \/>\n\t<meta property=\"og:image:type\" content=\"image\/jpeg\" \/>\n<meta name=\"twitter:card\" content=\"summary_large_image\" \/>\n<meta name=\"twitter:label1\" content=\"Becs\u00fclt olvas\u00e1si id\u0151\" \/>\n\t<meta name=\"twitter:data1\" content=\"2 perc\" \/>\n<script type=\"application\/ld+json\" class=\"yoast-schema-graph\">{\"@context\":\"https:\/\/schema.org\",\"@graph\":[{\"@type\":\"WebPage\",\"@id\":\"https:\/\/www.hsymachinery.com\/product\/tamping-rammer-ch-h100\/\",\"url\":\"https:\/\/www.hsymachinery.com\/product\/tamping-rammer-ch-h100\/\",\"name\":\"Tamping Rammer CH-H100 - HSY Construction Machinery\",\"isPartOf\":{\"@id\":\"https:\/\/www.hsymachinery.com\/#website\"},\"primaryImageOfPage\":{\"@id\":\"https:\/\/www.hsymachinery.com\/product\/tamping-rammer-ch-h100\/#primaryimage\"},\"image\":{\"@id\":\"https:\/\/www.hsymachinery.com\/product\/tamping-rammer-ch-h100\/#primaryimage\"},\"thumbnailUrl\":\"https:\/\/www.hsymachinery.com\/wp-content\/uploads\/2025\/06\/Tamping-Rammer-CH-H100.jpg\",\"datePublished\":\"2025-06-18T08:23:56+00:00\",\"dateModified\":\"2025-06-28T07:24:41+00:00\",\"description\":\"CH-H100 Honda Tamping Rammer offers high-performance compaction with a GX160 engine. Built for trench, road, and foundation work. Durable and globally serviceable.\",\"breadcrumb\":{\"@id\":\"https:\/\/www.hsymachinery.com\/product\/tamping-rammer-ch-h100\/#breadcrumb\"},\"inLanguage\":\"hu\",\"potentialAction\":[{\"@type\":\"ReadAction\",\"target\":[\"https:\/\/www.hsymachinery.com\/product\/tamping-rammer-ch-h100\/\"]}]},{\"@type\":\"ImageObject\",\"inLanguage\":\"hu\",\"@id\":\"https:\/\/www.hsymachinery.com\/product\/tamping-rammer-ch-h100\/#primaryimage\",\"url\":\"https:\/\/www.hsymachinery.com\/wp-content\/uploads\/2025\/06\/Tamping-Rammer-CH-H100.jpg\",\"contentUrl\":\"https:\/\/www.hsymachinery.com\/wp-content\/uploads\/2025\/06\/Tamping-Rammer-CH-H100.jpg\",\"width\":800,\"height\":800},{\"@type\":\"BreadcrumbList\",\"@id\":\"https:\/\/www.hsymachinery.com\/product\/tamping-rammer-ch-h100\/#breadcrumb\",\"itemListElement\":[{\"@type\":\"ListItem\",\"position\":1,\"name\":\"home\",\"item\":\"https:\/\/www.hsymachinery.com\/\"},{\"@type\":\"ListItem\",\"position\":2,\"name\":\"products\",\"item\":\"https:\/\/www.hsymachinery.com\/products\/\"},{\"@type\":\"ListItem\",\"position\":3,\"name\":\"Tamping Rammer CH-H100\"}]},{\"@type\":\"WebSite\",\"@id\":\"https:\/\/www.hsymachinery.com\/#website\",\"url\":\"https:\/\/www.hsymachinery.com\/\",\"name\":\"HSY Construction Machinery\",\"description\":\"HSY Machinery \u2013 A leading China construction machinery supplier, offering a wide range of light construction equipment. Our main products include Rebar Cutting Machine, Rebar Bending Machine, Rebar Stirrup Bending Machine, Rebar Arc Bending Machine, Rebar Straightening Machine, Five-Head Rebar Stirrup Bending Machine, Tamping Rammer, Plate Compactor, Concrete Cutter, Power Trowel, and other construction machinery. We are equipped with advanced CNC machines, and we enforce strict quality inspection standards along with comprehensive after-sales service. If you are interested in our products or services, we warmly welcome your inquiries via message.\",\"publisher\":{\"@id\":\"https:\/\/www.hsymachinery.com\/#organization\"},\"potentialAction\":[{\"@type\":\"SearchAction\",\"target\":{\"@type\":\"EntryPoint\",\"urlTemplate\":\"https:\/\/www.hsymachinery.com\/?s={search_term_string}\"},\"query-input\":{\"@type\":\"PropertyValueSpecification\",\"valueRequired\":true,\"valueName\":\"search_term_string\"}}],\"inLanguage\":\"hu\"},{\"@type\":\"Organization\",\"@id\":\"https:\/\/www.hsymachinery.com\/#organization\",\"name\":\"HSY Construction Machinery\",\"url\":\"https:\/\/www.hsymachinery.com\/\",\"logo\":{\"@type\":\"ImageObject\",\"inLanguage\":\"hu\",\"@id\":\"https:\/\/www.hsymachinery.com\/#\/schema\/logo\/image\/\",\"url\":\"https:\/\/www.hsymachinery.com\/wp-content\/uploads\/2025\/06\/cropped-HSY-machinery.png\",\"contentUrl\":\"https:\/\/www.hsymachinery.com\/wp-content\/uploads\/2025\/06\/cropped-HSY-machinery.png\",\"width\":600,\"height\":240,\"caption\":\"HSY Construction Machinery\"},\"image\":{\"@id\":\"https:\/\/www.hsymachinery.com\/#\/schema\/logo\/image\/\"}}]}<\/script>\n<!-- \/ Yoast SEO plugin. -->","yoast_head_json":{"title":"CH-H100 d\u00f6ng\u00f6l\u0151 d\u00f6ng\u00f6l\u0151 - HSY \u00c9p\u00edt\u0151ipari g\u00e9pek","description":"A CH-H100 Honda t\u00f6m\u00f6r\u00edt\u0151 d\u00f6ng\u00f6l\u0151 nagy teljes\u00edtm\u00e9ny\u0171 t\u00f6m\u00f6r\u00edt\u00e9st k\u00edn\u00e1l a GX160-as motorral. \u00c1rok-, \u00fat- \u00e9s alapoz\u00e1si munk\u00e1khoz k\u00e9sz\u00fclt. Tart\u00f3s \u00e9s glob\u00e1lisan szervizelhet\u0151.","robots":{"index":"index","follow":"follow","max-snippet":"max-snippet:-1","max-image-preview":"max-image-preview:large","max-video-preview":"max-video-preview:-1"},"canonical":"https:\/\/www.hsymachinery.com\/hu\/termek\/dongolo-kalapacs-ch-h100\/","og_locale":"hu_HU","og_type":"article","og_title":"Tamping Rammer CH-H100 - HSY Construction Machinery","og_description":"CH-H100 Honda Tamping Rammer offers high-performance compaction with a GX160 engine. Built for trench, road, and foundation work. Durable and globally serviceable.","og_url":"https:\/\/www.hsymachinery.com\/hu\/termek\/dongolo-kalapacs-ch-h100\/","og_site_name":"HSY Construction Machinery","article_modified_time":"2025-06-28T07:24:41+00:00","og_image":[{"width":800,"height":800,"url":"https:\/\/www.hsymachinery.com\/wp-content\/uploads\/2025\/06\/Tamping-Rammer-CH-H100.jpg","type":"image\/jpeg"}],"twitter_card":"summary_large_image","twitter_misc":{"Becs\u00fclt olvas\u00e1si id\u0151":"2 perc"},"schema":{"@context":"https:\/\/schema.org","@graph":[{"@type":"WebPage","@id":"https:\/\/www.hsymachinery.com\/product\/tamping-rammer-ch-h100\/","url":"https:\/\/www.hsymachinery.com\/product\/tamping-rammer-ch-h100\/","name":"CH-H100 d\u00f6ng\u00f6l\u0151 d\u00f6ng\u00f6l\u0151 - HSY \u00c9p\u00edt\u0151ipari g\u00e9pek","isPartOf":{"@id":"https:\/\/www.hsymachinery.com\/#website"},"primaryImageOfPage":{"@id":"https:\/\/www.hsymachinery.com\/product\/tamping-rammer-ch-h100\/#primaryimage"},"image":{"@id":"https:\/\/www.hsymachinery.com\/product\/tamping-rammer-ch-h100\/#primaryimage"},"thumbnailUrl":"https:\/\/www.hsymachinery.com\/wp-content\/uploads\/2025\/06\/Tamping-Rammer-CH-H100.jpg","datePublished":"2025-06-18T08:23:56+00:00","dateModified":"2025-06-28T07:24:41+00:00","description":"A CH-H100 Honda t\u00f6m\u00f6r\u00edt\u0151 d\u00f6ng\u00f6l\u0151 nagy teljes\u00edtm\u00e9ny\u0171 t\u00f6m\u00f6r\u00edt\u00e9st k\u00edn\u00e1l a GX160-as motorral. \u00c1rok-, \u00fat- \u00e9s alapoz\u00e1si munk\u00e1khoz k\u00e9sz\u00fclt. Tart\u00f3s \u00e9s glob\u00e1lisan szervizelhet\u0151.","breadcrumb":{"@id":"https:\/\/www.hsymachinery.com\/product\/tamping-rammer-ch-h100\/#breadcrumb"},"inLanguage":"hu","potentialAction":[{"@type":"ReadAction","target":["https:\/\/www.hsymachinery.com\/product\/tamping-rammer-ch-h100\/"]}]},{"@type":"ImageObject","inLanguage":"hu","@id":"https:\/\/www.hsymachinery.com\/product\/tamping-rammer-ch-h100\/#primaryimage","url":"https:\/\/www.hsymachinery.com\/wp-content\/uploads\/2025\/06\/Tamping-Rammer-CH-H100.jpg","contentUrl":"https:\/\/www.hsymachinery.com\/wp-content\/uploads\/2025\/06\/Tamping-Rammer-CH-H100.jpg","width":800,"height":800},{"@type":"BreadcrumbList","@id":"https:\/\/www.hsymachinery.com\/product\/tamping-rammer-ch-h100\/#breadcrumb","itemListElement":[{"@type":"ListItem","position":1,"name":"home","item":"https:\/\/www.hsymachinery.com\/"},{"@type":"ListItem","position":2,"name":"products","item":"https:\/\/www.hsymachinery.com\/products\/"},{"@type":"ListItem","position":3,"name":"Tamping Rammer CH-H100"}]},{"@type":"WebSite","@id":"https:\/\/www.hsymachinery.com\/#website","url":"https:\/\/www.hsymachinery.com\/","name":"HSY \u00e9p\u00edt\u0151ipari g\u00e9pek","description":"HSY Machinery - K\u00edna vezet\u0151 \u00e9p\u00edt\u0151ipari g\u00e9pgy\u00e1rt\u00f3 v\u00e1llalata, amely k\u00f6nny\u0171 \u00e9p\u00edt\u0151ipari berendez\u00e9sek sz\u00e9les v\u00e1laszt\u00e9k\u00e1t k\u00edn\u00e1lja. F\u0151 term\u00e9keink k\u00f6z\u00e9 tartozik az \u00fajj\u00e1\u00e9p\u00edt\u00e9si v\u00e1g\u00f3g\u00e9p, az \u00fajj\u00e1\u00e9p\u00edt\u00e9si hajl\u00edt\u00f3g\u00e9p, az \u00fajj\u00e1\u00e9p\u00edt\u00e9si kengyelhajl\u00edt\u00f3 g\u00e9p, az \u00fajj\u00e1\u00e9p\u00edt\u00e9si \u00edvhajl\u00edt\u00f3 g\u00e9p, az \u00fajj\u00e1\u00e9p\u00edt\u00e9si egyenes\u00edt\u0151 g\u00e9p, az \u00f6tfej\u0171 \u00fajj\u00e1\u00e9p\u00edt\u00e9si kengyelhajl\u00edt\u00f3 g\u00e9p, a d\u00f6ng\u00f6l\u0151 rammer, a lemezkompaktor, a betonv\u00e1g\u00f3, a villanymotoros sim\u00edt\u00f3 \u00e9s m\u00e1s \u00e9p\u00edt\u0151ipari g\u00e9pek. Fejlett CNC-g\u00e9pekkel vagyunk felszerelve, \u00e9s szigor\u00fa min\u0151s\u00e9gellen\u0151rz\u00e9si szabv\u00e1nyokat \u00e9rv\u00e9nyes\u00edt\u00fcnk az \u00e1tfog\u00f3 \u00e9rt\u00e9kes\u00edt\u00e9s ut\u00e1ni szolg\u00e1ltat\u00e1ssal egy\u00fctt. Ha \u00e9rdeklik term\u00e9keink vagy szolg\u00e1ltat\u00e1saink, sz\u00edvesen fogadjuk \u00e9rdekl\u0151d\u00e9s\u00e9t \u00fczenetben.","publisher":{"@id":"https:\/\/www.hsymachinery.com\/#organization"},"potentialAction":[{"@type":"SearchAction","target":{"@type":"EntryPoint","urlTemplate":"https:\/\/www.hsymachinery.com\/?s={search_term_string}"},"query-input":{"@type":"PropertyValueSpecification","valueRequired":true,"valueName":"search_term_string"}}],"inLanguage":"hu"},{"@type":"Organization","@id":"https:\/\/www.hsymachinery.com\/#organization","name":"HSY \u00e9p\u00edt\u0151ipari g\u00e9pek","url":"https:\/\/www.hsymachinery.com\/","logo":{"@type":"ImageObject","inLanguage":"hu","@id":"https:\/\/www.hsymachinery.com\/#\/schema\/logo\/image\/","url":"https:\/\/www.hsymachinery.com\/wp-content\/uploads\/2025\/06\/cropped-HSY-machinery.png","contentUrl":"https:\/\/www.hsymachinery.com\/wp-content\/uploads\/2025\/06\/cropped-HSY-machinery.png","width":600,"height":240,"caption":"HSY Construction Machinery"},"image":{"@id":"https:\/\/www.hsymachinery.com\/#\/schema\/logo\/image\/"}}]}},"_links":{"self":[{"href":"https:\/\/www.hsymachinery.com\/hu\/wp-json\/wp\/v2\/product\/9073","targetHints":{"allow":["GET"]}}],"collection":[{"href":"https:\/\/www.hsymachinery.com\/hu\/wp-json\/wp\/v2\/product"}],"about":[{"href":"https:\/\/www.hsymachinery.com\/hu\/wp-json\/wp\/v2\/types\/product"}],"version-history":[{"count":4,"href":"https:\/\/www.hsymachinery.com\/hu\/wp-json\/wp\/v2\/product\/9073\/revisions"}],"predecessor-version":[{"id":9500,"href":"https:\/\/www.hsymachinery.com\/hu\/wp-json\/wp\/v2\/product\/9073\/revisions\/9500"}],"wp:featuredmedia":[{"embeddable":true,"href":"https:\/\/www.hsymachinery.com\/hu\/wp-json\/wp\/v2\/media\/9074"}],"wp:attachment":[{"href":"https:\/\/www.hsymachinery.com\/hu\/wp-json\/wp\/v2\/media?parent=9073"}],"wp:term":[{"taxonomy":"product_brand","embeddable":true,"href":"https:\/\/www.hsymachinery.com\/hu\/wp-json\/wp\/v2\/product_brand?post=9073"},{"taxonomy":"product_cat","embeddable":true,"href":"https:\/\/www.hsymachinery.com\/hu\/wp-json\/wp\/v2\/product_cat?post=9073"},{"taxonomy":"product_tag","embeddable":true,"href":"https:\/\/www.hsymachinery.com\/hu\/wp-json\/wp\/v2\/product_tag?post=9073"}],"curies":[{"name":"wp","href":"https:\/\/api.w.org\/{rel}","templated":true}]}}