{"id":9070,"date":"2025-06-18T16:21:44","date_gmt":"2025-06-18T08:21:44","guid":{"rendered":"https:\/\/www.hsymachinery.com\/?post_type=product&#038;p=9070"},"modified":"2025-06-28T15:15:50","modified_gmt":"2025-06-28T07:15:50","slug":"dongolo-kalapacs-ch-l100","status":"publish","type":"product","link":"https:\/\/www.hsymachinery.com\/hu\/termek\/dongolo-kalapacs-ch-l100\/","title":{"rendered":"CH-L100 d\u00f6ng\u00f6l\u0151 kos\u00e1r CH-L100"},"content":{"rendered":"<h3 data-start=\"148\" data-end=\"250\">CH-L100 Loncin benzinmotoros t\u00f6m\u00f6r\u00edt\u0151 rammer | Robusztus \u00e9s hordozhat\u00f3 talajt\u00f6m\u00f6r\u00edt\u0151 az \u00e9p\u00edtkez\u00e9sekhez<\/h3>\n<h3 data-start=\"257\" data-end=\"333\">Term\u00e9k\u00e1ttekint\u00e9s - Kompakt benzinmotoros \u00fct\u0151g\u00e9p a mindennapi munkater\u00fcleti ig\u00e9nyekhez<a href=\"https:\/\/www.hsymachinery.com\/hu\/termekek\/dongolokalapacs\/\" target=\"_blank\" rel=\"noopener\"><img fetchpriority=\"high\" decoding=\"async\" class=\"wp-image-9071 alignright\" src=\"https:\/\/www.hsymachinery.com\/wp-content\/uploads\/2025\/06\/Tamping-Rammer-CH-L100-300x300.jpg\" alt=\"\" width=\"470\" height=\"470\" srcset=\"https:\/\/www.hsymachinery.com\/wp-content\/uploads\/2025\/06\/Tamping-Rammer-CH-L100-300x300.jpg 300w, https:\/\/www.hsymachinery.com\/wp-content\/uploads\/2025\/06\/Tamping-Rammer-CH-L100-150x150.jpg 150w, https:\/\/www.hsymachinery.com\/wp-content\/uploads\/2025\/06\/Tamping-Rammer-CH-L100-768x768.jpg 768w, https:\/\/www.hsymachinery.com\/wp-content\/uploads\/2025\/06\/Tamping-Rammer-CH-L100-600x600.jpg 600w, https:\/\/www.hsymachinery.com\/wp-content\/uploads\/2025\/06\/Tamping-Rammer-CH-L100-100x100.jpg 100w, https:\/\/www.hsymachinery.com\/wp-content\/uploads\/2025\/06\/Tamping-Rammer-CH-L100.jpg 800w\" sizes=\"(max-width: 470px) 100vw, 470px\" \/><\/a><\/h3>\n<p data-start=\"335\" data-end=\"674\">A <strong data-start=\"339\" data-end=\"365\">CH-L100 d\u00f6ng\u00f6l\u0151 kalap\u00e1cs<\/strong> megb\u00edzhat\u00f3 Loncin 4 \u00fctem\u0171 benzinmotor hajtja, amely er\u0151s t\u00f6m\u00f6r\u00edt\u0151er\u0151t \u00e9s kiv\u00e1l\u00f3 hordozhat\u00f3s\u00e1got biztos\u00edt. A kis \u00e9s k\u00f6zepes \u00e9p\u00edt\u00e9si projektekhez tervezett modell ide\u00e1lis \u00e1rokmunk\u00e1khoz, alapoz\u00e1s-el\u0151k\u00e9sz\u00edt\u00e9shez \u00e9s \u00fatfoltoz\u00e1shoz, k\u00fcl\u00f6n\u00f6sen az elektromos hozz\u00e1f\u00e9r\u00e9ssel nem rendelkez\u0151 ter\u00fcleteken.<\/p>\n<p data-start=\"676\" data-end=\"816\">K\u00f6nny\u0171 v\u00e1za \u00e9s kiegyens\u00falyozott t\u00f6m\u00f6r\u00edt\u0151 rendszere miatt k\u00f6nnyen kezelhet\u0151, ugyanakkor elegend\u0151 er\u0151t biztos\u00edt az agyag, a talaj vagy a homok t\u00f6m\u00f6r\u00edt\u00e9s\u00e9hez.<\/p>\n<h3 data-start=\"823\" data-end=\"878\">\u00dczemanyag-takar\u00e9kos teljes\u00edtm\u00e9ny egyszer\u0171 m\u0171k\u00f6dtet\u00e9ssel<\/h3>\n<p data-start=\"880\" data-end=\"1107\">L\u00e9gh\u0171t\u00e9ses Loncin motorj\u00e1nak k\u00f6sz\u00f6nhet\u0151en a CH-L100 gyorsan indul \u00e9s egyenletesen m\u0171k\u00f6dik, m\u00e9g poros vagy nedves k\u00f6r\u00fclm\u00e9nyek k\u00f6z\u00f6tt is. \u00d3r\u00e1nk\u00e9nt minim\u00e1lis \u00fczemanyagot fogyaszt, mik\u00f6zben t\u00f6bb fel\u00fcleten egyenletes \u00fct\u0151er\u0151t fejt ki.<\/p>\n<p data-start=\"1109\" data-end=\"1252\">A cip\u0151lemez kop\u00e1s\u00e1ll\u00f3, a kett\u0151s rug\u00f3rendszer pedig stabil d\u00f6ng\u00f6l\u00e9st biztos\u00edt, mik\u00f6zben cs\u00f6kkenti a vibr\u00e1ci\u00f3t a kezel\u0151 v\u00e9delme \u00e9rdek\u00e9ben.<\/p>\n<h3 data-start=\"1259\" data-end=\"1305\">K\u00e9szen \u00e1ll a szabadt\u00e9ri munk\u00e1ra \u00e9s t\u00e1voli helysz\u00ednekre<\/h3>\n<p data-start=\"1307\" data-end=\"1557\">Ak\u00e1r egy t\u00e1voli \u00fatszakaszon, ak\u00e1r egy lak\u00f3telepen vagy egy k\u00f6zm\u0171\u00e1rkokban dolgozik, a CH-L100 elv\u00e9gzi a munk\u00e1t. \u00d6n\u00e1ll\u00f3 \u00fczemanyag-rendszer\u00e9nek k\u00f6sz\u00f6nhet\u0151en nincs sz\u00fcks\u00e9g k\u00fcls\u0151 \u00e1ramforr\u00e1sra, \u00edgy teljes rugalmass\u00e1got biztos\u00edt a terepen.<\/p>\n<p data-start=\"1559\" data-end=\"1662\">A karbantart\u00e1s egyszer\u0171 \u00e9s hozz\u00e1f\u00e9rhet\u0151, \u00e9s a Loncin motorok p\u00f3talkatr\u00e9szei vil\u00e1gszerte sz\u00e9les k\u00f6rben el\u00e9rhet\u0151k.<\/p>\n<h3 data-start=\"1669\" data-end=\"1722\">A CH-L100 benzinmotoros d\u00f6ng\u00f6l\u0151 d\u00f6ng\u00f6l\u0151 legfontosabb jellemz\u0151i<\/h3>\n<ul data-start=\"1724\" data-end=\"2011\">\n<li data-start=\"1724\" data-end=\"1772\">\n<p data-start=\"1726\" data-end=\"1772\">4 \u00fctem\u0171 Loncin benzinmotorral hajtva<\/p>\n<\/li>\n<li data-start=\"1773\" data-end=\"1842\">\n<p data-start=\"1775\" data-end=\"1842\">Nagyfok\u00fa hordozhat\u00f3s\u00e1g \u00e9s alkalmazkod\u00f3k\u00e9pess\u00e9g a h\u00e1l\u00f3zaton k\u00edv\u00fcli \u00e9p\u00edtkez\u00e9sekhez<\/p>\n<\/li>\n<li data-start=\"1843\" data-end=\"1915\">\n<p data-start=\"1845\" data-end=\"1915\">Hat\u00e9kony t\u00f6m\u00f6r\u00edt\u00e9st biztos\u00edt az \u00e1rok, az alapoz\u00e1s \u00e9s a jav\u00edt\u00e1si munk\u00e1k sor\u00e1n<\/p>\n<\/li>\n<li data-start=\"1916\" data-end=\"1969\">\n<p data-start=\"1918\" data-end=\"1969\">Alacsony \u00fczemanyag-fogyaszt\u00e1s minim\u00e1lis \u00fczemzajjal<\/p>\n<\/li>\n<li data-start=\"1970\" data-end=\"2011\">\n<p data-start=\"1972\" data-end=\"2011\">Tart\u00f3s kialak\u00edt\u00e1s a hosszabb napi haszn\u00e1lathoz<\/p>\n<\/li>\n<\/ul>\n<p><iframe title=\"t\u00f6m\u00f6r\u00edt\u0151, d\u00f6ng\u00f6l\u0151 kalap\u00e1cs, d\u00f6ng\u00f6l\u0151, lemezes t\u00f6m\u00f6r\u00edt\u0151, \u00e9p\u00edt\u00e9si vibr\u00e1ci\u00f3, t\u00f6m\u00f6r\u00edt\u0151 machine.#tamping\" width=\"720\" height=\"540\" src=\"https:\/\/www.youtube.com\/embed\/j8Nod6Mcz9w?feature=oembed\" frameborder=\"0\" allow=\"accelerometer; autoplay; clipboard-write; encrypted-media; gyroscope; picture-in-picture; web-share\" referrerpolicy=\"strict-origin-when-cross-origin\" allowfullscreen><\/iframe><\/p>","protected":false},"excerpt":{"rendered":"<p>A CH-L100 benzinmotoros d\u00f6ng\u00f6l\u0151kalap\u00e1cs Loncin motorral hat\u00e9konyan t\u00f6m\u00f6r\u00edti a talajt a k\u00fclt\u00e9ri munkater\u00fcleteken. Hordozhat\u00f3, tart\u00f3s \u00e9s t\u00f6k\u00e9letes az \u00e1rok- \u00e9s alapoz\u00e1si munk\u00e1khoz.<\/p>","protected":false},"featured_media":9071,"template":"","meta":{"_kad_post_transparent":"default","_kad_post_title":"","_kad_post_layout":"default","_kad_post_sidebar_id":"","_kad_post_content_style":"default","_kad_post_vertical_padding":"default","_kad_post_feature":"","_kad_post_feature_position":"","_kad_post_header":false,"_kad_post_footer":false},"product_brand":[],"product_cat":[83],"product_tag":[1060,1057,1058,1059,1051,1052,1056,1053,1055,1054],"class_list":{"0":"post-9070","1":"product","2":"type-product","3":"status-publish","4":"has-post-thumbnail","6":"product_cat-tamping-rammer","7":"product_tag-backfill-compactor-machine","8":"product_tag-diesel-tamping-rammer","9":"product_tag-earth-tamping-machine","10":"product_tag-handheld-tamping-rammer","11":"product_tag-impact-rammer","12":"product_tag-jumping-jack-compactor","13":"product_tag-petrol-tamping-rammer","14":"product_tag-plate-tamping-rammer","15":"product_tag-soil-compaction-rammer","16":"product_tag-vibratory-tamping-rammer","18":"first","19":"instock","20":"shipping-taxable","21":"product-type-simple","22":"entry","23":"content-bg","24":"loop-entry"},"yoast_head":"<!-- This site is optimized with the Yoast SEO plugin v25.3.1 - https:\/\/yoast.com\/wordpress\/plugins\/seo\/ -->\n<title>Tamping Rammer CH-L100 - HSY Construction Machinery<\/title>\n<meta name=\"description\" content=\"CH-L100 Tamping Rammer runs on a Loncin gasoline engine for soil compaction. Ideal for trench, foundation, and roadwork in off-grid construction areas.\" \/>\n<meta name=\"robots\" content=\"index, follow, max-snippet:-1, max-image-preview:large, max-video-preview:-1\" \/>\n<link rel=\"canonical\" href=\"https:\/\/www.hsymachinery.com\/hu\/termek\/dongolo-kalapacs-ch-l100\/\" \/>\n<meta property=\"og:locale\" content=\"hu_HU\" \/>\n<meta property=\"og:type\" content=\"article\" \/>\n<meta property=\"og:title\" content=\"Tamping Rammer CH-L100 - HSY Construction Machinery\" \/>\n<meta property=\"og:description\" content=\"CH-L100 Tamping Rammer runs on a Loncin gasoline engine for soil compaction. Ideal for trench, foundation, and roadwork in off-grid construction areas.\" \/>\n<meta property=\"og:url\" content=\"https:\/\/www.hsymachinery.com\/hu\/termek\/dongolo-kalapacs-ch-l100\/\" \/>\n<meta property=\"og:site_name\" content=\"HSY Construction Machinery\" \/>\n<meta property=\"article:modified_time\" content=\"2025-06-28T07:15:50+00:00\" \/>\n<meta property=\"og:image\" content=\"https:\/\/www.hsymachinery.com\/wp-content\/uploads\/2025\/06\/Tamping-Rammer-CH-L100.jpg\" \/>\n\t<meta property=\"og:image:width\" content=\"800\" \/>\n\t<meta property=\"og:image:height\" content=\"800\" \/>\n\t<meta property=\"og:image:type\" content=\"image\/jpeg\" \/>\n<meta name=\"twitter:card\" content=\"summary_large_image\" \/>\n<meta name=\"twitter:label1\" content=\"Becs\u00fclt olvas\u00e1si id\u0151\" \/>\n\t<meta name=\"twitter:data1\" content=\"2 perc\" \/>\n<script type=\"application\/ld+json\" class=\"yoast-schema-graph\">{\"@context\":\"https:\/\/schema.org\",\"@graph\":[{\"@type\":\"WebPage\",\"@id\":\"https:\/\/www.hsymachinery.com\/product\/tamping-rammer-ch-l100\/\",\"url\":\"https:\/\/www.hsymachinery.com\/product\/tamping-rammer-ch-l100\/\",\"name\":\"Tamping Rammer CH-L100 - HSY Construction Machinery\",\"isPartOf\":{\"@id\":\"https:\/\/www.hsymachinery.com\/#website\"},\"primaryImageOfPage\":{\"@id\":\"https:\/\/www.hsymachinery.com\/product\/tamping-rammer-ch-l100\/#primaryimage\"},\"image\":{\"@id\":\"https:\/\/www.hsymachinery.com\/product\/tamping-rammer-ch-l100\/#primaryimage\"},\"thumbnailUrl\":\"https:\/\/www.hsymachinery.com\/wp-content\/uploads\/2025\/06\/Tamping-Rammer-CH-L100.jpg\",\"datePublished\":\"2025-06-18T08:21:44+00:00\",\"dateModified\":\"2025-06-28T07:15:50+00:00\",\"description\":\"CH-L100 Tamping Rammer runs on a Loncin gasoline engine for soil compaction. Ideal for trench, foundation, and roadwork in off-grid construction areas.\",\"breadcrumb\":{\"@id\":\"https:\/\/www.hsymachinery.com\/product\/tamping-rammer-ch-l100\/#breadcrumb\"},\"inLanguage\":\"hu\",\"potentialAction\":[{\"@type\":\"ReadAction\",\"target\":[\"https:\/\/www.hsymachinery.com\/product\/tamping-rammer-ch-l100\/\"]}]},{\"@type\":\"ImageObject\",\"inLanguage\":\"hu\",\"@id\":\"https:\/\/www.hsymachinery.com\/product\/tamping-rammer-ch-l100\/#primaryimage\",\"url\":\"https:\/\/www.hsymachinery.com\/wp-content\/uploads\/2025\/06\/Tamping-Rammer-CH-L100.jpg\",\"contentUrl\":\"https:\/\/www.hsymachinery.com\/wp-content\/uploads\/2025\/06\/Tamping-Rammer-CH-L100.jpg\",\"width\":800,\"height\":800},{\"@type\":\"BreadcrumbList\",\"@id\":\"https:\/\/www.hsymachinery.com\/product\/tamping-rammer-ch-l100\/#breadcrumb\",\"itemListElement\":[{\"@type\":\"ListItem\",\"position\":1,\"name\":\"home\",\"item\":\"https:\/\/www.hsymachinery.com\/\"},{\"@type\":\"ListItem\",\"position\":2,\"name\":\"products\",\"item\":\"https:\/\/www.hsymachinery.com\/products\/\"},{\"@type\":\"ListItem\",\"position\":3,\"name\":\"Tamping Rammer CH-L100\"}]},{\"@type\":\"WebSite\",\"@id\":\"https:\/\/www.hsymachinery.com\/#website\",\"url\":\"https:\/\/www.hsymachinery.com\/\",\"name\":\"HSY Construction Machinery\",\"description\":\"HSY Machinery \u2013 A leading China construction machinery supplier, offering a wide range of light construction equipment. Our main products include Rebar Cutting Machine, Rebar Bending Machine, Rebar Stirrup Bending Machine, Rebar Arc Bending Machine, Rebar Straightening Machine, Five-Head Rebar Stirrup Bending Machine, Tamping Rammer, Plate Compactor, Concrete Cutter, Power Trowel, and other construction machinery. We are equipped with advanced CNC machines, and we enforce strict quality inspection standards along with comprehensive after-sales service. If you are interested in our products or services, we warmly welcome your inquiries via message.\",\"publisher\":{\"@id\":\"https:\/\/www.hsymachinery.com\/#organization\"},\"potentialAction\":[{\"@type\":\"SearchAction\",\"target\":{\"@type\":\"EntryPoint\",\"urlTemplate\":\"https:\/\/www.hsymachinery.com\/?s={search_term_string}\"},\"query-input\":{\"@type\":\"PropertyValueSpecification\",\"valueRequired\":true,\"valueName\":\"search_term_string\"}}],\"inLanguage\":\"hu\"},{\"@type\":\"Organization\",\"@id\":\"https:\/\/www.hsymachinery.com\/#organization\",\"name\":\"HSY Construction Machinery\",\"url\":\"https:\/\/www.hsymachinery.com\/\",\"logo\":{\"@type\":\"ImageObject\",\"inLanguage\":\"hu\",\"@id\":\"https:\/\/www.hsymachinery.com\/#\/schema\/logo\/image\/\",\"url\":\"https:\/\/www.hsymachinery.com\/wp-content\/uploads\/2025\/06\/cropped-HSY-machinery.png\",\"contentUrl\":\"https:\/\/www.hsymachinery.com\/wp-content\/uploads\/2025\/06\/cropped-HSY-machinery.png\",\"width\":600,\"height\":240,\"caption\":\"HSY Construction Machinery\"},\"image\":{\"@id\":\"https:\/\/www.hsymachinery.com\/#\/schema\/logo\/image\/\"}}]}<\/script>\n<!-- \/ Yoast SEO plugin. -->","yoast_head_json":{"title":"CH-L100 d\u00f6ng\u00f6l\u0151 d\u00f6ng\u00f6l\u0151 - HSY \u00c9p\u00edt\u0151ipari g\u00e9pek","description":"A CH-L100 t\u00f6m\u00f6r\u00edt\u0151 d\u00f6ng\u00f6l\u0151 egy Loncin benzinmotorral m\u0171k\u00f6dik a talaj t\u00f6m\u00f6r\u00edt\u00e9s\u00e9hez. Ide\u00e1lis \u00e1rok-, alapoz\u00e1si \u00e9s \u00fat\u00e9p\u00edt\u00e9si munk\u00e1khoz a h\u00e1l\u00f3zaton k\u00edv\u00fcli \u00e9p\u00edt\u00e9si ter\u00fcleteken.","robots":{"index":"index","follow":"follow","max-snippet":"max-snippet:-1","max-image-preview":"max-image-preview:large","max-video-preview":"max-video-preview:-1"},"canonical":"https:\/\/www.hsymachinery.com\/hu\/termek\/dongolo-kalapacs-ch-l100\/","og_locale":"hu_HU","og_type":"article","og_title":"Tamping Rammer CH-L100 - HSY Construction Machinery","og_description":"CH-L100 Tamping Rammer runs on a Loncin gasoline engine for soil compaction. Ideal for trench, foundation, and roadwork in off-grid construction areas.","og_url":"https:\/\/www.hsymachinery.com\/hu\/termek\/dongolo-kalapacs-ch-l100\/","og_site_name":"HSY Construction Machinery","article_modified_time":"2025-06-28T07:15:50+00:00","og_image":[{"width":800,"height":800,"url":"https:\/\/www.hsymachinery.com\/wp-content\/uploads\/2025\/06\/Tamping-Rammer-CH-L100.jpg","type":"image\/jpeg"}],"twitter_card":"summary_large_image","twitter_misc":{"Becs\u00fclt olvas\u00e1si id\u0151":"2 perc"},"schema":{"@context":"https:\/\/schema.org","@graph":[{"@type":"WebPage","@id":"https:\/\/www.hsymachinery.com\/product\/tamping-rammer-ch-l100\/","url":"https:\/\/www.hsymachinery.com\/product\/tamping-rammer-ch-l100\/","name":"CH-L100 d\u00f6ng\u00f6l\u0151 d\u00f6ng\u00f6l\u0151 - HSY \u00c9p\u00edt\u0151ipari g\u00e9pek","isPartOf":{"@id":"https:\/\/www.hsymachinery.com\/#website"},"primaryImageOfPage":{"@id":"https:\/\/www.hsymachinery.com\/product\/tamping-rammer-ch-l100\/#primaryimage"},"image":{"@id":"https:\/\/www.hsymachinery.com\/product\/tamping-rammer-ch-l100\/#primaryimage"},"thumbnailUrl":"https:\/\/www.hsymachinery.com\/wp-content\/uploads\/2025\/06\/Tamping-Rammer-CH-L100.jpg","datePublished":"2025-06-18T08:21:44+00:00","dateModified":"2025-06-28T07:15:50+00:00","description":"A CH-L100 t\u00f6m\u00f6r\u00edt\u0151 d\u00f6ng\u00f6l\u0151 egy Loncin benzinmotorral m\u0171k\u00f6dik a talaj t\u00f6m\u00f6r\u00edt\u00e9s\u00e9hez. Ide\u00e1lis \u00e1rok-, alapoz\u00e1si \u00e9s \u00fat\u00e9p\u00edt\u00e9si munk\u00e1khoz a h\u00e1l\u00f3zaton k\u00edv\u00fcli \u00e9p\u00edt\u00e9si ter\u00fcleteken.","breadcrumb":{"@id":"https:\/\/www.hsymachinery.com\/product\/tamping-rammer-ch-l100\/#breadcrumb"},"inLanguage":"hu","potentialAction":[{"@type":"ReadAction","target":["https:\/\/www.hsymachinery.com\/product\/tamping-rammer-ch-l100\/"]}]},{"@type":"ImageObject","inLanguage":"hu","@id":"https:\/\/www.hsymachinery.com\/product\/tamping-rammer-ch-l100\/#primaryimage","url":"https:\/\/www.hsymachinery.com\/wp-content\/uploads\/2025\/06\/Tamping-Rammer-CH-L100.jpg","contentUrl":"https:\/\/www.hsymachinery.com\/wp-content\/uploads\/2025\/06\/Tamping-Rammer-CH-L100.jpg","width":800,"height":800},{"@type":"BreadcrumbList","@id":"https:\/\/www.hsymachinery.com\/product\/tamping-rammer-ch-l100\/#breadcrumb","itemListElement":[{"@type":"ListItem","position":1,"name":"home","item":"https:\/\/www.hsymachinery.com\/"},{"@type":"ListItem","position":2,"name":"products","item":"https:\/\/www.hsymachinery.com\/products\/"},{"@type":"ListItem","position":3,"name":"Tamping Rammer CH-L100"}]},{"@type":"WebSite","@id":"https:\/\/www.hsymachinery.com\/#website","url":"https:\/\/www.hsymachinery.com\/","name":"HSY \u00e9p\u00edt\u0151ipari g\u00e9pek","description":"HSY Machinery - K\u00edna vezet\u0151 \u00e9p\u00edt\u0151ipari g\u00e9pgy\u00e1rt\u00f3 v\u00e1llalata, amely k\u00f6nny\u0171 \u00e9p\u00edt\u0151ipari berendez\u00e9sek sz\u00e9les v\u00e1laszt\u00e9k\u00e1t k\u00edn\u00e1lja. F\u0151 term\u00e9keink k\u00f6z\u00e9 tartozik az \u00fajj\u00e1\u00e9p\u00edt\u00e9si v\u00e1g\u00f3g\u00e9p, az \u00fajj\u00e1\u00e9p\u00edt\u00e9si hajl\u00edt\u00f3g\u00e9p, az \u00fajj\u00e1\u00e9p\u00edt\u00e9si kengyelhajl\u00edt\u00f3 g\u00e9p, az \u00fajj\u00e1\u00e9p\u00edt\u00e9si \u00edvhajl\u00edt\u00f3 g\u00e9p, az \u00fajj\u00e1\u00e9p\u00edt\u00e9si egyenes\u00edt\u0151 g\u00e9p, az \u00f6tfej\u0171 \u00fajj\u00e1\u00e9p\u00edt\u00e9si kengyelhajl\u00edt\u00f3 g\u00e9p, a d\u00f6ng\u00f6l\u0151 rammer, a lemezkompaktor, a betonv\u00e1g\u00f3, a villanymotoros sim\u00edt\u00f3 \u00e9s m\u00e1s \u00e9p\u00edt\u0151ipari g\u00e9pek. Fejlett CNC-g\u00e9pekkel vagyunk felszerelve, \u00e9s szigor\u00fa min\u0151s\u00e9gellen\u0151rz\u00e9si szabv\u00e1nyokat \u00e9rv\u00e9nyes\u00edt\u00fcnk az \u00e1tfog\u00f3 \u00e9rt\u00e9kes\u00edt\u00e9s ut\u00e1ni szolg\u00e1ltat\u00e1ssal egy\u00fctt. Ha \u00e9rdeklik term\u00e9keink vagy szolg\u00e1ltat\u00e1saink, sz\u00edvesen fogadjuk \u00e9rdekl\u0151d\u00e9s\u00e9t \u00fczenetben.","publisher":{"@id":"https:\/\/www.hsymachinery.com\/#organization"},"potentialAction":[{"@type":"SearchAction","target":{"@type":"EntryPoint","urlTemplate":"https:\/\/www.hsymachinery.com\/?s={search_term_string}"},"query-input":{"@type":"PropertyValueSpecification","valueRequired":true,"valueName":"search_term_string"}}],"inLanguage":"hu"},{"@type":"Organization","@id":"https:\/\/www.hsymachinery.com\/#organization","name":"HSY \u00e9p\u00edt\u0151ipari g\u00e9pek","url":"https:\/\/www.hsymachinery.com\/","logo":{"@type":"ImageObject","inLanguage":"hu","@id":"https:\/\/www.hsymachinery.com\/#\/schema\/logo\/image\/","url":"https:\/\/www.hsymachinery.com\/wp-content\/uploads\/2025\/06\/cropped-HSY-machinery.png","contentUrl":"https:\/\/www.hsymachinery.com\/wp-content\/uploads\/2025\/06\/cropped-HSY-machinery.png","width":600,"height":240,"caption":"HSY Construction Machinery"},"image":{"@id":"https:\/\/www.hsymachinery.com\/#\/schema\/logo\/image\/"}}]}},"_links":{"self":[{"href":"https:\/\/www.hsymachinery.com\/hu\/wp-json\/wp\/v2\/product\/9070","targetHints":{"allow":["GET"]}}],"collection":[{"href":"https:\/\/www.hsymachinery.com\/hu\/wp-json\/wp\/v2\/product"}],"about":[{"href":"https:\/\/www.hsymachinery.com\/hu\/wp-json\/wp\/v2\/types\/product"}],"version-history":[{"count":3,"href":"https:\/\/www.hsymachinery.com\/hu\/wp-json\/wp\/v2\/product\/9070\/revisions"}],"predecessor-version":[{"id":9497,"href":"https:\/\/www.hsymachinery.com\/hu\/wp-json\/wp\/v2\/product\/9070\/revisions\/9497"}],"wp:featuredmedia":[{"embeddable":true,"href":"https:\/\/www.hsymachinery.com\/hu\/wp-json\/wp\/v2\/media\/9071"}],"wp:attachment":[{"href":"https:\/\/www.hsymachinery.com\/hu\/wp-json\/wp\/v2\/media?parent=9070"}],"wp:term":[{"taxonomy":"product_brand","embeddable":true,"href":"https:\/\/www.hsymachinery.com\/hu\/wp-json\/wp\/v2\/product_brand?post=9070"},{"taxonomy":"product_cat","embeddable":true,"href":"https:\/\/www.hsymachinery.com\/hu\/wp-json\/wp\/v2\/product_cat?post=9070"},{"taxonomy":"product_tag","embeddable":true,"href":"https:\/\/www.hsymachinery.com\/hu\/wp-json\/wp\/v2\/product_tag?post=9070"}],"curies":[{"name":"wp","href":"https:\/\/api.w.org\/{rel}","templated":true}]}}