{"id":9046,"date":"2025-06-18T15:34:18","date_gmt":"2025-06-18T07:34:18","guid":{"rendered":"https:\/\/www.hsymachinery.com\/?post_type=product&#038;p=9046"},"modified":"2025-06-28T13:40:23","modified_gmt":"2025-06-28T05:40:23","slug":"automatikus-kengyelhajlito-gep-stwq4-14a","status":"publish","type":"product","link":"https:\/\/www.hsymachinery.com\/hu\/termek\/automatikus-kengyelhajlito-gep-stwq4-14a\/","title":{"rendered":"Automatikus kengyelhajl\u00edt\u00f3 g\u00e9p STWQ4-14A"},"content":{"rendered":"<h2 data-start=\"114\" data-end=\"165\">Automatikus kengyelhajl\u00edt\u00f3 g\u00e9p STWQ4-14A<\/h2>\n<h3 data-start=\"166\" data-end=\"276\">STWQ4-14A CNC tekercsbet\u00e9t kengyelhajl\u00edt\u00f3 | Automatikus ac\u00e9lr\u00fad hajl\u00edt\u00f3 rendszer 4-12 mm-es meger\u0151s\u00edt\u0151 rudakhoz<\/h3>\n<h3 data-start=\"283\" data-end=\"357\">Term\u00e9k\u00e1ttekint\u00e9s - Nagy teljes\u00edtm\u00e9ny\u0171 kengyelform\u00e1z\u00e1s tekercselt betonac\u00e9lb\u00f3l<a href=\"https:\/\/www.hsymachinery.com\/hu\/termekek\/automatikus-kengyelhajlito-gep\/\" target=\"_blank\" rel=\"noopener\"><img fetchpriority=\"high\" decoding=\"async\" class=\"wp-image-9047 alignright\" src=\"https:\/\/www.hsymachinery.com\/wp-content\/uploads\/2025\/06\/Automatic-Stirrup-Bending-Machine-STWQ4-14A-parameter-300x300.jpg\" alt=\"\" width=\"498\" height=\"498\" srcset=\"https:\/\/www.hsymachinery.com\/wp-content\/uploads\/2025\/06\/Automatic-Stirrup-Bending-Machine-STWQ4-14A-parameter-300x300.jpg 300w, https:\/\/www.hsymachinery.com\/wp-content\/uploads\/2025\/06\/Automatic-Stirrup-Bending-Machine-STWQ4-14A-parameter-150x150.jpg 150w, https:\/\/www.hsymachinery.com\/wp-content\/uploads\/2025\/06\/Automatic-Stirrup-Bending-Machine-STWQ4-14A-parameter-100x100.jpg 100w, https:\/\/www.hsymachinery.com\/wp-content\/uploads\/2025\/06\/Automatic-Stirrup-Bending-Machine-STWQ4-14A-parameter.jpg 600w\" sizes=\"(max-width: 498px) 100vw, 498px\" \/><\/a><\/h3>\n<p data-start=\"359\" data-end=\"760\">A <strong data-start=\"363\" data-end=\"410\">Automatikus kengyelhajl\u00edt\u00f3 g\u00e9p STWQ4-14A<\/strong> egy nagy teljes\u00edtm\u00e9ny\u0171, CNC-vez\u00e9relt g\u00e9p, amelyet arra terveztek, hogy 4 mm \u00e9s 12 mm k\u00f6z\u00f6tti tekercselt betonac\u00e9lokat dolgozzon fel k\u00fcl\u00f6nb\u00f6z\u0151 kengyelform\u00e1kba kiv\u00e9teles pontoss\u00e1ggal. Ez a modell ide\u00e1lis az el\u0151regy\u00e1rtott betongy\u00e1rak, az aut\u00f3p\u00e1lya- \u00e9s h\u00edd\u00e9p\u00edt\u00e9s, valamint a nagy kapacit\u00e1s\u00fa betonac\u00e9lgy\u00e1rt\u00f3 k\u00f6zpontok sz\u00e1m\u00e1ra, amelyek folyamatos, automatiz\u00e1lt termel\u00e9st ig\u00e9nyelnek minim\u00e1lis munkaer\u0151-r\u00e1ford\u00edt\u00e1ssal.<\/p>\n<p data-start=\"762\" data-end=\"901\">A megn\u00f6velt feldolgoz\u00e1si tartom\u00e1nynak \u00e9s az intelligens automatiz\u00e1l\u00e1snak k\u00f6sz\u00f6nhet\u0151en hat\u00e9konyan kezeli a nagy munkamennyis\u00e9geket, mik\u00f6zben a min\u0151s\u00e9g egyenletes marad.<\/p>\n<h3 data-start=\"908\" data-end=\"966\">Kib\u0151v\u00edtett \u00e1tm\u00e9r\u0151-k\u00e9pess\u00e9g az intelligens CNC-vez\u00e9rl\u00e9ssel<\/h3>\n<p data-start=\"968\" data-end=\"1298\">Az STWQ4-14A szervomotoros rendszerrel \u00e9s programozhat\u00f3 CNC-interf\u00e9sszel van felszerelve, amely lehet\u0151v\u00e9 teszi a felhaszn\u00e1l\u00f3k sz\u00e1m\u00e1ra, hogy egyszer\u0171 \u00e9rint\u0151k\u00e9perny\u0151s m\u0171veletekkel bonyolult kengyelgeometri\u00e1kat adjanak meg. A g\u00e9p automatikus adagol\u00e1st, egyenget\u00e9st, v\u00e1g\u00e1st \u00e9s t\u00f6bbsz\u00f6g\u0171 hajl\u00edt\u00e1st v\u00e9gez, \u00e9sszer\u0171s\u00edtve a teljes folyamatot az elej\u00e9t\u0151l a v\u00e9g\u00e9ig.<\/p>\n<p data-start=\"1300\" data-end=\"1469\">A be\u00e9p\u00edtett g\u00f6rg\u0151s egyenget\u0151 mechanizmus biztos\u00edtja a pontos igaz\u00edt\u00e1st, m\u00edg a prec\u00edzi\u00f3s hajl\u00edt\u00f3rendszer \u00e9les, tiszta sz\u00f6geket biztos\u00edt m\u00e9g a vastagabb ac\u00e9lrudak eset\u00e9ben is.<\/p>\n<h3 data-start=\"1476\" data-end=\"1525\">Robusztus szerkezet exportra k\u00e9sz fesz\u00fclts\u00e9ggel<\/h3>\n<p data-start=\"1527\" data-end=\"1851\">Az STWQ4-14A nagy ig\u00e9nybev\u00e9tel\u0171 ciklusok kezel\u00e9s\u00e9re k\u00e9sz\u00fclt, \u00e9s egy meger\u0151s\u00edtett, ipari min\u0151s\u00e9g\u0171 ac\u00e9lkeretbe van be\u00e9p\u00edtve, amelyet \u00fagy terveztek, hogy ellen\u00e1lljon a mechanikai ig\u00e9nybev\u00e9telnek nagy sebess\u00e9g\u0171 m\u0171k\u00f6d\u00e9s sor\u00e1n. K\u00f6zponti ken\u0151rendszert \u00e9s hibajelz\u0151t tartalmaz, \u00e9s 380V\/50Hz-en m\u0171k\u00f6dik, a nemzetk\u00f6zi \u00fcgyfelek sz\u00e1m\u00e1ra testreszab\u00e1s is el\u00e9rhet\u0151.<\/p>\n<p data-start=\"1853\" data-end=\"1963\">Kompakt kialak\u00edt\u00e1s\u00fa, m\u00e9gis er\u0151s teljes\u00edtm\u00e9ny\u0171 g\u00e9p, amely k\u00f6nnyen alkalmazkodik a gy\u00e1ri elrendez\u00e9shez \u00e9s az exportk\u00f6vetelm\u00e9nyekhez.<\/p>\n<h3 data-start=\"1970\" data-end=\"2022\">Az STWQ4-14A Rebar kengyelhajl\u00edt\u00f3 f\u0151 jellemz\u0151i<\/h3>\n<ul data-start=\"2024\" data-end=\"2329\">\n<li data-start=\"2024\" data-end=\"2085\">\n<p data-start=\"2026\" data-end=\"2085\">Automatikusan feldolgozza a 4-12 mm-es tekercselt betonac\u00e9lokat kengyelekk\u00e9<\/p>\n<\/li>\n<li data-start=\"2086\" data-end=\"2144\">\n<p data-start=\"2088\" data-end=\"2144\">CNC \u00e9rint\u0151k\u00e9perny\u0151s vez\u00e9rl\u00e9s a form\u00e1k programoz\u00e1s\u00e1hoz<\/p>\n<\/li>\n<li data-start=\"2145\" data-end=\"2206\">\n<p data-start=\"2147\" data-end=\"2206\">A szerv\u00f3vez\u00e9rl\u00e9s\u0171 rendszer gyors \u00e9s pontos teljes\u00edtm\u00e9nyt biztos\u00edt<\/p>\n<\/li>\n<li data-start=\"2207\" data-end=\"2270\">\n<p data-start=\"2209\" data-end=\"2270\">Tart\u00f3s keret k\u00f6zponti olajoz\u00e1ssal \u00e9s hibadiagnosztik\u00e1val<\/p>\n<\/li>\n<li data-start=\"2271\" data-end=\"2329\">\n<p data-start=\"2273\" data-end=\"2329\">Export-kompatibilis fesz\u00fclts\u00e9g a nemzetk\u00f6zi telep\u00edt\u00e9shez<\/p>\n<\/li>\n<\/ul>\n<p><iframe title=\"kengyelhajl\u00edt\u00f3 g\u00e9p, betonac\u00e9l hajl\u00edt\u00f3 g\u00e9p, betonac\u00e9l kengyelhajl\u00edt\u00f3 hajl\u00edt\u00f3, ac\u00e9lr\u00fad hajl\u00edt\u00f3 g\u00e9p\" width=\"720\" height=\"405\" src=\"https:\/\/www.youtube.com\/embed\/nJ3TTscPlaE?feature=oembed\" frameborder=\"0\" allow=\"accelerometer; autoplay; clipboard-write; encrypted-media; gyroscope; picture-in-picture; web-share\" referrerpolicy=\"strict-origin-when-cross-origin\" allowfullscreen><\/iframe><\/p>","protected":false},"excerpt":{"rendered":"<p>Az STWQ4-14A 4-12 mm-es tekercselt betonac\u00e9lb\u00f3l CNC automatiz\u00e1l\u00e1ssal pontos kengyeleket hajl\u00edt. Nagy kapacit\u00e1s\u00fa, alacsony karbantart\u00e1si ig\u00e9ny\u0171 \u00e9s ide\u00e1lis el\u0151regy\u00e1rtott \u00e9p\u00edtkez\u00e9sekhez.<\/p>","protected":false},"featured_media":9048,"template":"","meta":{"_kad_post_transparent":"default","_kad_post_title":"","_kad_post_layout":"default","_kad_post_sidebar_id":"","_kad_post_content_style":"default","_kad_post_vertical_padding":"default","_kad_post_feature":"","_kad_post_feature_position":"","_kad_post_header":false,"_kad_post_footer":false},"product_brand":[],"product_cat":[61],"product_tag":[998,1043,1042,1044,1046,1048,1045,1050,1047,1049],"class_list":{"0":"post-9046","1":"product","2":"type-product","3":"status-publish","4":"has-post-thumbnail","6":"product_cat-automatic-stirrup-bending-machine","7":"product_tag-automatic-rebar-bending-machine","8":"product_tag-automatic-rebar-stirrup-bending-and-cutting-machine","9":"product_tag-cnc-automatic-stirrup-bending-and-cutting-machine","10":"product_tag-cnc-stirrup-bending-machine","11":"product_tag-rebar-stirrup-making-machine","12":"product_tag-reinforcement-bar-stirrup-bender","13":"product_tag-steel-bar-stirrup-bender","14":"product_tag-stirrup-bender-for-construction-steel","15":"product_tag-stirrup-forming-machine","16":"product_tag-wire-stirrup-bending-equipment","18":"first","19":"instock","20":"shipping-taxable","21":"product-type-simple","22":"entry","23":"content-bg","24":"loop-entry"},"yoast_head":"<!-- This site is optimized with the Yoast SEO plugin v25.3.1 - https:\/\/yoast.com\/wordpress\/plugins\/seo\/ -->\n<title>Automatic Stirrup Bending Machine STWQ4-14A - HSY Construction Machinery<\/title>\n<meta name=\"description\" content=\"Automatic Stirrup Bending Machine STWQ4-14A bends 4\u201312mm coiled steel bars into stirrups. Fast, accurate, and built for industrial and export applications.\" \/>\n<meta name=\"robots\" content=\"index, follow, max-snippet:-1, max-image-preview:large, max-video-preview:-1\" \/>\n<link rel=\"canonical\" href=\"https:\/\/www.hsymachinery.com\/hu\/termek\/automatikus-kengyelhajlito-gep-stwq4-14a\/\" \/>\n<meta property=\"og:locale\" content=\"hu_HU\" \/>\n<meta property=\"og:type\" content=\"article\" \/>\n<meta property=\"og:title\" content=\"Automatic Stirrup Bending Machine STWQ4-14A - HSY Construction Machinery\" \/>\n<meta property=\"og:description\" content=\"Automatic Stirrup Bending Machine STWQ4-14A bends 4\u201312mm coiled steel bars into stirrups. Fast, accurate, and built for industrial and export applications.\" \/>\n<meta property=\"og:url\" content=\"https:\/\/www.hsymachinery.com\/hu\/termek\/automatikus-kengyelhajlito-gep-stwq4-14a\/\" \/>\n<meta property=\"og:site_name\" content=\"HSY Construction Machinery\" \/>\n<meta property=\"article:modified_time\" content=\"2025-06-28T05:40:23+00:00\" \/>\n<meta property=\"og:image\" content=\"https:\/\/www.hsymachinery.com\/wp-content\/uploads\/2025\/06\/Automatic-Stirrup-Bending-Machine-STWQ4-14A.jpg\" \/>\n\t<meta property=\"og:image:width\" content=\"600\" \/>\n\t<meta property=\"og:image:height\" content=\"600\" \/>\n\t<meta property=\"og:image:type\" content=\"image\/jpeg\" \/>\n<meta name=\"twitter:card\" content=\"summary_large_image\" \/>\n<meta name=\"twitter:label1\" content=\"Becs\u00fclt olvas\u00e1si id\u0151\" \/>\n\t<meta name=\"twitter:data1\" content=\"2 perc\" \/>\n<script type=\"application\/ld+json\" class=\"yoast-schema-graph\">{\"@context\":\"https:\/\/schema.org\",\"@graph\":[{\"@type\":\"WebPage\",\"@id\":\"https:\/\/www.hsymachinery.com\/product\/automatic-stirrup-bending-machine-stwq4-14a\/\",\"url\":\"https:\/\/www.hsymachinery.com\/product\/automatic-stirrup-bending-machine-stwq4-14a\/\",\"name\":\"Automatic Stirrup Bending Machine STWQ4-14A - HSY Construction Machinery\",\"isPartOf\":{\"@id\":\"https:\/\/www.hsymachinery.com\/#website\"},\"primaryImageOfPage\":{\"@id\":\"https:\/\/www.hsymachinery.com\/product\/automatic-stirrup-bending-machine-stwq4-14a\/#primaryimage\"},\"image\":{\"@id\":\"https:\/\/www.hsymachinery.com\/product\/automatic-stirrup-bending-machine-stwq4-14a\/#primaryimage\"},\"thumbnailUrl\":\"https:\/\/www.hsymachinery.com\/wp-content\/uploads\/2025\/06\/Automatic-Stirrup-Bending-Machine-STWQ4-14A.jpg\",\"datePublished\":\"2025-06-18T07:34:18+00:00\",\"dateModified\":\"2025-06-28T05:40:23+00:00\",\"description\":\"Automatic Stirrup Bending Machine STWQ4-14A bends 4\u201312mm coiled steel bars into stirrups. Fast, accurate, and built for industrial and export applications.\",\"breadcrumb\":{\"@id\":\"https:\/\/www.hsymachinery.com\/product\/automatic-stirrup-bending-machine-stwq4-14a\/#breadcrumb\"},\"inLanguage\":\"hu\",\"potentialAction\":[{\"@type\":\"ReadAction\",\"target\":[\"https:\/\/www.hsymachinery.com\/product\/automatic-stirrup-bending-machine-stwq4-14a\/\"]}]},{\"@type\":\"ImageObject\",\"inLanguage\":\"hu\",\"@id\":\"https:\/\/www.hsymachinery.com\/product\/automatic-stirrup-bending-machine-stwq4-14a\/#primaryimage\",\"url\":\"https:\/\/www.hsymachinery.com\/wp-content\/uploads\/2025\/06\/Automatic-Stirrup-Bending-Machine-STWQ4-14A.jpg\",\"contentUrl\":\"https:\/\/www.hsymachinery.com\/wp-content\/uploads\/2025\/06\/Automatic-Stirrup-Bending-Machine-STWQ4-14A.jpg\",\"width\":600,\"height\":600},{\"@type\":\"BreadcrumbList\",\"@id\":\"https:\/\/www.hsymachinery.com\/product\/automatic-stirrup-bending-machine-stwq4-14a\/#breadcrumb\",\"itemListElement\":[{\"@type\":\"ListItem\",\"position\":1,\"name\":\"home\",\"item\":\"https:\/\/www.hsymachinery.com\/\"},{\"@type\":\"ListItem\",\"position\":2,\"name\":\"products\",\"item\":\"https:\/\/www.hsymachinery.com\/products\/\"},{\"@type\":\"ListItem\",\"position\":3,\"name\":\"Automatic Stirrup Bending Machine STWQ4-14A\"}]},{\"@type\":\"WebSite\",\"@id\":\"https:\/\/www.hsymachinery.com\/#website\",\"url\":\"https:\/\/www.hsymachinery.com\/\",\"name\":\"HSY Construction Machinery\",\"description\":\"HSY Machinery \u2013 A leading China construction machinery supplier, offering a wide range of light construction equipment. Our main products include Rebar Cutting Machine, Rebar Bending Machine, Rebar Stirrup Bending Machine, Rebar Arc Bending Machine, Rebar Straightening Machine, Five-Head Rebar Stirrup Bending Machine, Tamping Rammer, Plate Compactor, Concrete Cutter, Power Trowel, and other construction machinery. We are equipped with advanced CNC machines, and we enforce strict quality inspection standards along with comprehensive after-sales service. If you are interested in our products or services, we warmly welcome your inquiries via message.\",\"publisher\":{\"@id\":\"https:\/\/www.hsymachinery.com\/#organization\"},\"potentialAction\":[{\"@type\":\"SearchAction\",\"target\":{\"@type\":\"EntryPoint\",\"urlTemplate\":\"https:\/\/www.hsymachinery.com\/?s={search_term_string}\"},\"query-input\":{\"@type\":\"PropertyValueSpecification\",\"valueRequired\":true,\"valueName\":\"search_term_string\"}}],\"inLanguage\":\"hu\"},{\"@type\":\"Organization\",\"@id\":\"https:\/\/www.hsymachinery.com\/#organization\",\"name\":\"HSY Construction Machinery\",\"url\":\"https:\/\/www.hsymachinery.com\/\",\"logo\":{\"@type\":\"ImageObject\",\"inLanguage\":\"hu\",\"@id\":\"https:\/\/www.hsymachinery.com\/#\/schema\/logo\/image\/\",\"url\":\"https:\/\/www.hsymachinery.com\/wp-content\/uploads\/2025\/06\/cropped-HSY-machinery.png\",\"contentUrl\":\"https:\/\/www.hsymachinery.com\/wp-content\/uploads\/2025\/06\/cropped-HSY-machinery.png\",\"width\":600,\"height\":240,\"caption\":\"HSY Construction Machinery\"},\"image\":{\"@id\":\"https:\/\/www.hsymachinery.com\/#\/schema\/logo\/image\/\"}}]}<\/script>\n<!-- \/ Yoast SEO plugin. -->","yoast_head_json":{"title":"STWQ4-14A automata kengyelhajl\u00edt\u00f3 g\u00e9p - HSY Construction Machinery","description":"Az STWQ4-14A automata kengyelhajl\u00edt\u00f3 g\u00e9p 4-12 mm-es tekercselt ac\u00e9lrudakat hajl\u00edt kengyelekk\u00e9. Gyors, pontos, ipari \u00e9s export alkalmaz\u00e1sokhoz k\u00e9sz\u00fclt.","robots":{"index":"index","follow":"follow","max-snippet":"max-snippet:-1","max-image-preview":"max-image-preview:large","max-video-preview":"max-video-preview:-1"},"canonical":"https:\/\/www.hsymachinery.com\/hu\/termek\/automatikus-kengyelhajlito-gep-stwq4-14a\/","og_locale":"hu_HU","og_type":"article","og_title":"Automatic Stirrup Bending Machine STWQ4-14A - HSY Construction Machinery","og_description":"Automatic Stirrup Bending Machine STWQ4-14A bends 4\u201312mm coiled steel bars into stirrups. Fast, accurate, and built for industrial and export applications.","og_url":"https:\/\/www.hsymachinery.com\/hu\/termek\/automatikus-kengyelhajlito-gep-stwq4-14a\/","og_site_name":"HSY Construction Machinery","article_modified_time":"2025-06-28T05:40:23+00:00","og_image":[{"width":600,"height":600,"url":"https:\/\/www.hsymachinery.com\/wp-content\/uploads\/2025\/06\/Automatic-Stirrup-Bending-Machine-STWQ4-14A.jpg","type":"image\/jpeg"}],"twitter_card":"summary_large_image","twitter_misc":{"Becs\u00fclt olvas\u00e1si id\u0151":"2 perc"},"schema":{"@context":"https:\/\/schema.org","@graph":[{"@type":"WebPage","@id":"https:\/\/www.hsymachinery.com\/product\/automatic-stirrup-bending-machine-stwq4-14a\/","url":"https:\/\/www.hsymachinery.com\/product\/automatic-stirrup-bending-machine-stwq4-14a\/","name":"STWQ4-14A automata kengyelhajl\u00edt\u00f3 g\u00e9p - HSY Construction Machinery","isPartOf":{"@id":"https:\/\/www.hsymachinery.com\/#website"},"primaryImageOfPage":{"@id":"https:\/\/www.hsymachinery.com\/product\/automatic-stirrup-bending-machine-stwq4-14a\/#primaryimage"},"image":{"@id":"https:\/\/www.hsymachinery.com\/product\/automatic-stirrup-bending-machine-stwq4-14a\/#primaryimage"},"thumbnailUrl":"https:\/\/www.hsymachinery.com\/wp-content\/uploads\/2025\/06\/Automatic-Stirrup-Bending-Machine-STWQ4-14A.jpg","datePublished":"2025-06-18T07:34:18+00:00","dateModified":"2025-06-28T05:40:23+00:00","description":"Az STWQ4-14A automata kengyelhajl\u00edt\u00f3 g\u00e9p 4-12 mm-es tekercselt ac\u00e9lrudakat hajl\u00edt kengyelekk\u00e9. Gyors, pontos, ipari \u00e9s export alkalmaz\u00e1sokhoz k\u00e9sz\u00fclt.","breadcrumb":{"@id":"https:\/\/www.hsymachinery.com\/product\/automatic-stirrup-bending-machine-stwq4-14a\/#breadcrumb"},"inLanguage":"hu","potentialAction":[{"@type":"ReadAction","target":["https:\/\/www.hsymachinery.com\/product\/automatic-stirrup-bending-machine-stwq4-14a\/"]}]},{"@type":"ImageObject","inLanguage":"hu","@id":"https:\/\/www.hsymachinery.com\/product\/automatic-stirrup-bending-machine-stwq4-14a\/#primaryimage","url":"https:\/\/www.hsymachinery.com\/wp-content\/uploads\/2025\/06\/Automatic-Stirrup-Bending-Machine-STWQ4-14A.jpg","contentUrl":"https:\/\/www.hsymachinery.com\/wp-content\/uploads\/2025\/06\/Automatic-Stirrup-Bending-Machine-STWQ4-14A.jpg","width":600,"height":600},{"@type":"BreadcrumbList","@id":"https:\/\/www.hsymachinery.com\/product\/automatic-stirrup-bending-machine-stwq4-14a\/#breadcrumb","itemListElement":[{"@type":"ListItem","position":1,"name":"home","item":"https:\/\/www.hsymachinery.com\/"},{"@type":"ListItem","position":2,"name":"products","item":"https:\/\/www.hsymachinery.com\/products\/"},{"@type":"ListItem","position":3,"name":"Automatic Stirrup Bending Machine STWQ4-14A"}]},{"@type":"WebSite","@id":"https:\/\/www.hsymachinery.com\/#website","url":"https:\/\/www.hsymachinery.com\/","name":"HSY \u00e9p\u00edt\u0151ipari g\u00e9pek","description":"HSY Machinery - K\u00edna vezet\u0151 \u00e9p\u00edt\u0151ipari g\u00e9pgy\u00e1rt\u00f3 v\u00e1llalata, amely k\u00f6nny\u0171 \u00e9p\u00edt\u0151ipari berendez\u00e9sek sz\u00e9les v\u00e1laszt\u00e9k\u00e1t k\u00edn\u00e1lja. F\u0151 term\u00e9keink k\u00f6z\u00e9 tartozik az \u00fajj\u00e1\u00e9p\u00edt\u00e9si v\u00e1g\u00f3g\u00e9p, az \u00fajj\u00e1\u00e9p\u00edt\u00e9si hajl\u00edt\u00f3g\u00e9p, az \u00fajj\u00e1\u00e9p\u00edt\u00e9si kengyelhajl\u00edt\u00f3 g\u00e9p, az \u00fajj\u00e1\u00e9p\u00edt\u00e9si \u00edvhajl\u00edt\u00f3 g\u00e9p, az \u00fajj\u00e1\u00e9p\u00edt\u00e9si egyenes\u00edt\u0151 g\u00e9p, az \u00f6tfej\u0171 \u00fajj\u00e1\u00e9p\u00edt\u00e9si kengyelhajl\u00edt\u00f3 g\u00e9p, a d\u00f6ng\u00f6l\u0151 rammer, a lemezkompaktor, a betonv\u00e1g\u00f3, a villanymotoros sim\u00edt\u00f3 \u00e9s m\u00e1s \u00e9p\u00edt\u0151ipari g\u00e9pek. Fejlett CNC-g\u00e9pekkel vagyunk felszerelve, \u00e9s szigor\u00fa min\u0151s\u00e9gellen\u0151rz\u00e9si szabv\u00e1nyokat \u00e9rv\u00e9nyes\u00edt\u00fcnk az \u00e1tfog\u00f3 \u00e9rt\u00e9kes\u00edt\u00e9s ut\u00e1ni szolg\u00e1ltat\u00e1ssal egy\u00fctt. Ha \u00e9rdeklik term\u00e9keink vagy szolg\u00e1ltat\u00e1saink, sz\u00edvesen fogadjuk \u00e9rdekl\u0151d\u00e9s\u00e9t \u00fczenetben.","publisher":{"@id":"https:\/\/www.hsymachinery.com\/#organization"},"potentialAction":[{"@type":"SearchAction","target":{"@type":"EntryPoint","urlTemplate":"https:\/\/www.hsymachinery.com\/?s={search_term_string}"},"query-input":{"@type":"PropertyValueSpecification","valueRequired":true,"valueName":"search_term_string"}}],"inLanguage":"hu"},{"@type":"Organization","@id":"https:\/\/www.hsymachinery.com\/#organization","name":"HSY \u00e9p\u00edt\u0151ipari g\u00e9pek","url":"https:\/\/www.hsymachinery.com\/","logo":{"@type":"ImageObject","inLanguage":"hu","@id":"https:\/\/www.hsymachinery.com\/#\/schema\/logo\/image\/","url":"https:\/\/www.hsymachinery.com\/wp-content\/uploads\/2025\/06\/cropped-HSY-machinery.png","contentUrl":"https:\/\/www.hsymachinery.com\/wp-content\/uploads\/2025\/06\/cropped-HSY-machinery.png","width":600,"height":240,"caption":"HSY Construction Machinery"},"image":{"@id":"https:\/\/www.hsymachinery.com\/#\/schema\/logo\/image\/"}}]}},"_links":{"self":[{"href":"https:\/\/www.hsymachinery.com\/hu\/wp-json\/wp\/v2\/product\/9046","targetHints":{"allow":["GET"]}}],"collection":[{"href":"https:\/\/www.hsymachinery.com\/hu\/wp-json\/wp\/v2\/product"}],"about":[{"href":"https:\/\/www.hsymachinery.com\/hu\/wp-json\/wp\/v2\/types\/product"}],"version-history":[{"count":4,"href":"https:\/\/www.hsymachinery.com\/hu\/wp-json\/wp\/v2\/product\/9046\/revisions"}],"predecessor-version":[{"id":9480,"href":"https:\/\/www.hsymachinery.com\/hu\/wp-json\/wp\/v2\/product\/9046\/revisions\/9480"}],"wp:featuredmedia":[{"embeddable":true,"href":"https:\/\/www.hsymachinery.com\/hu\/wp-json\/wp\/v2\/media\/9048"}],"wp:attachment":[{"href":"https:\/\/www.hsymachinery.com\/hu\/wp-json\/wp\/v2\/media?parent=9046"}],"wp:term":[{"taxonomy":"product_brand","embeddable":true,"href":"https:\/\/www.hsymachinery.com\/hu\/wp-json\/wp\/v2\/product_brand?post=9046"},{"taxonomy":"product_cat","embeddable":true,"href":"https:\/\/www.hsymachinery.com\/hu\/wp-json\/wp\/v2\/product_cat?post=9046"},{"taxonomy":"product_tag","embeddable":true,"href":"https:\/\/www.hsymachinery.com\/hu\/wp-json\/wp\/v2\/product_tag?post=9046"}],"curies":[{"name":"wp","href":"https:\/\/api.w.org\/{rel}","templated":true}]}}