{"id":9035,"date":"2025-06-18T14:51:23","date_gmt":"2025-06-18T06:51:23","guid":{"rendered":"https:\/\/www.hsymachinery.com\/?post_type=product&#038;p=9035"},"modified":"2025-06-28T11:54:06","modified_gmt":"2025-06-28T03:54:06","slug":"otfejes-betonacel-kengyelhajlito-gep-gff-22","status":"publish","type":"product","link":"https:\/\/www.hsymachinery.com\/hu\/termek\/otfejes-betonacel-kengyelhajlito-gep-gff-22\/","title":{"rendered":"\u00d6tfej\u0171 betonac\u00e9l kengyelhajl\u00edt\u00f3 g\u00e9p GFF-22"},"content":{"rendered":"<h2 data-start=\"116\" data-end=\"170\">\u00d6tfej\u0171 betonac\u00e9l kengyelhajl\u00edt\u00f3 g\u00e9p GFF-22<\/h2>\n<h3 data-start=\"171\" data-end=\"277\">GFF-22 CNC \u00f6tfej\u0171 \u00f6tfej\u0171 ac\u00e9lr\u00fad hajl\u00edt\u00f3 g\u00e9p | Prec\u00edzi\u00f3s kengyelform\u00e1z\u00f3 berendez\u00e9s 6-22 mm-es ac\u00e9lrudakhoz<\/h3>\n<h3 data-start=\"284\" data-end=\"362\">Term\u00e9k \u00e1ttekint\u00e9s - Nagy teherb\u00edr\u00e1s\u00fa kengyelhajl\u00edt\u00e1s nagyobb \u00e1tm\u00e9r\u0151j\u0171 betonac\u00e9lokhoz<a href=\"https:\/\/www.hsymachinery.com\/hu\/termekek\/ot-fej-betonacel-kengyel-hajlito-gep\/\" target=\"_blank\" rel=\"noopener\"><img fetchpriority=\"high\" decoding=\"async\" class=\"wp-image-9454 alignright\" src=\"https:\/\/www.hsymachinery.com\/wp-content\/uploads\/2025\/06\/5-Head-Rebar-Bender-for-Stirrup-225x300.jpg\" alt=\"\" width=\"401\" height=\"535\" srcset=\"https:\/\/www.hsymachinery.com\/wp-content\/uploads\/2025\/06\/5-Head-Rebar-Bender-for-Stirrup-225x300.jpg 225w, https:\/\/www.hsymachinery.com\/wp-content\/uploads\/2025\/06\/5-Head-Rebar-Bender-for-Stirrup-768x1024.jpg 768w, https:\/\/www.hsymachinery.com\/wp-content\/uploads\/2025\/06\/5-Head-Rebar-Bender-for-Stirrup-600x800.jpg 600w, https:\/\/www.hsymachinery.com\/wp-content\/uploads\/2025\/06\/5-Head-Rebar-Bender-for-Stirrup.jpg 800w\" sizes=\"(max-width: 401px) 100vw, 401px\" \/><\/a><\/h3>\n<p data-start=\"364\" data-end=\"706\">A <strong data-start=\"368\" data-end=\"418\">\u00d6tfej\u0171 betonac\u00e9l kengyelhajl\u00edt\u00f3 g\u00e9p GFF-22<\/strong> egy robusztus \u00e9s intelligens rendszer, amelyet 6 mm \u00e9s 22 mm k\u00f6z\u00f6tti ac\u00e9lrudak pontos kengyelform\u00e1kk\u00e1 t\u00f6rt\u00e9n\u0151 feldolgoz\u00e1s\u00e1ra terveztek. \u00d6t egym\u00e1st\u00f3l f\u00fcggetlen\u00fcl vez\u00e9relt hajl\u00edt\u00f3karral a GFF-22 nagyobb rugalmass\u00e1got k\u00edn\u00e1l, lehet\u0151v\u00e9 t\u00e9ve a felhaszn\u00e1l\u00f3k sz\u00e1m\u00e1ra, hogy nagyobb \u00e9s \u00f6sszetettebb kengyelkonfigur\u00e1ci\u00f3kat alak\u00edtsanak ki nagy sebess\u00e9ggel.<\/p>\n<p data-start=\"708\" data-end=\"895\">Ez a modell k\u00fcl\u00f6n\u00f6sen hat\u00e9kony infrastruktur\u00e1lis projektekben, ac\u00e9lgy\u00e1rt\u00f3 m\u0171helyekben \u00e9s t\u00f6meges betonac\u00e9lgy\u00e1rt\u00f3 l\u00e9tes\u00edtm\u00e9nyekben, ahol a teljes\u00edtm\u00e9ny \u00e9s a pontoss\u00e1g egyar\u00e1nt kritikus.<\/p>\n<h3 data-start=\"902\" data-end=\"964\">CNC-vez\u00e9relt hat\u00e9konys\u00e1g rugalmas kengyeltervez\u00e9ssel<\/h3>\n<p data-start=\"966\" data-end=\"1314\">A GFF-22 CNC vez\u00e9rl\u0151rendszert \u00e9s \u00f6t szinkroniz\u00e1lt hajl\u00edt\u00f3fejet integr\u00e1l, lehet\u0151v\u00e9 t\u00e9ve a t\u00e9glalap, n\u00e9gyzet, U alak\u00fa vagy egyedi kengyelform\u00e1k z\u00f6kken\u0151mentes \u00e9s gyors gy\u00e1rt\u00e1s\u00e1t. A kezel\u0151k k\u00f6zvetlen\u00fcl az \u00e9rint\u0151k\u00e9perny\u0151s kezel\u0151fel\u00fcleten kereszt\u00fcl \u00e1ll\u00edthatj\u00e1k be a hajl\u00edt\u00e1si sz\u00f6geket, a sugarakat \u00e9s a r\u00fad hossz\u00e1t, \u00edgy perceken bel\u00fcl lehet\u0151v\u00e9 v\u00e1lik a t\u00e9telprogramoz\u00e1s \u00e9s a munkakapcsol\u00e1s.<\/p>\n<p data-start=\"1316\" data-end=\"1474\">A szervo meghajt\u00e1s\u00fa rendszer alacsony hibahat\u00e1rokat \u00e9s minim\u00e1lis mechanikai kop\u00e1st biztos\u00edt, ami egyenletesen egyenes, \u00e9les hajl\u00edt\u00e1sokat eredm\u00e9nyez a k\u00fcl\u00f6nb\u00f6z\u0151 ac\u00e9lt\u00edpusokn\u00e1l.<\/p>\n<h3 data-start=\"1481\" data-end=\"1537\">Nagy kapacit\u00e1s\u00fa, hossz\u00fa t\u00e1v\u00fa m\u0171k\u00f6d\u00e9sre tervezve<\/h3>\n<p data-start=\"1539\" data-end=\"1852\">Ez a g\u00e9p egy meger\u0151s\u00edtett szerkezeti ac\u00e9lplatformra \u00e9p\u00fcl, f\u00e1rad\u00e1sg\u00e1tl\u00f3 kialak\u00edt\u00e1ssal, amely m\u00e9g folyamatos, nagy sebess\u00e9g\u0171 haszn\u00e1lat mellett is megb\u00edzhat\u00f3 m\u0171k\u00f6d\u00e9st biztos\u00edt. Automatikus r\u00fadadagol\u00e1ssal, k\u00f6zponti ken\u00e9ssel \u00e9s t\u00falterhel\u00e9sv\u00e9delmi rendszerrel rendelkezik, hogy cs\u00f6kkentse az \u00e1ll\u00e1sid\u0151t \u00e9s meghosszabb\u00edtsa az \u00e9lettartamot.<\/p>\n<p data-start=\"1854\" data-end=\"1991\">A bemeneti t\u00e1pell\u00e1t\u00e1s t\u00e1mogatja a 380 V-os h\u00e1romf\u00e1zis\u00fa fesz\u00fclts\u00e9get (exportra testre szabhat\u00f3), \u00edgy a GFF-22 ide\u00e1lis mind a hazai, mind a nemzetk\u00f6zi piacokra.<\/p>\n<h3 data-start=\"1998\" data-end=\"2057\">A GFF-22 \u00f6tfejes kengyelhajl\u00edt\u00f3 f\u0151 jellemz\u0151i<\/h3>\n<ul data-start=\"2059\" data-end=\"2383\">\n<li data-start=\"2059\" data-end=\"2114\">\n<p data-start=\"2061\" data-end=\"2114\">6-22 mm-es ac\u00e9lrudak hajl\u00edt\u00e1sa bonyolult kengyelform\u00e1kk\u00e1<\/p>\n<\/li>\n<li data-start=\"2115\" data-end=\"2182\">\n<p data-start=\"2117\" data-end=\"2182\">\u00d6t f\u00fcggetlen fej biztos\u00edtja a szinkroniz\u00e1lt t\u00f6bbpontos hajl\u00edt\u00e1st<\/p>\n<\/li>\n<li data-start=\"2183\" data-end=\"2245\">\n<p data-start=\"2185\" data-end=\"2245\">CNC-interf\u00e9sszel \u00e9s mem\u00f3riaalap\u00fa alakzat-t\u00e1rol\u00e1ssal felszerelve<\/p>\n<\/li>\n<li data-start=\"2246\" data-end=\"2313\">\n<p data-start=\"2248\" data-end=\"2313\">Stabil v\u00e1z automatikus ken\u00e9ssel \u00e9s t\u00falterhel\u00e9s elleni v\u00e9delemmel<\/p>\n<\/li>\n<li data-start=\"2314\" data-end=\"2383\">\n<p data-start=\"2316\" data-end=\"2383\">Ide\u00e1lis a nagy teljes\u00edtm\u00e9ny\u0171 termel\u00e9shez polg\u00e1ri \u00e9s ipari projektekben<\/p>\n<\/li>\n<\/ul>\n<p><iframe title=\"R\u00fadhajl\u00edt\u00f3. Rebar hajl\u00edt\u00f3 g\u00e9p. Rebar v\u00e1g\u00f3 #rebarbarbending #rebarbender #rebarc cuttingmachine\" width=\"720\" height=\"405\" src=\"https:\/\/www.youtube.com\/embed\/wGf4SMojvYY?feature=oembed\" frameborder=\"0\" allow=\"accelerometer; autoplay; clipboard-write; encrypted-media; gyroscope; picture-in-picture; web-share\" referrerpolicy=\"strict-origin-when-cross-origin\" allowfullscreen><\/iframe><\/p>","protected":false},"excerpt":{"rendered":"<p>A GFF-22 \u00f6tfejes kengyelhajl\u00edt\u00f3 g\u00e9p 6-22 mm-es betonac\u00e9lokat form\u00e1l prec\u00edz kengyelekk\u00e9. Jellemz\u0151i a CNC-vez\u00e9rl\u00e9s, a gyors munkakapcsol\u00e1s \u00e9s az exportk\u00e9pes, nagy teherb\u00edr\u00e1s\u00fa kivitel.<\/p>","protected":false},"featured_media":9036,"template":"","meta":{"_kad_post_transparent":"default","_kad_post_title":"","_kad_post_layout":"default","_kad_post_sidebar_id":"","_kad_post_content_style":"default","_kad_post_vertical_padding":"default","_kad_post_feature":"","_kad_post_feature_position":"","_kad_post_header":false,"_kad_post_footer":false},"product_brand":[],"product_cat":[60],"product_tag":[1039,1036,1038,1037,1035,1041,1040],"class_list":{"0":"post-9035","1":"product","2":"type-product","3":"status-publish","4":"has-post-thumbnail","6":"product_cat-five-head-rebar-stirrup-bending-machine","7":"product_tag-5-head-rebar-bender-for-stirrup","8":"product_tag-automatic-stirrup-bender-with-five-heads","9":"product_tag-cnc-stirrup-bending-equipment","10":"product_tag-high-speed-rebar-stirrup-machine","11":"product_tag-multi-head-rebar-stirrup-bending-machine","12":"product_tag-rebar-stirrup-forming-machine","13":"product_tag-steel-bar-stirrup-making-machine","15":"first","16":"instock","17":"featured","18":"shipping-taxable","19":"product-type-simple","20":"entry","21":"content-bg","22":"loop-entry"},"yoast_head":"<!-- This site is optimized with the Yoast SEO plugin v25.3.1 - https:\/\/yoast.com\/wordpress\/plugins\/seo\/ -->\n<title>Five-Head Rebar Stirrup Bending Machine GFF-22 - HSY Construction Machinery<\/title>\n<meta name=\"description\" content=\"The Five-Head Rebar Stirrup Bending Machine GFF-22 bends 6\u201322mm steel bars into stirrups. CNC-controlled, durable, and ideal for high-speed, industrial production.\" \/>\n<meta name=\"robots\" content=\"index, follow, max-snippet:-1, max-image-preview:large, max-video-preview:-1\" \/>\n<link rel=\"canonical\" href=\"https:\/\/www.hsymachinery.com\/hu\/termek\/otfejes-betonacel-kengyelhajlito-gep-gff-22\/\" \/>\n<meta property=\"og:locale\" content=\"hu_HU\" \/>\n<meta property=\"og:type\" content=\"article\" \/>\n<meta property=\"og:title\" content=\"Five-Head Rebar Stirrup Bending Machine GFF-22 - HSY Construction Machinery\" \/>\n<meta property=\"og:description\" content=\"The Five-Head Rebar Stirrup Bending Machine GFF-22 bends 6\u201322mm steel bars into stirrups. CNC-controlled, durable, and ideal for high-speed, industrial production.\" \/>\n<meta property=\"og:url\" content=\"https:\/\/www.hsymachinery.com\/hu\/termek\/otfejes-betonacel-kengyelhajlito-gep-gff-22\/\" \/>\n<meta property=\"og:site_name\" content=\"HSY Construction Machinery\" \/>\n<meta property=\"article:modified_time\" content=\"2025-06-28T03:54:06+00:00\" \/>\n<meta property=\"og:image\" content=\"https:\/\/www.hsymachinery.com\/wp-content\/uploads\/2025\/06\/Five-Head-Rebar-Stirrup-Bending-Machine-GFF-22.jpg\" \/>\n\t<meta property=\"og:image:width\" content=\"600\" \/>\n\t<meta property=\"og:image:height\" content=\"600\" \/>\n\t<meta property=\"og:image:type\" content=\"image\/jpeg\" \/>\n<meta name=\"twitter:card\" content=\"summary_large_image\" \/>\n<meta name=\"twitter:label1\" content=\"Becs\u00fclt olvas\u00e1si id\u0151\" \/>\n\t<meta name=\"twitter:data1\" content=\"2 perc\" \/>\n<script type=\"application\/ld+json\" class=\"yoast-schema-graph\">{\"@context\":\"https:\/\/schema.org\",\"@graph\":[{\"@type\":\"WebPage\",\"@id\":\"https:\/\/www.hsymachinery.com\/product\/five-head-rebar-stirrup-bending-machine-gff-22\/\",\"url\":\"https:\/\/www.hsymachinery.com\/product\/five-head-rebar-stirrup-bending-machine-gff-22\/\",\"name\":\"Five-Head Rebar Stirrup Bending Machine GFF-22 - HSY Construction Machinery\",\"isPartOf\":{\"@id\":\"https:\/\/www.hsymachinery.com\/#website\"},\"primaryImageOfPage\":{\"@id\":\"https:\/\/www.hsymachinery.com\/product\/five-head-rebar-stirrup-bending-machine-gff-22\/#primaryimage\"},\"image\":{\"@id\":\"https:\/\/www.hsymachinery.com\/product\/five-head-rebar-stirrup-bending-machine-gff-22\/#primaryimage\"},\"thumbnailUrl\":\"https:\/\/www.hsymachinery.com\/wp-content\/uploads\/2025\/06\/Five-Head-Rebar-Stirrup-Bending-Machine-GFF-22.jpg\",\"datePublished\":\"2025-06-18T06:51:23+00:00\",\"dateModified\":\"2025-06-28T03:54:06+00:00\",\"description\":\"The Five-Head Rebar Stirrup Bending Machine GFF-22 bends 6\u201322mm steel bars into stirrups. CNC-controlled, durable, and ideal for high-speed, industrial production.\",\"breadcrumb\":{\"@id\":\"https:\/\/www.hsymachinery.com\/product\/five-head-rebar-stirrup-bending-machine-gff-22\/#breadcrumb\"},\"inLanguage\":\"hu\",\"potentialAction\":[{\"@type\":\"ReadAction\",\"target\":[\"https:\/\/www.hsymachinery.com\/product\/five-head-rebar-stirrup-bending-machine-gff-22\/\"]}]},{\"@type\":\"ImageObject\",\"inLanguage\":\"hu\",\"@id\":\"https:\/\/www.hsymachinery.com\/product\/five-head-rebar-stirrup-bending-machine-gff-22\/#primaryimage\",\"url\":\"https:\/\/www.hsymachinery.com\/wp-content\/uploads\/2025\/06\/Five-Head-Rebar-Stirrup-Bending-Machine-GFF-22.jpg\",\"contentUrl\":\"https:\/\/www.hsymachinery.com\/wp-content\/uploads\/2025\/06\/Five-Head-Rebar-Stirrup-Bending-Machine-GFF-22.jpg\",\"width\":600,\"height\":600},{\"@type\":\"BreadcrumbList\",\"@id\":\"https:\/\/www.hsymachinery.com\/product\/five-head-rebar-stirrup-bending-machine-gff-22\/#breadcrumb\",\"itemListElement\":[{\"@type\":\"ListItem\",\"position\":1,\"name\":\"home\",\"item\":\"https:\/\/www.hsymachinery.com\/\"},{\"@type\":\"ListItem\",\"position\":2,\"name\":\"products\",\"item\":\"https:\/\/www.hsymachinery.com\/products\/\"},{\"@type\":\"ListItem\",\"position\":3,\"name\":\"Five-Head Rebar Stirrup Bending Machine GFF-22\"}]},{\"@type\":\"WebSite\",\"@id\":\"https:\/\/www.hsymachinery.com\/#website\",\"url\":\"https:\/\/www.hsymachinery.com\/\",\"name\":\"HSY Construction Machinery\",\"description\":\"HSY Machinery \u2013 A leading China construction machinery supplier, offering a wide range of light construction equipment. Our main products include Rebar Cutting Machine, Rebar Bending Machine, Rebar Stirrup Bending Machine, Rebar Arc Bending Machine, Rebar Straightening Machine, Five-Head Rebar Stirrup Bending Machine, Tamping Rammer, Plate Compactor, Concrete Cutter, Power Trowel, and other construction machinery. We are equipped with advanced CNC machines, and we enforce strict quality inspection standards along with comprehensive after-sales service. If you are interested in our products or services, we warmly welcome your inquiries via message.\",\"publisher\":{\"@id\":\"https:\/\/www.hsymachinery.com\/#organization\"},\"potentialAction\":[{\"@type\":\"SearchAction\",\"target\":{\"@type\":\"EntryPoint\",\"urlTemplate\":\"https:\/\/www.hsymachinery.com\/?s={search_term_string}\"},\"query-input\":{\"@type\":\"PropertyValueSpecification\",\"valueRequired\":true,\"valueName\":\"search_term_string\"}}],\"inLanguage\":\"hu\"},{\"@type\":\"Organization\",\"@id\":\"https:\/\/www.hsymachinery.com\/#organization\",\"name\":\"HSY Construction Machinery\",\"url\":\"https:\/\/www.hsymachinery.com\/\",\"logo\":{\"@type\":\"ImageObject\",\"inLanguage\":\"hu\",\"@id\":\"https:\/\/www.hsymachinery.com\/#\/schema\/logo\/image\/\",\"url\":\"https:\/\/www.hsymachinery.com\/wp-content\/uploads\/2025\/06\/cropped-HSY-machinery.png\",\"contentUrl\":\"https:\/\/www.hsymachinery.com\/wp-content\/uploads\/2025\/06\/cropped-HSY-machinery.png\",\"width\":600,\"height\":240,\"caption\":\"HSY Construction Machinery\"},\"image\":{\"@id\":\"https:\/\/www.hsymachinery.com\/#\/schema\/logo\/image\/\"}}]}<\/script>\n<!-- \/ Yoast SEO plugin. -->","yoast_head_json":{"title":"\u00d6tfej\u0171 betonac\u00e9l kengyelhajl\u00edt\u00f3 g\u00e9p GFF-22 - HSY \u00c9p\u00edt\u0151ipari g\u00e9pek","description":"A GFF-22 \u00f6tfejes kengyelhajl\u00edt\u00f3 g\u00e9p 6-22 mm-es ac\u00e9lrudakat hajl\u00edt kengyell\u00e9. CNC-vez\u00e9relt, tart\u00f3s \u00e9s ide\u00e1lis a nagy sebess\u00e9g\u0171, ipari termel\u00e9shez.","robots":{"index":"index","follow":"follow","max-snippet":"max-snippet:-1","max-image-preview":"max-image-preview:large","max-video-preview":"max-video-preview:-1"},"canonical":"https:\/\/www.hsymachinery.com\/hu\/termek\/otfejes-betonacel-kengyelhajlito-gep-gff-22\/","og_locale":"hu_HU","og_type":"article","og_title":"Five-Head Rebar Stirrup Bending Machine GFF-22 - HSY Construction Machinery","og_description":"The Five-Head Rebar Stirrup Bending Machine GFF-22 bends 6\u201322mm steel bars into stirrups. CNC-controlled, durable, and ideal for high-speed, industrial production.","og_url":"https:\/\/www.hsymachinery.com\/hu\/termek\/otfejes-betonacel-kengyelhajlito-gep-gff-22\/","og_site_name":"HSY Construction Machinery","article_modified_time":"2025-06-28T03:54:06+00:00","og_image":[{"width":600,"height":600,"url":"https:\/\/www.hsymachinery.com\/wp-content\/uploads\/2025\/06\/Five-Head-Rebar-Stirrup-Bending-Machine-GFF-22.jpg","type":"image\/jpeg"}],"twitter_card":"summary_large_image","twitter_misc":{"Becs\u00fclt olvas\u00e1si id\u0151":"2 perc"},"schema":{"@context":"https:\/\/schema.org","@graph":[{"@type":"WebPage","@id":"https:\/\/www.hsymachinery.com\/product\/five-head-rebar-stirrup-bending-machine-gff-22\/","url":"https:\/\/www.hsymachinery.com\/product\/five-head-rebar-stirrup-bending-machine-gff-22\/","name":"\u00d6tfej\u0171 betonac\u00e9l kengyelhajl\u00edt\u00f3 g\u00e9p GFF-22 - HSY \u00c9p\u00edt\u0151ipari g\u00e9pek","isPartOf":{"@id":"https:\/\/www.hsymachinery.com\/#website"},"primaryImageOfPage":{"@id":"https:\/\/www.hsymachinery.com\/product\/five-head-rebar-stirrup-bending-machine-gff-22\/#primaryimage"},"image":{"@id":"https:\/\/www.hsymachinery.com\/product\/five-head-rebar-stirrup-bending-machine-gff-22\/#primaryimage"},"thumbnailUrl":"https:\/\/www.hsymachinery.com\/wp-content\/uploads\/2025\/06\/Five-Head-Rebar-Stirrup-Bending-Machine-GFF-22.jpg","datePublished":"2025-06-18T06:51:23+00:00","dateModified":"2025-06-28T03:54:06+00:00","description":"A GFF-22 \u00f6tfejes kengyelhajl\u00edt\u00f3 g\u00e9p 6-22 mm-es ac\u00e9lrudakat hajl\u00edt kengyell\u00e9. CNC-vez\u00e9relt, tart\u00f3s \u00e9s ide\u00e1lis a nagy sebess\u00e9g\u0171, ipari termel\u00e9shez.","breadcrumb":{"@id":"https:\/\/www.hsymachinery.com\/product\/five-head-rebar-stirrup-bending-machine-gff-22\/#breadcrumb"},"inLanguage":"hu","potentialAction":[{"@type":"ReadAction","target":["https:\/\/www.hsymachinery.com\/product\/five-head-rebar-stirrup-bending-machine-gff-22\/"]}]},{"@type":"ImageObject","inLanguage":"hu","@id":"https:\/\/www.hsymachinery.com\/product\/five-head-rebar-stirrup-bending-machine-gff-22\/#primaryimage","url":"https:\/\/www.hsymachinery.com\/wp-content\/uploads\/2025\/06\/Five-Head-Rebar-Stirrup-Bending-Machine-GFF-22.jpg","contentUrl":"https:\/\/www.hsymachinery.com\/wp-content\/uploads\/2025\/06\/Five-Head-Rebar-Stirrup-Bending-Machine-GFF-22.jpg","width":600,"height":600},{"@type":"BreadcrumbList","@id":"https:\/\/www.hsymachinery.com\/product\/five-head-rebar-stirrup-bending-machine-gff-22\/#breadcrumb","itemListElement":[{"@type":"ListItem","position":1,"name":"home","item":"https:\/\/www.hsymachinery.com\/"},{"@type":"ListItem","position":2,"name":"products","item":"https:\/\/www.hsymachinery.com\/products\/"},{"@type":"ListItem","position":3,"name":"Five-Head Rebar Stirrup Bending Machine GFF-22"}]},{"@type":"WebSite","@id":"https:\/\/www.hsymachinery.com\/#website","url":"https:\/\/www.hsymachinery.com\/","name":"HSY \u00e9p\u00edt\u0151ipari g\u00e9pek","description":"HSY Machinery - K\u00edna vezet\u0151 \u00e9p\u00edt\u0151ipari g\u00e9pgy\u00e1rt\u00f3 v\u00e1llalata, amely k\u00f6nny\u0171 \u00e9p\u00edt\u0151ipari berendez\u00e9sek sz\u00e9les v\u00e1laszt\u00e9k\u00e1t k\u00edn\u00e1lja. F\u0151 term\u00e9keink k\u00f6z\u00e9 tartozik az \u00fajj\u00e1\u00e9p\u00edt\u00e9si v\u00e1g\u00f3g\u00e9p, az \u00fajj\u00e1\u00e9p\u00edt\u00e9si hajl\u00edt\u00f3g\u00e9p, az \u00fajj\u00e1\u00e9p\u00edt\u00e9si kengyelhajl\u00edt\u00f3 g\u00e9p, az \u00fajj\u00e1\u00e9p\u00edt\u00e9si \u00edvhajl\u00edt\u00f3 g\u00e9p, az \u00fajj\u00e1\u00e9p\u00edt\u00e9si egyenes\u00edt\u0151 g\u00e9p, az \u00f6tfej\u0171 \u00fajj\u00e1\u00e9p\u00edt\u00e9si kengyelhajl\u00edt\u00f3 g\u00e9p, a d\u00f6ng\u00f6l\u0151 rammer, a lemezkompaktor, a betonv\u00e1g\u00f3, a villanymotoros sim\u00edt\u00f3 \u00e9s m\u00e1s \u00e9p\u00edt\u0151ipari g\u00e9pek. Fejlett CNC-g\u00e9pekkel vagyunk felszerelve, \u00e9s szigor\u00fa min\u0151s\u00e9gellen\u0151rz\u00e9si szabv\u00e1nyokat \u00e9rv\u00e9nyes\u00edt\u00fcnk az \u00e1tfog\u00f3 \u00e9rt\u00e9kes\u00edt\u00e9s ut\u00e1ni szolg\u00e1ltat\u00e1ssal egy\u00fctt. Ha \u00e9rdeklik term\u00e9keink vagy szolg\u00e1ltat\u00e1saink, sz\u00edvesen fogadjuk \u00e9rdekl\u0151d\u00e9s\u00e9t \u00fczenetben.","publisher":{"@id":"https:\/\/www.hsymachinery.com\/#organization"},"potentialAction":[{"@type":"SearchAction","target":{"@type":"EntryPoint","urlTemplate":"https:\/\/www.hsymachinery.com\/?s={search_term_string}"},"query-input":{"@type":"PropertyValueSpecification","valueRequired":true,"valueName":"search_term_string"}}],"inLanguage":"hu"},{"@type":"Organization","@id":"https:\/\/www.hsymachinery.com\/#organization","name":"HSY \u00e9p\u00edt\u0151ipari g\u00e9pek","url":"https:\/\/www.hsymachinery.com\/","logo":{"@type":"ImageObject","inLanguage":"hu","@id":"https:\/\/www.hsymachinery.com\/#\/schema\/logo\/image\/","url":"https:\/\/www.hsymachinery.com\/wp-content\/uploads\/2025\/06\/cropped-HSY-machinery.png","contentUrl":"https:\/\/www.hsymachinery.com\/wp-content\/uploads\/2025\/06\/cropped-HSY-machinery.png","width":600,"height":240,"caption":"HSY Construction Machinery"},"image":{"@id":"https:\/\/www.hsymachinery.com\/#\/schema\/logo\/image\/"}}]}},"_links":{"self":[{"href":"https:\/\/www.hsymachinery.com\/hu\/wp-json\/wp\/v2\/product\/9035","targetHints":{"allow":["GET"]}}],"collection":[{"href":"https:\/\/www.hsymachinery.com\/hu\/wp-json\/wp\/v2\/product"}],"about":[{"href":"https:\/\/www.hsymachinery.com\/hu\/wp-json\/wp\/v2\/types\/product"}],"version-history":[{"count":3,"href":"https:\/\/www.hsymachinery.com\/hu\/wp-json\/wp\/v2\/product\/9035\/revisions"}],"predecessor-version":[{"id":9464,"href":"https:\/\/www.hsymachinery.com\/hu\/wp-json\/wp\/v2\/product\/9035\/revisions\/9464"}],"wp:featuredmedia":[{"embeddable":true,"href":"https:\/\/www.hsymachinery.com\/hu\/wp-json\/wp\/v2\/media\/9036"}],"wp:attachment":[{"href":"https:\/\/www.hsymachinery.com\/hu\/wp-json\/wp\/v2\/media?parent=9035"}],"wp:term":[{"taxonomy":"product_brand","embeddable":true,"href":"https:\/\/www.hsymachinery.com\/hu\/wp-json\/wp\/v2\/product_brand?post=9035"},{"taxonomy":"product_cat","embeddable":true,"href":"https:\/\/www.hsymachinery.com\/hu\/wp-json\/wp\/v2\/product_cat?post=9035"},{"taxonomy":"product_tag","embeddable":true,"href":"https:\/\/www.hsymachinery.com\/hu\/wp-json\/wp\/v2\/product_tag?post=9035"}],"curies":[{"name":"wp","href":"https:\/\/api.w.org\/{rel}","templated":true}]}}