{"id":9030,"date":"2025-06-18T14:39:16","date_gmt":"2025-06-18T06:39:16","guid":{"rendered":"https:\/\/www.hsymachinery.com\/?post_type=product&#038;p=9030"},"modified":"2025-06-28T11:42:45","modified_gmt":"2025-06-28T03:42:45","slug":"otfejes-betonacel-kengyelhajlito-gep-gff-18","status":"publish","type":"product","link":"https:\/\/www.hsymachinery.com\/hu\/termek\/otfejes-betonacel-kengyelhajlito-gep-gff-18\/","title":{"rendered":"\u00d6tfej\u0171 ac\u00e9l kengyelhajl\u00edt\u00f3 g\u00e9p GFF-18"},"content":{"rendered":"<h2 data-start=\"117\" data-end=\"171\">\u00d6tfej\u0171 ac\u00e9l kengyelhajl\u00edt\u00f3 g\u00e9p GFF-18<\/h2>\n<h3 data-start=\"172\" data-end=\"271\">GFF-18 \u00d6tfej\u0171 kengyelhajl\u00edt\u00f3 | Nagy sebess\u00e9g\u0171 CNC kengyelform\u00e1z\u00f3 g\u00e9p 6-18 mm-es kengyelhez<\/h3>\n<h3 data-start=\"278\" data-end=\"345\">Term\u00e9k \u00e1ttekint\u00e9s - Gyors, pontos \u00e9s t\u00f6bbsz\u00f6r\u00f6s kanyarod\u00e1si hat\u00e9konys\u00e1g<a href=\"https:\/\/www.hsymachinery.com\/hu\/termekek\/ot-fej-betonacel-kengyel-hajlito-gep\/\" target=\"_blank\" rel=\"noopener\"><img fetchpriority=\"high\" decoding=\"async\" class=\"wp-image-9456 alignright\" src=\"https:\/\/www.hsymachinery.com\/wp-content\/uploads\/2025\/06\/CNC-Stirrup-Bending-Equipment-225x300.jpg\" alt=\"\" width=\"400\" height=\"533\" srcset=\"https:\/\/www.hsymachinery.com\/wp-content\/uploads\/2025\/06\/CNC-Stirrup-Bending-Equipment-225x300.jpg 225w, https:\/\/www.hsymachinery.com\/wp-content\/uploads\/2025\/06\/CNC-Stirrup-Bending-Equipment-768x1024.jpg 768w, https:\/\/www.hsymachinery.com\/wp-content\/uploads\/2025\/06\/CNC-Stirrup-Bending-Equipment-600x800.jpg 600w, https:\/\/www.hsymachinery.com\/wp-content\/uploads\/2025\/06\/CNC-Stirrup-Bending-Equipment.jpg 800w\" sizes=\"(max-width: 400px) 100vw, 400px\" \/><\/a><\/h3>\n<p data-start=\"347\" data-end=\"741\">A <strong data-start=\"351\" data-end=\"401\">\u00d6tfej\u0171 ac\u00e9l kengyelhajl\u00edt\u00f3 g\u00e9p GFF-18<\/strong> egy nagy teljes\u00edtm\u00e9ny\u0171 g\u00e9p, amelyet 6 mm \u00e9s 18 mm k\u00f6z\u00f6tti ac\u00e9lrudak kengyelekk\u00e9 \u00e9s \u00f6sszetett form\u00e1kk\u00e1 t\u00f6rt\u00e9n\u0151 prec\u00edz hajl\u00edt\u00e1s\u00e1ra terveztek. \u00d6t f\u00fcggetlen hajl\u00edt\u00f3fejjel rendelkezik, amelyek lehet\u0151v\u00e9 teszik az egyidej\u0171 vagy egym\u00e1s ut\u00e1ni hajl\u00edt\u00e1si m\u0171veleteket, jelent\u0151sen n\u00f6velve a termel\u00e9kenys\u00e9get az el\u0151regy\u00e1rtott \u00fczemekben, betonac\u00e9lgy\u00e1rakban \u00e9s \u00e9p\u00edtkez\u00e9seken.<\/p>\n<p data-start=\"743\" data-end=\"916\">A programozhat\u00f3 logikai vez\u00e9rl\u0151nek (PLC) \u00e9s az automatikus m\u0171k\u00f6d\u00e9snek k\u00f6sz\u00f6nhet\u0151en ez a g\u00e9p jelent\u0151sen cs\u00f6kkenti a k\u00e9zi munk\u00e1t, mik\u00f6zben jav\u00edtja a forma pontoss\u00e1g\u00e1t \u00e9s a gy\u00e1rt\u00e1si sebess\u00e9get.<\/p>\n<h3 data-start=\"923\" data-end=\"980\">Rugalmas t\u00f6bbfejes m\u0171k\u00f6d\u00e9s megb\u00edzhat\u00f3 kimenettel<\/h3>\n<p data-start=\"982\" data-end=\"1308\">Az \u00f6t hajl\u00edt\u00f3fej mindegyike f\u00fcggetlen motorokkal \u00e9s szinkroniz\u00e1lt mozg\u00e1ssal m\u0171k\u00f6dik, \u00edgy rugalmasan lehet egyszerre t\u00f6bb kengyel hajl\u00edt\u00e1s\u00e1t vagy bonyolult sz\u00f6gek gyors egym\u00e1sut\u00e1nban t\u00f6rt\u00e9n\u0151 kivitelez\u00e9s\u00e9t v\u00e9gezni. A g\u00e9pet k\u00fcl\u00f6nb\u00f6z\u0151 form\u00e1khoz \u00e9s m\u00e9retekhez programozhatja, a param\u00e9tereket k\u00f6zvetlen\u00fcl a fed\u00e9lzeti vez\u00e9rl\u0151panelr\u0151l \u00e1ll\u00edthatja be.<\/p>\n<p data-start=\"1310\" data-end=\"1558\">A meger\u0151s\u00edtett hajl\u00edt\u00f3karok, a nagy pontoss\u00e1g\u00fa szervomotorok \u00e9s a tart\u00f3s g\u00f6rg\u0151k biztos\u00edtj\u00e1k a konzisztenci\u00e1t a nagy volumen\u0171 m\u0171veletek sor\u00e1n. Ak\u00e1r n\u00e9gyzet alak\u00fa, ak\u00e1r t\u00e9glalap alak\u00fa, ak\u00e1r egyedi kengyeltervek gy\u00e1rt\u00e1s\u00e1r\u00f3l van sz\u00f3, a GFF-18 p\u00e1ratlan teljes\u00edtm\u00e9nyt ny\u00fajt.<\/p>\n<h3 data-start=\"1565\" data-end=\"1617\">Robusztus kialak\u00edt\u00e1s ipari szint\u0171 stabilit\u00e1ssal<\/h3>\n<p data-start=\"1619\" data-end=\"1954\">A GFF-18 egy nagy teherb\u00edr\u00e1s\u00fa ac\u00e9lkeretre \u00e9p\u00fcl, amely ellen\u00e1ll a nagy sebess\u00e9g\u0171 m\u0171k\u00f6d\u00e9s sor\u00e1n fell\u00e9p\u0151 rezg\u00e9seknek \u00e9s deform\u00e1ci\u00f3nak. A k\u00f6nny\u0171 karbantart\u00e1s \u00e9s a hossz\u00fa \u00e9lettartam \u00e9rdek\u00e9ben tervezett k\u00e9sz\u00fcl\u00e9k automatikus ken\u0151rendszert \u00e9s hibajelz\u0151 kijelz\u0151t tartalmaz. T\u00e1mogatja a h\u00e1romf\u00e1zis\u00fa fesz\u00fclts\u00e9get (jellemz\u0151en 380 V, testre szabhat\u00f3) a glob\u00e1lis exporthoz.<\/p>\n<p data-start=\"1956\" data-end=\"2082\">Ez a g\u00e9p ide\u00e1lis a k\u00f6tegelt kengyelgy\u00e1rt\u00e1shoz, \u00edgy a gy\u00e1rt\u00f3k k\u00f6nnyed\u00e9n teljes\u00edthetik az ig\u00e9nyes \u00e9p\u00edt\u00e9si hat\u00e1rid\u0151ket.<\/p>\n<h3 data-start=\"2089\" data-end=\"2151\">A GFF-18 \u00f6tfej\u0171 kengyelhajl\u00edt\u00f3 g\u00e9p legfontosabb jellemz\u0151i<\/h3>\n<ul data-start=\"2153\" data-end=\"2472\">\n<li data-start=\"2153\" data-end=\"2208\">\n<p data-start=\"2155\" data-end=\"2208\">6-18 mm-es betonvasak hajl\u00edt\u00e1sa kengyelekbe \u00e9s \u00f6sszetett form\u00e1kba<\/p>\n<\/li>\n<li data-start=\"2209\" data-end=\"2277\">\n<p data-start=\"2211\" data-end=\"2277\">\u00d6t szinkroniz\u00e1lt hajl\u00edt\u00f3fejjel rendelkezik a t\u00f6bbpontos alak\u00edt\u00e1shoz<\/p>\n<\/li>\n<li data-start=\"2278\" data-end=\"2335\">\n<p data-start=\"2280\" data-end=\"2335\">Intelligens PLC vez\u00e9rl\u00e9ssel \u00e9s \u00e9rint\u0151k\u00e9perny\u0151vel felszerelve<\/p>\n<\/li>\n<li data-start=\"2336\" data-end=\"2399\">\n<p data-start=\"2338\" data-end=\"2399\">Tart\u00f3s keret, automatikus ken\u00e9s \u00e9s hibadiagnosztika<\/p>\n<\/li>\n<li data-start=\"2400\" data-end=\"2472\">\n<p data-start=\"2402\" data-end=\"2472\">Alkalmas nagym\u00e9ret\u0171 el\u0151gy\u00e1rt\u00e1sra \u00e9s meger\u0151s\u00edt\u00e9s feldolgoz\u00e1s\u00e1ra<\/p>\n<\/li>\n<\/ul>\n<p><iframe title=\"R\u00fadhajl\u00edt\u00f3,kengyelhajl\u00edt\u00f3,kengyelhajl\u00edt\u00f3 g\u00e9p,betonac\u00e9l hajl\u00edt\u00f3 g\u00e9p,betonac\u00e9l g\u00e9p\" width=\"720\" height=\"405\" src=\"https:\/\/www.youtube.com\/embed\/Xle14Q0gqpc?feature=oembed\" frameborder=\"0\" allow=\"accelerometer; autoplay; clipboard-write; encrypted-media; gyroscope; picture-in-picture; web-share\" referrerpolicy=\"strict-origin-when-cross-origin\" allowfullscreen><\/iframe><\/p>","protected":false},"excerpt":{"rendered":"<p>A GFF-18 kengyelhajl\u00edt\u00f3 g\u00e9p \u00f6t szinkroniz\u00e1lt fejet haszn\u00e1l a 6-18 mm-es betonvasak kengyelekk\u00e9 t\u00f6rt\u00e9n\u0151 hat\u00e9kony hajl\u00edt\u00e1s\u00e1hoz. Ide\u00e1lis nagy sebess\u00e9g\u0171, nagy volumen\u0171 gy\u00e1rt\u00f3sorokhoz.<\/p>","protected":false},"featured_media":9033,"template":"","meta":{"_kad_post_transparent":"default","_kad_post_title":"","_kad_post_layout":"default","_kad_post_sidebar_id":"","_kad_post_content_style":"default","_kad_post_vertical_padding":"default","_kad_post_feature":"","_kad_post_feature_position":"","_kad_post_header":false,"_kad_post_footer":false},"product_brand":[],"product_cat":[60],"product_tag":[1039,1036,1038,1037,1035,1041,1040],"class_list":{"0":"post-9030","1":"product","2":"type-product","3":"status-publish","4":"has-post-thumbnail","6":"product_cat-five-head-rebar-stirrup-bending-machine","7":"product_tag-5-head-rebar-bender-for-stirrup","8":"product_tag-automatic-stirrup-bender-with-five-heads","9":"product_tag-cnc-stirrup-bending-equipment","10":"product_tag-high-speed-rebar-stirrup-machine","11":"product_tag-multi-head-rebar-stirrup-bending-machine","12":"product_tag-rebar-stirrup-forming-machine","13":"product_tag-steel-bar-stirrup-making-machine","15":"first","16":"instock","17":"shipping-taxable","18":"product-type-simple","19":"entry","20":"content-bg","21":"loop-entry"},"yoast_head":"<!-- This site is optimized with the Yoast SEO plugin v25.3.1 - https:\/\/yoast.com\/wordpress\/plugins\/seo\/ -->\n<title>Five-Head Rebar Stirrup Bending Machine GFF-18 - HSY Construction Machinery<\/title>\n<meta name=\"description\" content=\"GFF-18 Five-Head Stirrup Bending Machine bends 6\u201318mm rebar into stirrups with speed and precision. Features PLC control and multi-head efficiency.\" \/>\n<meta name=\"robots\" content=\"index, follow, max-snippet:-1, max-image-preview:large, max-video-preview:-1\" \/>\n<link rel=\"canonical\" href=\"https:\/\/www.hsymachinery.com\/hu\/termek\/otfejes-betonacel-kengyelhajlito-gep-gff-18\/\" \/>\n<meta property=\"og:locale\" content=\"hu_HU\" \/>\n<meta property=\"og:type\" content=\"article\" \/>\n<meta property=\"og:title\" content=\"Five-Head Rebar Stirrup Bending Machine GFF-18 - HSY Construction Machinery\" \/>\n<meta property=\"og:description\" content=\"GFF-18 Five-Head Stirrup Bending Machine bends 6\u201318mm rebar into stirrups with speed and precision. Features PLC control and multi-head efficiency.\" \/>\n<meta property=\"og:url\" content=\"https:\/\/www.hsymachinery.com\/hu\/termek\/otfejes-betonacel-kengyelhajlito-gep-gff-18\/\" \/>\n<meta property=\"og:site_name\" content=\"HSY Construction Machinery\" \/>\n<meta property=\"article:modified_time\" content=\"2025-06-28T03:42:45+00:00\" \/>\n<meta property=\"og:image\" content=\"https:\/\/www.hsymachinery.com\/wp-content\/uploads\/2025\/06\/Five-Head-Rebar-Stirrup-Bending-Machine-GFF-18-e1750229454438.jpg\" \/>\n\t<meta property=\"og:image:width\" content=\"600\" \/>\n\t<meta property=\"og:image:height\" content=\"600\" \/>\n\t<meta property=\"og:image:type\" content=\"image\/jpeg\" \/>\n<meta name=\"twitter:card\" content=\"summary_large_image\" \/>\n<meta name=\"twitter:label1\" content=\"Becs\u00fclt olvas\u00e1si id\u0151\" \/>\n\t<meta name=\"twitter:data1\" content=\"2 perc\" \/>\n<script type=\"application\/ld+json\" class=\"yoast-schema-graph\">{\"@context\":\"https:\/\/schema.org\",\"@graph\":[{\"@type\":\"WebPage\",\"@id\":\"https:\/\/www.hsymachinery.com\/product\/five-head-rebar-stirrup-bending-machine-gff-18\/\",\"url\":\"https:\/\/www.hsymachinery.com\/product\/five-head-rebar-stirrup-bending-machine-gff-18\/\",\"name\":\"Five-Head Rebar Stirrup Bending Machine GFF-18 - HSY Construction Machinery\",\"isPartOf\":{\"@id\":\"https:\/\/www.hsymachinery.com\/#website\"},\"primaryImageOfPage\":{\"@id\":\"https:\/\/www.hsymachinery.com\/product\/five-head-rebar-stirrup-bending-machine-gff-18\/#primaryimage\"},\"image\":{\"@id\":\"https:\/\/www.hsymachinery.com\/product\/five-head-rebar-stirrup-bending-machine-gff-18\/#primaryimage\"},\"thumbnailUrl\":\"https:\/\/www.hsymachinery.com\/wp-content\/uploads\/2025\/06\/Five-Head-Rebar-Stirrup-Bending-Machine-GFF-18-e1750229454438.jpg\",\"datePublished\":\"2025-06-18T06:39:16+00:00\",\"dateModified\":\"2025-06-28T03:42:45+00:00\",\"description\":\"GFF-18 Five-Head Stirrup Bending Machine bends 6\u201318mm rebar into stirrups with speed and precision. Features PLC control and multi-head efficiency.\",\"breadcrumb\":{\"@id\":\"https:\/\/www.hsymachinery.com\/product\/five-head-rebar-stirrup-bending-machine-gff-18\/#breadcrumb\"},\"inLanguage\":\"hu\",\"potentialAction\":[{\"@type\":\"ReadAction\",\"target\":[\"https:\/\/www.hsymachinery.com\/product\/five-head-rebar-stirrup-bending-machine-gff-18\/\"]}]},{\"@type\":\"ImageObject\",\"inLanguage\":\"hu\",\"@id\":\"https:\/\/www.hsymachinery.com\/product\/five-head-rebar-stirrup-bending-machine-gff-18\/#primaryimage\",\"url\":\"https:\/\/www.hsymachinery.com\/wp-content\/uploads\/2025\/06\/Five-Head-Rebar-Stirrup-Bending-Machine-GFF-18-e1750229454438.jpg\",\"contentUrl\":\"https:\/\/www.hsymachinery.com\/wp-content\/uploads\/2025\/06\/Five-Head-Rebar-Stirrup-Bending-Machine-GFF-18-e1750229454438.jpg\",\"width\":600,\"height\":600},{\"@type\":\"BreadcrumbList\",\"@id\":\"https:\/\/www.hsymachinery.com\/product\/five-head-rebar-stirrup-bending-machine-gff-18\/#breadcrumb\",\"itemListElement\":[{\"@type\":\"ListItem\",\"position\":1,\"name\":\"home\",\"item\":\"https:\/\/www.hsymachinery.com\/\"},{\"@type\":\"ListItem\",\"position\":2,\"name\":\"products\",\"item\":\"https:\/\/www.hsymachinery.com\/products\/\"},{\"@type\":\"ListItem\",\"position\":3,\"name\":\"Five-Head Rebar Stirrup Bending Machine GFF-18\"}]},{\"@type\":\"WebSite\",\"@id\":\"https:\/\/www.hsymachinery.com\/#website\",\"url\":\"https:\/\/www.hsymachinery.com\/\",\"name\":\"HSY Construction Machinery\",\"description\":\"HSY Machinery \u2013 A leading China construction machinery supplier, offering a wide range of light construction equipment. Our main products include Rebar Cutting Machine, Rebar Bending Machine, Rebar Stirrup Bending Machine, Rebar Arc Bending Machine, Rebar Straightening Machine, Five-Head Rebar Stirrup Bending Machine, Tamping Rammer, Plate Compactor, Concrete Cutter, Power Trowel, and other construction machinery. We are equipped with advanced CNC machines, and we enforce strict quality inspection standards along with comprehensive after-sales service. If you are interested in our products or services, we warmly welcome your inquiries via message.\",\"publisher\":{\"@id\":\"https:\/\/www.hsymachinery.com\/#organization\"},\"potentialAction\":[{\"@type\":\"SearchAction\",\"target\":{\"@type\":\"EntryPoint\",\"urlTemplate\":\"https:\/\/www.hsymachinery.com\/?s={search_term_string}\"},\"query-input\":{\"@type\":\"PropertyValueSpecification\",\"valueRequired\":true,\"valueName\":\"search_term_string\"}}],\"inLanguage\":\"hu\"},{\"@type\":\"Organization\",\"@id\":\"https:\/\/www.hsymachinery.com\/#organization\",\"name\":\"HSY Construction Machinery\",\"url\":\"https:\/\/www.hsymachinery.com\/\",\"logo\":{\"@type\":\"ImageObject\",\"inLanguage\":\"hu\",\"@id\":\"https:\/\/www.hsymachinery.com\/#\/schema\/logo\/image\/\",\"url\":\"https:\/\/www.hsymachinery.com\/wp-content\/uploads\/2025\/06\/cropped-HSY-machinery.png\",\"contentUrl\":\"https:\/\/www.hsymachinery.com\/wp-content\/uploads\/2025\/06\/cropped-HSY-machinery.png\",\"width\":600,\"height\":240,\"caption\":\"HSY Construction Machinery\"},\"image\":{\"@id\":\"https:\/\/www.hsymachinery.com\/#\/schema\/logo\/image\/\"}}]}<\/script>\n<!-- \/ Yoast SEO plugin. -->","yoast_head_json":{"title":"\u00d6tfej\u0171 betonac\u00e9l kengyelhajl\u00edt\u00f3 g\u00e9p GFF-18 - HSY \u00c9p\u00edt\u0151ipari g\u00e9pek","description":"A GFF-18 \u00f6tfejes kengyelhajl\u00edt\u00f3 g\u00e9p 6-18 mm-es betonac\u00e9lokat hajl\u00edt kengyelekk\u00e9, gyorsan \u00e9s prec\u00edzen. PLC vez\u00e9rl\u00e9ssel \u00e9s t\u00f6bbfejes hat\u00e9konys\u00e1ggal rendelkezik.","robots":{"index":"index","follow":"follow","max-snippet":"max-snippet:-1","max-image-preview":"max-image-preview:large","max-video-preview":"max-video-preview:-1"},"canonical":"https:\/\/www.hsymachinery.com\/hu\/termek\/otfejes-betonacel-kengyelhajlito-gep-gff-18\/","og_locale":"hu_HU","og_type":"article","og_title":"Five-Head Rebar Stirrup Bending Machine GFF-18 - HSY Construction Machinery","og_description":"GFF-18 Five-Head Stirrup Bending Machine bends 6\u201318mm rebar into stirrups with speed and precision. Features PLC control and multi-head efficiency.","og_url":"https:\/\/www.hsymachinery.com\/hu\/termek\/otfejes-betonacel-kengyelhajlito-gep-gff-18\/","og_site_name":"HSY Construction Machinery","article_modified_time":"2025-06-28T03:42:45+00:00","og_image":[{"width":600,"height":600,"url":"https:\/\/www.hsymachinery.com\/wp-content\/uploads\/2025\/06\/Five-Head-Rebar-Stirrup-Bending-Machine-GFF-18-e1750229454438.jpg","type":"image\/jpeg"}],"twitter_card":"summary_large_image","twitter_misc":{"Becs\u00fclt olvas\u00e1si id\u0151":"2 perc"},"schema":{"@context":"https:\/\/schema.org","@graph":[{"@type":"WebPage","@id":"https:\/\/www.hsymachinery.com\/product\/five-head-rebar-stirrup-bending-machine-gff-18\/","url":"https:\/\/www.hsymachinery.com\/product\/five-head-rebar-stirrup-bending-machine-gff-18\/","name":"\u00d6tfej\u0171 betonac\u00e9l kengyelhajl\u00edt\u00f3 g\u00e9p GFF-18 - HSY \u00c9p\u00edt\u0151ipari g\u00e9pek","isPartOf":{"@id":"https:\/\/www.hsymachinery.com\/#website"},"primaryImageOfPage":{"@id":"https:\/\/www.hsymachinery.com\/product\/five-head-rebar-stirrup-bending-machine-gff-18\/#primaryimage"},"image":{"@id":"https:\/\/www.hsymachinery.com\/product\/five-head-rebar-stirrup-bending-machine-gff-18\/#primaryimage"},"thumbnailUrl":"https:\/\/www.hsymachinery.com\/wp-content\/uploads\/2025\/06\/Five-Head-Rebar-Stirrup-Bending-Machine-GFF-18-e1750229454438.jpg","datePublished":"2025-06-18T06:39:16+00:00","dateModified":"2025-06-28T03:42:45+00:00","description":"A GFF-18 \u00f6tfejes kengyelhajl\u00edt\u00f3 g\u00e9p 6-18 mm-es betonac\u00e9lokat hajl\u00edt kengyelekk\u00e9, gyorsan \u00e9s prec\u00edzen. PLC vez\u00e9rl\u00e9ssel \u00e9s t\u00f6bbfejes hat\u00e9konys\u00e1ggal rendelkezik.","breadcrumb":{"@id":"https:\/\/www.hsymachinery.com\/product\/five-head-rebar-stirrup-bending-machine-gff-18\/#breadcrumb"},"inLanguage":"hu","potentialAction":[{"@type":"ReadAction","target":["https:\/\/www.hsymachinery.com\/product\/five-head-rebar-stirrup-bending-machine-gff-18\/"]}]},{"@type":"ImageObject","inLanguage":"hu","@id":"https:\/\/www.hsymachinery.com\/product\/five-head-rebar-stirrup-bending-machine-gff-18\/#primaryimage","url":"https:\/\/www.hsymachinery.com\/wp-content\/uploads\/2025\/06\/Five-Head-Rebar-Stirrup-Bending-Machine-GFF-18-e1750229454438.jpg","contentUrl":"https:\/\/www.hsymachinery.com\/wp-content\/uploads\/2025\/06\/Five-Head-Rebar-Stirrup-Bending-Machine-GFF-18-e1750229454438.jpg","width":600,"height":600},{"@type":"BreadcrumbList","@id":"https:\/\/www.hsymachinery.com\/product\/five-head-rebar-stirrup-bending-machine-gff-18\/#breadcrumb","itemListElement":[{"@type":"ListItem","position":1,"name":"home","item":"https:\/\/www.hsymachinery.com\/"},{"@type":"ListItem","position":2,"name":"products","item":"https:\/\/www.hsymachinery.com\/products\/"},{"@type":"ListItem","position":3,"name":"Five-Head Rebar Stirrup Bending Machine GFF-18"}]},{"@type":"WebSite","@id":"https:\/\/www.hsymachinery.com\/#website","url":"https:\/\/www.hsymachinery.com\/","name":"HSY \u00e9p\u00edt\u0151ipari g\u00e9pek","description":"HSY Machinery - K\u00edna vezet\u0151 \u00e9p\u00edt\u0151ipari g\u00e9pgy\u00e1rt\u00f3 v\u00e1llalata, amely k\u00f6nny\u0171 \u00e9p\u00edt\u0151ipari berendez\u00e9sek sz\u00e9les v\u00e1laszt\u00e9k\u00e1t k\u00edn\u00e1lja. F\u0151 term\u00e9keink k\u00f6z\u00e9 tartozik az \u00fajj\u00e1\u00e9p\u00edt\u00e9si v\u00e1g\u00f3g\u00e9p, az \u00fajj\u00e1\u00e9p\u00edt\u00e9si hajl\u00edt\u00f3g\u00e9p, az \u00fajj\u00e1\u00e9p\u00edt\u00e9si kengyelhajl\u00edt\u00f3 g\u00e9p, az \u00fajj\u00e1\u00e9p\u00edt\u00e9si \u00edvhajl\u00edt\u00f3 g\u00e9p, az \u00fajj\u00e1\u00e9p\u00edt\u00e9si egyenes\u00edt\u0151 g\u00e9p, az \u00f6tfej\u0171 \u00fajj\u00e1\u00e9p\u00edt\u00e9si kengyelhajl\u00edt\u00f3 g\u00e9p, a d\u00f6ng\u00f6l\u0151 rammer, a lemezkompaktor, a betonv\u00e1g\u00f3, a villanymotoros sim\u00edt\u00f3 \u00e9s m\u00e1s \u00e9p\u00edt\u0151ipari g\u00e9pek. Fejlett CNC-g\u00e9pekkel vagyunk felszerelve, \u00e9s szigor\u00fa min\u0151s\u00e9gellen\u0151rz\u00e9si szabv\u00e1nyokat \u00e9rv\u00e9nyes\u00edt\u00fcnk az \u00e1tfog\u00f3 \u00e9rt\u00e9kes\u00edt\u00e9s ut\u00e1ni szolg\u00e1ltat\u00e1ssal egy\u00fctt. Ha \u00e9rdeklik term\u00e9keink vagy szolg\u00e1ltat\u00e1saink, sz\u00edvesen fogadjuk \u00e9rdekl\u0151d\u00e9s\u00e9t \u00fczenetben.","publisher":{"@id":"https:\/\/www.hsymachinery.com\/#organization"},"potentialAction":[{"@type":"SearchAction","target":{"@type":"EntryPoint","urlTemplate":"https:\/\/www.hsymachinery.com\/?s={search_term_string}"},"query-input":{"@type":"PropertyValueSpecification","valueRequired":true,"valueName":"search_term_string"}}],"inLanguage":"hu"},{"@type":"Organization","@id":"https:\/\/www.hsymachinery.com\/#organization","name":"HSY \u00e9p\u00edt\u0151ipari g\u00e9pek","url":"https:\/\/www.hsymachinery.com\/","logo":{"@type":"ImageObject","inLanguage":"hu","@id":"https:\/\/www.hsymachinery.com\/#\/schema\/logo\/image\/","url":"https:\/\/www.hsymachinery.com\/wp-content\/uploads\/2025\/06\/cropped-HSY-machinery.png","contentUrl":"https:\/\/www.hsymachinery.com\/wp-content\/uploads\/2025\/06\/cropped-HSY-machinery.png","width":600,"height":240,"caption":"HSY Construction Machinery"},"image":{"@id":"https:\/\/www.hsymachinery.com\/#\/schema\/logo\/image\/"}}]}},"_links":{"self":[{"href":"https:\/\/www.hsymachinery.com\/hu\/wp-json\/wp\/v2\/product\/9030","targetHints":{"allow":["GET"]}}],"collection":[{"href":"https:\/\/www.hsymachinery.com\/hu\/wp-json\/wp\/v2\/product"}],"about":[{"href":"https:\/\/www.hsymachinery.com\/hu\/wp-json\/wp\/v2\/types\/product"}],"version-history":[{"count":7,"href":"https:\/\/www.hsymachinery.com\/hu\/wp-json\/wp\/v2\/product\/9030\/revisions"}],"predecessor-version":[{"id":9462,"href":"https:\/\/www.hsymachinery.com\/hu\/wp-json\/wp\/v2\/product\/9030\/revisions\/9462"}],"wp:featuredmedia":[{"embeddable":true,"href":"https:\/\/www.hsymachinery.com\/hu\/wp-json\/wp\/v2\/media\/9033"}],"wp:attachment":[{"href":"https:\/\/www.hsymachinery.com\/hu\/wp-json\/wp\/v2\/media?parent=9030"}],"wp:term":[{"taxonomy":"product_brand","embeddable":true,"href":"https:\/\/www.hsymachinery.com\/hu\/wp-json\/wp\/v2\/product_brand?post=9030"},{"taxonomy":"product_cat","embeddable":true,"href":"https:\/\/www.hsymachinery.com\/hu\/wp-json\/wp\/v2\/product_cat?post=9030"},{"taxonomy":"product_tag","embeddable":true,"href":"https:\/\/www.hsymachinery.com\/hu\/wp-json\/wp\/v2\/product_tag?post=9030"}],"curies":[{"name":"wp","href":"https:\/\/api.w.org\/{rel}","templated":true}]}}