{"id":9027,"date":"2025-06-18T14:25:15","date_gmt":"2025-06-18T06:25:15","guid":{"rendered":"https:\/\/www.hsymachinery.com\/?post_type=product&#038;p=9027"},"modified":"2025-06-28T00:49:19","modified_gmt":"2025-06-27T16:49:19","slug":"betonacel-egyengeto-gep-gtf4-16b","status":"publish","type":"product","link":"https:\/\/www.hsymachinery.com\/hu\/termek\/betonacel-egyengeto-gep-gtf4-16b\/","title":{"rendered":"R\u00fadegyenget\u0151 g\u00e9p GTF4-16B"},"content":{"rendered":"<h2 data-start=\"151\" data-end=\"195\">R\u00fadegyenget\u0151 g\u00e9p GTF4-16B<\/h2>\n<h3 data-start=\"196\" data-end=\"361\">GTF4-16B v\u00e1ltoz\u00f3 frekvenci\u00e1j\u00fa betonac\u00e9l egyenget\u0151g\u00e9p 4-16 mm-es tekercselt ac\u00e9lhoz | Intelligens VFD-vez\u00e9relt egyenget\u0151 rendszer az \u00e9p\u00edt\u0151ipari ac\u00e9l feldolgoz\u00e1s\u00e1hoz<\/h3>\n<h3 data-start=\"368\" data-end=\"453\">Term\u00e9k \u00e1ttekint\u00e9s - Fejlett tekercsr\u00fad egyenget\u0151 intelligens sebess\u00e9gbe\u00e1ll\u00edt\u00e1ssal<\/h3>\n<p data-start=\"455\" data-end=\"890\">A <strong data-start=\"459\" data-end=\"499\"><a href=\"https:\/\/www.hsymachinery.com\/hu\/termekek\/betonacel-egyengeto-gep\/\" target=\"_blank\" rel=\"noopener\">Rebar kiegyenes\u00edt\u0151 g\u00e9p<\/a> GTF4-16B<\/strong> egy nagy teljes\u00edtm\u00e9ny\u0171 modell, amelyet 4 mm \u00e9s 16 mm k\u00f6z\u00f6tti tekercselt ac\u00e9lrudak p\u00e1ratlan ellen\u0151rz\u00e9ssel \u00e9s hat\u00e9konys\u00e1ggal t\u00f6rt\u00e9n\u0151 kiegyenes\u00edt\u00e9s\u00e9re terveztek. V\u00e1ltoz\u00f3 frekvenci\u00e1j\u00fa meghajt\u00f3val (VFD) felszerelve, lehet\u0151v\u00e9 teszi a sima sebess\u00e9gszab\u00e1lyoz\u00e1st, a cs\u00f6kkentett mechanikai ig\u00e9nybev\u00e9telt \u00e9s az optimaliz\u00e1lt energiafelhaszn\u00e1l\u00e1st, \u00edgy okos v\u00e1laszt\u00e1s a modern ac\u00e9lgy\u00e1rt\u00f3 m\u0171helyek, \u00e9p\u00edtkez\u00e9sek \u00e9s betonac\u00e9lgy\u00e1rt\u00f3 sorok sz\u00e1m\u00e1ra.<\/p>\n<p data-start=\"892\" data-end=\"1008\">A GTF4-16B fejlett invertervez\u00e9rl\u00e9s\u00e9vel k\u00f6nnyed\u00e9n alkalmazkodik a k\u00fcl\u00f6nb\u00f6z\u0151 anyagokhoz \u00e9s kimeneti k\u00f6vetelm\u00e9nyekhez.<\/p>\n<h3 data-start=\"1015\" data-end=\"1073\">Intelligens fordulatsz\u00e1m-szab\u00e1lyoz\u00e1s \u00e9s nagy nyomat\u00e9k\u00fa m\u0171k\u00f6d\u00e9s<\/h3>\n<p data-start=\"1075\" data-end=\"1315\">A GTF4-16B integr\u00e1lt inverteres rendszer\u00e9nek k\u00f6sz\u00f6nhet\u0151en a kezel\u0151 pontosan szab\u00e1lyozhatja a kiegyenes\u00edt\u00e9si folyamatot. A sebess\u00e9get val\u00f3s id\u0151ben be\u00e1ll\u00edthatja a v\u00e1ltoz\u00f3 betonac\u00e9l-\u00e1llapotokhoz, p\u00e9ld\u00e1ul az anyag kem\u00e9nys\u00e9g\u00e9hez vagy a tekercsfesz\u00fclts\u00e9ghez igazodva.<\/p>\n<p data-start=\"1317\" data-end=\"1599\">A g\u00e9p nagy nyomat\u00e9k\u00fa motorral rendelkezik, amely egyenletes teljes\u00edtm\u00e9nyt biztos\u00edt, m\u00edg a g\u00f6rg\u0151be\u00e1ll\u00edt\u00f3 rendszer biztos\u00edtja, hogy minden r\u00fad teljesen egyenesen \u00e9s tov\u00e1bbi feldolgoz\u00e1sra k\u00e9szen l\u00e9pjen ki. A kialak\u00edt\u00e1s a stabilit\u00e1st \u00e9s a pontoss\u00e1got helyezi el\u0151t\u00e9rbe, m\u00e9g folyamatos haszn\u00e1lat\u00fa k\u00f6rnyezetben is.<\/p>\n<h3 data-start=\"1606\" data-end=\"1668\">Tart\u00f3s konstrukci\u00f3 nemzetk\u00f6zi fesz\u00fclts\u00e9gt\u00e1mogat\u00e1ssal<\/h3>\n<p data-start=\"1670\" data-end=\"1957\">A professzion\u00e1lis haszn\u00e1latra \u00e9p\u00edtett g\u00e9p meger\u0151s\u00edtett ac\u00e9lszerkezetet \u00e9s rezg\u00e9scsillap\u00edt\u00f3 alapot haszn\u00e1l, \u00edgy nagy teherb\u00edr\u00e1s\u00fa, nagy terhel\u00e9s mellett is rendk\u00edv\u00fcl tart\u00f3s. Kompakt helyig\u00e9nye, valamint a mozg\u00e9konys\u00e1gi kerekek megk\u00f6nny\u00edtik a sz\u00e1ll\u00edt\u00e1st vagy a termel\u00e9si munkafolyamatokba val\u00f3 integr\u00e1l\u00e1st.<\/p>\n<p data-start=\"1959\" data-end=\"2096\">A GTF4-16B 220 \u00e9s 380 V (50 Hz\/60 Hz) fesz\u00fclts\u00e9get is t\u00e1mogat, \u00edgy rugalmas t\u00e1pell\u00e1t\u00e1si kompatibilit\u00e1st biztos\u00edt a glob\u00e1lis exporthoz \u00e9s a helysz\u00edni telep\u00edt\u00e9shez.<\/p>\n<h3 data-start=\"2103\" data-end=\"2161\">A GTF4-16B vasr\u00fad egyenget\u0151 legfontosabb jellemz\u0151i<\/h3>\n<ul data-start=\"2163\" data-end=\"2495\">\n<li data-start=\"2163\" data-end=\"2233\">\n<p data-start=\"2165\" data-end=\"2233\">4-16 mm-es tekercselt betonvasat egyenes\u00edt invertervez\u00e9relt pontoss\u00e1ggal<\/p>\n<\/li>\n<li data-start=\"2234\" data-end=\"2302\">\n<p data-start=\"2236\" data-end=\"2302\">V\u00e1ltoztathat\u00f3 frekvenci\u00e1j\u00fa meghajt\u00e1s a z\u00f6kken\u0151mentes, \u00e1ll\u00edthat\u00f3 feldolgoz\u00e1si sebess\u00e9ghez<\/p>\n<\/li>\n<li data-start=\"2303\" data-end=\"2365\">\n<p data-start=\"2305\" data-end=\"2365\">Stabil von\u00f3er\u0151 \u00e9s g\u00f6rg\u0151be\u00e1ll\u00edt\u00e1s az egyenletes teljes\u00edtm\u00e9ny \u00e9rdek\u00e9ben<\/p>\n<\/li>\n<li data-start=\"2366\" data-end=\"2429\">\n<p data-start=\"2368\" data-end=\"2429\">Kompakt, tart\u00f3s \u00e9s nemzetk\u00f6zi m\u0171k\u00f6d\u00e9sre optimaliz\u00e1lt<\/p>\n<\/li>\n<li data-start=\"2430\" data-end=\"2495\">\n<p data-start=\"2432\" data-end=\"2495\">Alkalmas el\u0151regy\u00e1rtott, ipari \u00e9s helysz\u00edni ac\u00e9lfeldolgoz\u00e1shoz<\/p>\n<\/li>\n<\/ul>\n<p><iframe title=\"Rebar kiegyenes\u00edt\u0151. Rebar v\u00e1g\u00f3. R\u00fadv\u00e1g\u00f3 g\u00e9p. 1TP10R\u00fadv\u00e1g\u00f3g\u00e9p 1TP10R\u00fadv\u00e1g\u00f3g\u00e9p\" width=\"720\" height=\"405\" src=\"https:\/\/www.youtube.com\/embed\/7FKkySPeKVQ?feature=oembed\" frameborder=\"0\" allow=\"accelerometer; autoplay; clipboard-write; encrypted-media; gyroscope; picture-in-picture; web-share\" referrerpolicy=\"strict-origin-when-cross-origin\" allowfullscreen><\/iframe><\/p>","protected":false},"excerpt":{"rendered":"<p>A GTF4-16B betonac\u00e9l egyenget\u0151g\u00e9p 4-16 mm-es tekercsrudakat kezel v\u00e1ltoz\u00f3 frekvenciavez\u00e9rl\u00e9ssel. Nagy ig\u00e9nybev\u00e9telre \u00e9s exportra tervezt\u00e9k, sima sebess\u00e9gbe\u00e1ll\u00edt\u00e1st \u00e9s prec\u00edz kimenetet k\u00edn\u00e1l.<\/p>","protected":false},"featured_media":9028,"template":"","meta":{"_kad_post_transparent":"default","_kad_post_title":"","_kad_post_layout":"default","_kad_post_sidebar_id":"","_kad_post_content_style":"default","_kad_post_vertical_padding":"default","_kad_post_feature":"","_kad_post_feature_position":"","_kad_post_header":false,"_kad_post_footer":false},"product_brand":[],"product_cat":[62],"product_tag":[1026,1028,1030,1031,1034,1027,1032,1025,1029,1033],"class_list":{"0":"post-9027","1":"product","2":"type-product","3":"status-publish","4":"has-post-thumbnail","6":"product_cat-rebar-straightening-machine","7":"product_tag-automatic-rebar-straightener","8":"product_tag-cnc-rebar-straightening-equipment","9":"product_tag-coiled-rebar-straightening-machine","10":"product_tag-construction-bar-straightening-machine","11":"product_tag-high-speed-rebar-straightening-tool","12":"product_tag-hydraulic-rebar-straightening-machine","13":"product_tag-rebar-leveling-and-cutting-machine","14":"product_tag-steel-bar-straightening-machine","15":"product_tag-steel-wire-straightener-and-cutter","16":"product_tag-straightening-machine-for-steel-rods","18":"first","19":"instock","20":"shipping-taxable","21":"product-type-simple","22":"entry","23":"content-bg","24":"loop-entry"},"yoast_head":"<!-- This site is optimized with the Yoast SEO plugin v25.3.1 - https:\/\/yoast.com\/wordpress\/plugins\/seo\/ -->\n<title>Rebar Straightening Machine GTF4-16B - HSY Construction Machinery<\/title>\n<meta name=\"description\" content=\"Rebar Straightening Machine GTF4-16B straightens 4\u201316mm steel bars with VFD control. Reliable, adjustable, and export-ready for industrial rebar processing.\" \/>\n<meta name=\"robots\" content=\"index, follow, max-snippet:-1, max-image-preview:large, max-video-preview:-1\" \/>\n<link rel=\"canonical\" href=\"https:\/\/www.hsymachinery.com\/hu\/termek\/betonacel-egyengeto-gep-gtf4-16b\/\" \/>\n<meta property=\"og:locale\" content=\"hu_HU\" \/>\n<meta property=\"og:type\" content=\"article\" \/>\n<meta property=\"og:title\" content=\"Rebar Straightening Machine GTF4-16B - HSY Construction Machinery\" \/>\n<meta property=\"og:description\" content=\"Rebar Straightening Machine GTF4-16B straightens 4\u201316mm steel bars with VFD control. Reliable, adjustable, and export-ready for industrial rebar processing.\" \/>\n<meta property=\"og:url\" content=\"https:\/\/www.hsymachinery.com\/hu\/termek\/betonacel-egyengeto-gep-gtf4-16b\/\" \/>\n<meta property=\"og:site_name\" content=\"HSY Construction Machinery\" \/>\n<meta property=\"article:modified_time\" content=\"2025-06-27T16:49:19+00:00\" \/>\n<meta property=\"og:image\" content=\"https:\/\/www.hsymachinery.com\/wp-content\/uploads\/2025\/06\/Rebar-Straightening-Machine-GTF4-16B.jpg\" \/>\n\t<meta property=\"og:image:width\" content=\"600\" \/>\n\t<meta property=\"og:image:height\" content=\"600\" \/>\n\t<meta property=\"og:image:type\" content=\"image\/jpeg\" \/>\n<meta name=\"twitter:card\" content=\"summary_large_image\" \/>\n<meta name=\"twitter:label1\" content=\"Becs\u00fclt olvas\u00e1si id\u0151\" \/>\n\t<meta name=\"twitter:data1\" content=\"2 perc\" \/>\n<script type=\"application\/ld+json\" class=\"yoast-schema-graph\">{\"@context\":\"https:\/\/schema.org\",\"@graph\":[{\"@type\":\"WebPage\",\"@id\":\"https:\/\/www.hsymachinery.com\/product\/rebar-straightening-machine-gtf4-16b\/\",\"url\":\"https:\/\/www.hsymachinery.com\/product\/rebar-straightening-machine-gtf4-16b\/\",\"name\":\"Rebar Straightening Machine GTF4-16B - HSY Construction Machinery\",\"isPartOf\":{\"@id\":\"https:\/\/www.hsymachinery.com\/#website\"},\"primaryImageOfPage\":{\"@id\":\"https:\/\/www.hsymachinery.com\/product\/rebar-straightening-machine-gtf4-16b\/#primaryimage\"},\"image\":{\"@id\":\"https:\/\/www.hsymachinery.com\/product\/rebar-straightening-machine-gtf4-16b\/#primaryimage\"},\"thumbnailUrl\":\"https:\/\/www.hsymachinery.com\/wp-content\/uploads\/2025\/06\/Rebar-Straightening-Machine-GTF4-16B.jpg\",\"datePublished\":\"2025-06-18T06:25:15+00:00\",\"dateModified\":\"2025-06-27T16:49:19+00:00\",\"description\":\"Rebar Straightening Machine GTF4-16B straightens 4\u201316mm steel bars with VFD control. Reliable, adjustable, and export-ready for industrial rebar processing.\",\"breadcrumb\":{\"@id\":\"https:\/\/www.hsymachinery.com\/product\/rebar-straightening-machine-gtf4-16b\/#breadcrumb\"},\"inLanguage\":\"hu\",\"potentialAction\":[{\"@type\":\"ReadAction\",\"target\":[\"https:\/\/www.hsymachinery.com\/product\/rebar-straightening-machine-gtf4-16b\/\"]}]},{\"@type\":\"ImageObject\",\"inLanguage\":\"hu\",\"@id\":\"https:\/\/www.hsymachinery.com\/product\/rebar-straightening-machine-gtf4-16b\/#primaryimage\",\"url\":\"https:\/\/www.hsymachinery.com\/wp-content\/uploads\/2025\/06\/Rebar-Straightening-Machine-GTF4-16B.jpg\",\"contentUrl\":\"https:\/\/www.hsymachinery.com\/wp-content\/uploads\/2025\/06\/Rebar-Straightening-Machine-GTF4-16B.jpg\",\"width\":600,\"height\":600},{\"@type\":\"BreadcrumbList\",\"@id\":\"https:\/\/www.hsymachinery.com\/product\/rebar-straightening-machine-gtf4-16b\/#breadcrumb\",\"itemListElement\":[{\"@type\":\"ListItem\",\"position\":1,\"name\":\"home\",\"item\":\"https:\/\/www.hsymachinery.com\/\"},{\"@type\":\"ListItem\",\"position\":2,\"name\":\"products\",\"item\":\"https:\/\/www.hsymachinery.com\/products\/\"},{\"@type\":\"ListItem\",\"position\":3,\"name\":\"Rebar Straightening Machine GTF4-16B\"}]},{\"@type\":\"WebSite\",\"@id\":\"https:\/\/www.hsymachinery.com\/#website\",\"url\":\"https:\/\/www.hsymachinery.com\/\",\"name\":\"HSY Construction Machinery\",\"description\":\"HSY Machinery \u2013 A leading China construction machinery supplier, offering a wide range of light construction equipment. Our main products include Rebar Cutting Machine, Rebar Bending Machine, Rebar Stirrup Bending Machine, Rebar Arc Bending Machine, Rebar Straightening Machine, Five-Head Rebar Stirrup Bending Machine, Tamping Rammer, Plate Compactor, Concrete Cutter, Power Trowel, and other construction machinery. We are equipped with advanced CNC machines, and we enforce strict quality inspection standards along with comprehensive after-sales service. If you are interested in our products or services, we warmly welcome your inquiries via message.\",\"publisher\":{\"@id\":\"https:\/\/www.hsymachinery.com\/#organization\"},\"potentialAction\":[{\"@type\":\"SearchAction\",\"target\":{\"@type\":\"EntryPoint\",\"urlTemplate\":\"https:\/\/www.hsymachinery.com\/?s={search_term_string}\"},\"query-input\":{\"@type\":\"PropertyValueSpecification\",\"valueRequired\":true,\"valueName\":\"search_term_string\"}}],\"inLanguage\":\"hu\"},{\"@type\":\"Organization\",\"@id\":\"https:\/\/www.hsymachinery.com\/#organization\",\"name\":\"HSY Construction Machinery\",\"url\":\"https:\/\/www.hsymachinery.com\/\",\"logo\":{\"@type\":\"ImageObject\",\"inLanguage\":\"hu\",\"@id\":\"https:\/\/www.hsymachinery.com\/#\/schema\/logo\/image\/\",\"url\":\"https:\/\/www.hsymachinery.com\/wp-content\/uploads\/2025\/06\/cropped-HSY-machinery.png\",\"contentUrl\":\"https:\/\/www.hsymachinery.com\/wp-content\/uploads\/2025\/06\/cropped-HSY-machinery.png\",\"width\":600,\"height\":240,\"caption\":\"HSY Construction Machinery\"},\"image\":{\"@id\":\"https:\/\/www.hsymachinery.com\/#\/schema\/logo\/image\/\"}}]}<\/script>\n<!-- \/ Yoast SEO plugin. -->","yoast_head_json":{"title":"Betonac\u00e9l egyenget\u0151 g\u00e9p GTF4-16B - HSY \u00c9p\u00edt\u0151ipari g\u00e9pek","description":"A GTF4-16B betonac\u00e9l egyenget\u0151 g\u00e9p 4-16 mm-es ac\u00e9lrudakat egyenget VFD vez\u00e9rl\u00e9ssel. Megb\u00edzhat\u00f3, \u00e1ll\u00edthat\u00f3 \u00e9s exportk\u00e9pes ipari betonac\u00e9l-feldolgoz\u00e1shoz.","robots":{"index":"index","follow":"follow","max-snippet":"max-snippet:-1","max-image-preview":"max-image-preview:large","max-video-preview":"max-video-preview:-1"},"canonical":"https:\/\/www.hsymachinery.com\/hu\/termek\/betonacel-egyengeto-gep-gtf4-16b\/","og_locale":"hu_HU","og_type":"article","og_title":"Rebar Straightening Machine GTF4-16B - HSY Construction Machinery","og_description":"Rebar Straightening Machine GTF4-16B straightens 4\u201316mm steel bars with VFD control. Reliable, adjustable, and export-ready for industrial rebar processing.","og_url":"https:\/\/www.hsymachinery.com\/hu\/termek\/betonacel-egyengeto-gep-gtf4-16b\/","og_site_name":"HSY Construction Machinery","article_modified_time":"2025-06-27T16:49:19+00:00","og_image":[{"width":600,"height":600,"url":"https:\/\/www.hsymachinery.com\/wp-content\/uploads\/2025\/06\/Rebar-Straightening-Machine-GTF4-16B.jpg","type":"image\/jpeg"}],"twitter_card":"summary_large_image","twitter_misc":{"Becs\u00fclt olvas\u00e1si id\u0151":"2 perc"},"schema":{"@context":"https:\/\/schema.org","@graph":[{"@type":"WebPage","@id":"https:\/\/www.hsymachinery.com\/product\/rebar-straightening-machine-gtf4-16b\/","url":"https:\/\/www.hsymachinery.com\/product\/rebar-straightening-machine-gtf4-16b\/","name":"Betonac\u00e9l egyenget\u0151 g\u00e9p GTF4-16B - HSY \u00c9p\u00edt\u0151ipari g\u00e9pek","isPartOf":{"@id":"https:\/\/www.hsymachinery.com\/#website"},"primaryImageOfPage":{"@id":"https:\/\/www.hsymachinery.com\/product\/rebar-straightening-machine-gtf4-16b\/#primaryimage"},"image":{"@id":"https:\/\/www.hsymachinery.com\/product\/rebar-straightening-machine-gtf4-16b\/#primaryimage"},"thumbnailUrl":"https:\/\/www.hsymachinery.com\/wp-content\/uploads\/2025\/06\/Rebar-Straightening-Machine-GTF4-16B.jpg","datePublished":"2025-06-18T06:25:15+00:00","dateModified":"2025-06-27T16:49:19+00:00","description":"A GTF4-16B betonac\u00e9l egyenget\u0151 g\u00e9p 4-16 mm-es ac\u00e9lrudakat egyenget VFD vez\u00e9rl\u00e9ssel. Megb\u00edzhat\u00f3, \u00e1ll\u00edthat\u00f3 \u00e9s exportk\u00e9pes ipari betonac\u00e9l-feldolgoz\u00e1shoz.","breadcrumb":{"@id":"https:\/\/www.hsymachinery.com\/product\/rebar-straightening-machine-gtf4-16b\/#breadcrumb"},"inLanguage":"hu","potentialAction":[{"@type":"ReadAction","target":["https:\/\/www.hsymachinery.com\/product\/rebar-straightening-machine-gtf4-16b\/"]}]},{"@type":"ImageObject","inLanguage":"hu","@id":"https:\/\/www.hsymachinery.com\/product\/rebar-straightening-machine-gtf4-16b\/#primaryimage","url":"https:\/\/www.hsymachinery.com\/wp-content\/uploads\/2025\/06\/Rebar-Straightening-Machine-GTF4-16B.jpg","contentUrl":"https:\/\/www.hsymachinery.com\/wp-content\/uploads\/2025\/06\/Rebar-Straightening-Machine-GTF4-16B.jpg","width":600,"height":600},{"@type":"BreadcrumbList","@id":"https:\/\/www.hsymachinery.com\/product\/rebar-straightening-machine-gtf4-16b\/#breadcrumb","itemListElement":[{"@type":"ListItem","position":1,"name":"home","item":"https:\/\/www.hsymachinery.com\/"},{"@type":"ListItem","position":2,"name":"products","item":"https:\/\/www.hsymachinery.com\/products\/"},{"@type":"ListItem","position":3,"name":"Rebar Straightening Machine GTF4-16B"}]},{"@type":"WebSite","@id":"https:\/\/www.hsymachinery.com\/#website","url":"https:\/\/www.hsymachinery.com\/","name":"HSY \u00e9p\u00edt\u0151ipari g\u00e9pek","description":"HSY Machinery - K\u00edna vezet\u0151 \u00e9p\u00edt\u0151ipari g\u00e9pgy\u00e1rt\u00f3 v\u00e1llalata, amely k\u00f6nny\u0171 \u00e9p\u00edt\u0151ipari berendez\u00e9sek sz\u00e9les v\u00e1laszt\u00e9k\u00e1t k\u00edn\u00e1lja. F\u0151 term\u00e9keink k\u00f6z\u00e9 tartozik az \u00fajj\u00e1\u00e9p\u00edt\u00e9si v\u00e1g\u00f3g\u00e9p, az \u00fajj\u00e1\u00e9p\u00edt\u00e9si hajl\u00edt\u00f3g\u00e9p, az \u00fajj\u00e1\u00e9p\u00edt\u00e9si kengyelhajl\u00edt\u00f3 g\u00e9p, az \u00fajj\u00e1\u00e9p\u00edt\u00e9si \u00edvhajl\u00edt\u00f3 g\u00e9p, az \u00fajj\u00e1\u00e9p\u00edt\u00e9si egyenes\u00edt\u0151 g\u00e9p, az \u00f6tfej\u0171 \u00fajj\u00e1\u00e9p\u00edt\u00e9si kengyelhajl\u00edt\u00f3 g\u00e9p, a d\u00f6ng\u00f6l\u0151 rammer, a lemezkompaktor, a betonv\u00e1g\u00f3, a villanymotoros sim\u00edt\u00f3 \u00e9s m\u00e1s \u00e9p\u00edt\u0151ipari g\u00e9pek. Fejlett CNC-g\u00e9pekkel vagyunk felszerelve, \u00e9s szigor\u00fa min\u0151s\u00e9gellen\u0151rz\u00e9si szabv\u00e1nyokat \u00e9rv\u00e9nyes\u00edt\u00fcnk az \u00e1tfog\u00f3 \u00e9rt\u00e9kes\u00edt\u00e9s ut\u00e1ni szolg\u00e1ltat\u00e1ssal egy\u00fctt. Ha \u00e9rdeklik term\u00e9keink vagy szolg\u00e1ltat\u00e1saink, sz\u00edvesen fogadjuk \u00e9rdekl\u0151d\u00e9s\u00e9t \u00fczenetben.","publisher":{"@id":"https:\/\/www.hsymachinery.com\/#organization"},"potentialAction":[{"@type":"SearchAction","target":{"@type":"EntryPoint","urlTemplate":"https:\/\/www.hsymachinery.com\/?s={search_term_string}"},"query-input":{"@type":"PropertyValueSpecification","valueRequired":true,"valueName":"search_term_string"}}],"inLanguage":"hu"},{"@type":"Organization","@id":"https:\/\/www.hsymachinery.com\/#organization","name":"HSY \u00e9p\u00edt\u0151ipari g\u00e9pek","url":"https:\/\/www.hsymachinery.com\/","logo":{"@type":"ImageObject","inLanguage":"hu","@id":"https:\/\/www.hsymachinery.com\/#\/schema\/logo\/image\/","url":"https:\/\/www.hsymachinery.com\/wp-content\/uploads\/2025\/06\/cropped-HSY-machinery.png","contentUrl":"https:\/\/www.hsymachinery.com\/wp-content\/uploads\/2025\/06\/cropped-HSY-machinery.png","width":600,"height":240,"caption":"HSY Construction Machinery"},"image":{"@id":"https:\/\/www.hsymachinery.com\/#\/schema\/logo\/image\/"}}]}},"_links":{"self":[{"href":"https:\/\/www.hsymachinery.com\/hu\/wp-json\/wp\/v2\/product\/9027","targetHints":{"allow":["GET"]}}],"collection":[{"href":"https:\/\/www.hsymachinery.com\/hu\/wp-json\/wp\/v2\/product"}],"about":[{"href":"https:\/\/www.hsymachinery.com\/hu\/wp-json\/wp\/v2\/types\/product"}],"version-history":[{"count":3,"href":"https:\/\/www.hsymachinery.com\/hu\/wp-json\/wp\/v2\/product\/9027\/revisions"}],"predecessor-version":[{"id":9449,"href":"https:\/\/www.hsymachinery.com\/hu\/wp-json\/wp\/v2\/product\/9027\/revisions\/9449"}],"wp:featuredmedia":[{"embeddable":true,"href":"https:\/\/www.hsymachinery.com\/hu\/wp-json\/wp\/v2\/media\/9028"}],"wp:attachment":[{"href":"https:\/\/www.hsymachinery.com\/hu\/wp-json\/wp\/v2\/media?parent=9027"}],"wp:term":[{"taxonomy":"product_brand","embeddable":true,"href":"https:\/\/www.hsymachinery.com\/hu\/wp-json\/wp\/v2\/product_brand?post=9027"},{"taxonomy":"product_cat","embeddable":true,"href":"https:\/\/www.hsymachinery.com\/hu\/wp-json\/wp\/v2\/product_cat?post=9027"},{"taxonomy":"product_tag","embeddable":true,"href":"https:\/\/www.hsymachinery.com\/hu\/wp-json\/wp\/v2\/product_tag?post=9027"}],"curies":[{"name":"wp","href":"https:\/\/api.w.org\/{rel}","templated":true}]}}