{"id":9010,"date":"2025-06-18T14:14:06","date_gmt":"2025-06-18T06:14:06","guid":{"rendered":"https:\/\/www.hsymachinery.com\/?post_type=product&#038;p=9010"},"modified":"2025-06-28T00:01:02","modified_gmt":"2025-06-27T16:01:02","slug":"betonvas-egyengeto-gep-gtd4-12","status":"publish","type":"product","link":"https:\/\/www.hsymachinery.com\/hu\/termek\/betonvas-egyengeto-gep-gtd4-12\/","title":{"rendered":"R\u00fadegyenget\u0151 g\u00e9p GTD4-12"},"content":{"rendered":"<h2 data-start=\"104\" data-end=\"147\">R\u00fadegyenget\u0151 g\u00e9p GTD4-12<\/h2>\n<h3 data-start=\"148\" data-end=\"277\">GTD4-12 Neh\u00e9z teherb\u00edr\u00e1s\u00fa ac\u00e9lr\u00fad-egyenget\u0151 4-12 mm-es ac\u00e9lrudakhoz | Nagy sebess\u00e9g\u0171 tekercsegyenget\u0151 berendez\u00e9s ipari projektekhez<\/h3>\n<h3 data-start=\"284\" data-end=\"363\">Term\u00e9k \u00e1ttekint\u00e9s - Nagy sebess\u00e9g\u0171 egyenget\u00e9s ipari betonac\u00e9l ig\u00e9nybev\u00e9telhez<\/h3>\n<p data-start=\"365\" data-end=\"699\">A <strong data-start=\"369\" data-end=\"408\"><a href=\"https:\/\/www.hsymachinery.com\/hu\/termekek\/betonacel-egyengeto-gep\/\" target=\"_blank\" rel=\"noopener\">Rebar kiegyenes\u00edt\u0151 g\u00e9p<\/a> GTD4-12<\/strong> \u00fagy tervezt\u00e9k, hogy kezelje <strong data-start=\"433\" data-end=\"466\">4 mm \u00e9s 12 mm k\u00f6z\u00f6tti tekercselt ac\u00e9lrudak<\/strong>, \u00edgy ide\u00e1lis ipari betonac\u00e9l-feldolgoz\u00e1shoz, el\u0151regy\u00e1rt\u00f3 \u00fczemekhez \u00e9s nagyszab\u00e1s\u00fa \u00e9p\u00edtkez\u00e9sekhez. Gyorsan \u00e9s pontosan kiegyenes\u00edti a betonac\u00e9lokat, jelent\u0151sen cs\u00f6kkentve a k\u00e9zi munk\u00e1t, mik\u00f6zben jav\u00edtja a kimenet min\u0151s\u00e9g\u00e9t.<\/p>\n<p data-start=\"701\" data-end=\"819\">A v\u00e1llalkoz\u00f3k akkor v\u00e1lasztj\u00e1k ezt a modellt, ha gyors \u00e9s egyenletes eredm\u00e9nyekre van sz\u00fcks\u00e9g\u00fck a tekercselt ac\u00e9lb\u00f3l, nagy ig\u00e9nybev\u00e9telnek kitett k\u00f6rnyezetben.<\/p>\n<h3 data-start=\"826\" data-end=\"885\">Vastagabb rudak egyenget\u00e9se stabilit\u00e1ssal \u00e9s pontoss\u00e1ggal<\/h3>\n<p data-start=\"887\" data-end=\"1135\">A GTD4-12 g\u00f6rg\u0151 poz\u00edci\u00f3j\u00e1t \u00e9s az el\u0151tol\u00e1si fesz\u00fclts\u00e9get a k\u00fcl\u00f6nb\u00f6z\u0151 ac\u00e9lr\u00fad-\u00e1tm\u00e9r\u0151kh\u00f6z igaz\u00edthatja. Meger\u0151s\u00edtett motorrendszere egyenletes er\u0151t biztos\u00edt, \u00edgy a r\u00fad egyenget\u00e9se m\u00e9g hossz\u00fa munkaciklusok eset\u00e9n is egyenletes \u00e9s egyenletes.<\/p>\n<p data-start=\"1137\" data-end=\"1323\">Az \u00e1ll\u00edthat\u00f3 sebess\u00e9gszab\u00e1lyoz\u00e1s lehet\u0151v\u00e9 teszi, hogy a termel\u00e9si teljes\u00edtm\u00e9nyt a napi munkaig\u00e9nyekhez igaz\u00edtsa, m\u00edg a rezg\u00e9sg\u00e1tl\u00f3 kialak\u00edt\u00e1s stabil m\u0171k\u00f6d\u00e9st \u00e9s k\u00f6vetkezetes igaz\u00edt\u00e1st biztos\u00edt.<\/p>\n<h3 data-start=\"1330\" data-end=\"1388\">Kem\u00e9nyen meg\u00e9p\u00edtve a folyamatos haszn\u00e1latra \u00e9s exportk\u00e9szs\u00e9gre<\/h3>\n<p data-start=\"1390\" data-end=\"1660\">A nagy szil\u00e1rds\u00e1g\u00fa ac\u00e9lb\u00f3l k\u00e9sz\u00fclt GTD4-12 nagy ig\u00e9nybev\u00e9telre k\u00e9sz\u00fclt. Kompakt, de stabil alapot, ipari g\u00f6rg\u0151ket \u00e9s kett\u0151s fesz\u00fclts\u00e9g\u0171 \u00e1ramell\u00e1t\u00f3 rendszert (220V\/380V, 50Hz\/60Hz) tartalmaz - \u00edgy k\u00f6nnyen bevethet\u0151 a k\u00fcl\u00f6nb\u00f6z\u0151 r\u00e9gi\u00f3kban \u00e9s munkater\u00fcleteken.<\/p>\n<p data-start=\"1662\" data-end=\"1796\">Megb\u00edzhat\u00f3 egyenget\u00e9si k\u00e9pess\u00e9ge \u00e9s export-kompatibilis be\u00e1ll\u00edt\u00e1sa miatt a nemzetk\u00f6zi betonac\u00e9l-sz\u00e1ll\u00edt\u00f3k \u00e9s kivitelez\u0151k els\u0151 sz\u00e1m\u00fa v\u00e1laszt\u00e1sa.<\/p>\n<h3 data-start=\"1803\" data-end=\"1860\">A GTD4-12 fesz\u00edt\u0151vas egyenget\u0151 legfontosabb jellemz\u0151i<\/h3>\n<ul data-start=\"1862\" data-end=\"2111\">\n<li data-start=\"1862\" data-end=\"1922\">\n<p data-start=\"1864\" data-end=\"1922\">4-12 mm-es ac\u00e9lrudakat egyenget tekercsb\u0151l, nagy teljes\u00edtm\u00e9nnyel<\/p>\n<\/li>\n<li data-start=\"1923\" data-end=\"1997\">\n<p data-start=\"1925\" data-end=\"1997\">El\u0151regy\u00e1rt\u00e1sra, ipari meger\u0151s\u00edt\u00e9sre \u00e9s exportra optimaliz\u00e1lva<\/p>\n<\/li>\n<li data-start=\"1998\" data-end=\"2056\">\n<p data-start=\"2000\" data-end=\"2056\">\u00c1ll\u00edthat\u00f3 g\u00f6rg\u0151rendszer stabil adagol\u00e1si mechanizmussal<\/p>\n<\/li>\n<li data-start=\"2057\" data-end=\"2111\">\n<p data-start=\"2059\" data-end=\"2111\">A fesz\u00fclts\u00e9g opci\u00f3k mind a helyi, mind a glob\u00e1lis projektekhez illeszkednek<\/p>\n<\/li>\n<\/ul>\n<p><iframe title=\"1TP10Konstrukci\u00f3 1TP10R\u00fadv\u00e1g\u00f3g\u00e9p 1TP10R\u00fadhajl\u00edt\u00f3 1TP10R\u00fadv\u00e1g\u00f3g\u00e9p 1TP10R\u00fadv\u00e1g\u00f3g\u00e9p 1TP10R\u00fadv\u00e1g\u00f3g\u00e9p\" width=\"720\" height=\"405\" src=\"https:\/\/www.youtube.com\/embed\/YnqPtwSEoVw?feature=oembed\" frameborder=\"0\" allow=\"accelerometer; autoplay; clipboard-write; encrypted-media; gyroscope; picture-in-picture; web-share\" referrerpolicy=\"strict-origin-when-cross-origin\" allowfullscreen><\/iframe><\/p>","protected":false},"excerpt":{"rendered":"<p>A GTD4-12 betonac\u00e9l egyenget\u0151g\u00e9p 4-12 mm-es ac\u00e9lrudakat dolgoz fel tekercsb\u0151l. Er\u0151s, stabil teljes\u00edtm\u00e9nyt ny\u00fajt az ipari szint\u0171 munk\u00e1khoz, \u00e9s alkalmas nemzetk\u00f6zi bevet\u00e9sre.<\/p>","protected":false},"featured_media":9011,"template":"","meta":{"_kad_post_transparent":"default","_kad_post_title":"","_kad_post_layout":"default","_kad_post_sidebar_id":"","_kad_post_content_style":"default","_kad_post_vertical_padding":"default","_kad_post_feature":"","_kad_post_feature_position":"","_kad_post_header":false,"_kad_post_footer":false},"product_brand":[],"product_cat":[62],"product_tag":[1026,1028,1030,1031,1034,1027,1032,1025,1029,1033],"class_list":{"0":"post-9010","1":"product","2":"type-product","3":"status-publish","4":"has-post-thumbnail","6":"product_cat-rebar-straightening-machine","7":"product_tag-automatic-rebar-straightener","8":"product_tag-cnc-rebar-straightening-equipment","9":"product_tag-coiled-rebar-straightening-machine","10":"product_tag-construction-bar-straightening-machine","11":"product_tag-high-speed-rebar-straightening-tool","12":"product_tag-hydraulic-rebar-straightening-machine","13":"product_tag-rebar-leveling-and-cutting-machine","14":"product_tag-steel-bar-straightening-machine","15":"product_tag-steel-wire-straightener-and-cutter","16":"product_tag-straightening-machine-for-steel-rods","18":"first","19":"instock","20":"shipping-taxable","21":"product-type-simple","22":"entry","23":"content-bg","24":"loop-entry"},"yoast_head":"<!-- This site is optimized with the Yoast SEO plugin v25.3.1 - https:\/\/yoast.com\/wordpress\/plugins\/seo\/ -->\n<title>Rebar Straightening Machine GTD4-12 - HSY Construction Machinery<\/title>\n<meta name=\"description\" content=\"Rebar Straightening Machine GTD4-12 handles 4\u201312mm bars with precision. Ideal for industrial projects and exports, with adjustable speed and voltage compatibility.\" \/>\n<meta name=\"robots\" content=\"index, follow, max-snippet:-1, max-image-preview:large, max-video-preview:-1\" \/>\n<link rel=\"canonical\" href=\"https:\/\/www.hsymachinery.com\/hu\/termek\/betonvas-egyengeto-gep-gtd4-12\/\" \/>\n<meta property=\"og:locale\" content=\"hu_HU\" \/>\n<meta property=\"og:type\" content=\"article\" \/>\n<meta property=\"og:title\" content=\"Rebar Straightening Machine GTD4-12 - HSY Construction Machinery\" \/>\n<meta property=\"og:description\" content=\"Rebar Straightening Machine GTD4-12 handles 4\u201312mm bars with precision. Ideal for industrial projects and exports, with adjustable speed and voltage compatibility.\" \/>\n<meta property=\"og:url\" content=\"https:\/\/www.hsymachinery.com\/hu\/termek\/betonvas-egyengeto-gep-gtd4-12\/\" \/>\n<meta property=\"og:site_name\" content=\"HSY Construction Machinery\" \/>\n<meta property=\"article:modified_time\" content=\"2025-06-27T16:01:02+00:00\" \/>\n<meta property=\"og:image\" content=\"https:\/\/www.hsymachinery.com\/wp-content\/uploads\/2025\/06\/Rebar-Straightening-Machine-GTD4-12.jpg\" \/>\n\t<meta property=\"og:image:width\" content=\"600\" \/>\n\t<meta property=\"og:image:height\" content=\"600\" \/>\n\t<meta property=\"og:image:type\" content=\"image\/jpeg\" \/>\n<meta name=\"twitter:card\" content=\"summary_large_image\" \/>\n<meta name=\"twitter:label1\" content=\"Becs\u00fclt olvas\u00e1si id\u0151\" \/>\n\t<meta name=\"twitter:data1\" content=\"2 perc\" \/>\n<script type=\"application\/ld+json\" class=\"yoast-schema-graph\">{\"@context\":\"https:\/\/schema.org\",\"@graph\":[{\"@type\":\"WebPage\",\"@id\":\"https:\/\/www.hsymachinery.com\/product\/rebar-straightening-machine-gtd4-12\/\",\"url\":\"https:\/\/www.hsymachinery.com\/product\/rebar-straightening-machine-gtd4-12\/\",\"name\":\"Rebar Straightening Machine GTD4-12 - HSY Construction Machinery\",\"isPartOf\":{\"@id\":\"https:\/\/www.hsymachinery.com\/#website\"},\"primaryImageOfPage\":{\"@id\":\"https:\/\/www.hsymachinery.com\/product\/rebar-straightening-machine-gtd4-12\/#primaryimage\"},\"image\":{\"@id\":\"https:\/\/www.hsymachinery.com\/product\/rebar-straightening-machine-gtd4-12\/#primaryimage\"},\"thumbnailUrl\":\"https:\/\/www.hsymachinery.com\/wp-content\/uploads\/2025\/06\/Rebar-Straightening-Machine-GTD4-12.jpg\",\"datePublished\":\"2025-06-18T06:14:06+00:00\",\"dateModified\":\"2025-06-27T16:01:02+00:00\",\"description\":\"Rebar Straightening Machine GTD4-12 handles 4\u201312mm bars with precision. Ideal for industrial projects and exports, with adjustable speed and voltage compatibility.\",\"breadcrumb\":{\"@id\":\"https:\/\/www.hsymachinery.com\/product\/rebar-straightening-machine-gtd4-12\/#breadcrumb\"},\"inLanguage\":\"hu\",\"potentialAction\":[{\"@type\":\"ReadAction\",\"target\":[\"https:\/\/www.hsymachinery.com\/product\/rebar-straightening-machine-gtd4-12\/\"]}]},{\"@type\":\"ImageObject\",\"inLanguage\":\"hu\",\"@id\":\"https:\/\/www.hsymachinery.com\/product\/rebar-straightening-machine-gtd4-12\/#primaryimage\",\"url\":\"https:\/\/www.hsymachinery.com\/wp-content\/uploads\/2025\/06\/Rebar-Straightening-Machine-GTD4-12.jpg\",\"contentUrl\":\"https:\/\/www.hsymachinery.com\/wp-content\/uploads\/2025\/06\/Rebar-Straightening-Machine-GTD4-12.jpg\",\"width\":600,\"height\":600},{\"@type\":\"BreadcrumbList\",\"@id\":\"https:\/\/www.hsymachinery.com\/product\/rebar-straightening-machine-gtd4-12\/#breadcrumb\",\"itemListElement\":[{\"@type\":\"ListItem\",\"position\":1,\"name\":\"home\",\"item\":\"https:\/\/www.hsymachinery.com\/\"},{\"@type\":\"ListItem\",\"position\":2,\"name\":\"products\",\"item\":\"https:\/\/www.hsymachinery.com\/products\/\"},{\"@type\":\"ListItem\",\"position\":3,\"name\":\"Rebar Straightening Machine GTD4-12\"}]},{\"@type\":\"WebSite\",\"@id\":\"https:\/\/www.hsymachinery.com\/#website\",\"url\":\"https:\/\/www.hsymachinery.com\/\",\"name\":\"HSY Construction Machinery\",\"description\":\"HSY Machinery \u2013 A leading China construction machinery supplier, offering a wide range of light construction equipment. Our main products include Rebar Cutting Machine, Rebar Bending Machine, Rebar Stirrup Bending Machine, Rebar Arc Bending Machine, Rebar Straightening Machine, Five-Head Rebar Stirrup Bending Machine, Tamping Rammer, Plate Compactor, Concrete Cutter, Power Trowel, and other construction machinery. We are equipped with advanced CNC machines, and we enforce strict quality inspection standards along with comprehensive after-sales service. If you are interested in our products or services, we warmly welcome your inquiries via message.\",\"publisher\":{\"@id\":\"https:\/\/www.hsymachinery.com\/#organization\"},\"potentialAction\":[{\"@type\":\"SearchAction\",\"target\":{\"@type\":\"EntryPoint\",\"urlTemplate\":\"https:\/\/www.hsymachinery.com\/?s={search_term_string}\"},\"query-input\":{\"@type\":\"PropertyValueSpecification\",\"valueRequired\":true,\"valueName\":\"search_term_string\"}}],\"inLanguage\":\"hu\"},{\"@type\":\"Organization\",\"@id\":\"https:\/\/www.hsymachinery.com\/#organization\",\"name\":\"HSY Construction Machinery\",\"url\":\"https:\/\/www.hsymachinery.com\/\",\"logo\":{\"@type\":\"ImageObject\",\"inLanguage\":\"hu\",\"@id\":\"https:\/\/www.hsymachinery.com\/#\/schema\/logo\/image\/\",\"url\":\"https:\/\/www.hsymachinery.com\/wp-content\/uploads\/2025\/06\/cropped-HSY-machinery.png\",\"contentUrl\":\"https:\/\/www.hsymachinery.com\/wp-content\/uploads\/2025\/06\/cropped-HSY-machinery.png\",\"width\":600,\"height\":240,\"caption\":\"HSY Construction Machinery\"},\"image\":{\"@id\":\"https:\/\/www.hsymachinery.com\/#\/schema\/logo\/image\/\"}}]}<\/script>\n<!-- \/ Yoast SEO plugin. -->","yoast_head_json":{"title":"Betonac\u00e9l egyenget\u0151 g\u00e9p GTD4-12 - HSY \u00c9p\u00edt\u0151ipari g\u00e9pek","description":"A GTD4-12 betonac\u00e9l egyenget\u0151g\u00e9p 4-12 mm-es rudakat kezel prec\u00edzen. Ide\u00e1lis ipari projektekhez \u00e9s exportra, \u00e1ll\u00edthat\u00f3 sebess\u00e9ggel \u00e9s fesz\u00fclts\u00e9gkompatibilit\u00e1ssal.","robots":{"index":"index","follow":"follow","max-snippet":"max-snippet:-1","max-image-preview":"max-image-preview:large","max-video-preview":"max-video-preview:-1"},"canonical":"https:\/\/www.hsymachinery.com\/hu\/termek\/betonvas-egyengeto-gep-gtd4-12\/","og_locale":"hu_HU","og_type":"article","og_title":"Rebar Straightening Machine GTD4-12 - HSY Construction Machinery","og_description":"Rebar Straightening Machine GTD4-12 handles 4\u201312mm bars with precision. Ideal for industrial projects and exports, with adjustable speed and voltage compatibility.","og_url":"https:\/\/www.hsymachinery.com\/hu\/termek\/betonvas-egyengeto-gep-gtd4-12\/","og_site_name":"HSY Construction Machinery","article_modified_time":"2025-06-27T16:01:02+00:00","og_image":[{"width":600,"height":600,"url":"https:\/\/www.hsymachinery.com\/wp-content\/uploads\/2025\/06\/Rebar-Straightening-Machine-GTD4-12.jpg","type":"image\/jpeg"}],"twitter_card":"summary_large_image","twitter_misc":{"Becs\u00fclt olvas\u00e1si id\u0151":"2 perc"},"schema":{"@context":"https:\/\/schema.org","@graph":[{"@type":"WebPage","@id":"https:\/\/www.hsymachinery.com\/product\/rebar-straightening-machine-gtd4-12\/","url":"https:\/\/www.hsymachinery.com\/product\/rebar-straightening-machine-gtd4-12\/","name":"Betonac\u00e9l egyenget\u0151 g\u00e9p GTD4-12 - HSY \u00c9p\u00edt\u0151ipari g\u00e9pek","isPartOf":{"@id":"https:\/\/www.hsymachinery.com\/#website"},"primaryImageOfPage":{"@id":"https:\/\/www.hsymachinery.com\/product\/rebar-straightening-machine-gtd4-12\/#primaryimage"},"image":{"@id":"https:\/\/www.hsymachinery.com\/product\/rebar-straightening-machine-gtd4-12\/#primaryimage"},"thumbnailUrl":"https:\/\/www.hsymachinery.com\/wp-content\/uploads\/2025\/06\/Rebar-Straightening-Machine-GTD4-12.jpg","datePublished":"2025-06-18T06:14:06+00:00","dateModified":"2025-06-27T16:01:02+00:00","description":"A GTD4-12 betonac\u00e9l egyenget\u0151g\u00e9p 4-12 mm-es rudakat kezel prec\u00edzen. Ide\u00e1lis ipari projektekhez \u00e9s exportra, \u00e1ll\u00edthat\u00f3 sebess\u00e9ggel \u00e9s fesz\u00fclts\u00e9gkompatibilit\u00e1ssal.","breadcrumb":{"@id":"https:\/\/www.hsymachinery.com\/product\/rebar-straightening-machine-gtd4-12\/#breadcrumb"},"inLanguage":"hu","potentialAction":[{"@type":"ReadAction","target":["https:\/\/www.hsymachinery.com\/product\/rebar-straightening-machine-gtd4-12\/"]}]},{"@type":"ImageObject","inLanguage":"hu","@id":"https:\/\/www.hsymachinery.com\/product\/rebar-straightening-machine-gtd4-12\/#primaryimage","url":"https:\/\/www.hsymachinery.com\/wp-content\/uploads\/2025\/06\/Rebar-Straightening-Machine-GTD4-12.jpg","contentUrl":"https:\/\/www.hsymachinery.com\/wp-content\/uploads\/2025\/06\/Rebar-Straightening-Machine-GTD4-12.jpg","width":600,"height":600},{"@type":"BreadcrumbList","@id":"https:\/\/www.hsymachinery.com\/product\/rebar-straightening-machine-gtd4-12\/#breadcrumb","itemListElement":[{"@type":"ListItem","position":1,"name":"home","item":"https:\/\/www.hsymachinery.com\/"},{"@type":"ListItem","position":2,"name":"products","item":"https:\/\/www.hsymachinery.com\/products\/"},{"@type":"ListItem","position":3,"name":"Rebar Straightening Machine GTD4-12"}]},{"@type":"WebSite","@id":"https:\/\/www.hsymachinery.com\/#website","url":"https:\/\/www.hsymachinery.com\/","name":"HSY \u00e9p\u00edt\u0151ipari g\u00e9pek","description":"HSY Machinery - K\u00edna vezet\u0151 \u00e9p\u00edt\u0151ipari g\u00e9pgy\u00e1rt\u00f3 v\u00e1llalata, amely k\u00f6nny\u0171 \u00e9p\u00edt\u0151ipari berendez\u00e9sek sz\u00e9les v\u00e1laszt\u00e9k\u00e1t k\u00edn\u00e1lja. F\u0151 term\u00e9keink k\u00f6z\u00e9 tartozik az \u00fajj\u00e1\u00e9p\u00edt\u00e9si v\u00e1g\u00f3g\u00e9p, az \u00fajj\u00e1\u00e9p\u00edt\u00e9si hajl\u00edt\u00f3g\u00e9p, az \u00fajj\u00e1\u00e9p\u00edt\u00e9si kengyelhajl\u00edt\u00f3 g\u00e9p, az \u00fajj\u00e1\u00e9p\u00edt\u00e9si \u00edvhajl\u00edt\u00f3 g\u00e9p, az \u00fajj\u00e1\u00e9p\u00edt\u00e9si egyenes\u00edt\u0151 g\u00e9p, az \u00f6tfej\u0171 \u00fajj\u00e1\u00e9p\u00edt\u00e9si kengyelhajl\u00edt\u00f3 g\u00e9p, a d\u00f6ng\u00f6l\u0151 rammer, a lemezkompaktor, a betonv\u00e1g\u00f3, a villanymotoros sim\u00edt\u00f3 \u00e9s m\u00e1s \u00e9p\u00edt\u0151ipari g\u00e9pek. Fejlett CNC-g\u00e9pekkel vagyunk felszerelve, \u00e9s szigor\u00fa min\u0151s\u00e9gellen\u0151rz\u00e9si szabv\u00e1nyokat \u00e9rv\u00e9nyes\u00edt\u00fcnk az \u00e1tfog\u00f3 \u00e9rt\u00e9kes\u00edt\u00e9s ut\u00e1ni szolg\u00e1ltat\u00e1ssal egy\u00fctt. Ha \u00e9rdeklik term\u00e9keink vagy szolg\u00e1ltat\u00e1saink, sz\u00edvesen fogadjuk \u00e9rdekl\u0151d\u00e9s\u00e9t \u00fczenetben.","publisher":{"@id":"https:\/\/www.hsymachinery.com\/#organization"},"potentialAction":[{"@type":"SearchAction","target":{"@type":"EntryPoint","urlTemplate":"https:\/\/www.hsymachinery.com\/?s={search_term_string}"},"query-input":{"@type":"PropertyValueSpecification","valueRequired":true,"valueName":"search_term_string"}}],"inLanguage":"hu"},{"@type":"Organization","@id":"https:\/\/www.hsymachinery.com\/#organization","name":"HSY \u00e9p\u00edt\u0151ipari g\u00e9pek","url":"https:\/\/www.hsymachinery.com\/","logo":{"@type":"ImageObject","inLanguage":"hu","@id":"https:\/\/www.hsymachinery.com\/#\/schema\/logo\/image\/","url":"https:\/\/www.hsymachinery.com\/wp-content\/uploads\/2025\/06\/cropped-HSY-machinery.png","contentUrl":"https:\/\/www.hsymachinery.com\/wp-content\/uploads\/2025\/06\/cropped-HSY-machinery.png","width":600,"height":240,"caption":"HSY Construction Machinery"},"image":{"@id":"https:\/\/www.hsymachinery.com\/#\/schema\/logo\/image\/"}}]}},"_links":{"self":[{"href":"https:\/\/www.hsymachinery.com\/hu\/wp-json\/wp\/v2\/product\/9010","targetHints":{"allow":["GET"]}}],"collection":[{"href":"https:\/\/www.hsymachinery.com\/hu\/wp-json\/wp\/v2\/product"}],"about":[{"href":"https:\/\/www.hsymachinery.com\/hu\/wp-json\/wp\/v2\/types\/product"}],"version-history":[{"count":3,"href":"https:\/\/www.hsymachinery.com\/hu\/wp-json\/wp\/v2\/product\/9010\/revisions"}],"predecessor-version":[{"id":9430,"href":"https:\/\/www.hsymachinery.com\/hu\/wp-json\/wp\/v2\/product\/9010\/revisions\/9430"}],"wp:featuredmedia":[{"embeddable":true,"href":"https:\/\/www.hsymachinery.com\/hu\/wp-json\/wp\/v2\/media\/9011"}],"wp:attachment":[{"href":"https:\/\/www.hsymachinery.com\/hu\/wp-json\/wp\/v2\/media?parent=9010"}],"wp:term":[{"taxonomy":"product_brand","embeddable":true,"href":"https:\/\/www.hsymachinery.com\/hu\/wp-json\/wp\/v2\/product_brand?post=9010"},{"taxonomy":"product_cat","embeddable":true,"href":"https:\/\/www.hsymachinery.com\/hu\/wp-json\/wp\/v2\/product_cat?post=9010"},{"taxonomy":"product_tag","embeddable":true,"href":"https:\/\/www.hsymachinery.com\/hu\/wp-json\/wp\/v2\/product_tag?post=9010"}],"curies":[{"name":"wp","href":"https:\/\/api.w.org\/{rel}","templated":true}]}}