{"id":9007,"date":"2025-06-18T12:42:38","date_gmt":"2025-06-18T04:42:38","guid":{"rendered":"https:\/\/www.hsymachinery.com\/?post_type=product&#038;p=9007"},"modified":"2025-06-27T23:55:54","modified_gmt":"2025-06-27T15:55:54","slug":"betonacel-egyengeto-gep-gtd4-10c","status":"publish","type":"product","link":"https:\/\/www.hsymachinery.com\/hu\/termek\/betonacel-egyengeto-gep-gtd4-10c\/","title":{"rendered":"R\u00fadegyenget\u0151 g\u00e9p GTD4-10C"},"content":{"rendered":"<h2 data-start=\"105\" data-end=\"149\">R\u00fadegyenget\u0151 g\u00e9p GTD4-10C<\/h2>\n<h3 data-start=\"150\" data-end=\"287\">GTD4-10C automatikus betonac\u00e9l egyenget\u0151 g\u00e9p 4-10 mm-es tekercselt ac\u00e9lrudakhoz | prec\u00edzi\u00f3s r\u00fadfeldolgoz\u00f3 berendez\u00e9s \u00e9p\u00edt\u0151ipari felhaszn\u00e1l\u00e1sra<\/h3>\n<h3 data-start=\"294\" data-end=\"379\">Term\u00e9k\u00e1ttekint\u00e9s - Nagy hat\u00e9konys\u00e1g\u00fa tekercsegyenget\u0151 k\u00f6nny\u0171 ac\u00e9lrudakhoz<\/h3>\n<p data-start=\"381\" data-end=\"670\">A <strong data-start=\"385\" data-end=\"425\"><a href=\"https:\/\/www.hsymachinery.com\/hu\/termekek\/betonacel-egyengeto-gep\/\" target=\"_blank\" rel=\"noopener\">Rebar kiegyenes\u00edt\u0151 g\u00e9p<\/a> GTD4-10C<\/strong> a feldolgoz\u00e1sra specializ\u00e1l\u00f3dott <strong data-start=\"452\" data-end=\"486\">4 mm \u00e9s 10 mm k\u00f6z\u00f6tti tekercselt ac\u00e9l betonac\u00e9l<\/strong> nagy sebess\u00e9ggel \u00e9s pontoss\u00e1ggal. Sz\u00e9les k\u00f6rben alkalmazz\u00e1k a lak\u00e1s\u00e9p\u00edt\u00e9sben, a dekorat\u00edv ac\u00e9lmunk\u00e1kn\u00e1l \u00e9s az el\u0151regy\u00e1rtott betonac\u00e9lok feldolgoz\u00e1s\u00e1n\u00e1l, ahol a k\u00f6vetkezetes egyeness\u00e9g kritikus.<\/p>\n<p data-start=\"672\" data-end=\"787\">A termel\u00e9kenys\u00e9gre tervezett modell cs\u00f6kkenti a k\u00e9zi munk\u00e1t, mik\u00f6zben jav\u00edtja a r\u00fad min\u0151s\u00e9g\u00e9t \u00e9s cs\u00f6kkenti az anyaghullad\u00e9kot.<\/p>\n<h3 data-start=\"794\" data-end=\"844\">Sima egyenes\u00edt\u00e9s rugalmas be\u00e1ll\u00edt\u00e1sokkal<\/h3>\n<p data-start=\"846\" data-end=\"1093\">Minim\u00e1lis be\u00e1ll\u00edt\u00e1si id\u0151vel be\u00e1ll\u00edthatja a g\u00f6rg\u0151k konfigur\u00e1ci\u00f3j\u00e1t \u00e9s az adagol\u00e1si fesz\u00fclts\u00e9get a k\u00fcl\u00f6nb\u00f6z\u0151 r\u00fadt\u00edpusok kezel\u00e9s\u00e9hez. Az ipari elektromos motor egyenletes teljes\u00edtm\u00e9nyt biztos\u00edt, \u00edgy a g\u00e9p gyorsan kiegyenes\u00edti a rudakat a pontoss\u00e1g elveszt\u00e9se n\u00e9lk\u00fcl.<\/p>\n<p data-start=\"1095\" data-end=\"1319\">A GTD4-10C alacsony s\u00farl\u00f3d\u00e1s\u00fa vezet\u0151rendszerrel is rendelkezik, amely biztos\u00edtja, hogy minden r\u00fad egyenesen \u00e9s v\u00e1g\u00e1sra vagy \u00f6sszeszerel\u00e9sre k\u00e9szen l\u00e9pjen ki. A sebess\u00e9gszab\u00e1lyoz\u00f3 t\u00e1rcsa seg\u00edt a kezel\u0151nek a gy\u00e1rt\u00e1si \u00fctemet a projekt egyedi ig\u00e9nyeihez igaz\u00edtani.<\/p>\n<h3 data-start=\"1326\" data-end=\"1374\">Praktikus, hordozhat\u00f3 \u00e9s exportk\u00e9pes<\/h3>\n<p data-start=\"1376\" data-end=\"1630\">Ez a g\u00e9p hegesztett ac\u00e9lv\u00e1zat haszn\u00e1l, amely ellen\u00e1ll a m\u0171k\u00f6d\u00e9s k\u00f6zbeni kop\u00e1snak \u00e9s mozg\u00e1snak. Kompakt kialak\u00edt\u00e1sa lehet\u0151v\u00e9 teszi a k\u00f6nny\u0171 sz\u00e1ll\u00edt\u00e1st, m\u00edg a k\u00e9tfesz\u00fclts\u00e9g\u0171 (220V\/380V) k\u00e9pess\u00e9g a helyi \u00e9s nemzetk\u00f6zi piacokon val\u00f3 z\u00f6kken\u0151mentes haszn\u00e1latot egyar\u00e1nt t\u00e1mogatja.<\/p>\n<p data-start=\"1632\" data-end=\"1777\">A v\u00e1llalkoz\u00f3k \u00e9s a gy\u00e1rt\u00f3k nagyra \u00e9rt\u00e9kelik ezt a modellt hordozhat\u00f3s\u00e1ga, teljes\u00edtm\u00e9nye \u00e9s k\u00f6vetkezetes eredm\u00e9nyei miatt a k\u00f6nny\u0171 \u00e9s k\u00f6zepes ig\u00e9nybev\u00e9tel\u0171 alkalmaz\u00e1sokban.<\/p>\n<h3 data-start=\"1784\" data-end=\"1842\">A GTD4-10C vasal\u00f3 kiegyenes\u00edt\u0151 legfontosabb jellemz\u0151i<\/h3>\n<ul data-start=\"1844\" data-end=\"2067\">\n<li data-start=\"1844\" data-end=\"1894\">\n<p data-start=\"1846\" data-end=\"1894\">4-10 mm-es tekercselt betonac\u00e9lokat egyenget prec\u00edzen<\/p>\n<\/li>\n<li data-start=\"1895\" data-end=\"1961\">\n<p data-start=\"1897\" data-end=\"1961\">Kism\u00e9ret\u0171 \u00e9p\u00edtkez\u00e9sekhez \u00e9s ac\u00e9lr\u00fad-feldolgoz\u00e1shoz tervezt\u00e9k<\/p>\n<\/li>\n<li data-start=\"1962\" data-end=\"2013\">\n<p data-start=\"1964\" data-end=\"2013\">Felhaszn\u00e1l\u00f3 \u00e1ltal \u00e1ll\u00edthat\u00f3 g\u00f6rg\u0151k \u00e9s stabil meghajt\u00f3rendszer<\/p>\n<\/li>\n<li data-start=\"2014\" data-end=\"2067\">\n<p data-start=\"2016\" data-end=\"2067\">Glob\u00e1lis fesz\u00fclts\u00e9gt\u00e1mogat\u00e1s export\u00e1l\u00e1shoz \u00e9s helysz\u00edni haszn\u00e1lathoz<\/p>\n<\/li>\n<\/ul>\n<p><iframe title=\"1TP10Konstrukci\u00f3 1TP10R\u00fadv\u00e1g\u00f3g\u00e9p 1TP10R\u00fadhajl\u00edt\u00f3 1TP10R\u00fadv\u00e1g\u00f3g\u00e9p 1TP10R\u00fadv\u00e1g\u00f3g\u00e9p 1TP10R\u00fadv\u00e1g\u00f3g\u00e9p\" width=\"720\" height=\"405\" src=\"https:\/\/www.youtube.com\/embed\/YnqPtwSEoVw?feature=oembed\" frameborder=\"0\" allow=\"accelerometer; autoplay; clipboard-write; encrypted-media; gyroscope; picture-in-picture; web-share\" referrerpolicy=\"strict-origin-when-cross-origin\" allowfullscreen><\/iframe><\/p>","protected":false},"excerpt":{"rendered":"<p>A GTD4-10C gyorsan \u00e9s tiszt\u00e1n kiegyenes\u00edti a 4-10 mm-es ac\u00e9l betonac\u00e9lt a tekercsb\u0151l. Ide\u00e1lis lak\u00f3\u00e9p\u00fcletekhez \u00e9s el\u0151regy\u00e1rtott munk\u00e1khoz, \u00e1ll\u00edthat\u00f3 g\u00f6rg\u0151kkel \u00e9s k\u00e9tfesz\u00fclts\u00e9g\u0171 kompatibilit\u00e1ssal.<\/p>","protected":false},"featured_media":9008,"template":"","meta":{"_kad_post_transparent":"default","_kad_post_title":"","_kad_post_layout":"default","_kad_post_sidebar_id":"","_kad_post_content_style":"default","_kad_post_vertical_padding":"default","_kad_post_feature":"","_kad_post_feature_position":"","_kad_post_header":false,"_kad_post_footer":false},"product_brand":[],"product_cat":[62],"product_tag":[1026,1028,1030,1031,1034,1027,1032,1025,1029,1033],"class_list":{"0":"post-9007","1":"product","2":"type-product","3":"status-publish","4":"has-post-thumbnail","6":"product_cat-rebar-straightening-machine","7":"product_tag-automatic-rebar-straightener","8":"product_tag-cnc-rebar-straightening-equipment","9":"product_tag-coiled-rebar-straightening-machine","10":"product_tag-construction-bar-straightening-machine","11":"product_tag-high-speed-rebar-straightening-tool","12":"product_tag-hydraulic-rebar-straightening-machine","13":"product_tag-rebar-leveling-and-cutting-machine","14":"product_tag-steel-bar-straightening-machine","15":"product_tag-steel-wire-straightener-and-cutter","16":"product_tag-straightening-machine-for-steel-rods","18":"first","19":"instock","20":"shipping-taxable","21":"product-type-simple","22":"entry","23":"content-bg","24":"loop-entry"},"yoast_head":"<!-- This site is optimized with the Yoast SEO plugin v25.3.1 - https:\/\/yoast.com\/wordpress\/plugins\/seo\/ -->\n<title>Rebar Straightening Machine GTD4-10C - HSY Construction Machinery<\/title>\n<meta name=\"description\" content=\"Rebar Straightening Machine GTD4-10C straightens 4\u201310mm steel bars with precision. Built for light-duty work, with export-ready design and adjustable settings.\" \/>\n<meta name=\"robots\" content=\"index, follow, max-snippet:-1, max-image-preview:large, max-video-preview:-1\" \/>\n<link rel=\"canonical\" href=\"https:\/\/www.hsymachinery.com\/hu\/termek\/betonacel-egyengeto-gep-gtd4-10c\/\" \/>\n<meta property=\"og:locale\" content=\"hu_HU\" \/>\n<meta property=\"og:type\" content=\"article\" \/>\n<meta property=\"og:title\" content=\"Rebar Straightening Machine GTD4-10C - HSY Construction Machinery\" \/>\n<meta property=\"og:description\" content=\"Rebar Straightening Machine GTD4-10C straightens 4\u201310mm steel bars with precision. Built for light-duty work, with export-ready design and adjustable settings.\" \/>\n<meta property=\"og:url\" content=\"https:\/\/www.hsymachinery.com\/hu\/termek\/betonacel-egyengeto-gep-gtd4-10c\/\" \/>\n<meta property=\"og:site_name\" content=\"HSY Construction Machinery\" \/>\n<meta property=\"article:modified_time\" content=\"2025-06-27T15:55:54+00:00\" \/>\n<meta property=\"og:image\" content=\"https:\/\/www.hsymachinery.com\/wp-content\/uploads\/2025\/06\/Rebar-Straightening-Machine-GTD4-10C.jpg\" \/>\n\t<meta property=\"og:image:width\" content=\"600\" \/>\n\t<meta property=\"og:image:height\" content=\"600\" \/>\n\t<meta property=\"og:image:type\" content=\"image\/jpeg\" \/>\n<meta name=\"twitter:card\" content=\"summary_large_image\" \/>\n<meta name=\"twitter:label1\" content=\"Becs\u00fclt olvas\u00e1si id\u0151\" \/>\n\t<meta name=\"twitter:data1\" content=\"2 perc\" \/>\n<script type=\"application\/ld+json\" class=\"yoast-schema-graph\">{\"@context\":\"https:\/\/schema.org\",\"@graph\":[{\"@type\":\"WebPage\",\"@id\":\"https:\/\/www.hsymachinery.com\/product\/rebar-straightening-machine-gtd4-10c\/\",\"url\":\"https:\/\/www.hsymachinery.com\/product\/rebar-straightening-machine-gtd4-10c\/\",\"name\":\"Rebar Straightening Machine GTD4-10C - HSY Construction Machinery\",\"isPartOf\":{\"@id\":\"https:\/\/www.hsymachinery.com\/#website\"},\"primaryImageOfPage\":{\"@id\":\"https:\/\/www.hsymachinery.com\/product\/rebar-straightening-machine-gtd4-10c\/#primaryimage\"},\"image\":{\"@id\":\"https:\/\/www.hsymachinery.com\/product\/rebar-straightening-machine-gtd4-10c\/#primaryimage\"},\"thumbnailUrl\":\"https:\/\/www.hsymachinery.com\/wp-content\/uploads\/2025\/06\/Rebar-Straightening-Machine-GTD4-10C.jpg\",\"datePublished\":\"2025-06-18T04:42:38+00:00\",\"dateModified\":\"2025-06-27T15:55:54+00:00\",\"description\":\"Rebar Straightening Machine GTD4-10C straightens 4\u201310mm steel bars with precision. Built for light-duty work, with export-ready design and adjustable settings.\",\"breadcrumb\":{\"@id\":\"https:\/\/www.hsymachinery.com\/product\/rebar-straightening-machine-gtd4-10c\/#breadcrumb\"},\"inLanguage\":\"hu\",\"potentialAction\":[{\"@type\":\"ReadAction\",\"target\":[\"https:\/\/www.hsymachinery.com\/product\/rebar-straightening-machine-gtd4-10c\/\"]}]},{\"@type\":\"ImageObject\",\"inLanguage\":\"hu\",\"@id\":\"https:\/\/www.hsymachinery.com\/product\/rebar-straightening-machine-gtd4-10c\/#primaryimage\",\"url\":\"https:\/\/www.hsymachinery.com\/wp-content\/uploads\/2025\/06\/Rebar-Straightening-Machine-GTD4-10C.jpg\",\"contentUrl\":\"https:\/\/www.hsymachinery.com\/wp-content\/uploads\/2025\/06\/Rebar-Straightening-Machine-GTD4-10C.jpg\",\"width\":600,\"height\":600},{\"@type\":\"BreadcrumbList\",\"@id\":\"https:\/\/www.hsymachinery.com\/product\/rebar-straightening-machine-gtd4-10c\/#breadcrumb\",\"itemListElement\":[{\"@type\":\"ListItem\",\"position\":1,\"name\":\"home\",\"item\":\"https:\/\/www.hsymachinery.com\/\"},{\"@type\":\"ListItem\",\"position\":2,\"name\":\"products\",\"item\":\"https:\/\/www.hsymachinery.com\/products\/\"},{\"@type\":\"ListItem\",\"position\":3,\"name\":\"Rebar Straightening Machine GTD4-10C\"}]},{\"@type\":\"WebSite\",\"@id\":\"https:\/\/www.hsymachinery.com\/#website\",\"url\":\"https:\/\/www.hsymachinery.com\/\",\"name\":\"HSY Construction Machinery\",\"description\":\"HSY Machinery \u2013 A leading China construction machinery supplier, offering a wide range of light construction equipment. Our main products include Rebar Cutting Machine, Rebar Bending Machine, Rebar Stirrup Bending Machine, Rebar Arc Bending Machine, Rebar Straightening Machine, Five-Head Rebar Stirrup Bending Machine, Tamping Rammer, Plate Compactor, Concrete Cutter, Power Trowel, and other construction machinery. We are equipped with advanced CNC machines, and we enforce strict quality inspection standards along with comprehensive after-sales service. If you are interested in our products or services, we warmly welcome your inquiries via message.\",\"publisher\":{\"@id\":\"https:\/\/www.hsymachinery.com\/#organization\"},\"potentialAction\":[{\"@type\":\"SearchAction\",\"target\":{\"@type\":\"EntryPoint\",\"urlTemplate\":\"https:\/\/www.hsymachinery.com\/?s={search_term_string}\"},\"query-input\":{\"@type\":\"PropertyValueSpecification\",\"valueRequired\":true,\"valueName\":\"search_term_string\"}}],\"inLanguage\":\"hu\"},{\"@type\":\"Organization\",\"@id\":\"https:\/\/www.hsymachinery.com\/#organization\",\"name\":\"HSY Construction Machinery\",\"url\":\"https:\/\/www.hsymachinery.com\/\",\"logo\":{\"@type\":\"ImageObject\",\"inLanguage\":\"hu\",\"@id\":\"https:\/\/www.hsymachinery.com\/#\/schema\/logo\/image\/\",\"url\":\"https:\/\/www.hsymachinery.com\/wp-content\/uploads\/2025\/06\/cropped-HSY-machinery.png\",\"contentUrl\":\"https:\/\/www.hsymachinery.com\/wp-content\/uploads\/2025\/06\/cropped-HSY-machinery.png\",\"width\":600,\"height\":240,\"caption\":\"HSY Construction Machinery\"},\"image\":{\"@id\":\"https:\/\/www.hsymachinery.com\/#\/schema\/logo\/image\/\"}}]}<\/script>\n<!-- \/ Yoast SEO plugin. -->","yoast_head_json":{"title":"Betonac\u00e9l egyenget\u0151 g\u00e9p GTD4-10C - HSY \u00c9p\u00edt\u0151ipari g\u00e9pek","description":"A GTD4-10C betonac\u00e9l egyenget\u0151g\u00e9p 4-10 mm-es ac\u00e9lrudakat egyenget prec\u00edzen. K\u00f6nny\u0171 munk\u00e1ra k\u00e9sz\u00fclt, exportk\u00e9pes kialak\u00edt\u00e1ssal \u00e9s \u00e1ll\u00edthat\u00f3 be\u00e1ll\u00edt\u00e1sokkal.","robots":{"index":"index","follow":"follow","max-snippet":"max-snippet:-1","max-image-preview":"max-image-preview:large","max-video-preview":"max-video-preview:-1"},"canonical":"https:\/\/www.hsymachinery.com\/hu\/termek\/betonacel-egyengeto-gep-gtd4-10c\/","og_locale":"hu_HU","og_type":"article","og_title":"Rebar Straightening Machine GTD4-10C - HSY Construction Machinery","og_description":"Rebar Straightening Machine GTD4-10C straightens 4\u201310mm steel bars with precision. Built for light-duty work, with export-ready design and adjustable settings.","og_url":"https:\/\/www.hsymachinery.com\/hu\/termek\/betonacel-egyengeto-gep-gtd4-10c\/","og_site_name":"HSY Construction Machinery","article_modified_time":"2025-06-27T15:55:54+00:00","og_image":[{"width":600,"height":600,"url":"https:\/\/www.hsymachinery.com\/wp-content\/uploads\/2025\/06\/Rebar-Straightening-Machine-GTD4-10C.jpg","type":"image\/jpeg"}],"twitter_card":"summary_large_image","twitter_misc":{"Becs\u00fclt olvas\u00e1si id\u0151":"2 perc"},"schema":{"@context":"https:\/\/schema.org","@graph":[{"@type":"WebPage","@id":"https:\/\/www.hsymachinery.com\/product\/rebar-straightening-machine-gtd4-10c\/","url":"https:\/\/www.hsymachinery.com\/product\/rebar-straightening-machine-gtd4-10c\/","name":"Betonac\u00e9l egyenget\u0151 g\u00e9p GTD4-10C - HSY \u00c9p\u00edt\u0151ipari g\u00e9pek","isPartOf":{"@id":"https:\/\/www.hsymachinery.com\/#website"},"primaryImageOfPage":{"@id":"https:\/\/www.hsymachinery.com\/product\/rebar-straightening-machine-gtd4-10c\/#primaryimage"},"image":{"@id":"https:\/\/www.hsymachinery.com\/product\/rebar-straightening-machine-gtd4-10c\/#primaryimage"},"thumbnailUrl":"https:\/\/www.hsymachinery.com\/wp-content\/uploads\/2025\/06\/Rebar-Straightening-Machine-GTD4-10C.jpg","datePublished":"2025-06-18T04:42:38+00:00","dateModified":"2025-06-27T15:55:54+00:00","description":"A GTD4-10C betonac\u00e9l egyenget\u0151g\u00e9p 4-10 mm-es ac\u00e9lrudakat egyenget prec\u00edzen. K\u00f6nny\u0171 munk\u00e1ra k\u00e9sz\u00fclt, exportk\u00e9pes kialak\u00edt\u00e1ssal \u00e9s \u00e1ll\u00edthat\u00f3 be\u00e1ll\u00edt\u00e1sokkal.","breadcrumb":{"@id":"https:\/\/www.hsymachinery.com\/product\/rebar-straightening-machine-gtd4-10c\/#breadcrumb"},"inLanguage":"hu","potentialAction":[{"@type":"ReadAction","target":["https:\/\/www.hsymachinery.com\/product\/rebar-straightening-machine-gtd4-10c\/"]}]},{"@type":"ImageObject","inLanguage":"hu","@id":"https:\/\/www.hsymachinery.com\/product\/rebar-straightening-machine-gtd4-10c\/#primaryimage","url":"https:\/\/www.hsymachinery.com\/wp-content\/uploads\/2025\/06\/Rebar-Straightening-Machine-GTD4-10C.jpg","contentUrl":"https:\/\/www.hsymachinery.com\/wp-content\/uploads\/2025\/06\/Rebar-Straightening-Machine-GTD4-10C.jpg","width":600,"height":600},{"@type":"BreadcrumbList","@id":"https:\/\/www.hsymachinery.com\/product\/rebar-straightening-machine-gtd4-10c\/#breadcrumb","itemListElement":[{"@type":"ListItem","position":1,"name":"home","item":"https:\/\/www.hsymachinery.com\/"},{"@type":"ListItem","position":2,"name":"products","item":"https:\/\/www.hsymachinery.com\/products\/"},{"@type":"ListItem","position":3,"name":"Rebar Straightening Machine GTD4-10C"}]},{"@type":"WebSite","@id":"https:\/\/www.hsymachinery.com\/#website","url":"https:\/\/www.hsymachinery.com\/","name":"HSY \u00e9p\u00edt\u0151ipari g\u00e9pek","description":"HSY Machinery - K\u00edna vezet\u0151 \u00e9p\u00edt\u0151ipari g\u00e9pgy\u00e1rt\u00f3 v\u00e1llalata, amely k\u00f6nny\u0171 \u00e9p\u00edt\u0151ipari berendez\u00e9sek sz\u00e9les v\u00e1laszt\u00e9k\u00e1t k\u00edn\u00e1lja. F\u0151 term\u00e9keink k\u00f6z\u00e9 tartozik az \u00fajj\u00e1\u00e9p\u00edt\u00e9si v\u00e1g\u00f3g\u00e9p, az \u00fajj\u00e1\u00e9p\u00edt\u00e9si hajl\u00edt\u00f3g\u00e9p, az \u00fajj\u00e1\u00e9p\u00edt\u00e9si kengyelhajl\u00edt\u00f3 g\u00e9p, az \u00fajj\u00e1\u00e9p\u00edt\u00e9si \u00edvhajl\u00edt\u00f3 g\u00e9p, az \u00fajj\u00e1\u00e9p\u00edt\u00e9si egyenes\u00edt\u0151 g\u00e9p, az \u00f6tfej\u0171 \u00fajj\u00e1\u00e9p\u00edt\u00e9si kengyelhajl\u00edt\u00f3 g\u00e9p, a d\u00f6ng\u00f6l\u0151 rammer, a lemezkompaktor, a betonv\u00e1g\u00f3, a villanymotoros sim\u00edt\u00f3 \u00e9s m\u00e1s \u00e9p\u00edt\u0151ipari g\u00e9pek. Fejlett CNC-g\u00e9pekkel vagyunk felszerelve, \u00e9s szigor\u00fa min\u0151s\u00e9gellen\u0151rz\u00e9si szabv\u00e1nyokat \u00e9rv\u00e9nyes\u00edt\u00fcnk az \u00e1tfog\u00f3 \u00e9rt\u00e9kes\u00edt\u00e9s ut\u00e1ni szolg\u00e1ltat\u00e1ssal egy\u00fctt. Ha \u00e9rdeklik term\u00e9keink vagy szolg\u00e1ltat\u00e1saink, sz\u00edvesen fogadjuk \u00e9rdekl\u0151d\u00e9s\u00e9t \u00fczenetben.","publisher":{"@id":"https:\/\/www.hsymachinery.com\/#organization"},"potentialAction":[{"@type":"SearchAction","target":{"@type":"EntryPoint","urlTemplate":"https:\/\/www.hsymachinery.com\/?s={search_term_string}"},"query-input":{"@type":"PropertyValueSpecification","valueRequired":true,"valueName":"search_term_string"}}],"inLanguage":"hu"},{"@type":"Organization","@id":"https:\/\/www.hsymachinery.com\/#organization","name":"HSY \u00e9p\u00edt\u0151ipari g\u00e9pek","url":"https:\/\/www.hsymachinery.com\/","logo":{"@type":"ImageObject","inLanguage":"hu","@id":"https:\/\/www.hsymachinery.com\/#\/schema\/logo\/image\/","url":"https:\/\/www.hsymachinery.com\/wp-content\/uploads\/2025\/06\/cropped-HSY-machinery.png","contentUrl":"https:\/\/www.hsymachinery.com\/wp-content\/uploads\/2025\/06\/cropped-HSY-machinery.png","width":600,"height":240,"caption":"HSY Construction Machinery"},"image":{"@id":"https:\/\/www.hsymachinery.com\/#\/schema\/logo\/image\/"}}]}},"_links":{"self":[{"href":"https:\/\/www.hsymachinery.com\/hu\/wp-json\/wp\/v2\/product\/9007","targetHints":{"allow":["GET"]}}],"collection":[{"href":"https:\/\/www.hsymachinery.com\/hu\/wp-json\/wp\/v2\/product"}],"about":[{"href":"https:\/\/www.hsymachinery.com\/hu\/wp-json\/wp\/v2\/types\/product"}],"version-history":[{"count":3,"href":"https:\/\/www.hsymachinery.com\/hu\/wp-json\/wp\/v2\/product\/9007\/revisions"}],"predecessor-version":[{"id":9428,"href":"https:\/\/www.hsymachinery.com\/hu\/wp-json\/wp\/v2\/product\/9007\/revisions\/9428"}],"wp:featuredmedia":[{"embeddable":true,"href":"https:\/\/www.hsymachinery.com\/hu\/wp-json\/wp\/v2\/media\/9008"}],"wp:attachment":[{"href":"https:\/\/www.hsymachinery.com\/hu\/wp-json\/wp\/v2\/media?parent=9007"}],"wp:term":[{"taxonomy":"product_brand","embeddable":true,"href":"https:\/\/www.hsymachinery.com\/hu\/wp-json\/wp\/v2\/product_brand?post=9007"},{"taxonomy":"product_cat","embeddable":true,"href":"https:\/\/www.hsymachinery.com\/hu\/wp-json\/wp\/v2\/product_cat?post=9007"},{"taxonomy":"product_tag","embeddable":true,"href":"https:\/\/www.hsymachinery.com\/hu\/wp-json\/wp\/v2\/product_tag?post=9007"}],"curies":[{"name":"wp","href":"https:\/\/api.w.org\/{rel}","templated":true}]}}