{"id":8995,"date":"2025-06-18T12:28:44","date_gmt":"2025-06-18T04:28:44","guid":{"rendered":"https:\/\/www.hsymachinery.com\/?post_type=product&#038;p=8995"},"modified":"2025-06-27T22:55:02","modified_gmt":"2025-06-27T14:55:02","slug":"betonacel-ivhajlito-gep-gwh45","status":"publish","type":"product","link":"https:\/\/www.hsymachinery.com\/hu\/termek\/betonacel-ivhajlito-gep-gwh45\/","title":{"rendered":"Rebar Arc hajl\u00edt\u00f3 g\u00e9p GWH45"},"content":{"rendered":"<h2 data-start=\"115\" data-end=\"154\">Rebar Arc hajl\u00edt\u00f3 g\u00e9p GWH45<\/h2>\n<h3 data-start=\"155\" data-end=\"274\">GWH45 Heavy Rebar Arc Bender 20-45mm ac\u00e9lrudakhoz | Prec\u00edzi\u00f3s g\u00f6rbe hajl\u00edt\u00f3 g\u00e9p az \u00e9p\u00edt\u0151ipari projektekhez<\/h3>\n<h3 data-start=\"281\" data-end=\"362\">Term\u00e9k \u00e1ttekint\u00e9s - Nagy \u00e1tm\u00e9r\u0151j\u0171 r\u00fad\u00edvek gyors \u00e9s prec\u00edz kezel\u00e9se<\/h3>\n<p data-start=\"364\" data-end=\"696\">A <strong data-start=\"368\" data-end=\"403\"><a href=\"https:\/\/www.hsymachinery.com\/hu\/termekek\/betonacel-ivhajlito-gep\/\" target=\"_blank\" rel=\"noopener\">Rebar Arc hajl\u00edt\u00f3 g\u00e9p<\/a> GWH45<\/strong> hat\u00e9konyan hajl\u00edtja a 20 mm \u00e9s 45 mm k\u00f6z\u00f6tti ac\u00e9l betonac\u00e9l rudakat \u00edvekk\u00e9, f\u00e9lk\u00f6r\u00f6kk\u00e9 \u00e9s egyedi \u00edves form\u00e1kk\u00e1. T\u00e1mogatja a polg\u00e1ri infrastrukt\u00fara, az el\u0151regy\u00e1rtott alkatr\u00e9szek gy\u00e1rt\u00e1sa \u00e9s az alag\u00fatb\u00e9l\u00e9s szegmensek ig\u00e9nyes feladatait, ahol a vastag betonac\u00e9lokat k\u00f6vetkezetesen \u00e9s pontosan kell megform\u00e1zni.<\/p>\n<p data-start=\"698\" data-end=\"802\">Sz\u00e1m\u00edthat arra, hogy ez a g\u00e9p egyszerre ny\u00fajt nyers er\u0151t \u00e9s hajl\u00edt\u00e1si pontoss\u00e1got egy megb\u00edzhat\u00f3 csomagban.<\/p>\n<h3 data-start=\"809\" data-end=\"866\">\u00c1ll\u00edthat\u00f3 hajl\u00edt\u00e1si sug\u00e1r \u00e9s er\u0151s nyomat\u00e9kkimenet<\/h3>\n<p data-start=\"868\" data-end=\"1112\">A GWH45 g\u00f6rg\u0151 h\u00e9zag\u00e1t \u00e9s \u00edvhelyzet\u00e9t m\u00f3dos\u00edthatja a k\u00edv\u00e1nt sug\u00e1rbe\u00e1ll\u00edt\u00e1soknak megfelel\u0151en. Meger\u0151s\u00edtett motorja \u00e9s nagy terhel\u00e9s\u0171 sebess\u00e9gv\u00e1lt\u00f3ja egyenletesen alkalmazza az er\u0151s nyomat\u00e9kot, ami lehet\u0151v\u00e9 teszi a nagym\u00e9ret\u0171 rudak tiszta hajl\u00edt\u00e1s\u00e1t reped\u00e9s vagy laposod\u00e1s n\u00e9lk\u00fcl.<\/p>\n<p data-start=\"1114\" data-end=\"1346\">Csapata be\u00e1ll\u00edt\u00e1sait\u00f3l f\u00fcgg\u0151en szabadon v\u00e1laszthat a k\u00e9zi foganty\u00fa vagy a l\u00e1bped\u00e1los m\u0171k\u00f6dtet\u00e9s k\u00f6z\u00f6tt. Stabil szerkezete biztos\u00edtja, hogy a g\u00e9p stabilan a hely\u00e9n marad m\u0171k\u00f6d\u00e9s k\u00f6zben, m\u00e9g a legnehezebb r\u00fadm\u00e9retek kezel\u00e9se eset\u00e9n is.<\/p>\n<h3 data-start=\"1353\" data-end=\"1398\">Kem\u00e9nyen \u00e9p\u00edtett nemzetk\u00f6zi projektekhez<\/h3>\n<p data-start=\"1400\" data-end=\"1677\">A GWH45 teljes ac\u00e9ltesttel rendelkezik, amelyet \u00fagy terveztek, hogy ellen\u00e1lljon a folyamatos ig\u00e9nybev\u00e9tel sor\u00e1n fell\u00e9p\u0151 f\u00e1rad\u00e1snak. Nagy teherb\u00edr\u00e1s\u00fa g\u00f6rg\u0151s kerekei seg\u00edts\u00e9g\u00e9vel a helysz\u00ednen mozgathat\u00f3, m\u00edg a kett\u0151s fesz\u00fclts\u00e9gt\u00e1mogat\u00e1s (220V\/380V, 50\/60Hz) lehet\u0151v\u00e9 teszi a z\u00f6kken\u0151mentes integr\u00e1ci\u00f3t az \u00e1ramell\u00e1t\u00f3 rendszerekbe vil\u00e1gszerte.<\/p>\n<p data-start=\"1679\" data-end=\"1800\">Ha nagy mennyis\u00e9gben kell pontos, \u00edvelt betonac\u00e9l-form\u00e1kat gy\u00e1rtania, a GWH45 k\u00e9szen \u00e1ll a feladatra - b\u00e1rhol a vil\u00e1gon.<\/p>\n<h3 data-start=\"1807\" data-end=\"1860\">A GWH45 \u00edvhajl\u00edt\u00f3 f\u0151 jellemz\u0151i<\/h3>\n<ul data-start=\"1862\" data-end=\"2125\">\n<li data-start=\"1862\" data-end=\"1911\">\n<p data-start=\"1864\" data-end=\"1911\">20-45 mm-es betonac\u00e9l \u00edvekbe \u00e9s \u00edvelt form\u00e1kba hajl\u00edtja<\/p>\n<\/li>\n<li data-start=\"1912\" data-end=\"1990\">\n<p data-start=\"1914\" data-end=\"1990\">Ide\u00e1lis neh\u00e9z \u00e9p\u00edt\u0151ipari projektekhez, p\u00e9ld\u00e1ul alagutakhoz, metr\u00f3khoz \u00e9s el\u0151regy\u00e1rtott gy\u00e1rakhoz.<\/p>\n<\/li>\n<li data-start=\"1991\" data-end=\"2061\">\n<p data-start=\"1993\" data-end=\"2061\">Er\u0151s motor \u00e9s stabil v\u00e1z a megb\u00edzhat\u00f3, megism\u00e9telhet\u0151 teljes\u00edtm\u00e9ny \u00e9rdek\u00e9ben<\/p>\n<\/li>\n<li data-start=\"2062\" data-end=\"2125\">\n<p data-start=\"2064\" data-end=\"2125\">Kett\u0151s vez\u00e9rl\u00e9si lehet\u0151s\u00e9gek \u00e9s exportk\u00e9pes fesz\u00fclts\u00e9gkonfigur\u00e1ci\u00f3<\/p>\n<\/li>\n<\/ul>\n<p><iframe title=\"#\u00e9p\u00edt\u0151g\u00e9p #\u00e9p\u00edt\u0151g\u00e9p #\u00f6r\u0151g\u00e9p #\u00f6r\u0151hajl\u00edt\u00f3 #\u00f6r\u0151hajl\u00edt\u00f3 #\u00f6r\u0151hajl\u00edt\u00f3 #\u00f6r\u0151hajl\u00edt\u00f3\" width=\"720\" height=\"405\" src=\"https:\/\/www.youtube.com\/embed\/kZFU0Z3IPgM?feature=oembed\" frameborder=\"0\" allow=\"accelerometer; autoplay; clipboard-write; encrypted-media; gyroscope; picture-in-picture; web-share\" referrerpolicy=\"strict-origin-when-cross-origin\" allowfullscreen><\/iframe><\/p>","protected":false},"excerpt":{"rendered":"<p>A GWH45 Rebar Arc Bending Machine k\u00f6nnyed\u00e9n hajl\u00edtja a 20-45 mm-es ac\u00e9lrudakat. Alag\u00fat- \u00e9s infrastruktur\u00e1lis munk\u00e1khoz tervezt\u00e9k, nagy nyomat\u00e9kot, pontos hajl\u00edt\u00e1st \u00e9s glob\u00e1lis fesz\u00fclts\u00e9gt\u00e1mogat\u00e1st k\u00edn\u00e1l.<\/p>","protected":false},"featured_media":8996,"template":"","meta":{"_kad_post_transparent":"default","_kad_post_title":"","_kad_post_layout":"default","_kad_post_sidebar_id":"","_kad_post_content_style":"default","_kad_post_vertical_padding":"default","_kad_post_feature":"","_kad_post_feature_position":"","_kad_post_header":false,"_kad_post_footer":false},"product_brand":[],"product_cat":[54],"product_tag":[1022,1016,1024,1018,1023,1017,1019,1021,1020,1015],"class_list":{"0":"post-8995","1":"product","2":"type-product","3":"status-publish","4":"has-post-thumbnail","6":"product_cat-rebar-arc-bending-machine","7":"product_tag-arc-shape-bending-machine-for-rebar","8":"product_tag-automatic-rebar-arc-bender","9":"product_tag-bar-arc-bending-machine-for-construction","10":"product_tag-cnc-rebar-arc-bending-equipment","11":"product_tag-curved-rebar-bending-tool","12":"product_tag-hydraulic-arc-bending-machine","13":"product_tag-rebar-circular-bending-machine","14":"product_tag-rebar-radius-bending-machine","15":"product_tag-round-bending-machine-for-steel-bars","16":"product_tag-steel-arc-bending-machine","18":"first","19":"instock","20":"shipping-taxable","21":"product-type-simple","22":"entry","23":"content-bg","24":"loop-entry"},"yoast_head":"<!-- This site is optimized with the Yoast SEO plugin v25.3.1 - https:\/\/yoast.com\/wordpress\/plugins\/seo\/ -->\n<title>Rebar Arc Bending Machine GWH45 - HSY Construction Machinery<\/title>\n<meta name=\"description\" content=\"Rebar Arc Bending Machine GWH45 bends 20\u201345mm rebar into arcs. Perfect for civil projects and exports, with strong torque and high bending accuracy.\" \/>\n<meta name=\"robots\" content=\"index, follow, max-snippet:-1, max-image-preview:large, max-video-preview:-1\" \/>\n<link rel=\"canonical\" href=\"https:\/\/www.hsymachinery.com\/hu\/termek\/betonacel-ivhajlito-gep-gwh45\/\" \/>\n<meta property=\"og:locale\" content=\"hu_HU\" \/>\n<meta property=\"og:type\" content=\"article\" \/>\n<meta property=\"og:title\" content=\"Rebar Arc Bending Machine GWH45 - HSY Construction Machinery\" \/>\n<meta property=\"og:description\" content=\"Rebar Arc Bending Machine GWH45 bends 20\u201345mm rebar into arcs. Perfect for civil projects and exports, with strong torque and high bending accuracy.\" \/>\n<meta property=\"og:url\" content=\"https:\/\/www.hsymachinery.com\/hu\/termek\/betonacel-ivhajlito-gep-gwh45\/\" \/>\n<meta property=\"og:site_name\" content=\"HSY Construction Machinery\" \/>\n<meta property=\"article:modified_time\" content=\"2025-06-27T14:55:02+00:00\" \/>\n<meta property=\"og:image\" content=\"https:\/\/www.hsymachinery.com\/wp-content\/uploads\/2025\/06\/Rebar-Arc-Bending-Machine-GWH45.jpg\" \/>\n\t<meta property=\"og:image:width\" content=\"600\" \/>\n\t<meta property=\"og:image:height\" content=\"600\" \/>\n\t<meta property=\"og:image:type\" content=\"image\/jpeg\" \/>\n<meta name=\"twitter:card\" content=\"summary_large_image\" \/>\n<meta name=\"twitter:label1\" content=\"Becs\u00fclt olvas\u00e1si id\u0151\" \/>\n\t<meta name=\"twitter:data1\" content=\"2 perc\" \/>\n<script type=\"application\/ld+json\" class=\"yoast-schema-graph\">{\"@context\":\"https:\/\/schema.org\",\"@graph\":[{\"@type\":\"WebPage\",\"@id\":\"https:\/\/www.hsymachinery.com\/product\/rebar-arc-bending-machine-gwh45\/\",\"url\":\"https:\/\/www.hsymachinery.com\/product\/rebar-arc-bending-machine-gwh45\/\",\"name\":\"Rebar Arc Bending Machine GWH45 - HSY Construction Machinery\",\"isPartOf\":{\"@id\":\"https:\/\/www.hsymachinery.com\/#website\"},\"primaryImageOfPage\":{\"@id\":\"https:\/\/www.hsymachinery.com\/product\/rebar-arc-bending-machine-gwh45\/#primaryimage\"},\"image\":{\"@id\":\"https:\/\/www.hsymachinery.com\/product\/rebar-arc-bending-machine-gwh45\/#primaryimage\"},\"thumbnailUrl\":\"https:\/\/www.hsymachinery.com\/wp-content\/uploads\/2025\/06\/Rebar-Arc-Bending-Machine-GWH45.jpg\",\"datePublished\":\"2025-06-18T04:28:44+00:00\",\"dateModified\":\"2025-06-27T14:55:02+00:00\",\"description\":\"Rebar Arc Bending Machine GWH45 bends 20\u201345mm rebar into arcs. Perfect for civil projects and exports, with strong torque and high bending accuracy.\",\"breadcrumb\":{\"@id\":\"https:\/\/www.hsymachinery.com\/product\/rebar-arc-bending-machine-gwh45\/#breadcrumb\"},\"inLanguage\":\"hu\",\"potentialAction\":[{\"@type\":\"ReadAction\",\"target\":[\"https:\/\/www.hsymachinery.com\/product\/rebar-arc-bending-machine-gwh45\/\"]}]},{\"@type\":\"ImageObject\",\"inLanguage\":\"hu\",\"@id\":\"https:\/\/www.hsymachinery.com\/product\/rebar-arc-bending-machine-gwh45\/#primaryimage\",\"url\":\"https:\/\/www.hsymachinery.com\/wp-content\/uploads\/2025\/06\/Rebar-Arc-Bending-Machine-GWH45.jpg\",\"contentUrl\":\"https:\/\/www.hsymachinery.com\/wp-content\/uploads\/2025\/06\/Rebar-Arc-Bending-Machine-GWH45.jpg\",\"width\":600,\"height\":600},{\"@type\":\"BreadcrumbList\",\"@id\":\"https:\/\/www.hsymachinery.com\/product\/rebar-arc-bending-machine-gwh45\/#breadcrumb\",\"itemListElement\":[{\"@type\":\"ListItem\",\"position\":1,\"name\":\"home\",\"item\":\"https:\/\/www.hsymachinery.com\/\"},{\"@type\":\"ListItem\",\"position\":2,\"name\":\"products\",\"item\":\"https:\/\/www.hsymachinery.com\/products\/\"},{\"@type\":\"ListItem\",\"position\":3,\"name\":\"Rebar Arc Bending Machine GWH45\"}]},{\"@type\":\"WebSite\",\"@id\":\"https:\/\/www.hsymachinery.com\/#website\",\"url\":\"https:\/\/www.hsymachinery.com\/\",\"name\":\"HSY Construction Machinery\",\"description\":\"HSY Machinery \u2013 A leading China construction machinery supplier, offering a wide range of light construction equipment. Our main products include Rebar Cutting Machine, Rebar Bending Machine, Rebar Stirrup Bending Machine, Rebar Arc Bending Machine, Rebar Straightening Machine, Five-Head Rebar Stirrup Bending Machine, Tamping Rammer, Plate Compactor, Concrete Cutter, Power Trowel, and other construction machinery. We are equipped with advanced CNC machines, and we enforce strict quality inspection standards along with comprehensive after-sales service. If you are interested in our products or services, we warmly welcome your inquiries via message.\",\"publisher\":{\"@id\":\"https:\/\/www.hsymachinery.com\/#organization\"},\"potentialAction\":[{\"@type\":\"SearchAction\",\"target\":{\"@type\":\"EntryPoint\",\"urlTemplate\":\"https:\/\/www.hsymachinery.com\/?s={search_term_string}\"},\"query-input\":{\"@type\":\"PropertyValueSpecification\",\"valueRequired\":true,\"valueName\":\"search_term_string\"}}],\"inLanguage\":\"hu\"},{\"@type\":\"Organization\",\"@id\":\"https:\/\/www.hsymachinery.com\/#organization\",\"name\":\"HSY Construction Machinery\",\"url\":\"https:\/\/www.hsymachinery.com\/\",\"logo\":{\"@type\":\"ImageObject\",\"inLanguage\":\"hu\",\"@id\":\"https:\/\/www.hsymachinery.com\/#\/schema\/logo\/image\/\",\"url\":\"https:\/\/www.hsymachinery.com\/wp-content\/uploads\/2025\/06\/cropped-HSY-machinery.png\",\"contentUrl\":\"https:\/\/www.hsymachinery.com\/wp-content\/uploads\/2025\/06\/cropped-HSY-machinery.png\",\"width\":600,\"height\":240,\"caption\":\"HSY Construction Machinery\"},\"image\":{\"@id\":\"https:\/\/www.hsymachinery.com\/#\/schema\/logo\/image\/\"}}]}<\/script>\n<!-- \/ Yoast SEO plugin. -->","yoast_head_json":{"title":"GWH45 \u00edvhajl\u00edt\u00f3 g\u00e9p - HSY \u00c9p\u00edt\u0151ipari g\u00e9pek","description":"A GWH45 \u00edvhajl\u00edt\u00f3 g\u00e9p 20-45 mm-es betonac\u00e9lokat hajl\u00edt \u00edvekbe. T\u00f6k\u00e9letes polg\u00e1ri projektekhez \u00e9s exporthoz, er\u0151s nyomat\u00e9kkal \u00e9s nagy hajl\u00edt\u00e1si pontoss\u00e1ggal.","robots":{"index":"index","follow":"follow","max-snippet":"max-snippet:-1","max-image-preview":"max-image-preview:large","max-video-preview":"max-video-preview:-1"},"canonical":"https:\/\/www.hsymachinery.com\/hu\/termek\/betonacel-ivhajlito-gep-gwh45\/","og_locale":"hu_HU","og_type":"article","og_title":"Rebar Arc Bending Machine GWH45 - HSY Construction Machinery","og_description":"Rebar Arc Bending Machine GWH45 bends 20\u201345mm rebar into arcs. Perfect for civil projects and exports, with strong torque and high bending accuracy.","og_url":"https:\/\/www.hsymachinery.com\/hu\/termek\/betonacel-ivhajlito-gep-gwh45\/","og_site_name":"HSY Construction Machinery","article_modified_time":"2025-06-27T14:55:02+00:00","og_image":[{"width":600,"height":600,"url":"https:\/\/www.hsymachinery.com\/wp-content\/uploads\/2025\/06\/Rebar-Arc-Bending-Machine-GWH45.jpg","type":"image\/jpeg"}],"twitter_card":"summary_large_image","twitter_misc":{"Becs\u00fclt olvas\u00e1si id\u0151":"2 perc"},"schema":{"@context":"https:\/\/schema.org","@graph":[{"@type":"WebPage","@id":"https:\/\/www.hsymachinery.com\/product\/rebar-arc-bending-machine-gwh45\/","url":"https:\/\/www.hsymachinery.com\/product\/rebar-arc-bending-machine-gwh45\/","name":"GWH45 \u00edvhajl\u00edt\u00f3 g\u00e9p - HSY \u00c9p\u00edt\u0151ipari g\u00e9pek","isPartOf":{"@id":"https:\/\/www.hsymachinery.com\/#website"},"primaryImageOfPage":{"@id":"https:\/\/www.hsymachinery.com\/product\/rebar-arc-bending-machine-gwh45\/#primaryimage"},"image":{"@id":"https:\/\/www.hsymachinery.com\/product\/rebar-arc-bending-machine-gwh45\/#primaryimage"},"thumbnailUrl":"https:\/\/www.hsymachinery.com\/wp-content\/uploads\/2025\/06\/Rebar-Arc-Bending-Machine-GWH45.jpg","datePublished":"2025-06-18T04:28:44+00:00","dateModified":"2025-06-27T14:55:02+00:00","description":"A GWH45 \u00edvhajl\u00edt\u00f3 g\u00e9p 20-45 mm-es betonac\u00e9lokat hajl\u00edt \u00edvekbe. T\u00f6k\u00e9letes polg\u00e1ri projektekhez \u00e9s exporthoz, er\u0151s nyomat\u00e9kkal \u00e9s nagy hajl\u00edt\u00e1si pontoss\u00e1ggal.","breadcrumb":{"@id":"https:\/\/www.hsymachinery.com\/product\/rebar-arc-bending-machine-gwh45\/#breadcrumb"},"inLanguage":"hu","potentialAction":[{"@type":"ReadAction","target":["https:\/\/www.hsymachinery.com\/product\/rebar-arc-bending-machine-gwh45\/"]}]},{"@type":"ImageObject","inLanguage":"hu","@id":"https:\/\/www.hsymachinery.com\/product\/rebar-arc-bending-machine-gwh45\/#primaryimage","url":"https:\/\/www.hsymachinery.com\/wp-content\/uploads\/2025\/06\/Rebar-Arc-Bending-Machine-GWH45.jpg","contentUrl":"https:\/\/www.hsymachinery.com\/wp-content\/uploads\/2025\/06\/Rebar-Arc-Bending-Machine-GWH45.jpg","width":600,"height":600},{"@type":"BreadcrumbList","@id":"https:\/\/www.hsymachinery.com\/product\/rebar-arc-bending-machine-gwh45\/#breadcrumb","itemListElement":[{"@type":"ListItem","position":1,"name":"home","item":"https:\/\/www.hsymachinery.com\/"},{"@type":"ListItem","position":2,"name":"products","item":"https:\/\/www.hsymachinery.com\/products\/"},{"@type":"ListItem","position":3,"name":"Rebar Arc Bending Machine GWH45"}]},{"@type":"WebSite","@id":"https:\/\/www.hsymachinery.com\/#website","url":"https:\/\/www.hsymachinery.com\/","name":"HSY \u00e9p\u00edt\u0151ipari g\u00e9pek","description":"HSY Machinery - K\u00edna vezet\u0151 \u00e9p\u00edt\u0151ipari g\u00e9pgy\u00e1rt\u00f3 v\u00e1llalata, amely k\u00f6nny\u0171 \u00e9p\u00edt\u0151ipari berendez\u00e9sek sz\u00e9les v\u00e1laszt\u00e9k\u00e1t k\u00edn\u00e1lja. F\u0151 term\u00e9keink k\u00f6z\u00e9 tartozik az \u00fajj\u00e1\u00e9p\u00edt\u00e9si v\u00e1g\u00f3g\u00e9p, az \u00fajj\u00e1\u00e9p\u00edt\u00e9si hajl\u00edt\u00f3g\u00e9p, az \u00fajj\u00e1\u00e9p\u00edt\u00e9si kengyelhajl\u00edt\u00f3 g\u00e9p, az \u00fajj\u00e1\u00e9p\u00edt\u00e9si \u00edvhajl\u00edt\u00f3 g\u00e9p, az \u00fajj\u00e1\u00e9p\u00edt\u00e9si egyenes\u00edt\u0151 g\u00e9p, az \u00f6tfej\u0171 \u00fajj\u00e1\u00e9p\u00edt\u00e9si kengyelhajl\u00edt\u00f3 g\u00e9p, a d\u00f6ng\u00f6l\u0151 rammer, a lemezkompaktor, a betonv\u00e1g\u00f3, a villanymotoros sim\u00edt\u00f3 \u00e9s m\u00e1s \u00e9p\u00edt\u0151ipari g\u00e9pek. Fejlett CNC-g\u00e9pekkel vagyunk felszerelve, \u00e9s szigor\u00fa min\u0151s\u00e9gellen\u0151rz\u00e9si szabv\u00e1nyokat \u00e9rv\u00e9nyes\u00edt\u00fcnk az \u00e1tfog\u00f3 \u00e9rt\u00e9kes\u00edt\u00e9s ut\u00e1ni szolg\u00e1ltat\u00e1ssal egy\u00fctt. Ha \u00e9rdeklik term\u00e9keink vagy szolg\u00e1ltat\u00e1saink, sz\u00edvesen fogadjuk \u00e9rdekl\u0151d\u00e9s\u00e9t \u00fczenetben.","publisher":{"@id":"https:\/\/www.hsymachinery.com\/#organization"},"potentialAction":[{"@type":"SearchAction","target":{"@type":"EntryPoint","urlTemplate":"https:\/\/www.hsymachinery.com\/?s={search_term_string}"},"query-input":{"@type":"PropertyValueSpecification","valueRequired":true,"valueName":"search_term_string"}}],"inLanguage":"hu"},{"@type":"Organization","@id":"https:\/\/www.hsymachinery.com\/#organization","name":"HSY \u00e9p\u00edt\u0151ipari g\u00e9pek","url":"https:\/\/www.hsymachinery.com\/","logo":{"@type":"ImageObject","inLanguage":"hu","@id":"https:\/\/www.hsymachinery.com\/#\/schema\/logo\/image\/","url":"https:\/\/www.hsymachinery.com\/wp-content\/uploads\/2025\/06\/cropped-HSY-machinery.png","contentUrl":"https:\/\/www.hsymachinery.com\/wp-content\/uploads\/2025\/06\/cropped-HSY-machinery.png","width":600,"height":240,"caption":"HSY Construction Machinery"},"image":{"@id":"https:\/\/www.hsymachinery.com\/#\/schema\/logo\/image\/"}}]}},"_links":{"self":[{"href":"https:\/\/www.hsymachinery.com\/hu\/wp-json\/wp\/v2\/product\/8995","targetHints":{"allow":["GET"]}}],"collection":[{"href":"https:\/\/www.hsymachinery.com\/hu\/wp-json\/wp\/v2\/product"}],"about":[{"href":"https:\/\/www.hsymachinery.com\/hu\/wp-json\/wp\/v2\/types\/product"}],"version-history":[{"count":3,"href":"https:\/\/www.hsymachinery.com\/hu\/wp-json\/wp\/v2\/product\/8995\/revisions"}],"predecessor-version":[{"id":9413,"href":"https:\/\/www.hsymachinery.com\/hu\/wp-json\/wp\/v2\/product\/8995\/revisions\/9413"}],"wp:featuredmedia":[{"embeddable":true,"href":"https:\/\/www.hsymachinery.com\/hu\/wp-json\/wp\/v2\/media\/8996"}],"wp:attachment":[{"href":"https:\/\/www.hsymachinery.com\/hu\/wp-json\/wp\/v2\/media?parent=8995"}],"wp:term":[{"taxonomy":"product_brand","embeddable":true,"href":"https:\/\/www.hsymachinery.com\/hu\/wp-json\/wp\/v2\/product_brand?post=8995"},{"taxonomy":"product_cat","embeddable":true,"href":"https:\/\/www.hsymachinery.com\/hu\/wp-json\/wp\/v2\/product_cat?post=8995"},{"taxonomy":"product_tag","embeddable":true,"href":"https:\/\/www.hsymachinery.com\/hu\/wp-json\/wp\/v2\/product_tag?post=8995"}],"curies":[{"name":"wp","href":"https:\/\/api.w.org\/{rel}","templated":true}]}}