{"id":8989,"date":"2025-06-18T12:26:12","date_gmt":"2025-06-18T04:26:12","guid":{"rendered":"https:\/\/www.hsymachinery.com\/?post_type=product&#038;p=8989"},"modified":"2025-06-27T22:44:18","modified_gmt":"2025-06-27T14:44:18","slug":"betonacel-ivhajlito-gep-gwh36","status":"publish","type":"product","link":"https:\/\/www.hsymachinery.com\/hu\/termek\/betonacel-ivhajlito-gep-gwh36\/","title":{"rendered":"Rebar \u00edv hajl\u00edt\u00f3 g\u00e9p GWH36"},"content":{"rendered":"<h2 data-start=\"99\" data-end=\"138\">Rebar \u00edv hajl\u00edt\u00f3 g\u00e9p GWH36<\/h2>\n<h3 data-start=\"139\" data-end=\"257\">GWH36 ac\u00e9lr\u00fad \u00edvhajl\u00edt\u00f3 16-36 mm-es betonac\u00e9lokhoz | Nagy nyomat\u00e9k\u00fa \u00edvelt hajl\u00edt\u00f3g\u00e9p nagy infrastruktur\u00e1lis projektekhez<\/h3>\n<h3 data-start=\"264\" data-end=\"334\">Term\u00e9k\u00e1ttekint\u00e9s - Er\u0151 \u00e9s hajl\u00edtott precizit\u00e1s a m\u00e9rn\u00f6ki tervez\u00e9s sor\u00e1n<\/h3>\n<p data-start=\"336\" data-end=\"618\">A <strong data-start=\"340\" data-end=\"375\"><a href=\"https:\/\/www.hsymachinery.com\/hu\/termekek\/betonacel-ivhajlito-gep\/\" target=\"_blank\" rel=\"noopener\">Rebar Arc hajl\u00edt\u00f3 g\u00e9p<\/a> GWH36<\/strong> 16 mm \u00e9s 36 mm k\u00f6z\u00f6tti betonac\u00e9lokat hajl\u00edt egyenletes \u00edvekk\u00e9 \u00e9s hurkokk\u00e1. Az \u00e9p\u00edt\u0151ipari szakemberek erre a modellre t\u00e1maszkodnak aut\u00f3p\u00e1lya-alagutak, v\u00e1rosi vasutak, rep\u00fcl\u0151t\u00e9ri kifut\u00f3p\u00e1ly\u00e1k \u00e9s m\u00e1s infrastruktur\u00e1lis projektek eset\u00e9ben, ahol az \u00edves meger\u0151s\u00edt\u00e9s kulcsszerepet j\u00e1tszik.<\/p>\n<p data-start=\"620\" data-end=\"754\">Robusztus szerkezet\u00e9vel \u00e9s prec\u00edzi\u00f3s vez\u00e9rl\u00e9s\u00e9vel a GWH36 seg\u00edt a csapatoknak id\u0151t megtakar\u00edtani \u00e9s cs\u00f6kkenteni az anyagpazarl\u00e1st a helysz\u00ednen vagy a gy\u00e1rban.<\/p>\n<h3 data-start=\"761\" data-end=\"809\">A sug\u00e1r \u00e9s az \u00edv alakj\u00e1nak teljes ellen\u0151rz\u00e9se<\/h3>\n<p data-start=\"811\" data-end=\"1166\">A g\u00f6rg\u0151k \u00e1thelyez\u00e9s\u00e9vel \u00e9s a pontos sz\u00f6gmeg\u00e1ll\u00f3k be\u00e1ll\u00edt\u00e1s\u00e1val k\u00f6nnyen be\u00e1ll\u00edthatja az \u00edv sugar\u00e1t. Az ipari min\u0151s\u00e9g\u0171 motor er\u0151s, egyenletes nyomat\u00e9kot biztos\u00edt, \u00edgy a betonvas kanyarokat tiszt\u00e1n alak\u00edthatja ki - m\u00e9g nagy \u00e1tm\u00e9r\u0151j\u0171ekn\u00e9l is. A GWH36 vez\u00e9rl\u0151rendszere lehet\u0151v\u00e9 teszi a v\u00e1lt\u00e1st a k\u00e9zi kar \u00e9s a l\u00e1bped\u00e1l k\u00f6z\u00f6tt, \u00edgy teljes m\u0171k\u00f6d\u00e9si rugalmass\u00e1got biztos\u00edt.<\/p>\n<p data-start=\"1168\" data-end=\"1260\">Hajl\u00edt\u00f3platformja t\u00e1mogatja a sima adagol\u00e1st \u00e9s a k\u00f6vetkezetes alak\u00edt\u00e1st, m\u00e9g az ism\u00e9tl\u0151d\u0151 feladatokn\u00e1l is.<\/p>\n<h3 data-start=\"1267\" data-end=\"1316\">Tart\u00f3ss\u00e1gra \u00e9s export\u00e1lhat\u00f3s\u00e1gra tervezve<\/h3>\n<p data-start=\"1318\" data-end=\"1641\">A GWH36 rezg\u00e9s\u00e1ll\u00f3 ac\u00e9lv\u00e1zzal rendelkezik, amely tart\u00f3san nagy ig\u00e9nybev\u00e9telnek is ellen\u00e1ll. A g\u00e9pet a g\u00f6rg\u0151s kerekek \u00e9s a stabil v\u00e1zfoganty\u00fak seg\u00edts\u00e9g\u00e9vel mozgathatja. Kett\u0151s fesz\u00fclts\u00e9g\u0171 kompatibilit\u00e1s\u00e1nak k\u00f6sz\u00f6nhet\u0151en (220V vagy 380V, 50Hz\/60Hz) ez a g\u00e9p k\u00f6nnyen alkalmazkodik a helyi \u00e9s a nemzetk\u00f6zi \u00e1ramrendszerekhez egyar\u00e1nt.<\/p>\n<p data-start=\"1643\" data-end=\"1795\">\u00c9p\u00edt\u00e9si min\u0151s\u00e9ge \u00e9s teljes\u00edtm\u00e9nye miatt a nagym\u00e9ret\u0171 \u00edvelt ac\u00e9lig\u00e9nyeken dolgoz\u00f3 v\u00e1llalkoz\u00f3k \u00e9s betonac\u00e9lgy\u00e1rt\u00f3k sz\u00e1m\u00e1ra el\u0151ny\u00f6s v\u00e1laszt\u00e1s.<\/p>\n<h3 data-start=\"1802\" data-end=\"1855\">A GWH36 \u00edvhajl\u00edt\u00f3 f\u0151 jellemz\u0151i<\/h3>\n<ul data-start=\"1857\" data-end=\"2103\">\n<li data-start=\"1857\" data-end=\"1914\">\n<p data-start=\"1859\" data-end=\"1914\">16-36 mm-es rudak \u00edvekk\u00e9 \u00e9s k\u00f6r\u00f6kk\u00e9 hajl\u00edt\u00e1sa pontoss\u00e1ggal<\/p>\n<\/li>\n<li data-start=\"1915\" data-end=\"1991\">\n<p data-start=\"1917\" data-end=\"1991\">T\u00f6k\u00e9letes az olyan infrastrukt\u00far\u00e1khoz, mint az alulj\u00e1r\u00f3k, hidak \u00e9s t\u00e1mfalak.<\/p>\n<\/li>\n<li data-start=\"1992\" data-end=\"2047\">\n<p data-start=\"1994\" data-end=\"2047\">A nagy nyomat\u00e9k\u00fa motor stabilan kezeli a kem\u00e9ny rudakat<\/p>\n<\/li>\n<li data-start=\"2048\" data-end=\"2103\">\n<p data-start=\"2050\" data-end=\"2103\">Rugalmas vez\u00e9rl\u00e9s \u00e9s k\u00e9tfesz\u00fclts\u00e9g\u0171 exportk\u00e9szs\u00e9g<\/p>\n<\/li>\n<\/ul>\n<p><iframe title=\"#\u00e9p\u00edt\u0151g\u00e9p #\u00e9p\u00edt\u0151g\u00e9p #\u00f6r\u0151g\u00e9p #\u00f6r\u0151hajl\u00edt\u00f3 #\u00f6r\u0151hajl\u00edt\u00f3 #\u00f6r\u0151hajl\u00edt\u00f3 #\u00f6r\u0151hajl\u00edt\u00f3\" width=\"720\" height=\"405\" src=\"https:\/\/www.youtube.com\/embed\/kZFU0Z3IPgM?feature=oembed\" frameborder=\"0\" allow=\"accelerometer; autoplay; clipboard-write; encrypted-media; gyroscope; picture-in-picture; web-share\" referrerpolicy=\"strict-origin-when-cross-origin\" allowfullscreen><\/iframe><\/p>","protected":false},"excerpt":{"rendered":"<p>A GWH36 Rebar \u00edvhajl\u00edt\u00f3 g\u00e9p 16-36 mm-es rudakat hajl\u00edt sima \u00edvekk\u00e9. Az infrastrukt\u00fara nagy munk\u00e1ihoz k\u00e9sz\u00fclt, t\u00e1mogatja a glob\u00e1lis energiarendszereket \u00e9s a hossz\u00fa t\u00e1v\u00fa nagy ig\u00e9nybev\u00e9telt.<\/p>","protected":false},"featured_media":8990,"template":"","meta":{"_kad_post_transparent":"default","_kad_post_title":"","_kad_post_layout":"default","_kad_post_sidebar_id":"","_kad_post_content_style":"default","_kad_post_vertical_padding":"default","_kad_post_feature":"","_kad_post_feature_position":"","_kad_post_header":false,"_kad_post_footer":false},"product_brand":[],"product_cat":[54],"product_tag":[1022,1016,1024,1018,1023,1017,1019,1021,1020,1015],"class_list":{"0":"post-8989","1":"product","2":"type-product","3":"status-publish","4":"has-post-thumbnail","6":"product_cat-rebar-arc-bending-machine","7":"product_tag-arc-shape-bending-machine-for-rebar","8":"product_tag-automatic-rebar-arc-bender","9":"product_tag-bar-arc-bending-machine-for-construction","10":"product_tag-cnc-rebar-arc-bending-equipment","11":"product_tag-curved-rebar-bending-tool","12":"product_tag-hydraulic-arc-bending-machine","13":"product_tag-rebar-circular-bending-machine","14":"product_tag-rebar-radius-bending-machine","15":"product_tag-round-bending-machine-for-steel-bars","16":"product_tag-steel-arc-bending-machine","18":"first","19":"instock","20":"featured","21":"shipping-taxable","22":"product-type-simple","23":"entry","24":"content-bg","25":"loop-entry"},"yoast_head":"<!-- This site is optimized with the Yoast SEO plugin v25.3.1 - https:\/\/yoast.com\/wordpress\/plugins\/seo\/ -->\n<title>Rebar Arc Bending Machine GWH36 - HSY Construction Machinery<\/title>\n<meta name=\"description\" content=\"Rebar Arc Bending Machine GWH36 bends 16\u201336mm steel bars into smooth curves. Ideal for tunnels, highways, and export construction use.\" \/>\n<meta name=\"robots\" content=\"index, follow, max-snippet:-1, max-image-preview:large, max-video-preview:-1\" \/>\n<link rel=\"canonical\" href=\"https:\/\/www.hsymachinery.com\/hu\/termek\/betonacel-ivhajlito-gep-gwh36\/\" \/>\n<meta property=\"og:locale\" content=\"hu_HU\" \/>\n<meta property=\"og:type\" content=\"article\" \/>\n<meta property=\"og:title\" content=\"Rebar Arc Bending Machine GWH36 - HSY Construction Machinery\" \/>\n<meta property=\"og:description\" content=\"Rebar Arc Bending Machine GWH36 bends 16\u201336mm steel bars into smooth curves. Ideal for tunnels, highways, and export construction use.\" \/>\n<meta property=\"og:url\" content=\"https:\/\/www.hsymachinery.com\/hu\/termek\/betonacel-ivhajlito-gep-gwh36\/\" \/>\n<meta property=\"og:site_name\" content=\"HSY Construction Machinery\" \/>\n<meta property=\"article:modified_time\" content=\"2025-06-27T14:44:18+00:00\" \/>\n<meta property=\"og:image\" content=\"https:\/\/www.hsymachinery.com\/wp-content\/uploads\/2025\/06\/Rebar-Arc-Bending-Machine-GWH36.jpg\" \/>\n\t<meta property=\"og:image:width\" content=\"600\" \/>\n\t<meta property=\"og:image:height\" content=\"600\" \/>\n\t<meta property=\"og:image:type\" content=\"image\/jpeg\" \/>\n<meta name=\"twitter:card\" content=\"summary_large_image\" \/>\n<meta name=\"twitter:label1\" content=\"Becs\u00fclt olvas\u00e1si id\u0151\" \/>\n\t<meta name=\"twitter:data1\" content=\"2 perc\" \/>\n<script type=\"application\/ld+json\" class=\"yoast-schema-graph\">{\"@context\":\"https:\/\/schema.org\",\"@graph\":[{\"@type\":\"WebPage\",\"@id\":\"https:\/\/www.hsymachinery.com\/product\/rebar-arc-bending-machine-gwh36\/\",\"url\":\"https:\/\/www.hsymachinery.com\/product\/rebar-arc-bending-machine-gwh36\/\",\"name\":\"Rebar Arc Bending Machine GWH36 - HSY Construction Machinery\",\"isPartOf\":{\"@id\":\"https:\/\/www.hsymachinery.com\/#website\"},\"primaryImageOfPage\":{\"@id\":\"https:\/\/www.hsymachinery.com\/product\/rebar-arc-bending-machine-gwh36\/#primaryimage\"},\"image\":{\"@id\":\"https:\/\/www.hsymachinery.com\/product\/rebar-arc-bending-machine-gwh36\/#primaryimage\"},\"thumbnailUrl\":\"https:\/\/www.hsymachinery.com\/wp-content\/uploads\/2025\/06\/Rebar-Arc-Bending-Machine-GWH36.jpg\",\"datePublished\":\"2025-06-18T04:26:12+00:00\",\"dateModified\":\"2025-06-27T14:44:18+00:00\",\"description\":\"Rebar Arc Bending Machine GWH36 bends 16\u201336mm steel bars into smooth curves. Ideal for tunnels, highways, and export construction use.\",\"breadcrumb\":{\"@id\":\"https:\/\/www.hsymachinery.com\/product\/rebar-arc-bending-machine-gwh36\/#breadcrumb\"},\"inLanguage\":\"hu\",\"potentialAction\":[{\"@type\":\"ReadAction\",\"target\":[\"https:\/\/www.hsymachinery.com\/product\/rebar-arc-bending-machine-gwh36\/\"]}]},{\"@type\":\"ImageObject\",\"inLanguage\":\"hu\",\"@id\":\"https:\/\/www.hsymachinery.com\/product\/rebar-arc-bending-machine-gwh36\/#primaryimage\",\"url\":\"https:\/\/www.hsymachinery.com\/wp-content\/uploads\/2025\/06\/Rebar-Arc-Bending-Machine-GWH36.jpg\",\"contentUrl\":\"https:\/\/www.hsymachinery.com\/wp-content\/uploads\/2025\/06\/Rebar-Arc-Bending-Machine-GWH36.jpg\",\"width\":600,\"height\":600},{\"@type\":\"BreadcrumbList\",\"@id\":\"https:\/\/www.hsymachinery.com\/product\/rebar-arc-bending-machine-gwh36\/#breadcrumb\",\"itemListElement\":[{\"@type\":\"ListItem\",\"position\":1,\"name\":\"home\",\"item\":\"https:\/\/www.hsymachinery.com\/\"},{\"@type\":\"ListItem\",\"position\":2,\"name\":\"products\",\"item\":\"https:\/\/www.hsymachinery.com\/products\/\"},{\"@type\":\"ListItem\",\"position\":3,\"name\":\"Rebar Arc Bending Machine GWH36\"}]},{\"@type\":\"WebSite\",\"@id\":\"https:\/\/www.hsymachinery.com\/#website\",\"url\":\"https:\/\/www.hsymachinery.com\/\",\"name\":\"HSY Construction Machinery\",\"description\":\"HSY Machinery \u2013 A leading China construction machinery supplier, offering a wide range of light construction equipment. Our main products include Rebar Cutting Machine, Rebar Bending Machine, Rebar Stirrup Bending Machine, Rebar Arc Bending Machine, Rebar Straightening Machine, Five-Head Rebar Stirrup Bending Machine, Tamping Rammer, Plate Compactor, Concrete Cutter, Power Trowel, and other construction machinery. We are equipped with advanced CNC machines, and we enforce strict quality inspection standards along with comprehensive after-sales service. If you are interested in our products or services, we warmly welcome your inquiries via message.\",\"publisher\":{\"@id\":\"https:\/\/www.hsymachinery.com\/#organization\"},\"potentialAction\":[{\"@type\":\"SearchAction\",\"target\":{\"@type\":\"EntryPoint\",\"urlTemplate\":\"https:\/\/www.hsymachinery.com\/?s={search_term_string}\"},\"query-input\":{\"@type\":\"PropertyValueSpecification\",\"valueRequired\":true,\"valueName\":\"search_term_string\"}}],\"inLanguage\":\"hu\"},{\"@type\":\"Organization\",\"@id\":\"https:\/\/www.hsymachinery.com\/#organization\",\"name\":\"HSY Construction Machinery\",\"url\":\"https:\/\/www.hsymachinery.com\/\",\"logo\":{\"@type\":\"ImageObject\",\"inLanguage\":\"hu\",\"@id\":\"https:\/\/www.hsymachinery.com\/#\/schema\/logo\/image\/\",\"url\":\"https:\/\/www.hsymachinery.com\/wp-content\/uploads\/2025\/06\/cropped-HSY-machinery.png\",\"contentUrl\":\"https:\/\/www.hsymachinery.com\/wp-content\/uploads\/2025\/06\/cropped-HSY-machinery.png\",\"width\":600,\"height\":240,\"caption\":\"HSY Construction Machinery\"},\"image\":{\"@id\":\"https:\/\/www.hsymachinery.com\/#\/schema\/logo\/image\/\"}}]}<\/script>\n<!-- \/ Yoast SEO plugin. -->","yoast_head_json":{"title":"GWH36 \u00edvhajl\u00edt\u00f3 g\u00e9p - HSY \u00c9p\u00edt\u0151ipari g\u00e9pek","description":"A GWH36 \u00edvhajl\u00edt\u00f3 g\u00e9p 16-36 mm-es ac\u00e9lrudakat hajl\u00edt sima \u00edvekk\u00e9. Ide\u00e1lis alagutakhoz, aut\u00f3p\u00e1ly\u00e1khoz \u00e9s export\u00e9p\u00edt\u00e9shez.","robots":{"index":"index","follow":"follow","max-snippet":"max-snippet:-1","max-image-preview":"max-image-preview:large","max-video-preview":"max-video-preview:-1"},"canonical":"https:\/\/www.hsymachinery.com\/hu\/termek\/betonacel-ivhajlito-gep-gwh36\/","og_locale":"hu_HU","og_type":"article","og_title":"Rebar Arc Bending Machine GWH36 - HSY Construction Machinery","og_description":"Rebar Arc Bending Machine GWH36 bends 16\u201336mm steel bars into smooth curves. Ideal for tunnels, highways, and export construction use.","og_url":"https:\/\/www.hsymachinery.com\/hu\/termek\/betonacel-ivhajlito-gep-gwh36\/","og_site_name":"HSY Construction Machinery","article_modified_time":"2025-06-27T14:44:18+00:00","og_image":[{"width":600,"height":600,"url":"https:\/\/www.hsymachinery.com\/wp-content\/uploads\/2025\/06\/Rebar-Arc-Bending-Machine-GWH36.jpg","type":"image\/jpeg"}],"twitter_card":"summary_large_image","twitter_misc":{"Becs\u00fclt olvas\u00e1si id\u0151":"2 perc"},"schema":{"@context":"https:\/\/schema.org","@graph":[{"@type":"WebPage","@id":"https:\/\/www.hsymachinery.com\/product\/rebar-arc-bending-machine-gwh36\/","url":"https:\/\/www.hsymachinery.com\/product\/rebar-arc-bending-machine-gwh36\/","name":"GWH36 \u00edvhajl\u00edt\u00f3 g\u00e9p - HSY \u00c9p\u00edt\u0151ipari g\u00e9pek","isPartOf":{"@id":"https:\/\/www.hsymachinery.com\/#website"},"primaryImageOfPage":{"@id":"https:\/\/www.hsymachinery.com\/product\/rebar-arc-bending-machine-gwh36\/#primaryimage"},"image":{"@id":"https:\/\/www.hsymachinery.com\/product\/rebar-arc-bending-machine-gwh36\/#primaryimage"},"thumbnailUrl":"https:\/\/www.hsymachinery.com\/wp-content\/uploads\/2025\/06\/Rebar-Arc-Bending-Machine-GWH36.jpg","datePublished":"2025-06-18T04:26:12+00:00","dateModified":"2025-06-27T14:44:18+00:00","description":"A GWH36 \u00edvhajl\u00edt\u00f3 g\u00e9p 16-36 mm-es ac\u00e9lrudakat hajl\u00edt sima \u00edvekk\u00e9. Ide\u00e1lis alagutakhoz, aut\u00f3p\u00e1ly\u00e1khoz \u00e9s export\u00e9p\u00edt\u00e9shez.","breadcrumb":{"@id":"https:\/\/www.hsymachinery.com\/product\/rebar-arc-bending-machine-gwh36\/#breadcrumb"},"inLanguage":"hu","potentialAction":[{"@type":"ReadAction","target":["https:\/\/www.hsymachinery.com\/product\/rebar-arc-bending-machine-gwh36\/"]}]},{"@type":"ImageObject","inLanguage":"hu","@id":"https:\/\/www.hsymachinery.com\/product\/rebar-arc-bending-machine-gwh36\/#primaryimage","url":"https:\/\/www.hsymachinery.com\/wp-content\/uploads\/2025\/06\/Rebar-Arc-Bending-Machine-GWH36.jpg","contentUrl":"https:\/\/www.hsymachinery.com\/wp-content\/uploads\/2025\/06\/Rebar-Arc-Bending-Machine-GWH36.jpg","width":600,"height":600},{"@type":"BreadcrumbList","@id":"https:\/\/www.hsymachinery.com\/product\/rebar-arc-bending-machine-gwh36\/#breadcrumb","itemListElement":[{"@type":"ListItem","position":1,"name":"home","item":"https:\/\/www.hsymachinery.com\/"},{"@type":"ListItem","position":2,"name":"products","item":"https:\/\/www.hsymachinery.com\/products\/"},{"@type":"ListItem","position":3,"name":"Rebar Arc Bending Machine GWH36"}]},{"@type":"WebSite","@id":"https:\/\/www.hsymachinery.com\/#website","url":"https:\/\/www.hsymachinery.com\/","name":"HSY \u00e9p\u00edt\u0151ipari g\u00e9pek","description":"HSY Machinery - K\u00edna vezet\u0151 \u00e9p\u00edt\u0151ipari g\u00e9pgy\u00e1rt\u00f3 v\u00e1llalata, amely k\u00f6nny\u0171 \u00e9p\u00edt\u0151ipari berendez\u00e9sek sz\u00e9les v\u00e1laszt\u00e9k\u00e1t k\u00edn\u00e1lja. F\u0151 term\u00e9keink k\u00f6z\u00e9 tartozik az \u00fajj\u00e1\u00e9p\u00edt\u00e9si v\u00e1g\u00f3g\u00e9p, az \u00fajj\u00e1\u00e9p\u00edt\u00e9si hajl\u00edt\u00f3g\u00e9p, az \u00fajj\u00e1\u00e9p\u00edt\u00e9si kengyelhajl\u00edt\u00f3 g\u00e9p, az \u00fajj\u00e1\u00e9p\u00edt\u00e9si \u00edvhajl\u00edt\u00f3 g\u00e9p, az \u00fajj\u00e1\u00e9p\u00edt\u00e9si egyenes\u00edt\u0151 g\u00e9p, az \u00f6tfej\u0171 \u00fajj\u00e1\u00e9p\u00edt\u00e9si kengyelhajl\u00edt\u00f3 g\u00e9p, a d\u00f6ng\u00f6l\u0151 rammer, a lemezkompaktor, a betonv\u00e1g\u00f3, a villanymotoros sim\u00edt\u00f3 \u00e9s m\u00e1s \u00e9p\u00edt\u0151ipari g\u00e9pek. Fejlett CNC-g\u00e9pekkel vagyunk felszerelve, \u00e9s szigor\u00fa min\u0151s\u00e9gellen\u0151rz\u00e9si szabv\u00e1nyokat \u00e9rv\u00e9nyes\u00edt\u00fcnk az \u00e1tfog\u00f3 \u00e9rt\u00e9kes\u00edt\u00e9s ut\u00e1ni szolg\u00e1ltat\u00e1ssal egy\u00fctt. Ha \u00e9rdeklik term\u00e9keink vagy szolg\u00e1ltat\u00e1saink, sz\u00edvesen fogadjuk \u00e9rdekl\u0151d\u00e9s\u00e9t \u00fczenetben.","publisher":{"@id":"https:\/\/www.hsymachinery.com\/#organization"},"potentialAction":[{"@type":"SearchAction","target":{"@type":"EntryPoint","urlTemplate":"https:\/\/www.hsymachinery.com\/?s={search_term_string}"},"query-input":{"@type":"PropertyValueSpecification","valueRequired":true,"valueName":"search_term_string"}}],"inLanguage":"hu"},{"@type":"Organization","@id":"https:\/\/www.hsymachinery.com\/#organization","name":"HSY \u00e9p\u00edt\u0151ipari g\u00e9pek","url":"https:\/\/www.hsymachinery.com\/","logo":{"@type":"ImageObject","inLanguage":"hu","@id":"https:\/\/www.hsymachinery.com\/#\/schema\/logo\/image\/","url":"https:\/\/www.hsymachinery.com\/wp-content\/uploads\/2025\/06\/cropped-HSY-machinery.png","contentUrl":"https:\/\/www.hsymachinery.com\/wp-content\/uploads\/2025\/06\/cropped-HSY-machinery.png","width":600,"height":240,"caption":"HSY Construction Machinery"},"image":{"@id":"https:\/\/www.hsymachinery.com\/#\/schema\/logo\/image\/"}}]}},"_links":{"self":[{"href":"https:\/\/www.hsymachinery.com\/hu\/wp-json\/wp\/v2\/product\/8989","targetHints":{"allow":["GET"]}}],"collection":[{"href":"https:\/\/www.hsymachinery.com\/hu\/wp-json\/wp\/v2\/product"}],"about":[{"href":"https:\/\/www.hsymachinery.com\/hu\/wp-json\/wp\/v2\/types\/product"}],"version-history":[{"count":4,"href":"https:\/\/www.hsymachinery.com\/hu\/wp-json\/wp\/v2\/product\/8989\/revisions"}],"predecessor-version":[{"id":9409,"href":"https:\/\/www.hsymachinery.com\/hu\/wp-json\/wp\/v2\/product\/8989\/revisions\/9409"}],"wp:featuredmedia":[{"embeddable":true,"href":"https:\/\/www.hsymachinery.com\/hu\/wp-json\/wp\/v2\/media\/8990"}],"wp:attachment":[{"href":"https:\/\/www.hsymachinery.com\/hu\/wp-json\/wp\/v2\/media?parent=8989"}],"wp:term":[{"taxonomy":"product_brand","embeddable":true,"href":"https:\/\/www.hsymachinery.com\/hu\/wp-json\/wp\/v2\/product_brand?post=8989"},{"taxonomy":"product_cat","embeddable":true,"href":"https:\/\/www.hsymachinery.com\/hu\/wp-json\/wp\/v2\/product_cat?post=8989"},{"taxonomy":"product_tag","embeddable":true,"href":"https:\/\/www.hsymachinery.com\/hu\/wp-json\/wp\/v2\/product_tag?post=8989"}],"curies":[{"name":"wp","href":"https:\/\/api.w.org\/{rel}","templated":true}]}}