{"id":8983,"date":"2025-06-18T12:22:53","date_gmt":"2025-06-18T04:22:53","guid":{"rendered":"https:\/\/www.hsymachinery.com\/?post_type=product&#038;p=8983"},"modified":"2025-06-27T22:31:07","modified_gmt":"2025-06-27T14:31:07","slug":"betonacel-ivhajlito-gep-gwh24","status":"publish","type":"product","link":"https:\/\/www.hsymachinery.com\/hu\/termek\/betonacel-ivhajlito-gep-gwh24\/","title":{"rendered":"Rebar \u00edv hajl\u00edt\u00f3 g\u00e9p GWH24"},"content":{"rendered":"<h2 data-start=\"96\" data-end=\"135\">Rebar \u00edv hajl\u00edt\u00f3 g\u00e9p GWH24<\/h2>\n<h3 data-start=\"136\" data-end=\"257\">K\u00f6zepes teherb\u00edr\u00e1s\u00fa \u00edvhajl\u00edt\u00f3 g\u00e9p 12-24 mm-es betonac\u00e9lokhoz | GWH24 ac\u00e9lr\u00fad g\u00f6rb\u00edt\u0151 berendez\u00e9s az \u00e9p\u00edt\u0151ipar \u00e9s a kert\u00e9p\u00edt\u00e9s sz\u00e1m\u00e1ra<\/h3>\n<h3 data-start=\"264\" data-end=\"348\">Term\u00e9k\u00e1ttekint\u00e9s - Sokoldal\u00fa \u00edvelt r\u00fadhajl\u00edt\u00f3 az \u00e9p\u00edt\u0151ipari meger\u0151s\u00edt\u00e9shez<\/h3>\n<p data-start=\"350\" data-end=\"651\">A <strong data-start=\"354\" data-end=\"389\"><a href=\"https:\/\/www.hsymachinery.com\/hu\/termekek\/betonacel-ivhajlito-gep\/\" target=\"_blank\" rel=\"noopener\">Rebar Arc hajl\u00edt\u00f3 g\u00e9p<\/a> GWH24<\/strong> megb\u00edzhat\u00f3 \u00e9s hat\u00e9kony megold\u00e1st k\u00edn\u00e1l a 6-24 mm-es betonac\u00e9l \u00edvekk\u00e9, hurkokk\u00e1 \u00e9s \u00edvekk\u00e9 alak\u00edt\u00e1s\u00e1hoz. K\u00f6z\u00e9pkateg\u00f3ri\u00e1s meger\u0151s\u00edt\u00e9si feladatokhoz tervezt\u00e9k, \u00e9s \u00e1ltal\u00e1ban t\u00e1j\u00e9p\u00edt\u00e9szeti falakn\u00e1l, el\u0151regy\u00e1rtott gerend\u00e1kn\u00e1l, aut\u00f3p\u00e1lya-korl\u00e1tokn\u00e1l \u00e9s \u00edves betonelemekn\u00e9l haszn\u00e1lj\u00e1k.<\/p>\n<p data-start=\"653\" data-end=\"821\">A GWH24 ak\u00e1r egy gy\u00e1rt\u00f3m\u0171helyben, ak\u00e1r egy \u00e9p\u00edt\u00e9si projekt helysz\u00edn\u00e9n m\u0171k\u00f6dik, nagy pontoss\u00e1g\u00fa teljes\u00edtm\u00e9nyt ny\u00fajt a k\u00f6vetkezetes, sima betonac\u00e9l g\u00f6rb\u00e9k kialak\u00edt\u00e1s\u00e1hoz.<\/p>\n<h3 data-start=\"828\" data-end=\"885\">K\u00f6vetkezetes \u00edvkimenet tov\u00e1bbfejlesztett sug\u00e1rszab\u00e1lyoz\u00e1ssal<\/h3>\n<p data-start=\"887\" data-end=\"1144\">A g\u00e9p \u00e1ll\u00edthat\u00f3 g\u00f6rg\u0151s platformot \u00e9s tart\u00f3s vez\u00e9rl\u0151rendszert tartalmaz, amely lehet\u0151v\u00e9 teszi a felhaszn\u00e1l\u00f3k sz\u00e1m\u00e1ra a hajl\u00edt\u00e1si sug\u00e1r pontos be\u00e1ll\u00edt\u00e1s\u00e1t. A nagy nyomat\u00e9k\u00fa motor egyenletes r\u00fadforgat\u00e1st hajt, fenntartva a pontoss\u00e1got \u00e9s a fel\u00fcleti integrit\u00e1st a hajl\u00edt\u00e1s sor\u00e1n.<\/p>\n<p data-start=\"1146\" data-end=\"1311\">A k\u00fcl\u00f6nb\u00f6z\u0151 helysz\u00edni ig\u00e9nyeknek megfelel\u0151en a GWH24 t\u00e1mogatja a k\u00e9zi foganty\u00fa m\u0171k\u00f6dtet\u00e9s\u00e9t vagy az opcion\u00e1lis ped\u00e1lvez\u00e9rl\u00e9st, biztos\u00edtva a biztons\u00e1gos \u00e9s rugalmas haszn\u00e1latot k\u00fcl\u00f6nb\u00f6z\u0151 k\u00f6r\u00fclm\u00e9nyek k\u00f6z\u00f6tt.<\/p>\n<h3 data-start=\"1318\" data-end=\"1373\">Ig\u00e9nyes munkak\u00f6r\u00f6kre \u00e9p\u00fclt, export min\u0151s\u00e9g\u0171 specifik\u00e1ci\u00f3kkal<\/h3>\n<p data-start=\"1375\" data-end=\"1700\">A GWH24 \u00edvhajl\u00edt\u00f3 meger\u0151s\u00edtett ac\u00e9ltesttel rendelkezik, amelyet \u00fagy terveztek, hogy ellen\u00e1lljon a fesz\u00fclts\u00e9gnek \u00e9s a vibr\u00e1ci\u00f3nak a hosszabb haszn\u00e1lat sor\u00e1n. Kompakt v\u00e1za a mobilit\u00e1s \u00e9rdek\u00e9ben g\u00f6rg\u0151kkel van felszerelve, m\u00edg az elektromos alkatr\u00e9szek 220V-os vagy 380V-os h\u00e1l\u00f3zati bemenetre konfigur\u00e1lhat\u00f3k, \u00edgy alkalmas a glob\u00e1lis piacokra t\u00f6rt\u00e9n\u0151 exportra.<\/p>\n<p data-start=\"1702\" data-end=\"1810\">Ez a modell a teljes\u00edtm\u00e9ny, a pontoss\u00e1g \u00e9s a hordozhat\u00f3s\u00e1g t\u00f6k\u00e9letes egyens\u00faly\u00e1t k\u00edn\u00e1lja - ide\u00e1lis a szerkezeti \u00edvalak\u00edt\u00e1shoz.<\/p>\n<h3 data-start=\"1817\" data-end=\"1870\">A GWH24 \u00edvhajl\u00edt\u00f3 f\u0151 jellemz\u0151i<\/h3>\n<ul data-start=\"1872\" data-end=\"2095\">\n<li data-start=\"1872\" data-end=\"1917\">\n<p data-start=\"1874\" data-end=\"1917\">12-24 mm-es betonac\u00e9l \u00edves alakzatokk\u00e1 t\u00f6rt\u00e9n\u0151 feldolgoz\u00e1sa<\/p>\n<\/li>\n<li data-start=\"1918\" data-end=\"1985\">\n<p data-start=\"1920\" data-end=\"1985\">Aut\u00f3p\u00e1ly\u00e1kra, t\u00e1mfalakra \u00e9s el\u0151regy\u00e1rtott alkatr\u00e9szekre alkalmazhat\u00f3.<\/p>\n<\/li>\n<li data-start=\"1986\" data-end=\"2042\">\n<p data-start=\"1988\" data-end=\"2042\">\u00c1ll\u00edthat\u00f3 \u00edvsug\u00e1r a k\u00fcl\u00f6nb\u00f6z\u0151 hajl\u00edt\u00e1si ig\u00e9nyekhez<\/p>\n<\/li>\n<li data-start=\"2043\" data-end=\"2095\">\n<p data-start=\"2045\" data-end=\"2095\">Kett\u0151s fesz\u00fclts\u00e9g\u0171 konfigur\u00e1ci\u00f3 nemzetk\u00f6zi haszn\u00e1latra<\/p>\n<\/li>\n<\/ul>\n<p><iframe title=\"#\u00e9p\u00edt\u0151g\u00e9p #\u00e9p\u00edt\u0151g\u00e9p #\u00f6r\u0151g\u00e9p #\u00f6r\u0151hajl\u00edt\u00f3 #\u00f6r\u0151hajl\u00edt\u00f3 #\u00f6r\u0151hajl\u00edt\u00f3 #\u00f6r\u0151hajl\u00edt\u00f3\" width=\"720\" height=\"405\" src=\"https:\/\/www.youtube.com\/embed\/kZFU0Z3IPgM?feature=oembed\" frameborder=\"0\" allow=\"accelerometer; autoplay; clipboard-write; encrypted-media; gyroscope; picture-in-picture; web-share\" referrerpolicy=\"strict-origin-when-cross-origin\" allowfullscreen><\/iframe><\/p>","protected":false},"excerpt":{"rendered":"<p>A GWH24 \u00edvhajl\u00edt\u00f3 g\u00e9p 12-24 mm-es ac\u00e9lrudakat hajl\u00edt pontos \u00edvekk\u00e9. K\u00f6z\u00e9pm\u00e9ret\u0171 \u00e9p\u00edt\u0151ipari ig\u00e9nyekre tervezt\u00e9k, export-kompatibilis teljes\u00edtm\u00e9nyopci\u00f3kkal \u00e9s stabil teljes\u00edtm\u00e9nnyel.<\/p>","protected":false},"featured_media":8984,"template":"","meta":{"_kad_post_transparent":"default","_kad_post_title":"","_kad_post_layout":"default","_kad_post_sidebar_id":"","_kad_post_content_style":"default","_kad_post_vertical_padding":"default","_kad_post_feature":"","_kad_post_feature_position":"","_kad_post_header":false,"_kad_post_footer":false},"product_brand":[],"product_cat":[54],"product_tag":[1022,1016,1024,1018,1023,1017,1019,1021,1020,1015],"class_list":{"0":"post-8983","1":"product","2":"type-product","3":"status-publish","4":"has-post-thumbnail","6":"product_cat-rebar-arc-bending-machine","7":"product_tag-arc-shape-bending-machine-for-rebar","8":"product_tag-automatic-rebar-arc-bender","9":"product_tag-bar-arc-bending-machine-for-construction","10":"product_tag-cnc-rebar-arc-bending-equipment","11":"product_tag-curved-rebar-bending-tool","12":"product_tag-hydraulic-arc-bending-machine","13":"product_tag-rebar-circular-bending-machine","14":"product_tag-rebar-radius-bending-machine","15":"product_tag-round-bending-machine-for-steel-bars","16":"product_tag-steel-arc-bending-machine","18":"first","19":"instock","20":"shipping-taxable","21":"product-type-simple","22":"entry","23":"content-bg","24":"loop-entry"},"yoast_head":"<!-- This site is optimized with the Yoast SEO plugin v25.3.1 - https:\/\/yoast.com\/wordpress\/plugins\/seo\/ -->\n<title>Rebar Arc Bending Machine GWH24 - HSY Construction Machinery<\/title>\n<meta name=\"description\" content=\"Rebar Arc Bending Machine GWH24 bends 12\u201324mm steel bars into curves. Reliable for mid-size projects and export-friendly with flexible voltage support.\" \/>\n<meta name=\"robots\" content=\"index, follow, max-snippet:-1, max-image-preview:large, max-video-preview:-1\" \/>\n<link rel=\"canonical\" href=\"https:\/\/www.hsymachinery.com\/hu\/termek\/betonacel-ivhajlito-gep-gwh24\/\" \/>\n<meta property=\"og:locale\" content=\"hu_HU\" \/>\n<meta property=\"og:type\" content=\"article\" \/>\n<meta property=\"og:title\" content=\"Rebar Arc Bending Machine GWH24 - HSY Construction Machinery\" \/>\n<meta property=\"og:description\" content=\"Rebar Arc Bending Machine GWH24 bends 12\u201324mm steel bars into curves. Reliable for mid-size projects and export-friendly with flexible voltage support.\" \/>\n<meta property=\"og:url\" content=\"https:\/\/www.hsymachinery.com\/hu\/termek\/betonacel-ivhajlito-gep-gwh24\/\" \/>\n<meta property=\"og:site_name\" content=\"HSY Construction Machinery\" \/>\n<meta property=\"article:modified_time\" content=\"2025-06-27T14:31:07+00:00\" \/>\n<meta property=\"og:image\" content=\"https:\/\/www.hsymachinery.com\/wp-content\/uploads\/2025\/06\/Rebar-Arc-Bending-Machine-GWH24.jpg\" \/>\n\t<meta property=\"og:image:width\" content=\"600\" \/>\n\t<meta property=\"og:image:height\" content=\"600\" \/>\n\t<meta property=\"og:image:type\" content=\"image\/jpeg\" \/>\n<meta name=\"twitter:card\" content=\"summary_large_image\" \/>\n<meta name=\"twitter:label1\" content=\"Becs\u00fclt olvas\u00e1si id\u0151\" \/>\n\t<meta name=\"twitter:data1\" content=\"2 perc\" \/>\n<script type=\"application\/ld+json\" class=\"yoast-schema-graph\">{\"@context\":\"https:\/\/schema.org\",\"@graph\":[{\"@type\":\"WebPage\",\"@id\":\"https:\/\/www.hsymachinery.com\/product\/rebar-arc-bending-machine-gwh24\/\",\"url\":\"https:\/\/www.hsymachinery.com\/product\/rebar-arc-bending-machine-gwh24\/\",\"name\":\"Rebar Arc Bending Machine GWH24 - HSY Construction Machinery\",\"isPartOf\":{\"@id\":\"https:\/\/www.hsymachinery.com\/#website\"},\"primaryImageOfPage\":{\"@id\":\"https:\/\/www.hsymachinery.com\/product\/rebar-arc-bending-machine-gwh24\/#primaryimage\"},\"image\":{\"@id\":\"https:\/\/www.hsymachinery.com\/product\/rebar-arc-bending-machine-gwh24\/#primaryimage\"},\"thumbnailUrl\":\"https:\/\/www.hsymachinery.com\/wp-content\/uploads\/2025\/06\/Rebar-Arc-Bending-Machine-GWH24.jpg\",\"datePublished\":\"2025-06-18T04:22:53+00:00\",\"dateModified\":\"2025-06-27T14:31:07+00:00\",\"description\":\"Rebar Arc Bending Machine GWH24 bends 12\u201324mm steel bars into curves. Reliable for mid-size projects and export-friendly with flexible voltage support.\",\"breadcrumb\":{\"@id\":\"https:\/\/www.hsymachinery.com\/product\/rebar-arc-bending-machine-gwh24\/#breadcrumb\"},\"inLanguage\":\"hu\",\"potentialAction\":[{\"@type\":\"ReadAction\",\"target\":[\"https:\/\/www.hsymachinery.com\/product\/rebar-arc-bending-machine-gwh24\/\"]}]},{\"@type\":\"ImageObject\",\"inLanguage\":\"hu\",\"@id\":\"https:\/\/www.hsymachinery.com\/product\/rebar-arc-bending-machine-gwh24\/#primaryimage\",\"url\":\"https:\/\/www.hsymachinery.com\/wp-content\/uploads\/2025\/06\/Rebar-Arc-Bending-Machine-GWH24.jpg\",\"contentUrl\":\"https:\/\/www.hsymachinery.com\/wp-content\/uploads\/2025\/06\/Rebar-Arc-Bending-Machine-GWH24.jpg\",\"width\":600,\"height\":600},{\"@type\":\"BreadcrumbList\",\"@id\":\"https:\/\/www.hsymachinery.com\/product\/rebar-arc-bending-machine-gwh24\/#breadcrumb\",\"itemListElement\":[{\"@type\":\"ListItem\",\"position\":1,\"name\":\"home\",\"item\":\"https:\/\/www.hsymachinery.com\/\"},{\"@type\":\"ListItem\",\"position\":2,\"name\":\"products\",\"item\":\"https:\/\/www.hsymachinery.com\/products\/\"},{\"@type\":\"ListItem\",\"position\":3,\"name\":\"Rebar Arc Bending Machine GWH24\"}]},{\"@type\":\"WebSite\",\"@id\":\"https:\/\/www.hsymachinery.com\/#website\",\"url\":\"https:\/\/www.hsymachinery.com\/\",\"name\":\"HSY Construction Machinery\",\"description\":\"HSY Machinery \u2013 A leading China construction machinery supplier, offering a wide range of light construction equipment. Our main products include Rebar Cutting Machine, Rebar Bending Machine, Rebar Stirrup Bending Machine, Rebar Arc Bending Machine, Rebar Straightening Machine, Five-Head Rebar Stirrup Bending Machine, Tamping Rammer, Plate Compactor, Concrete Cutter, Power Trowel, and other construction machinery. We are equipped with advanced CNC machines, and we enforce strict quality inspection standards along with comprehensive after-sales service. If you are interested in our products or services, we warmly welcome your inquiries via message.\",\"publisher\":{\"@id\":\"https:\/\/www.hsymachinery.com\/#organization\"},\"potentialAction\":[{\"@type\":\"SearchAction\",\"target\":{\"@type\":\"EntryPoint\",\"urlTemplate\":\"https:\/\/www.hsymachinery.com\/?s={search_term_string}\"},\"query-input\":{\"@type\":\"PropertyValueSpecification\",\"valueRequired\":true,\"valueName\":\"search_term_string\"}}],\"inLanguage\":\"hu\"},{\"@type\":\"Organization\",\"@id\":\"https:\/\/www.hsymachinery.com\/#organization\",\"name\":\"HSY Construction Machinery\",\"url\":\"https:\/\/www.hsymachinery.com\/\",\"logo\":{\"@type\":\"ImageObject\",\"inLanguage\":\"hu\",\"@id\":\"https:\/\/www.hsymachinery.com\/#\/schema\/logo\/image\/\",\"url\":\"https:\/\/www.hsymachinery.com\/wp-content\/uploads\/2025\/06\/cropped-HSY-machinery.png\",\"contentUrl\":\"https:\/\/www.hsymachinery.com\/wp-content\/uploads\/2025\/06\/cropped-HSY-machinery.png\",\"width\":600,\"height\":240,\"caption\":\"HSY Construction Machinery\"},\"image\":{\"@id\":\"https:\/\/www.hsymachinery.com\/#\/schema\/logo\/image\/\"}}]}<\/script>\n<!-- \/ Yoast SEO plugin. -->","yoast_head_json":{"title":"GWH24 \u00edvhajl\u00edt\u00f3 g\u00e9p - HSY \u00c9p\u00edt\u0151ipari g\u00e9pek","description":"A GWH24 \u00edvhajl\u00edt\u00f3 g\u00e9p 12-24 mm-es ac\u00e9lrudakat hajl\u00edt \u00edvekbe. Megb\u00edzhat\u00f3 k\u00f6zepes m\u00e9ret\u0171 projektekhez \u00e9s exportbar\u00e1t a rugalmas fesz\u00fclts\u00e9gt\u00e1mogat\u00e1ssal.","robots":{"index":"index","follow":"follow","max-snippet":"max-snippet:-1","max-image-preview":"max-image-preview:large","max-video-preview":"max-video-preview:-1"},"canonical":"https:\/\/www.hsymachinery.com\/hu\/termek\/betonacel-ivhajlito-gep-gwh24\/","og_locale":"hu_HU","og_type":"article","og_title":"Rebar Arc Bending Machine GWH24 - HSY Construction Machinery","og_description":"Rebar Arc Bending Machine GWH24 bends 12\u201324mm steel bars into curves. Reliable for mid-size projects and export-friendly with flexible voltage support.","og_url":"https:\/\/www.hsymachinery.com\/hu\/termek\/betonacel-ivhajlito-gep-gwh24\/","og_site_name":"HSY Construction Machinery","article_modified_time":"2025-06-27T14:31:07+00:00","og_image":[{"width":600,"height":600,"url":"https:\/\/www.hsymachinery.com\/wp-content\/uploads\/2025\/06\/Rebar-Arc-Bending-Machine-GWH24.jpg","type":"image\/jpeg"}],"twitter_card":"summary_large_image","twitter_misc":{"Becs\u00fclt olvas\u00e1si id\u0151":"2 perc"},"schema":{"@context":"https:\/\/schema.org","@graph":[{"@type":"WebPage","@id":"https:\/\/www.hsymachinery.com\/product\/rebar-arc-bending-machine-gwh24\/","url":"https:\/\/www.hsymachinery.com\/product\/rebar-arc-bending-machine-gwh24\/","name":"GWH24 \u00edvhajl\u00edt\u00f3 g\u00e9p - HSY \u00c9p\u00edt\u0151ipari g\u00e9pek","isPartOf":{"@id":"https:\/\/www.hsymachinery.com\/#website"},"primaryImageOfPage":{"@id":"https:\/\/www.hsymachinery.com\/product\/rebar-arc-bending-machine-gwh24\/#primaryimage"},"image":{"@id":"https:\/\/www.hsymachinery.com\/product\/rebar-arc-bending-machine-gwh24\/#primaryimage"},"thumbnailUrl":"https:\/\/www.hsymachinery.com\/wp-content\/uploads\/2025\/06\/Rebar-Arc-Bending-Machine-GWH24.jpg","datePublished":"2025-06-18T04:22:53+00:00","dateModified":"2025-06-27T14:31:07+00:00","description":"A GWH24 \u00edvhajl\u00edt\u00f3 g\u00e9p 12-24 mm-es ac\u00e9lrudakat hajl\u00edt \u00edvekbe. Megb\u00edzhat\u00f3 k\u00f6zepes m\u00e9ret\u0171 projektekhez \u00e9s exportbar\u00e1t a rugalmas fesz\u00fclts\u00e9gt\u00e1mogat\u00e1ssal.","breadcrumb":{"@id":"https:\/\/www.hsymachinery.com\/product\/rebar-arc-bending-machine-gwh24\/#breadcrumb"},"inLanguage":"hu","potentialAction":[{"@type":"ReadAction","target":["https:\/\/www.hsymachinery.com\/product\/rebar-arc-bending-machine-gwh24\/"]}]},{"@type":"ImageObject","inLanguage":"hu","@id":"https:\/\/www.hsymachinery.com\/product\/rebar-arc-bending-machine-gwh24\/#primaryimage","url":"https:\/\/www.hsymachinery.com\/wp-content\/uploads\/2025\/06\/Rebar-Arc-Bending-Machine-GWH24.jpg","contentUrl":"https:\/\/www.hsymachinery.com\/wp-content\/uploads\/2025\/06\/Rebar-Arc-Bending-Machine-GWH24.jpg","width":600,"height":600},{"@type":"BreadcrumbList","@id":"https:\/\/www.hsymachinery.com\/product\/rebar-arc-bending-machine-gwh24\/#breadcrumb","itemListElement":[{"@type":"ListItem","position":1,"name":"home","item":"https:\/\/www.hsymachinery.com\/"},{"@type":"ListItem","position":2,"name":"products","item":"https:\/\/www.hsymachinery.com\/products\/"},{"@type":"ListItem","position":3,"name":"Rebar Arc Bending Machine GWH24"}]},{"@type":"WebSite","@id":"https:\/\/www.hsymachinery.com\/#website","url":"https:\/\/www.hsymachinery.com\/","name":"HSY \u00e9p\u00edt\u0151ipari g\u00e9pek","description":"HSY Machinery - K\u00edna vezet\u0151 \u00e9p\u00edt\u0151ipari g\u00e9pgy\u00e1rt\u00f3 v\u00e1llalata, amely k\u00f6nny\u0171 \u00e9p\u00edt\u0151ipari berendez\u00e9sek sz\u00e9les v\u00e1laszt\u00e9k\u00e1t k\u00edn\u00e1lja. F\u0151 term\u00e9keink k\u00f6z\u00e9 tartozik az \u00fajj\u00e1\u00e9p\u00edt\u00e9si v\u00e1g\u00f3g\u00e9p, az \u00fajj\u00e1\u00e9p\u00edt\u00e9si hajl\u00edt\u00f3g\u00e9p, az \u00fajj\u00e1\u00e9p\u00edt\u00e9si kengyelhajl\u00edt\u00f3 g\u00e9p, az \u00fajj\u00e1\u00e9p\u00edt\u00e9si \u00edvhajl\u00edt\u00f3 g\u00e9p, az \u00fajj\u00e1\u00e9p\u00edt\u00e9si egyenes\u00edt\u0151 g\u00e9p, az \u00f6tfej\u0171 \u00fajj\u00e1\u00e9p\u00edt\u00e9si kengyelhajl\u00edt\u00f3 g\u00e9p, a d\u00f6ng\u00f6l\u0151 rammer, a lemezkompaktor, a betonv\u00e1g\u00f3, a villanymotoros sim\u00edt\u00f3 \u00e9s m\u00e1s \u00e9p\u00edt\u0151ipari g\u00e9pek. Fejlett CNC-g\u00e9pekkel vagyunk felszerelve, \u00e9s szigor\u00fa min\u0151s\u00e9gellen\u0151rz\u00e9si szabv\u00e1nyokat \u00e9rv\u00e9nyes\u00edt\u00fcnk az \u00e1tfog\u00f3 \u00e9rt\u00e9kes\u00edt\u00e9s ut\u00e1ni szolg\u00e1ltat\u00e1ssal egy\u00fctt. Ha \u00e9rdeklik term\u00e9keink vagy szolg\u00e1ltat\u00e1saink, sz\u00edvesen fogadjuk \u00e9rdekl\u0151d\u00e9s\u00e9t \u00fczenetben.","publisher":{"@id":"https:\/\/www.hsymachinery.com\/#organization"},"potentialAction":[{"@type":"SearchAction","target":{"@type":"EntryPoint","urlTemplate":"https:\/\/www.hsymachinery.com\/?s={search_term_string}"},"query-input":{"@type":"PropertyValueSpecification","valueRequired":true,"valueName":"search_term_string"}}],"inLanguage":"hu"},{"@type":"Organization","@id":"https:\/\/www.hsymachinery.com\/#organization","name":"HSY \u00e9p\u00edt\u0151ipari g\u00e9pek","url":"https:\/\/www.hsymachinery.com\/","logo":{"@type":"ImageObject","inLanguage":"hu","@id":"https:\/\/www.hsymachinery.com\/#\/schema\/logo\/image\/","url":"https:\/\/www.hsymachinery.com\/wp-content\/uploads\/2025\/06\/cropped-HSY-machinery.png","contentUrl":"https:\/\/www.hsymachinery.com\/wp-content\/uploads\/2025\/06\/cropped-HSY-machinery.png","width":600,"height":240,"caption":"HSY Construction Machinery"},"image":{"@id":"https:\/\/www.hsymachinery.com\/#\/schema\/logo\/image\/"}}]}},"_links":{"self":[{"href":"https:\/\/www.hsymachinery.com\/hu\/wp-json\/wp\/v2\/product\/8983","targetHints":{"allow":["GET"]}}],"collection":[{"href":"https:\/\/www.hsymachinery.com\/hu\/wp-json\/wp\/v2\/product"}],"about":[{"href":"https:\/\/www.hsymachinery.com\/hu\/wp-json\/wp\/v2\/types\/product"}],"version-history":[{"count":4,"href":"https:\/\/www.hsymachinery.com\/hu\/wp-json\/wp\/v2\/product\/8983\/revisions"}],"predecessor-version":[{"id":9402,"href":"https:\/\/www.hsymachinery.com\/hu\/wp-json\/wp\/v2\/product\/8983\/revisions\/9402"}],"wp:featuredmedia":[{"embeddable":true,"href":"https:\/\/www.hsymachinery.com\/hu\/wp-json\/wp\/v2\/media\/8984"}],"wp:attachment":[{"href":"https:\/\/www.hsymachinery.com\/hu\/wp-json\/wp\/v2\/media?parent=8983"}],"wp:term":[{"taxonomy":"product_brand","embeddable":true,"href":"https:\/\/www.hsymachinery.com\/hu\/wp-json\/wp\/v2\/product_brand?post=8983"},{"taxonomy":"product_cat","embeddable":true,"href":"https:\/\/www.hsymachinery.com\/hu\/wp-json\/wp\/v2\/product_cat?post=8983"},{"taxonomy":"product_tag","embeddable":true,"href":"https:\/\/www.hsymachinery.com\/hu\/wp-json\/wp\/v2\/product_tag?post=8983"}],"curies":[{"name":"wp","href":"https:\/\/api.w.org\/{rel}","templated":true}]}}