{"id":8977,"date":"2025-06-18T12:20:08","date_gmt":"2025-06-18T04:20:08","guid":{"rendered":"https:\/\/www.hsymachinery.com\/?post_type=product&#038;p=8977"},"modified":"2025-06-27T22:32:05","modified_gmt":"2025-06-27T14:32:05","slug":"betonacel-ivhajlito-gep-gwh12","status":"publish","type":"product","link":"https:\/\/www.hsymachinery.com\/hu\/termek\/betonacel-ivhajlito-gep-gwh12\/","title":{"rendered":"Rebar \u00edv hajl\u00edt\u00f3 g\u00e9p GWH12"},"content":{"rendered":"<h2 data-start=\"98\" data-end=\"137\">Rebar \u00edv hajl\u00edt\u00f3 g\u00e9p GWH12<\/h2>\n<h3 data-start=\"138\" data-end=\"261\">Compact Arc Bender GWH12 6-12 mm-es betonac\u00e9lokhoz | G\u00f6rbe ac\u00e9lr\u00fad hajl\u00edt\u00f3 g\u00e9p dekorat\u00edv \u00e9s szerkezeti alkalmaz\u00e1sokhoz<\/h3>\n<h3 data-start=\"268\" data-end=\"349\">Term\u00e9k \u00e1ttekint\u00e9s - Prec\u00edzi\u00f3s \u00edvhajl\u00edt\u00f3 berendez\u00e9s k\u00f6nny\u0171 betonac\u00e9l alak\u00edt\u00e1s\u00e1hoz<\/h3>\n<p data-start=\"351\" data-end=\"692\">A <strong data-start=\"355\" data-end=\"390\"><a href=\"https:\/\/www.hsymachinery.com\/hu\/termekek\/betonacel-ivhajlito-gep\/\" target=\"_blank\" rel=\"noopener\">Rebar Arc hajl\u00edt\u00f3 g\u00e9p<\/a> GWH12<\/strong> egy speci\u00e1lis szersz\u00e1m, amelyet 6 mm \u00e9s 12 mm k\u00f6z\u00f6tti betonac\u00e9l sima \u00edvekk\u00e9, k\u00f6r\u00f6kk\u00e9 \u00e9s \u00edvelt form\u00e1kk\u00e1 hajl\u00edt\u00e1s\u00e1ra terveztek. A d\u00edsz\u00edt\u0151\u00e9p\u00edt\u00e9sben, kert\u00e9p\u00edt\u00e9sben, ker\u00edt\u00e9sekn\u00e9l, korl\u00e1tokn\u00e1l \u00e9s \u00e9p\u00edt\u00e9szeti meger\u0151s\u00edt\u00e9sekn\u00e9l gyakran haszn\u00e1lt GWH12 egy kompakt, m\u00e9gis nagy teljes\u00edtm\u00e9ny\u0171 g\u00e9p a k\u00f6nny\u0171 \u00edvelt ac\u00e9l megmunk\u00e1l\u00e1s\u00e1hoz.<\/p>\n<p data-start=\"694\" data-end=\"832\">K\u00f6nny\u0171 v\u00e1za, egyszer\u0171 vez\u00e9rl\u00e9se \u00e9s nagy pontoss\u00e1ga ide\u00e1lis a kis m\u0171helyek, a helysz\u00edni testreszab\u00e1s \u00e9s a k\u00e9zm\u0171ves f\u00e9mmegmunk\u00e1l\u00e1s sz\u00e1m\u00e1ra.<\/p>\n<h3 data-start=\"839\" data-end=\"893\">\u00a0Sima \u00edvform\u00e1z\u00e1s rugalmas sug\u00e1rszab\u00e1lyoz\u00e1ssal<\/h3>\n<p data-start=\"895\" data-end=\"1203\">A GWH12 \u00e1ll\u00edthat\u00f3 \u00edvg\u00f6rg\u0151rendszerrel felszerelt, \u00edgy a felhaszn\u00e1l\u00f3k pontosan be\u00e1ll\u00edthatj\u00e1k a k\u00edv\u00e1nt g\u00f6rb\u00fcletet. A r\u00e9zzel tekercselt motor egyenletes forg\u00e1si er\u0151t biztos\u00edt, \u00edgy a r\u00fad fel\u00fcleti s\u00e9r\u00fcl\u00e9se n\u00e9lk\u00fcl biztos\u00edtja a sima \u00edveket. A kezel\u0151k a projekt ig\u00e9nyei alapj\u00e1n egyszer\u0171 \u00e9s \u00f6sszetett \u00edveket is kialak\u00edthatnak.<\/p>\n<p data-start=\"1205\" data-end=\"1330\">A k\u00e9zi foganty\u00favez\u00e9rl\u00e9ssel \u00e9s az opcion\u00e1lis l\u00e1bped\u00e1los m\u0171k\u00f6dtet\u00e9ssel a felhaszn\u00e1l\u00f3k kiv\u00e1laszthatj\u00e1k a legk\u00e9nyelmesebb munkam\u00f3dot.<\/p>\n<h3 data-start=\"1337\" data-end=\"1382\">K\u00f6nny\u0171, tart\u00f3s \u00e9s exportk\u00e9pes<\/h3>\n<p data-start=\"1384\" data-end=\"1698\">B\u00e1r kompakt, a GWH12 \u00edvhajl\u00edt\u00f3 er\u0151s\u00edtett ac\u00e9lb\u00f3l k\u00e9sz\u00fclt a fokozott tart\u00f3ss\u00e1g \u00e9s a munka stabilit\u00e1sa \u00e9rdek\u00e9ben. A g\u00e9p cs\u00fasz\u00e1sg\u00e1tl\u00f3 l\u00e1bakkal, hordozhat\u00f3 foganty\u00fakkal \u00e9s 220V vagy 380V (50\/60Hz) fesz\u00fclts\u00e9ggel val\u00f3 kompatibilit\u00e1ssal rendelkezik, \u00edgy kiv\u00e1l\u00f3 v\u00e1laszt\u00e1s a glob\u00e1lis export \u00e9s a kisv\u00e1llalkoz\u00f3k sz\u00e1m\u00e1ra.<\/p>\n<p data-start=\"1700\" data-end=\"1811\">K\u00fcl\u00f6n\u00f6sen alkalmas olyan ig\u00e9ny szerinti r\u00fadhajl\u00edt\u00e1si feladatokra, ahol pontoss\u00e1gra \u00e9s hordozhat\u00f3s\u00e1gra egyar\u00e1nt sz\u00fcks\u00e9g van.<\/p>\n<h3 data-start=\"1818\" data-end=\"1871\">A GWH12 \u00edvhajl\u00edt\u00f3 f\u0151 jellemz\u0151i<\/h3>\n<ul data-start=\"1873\" data-end=\"2100\">\n<li data-start=\"1873\" data-end=\"1924\">\n<p data-start=\"1875\" data-end=\"1924\">6-12 mm-es betonac\u00e9l \u00edvekk\u00e9, gy\u0171r\u0171kk\u00e9 \u00e9s g\u00f6rb\u00e9kk\u00e9 hajl\u00edtja.<\/p>\n<\/li>\n<li data-start=\"1925\" data-end=\"1995\">\n<p data-start=\"1927\" data-end=\"1995\">Ide\u00e1lis \u00e9p\u00edt\u00e9szeti dekor\u00e1ci\u00f3hoz \u00e9s kisebb szerkezeti munk\u00e1khoz<\/p>\n<\/li>\n<li data-start=\"1996\" data-end=\"2044\">\n<p data-start=\"1998\" data-end=\"2044\">Kompakt test, k\u00f6nnyen haszn\u00e1lhat\u00f3 sug\u00e1rbe\u00e1ll\u00edt\u00e1ssal<\/p>\n<\/li>\n<li data-start=\"2045\" data-end=\"2100\">\n<p data-start=\"2047\" data-end=\"2100\">K\u00e9szen \u00e1ll az exportra nemzetk\u00f6zi fesz\u00fclts\u00e9gt\u00e1mogat\u00e1ssal<\/p>\n<\/li>\n<\/ul>\n<p><iframe title=\"#\u00e9p\u00edt\u0151g\u00e9p #\u00e9p\u00edt\u0151g\u00e9p #\u00f6r\u0151g\u00e9p #\u00f6r\u0151hajl\u00edt\u00f3 #\u00f6r\u0151hajl\u00edt\u00f3 #\u00f6r\u0151hajl\u00edt\u00f3 #\u00f6r\u0151hajl\u00edt\u00f3\" width=\"720\" height=\"405\" src=\"https:\/\/www.youtube.com\/embed\/kZFU0Z3IPgM?feature=oembed\" frameborder=\"0\" allow=\"accelerometer; autoplay; clipboard-write; encrypted-media; gyroscope; picture-in-picture; web-share\" referrerpolicy=\"strict-origin-when-cross-origin\" allowfullscreen><\/iframe><\/p>","protected":false},"excerpt":{"rendered":"<p>A GWH12 \u00edvhajl\u00edt\u00f3 g\u00e9p 6-12 mm-es ac\u00e9lrudakat hajl\u00edt sima \u00edvekk\u00e9 \u00e9p\u00edt\u00e9si \u00e9s dekor\u00e1ci\u00f3s c\u00e9lokra. Kompakt, hordozhat\u00f3, \u00e9s t\u00f6k\u00e9letes m\u0171helyekbe vagy k\u00f6nny\u0171 munk\u00e1khoz.<\/p>","protected":false},"featured_media":8981,"template":"","meta":{"_kad_post_transparent":"default","_kad_post_title":"","_kad_post_layout":"default","_kad_post_sidebar_id":"","_kad_post_content_style":"default","_kad_post_vertical_padding":"default","_kad_post_feature":"","_kad_post_feature_position":"","_kad_post_header":false,"_kad_post_footer":false},"product_brand":[],"product_cat":[54],"product_tag":[1022,1016,1024,1018,1023,1017,1019,1021,1020,1015],"class_list":{"0":"post-8977","1":"product","2":"type-product","3":"status-publish","4":"has-post-thumbnail","6":"product_cat-rebar-arc-bending-machine","7":"product_tag-arc-shape-bending-machine-for-rebar","8":"product_tag-automatic-rebar-arc-bender","9":"product_tag-bar-arc-bending-machine-for-construction","10":"product_tag-cnc-rebar-arc-bending-equipment","11":"product_tag-curved-rebar-bending-tool","12":"product_tag-hydraulic-arc-bending-machine","13":"product_tag-rebar-circular-bending-machine","14":"product_tag-rebar-radius-bending-machine","15":"product_tag-round-bending-machine-for-steel-bars","16":"product_tag-steel-arc-bending-machine","18":"first","19":"instock","20":"shipping-taxable","21":"product-type-simple","22":"entry","23":"content-bg","24":"loop-entry"},"yoast_head":"<!-- This site is optimized with the Yoast SEO plugin v25.3.1 - https:\/\/yoast.com\/wordpress\/plugins\/seo\/ -->\n<title>Rebar Arc Bending Machine GWH12 - HSY Construction Machinery<\/title>\n<meta name=\"description\" content=\"Rebar Arc Bending Machine GWH12 curves 6\u201312mm steel bars with precision. Ideal for decorative and small structural use. Lightweight and export-ready.\" \/>\n<meta name=\"robots\" content=\"index, follow, max-snippet:-1, max-image-preview:large, max-video-preview:-1\" \/>\n<link rel=\"canonical\" href=\"https:\/\/www.hsymachinery.com\/hu\/termek\/betonacel-ivhajlito-gep-gwh12\/\" \/>\n<meta property=\"og:locale\" content=\"hu_HU\" \/>\n<meta property=\"og:type\" content=\"article\" \/>\n<meta property=\"og:title\" content=\"Rebar Arc Bending Machine GWH12 - HSY Construction Machinery\" \/>\n<meta property=\"og:description\" content=\"Rebar Arc Bending Machine GWH12 curves 6\u201312mm steel bars with precision. Ideal for decorative and small structural use. Lightweight and export-ready.\" \/>\n<meta property=\"og:url\" content=\"https:\/\/www.hsymachinery.com\/hu\/termek\/betonacel-ivhajlito-gep-gwh12\/\" \/>\n<meta property=\"og:site_name\" content=\"HSY Construction Machinery\" \/>\n<meta property=\"article:modified_time\" content=\"2025-06-27T14:32:05+00:00\" \/>\n<meta property=\"og:image\" content=\"https:\/\/www.hsymachinery.com\/wp-content\/uploads\/2025\/06\/Rebar-Arc-Bending-Machine-GWH12.jpg\" \/>\n\t<meta property=\"og:image:width\" content=\"600\" \/>\n\t<meta property=\"og:image:height\" content=\"600\" \/>\n\t<meta property=\"og:image:type\" content=\"image\/jpeg\" \/>\n<meta name=\"twitter:card\" content=\"summary_large_image\" \/>\n<meta name=\"twitter:label1\" content=\"Becs\u00fclt olvas\u00e1si id\u0151\" \/>\n\t<meta name=\"twitter:data1\" content=\"2 perc\" \/>\n<script type=\"application\/ld+json\" class=\"yoast-schema-graph\">{\"@context\":\"https:\/\/schema.org\",\"@graph\":[{\"@type\":\"WebPage\",\"@id\":\"https:\/\/www.hsymachinery.com\/product\/rebar-arc-bending-machine-gwh12\/\",\"url\":\"https:\/\/www.hsymachinery.com\/product\/rebar-arc-bending-machine-gwh12\/\",\"name\":\"Rebar Arc Bending Machine GWH12 - HSY Construction Machinery\",\"isPartOf\":{\"@id\":\"https:\/\/www.hsymachinery.com\/#website\"},\"primaryImageOfPage\":{\"@id\":\"https:\/\/www.hsymachinery.com\/product\/rebar-arc-bending-machine-gwh12\/#primaryimage\"},\"image\":{\"@id\":\"https:\/\/www.hsymachinery.com\/product\/rebar-arc-bending-machine-gwh12\/#primaryimage\"},\"thumbnailUrl\":\"https:\/\/www.hsymachinery.com\/wp-content\/uploads\/2025\/06\/Rebar-Arc-Bending-Machine-GWH12.jpg\",\"datePublished\":\"2025-06-18T04:20:08+00:00\",\"dateModified\":\"2025-06-27T14:32:05+00:00\",\"description\":\"Rebar Arc Bending Machine GWH12 curves 6\u201312mm steel bars with precision. Ideal for decorative and small structural use. Lightweight and export-ready.\",\"breadcrumb\":{\"@id\":\"https:\/\/www.hsymachinery.com\/product\/rebar-arc-bending-machine-gwh12\/#breadcrumb\"},\"inLanguage\":\"hu\",\"potentialAction\":[{\"@type\":\"ReadAction\",\"target\":[\"https:\/\/www.hsymachinery.com\/product\/rebar-arc-bending-machine-gwh12\/\"]}]},{\"@type\":\"ImageObject\",\"inLanguage\":\"hu\",\"@id\":\"https:\/\/www.hsymachinery.com\/product\/rebar-arc-bending-machine-gwh12\/#primaryimage\",\"url\":\"https:\/\/www.hsymachinery.com\/wp-content\/uploads\/2025\/06\/Rebar-Arc-Bending-Machine-GWH12.jpg\",\"contentUrl\":\"https:\/\/www.hsymachinery.com\/wp-content\/uploads\/2025\/06\/Rebar-Arc-Bending-Machine-GWH12.jpg\",\"width\":600,\"height\":600},{\"@type\":\"BreadcrumbList\",\"@id\":\"https:\/\/www.hsymachinery.com\/product\/rebar-arc-bending-machine-gwh12\/#breadcrumb\",\"itemListElement\":[{\"@type\":\"ListItem\",\"position\":1,\"name\":\"home\",\"item\":\"https:\/\/www.hsymachinery.com\/\"},{\"@type\":\"ListItem\",\"position\":2,\"name\":\"products\",\"item\":\"https:\/\/www.hsymachinery.com\/products\/\"},{\"@type\":\"ListItem\",\"position\":3,\"name\":\"Rebar Arc Bending Machine GWH12\"}]},{\"@type\":\"WebSite\",\"@id\":\"https:\/\/www.hsymachinery.com\/#website\",\"url\":\"https:\/\/www.hsymachinery.com\/\",\"name\":\"HSY Construction Machinery\",\"description\":\"HSY Machinery \u2013 A leading China construction machinery supplier, offering a wide range of light construction equipment. Our main products include Rebar Cutting Machine, Rebar Bending Machine, Rebar Stirrup Bending Machine, Rebar Arc Bending Machine, Rebar Straightening Machine, Five-Head Rebar Stirrup Bending Machine, Tamping Rammer, Plate Compactor, Concrete Cutter, Power Trowel, and other construction machinery. We are equipped with advanced CNC machines, and we enforce strict quality inspection standards along with comprehensive after-sales service. If you are interested in our products or services, we warmly welcome your inquiries via message.\",\"publisher\":{\"@id\":\"https:\/\/www.hsymachinery.com\/#organization\"},\"potentialAction\":[{\"@type\":\"SearchAction\",\"target\":{\"@type\":\"EntryPoint\",\"urlTemplate\":\"https:\/\/www.hsymachinery.com\/?s={search_term_string}\"},\"query-input\":{\"@type\":\"PropertyValueSpecification\",\"valueRequired\":true,\"valueName\":\"search_term_string\"}}],\"inLanguage\":\"hu\"},{\"@type\":\"Organization\",\"@id\":\"https:\/\/www.hsymachinery.com\/#organization\",\"name\":\"HSY Construction Machinery\",\"url\":\"https:\/\/www.hsymachinery.com\/\",\"logo\":{\"@type\":\"ImageObject\",\"inLanguage\":\"hu\",\"@id\":\"https:\/\/www.hsymachinery.com\/#\/schema\/logo\/image\/\",\"url\":\"https:\/\/www.hsymachinery.com\/wp-content\/uploads\/2025\/06\/cropped-HSY-machinery.png\",\"contentUrl\":\"https:\/\/www.hsymachinery.com\/wp-content\/uploads\/2025\/06\/cropped-HSY-machinery.png\",\"width\":600,\"height\":240,\"caption\":\"HSY Construction Machinery\"},\"image\":{\"@id\":\"https:\/\/www.hsymachinery.com\/#\/schema\/logo\/image\/\"}}]}<\/script>\n<!-- \/ Yoast SEO plugin. -->","yoast_head_json":{"title":"GWH12 \u00edvhajl\u00edt\u00f3 g\u00e9p - HSY \u00c9p\u00edt\u0151ipari g\u00e9pek","description":"A GWH12 \u00edves hajl\u00edt\u00f3g\u00e9p 6-12 mm-es ac\u00e9lrudakat g\u00f6rb\u00edt prec\u00edzen. Ide\u00e1lis dekorat\u00edv \u00e9s kisebb szerkezeti felhaszn\u00e1l\u00e1sra. K\u00f6nny\u0171 \u00e9s exportk\u00e9pes.","robots":{"index":"index","follow":"follow","max-snippet":"max-snippet:-1","max-image-preview":"max-image-preview:large","max-video-preview":"max-video-preview:-1"},"canonical":"https:\/\/www.hsymachinery.com\/hu\/termek\/betonacel-ivhajlito-gep-gwh12\/","og_locale":"hu_HU","og_type":"article","og_title":"Rebar Arc Bending Machine GWH12 - HSY Construction Machinery","og_description":"Rebar Arc Bending Machine GWH12 curves 6\u201312mm steel bars with precision. Ideal for decorative and small structural use. Lightweight and export-ready.","og_url":"https:\/\/www.hsymachinery.com\/hu\/termek\/betonacel-ivhajlito-gep-gwh12\/","og_site_name":"HSY Construction Machinery","article_modified_time":"2025-06-27T14:32:05+00:00","og_image":[{"width":600,"height":600,"url":"https:\/\/www.hsymachinery.com\/wp-content\/uploads\/2025\/06\/Rebar-Arc-Bending-Machine-GWH12.jpg","type":"image\/jpeg"}],"twitter_card":"summary_large_image","twitter_misc":{"Becs\u00fclt olvas\u00e1si id\u0151":"2 perc"},"schema":{"@context":"https:\/\/schema.org","@graph":[{"@type":"WebPage","@id":"https:\/\/www.hsymachinery.com\/product\/rebar-arc-bending-machine-gwh12\/","url":"https:\/\/www.hsymachinery.com\/product\/rebar-arc-bending-machine-gwh12\/","name":"GWH12 \u00edvhajl\u00edt\u00f3 g\u00e9p - HSY \u00c9p\u00edt\u0151ipari g\u00e9pek","isPartOf":{"@id":"https:\/\/www.hsymachinery.com\/#website"},"primaryImageOfPage":{"@id":"https:\/\/www.hsymachinery.com\/product\/rebar-arc-bending-machine-gwh12\/#primaryimage"},"image":{"@id":"https:\/\/www.hsymachinery.com\/product\/rebar-arc-bending-machine-gwh12\/#primaryimage"},"thumbnailUrl":"https:\/\/www.hsymachinery.com\/wp-content\/uploads\/2025\/06\/Rebar-Arc-Bending-Machine-GWH12.jpg","datePublished":"2025-06-18T04:20:08+00:00","dateModified":"2025-06-27T14:32:05+00:00","description":"A GWH12 \u00edves hajl\u00edt\u00f3g\u00e9p 6-12 mm-es ac\u00e9lrudakat g\u00f6rb\u00edt prec\u00edzen. Ide\u00e1lis dekorat\u00edv \u00e9s kisebb szerkezeti felhaszn\u00e1l\u00e1sra. K\u00f6nny\u0171 \u00e9s exportk\u00e9pes.","breadcrumb":{"@id":"https:\/\/www.hsymachinery.com\/product\/rebar-arc-bending-machine-gwh12\/#breadcrumb"},"inLanguage":"hu","potentialAction":[{"@type":"ReadAction","target":["https:\/\/www.hsymachinery.com\/product\/rebar-arc-bending-machine-gwh12\/"]}]},{"@type":"ImageObject","inLanguage":"hu","@id":"https:\/\/www.hsymachinery.com\/product\/rebar-arc-bending-machine-gwh12\/#primaryimage","url":"https:\/\/www.hsymachinery.com\/wp-content\/uploads\/2025\/06\/Rebar-Arc-Bending-Machine-GWH12.jpg","contentUrl":"https:\/\/www.hsymachinery.com\/wp-content\/uploads\/2025\/06\/Rebar-Arc-Bending-Machine-GWH12.jpg","width":600,"height":600},{"@type":"BreadcrumbList","@id":"https:\/\/www.hsymachinery.com\/product\/rebar-arc-bending-machine-gwh12\/#breadcrumb","itemListElement":[{"@type":"ListItem","position":1,"name":"home","item":"https:\/\/www.hsymachinery.com\/"},{"@type":"ListItem","position":2,"name":"products","item":"https:\/\/www.hsymachinery.com\/products\/"},{"@type":"ListItem","position":3,"name":"Rebar Arc Bending Machine GWH12"}]},{"@type":"WebSite","@id":"https:\/\/www.hsymachinery.com\/#website","url":"https:\/\/www.hsymachinery.com\/","name":"HSY \u00e9p\u00edt\u0151ipari g\u00e9pek","description":"HSY Machinery - K\u00edna vezet\u0151 \u00e9p\u00edt\u0151ipari g\u00e9pgy\u00e1rt\u00f3 v\u00e1llalata, amely k\u00f6nny\u0171 \u00e9p\u00edt\u0151ipari berendez\u00e9sek sz\u00e9les v\u00e1laszt\u00e9k\u00e1t k\u00edn\u00e1lja. F\u0151 term\u00e9keink k\u00f6z\u00e9 tartozik az \u00fajj\u00e1\u00e9p\u00edt\u00e9si v\u00e1g\u00f3g\u00e9p, az \u00fajj\u00e1\u00e9p\u00edt\u00e9si hajl\u00edt\u00f3g\u00e9p, az \u00fajj\u00e1\u00e9p\u00edt\u00e9si kengyelhajl\u00edt\u00f3 g\u00e9p, az \u00fajj\u00e1\u00e9p\u00edt\u00e9si \u00edvhajl\u00edt\u00f3 g\u00e9p, az \u00fajj\u00e1\u00e9p\u00edt\u00e9si egyenes\u00edt\u0151 g\u00e9p, az \u00f6tfej\u0171 \u00fajj\u00e1\u00e9p\u00edt\u00e9si kengyelhajl\u00edt\u00f3 g\u00e9p, a d\u00f6ng\u00f6l\u0151 rammer, a lemezkompaktor, a betonv\u00e1g\u00f3, a villanymotoros sim\u00edt\u00f3 \u00e9s m\u00e1s \u00e9p\u00edt\u0151ipari g\u00e9pek. Fejlett CNC-g\u00e9pekkel vagyunk felszerelve, \u00e9s szigor\u00fa min\u0151s\u00e9gellen\u0151rz\u00e9si szabv\u00e1nyokat \u00e9rv\u00e9nyes\u00edt\u00fcnk az \u00e1tfog\u00f3 \u00e9rt\u00e9kes\u00edt\u00e9s ut\u00e1ni szolg\u00e1ltat\u00e1ssal egy\u00fctt. Ha \u00e9rdeklik term\u00e9keink vagy szolg\u00e1ltat\u00e1saink, sz\u00edvesen fogadjuk \u00e9rdekl\u0151d\u00e9s\u00e9t \u00fczenetben.","publisher":{"@id":"https:\/\/www.hsymachinery.com\/#organization"},"potentialAction":[{"@type":"SearchAction","target":{"@type":"EntryPoint","urlTemplate":"https:\/\/www.hsymachinery.com\/?s={search_term_string}"},"query-input":{"@type":"PropertyValueSpecification","valueRequired":true,"valueName":"search_term_string"}}],"inLanguage":"hu"},{"@type":"Organization","@id":"https:\/\/www.hsymachinery.com\/#organization","name":"HSY \u00e9p\u00edt\u0151ipari g\u00e9pek","url":"https:\/\/www.hsymachinery.com\/","logo":{"@type":"ImageObject","inLanguage":"hu","@id":"https:\/\/www.hsymachinery.com\/#\/schema\/logo\/image\/","url":"https:\/\/www.hsymachinery.com\/wp-content\/uploads\/2025\/06\/cropped-HSY-machinery.png","contentUrl":"https:\/\/www.hsymachinery.com\/wp-content\/uploads\/2025\/06\/cropped-HSY-machinery.png","width":600,"height":240,"caption":"HSY Construction Machinery"},"image":{"@id":"https:\/\/www.hsymachinery.com\/#\/schema\/logo\/image\/"}}]}},"_links":{"self":[{"href":"https:\/\/www.hsymachinery.com\/hu\/wp-json\/wp\/v2\/product\/8977","targetHints":{"allow":["GET"]}}],"collection":[{"href":"https:\/\/www.hsymachinery.com\/hu\/wp-json\/wp\/v2\/product"}],"about":[{"href":"https:\/\/www.hsymachinery.com\/hu\/wp-json\/wp\/v2\/types\/product"}],"version-history":[{"count":4,"href":"https:\/\/www.hsymachinery.com\/hu\/wp-json\/wp\/v2\/product\/8977\/revisions"}],"predecessor-version":[{"id":9403,"href":"https:\/\/www.hsymachinery.com\/hu\/wp-json\/wp\/v2\/product\/8977\/revisions\/9403"}],"wp:featuredmedia":[{"embeddable":true,"href":"https:\/\/www.hsymachinery.com\/hu\/wp-json\/wp\/v2\/media\/8981"}],"wp:attachment":[{"href":"https:\/\/www.hsymachinery.com\/hu\/wp-json\/wp\/v2\/media?parent=8977"}],"wp:term":[{"taxonomy":"product_brand","embeddable":true,"href":"https:\/\/www.hsymachinery.com\/hu\/wp-json\/wp\/v2\/product_brand?post=8977"},{"taxonomy":"product_cat","embeddable":true,"href":"https:\/\/www.hsymachinery.com\/hu\/wp-json\/wp\/v2\/product_cat?post=8977"},{"taxonomy":"product_tag","embeddable":true,"href":"https:\/\/www.hsymachinery.com\/hu\/wp-json\/wp\/v2\/product_tag?post=8977"}],"curies":[{"name":"wp","href":"https:\/\/api.w.org\/{rel}","templated":true}]}}