{"id":8971,"date":"2025-06-18T12:11:02","date_gmt":"2025-06-18T04:11:02","guid":{"rendered":"https:\/\/www.hsymachinery.com\/?post_type=product&#038;p=8971"},"modified":"2025-06-27T19:28:55","modified_gmt":"2025-06-27T11:28:55","slug":"betonacel-kengyelhajlito-gep-gf36","status":"publish","type":"product","link":"https:\/\/www.hsymachinery.com\/hu\/termek\/betonacel-kengyelhajlito-gep-gf36\/","title":{"rendered":"Rebar kengyel hajl\u00edt\u00f3 g\u00e9p GF36"},"content":{"rendered":"<h2 data-start=\"123\" data-end=\"165\">Rebar kengyel hajl\u00edt\u00f3 g\u00e9p GF36<\/h2>\n<h3 data-start=\"166\" data-end=\"267\">Er\u0151s\u00edt\u0151 kengyel hajl\u00edt\u00f3 GF36 6-32 mm-es betonac\u00e9lhoz | Neh\u00e9z teherb\u00edr\u00e1s\u00fa ac\u00e9lr\u00fad kengyelhajl\u00edt\u00f3 g\u00e9p<\/h3>\n<h3 data-start=\"274\" data-end=\"374\">Term\u00e9k \u00e1ttekint\u00e9s - Nagy teljes\u00edtm\u00e9ny\u0171 kengyelform\u00e1z\u00f3 berendez\u00e9s beton \u00e9s ac\u00e9l el\u0151regy\u00e1rtott projektekhez<\/h3>\n<p data-start=\"376\" data-end=\"705\">A <strong data-start=\"380\" data-end=\"418\"><a href=\"https:\/\/www.hsymachinery.com\/hu\/termekek\/betonacel-kengyelhajlito-gep\/\" target=\"_blank\" rel=\"noopener\">Rebar kengyel hajl\u00edt\u00f3 g\u00e9p<\/a> GF36<\/strong> 6 mm \u00e9s 32 mm k\u00f6z\u00f6tti ac\u00e9l betonac\u00e9l kezel\u00e9s\u00e9re k\u00e9sz\u00fclt, robusztus \u00e9s pontos kengyelform\u00e1z\u00e1st biztos\u00edtva a k\u00f6zepes \u00e9s nagyszab\u00e1s\u00fa \u00e9p\u00edt\u00e9si projektekhez. Sz\u00e9les k\u00f6rben haszn\u00e1lj\u00e1k el\u0151regy\u00e1rtott betongy\u00e1rakban, h\u00edd\u00e9p\u00edt\u00e9si helysz\u00edneken, metr\u00f3alagutakban \u00e9s m\u00e1s, k\u00f6vetkezetes r\u00fadalak\u00edt\u00f3 teljes\u00edtm\u00e9nyt ig\u00e9nyl\u0151 projektekben.<\/p>\n<p data-start=\"707\" data-end=\"836\">A nagy hat\u00e9konys\u00e1gra \u00e9s k\u00f6nny\u0171 kezelhet\u0151s\u00e9gre tervezett GF36 t\u00f6k\u00e9letes egyens\u00falyt teremt az er\u0151, a sokoldal\u00fas\u00e1g \u00e9s a tart\u00f3ss\u00e1g k\u00f6z\u00f6tt.<\/p>\n<h3 data-start=\"843\" data-end=\"889\">Z\u00f6kken\u0151mentes m\u0171k\u00f6d\u00e9s fokozott pontoss\u00e1ggal<\/h3>\n<p data-start=\"891\" data-end=\"1221\">A meger\u0151s\u00edtett forg\u00f3t\u00e1rcs\u00e1val, edzett hajl\u00edt\u00f3csapokkal \u00e9s sz\u00f6gbe\u00e1ll\u00edthat\u00f3 vez\u00e9rl\u0151gombokkal felszerelt GF36 megism\u00e9telhet\u0151 hajl\u00edt\u00e1st biztos\u00edt 0\u00b0-t\u00f3l 180\u00b0-ig. Ez a g\u00e9p nagy teljes\u00edtm\u00e9ny\u0171 r\u00e9zmagmotorral stabil nyomat\u00e9kot \u00e1ll\u00edt el\u0151, cs\u00f6kkentve az ac\u00e9l visszapattan\u00e1s\u00e1t \u00e9s biztos\u00edtva az egys\u00e9ges kengyelform\u00e1t a t\u00e9telek k\u00f6z\u00f6tt.<\/p>\n<p data-start=\"1223\" data-end=\"1399\">A t\u00f6m\u00edtett sebess\u00e9gv\u00e1lt\u00f3 rendszere minimaliz\u00e1lja a kop\u00e1st \u00e9s a m\u0171k\u00f6d\u00e9si zajt, m\u00edg a kett\u0151s kezel\u00e9si m\u00f3d (l\u00e1bped\u00e1l \u00e9s k\u00e9zi vez\u00e9rl\u00e9s) rugalmass\u00e1got \u00e9s fokozott biztons\u00e1got biztos\u00edt a kezel\u0151 sz\u00e1m\u00e1ra.<\/p>\n<h3 data-start=\"1406\" data-end=\"1445\">Kem\u00e9nyen \u00e9p\u00edtett glob\u00e1lis munkater\u00fcletekre<\/h3>\n<p data-start=\"1447\" data-end=\"1824\">A <strong data-start=\"1451\" data-end=\"1483\">GF36 kengyelhajl\u00edt\u00f3 g\u00e9p<\/strong> nagy teherb\u00edr\u00e1s\u00fa v\u00e1zzal rendelkezik, amely \u00fagy k\u00e9sz\u00fclt, hogy elnyelje a rezg\u00e9seket \u00e9s ellen\u00e1lljon a terhel\u00e9s alatti deform\u00e1ci\u00f3nak. K\u00f6nnyen mozog az ipari min\u0151s\u00e9g\u0171 g\u00f6rg\u0151knek k\u00f6sz\u00f6nhet\u0151en, \u00edgy az \u00e1t\u00e1ll\u00edt\u00e1s k\u00f6nnyed\u00e9n elv\u00e9gezhet\u0151. T\u00e1mogatja a 220 V-os \u00e9s 380 V-os, 50 Hz\/60 Hz-es fesz\u00fclts\u00e9grendszereket is, \u00edgy exportk\u00e9pes term\u00e9k a nemzetk\u00f6zi \u00e9p\u00edt\u0151ipari piacokon val\u00f3 haszn\u00e1latra.<\/p>\n<p data-start=\"1826\" data-end=\"1973\">Ak\u00e1r a helysz\u00ednen, ak\u00e1r egy speci\u00e1lis betonac\u00e9l-m\u0171helyben gy\u00e1rt kengyeleket, a GF36 a termel\u00e9s fenntart\u00e1s\u00e1hoz sz\u00fcks\u00e9ges teljes\u00edtm\u00e9nyt \u00e9s tart\u00f3ss\u00e1got k\u00edn\u00e1lja.<\/p>\n<h3 data-start=\"1980\" data-end=\"2036\">A GF36 kengyelhajl\u00edt\u00f3 f\u0151 jellemz\u0151i<\/h3>\n<ul data-start=\"2038\" data-end=\"2266\">\n<li data-start=\"2038\" data-end=\"2093\">\n<p data-start=\"2040\" data-end=\"2093\">6-32 mm-es ac\u00e9lrudakat hajl\u00edt pontos kengyelform\u00e1kba<\/p>\n<\/li>\n<li data-start=\"2094\" data-end=\"2152\">\n<p data-start=\"2096\" data-end=\"2152\">Er\u0151s motor \u00e9s t\u00e1rcsarendszer a nagy teljes\u00edtm\u00e9ny\u0171 m\u0171k\u00f6d\u00e9shez<\/p>\n<\/li>\n<li data-start=\"2153\" data-end=\"2208\">\n<p data-start=\"2155\" data-end=\"2208\">K\u00e9t vez\u00e9rl\u00e9si lehet\u0151s\u00e9g a rugalmas munkak\u00f6r\u00fclm\u00e9nyekhez<\/p>\n<\/li>\n<li data-start=\"2209\" data-end=\"2266\">\n<p data-start=\"2211\" data-end=\"2266\">Export vagy helyi projektekben val\u00f3 haszn\u00e1latra alkalmas fesz\u00fclts\u00e9g<\/p>\n<\/li>\n<\/ul>\n<p><iframe title=\"#\u00e9p\u00edt\u0151g\u00e9p #\u00e9p\u00edt\u0151g\u00e9p #\u00f6r\u0151g\u00e9p #\u00f6r\u0151hajl\u00edt\u00f3 #\u00f6r\u0151hajl\u00edt\u00f3 #\u00f6r\u0151hajl\u00edt\u00f3 #\u00f6r\u0151hajl\u00edt\u00f3\" width=\"720\" height=\"405\" src=\"https:\/\/www.youtube.com\/embed\/S_YQidcqUDg?feature=oembed\" frameborder=\"0\" allow=\"accelerometer; autoplay; clipboard-write; encrypted-media; gyroscope; picture-in-picture; web-share\" referrerpolicy=\"strict-origin-when-cross-origin\" allowfullscreen><\/iframe><\/p>","protected":false},"excerpt":{"rendered":"<p>A GF36 Rebar kengyelhajl\u00edt\u00f3 g\u00e9p 6-32 mm-es ac\u00e9lrudakat alak\u00edt ki er\u0151vel \u00e9s pontoss\u00e1ggal. Ipari kialak\u00edt\u00e1s\u00e1nak \u00e9s glob\u00e1lis fesz\u00fclts\u00e9gkompatibilit\u00e1s\u00e1nak k\u00f6sz\u00f6nhet\u0151en ide\u00e1lis komoly betonac\u00e9loz\u00e1si munk\u00e1khoz.<\/p>","protected":false},"featured_media":8972,"template":"","meta":{"_kad_post_transparent":"default","_kad_post_title":"","_kad_post_layout":"default","_kad_post_sidebar_id":"","_kad_post_content_style":"default","_kad_post_vertical_padding":"default","_kad_post_feature":"","_kad_post_feature_position":"","_kad_post_header":false,"_kad_post_footer":false},"product_brand":[],"product_cat":[46],"product_tag":[1005,1006,1010,1008,1009,1013,1012,1014,1007,1011],"class_list":{"0":"post-8971","1":"product","2":"type-product","3":"status-publish","4":"has-post-thumbnail","6":"product_cat-rebar-stirrup-bending-machine","7":"product_tag-automatic-stirrup-bending-machine","8":"product_tag-cnc-rebar-stirrup-bender","9":"product_tag-hydraulic-stirrup-bender","10":"product_tag-rebar-stirrup-bender-machine","11":"product_tag-steel-stirrup-bending-machine","12":"product_tag-stirrup-bender-for-construction","13":"product_tag-stirrup-bending-equipment","14":"product_tag-stirrup-bending-machine-price","15":"product_tag-stirrup-making-machine","16":"product_tag-wire-stirrup-bending-machine","18":"first","19":"instock","20":"shipping-taxable","21":"product-type-simple","22":"entry","23":"content-bg","24":"loop-entry"},"yoast_head":"<!-- This site is optimized with the Yoast SEO plugin v25.3.1 - https:\/\/yoast.com\/wordpress\/plugins\/seo\/ -->\n<title>Rebar Stirrup Bending Machine GF36 - HSY Construction Machinery<\/title>\n<meta name=\"description\" content=\"Rebar Stirrup Bending Machine GF36 bends 6\u201332mm steel bars efficiently. A rugged, export-ready machine for reliable stirrup forming in construction and precast applications.\" \/>\n<meta name=\"robots\" content=\"index, follow, max-snippet:-1, max-image-preview:large, max-video-preview:-1\" \/>\n<link rel=\"canonical\" href=\"https:\/\/www.hsymachinery.com\/hu\/termek\/betonacel-kengyelhajlito-gep-gf36\/\" \/>\n<meta property=\"og:locale\" content=\"hu_HU\" \/>\n<meta property=\"og:type\" content=\"article\" \/>\n<meta property=\"og:title\" content=\"Rebar Stirrup Bending Machine GF36 - HSY Construction Machinery\" \/>\n<meta property=\"og:description\" content=\"Rebar Stirrup Bending Machine GF36 bends 6\u201332mm steel bars efficiently. A rugged, export-ready machine for reliable stirrup forming in construction and precast applications.\" \/>\n<meta property=\"og:url\" content=\"https:\/\/www.hsymachinery.com\/hu\/termek\/betonacel-kengyelhajlito-gep-gf36\/\" \/>\n<meta property=\"og:site_name\" content=\"HSY Construction Machinery\" \/>\n<meta property=\"article:modified_time\" content=\"2025-06-27T11:28:55+00:00\" \/>\n<meta property=\"og:image\" content=\"https:\/\/www.hsymachinery.com\/wp-content\/uploads\/2025\/06\/Rebar-Stirrup-Bending-Machine-GF36.jpg\" \/>\n\t<meta property=\"og:image:width\" content=\"600\" \/>\n\t<meta property=\"og:image:height\" content=\"600\" \/>\n\t<meta property=\"og:image:type\" content=\"image\/jpeg\" \/>\n<meta name=\"twitter:card\" content=\"summary_large_image\" \/>\n<meta name=\"twitter:label1\" content=\"Becs\u00fclt olvas\u00e1si id\u0151\" \/>\n\t<meta name=\"twitter:data1\" content=\"2 perc\" \/>\n<script type=\"application\/ld+json\" class=\"yoast-schema-graph\">{\"@context\":\"https:\/\/schema.org\",\"@graph\":[{\"@type\":\"WebPage\",\"@id\":\"https:\/\/www.hsymachinery.com\/product\/rebar-stirrup-bending-machine-gf36\/\",\"url\":\"https:\/\/www.hsymachinery.com\/product\/rebar-stirrup-bending-machine-gf36\/\",\"name\":\"Rebar Stirrup Bending Machine GF36 - HSY Construction Machinery\",\"isPartOf\":{\"@id\":\"https:\/\/www.hsymachinery.com\/#website\"},\"primaryImageOfPage\":{\"@id\":\"https:\/\/www.hsymachinery.com\/product\/rebar-stirrup-bending-machine-gf36\/#primaryimage\"},\"image\":{\"@id\":\"https:\/\/www.hsymachinery.com\/product\/rebar-stirrup-bending-machine-gf36\/#primaryimage\"},\"thumbnailUrl\":\"https:\/\/www.hsymachinery.com\/wp-content\/uploads\/2025\/06\/Rebar-Stirrup-Bending-Machine-GF36.jpg\",\"datePublished\":\"2025-06-18T04:11:02+00:00\",\"dateModified\":\"2025-06-27T11:28:55+00:00\",\"description\":\"Rebar Stirrup Bending Machine GF36 bends 6\u201332mm steel bars efficiently. A rugged, export-ready machine for reliable stirrup forming in construction and precast applications.\",\"breadcrumb\":{\"@id\":\"https:\/\/www.hsymachinery.com\/product\/rebar-stirrup-bending-machine-gf36\/#breadcrumb\"},\"inLanguage\":\"hu\",\"potentialAction\":[{\"@type\":\"ReadAction\",\"target\":[\"https:\/\/www.hsymachinery.com\/product\/rebar-stirrup-bending-machine-gf36\/\"]}]},{\"@type\":\"ImageObject\",\"inLanguage\":\"hu\",\"@id\":\"https:\/\/www.hsymachinery.com\/product\/rebar-stirrup-bending-machine-gf36\/#primaryimage\",\"url\":\"https:\/\/www.hsymachinery.com\/wp-content\/uploads\/2025\/06\/Rebar-Stirrup-Bending-Machine-GF36.jpg\",\"contentUrl\":\"https:\/\/www.hsymachinery.com\/wp-content\/uploads\/2025\/06\/Rebar-Stirrup-Bending-Machine-GF36.jpg\",\"width\":600,\"height\":600},{\"@type\":\"BreadcrumbList\",\"@id\":\"https:\/\/www.hsymachinery.com\/product\/rebar-stirrup-bending-machine-gf36\/#breadcrumb\",\"itemListElement\":[{\"@type\":\"ListItem\",\"position\":1,\"name\":\"home\",\"item\":\"https:\/\/www.hsymachinery.com\/\"},{\"@type\":\"ListItem\",\"position\":2,\"name\":\"products\",\"item\":\"https:\/\/www.hsymachinery.com\/products\/\"},{\"@type\":\"ListItem\",\"position\":3,\"name\":\"Rebar Stirrup Bending Machine GF36\"}]},{\"@type\":\"WebSite\",\"@id\":\"https:\/\/www.hsymachinery.com\/#website\",\"url\":\"https:\/\/www.hsymachinery.com\/\",\"name\":\"HSY Construction Machinery\",\"description\":\"HSY Machinery \u2013 A leading China construction machinery supplier, offering a wide range of light construction equipment. Our main products include Rebar Cutting Machine, Rebar Bending Machine, Rebar Stirrup Bending Machine, Rebar Arc Bending Machine, Rebar Straightening Machine, Five-Head Rebar Stirrup Bending Machine, Tamping Rammer, Plate Compactor, Concrete Cutter, Power Trowel, and other construction machinery. We are equipped with advanced CNC machines, and we enforce strict quality inspection standards along with comprehensive after-sales service. If you are interested in our products or services, we warmly welcome your inquiries via message.\",\"publisher\":{\"@id\":\"https:\/\/www.hsymachinery.com\/#organization\"},\"potentialAction\":[{\"@type\":\"SearchAction\",\"target\":{\"@type\":\"EntryPoint\",\"urlTemplate\":\"https:\/\/www.hsymachinery.com\/?s={search_term_string}\"},\"query-input\":{\"@type\":\"PropertyValueSpecification\",\"valueRequired\":true,\"valueName\":\"search_term_string\"}}],\"inLanguage\":\"hu\"},{\"@type\":\"Organization\",\"@id\":\"https:\/\/www.hsymachinery.com\/#organization\",\"name\":\"HSY Construction Machinery\",\"url\":\"https:\/\/www.hsymachinery.com\/\",\"logo\":{\"@type\":\"ImageObject\",\"inLanguage\":\"hu\",\"@id\":\"https:\/\/www.hsymachinery.com\/#\/schema\/logo\/image\/\",\"url\":\"https:\/\/www.hsymachinery.com\/wp-content\/uploads\/2025\/06\/cropped-HSY-machinery.png\",\"contentUrl\":\"https:\/\/www.hsymachinery.com\/wp-content\/uploads\/2025\/06\/cropped-HSY-machinery.png\",\"width\":600,\"height\":240,\"caption\":\"HSY Construction Machinery\"},\"image\":{\"@id\":\"https:\/\/www.hsymachinery.com\/#\/schema\/logo\/image\/\"}}]}<\/script>\n<!-- \/ Yoast SEO plugin. -->","yoast_head_json":{"title":"Rebar kengyelhajl\u00edt\u00f3 g\u00e9p GF36 - HSY \u00c9p\u00edt\u0151ipari g\u00e9pek","description":"A GF36 ac\u00e9lr\u00fad hajl\u00edt\u00f3g\u00e9p hat\u00e9konyan hajl\u00edtja a 6-32 mm-es ac\u00e9lrudakat. Robusztus, exportk\u00e9pes g\u00e9p megb\u00edzhat\u00f3 kengyelform\u00e1z\u00e1shoz az \u00e9p\u00edt\u0151ipari \u00e9s el\u0151regy\u00e1rtott alkalmaz\u00e1sokban.","robots":{"index":"index","follow":"follow","max-snippet":"max-snippet:-1","max-image-preview":"max-image-preview:large","max-video-preview":"max-video-preview:-1"},"canonical":"https:\/\/www.hsymachinery.com\/hu\/termek\/betonacel-kengyelhajlito-gep-gf36\/","og_locale":"hu_HU","og_type":"article","og_title":"Rebar Stirrup Bending Machine GF36 - HSY Construction Machinery","og_description":"Rebar Stirrup Bending Machine GF36 bends 6\u201332mm steel bars efficiently. A rugged, export-ready machine for reliable stirrup forming in construction and precast applications.","og_url":"https:\/\/www.hsymachinery.com\/hu\/termek\/betonacel-kengyelhajlito-gep-gf36\/","og_site_name":"HSY Construction Machinery","article_modified_time":"2025-06-27T11:28:55+00:00","og_image":[{"width":600,"height":600,"url":"https:\/\/www.hsymachinery.com\/wp-content\/uploads\/2025\/06\/Rebar-Stirrup-Bending-Machine-GF36.jpg","type":"image\/jpeg"}],"twitter_card":"summary_large_image","twitter_misc":{"Becs\u00fclt olvas\u00e1si id\u0151":"2 perc"},"schema":{"@context":"https:\/\/schema.org","@graph":[{"@type":"WebPage","@id":"https:\/\/www.hsymachinery.com\/product\/rebar-stirrup-bending-machine-gf36\/","url":"https:\/\/www.hsymachinery.com\/product\/rebar-stirrup-bending-machine-gf36\/","name":"Rebar kengyelhajl\u00edt\u00f3 g\u00e9p GF36 - HSY \u00c9p\u00edt\u0151ipari g\u00e9pek","isPartOf":{"@id":"https:\/\/www.hsymachinery.com\/#website"},"primaryImageOfPage":{"@id":"https:\/\/www.hsymachinery.com\/product\/rebar-stirrup-bending-machine-gf36\/#primaryimage"},"image":{"@id":"https:\/\/www.hsymachinery.com\/product\/rebar-stirrup-bending-machine-gf36\/#primaryimage"},"thumbnailUrl":"https:\/\/www.hsymachinery.com\/wp-content\/uploads\/2025\/06\/Rebar-Stirrup-Bending-Machine-GF36.jpg","datePublished":"2025-06-18T04:11:02+00:00","dateModified":"2025-06-27T11:28:55+00:00","description":"A GF36 ac\u00e9lr\u00fad hajl\u00edt\u00f3g\u00e9p hat\u00e9konyan hajl\u00edtja a 6-32 mm-es ac\u00e9lrudakat. Robusztus, exportk\u00e9pes g\u00e9p megb\u00edzhat\u00f3 kengyelform\u00e1z\u00e1shoz az \u00e9p\u00edt\u0151ipari \u00e9s el\u0151regy\u00e1rtott alkalmaz\u00e1sokban.","breadcrumb":{"@id":"https:\/\/www.hsymachinery.com\/product\/rebar-stirrup-bending-machine-gf36\/#breadcrumb"},"inLanguage":"hu","potentialAction":[{"@type":"ReadAction","target":["https:\/\/www.hsymachinery.com\/product\/rebar-stirrup-bending-machine-gf36\/"]}]},{"@type":"ImageObject","inLanguage":"hu","@id":"https:\/\/www.hsymachinery.com\/product\/rebar-stirrup-bending-machine-gf36\/#primaryimage","url":"https:\/\/www.hsymachinery.com\/wp-content\/uploads\/2025\/06\/Rebar-Stirrup-Bending-Machine-GF36.jpg","contentUrl":"https:\/\/www.hsymachinery.com\/wp-content\/uploads\/2025\/06\/Rebar-Stirrup-Bending-Machine-GF36.jpg","width":600,"height":600},{"@type":"BreadcrumbList","@id":"https:\/\/www.hsymachinery.com\/product\/rebar-stirrup-bending-machine-gf36\/#breadcrumb","itemListElement":[{"@type":"ListItem","position":1,"name":"home","item":"https:\/\/www.hsymachinery.com\/"},{"@type":"ListItem","position":2,"name":"products","item":"https:\/\/www.hsymachinery.com\/products\/"},{"@type":"ListItem","position":3,"name":"Rebar Stirrup Bending Machine GF36"}]},{"@type":"WebSite","@id":"https:\/\/www.hsymachinery.com\/#website","url":"https:\/\/www.hsymachinery.com\/","name":"HSY \u00e9p\u00edt\u0151ipari g\u00e9pek","description":"HSY Machinery - K\u00edna vezet\u0151 \u00e9p\u00edt\u0151ipari g\u00e9pgy\u00e1rt\u00f3 v\u00e1llalata, amely k\u00f6nny\u0171 \u00e9p\u00edt\u0151ipari berendez\u00e9sek sz\u00e9les v\u00e1laszt\u00e9k\u00e1t k\u00edn\u00e1lja. F\u0151 term\u00e9keink k\u00f6z\u00e9 tartozik az \u00fajj\u00e1\u00e9p\u00edt\u00e9si v\u00e1g\u00f3g\u00e9p, az \u00fajj\u00e1\u00e9p\u00edt\u00e9si hajl\u00edt\u00f3g\u00e9p, az \u00fajj\u00e1\u00e9p\u00edt\u00e9si kengyelhajl\u00edt\u00f3 g\u00e9p, az \u00fajj\u00e1\u00e9p\u00edt\u00e9si \u00edvhajl\u00edt\u00f3 g\u00e9p, az \u00fajj\u00e1\u00e9p\u00edt\u00e9si egyenes\u00edt\u0151 g\u00e9p, az \u00f6tfej\u0171 \u00fajj\u00e1\u00e9p\u00edt\u00e9si kengyelhajl\u00edt\u00f3 g\u00e9p, a d\u00f6ng\u00f6l\u0151 rammer, a lemezkompaktor, a betonv\u00e1g\u00f3, a villanymotoros sim\u00edt\u00f3 \u00e9s m\u00e1s \u00e9p\u00edt\u0151ipari g\u00e9pek. Fejlett CNC-g\u00e9pekkel vagyunk felszerelve, \u00e9s szigor\u00fa min\u0151s\u00e9gellen\u0151rz\u00e9si szabv\u00e1nyokat \u00e9rv\u00e9nyes\u00edt\u00fcnk az \u00e1tfog\u00f3 \u00e9rt\u00e9kes\u00edt\u00e9s ut\u00e1ni szolg\u00e1ltat\u00e1ssal egy\u00fctt. Ha \u00e9rdeklik term\u00e9keink vagy szolg\u00e1ltat\u00e1saink, sz\u00edvesen fogadjuk \u00e9rdekl\u0151d\u00e9s\u00e9t \u00fczenetben.","publisher":{"@id":"https:\/\/www.hsymachinery.com\/#organization"},"potentialAction":[{"@type":"SearchAction","target":{"@type":"EntryPoint","urlTemplate":"https:\/\/www.hsymachinery.com\/?s={search_term_string}"},"query-input":{"@type":"PropertyValueSpecification","valueRequired":true,"valueName":"search_term_string"}}],"inLanguage":"hu"},{"@type":"Organization","@id":"https:\/\/www.hsymachinery.com\/#organization","name":"HSY \u00e9p\u00edt\u0151ipari g\u00e9pek","url":"https:\/\/www.hsymachinery.com\/","logo":{"@type":"ImageObject","inLanguage":"hu","@id":"https:\/\/www.hsymachinery.com\/#\/schema\/logo\/image\/","url":"https:\/\/www.hsymachinery.com\/wp-content\/uploads\/2025\/06\/cropped-HSY-machinery.png","contentUrl":"https:\/\/www.hsymachinery.com\/wp-content\/uploads\/2025\/06\/cropped-HSY-machinery.png","width":600,"height":240,"caption":"HSY Construction Machinery"},"image":{"@id":"https:\/\/www.hsymachinery.com\/#\/schema\/logo\/image\/"}}]}},"_links":{"self":[{"href":"https:\/\/www.hsymachinery.com\/hu\/wp-json\/wp\/v2\/product\/8971","targetHints":{"allow":["GET"]}}],"collection":[{"href":"https:\/\/www.hsymachinery.com\/hu\/wp-json\/wp\/v2\/product"}],"about":[{"href":"https:\/\/www.hsymachinery.com\/hu\/wp-json\/wp\/v2\/types\/product"}],"version-history":[{"count":3,"href":"https:\/\/www.hsymachinery.com\/hu\/wp-json\/wp\/v2\/product\/8971\/revisions"}],"predecessor-version":[{"id":9385,"href":"https:\/\/www.hsymachinery.com\/hu\/wp-json\/wp\/v2\/product\/8971\/revisions\/9385"}],"wp:featuredmedia":[{"embeddable":true,"href":"https:\/\/www.hsymachinery.com\/hu\/wp-json\/wp\/v2\/media\/8972"}],"wp:attachment":[{"href":"https:\/\/www.hsymachinery.com\/hu\/wp-json\/wp\/v2\/media?parent=8971"}],"wp:term":[{"taxonomy":"product_brand","embeddable":true,"href":"https:\/\/www.hsymachinery.com\/hu\/wp-json\/wp\/v2\/product_brand?post=8971"},{"taxonomy":"product_cat","embeddable":true,"href":"https:\/\/www.hsymachinery.com\/hu\/wp-json\/wp\/v2\/product_cat?post=8971"},{"taxonomy":"product_tag","embeddable":true,"href":"https:\/\/www.hsymachinery.com\/hu\/wp-json\/wp\/v2\/product_tag?post=8971"}],"curies":[{"name":"wp","href":"https:\/\/api.w.org\/{rel}","templated":true}]}}