{"id":8968,"date":"2025-06-18T12:10:02","date_gmt":"2025-06-18T04:10:02","guid":{"rendered":"https:\/\/www.hsymachinery.com\/?post_type=product&#038;p=8968"},"modified":"2025-06-27T19:29:41","modified_gmt":"2025-06-27T11:29:41","slug":"betonacel-kengyelhajlito-gep-gf32","status":"publish","type":"product","link":"https:\/\/www.hsymachinery.com\/hu\/termek\/betonacel-kengyelhajlito-gep-gf32\/","title":{"rendered":"Rebar kengyel hajl\u00edt\u00f3 g\u00e9p GF32"},"content":{"rendered":"<h2 data-start=\"100\" data-end=\"142\">Rebar kengyel hajl\u00edt\u00f3 g\u00e9p GF32<\/h2>\n<h3 data-start=\"143\" data-end=\"266\">Automatikus kengyelhajl\u00edt\u00f3 g\u00e9p GF32 6-28mm rudakhoz | Hat\u00e9kony ac\u00e9l kengyelhajl\u00edt\u00f3 form\u00e1z\u00f3 szerkezeti betonac\u00e9l feldolgoz\u00e1shoz<\/h3>\n<h3 data-start=\"143\" data-end=\"266\">Term\u00e9k\u00e1ttekint\u00e9s - \u00c1ramvonalas kengyelgy\u00e1rt\u00e1s nagyszab\u00e1s\u00fa \u00e9p\u00edt\u00e9si projektekhez<\/h3>\n<p data-start=\"369\" data-end=\"650\">A <strong data-start=\"373\" data-end=\"411\"><a href=\"https:\/\/www.hsymachinery.com\/hu\/termekek\/betonacel-kengyelhajlito-gep\/\" target=\"_blank\" rel=\"noopener\">Rebar kengyel hajl\u00edt\u00f3 g\u00e9p<\/a> GF32<\/strong> 6 mm \u00e9s 28 mm k\u00f6z\u00f6tti ac\u00e9lrudak k\u00fcl\u00f6nb\u00f6z\u0151 form\u00e1j\u00fa kengyelekk\u00e9 alak\u00edt\u00e1s\u00e1ra tervezt\u00e9k. Az alagutakon, hidakon, aut\u00f3p\u00e1ly\u00e1kon \u00e9s egy\u00e9b infrastrukt\u00far\u00e1n dolgoz\u00f3 \u00e9p\u00edt\u0151ipari szakembereket szolg\u00e1lja ki, akiknek nagy hajl\u00edt\u00e1si kapacit\u00e1s \u00e9s pontoss\u00e1g sz\u00fcks\u00e9ges.<\/p>\n<p data-start=\"652\" data-end=\"834\">A GF32 a robusztus konstrukci\u00f3t kezel\u0151bar\u00e1t vez\u00e9rl\u00e9ssel \u00f6tv\u00f6zi, \u00edgy ide\u00e1lis megold\u00e1s a nagy hat\u00e9konys\u00e1g\u00fa kengyelgy\u00e1rt\u00e1shoz mobil \u00e9s helyhez k\u00f6t\u00f6tt k\u00f6rnyezetben egyar\u00e1nt.<\/p>\n<h3 data-start=\"841\" data-end=\"896\">Nagy nyomat\u00e9kkibocs\u00e1t\u00e1s sima sz\u00f6g\u00e1tmenetekkel<\/h3>\n<p data-start=\"898\" data-end=\"1169\">Az ipari min\u0151s\u00e9g\u0171 motornak \u00e9s a meger\u0151s\u00edtett hajl\u00edt\u00f3korongnak k\u00f6sz\u00f6nhet\u0151en a GF32 stabil \u00e9s er\u0151teljes teljes\u00edtm\u00e9nyt ny\u00fajt nagy terhel\u00e9s mellett is. Az \u00e1ll\u00edthat\u00f3 sz\u00f6gkorl\u00e1toz\u00f3k lehet\u0151v\u00e9 teszik a felhaszn\u00e1l\u00f3k sz\u00e1m\u00e1ra, hogy ak\u00e1r 180 fokig hajl\u00edts\u00e1k a rudakat an\u00e9lk\u00fcl, hogy minden egyes ciklus ut\u00e1n \u00fajrakalibr\u00e1l\u00e1sra lenne sz\u00fcks\u00e9g.<\/p>\n<p data-start=\"1171\" data-end=\"1420\">A termel\u00e9kenys\u00e9g t\u00e1mogat\u00e1sa \u00e9rdek\u00e9ben a g\u00e9p minim\u00e1lis rezg\u00e9ssel m\u0171k\u00f6dik, a t\u00f6m\u00edtett sebess\u00e9gv\u00e1lt\u00f3 pedig nagyon kev\u00e9s karbantart\u00e1s mellett biztos\u00edtja a tart\u00f3ss\u00e1got. A felhaszn\u00e1l\u00f3k a munkak\u00f6r\u00fclm\u00e9nyekt\u0151l f\u00fcgg\u0151en v\u00e1laszthatnak a k\u00e9zi \u00fczemm\u00f3d vagy a l\u00e1bped\u00e1los m\u0171k\u00f6dtet\u00e9s k\u00f6z\u00f6tt.<\/p>\n<h3 data-start=\"1427\" data-end=\"1480\">Hossz\u00fa \u00e9lettartamra \u00e9s glob\u00e1lis teljes\u00edtm\u00e9nyszabv\u00e1nyokra tervezve<\/h3>\n<p data-start=\"1482\" data-end=\"1767\">Hegesztett ac\u00e9lh\u00e1z\u00e1val \u00e9s rezg\u00e9scsillap\u00edt\u00f3 keret\u00e9vel a GF32 ellen\u00e1ll a durva helysz\u00edni haszn\u00e1latnak. A nagy teherb\u00edr\u00e1s\u00fa kerekek gyors \u00e9s egyszer\u0171 \u00e1thelyez\u00e9st tesznek lehet\u0151v\u00e9. Ami a legfontosabb, hogy a 220V-os vagy 380V-os (50Hz\/60Hz) h\u00e1l\u00f3zati rendszerekkel val\u00f3 kompatibilit\u00e1sa exportk\u00e9pess\u00e9 \u00e9s vil\u00e1gszerte haszn\u00e1lhat\u00f3v\u00e1 teszi.<\/p>\n<p data-start=\"1769\" data-end=\"1894\">A pontoss\u00e1g \u00e9s a teljes\u00edtm\u00e9ny egyens\u00falya a GF32-t megb\u00edzhat\u00f3 eszk\u00f6zz\u00e9 teszi a betonac\u00e9l-m\u0171helyekben \u00e9s az \u00e9p\u00edtkez\u00e9seken egyar\u00e1nt.<\/p>\n<h3 data-start=\"1901\" data-end=\"1957\">A GF32 kengyelhajl\u00edt\u00f3 f\u0151 jellemz\u0151i<\/h3>\n<ul data-start=\"1959\" data-end=\"2179\">\n<li data-start=\"1959\" data-end=\"2018\">\n<p data-start=\"1961\" data-end=\"2018\">6-28 mm r\u00fad\u00e1tm\u00e9r\u0151j\u0171 rudakat kezel a gyors kengyelgy\u00e1rt\u00e1shoz<\/p>\n<\/li>\n<li data-start=\"2019\" data-end=\"2069\">\n<p data-start=\"2021\" data-end=\"2069\">Er\u0151s nyomat\u00e9kkibocs\u00e1t\u00e1s tiszta, egyenletes hajl\u00edt\u00e1sokkal<\/p>\n<\/li>\n<li data-start=\"2070\" data-end=\"2116\">\n<p data-start=\"2072\" data-end=\"2116\">Egyszer\u0171 m\u0171k\u00f6d\u00e9s kett\u0151s vez\u00e9rl\u00e9si lehet\u0151s\u00e9ggel<\/p>\n<\/li>\n<li data-start=\"2117\" data-end=\"2179\">\n<p data-start=\"2119\" data-end=\"2179\">Megfelel a nemzetk\u00f6zi fesz\u00fclts\u00e9gk\u00f6vetelm\u00e9nyeknek a glob\u00e1lis piacok sz\u00e1m\u00e1ra<\/p>\n<\/li>\n<\/ul>\n<p><iframe title=\"2023\u5e748\u67086\u65e5\" width=\"720\" height=\"405\" src=\"https:\/\/www.youtube.com\/embed\/LeishYuXLvc?feature=oembed\" frameborder=\"0\" allow=\"accelerometer; autoplay; clipboard-write; encrypted-media; gyroscope; picture-in-picture; web-share\" referrerpolicy=\"strict-origin-when-cross-origin\" allowfullscreen><\/iframe><\/p>","protected":false},"excerpt":{"rendered":"<p>A GF32 Rebar kengyelhajl\u00edt\u00f3 g\u00e9p 6-28 mm-es rudakat alak\u00edt ki pontoss\u00e1ggal \u00e9s nyomat\u00e9kkal. Glob\u00e1lis haszn\u00e1latra tervezt\u00e9k, \u00edgy ide\u00e1lis h\u00edd, alag\u00fat \u00e9s magas\u00e9p\u00edt\u00e9s meger\u0151s\u00edt\u00e9s\u00e9hez.<\/p>","protected":false},"featured_media":8969,"template":"","meta":{"_kad_post_transparent":"default","_kad_post_title":"","_kad_post_layout":"default","_kad_post_sidebar_id":"","_kad_post_content_style":"default","_kad_post_vertical_padding":"default","_kad_post_feature":"","_kad_post_feature_position":"","_kad_post_header":false,"_kad_post_footer":false},"product_brand":[],"product_cat":[46],"product_tag":[1005,1006,1010,1008,1009,1013,1012,1014,1007,1011],"class_list":{"0":"post-8968","1":"product","2":"type-product","3":"status-publish","4":"has-post-thumbnail","6":"product_cat-rebar-stirrup-bending-machine","7":"product_tag-automatic-stirrup-bending-machine","8":"product_tag-cnc-rebar-stirrup-bender","9":"product_tag-hydraulic-stirrup-bender","10":"product_tag-rebar-stirrup-bender-machine","11":"product_tag-steel-stirrup-bending-machine","12":"product_tag-stirrup-bender-for-construction","13":"product_tag-stirrup-bending-equipment","14":"product_tag-stirrup-bending-machine-price","15":"product_tag-stirrup-making-machine","16":"product_tag-wire-stirrup-bending-machine","18":"first","19":"instock","20":"shipping-taxable","21":"product-type-simple","22":"entry","23":"content-bg","24":"loop-entry"},"yoast_head":"<!-- This site is optimized with the Yoast SEO plugin v25.3.1 - https:\/\/yoast.com\/wordpress\/plugins\/seo\/ -->\n<title>Rebar Stirrup Bending Machine GF32 - HSY Construction Machinery<\/title>\n<meta name=\"description\" content=\"Rebar Stirrup Bending Machine GF32 processes 6\u201328mm rebar into stirrups efficiently. Built for industrial construction and compatible with international voltage.\" \/>\n<meta name=\"robots\" content=\"index, follow, max-snippet:-1, max-image-preview:large, max-video-preview:-1\" \/>\n<link rel=\"canonical\" href=\"https:\/\/www.hsymachinery.com\/hu\/termek\/betonacel-kengyelhajlito-gep-gf32\/\" \/>\n<meta property=\"og:locale\" content=\"hu_HU\" \/>\n<meta property=\"og:type\" content=\"article\" \/>\n<meta property=\"og:title\" content=\"Rebar Stirrup Bending Machine GF32 - HSY Construction Machinery\" \/>\n<meta property=\"og:description\" content=\"Rebar Stirrup Bending Machine GF32 processes 6\u201328mm rebar into stirrups efficiently. Built for industrial construction and compatible with international voltage.\" \/>\n<meta property=\"og:url\" content=\"https:\/\/www.hsymachinery.com\/hu\/termek\/betonacel-kengyelhajlito-gep-gf32\/\" \/>\n<meta property=\"og:site_name\" content=\"HSY Construction Machinery\" \/>\n<meta property=\"article:modified_time\" content=\"2025-06-27T11:29:41+00:00\" \/>\n<meta property=\"og:image\" content=\"https:\/\/www.hsymachinery.com\/wp-content\/uploads\/2025\/06\/Rebar-Stirrup-Bending-Machine-GF32.jpg\" \/>\n\t<meta property=\"og:image:width\" content=\"600\" \/>\n\t<meta property=\"og:image:height\" content=\"600\" \/>\n\t<meta property=\"og:image:type\" content=\"image\/jpeg\" \/>\n<meta name=\"twitter:card\" content=\"summary_large_image\" \/>\n<meta name=\"twitter:label1\" content=\"Becs\u00fclt olvas\u00e1si id\u0151\" \/>\n\t<meta name=\"twitter:data1\" content=\"2 perc\" \/>\n<script type=\"application\/ld+json\" class=\"yoast-schema-graph\">{\"@context\":\"https:\/\/schema.org\",\"@graph\":[{\"@type\":\"WebPage\",\"@id\":\"https:\/\/www.hsymachinery.com\/product\/rebar-stirrup-bending-machine-gf32\/\",\"url\":\"https:\/\/www.hsymachinery.com\/product\/rebar-stirrup-bending-machine-gf32\/\",\"name\":\"Rebar Stirrup Bending Machine GF32 - HSY Construction Machinery\",\"isPartOf\":{\"@id\":\"https:\/\/www.hsymachinery.com\/#website\"},\"primaryImageOfPage\":{\"@id\":\"https:\/\/www.hsymachinery.com\/product\/rebar-stirrup-bending-machine-gf32\/#primaryimage\"},\"image\":{\"@id\":\"https:\/\/www.hsymachinery.com\/product\/rebar-stirrup-bending-machine-gf32\/#primaryimage\"},\"thumbnailUrl\":\"https:\/\/www.hsymachinery.com\/wp-content\/uploads\/2025\/06\/Rebar-Stirrup-Bending-Machine-GF32.jpg\",\"datePublished\":\"2025-06-18T04:10:02+00:00\",\"dateModified\":\"2025-06-27T11:29:41+00:00\",\"description\":\"Rebar Stirrup Bending Machine GF32 processes 6\u201328mm rebar into stirrups efficiently. Built for industrial construction and compatible with international voltage.\",\"breadcrumb\":{\"@id\":\"https:\/\/www.hsymachinery.com\/product\/rebar-stirrup-bending-machine-gf32\/#breadcrumb\"},\"inLanguage\":\"hu\",\"potentialAction\":[{\"@type\":\"ReadAction\",\"target\":[\"https:\/\/www.hsymachinery.com\/product\/rebar-stirrup-bending-machine-gf32\/\"]}]},{\"@type\":\"ImageObject\",\"inLanguage\":\"hu\",\"@id\":\"https:\/\/www.hsymachinery.com\/product\/rebar-stirrup-bending-machine-gf32\/#primaryimage\",\"url\":\"https:\/\/www.hsymachinery.com\/wp-content\/uploads\/2025\/06\/Rebar-Stirrup-Bending-Machine-GF32.jpg\",\"contentUrl\":\"https:\/\/www.hsymachinery.com\/wp-content\/uploads\/2025\/06\/Rebar-Stirrup-Bending-Machine-GF32.jpg\",\"width\":600,\"height\":600},{\"@type\":\"BreadcrumbList\",\"@id\":\"https:\/\/www.hsymachinery.com\/product\/rebar-stirrup-bending-machine-gf32\/#breadcrumb\",\"itemListElement\":[{\"@type\":\"ListItem\",\"position\":1,\"name\":\"home\",\"item\":\"https:\/\/www.hsymachinery.com\/\"},{\"@type\":\"ListItem\",\"position\":2,\"name\":\"products\",\"item\":\"https:\/\/www.hsymachinery.com\/products\/\"},{\"@type\":\"ListItem\",\"position\":3,\"name\":\"Rebar Stirrup Bending Machine GF32\"}]},{\"@type\":\"WebSite\",\"@id\":\"https:\/\/www.hsymachinery.com\/#website\",\"url\":\"https:\/\/www.hsymachinery.com\/\",\"name\":\"HSY Construction Machinery\",\"description\":\"HSY Machinery \u2013 A leading China construction machinery supplier, offering a wide range of light construction equipment. Our main products include Rebar Cutting Machine, Rebar Bending Machine, Rebar Stirrup Bending Machine, Rebar Arc Bending Machine, Rebar Straightening Machine, Five-Head Rebar Stirrup Bending Machine, Tamping Rammer, Plate Compactor, Concrete Cutter, Power Trowel, and other construction machinery. We are equipped with advanced CNC machines, and we enforce strict quality inspection standards along with comprehensive after-sales service. If you are interested in our products or services, we warmly welcome your inquiries via message.\",\"publisher\":{\"@id\":\"https:\/\/www.hsymachinery.com\/#organization\"},\"potentialAction\":[{\"@type\":\"SearchAction\",\"target\":{\"@type\":\"EntryPoint\",\"urlTemplate\":\"https:\/\/www.hsymachinery.com\/?s={search_term_string}\"},\"query-input\":{\"@type\":\"PropertyValueSpecification\",\"valueRequired\":true,\"valueName\":\"search_term_string\"}}],\"inLanguage\":\"hu\"},{\"@type\":\"Organization\",\"@id\":\"https:\/\/www.hsymachinery.com\/#organization\",\"name\":\"HSY Construction Machinery\",\"url\":\"https:\/\/www.hsymachinery.com\/\",\"logo\":{\"@type\":\"ImageObject\",\"inLanguage\":\"hu\",\"@id\":\"https:\/\/www.hsymachinery.com\/#\/schema\/logo\/image\/\",\"url\":\"https:\/\/www.hsymachinery.com\/wp-content\/uploads\/2025\/06\/cropped-HSY-machinery.png\",\"contentUrl\":\"https:\/\/www.hsymachinery.com\/wp-content\/uploads\/2025\/06\/cropped-HSY-machinery.png\",\"width\":600,\"height\":240,\"caption\":\"HSY Construction Machinery\"},\"image\":{\"@id\":\"https:\/\/www.hsymachinery.com\/#\/schema\/logo\/image\/\"}}]}<\/script>\n<!-- \/ Yoast SEO plugin. -->","yoast_head_json":{"title":"Rebar kengyelhajl\u00edt\u00f3 g\u00e9p GF32 - HSY \u00c9p\u00edt\u0151ipari g\u00e9pek","description":"A GF32 betonac\u00e9l kengyelhajl\u00edt\u00f3 g\u00e9p 6-28 mm-es betonac\u00e9lokat dolgoz fel hat\u00e9konyan kengyelekk\u00e9. Ipari \u00e9p\u00edt\u00e9shez k\u00e9sz\u00fclt \u00e9s kompatibilis a nemzetk\u00f6zi fesz\u00fclts\u00e9ggel.","robots":{"index":"index","follow":"follow","max-snippet":"max-snippet:-1","max-image-preview":"max-image-preview:large","max-video-preview":"max-video-preview:-1"},"canonical":"https:\/\/www.hsymachinery.com\/hu\/termek\/betonacel-kengyelhajlito-gep-gf32\/","og_locale":"hu_HU","og_type":"article","og_title":"Rebar Stirrup Bending Machine GF32 - HSY Construction Machinery","og_description":"Rebar Stirrup Bending Machine GF32 processes 6\u201328mm rebar into stirrups efficiently. Built for industrial construction and compatible with international voltage.","og_url":"https:\/\/www.hsymachinery.com\/hu\/termek\/betonacel-kengyelhajlito-gep-gf32\/","og_site_name":"HSY Construction Machinery","article_modified_time":"2025-06-27T11:29:41+00:00","og_image":[{"width":600,"height":600,"url":"https:\/\/www.hsymachinery.com\/wp-content\/uploads\/2025\/06\/Rebar-Stirrup-Bending-Machine-GF32.jpg","type":"image\/jpeg"}],"twitter_card":"summary_large_image","twitter_misc":{"Becs\u00fclt olvas\u00e1si id\u0151":"2 perc"},"schema":{"@context":"https:\/\/schema.org","@graph":[{"@type":"WebPage","@id":"https:\/\/www.hsymachinery.com\/product\/rebar-stirrup-bending-machine-gf32\/","url":"https:\/\/www.hsymachinery.com\/product\/rebar-stirrup-bending-machine-gf32\/","name":"Rebar kengyelhajl\u00edt\u00f3 g\u00e9p GF32 - HSY \u00c9p\u00edt\u0151ipari g\u00e9pek","isPartOf":{"@id":"https:\/\/www.hsymachinery.com\/#website"},"primaryImageOfPage":{"@id":"https:\/\/www.hsymachinery.com\/product\/rebar-stirrup-bending-machine-gf32\/#primaryimage"},"image":{"@id":"https:\/\/www.hsymachinery.com\/product\/rebar-stirrup-bending-machine-gf32\/#primaryimage"},"thumbnailUrl":"https:\/\/www.hsymachinery.com\/wp-content\/uploads\/2025\/06\/Rebar-Stirrup-Bending-Machine-GF32.jpg","datePublished":"2025-06-18T04:10:02+00:00","dateModified":"2025-06-27T11:29:41+00:00","description":"A GF32 betonac\u00e9l kengyelhajl\u00edt\u00f3 g\u00e9p 6-28 mm-es betonac\u00e9lokat dolgoz fel hat\u00e9konyan kengyelekk\u00e9. Ipari \u00e9p\u00edt\u00e9shez k\u00e9sz\u00fclt \u00e9s kompatibilis a nemzetk\u00f6zi fesz\u00fclts\u00e9ggel.","breadcrumb":{"@id":"https:\/\/www.hsymachinery.com\/product\/rebar-stirrup-bending-machine-gf32\/#breadcrumb"},"inLanguage":"hu","potentialAction":[{"@type":"ReadAction","target":["https:\/\/www.hsymachinery.com\/product\/rebar-stirrup-bending-machine-gf32\/"]}]},{"@type":"ImageObject","inLanguage":"hu","@id":"https:\/\/www.hsymachinery.com\/product\/rebar-stirrup-bending-machine-gf32\/#primaryimage","url":"https:\/\/www.hsymachinery.com\/wp-content\/uploads\/2025\/06\/Rebar-Stirrup-Bending-Machine-GF32.jpg","contentUrl":"https:\/\/www.hsymachinery.com\/wp-content\/uploads\/2025\/06\/Rebar-Stirrup-Bending-Machine-GF32.jpg","width":600,"height":600},{"@type":"BreadcrumbList","@id":"https:\/\/www.hsymachinery.com\/product\/rebar-stirrup-bending-machine-gf32\/#breadcrumb","itemListElement":[{"@type":"ListItem","position":1,"name":"home","item":"https:\/\/www.hsymachinery.com\/"},{"@type":"ListItem","position":2,"name":"products","item":"https:\/\/www.hsymachinery.com\/products\/"},{"@type":"ListItem","position":3,"name":"Rebar Stirrup Bending Machine GF32"}]},{"@type":"WebSite","@id":"https:\/\/www.hsymachinery.com\/#website","url":"https:\/\/www.hsymachinery.com\/","name":"HSY \u00e9p\u00edt\u0151ipari g\u00e9pek","description":"HSY Machinery - K\u00edna vezet\u0151 \u00e9p\u00edt\u0151ipari g\u00e9pgy\u00e1rt\u00f3 v\u00e1llalata, amely k\u00f6nny\u0171 \u00e9p\u00edt\u0151ipari berendez\u00e9sek sz\u00e9les v\u00e1laszt\u00e9k\u00e1t k\u00edn\u00e1lja. F\u0151 term\u00e9keink k\u00f6z\u00e9 tartozik az \u00fajj\u00e1\u00e9p\u00edt\u00e9si v\u00e1g\u00f3g\u00e9p, az \u00fajj\u00e1\u00e9p\u00edt\u00e9si hajl\u00edt\u00f3g\u00e9p, az \u00fajj\u00e1\u00e9p\u00edt\u00e9si kengyelhajl\u00edt\u00f3 g\u00e9p, az \u00fajj\u00e1\u00e9p\u00edt\u00e9si \u00edvhajl\u00edt\u00f3 g\u00e9p, az \u00fajj\u00e1\u00e9p\u00edt\u00e9si egyenes\u00edt\u0151 g\u00e9p, az \u00f6tfej\u0171 \u00fajj\u00e1\u00e9p\u00edt\u00e9si kengyelhajl\u00edt\u00f3 g\u00e9p, a d\u00f6ng\u00f6l\u0151 rammer, a lemezkompaktor, a betonv\u00e1g\u00f3, a villanymotoros sim\u00edt\u00f3 \u00e9s m\u00e1s \u00e9p\u00edt\u0151ipari g\u00e9pek. Fejlett CNC-g\u00e9pekkel vagyunk felszerelve, \u00e9s szigor\u00fa min\u0151s\u00e9gellen\u0151rz\u00e9si szabv\u00e1nyokat \u00e9rv\u00e9nyes\u00edt\u00fcnk az \u00e1tfog\u00f3 \u00e9rt\u00e9kes\u00edt\u00e9s ut\u00e1ni szolg\u00e1ltat\u00e1ssal egy\u00fctt. Ha \u00e9rdeklik term\u00e9keink vagy szolg\u00e1ltat\u00e1saink, sz\u00edvesen fogadjuk \u00e9rdekl\u0151d\u00e9s\u00e9t \u00fczenetben.","publisher":{"@id":"https:\/\/www.hsymachinery.com\/#organization"},"potentialAction":[{"@type":"SearchAction","target":{"@type":"EntryPoint","urlTemplate":"https:\/\/www.hsymachinery.com\/?s={search_term_string}"},"query-input":{"@type":"PropertyValueSpecification","valueRequired":true,"valueName":"search_term_string"}}],"inLanguage":"hu"},{"@type":"Organization","@id":"https:\/\/www.hsymachinery.com\/#organization","name":"HSY \u00e9p\u00edt\u0151ipari g\u00e9pek","url":"https:\/\/www.hsymachinery.com\/","logo":{"@type":"ImageObject","inLanguage":"hu","@id":"https:\/\/www.hsymachinery.com\/#\/schema\/logo\/image\/","url":"https:\/\/www.hsymachinery.com\/wp-content\/uploads\/2025\/06\/cropped-HSY-machinery.png","contentUrl":"https:\/\/www.hsymachinery.com\/wp-content\/uploads\/2025\/06\/cropped-HSY-machinery.png","width":600,"height":240,"caption":"HSY Construction Machinery"},"image":{"@id":"https:\/\/www.hsymachinery.com\/#\/schema\/logo\/image\/"}}]}},"_links":{"self":[{"href":"https:\/\/www.hsymachinery.com\/hu\/wp-json\/wp\/v2\/product\/8968","targetHints":{"allow":["GET"]}}],"collection":[{"href":"https:\/\/www.hsymachinery.com\/hu\/wp-json\/wp\/v2\/product"}],"about":[{"href":"https:\/\/www.hsymachinery.com\/hu\/wp-json\/wp\/v2\/types\/product"}],"version-history":[{"count":4,"href":"https:\/\/www.hsymachinery.com\/hu\/wp-json\/wp\/v2\/product\/8968\/revisions"}],"predecessor-version":[{"id":9386,"href":"https:\/\/www.hsymachinery.com\/hu\/wp-json\/wp\/v2\/product\/8968\/revisions\/9386"}],"wp:featuredmedia":[{"embeddable":true,"href":"https:\/\/www.hsymachinery.com\/hu\/wp-json\/wp\/v2\/media\/8969"}],"wp:attachment":[{"href":"https:\/\/www.hsymachinery.com\/hu\/wp-json\/wp\/v2\/media?parent=8968"}],"wp:term":[{"taxonomy":"product_brand","embeddable":true,"href":"https:\/\/www.hsymachinery.com\/hu\/wp-json\/wp\/v2\/product_brand?post=8968"},{"taxonomy":"product_cat","embeddable":true,"href":"https:\/\/www.hsymachinery.com\/hu\/wp-json\/wp\/v2\/product_cat?post=8968"},{"taxonomy":"product_tag","embeddable":true,"href":"https:\/\/www.hsymachinery.com\/hu\/wp-json\/wp\/v2\/product_tag?post=8968"}],"curies":[{"name":"wp","href":"https:\/\/api.w.org\/{rel}","templated":true}]}}