{"id":8955,"date":"2025-06-18T12:03:51","date_gmt":"2025-06-18T04:03:51","guid":{"rendered":"https:\/\/www.hsymachinery.com\/?post_type=product&#038;p=8955"},"modified":"2025-06-25T23:47:42","modified_gmt":"2025-06-25T15:47:42","slug":"betonacel-hajlito-gep-gw70","status":"publish","type":"product","link":"https:\/\/www.hsymachinery.com\/hu\/termek\/betonacel-hajlito-gep-gw70\/","title":{"rendered":"Rebar hajl\u00edt\u00f3 g\u00e9p GW70"},"content":{"rendered":"<h3 data-start=\"134\" data-end=\"255\">Ultra-neh\u00e9z teherb\u00edr\u00e1s\u00fa betonac\u00e9l hajl\u00edt\u00f3 g\u00e9p GW70 6-60mm ac\u00e9lhoz | Nagy kapacit\u00e1s\u00fa betonac\u00e9l hajl\u00edt\u00f3 a Mega projektekhez<\/h3>\n<h3 data-start=\"262\" data-end=\"355\">Term\u00e9k\u00e1ttekint\u00e9s - Nagym\u00e9ret\u0171 \u00e9p\u00edt\u0151ipari ac\u00e9lhajl\u00edt\u00f3 berendez\u00e9sek ipari felhaszn\u00e1l\u00e1sra<\/h3>\n<p data-start=\"357\" data-end=\"702\">A <strong data-start=\"361\" data-end=\"391\"><a href=\"https:\/\/www.hsymachinery.com\/hu\/termekek\/betonacel-hajlitogep\/\" target=\"_blank\" rel=\"noopener\">Rebar hajl\u00edt\u00f3 g\u00e9p<\/a> GW70<\/strong> a k\u00f6vetkez\u0151 c\u00e9lokra k\u00e9sz\u00fclt <strong data-start=\"405\" data-end=\"439\">6 mm-t\u0151l 60 mm-ig terjed\u0151 betonac\u00e9lok hajl\u00edt\u00e1sa<\/strong>, amely p\u00e1ratlan teljes\u00edtm\u00e9nyt \u00e9s stabilit\u00e1st k\u00edn\u00e1l az ig\u00e9nyes szerkezeti alkalmaz\u00e1sokhoz. Ezt a kifejezetten a mega infrastruktur\u00e1lis projektekhez tervezett, nagy kapacit\u00e1s\u00fa r\u00fadhajl\u00edt\u00f3t sz\u00e9les k\u00f6rben haszn\u00e1lj\u00e1k h\u00eddpill\u00e9rekn\u00e9l, alagutakban, nagysebess\u00e9g\u0171 vas\u00fati alapoz\u00e1sn\u00e1l \u00e9s el\u0151regy\u00e1rtott \u00e9p\u00edtkez\u00e9sekn\u00e9l.<\/p>\n<p data-start=\"704\" data-end=\"870\">A meger\u0151s\u00edtett v\u00e1zzal, nagy nyomat\u00e9k\u00fa motorral \u00e9s kib\u0151v\u00edtett hajl\u00edt\u00f3lemezzel a GW70 betonvashajl\u00edt\u00f3 g\u00e9p \u00faj m\u00e9rc\u00e9t \u00e1ll\u00edt fel a nagy ig\u00e9nybev\u00e9tel\u0171 r\u00fadalak\u00edt\u00e1sban.<\/p>\n<h3 data-start=\"877\" data-end=\"927\">Maxim\u00e1lis hajl\u00edt\u00f3szil\u00e1rds\u00e1g intelligens vez\u00e9rl\u00e9ssel<\/h3>\n<p data-start=\"929\" data-end=\"1169\">A GW70 g\u00e9p prec\u00edzi\u00f3s fogasker\u00e9krendszert, kiv\u00e1l\u00f3 min\u0151s\u00e9g\u0171 hajl\u00edt\u00f3korongot \u00e9s \u00e1ll\u00edthat\u00f3 kett\u0151s \u00fctk\u00f6z\u0151t tartalmaz a pontos sz\u00f6gszab\u00e1lyoz\u00e1s \u00e9rdek\u00e9ben. A kezel\u0151k ak\u00e1r 180\u00b0-ban is hajl\u00edthatj\u00e1k az ac\u00e9lrudakat, mik\u00f6zben t\u00f6bb m\u00e9retben is megtartj\u00e1k az alakpontoss\u00e1got.<\/p>\n<p data-start=\"1171\" data-end=\"1364\">T\u00falm\u00e9retezett r\u00e9zmagmotorja egyenletes nyomat\u00e9kot biztos\u00edt, \u00edgy m\u00e9g vastag rudakn\u00e1l is tiszta hajl\u00edt\u00e1sokat tesz lehet\u0151v\u00e9. Ek\u00f6zben az olajjal lez\u00e1rt sebess\u00e9gv\u00e1lt\u00f3 csendesen m\u0171k\u00f6dik \u00e9s minim\u00e1lis karbantart\u00e1st ig\u00e9nyel.<\/p>\n<p data-start=\"1366\" data-end=\"1509\">A be\u00e9p\u00edtett v\u00e9szf\u00e9krendszer \u00e9s a kett\u0151s vez\u00e9rl\u00e9si m\u00f3d (k\u00e9zi kapcsol\u00f3 \u00e9s l\u00e1bped\u00e1l) n\u00f6veli a biztons\u00e1got \u00e9s a m\u0171k\u00f6d\u00e9si rugalmass\u00e1got.<\/p>\n<h3 data-start=\"1516\" data-end=\"1576\">Kem\u00e9ny k\u00f6rnyezetre \u00e9s glob\u00e1lis telep\u00edt\u00e9sre tervezve<\/h3>\n<p data-start=\"1578\" data-end=\"1883\">Az \u00fct\u00e9s\u00e1ll\u00f3 \u00f6nt\u00f6tt ac\u00e9lszerkezetnek k\u00f6sz\u00f6nhet\u0151en a GW70 stabil marad a hossz\u00fa munkamenetek sor\u00e1n. Ellen\u00e1ll a nagy terhel\u00e9s alatti deform\u00e1ci\u00f3nak, \u00e9s j\u00f3l alkalmazkodik a durva helysz\u00edni k\u00f6r\u00fclm\u00e9nyekhez. Az egys\u00e9g ipari min\u0151s\u00e9g\u0171 kerekei mobilit\u00e1st biztos\u00edtanak, m\u00edg id\u0151j\u00e1r\u00e1s\u00e1ll\u00f3 burkolata lehet\u0151v\u00e9 teszi a f\u00e9lig szabadt\u00e9ri haszn\u00e1latot.<\/p>\n<p data-start=\"1885\" data-end=\"2066\">A 220V \u00e9s 380V (50Hz\/60Hz) h\u00e1l\u00f3zati szabv\u00e1nyokat egyar\u00e1nt t\u00e1mogat\u00f3 GW70-es \u00e1gyaz\u00f3hajl\u00edt\u00f3 g\u00e9p exportk\u00e9pes \u00e9s t\u00f6bb orsz\u00e1g \u00e9p\u00edt\u00e9si szab\u00e1lyaival kompatibilis.<\/p>\n<h3 data-start=\"2073\" data-end=\"2125\">A GW70 r\u00fadhajl\u00edt\u00f3 f\u0151 jellemz\u0151i \u00e9s el\u0151nyei<\/h3>\n<ul data-start=\"2127\" data-end=\"2347\">\n<li data-start=\"2127\" data-end=\"2184\">\n<p data-start=\"2129\" data-end=\"2184\">6-60 mm-es betonac\u00e9lok kezel\u00e9se nagy szil\u00e1rds\u00e1ggal \u00e9s alacsony hib\u00e1val<\/p>\n<\/li>\n<li data-start=\"2185\" data-end=\"2242\">\n<p data-start=\"2187\" data-end=\"2242\">T\u00falm\u00e9retezett t\u00e1rcsa \u00e9s meghosszabb\u00edtott keret a maxim\u00e1lis t\u00e1mogat\u00e1s \u00e9rdek\u00e9ben<\/p>\n<\/li>\n<li data-start=\"2243\" data-end=\"2292\">\n<p data-start=\"2245\" data-end=\"2292\">Hossz\u00fa m\u0171szakos ipari m\u0171veletekhez tervezt\u00e9k<\/p>\n<\/li>\n<li data-start=\"2293\" data-end=\"2347\">\n<p data-start=\"2295\" data-end=\"2347\">Fesz\u00fclts\u00e9g testreszab\u00e1s el\u00e9rhet\u0151 az exportpiacok sz\u00e1m\u00e1ra<\/p>\n<\/li>\n<\/ul>\n<p><iframe title=\"#\u00e9p\u00edt\u0151ipari #\u00e9p\u00edt\u0151ipari munk\u00e1s #rebarbender #rebarbending #rebarbending\" width=\"720\" height=\"405\" src=\"https:\/\/www.youtube.com\/embed\/PJ1hngSXwUg?feature=oembed\" frameborder=\"0\" allow=\"accelerometer; autoplay; clipboard-write; encrypted-media; gyroscope; picture-in-picture; web-share\" referrerpolicy=\"strict-origin-when-cross-origin\" allowfullscreen><\/iframe><\/p>","protected":false},"excerpt":{"rendered":"<p>A GW70 betonac\u00e9l hajl\u00edt\u00f3g\u00e9p 6-60 mm-es betonac\u00e9lokat dolgoz fel nagy nyomat\u00e9kkal, sz\u00e9les hajl\u00edt\u00e1si sz\u00f6gekkel \u00e9s robusztus kialak\u00edt\u00e1ssal. T\u00f6k\u00e9letes megaprojektekhez, el\u0151regy\u00e1rtott udvarokhoz \u00e9s glob\u00e1lis \u00e9p\u00edtkez\u00e9sekhez.<\/p>","protected":false},"featured_media":8956,"template":"","meta":{"_kad_post_transparent":"default","_kad_post_title":"","_kad_post_layout":"default","_kad_post_sidebar_id":"","_kad_post_content_style":"default","_kad_post_vertical_padding":"default","_kad_post_feature":"","_kad_post_feature_position":"","_kad_post_header":false,"_kad_post_footer":false},"product_brand":[],"product_cat":[28],"product_tag":[998,1004,996,1003,997,1000,1001,999,995,1002],"class_list":{"0":"post-8955","1":"product","2":"type-product","3":"status-publish","4":"has-post-thumbnail","6":"product_cat-rebar-bending-machine","7":"product_tag-automatic-rebar-bending-machine","8":"product_tag-bar-bending-machine-price","9":"product_tag-cnc-rebar-bending-machine","10":"product_tag-construction-rebar-bender","11":"product_tag-electric-rebar-bender","12":"product_tag-electric-rebar-bending-machine","13":"product_tag-hydraulic-rebar-bending-machine","14":"product_tag-portable-rebar-bender","15":"product_tag-rebar-bender","16":"product_tag-steel-bar-bender","18":"first","19":"instock","20":"shipping-taxable","21":"product-type-simple","22":"entry","23":"content-bg","24":"loop-entry"},"yoast_head":"<!-- This site is optimized with the Yoast SEO plugin v25.3.1 - https:\/\/yoast.com\/wordpress\/plugins\/seo\/ -->\n<title>Rebar Bending Machine GW70 - HSY Construction Machinery<\/title>\n<meta name=\"description\" content=\"Rebar Bending Machine GW70 bends 6\u201360mm steel bars with powerful torque and high stability. Designed for industrial-scale rebar shaping and export to international markets.\" \/>\n<meta name=\"robots\" content=\"index, follow, max-snippet:-1, max-image-preview:large, max-video-preview:-1\" \/>\n<link rel=\"canonical\" href=\"https:\/\/www.hsymachinery.com\/hu\/termek\/betonacel-hajlito-gep-gw70\/\" \/>\n<meta property=\"og:locale\" content=\"hu_HU\" \/>\n<meta property=\"og:type\" content=\"article\" \/>\n<meta property=\"og:title\" content=\"Rebar Bending Machine GW70 - HSY Construction Machinery\" \/>\n<meta property=\"og:description\" content=\"Rebar Bending Machine GW70 bends 6\u201360mm steel bars with powerful torque and high stability. Designed for industrial-scale rebar shaping and export to international markets.\" \/>\n<meta property=\"og:url\" content=\"https:\/\/www.hsymachinery.com\/hu\/termek\/betonacel-hajlito-gep-gw70\/\" \/>\n<meta property=\"og:site_name\" content=\"HSY Construction Machinery\" \/>\n<meta property=\"article:modified_time\" content=\"2025-06-25T15:47:42+00:00\" \/>\n<meta property=\"og:image\" content=\"https:\/\/www.hsymachinery.com\/wp-content\/uploads\/2025\/06\/Rebar-Bending-Machine-GW70.jpg\" \/>\n\t<meta property=\"og:image:width\" content=\"600\" \/>\n\t<meta property=\"og:image:height\" content=\"600\" \/>\n\t<meta property=\"og:image:type\" content=\"image\/jpeg\" \/>\n<meta name=\"twitter:card\" content=\"summary_large_image\" \/>\n<meta name=\"twitter:label1\" content=\"Becs\u00fclt olvas\u00e1si id\u0151\" \/>\n\t<meta name=\"twitter:data1\" content=\"2 perc\" \/>\n<script type=\"application\/ld+json\" class=\"yoast-schema-graph\">{\"@context\":\"https:\/\/schema.org\",\"@graph\":[{\"@type\":\"WebPage\",\"@id\":\"https:\/\/www.hsymachinery.com\/product\/rebar-bending-machine-gw70\/\",\"url\":\"https:\/\/www.hsymachinery.com\/product\/rebar-bending-machine-gw70\/\",\"name\":\"Rebar Bending Machine GW70 - HSY Construction Machinery\",\"isPartOf\":{\"@id\":\"https:\/\/www.hsymachinery.com\/#website\"},\"primaryImageOfPage\":{\"@id\":\"https:\/\/www.hsymachinery.com\/product\/rebar-bending-machine-gw70\/#primaryimage\"},\"image\":{\"@id\":\"https:\/\/www.hsymachinery.com\/product\/rebar-bending-machine-gw70\/#primaryimage\"},\"thumbnailUrl\":\"https:\/\/www.hsymachinery.com\/wp-content\/uploads\/2025\/06\/Rebar-Bending-Machine-GW70.jpg\",\"datePublished\":\"2025-06-18T04:03:51+00:00\",\"dateModified\":\"2025-06-25T15:47:42+00:00\",\"description\":\"Rebar Bending Machine GW70 bends 6\u201360mm steel bars with powerful torque and high stability. Designed for industrial-scale rebar shaping and export to international markets.\",\"breadcrumb\":{\"@id\":\"https:\/\/www.hsymachinery.com\/product\/rebar-bending-machine-gw70\/#breadcrumb\"},\"inLanguage\":\"hu\",\"potentialAction\":[{\"@type\":\"ReadAction\",\"target\":[\"https:\/\/www.hsymachinery.com\/product\/rebar-bending-machine-gw70\/\"]}]},{\"@type\":\"ImageObject\",\"inLanguage\":\"hu\",\"@id\":\"https:\/\/www.hsymachinery.com\/product\/rebar-bending-machine-gw70\/#primaryimage\",\"url\":\"https:\/\/www.hsymachinery.com\/wp-content\/uploads\/2025\/06\/Rebar-Bending-Machine-GW70.jpg\",\"contentUrl\":\"https:\/\/www.hsymachinery.com\/wp-content\/uploads\/2025\/06\/Rebar-Bending-Machine-GW70.jpg\",\"width\":600,\"height\":600},{\"@type\":\"BreadcrumbList\",\"@id\":\"https:\/\/www.hsymachinery.com\/product\/rebar-bending-machine-gw70\/#breadcrumb\",\"itemListElement\":[{\"@type\":\"ListItem\",\"position\":1,\"name\":\"home\",\"item\":\"https:\/\/www.hsymachinery.com\/\"},{\"@type\":\"ListItem\",\"position\":2,\"name\":\"products\",\"item\":\"https:\/\/www.hsymachinery.com\/products\/\"},{\"@type\":\"ListItem\",\"position\":3,\"name\":\"Rebar Bending Machine GW70\"}]},{\"@type\":\"WebSite\",\"@id\":\"https:\/\/www.hsymachinery.com\/#website\",\"url\":\"https:\/\/www.hsymachinery.com\/\",\"name\":\"HSY Construction Machinery\",\"description\":\"HSY Machinery \u2013 A leading China construction machinery supplier, offering a wide range of light construction equipment. Our main products include Rebar Cutting Machine, Rebar Bending Machine, Rebar Stirrup Bending Machine, Rebar Arc Bending Machine, Rebar Straightening Machine, Five-Head Rebar Stirrup Bending Machine, Tamping Rammer, Plate Compactor, Concrete Cutter, Power Trowel, and other construction machinery. We are equipped with advanced CNC machines, and we enforce strict quality inspection standards along with comprehensive after-sales service. If you are interested in our products or services, we warmly welcome your inquiries via message.\",\"publisher\":{\"@id\":\"https:\/\/www.hsymachinery.com\/#organization\"},\"potentialAction\":[{\"@type\":\"SearchAction\",\"target\":{\"@type\":\"EntryPoint\",\"urlTemplate\":\"https:\/\/www.hsymachinery.com\/?s={search_term_string}\"},\"query-input\":{\"@type\":\"PropertyValueSpecification\",\"valueRequired\":true,\"valueName\":\"search_term_string\"}}],\"inLanguage\":\"hu\"},{\"@type\":\"Organization\",\"@id\":\"https:\/\/www.hsymachinery.com\/#organization\",\"name\":\"HSY Construction Machinery\",\"url\":\"https:\/\/www.hsymachinery.com\/\",\"logo\":{\"@type\":\"ImageObject\",\"inLanguage\":\"hu\",\"@id\":\"https:\/\/www.hsymachinery.com\/#\/schema\/logo\/image\/\",\"url\":\"https:\/\/www.hsymachinery.com\/wp-content\/uploads\/2025\/06\/cropped-HSY-machinery.png\",\"contentUrl\":\"https:\/\/www.hsymachinery.com\/wp-content\/uploads\/2025\/06\/cropped-HSY-machinery.png\",\"width\":600,\"height\":240,\"caption\":\"HSY Construction Machinery\"},\"image\":{\"@id\":\"https:\/\/www.hsymachinery.com\/#\/schema\/logo\/image\/\"}}]}<\/script>\n<!-- \/ Yoast SEO plugin. -->","yoast_head_json":{"title":"GW70 betonac\u00e9l hajl\u00edt\u00f3 g\u00e9p - HSY \u00c9p\u00edt\u0151ipari g\u00e9pek","description":"A GW70 ac\u00e9lr\u00fadhajl\u00edt\u00f3 g\u00e9p 6-60 mm-es ac\u00e9lrudakat hajl\u00edt er\u0151s nyomat\u00e9kkal \u00e9s nagy stabilit\u00e1ssal. Ipari m\u00e9ret\u0171 betonac\u00e9l alak\u00edt\u00e1sra \u00e9s nemzetk\u00f6zi piacokra t\u00f6rt\u00e9n\u0151 exportra tervezt\u00e9k.","robots":{"index":"index","follow":"follow","max-snippet":"max-snippet:-1","max-image-preview":"max-image-preview:large","max-video-preview":"max-video-preview:-1"},"canonical":"https:\/\/www.hsymachinery.com\/hu\/termek\/betonacel-hajlito-gep-gw70\/","og_locale":"hu_HU","og_type":"article","og_title":"Rebar Bending Machine GW70 - HSY Construction Machinery","og_description":"Rebar Bending Machine GW70 bends 6\u201360mm steel bars with powerful torque and high stability. Designed for industrial-scale rebar shaping and export to international markets.","og_url":"https:\/\/www.hsymachinery.com\/hu\/termek\/betonacel-hajlito-gep-gw70\/","og_site_name":"HSY Construction Machinery","article_modified_time":"2025-06-25T15:47:42+00:00","og_image":[{"width":600,"height":600,"url":"https:\/\/www.hsymachinery.com\/wp-content\/uploads\/2025\/06\/Rebar-Bending-Machine-GW70.jpg","type":"image\/jpeg"}],"twitter_card":"summary_large_image","twitter_misc":{"Becs\u00fclt olvas\u00e1si id\u0151":"2 perc"},"schema":{"@context":"https:\/\/schema.org","@graph":[{"@type":"WebPage","@id":"https:\/\/www.hsymachinery.com\/product\/rebar-bending-machine-gw70\/","url":"https:\/\/www.hsymachinery.com\/product\/rebar-bending-machine-gw70\/","name":"GW70 betonac\u00e9l hajl\u00edt\u00f3 g\u00e9p - HSY \u00c9p\u00edt\u0151ipari g\u00e9pek","isPartOf":{"@id":"https:\/\/www.hsymachinery.com\/#website"},"primaryImageOfPage":{"@id":"https:\/\/www.hsymachinery.com\/product\/rebar-bending-machine-gw70\/#primaryimage"},"image":{"@id":"https:\/\/www.hsymachinery.com\/product\/rebar-bending-machine-gw70\/#primaryimage"},"thumbnailUrl":"https:\/\/www.hsymachinery.com\/wp-content\/uploads\/2025\/06\/Rebar-Bending-Machine-GW70.jpg","datePublished":"2025-06-18T04:03:51+00:00","dateModified":"2025-06-25T15:47:42+00:00","description":"A GW70 ac\u00e9lr\u00fadhajl\u00edt\u00f3 g\u00e9p 6-60 mm-es ac\u00e9lrudakat hajl\u00edt er\u0151s nyomat\u00e9kkal \u00e9s nagy stabilit\u00e1ssal. Ipari m\u00e9ret\u0171 betonac\u00e9l alak\u00edt\u00e1sra \u00e9s nemzetk\u00f6zi piacokra t\u00f6rt\u00e9n\u0151 exportra tervezt\u00e9k.","breadcrumb":{"@id":"https:\/\/www.hsymachinery.com\/product\/rebar-bending-machine-gw70\/#breadcrumb"},"inLanguage":"hu","potentialAction":[{"@type":"ReadAction","target":["https:\/\/www.hsymachinery.com\/product\/rebar-bending-machine-gw70\/"]}]},{"@type":"ImageObject","inLanguage":"hu","@id":"https:\/\/www.hsymachinery.com\/product\/rebar-bending-machine-gw70\/#primaryimage","url":"https:\/\/www.hsymachinery.com\/wp-content\/uploads\/2025\/06\/Rebar-Bending-Machine-GW70.jpg","contentUrl":"https:\/\/www.hsymachinery.com\/wp-content\/uploads\/2025\/06\/Rebar-Bending-Machine-GW70.jpg","width":600,"height":600},{"@type":"BreadcrumbList","@id":"https:\/\/www.hsymachinery.com\/product\/rebar-bending-machine-gw70\/#breadcrumb","itemListElement":[{"@type":"ListItem","position":1,"name":"home","item":"https:\/\/www.hsymachinery.com\/"},{"@type":"ListItem","position":2,"name":"products","item":"https:\/\/www.hsymachinery.com\/products\/"},{"@type":"ListItem","position":3,"name":"Rebar Bending Machine GW70"}]},{"@type":"WebSite","@id":"https:\/\/www.hsymachinery.com\/#website","url":"https:\/\/www.hsymachinery.com\/","name":"HSY \u00e9p\u00edt\u0151ipari g\u00e9pek","description":"HSY Machinery - K\u00edna vezet\u0151 \u00e9p\u00edt\u0151ipari g\u00e9pgy\u00e1rt\u00f3 v\u00e1llalata, amely k\u00f6nny\u0171 \u00e9p\u00edt\u0151ipari berendez\u00e9sek sz\u00e9les v\u00e1laszt\u00e9k\u00e1t k\u00edn\u00e1lja. F\u0151 term\u00e9keink k\u00f6z\u00e9 tartozik az \u00fajj\u00e1\u00e9p\u00edt\u00e9si v\u00e1g\u00f3g\u00e9p, az \u00fajj\u00e1\u00e9p\u00edt\u00e9si hajl\u00edt\u00f3g\u00e9p, az \u00fajj\u00e1\u00e9p\u00edt\u00e9si kengyelhajl\u00edt\u00f3 g\u00e9p, az \u00fajj\u00e1\u00e9p\u00edt\u00e9si \u00edvhajl\u00edt\u00f3 g\u00e9p, az \u00fajj\u00e1\u00e9p\u00edt\u00e9si egyenes\u00edt\u0151 g\u00e9p, az \u00f6tfej\u0171 \u00fajj\u00e1\u00e9p\u00edt\u00e9si kengyelhajl\u00edt\u00f3 g\u00e9p, a d\u00f6ng\u00f6l\u0151 rammer, a lemezkompaktor, a betonv\u00e1g\u00f3, a villanymotoros sim\u00edt\u00f3 \u00e9s m\u00e1s \u00e9p\u00edt\u0151ipari g\u00e9pek. Fejlett CNC-g\u00e9pekkel vagyunk felszerelve, \u00e9s szigor\u00fa min\u0151s\u00e9gellen\u0151rz\u00e9si szabv\u00e1nyokat \u00e9rv\u00e9nyes\u00edt\u00fcnk az \u00e1tfog\u00f3 \u00e9rt\u00e9kes\u00edt\u00e9s ut\u00e1ni szolg\u00e1ltat\u00e1ssal egy\u00fctt. Ha \u00e9rdeklik term\u00e9keink vagy szolg\u00e1ltat\u00e1saink, sz\u00edvesen fogadjuk \u00e9rdekl\u0151d\u00e9s\u00e9t \u00fczenetben.","publisher":{"@id":"https:\/\/www.hsymachinery.com\/#organization"},"potentialAction":[{"@type":"SearchAction","target":{"@type":"EntryPoint","urlTemplate":"https:\/\/www.hsymachinery.com\/?s={search_term_string}"},"query-input":{"@type":"PropertyValueSpecification","valueRequired":true,"valueName":"search_term_string"}}],"inLanguage":"hu"},{"@type":"Organization","@id":"https:\/\/www.hsymachinery.com\/#organization","name":"HSY \u00e9p\u00edt\u0151ipari g\u00e9pek","url":"https:\/\/www.hsymachinery.com\/","logo":{"@type":"ImageObject","inLanguage":"hu","@id":"https:\/\/www.hsymachinery.com\/#\/schema\/logo\/image\/","url":"https:\/\/www.hsymachinery.com\/wp-content\/uploads\/2025\/06\/cropped-HSY-machinery.png","contentUrl":"https:\/\/www.hsymachinery.com\/wp-content\/uploads\/2025\/06\/cropped-HSY-machinery.png","width":600,"height":240,"caption":"HSY Construction Machinery"},"image":{"@id":"https:\/\/www.hsymachinery.com\/#\/schema\/logo\/image\/"}}]}},"_links":{"self":[{"href":"https:\/\/www.hsymachinery.com\/hu\/wp-json\/wp\/v2\/product\/8955","targetHints":{"allow":["GET"]}}],"collection":[{"href":"https:\/\/www.hsymachinery.com\/hu\/wp-json\/wp\/v2\/product"}],"about":[{"href":"https:\/\/www.hsymachinery.com\/hu\/wp-json\/wp\/v2\/types\/product"}],"version-history":[{"count":5,"href":"https:\/\/www.hsymachinery.com\/hu\/wp-json\/wp\/v2\/product\/8955\/revisions"}],"predecessor-version":[{"id":9363,"href":"https:\/\/www.hsymachinery.com\/hu\/wp-json\/wp\/v2\/product\/8955\/revisions\/9363"}],"wp:featuredmedia":[{"embeddable":true,"href":"https:\/\/www.hsymachinery.com\/hu\/wp-json\/wp\/v2\/media\/8956"}],"wp:attachment":[{"href":"https:\/\/www.hsymachinery.com\/hu\/wp-json\/wp\/v2\/media?parent=8955"}],"wp:term":[{"taxonomy":"product_brand","embeddable":true,"href":"https:\/\/www.hsymachinery.com\/hu\/wp-json\/wp\/v2\/product_brand?post=8955"},{"taxonomy":"product_cat","embeddable":true,"href":"https:\/\/www.hsymachinery.com\/hu\/wp-json\/wp\/v2\/product_cat?post=8955"},{"taxonomy":"product_tag","embeddable":true,"href":"https:\/\/www.hsymachinery.com\/hu\/wp-json\/wp\/v2\/product_tag?post=8955"}],"curies":[{"name":"wp","href":"https:\/\/api.w.org\/{rel}","templated":true}]}}