{"id":8952,"date":"2025-06-18T12:03:03","date_gmt":"2025-06-18T04:03:03","guid":{"rendered":"https:\/\/www.hsymachinery.com\/?post_type=product&#038;p=8952"},"modified":"2025-06-25T23:33:40","modified_gmt":"2025-06-25T15:33:40","slug":"betonacel-hajlito-gep-gw60","status":"publish","type":"product","link":"https:\/\/www.hsymachinery.com\/hu\/termek\/betonacel-hajlito-gep-gw60\/","title":{"rendered":"Rebar hajl\u00edt\u00f3 g\u00e9p GW60"},"content":{"rendered":"<h3 data-start=\"435\" data-end=\"546\">Neh\u00e9z teherb\u00edr\u00e1s\u00fa betonac\u00e9l hajl\u00edt\u00f3 g\u00e9p GW60 6-45mm ac\u00e9lhoz | Ipari ac\u00e9lhajl\u00edt\u00f3 a meger\u0151s\u00edt\u00e9si projektekhez<\/h3>\n<h3 data-start=\"553\" data-end=\"644\">\u00a0Term\u00e9k \u00e1ttekint\u00e9s - Fejlett \u00e9p\u00edt\u0151ipari r\u00fadform\u00e1z\u00f3 g\u00e9p vastag ac\u00e9lhajl\u00edt\u00e1shoz<\/h3>\n<p data-start=\"646\" data-end=\"973\">A <strong data-start=\"650\" data-end=\"680\"><a href=\"https:\/\/www.hsymachinery.com\/hu\/termekek\/betonacel-hajlitogep\/\" target=\"_blank\" rel=\"noopener\">Rebar hajl\u00edt\u00f3 g\u00e9p<\/a> GW60<\/strong> 6 mm-t\u0151l 45 mm-ig terjed\u0151 ac\u00e9lrudak kezel\u00e9s\u00e9re tervezt\u00e9k, megb\u00edzhat\u00f3 hajl\u00edt\u00e1si teljes\u00edtm\u00e9nyt ny\u00fajtva nagy \u00e9p\u00edt\u00e9si \u00e9s el\u0151regy\u00e1rtott projektekhez. Az aut\u00f3p\u00e1lyahidakt\u00f3l az ipari oszlopokig ez a robusztus betonac\u00e9l-alak\u00edt\u00f3 szersz\u00e1m k\u00f6vetkezetes sz\u00f6gszab\u00e1lyoz\u00e1st \u00e9s magas termel\u00e9si hat\u00e9konys\u00e1got biztos\u00edt.<\/p>\n<p data-start=\"975\" data-end=\"1107\">A v\u00e1llalkoz\u00f3k akkor v\u00e1lasztj\u00e1k a GW60-at, ha nagyobb nyomat\u00e9kra, er\u0151sebb szerkezetre \u00e9s nagyobb munkakapacit\u00e1sra van sz\u00fcks\u00e9g\u00fck, mint a hagyom\u00e1nyos betonvas hajl\u00edt\u00f3kn\u00e1l.<\/p>\n<h3 data-start=\"1114\" data-end=\"1165\">Er\u0151teljes motor kib\u0151v\u00edtett hajl\u00edt\u00f3fel\u00fclettel<\/h3>\n<p data-start=\"1167\" data-end=\"1500\">A g\u00e9p nagy \u00e1tm\u00e9r\u0151j\u0171 hajl\u00edt\u00f3koronggal, meger\u0151s\u00edtett hajl\u00edt\u00f3csapokkal \u00e9s kett\u0151s \u00e1ll\u00edthat\u00f3 \u00fctk\u00f6z\u0151vel rendelkezik a pontos sz\u00f6gbe\u00e1ll\u00edt\u00e1shoz. A felhaszn\u00e1l\u00f3k 180\u00b0-ig b\u00e1rmilyen sz\u00f6get gyorsan \u00e9s megb\u00edzhat\u00f3an kiv\u00e1laszthatnak. Az ipari r\u00e9zmotor nagy nyomat\u00e9kkibocs\u00e1t\u00e1st biztos\u00edt, m\u00edg a t\u00f6m\u00edtett sebess\u00e9gv\u00e1lt\u00f3 hossz\u00fa t\u00e1von csendes, stabil teljes\u00edtm\u00e9nyt biztos\u00edt.<\/p>\n<p data-start=\"1502\" data-end=\"1677\">A GW60 emellett biztons\u00e1gi v\u00e9szle\u00e1ll\u00edt\u00f3 kapcsol\u00f3t is tartalmaz, \u00e9s k\u00e9zi \u00e9s l\u00e1bped\u00e1los vez\u00e9rl\u00e9si m\u00f3dot is k\u00edn\u00e1l, n\u00f6velve a kezel\u0151 rugalmass\u00e1g\u00e1t \u00e9s a helysz\u00edni biztons\u00e1got.<\/p>\n<h3 data-start=\"1684\" data-end=\"1727\">Robusztus keret \u00e9s exportra k\u00e9sz kialak\u00edt\u00e1s<\/h3>\n<p data-start=\"1729\" data-end=\"2091\">Vastag\u00edtott ac\u00e9lv\u00e1za \u00e9s \u00fct\u00e9s\u00e1ll\u00f3 h\u00e1za lehet\u0151v\u00e9 teszi, hogy a GW60 megb\u00edzhat\u00f3an m\u0171k\u00f6dj\u00f6n zord k\u00f6rnyezetben is. A k\u00e9sz\u00fcl\u00e9k szil\u00e1rd kerekekre van szerelve, \u00edgy k\u00f6nnyen sz\u00e1ll\u00edthat\u00f3 az \u00e1llom\u00e1sok k\u00f6z\u00f6tt. A testreszabhat\u00f3 bemeneti fesz\u00fclts\u00e9ggel (220V\/380V, 50Hz\/60Hz) ez a modell teljes m\u00e9rt\u00e9kben alkalmas nemzetk\u00f6zi exportra, bele\u00e9rtve Afrik\u00e1t, D\u00e9lkelet-\u00c1zsi\u00e1t \u00e9s Latin-Amerik\u00e1t.<\/p>\n<p data-start=\"2093\" data-end=\"2193\">Az id\u0151j\u00e1r\u00e1sv\u00e9dett vez\u00e9rl\u0151panel lehet\u0151v\u00e9 teszi a g\u00e9p m\u0171k\u00f6d\u00e9s\u00e9t r\u00e9szben v\u00e9dett munkater\u00fcleteken is.<\/p>\n<h3 data-start=\"2200\" data-end=\"2241\">A GW60 Rebar Bender legfontosabb el\u0151nyei<\/h3>\n<ul data-start=\"2243\" data-end=\"2494\">\n<li data-start=\"2243\" data-end=\"2306\">\n<p data-start=\"2245\" data-end=\"2306\">Hat\u00e9konyan hajl\u00edtja a 6-45 mm-es ac\u00e9lrudakat nagy ism\u00e9tl\u00e9si pontoss\u00e1ggal<\/p>\n<\/li>\n<li data-start=\"2307\" data-end=\"2378\">\n<p data-start=\"2309\" data-end=\"2378\">Ide\u00e1lis h\u00edd\u00e9p\u00edt\u00e9shez, el\u0151regy\u00e1rtott udvarokhoz, alag\u00fat-meger\u0151s\u00edt\u00e9shez \u00e9s sok m\u00e1shoz.<\/p>\n<\/li>\n<li data-start=\"2379\" data-end=\"2433\">\n<p data-start=\"2381\" data-end=\"2433\">A nagy hajl\u00edt\u00f3lemez n\u00f6veli a pontoss\u00e1got \u00e9s az er\u0151t<\/p>\n<\/li>\n<li data-start=\"2434\" data-end=\"2494\">\n<p data-start=\"2436\" data-end=\"2494\">T\u00f6bbfesz\u00fclts\u00e9g\u0171 t\u00e1mogat\u00e1s a glob\u00e1lis \u00e9p\u00edt\u00e9si m\u0171veletekhez<\/p>\n<\/li>\n<\/ul>\n<p><iframe title=\"#\u00e9p\u00edt\u0151g\u00e9p #\u00e9p\u00edt\u0151g\u00e9p #\u00f6r\u0151g\u00e9p #\u00f6r\u0151hajl\u00edt\u00f3 #\u00f6r\u0151hajl\u00edt\u00f3 #\u00f6r\u0151hajl\u00edt\u00f3 #\u00f6r\u0151hajl\u00edt\u00f3\" width=\"720\" height=\"405\" src=\"https:\/\/www.youtube.com\/embed\/GX-U7SGMcVc?feature=oembed\" frameborder=\"0\" allow=\"accelerometer; autoplay; clipboard-write; encrypted-media; gyroscope; picture-in-picture; web-share\" referrerpolicy=\"strict-origin-when-cross-origin\" allowfullscreen><\/iframe><\/p>","protected":false},"excerpt":{"rendered":"<p>A GW60 betonac\u00e9l hajl\u00edt\u00f3g\u00e9p 6-45 mm-es ac\u00e9lrudakat kezel nagy nyomat\u00e9kkal, pontos sz\u00f6gekkel \u00e9s massz\u00edv v\u00e1zzal. Ide\u00e1lis ipari telephelyekre, \u00e9s k\u00e9szen \u00e1ll a vil\u00e1gm\u00e9ret\u0171 exportra.<\/p>","protected":false},"featured_media":8953,"template":"","meta":{"_kad_post_transparent":"default","_kad_post_title":"","_kad_post_layout":"default","_kad_post_sidebar_id":"","_kad_post_content_style":"default","_kad_post_vertical_padding":"default","_kad_post_feature":"","_kad_post_feature_position":"","_kad_post_header":false,"_kad_post_footer":false},"product_brand":[],"product_cat":[28],"product_tag":[998,1004,996,1003,997,1000,1001,999,995,1002],"class_list":{"0":"post-8952","1":"product","2":"type-product","3":"status-publish","4":"has-post-thumbnail","6":"product_cat-rebar-bending-machine","7":"product_tag-automatic-rebar-bending-machine","8":"product_tag-bar-bending-machine-price","9":"product_tag-cnc-rebar-bending-machine","10":"product_tag-construction-rebar-bender","11":"product_tag-electric-rebar-bender","12":"product_tag-electric-rebar-bending-machine","13":"product_tag-hydraulic-rebar-bending-machine","14":"product_tag-portable-rebar-bender","15":"product_tag-rebar-bender","16":"product_tag-steel-bar-bender","18":"first","19":"instock","20":"shipping-taxable","21":"product-type-simple","22":"entry","23":"content-bg","24":"loop-entry"},"yoast_head":"<!-- This site is optimized with the Yoast SEO plugin v25.3.1 - https:\/\/yoast.com\/wordpress\/plugins\/seo\/ -->\n<title>Rebar Bending Machine GW60 - HSY Construction Machinery<\/title>\n<meta name=\"description\" content=\"Rebar Bending Machine GW60 offers reliable bending for 6\u201345mm steel bars. This industrial-grade bar forming machine is ideal for heavy construction and global export projects.\" \/>\n<meta name=\"robots\" content=\"index, follow, max-snippet:-1, max-image-preview:large, max-video-preview:-1\" \/>\n<link rel=\"canonical\" href=\"https:\/\/www.hsymachinery.com\/hu\/termek\/betonacel-hajlito-gep-gw60\/\" \/>\n<meta property=\"og:locale\" content=\"hu_HU\" \/>\n<meta property=\"og:type\" content=\"article\" \/>\n<meta property=\"og:title\" content=\"Rebar Bending Machine GW60 - HSY Construction Machinery\" \/>\n<meta property=\"og:description\" content=\"Rebar Bending Machine GW60 offers reliable bending for 6\u201345mm steel bars. This industrial-grade bar forming machine is ideal for heavy construction and global export projects.\" \/>\n<meta property=\"og:url\" content=\"https:\/\/www.hsymachinery.com\/hu\/termek\/betonacel-hajlito-gep-gw60\/\" \/>\n<meta property=\"og:site_name\" content=\"HSY Construction Machinery\" \/>\n<meta property=\"article:modified_time\" content=\"2025-06-25T15:33:40+00:00\" \/>\n<meta property=\"og:image\" content=\"https:\/\/www.hsymachinery.com\/wp-content\/uploads\/2025\/06\/Rebar-Bending-Machine-GW60.jpg\" \/>\n\t<meta property=\"og:image:width\" content=\"600\" \/>\n\t<meta property=\"og:image:height\" content=\"600\" \/>\n\t<meta property=\"og:image:type\" content=\"image\/jpeg\" \/>\n<meta name=\"twitter:card\" content=\"summary_large_image\" \/>\n<meta name=\"twitter:label1\" content=\"Becs\u00fclt olvas\u00e1si id\u0151\" \/>\n\t<meta name=\"twitter:data1\" content=\"2 perc\" \/>\n<script type=\"application\/ld+json\" class=\"yoast-schema-graph\">{\"@context\":\"https:\/\/schema.org\",\"@graph\":[{\"@type\":\"WebPage\",\"@id\":\"https:\/\/www.hsymachinery.com\/product\/rebar-bending-machine-gw60\/\",\"url\":\"https:\/\/www.hsymachinery.com\/product\/rebar-bending-machine-gw60\/\",\"name\":\"Rebar Bending Machine GW60 - HSY Construction Machinery\",\"isPartOf\":{\"@id\":\"https:\/\/www.hsymachinery.com\/#website\"},\"primaryImageOfPage\":{\"@id\":\"https:\/\/www.hsymachinery.com\/product\/rebar-bending-machine-gw60\/#primaryimage\"},\"image\":{\"@id\":\"https:\/\/www.hsymachinery.com\/product\/rebar-bending-machine-gw60\/#primaryimage\"},\"thumbnailUrl\":\"https:\/\/www.hsymachinery.com\/wp-content\/uploads\/2025\/06\/Rebar-Bending-Machine-GW60.jpg\",\"datePublished\":\"2025-06-18T04:03:03+00:00\",\"dateModified\":\"2025-06-25T15:33:40+00:00\",\"description\":\"Rebar Bending Machine GW60 offers reliable bending for 6\u201345mm steel bars. This industrial-grade bar forming machine is ideal for heavy construction and global export projects.\",\"breadcrumb\":{\"@id\":\"https:\/\/www.hsymachinery.com\/product\/rebar-bending-machine-gw60\/#breadcrumb\"},\"inLanguage\":\"hu\",\"potentialAction\":[{\"@type\":\"ReadAction\",\"target\":[\"https:\/\/www.hsymachinery.com\/product\/rebar-bending-machine-gw60\/\"]}]},{\"@type\":\"ImageObject\",\"inLanguage\":\"hu\",\"@id\":\"https:\/\/www.hsymachinery.com\/product\/rebar-bending-machine-gw60\/#primaryimage\",\"url\":\"https:\/\/www.hsymachinery.com\/wp-content\/uploads\/2025\/06\/Rebar-Bending-Machine-GW60.jpg\",\"contentUrl\":\"https:\/\/www.hsymachinery.com\/wp-content\/uploads\/2025\/06\/Rebar-Bending-Machine-GW60.jpg\",\"width\":600,\"height\":600},{\"@type\":\"BreadcrumbList\",\"@id\":\"https:\/\/www.hsymachinery.com\/product\/rebar-bending-machine-gw60\/#breadcrumb\",\"itemListElement\":[{\"@type\":\"ListItem\",\"position\":1,\"name\":\"home\",\"item\":\"https:\/\/www.hsymachinery.com\/\"},{\"@type\":\"ListItem\",\"position\":2,\"name\":\"products\",\"item\":\"https:\/\/www.hsymachinery.com\/products\/\"},{\"@type\":\"ListItem\",\"position\":3,\"name\":\"Rebar Bending Machine GW60\"}]},{\"@type\":\"WebSite\",\"@id\":\"https:\/\/www.hsymachinery.com\/#website\",\"url\":\"https:\/\/www.hsymachinery.com\/\",\"name\":\"HSY Construction Machinery\",\"description\":\"HSY Machinery \u2013 A leading China construction machinery supplier, offering a wide range of light construction equipment. Our main products include Rebar Cutting Machine, Rebar Bending Machine, Rebar Stirrup Bending Machine, Rebar Arc Bending Machine, Rebar Straightening Machine, Five-Head Rebar Stirrup Bending Machine, Tamping Rammer, Plate Compactor, Concrete Cutter, Power Trowel, and other construction machinery. We are equipped with advanced CNC machines, and we enforce strict quality inspection standards along with comprehensive after-sales service. If you are interested in our products or services, we warmly welcome your inquiries via message.\",\"publisher\":{\"@id\":\"https:\/\/www.hsymachinery.com\/#organization\"},\"potentialAction\":[{\"@type\":\"SearchAction\",\"target\":{\"@type\":\"EntryPoint\",\"urlTemplate\":\"https:\/\/www.hsymachinery.com\/?s={search_term_string}\"},\"query-input\":{\"@type\":\"PropertyValueSpecification\",\"valueRequired\":true,\"valueName\":\"search_term_string\"}}],\"inLanguage\":\"hu\"},{\"@type\":\"Organization\",\"@id\":\"https:\/\/www.hsymachinery.com\/#organization\",\"name\":\"HSY Construction Machinery\",\"url\":\"https:\/\/www.hsymachinery.com\/\",\"logo\":{\"@type\":\"ImageObject\",\"inLanguage\":\"hu\",\"@id\":\"https:\/\/www.hsymachinery.com\/#\/schema\/logo\/image\/\",\"url\":\"https:\/\/www.hsymachinery.com\/wp-content\/uploads\/2025\/06\/cropped-HSY-machinery.png\",\"contentUrl\":\"https:\/\/www.hsymachinery.com\/wp-content\/uploads\/2025\/06\/cropped-HSY-machinery.png\",\"width\":600,\"height\":240,\"caption\":\"HSY Construction Machinery\"},\"image\":{\"@id\":\"https:\/\/www.hsymachinery.com\/#\/schema\/logo\/image\/\"}}]}<\/script>\n<!-- \/ Yoast SEO plugin. -->","yoast_head_json":{"title":"GW60 betonac\u00e9l hajl\u00edt\u00f3 g\u00e9p - HSY \u00c9p\u00edt\u0151ipari g\u00e9pek","description":"A GW60 ac\u00e9lr\u00fadhajl\u00edt\u00f3 g\u00e9p megb\u00edzhat\u00f3 hajl\u00edt\u00e1st k\u00edn\u00e1l 6-45 mm-es ac\u00e9lrudakhoz. Ez az ipari min\u0151s\u00e9g\u0171 r\u00fadalak\u00edt\u00f3 g\u00e9p ide\u00e1lis a neh\u00e9z \u00e9p\u00edt\u0151ipari \u00e9s glob\u00e1lis export projektekhez.","robots":{"index":"index","follow":"follow","max-snippet":"max-snippet:-1","max-image-preview":"max-image-preview:large","max-video-preview":"max-video-preview:-1"},"canonical":"https:\/\/www.hsymachinery.com\/hu\/termek\/betonacel-hajlito-gep-gw60\/","og_locale":"hu_HU","og_type":"article","og_title":"Rebar Bending Machine GW60 - HSY Construction Machinery","og_description":"Rebar Bending Machine GW60 offers reliable bending for 6\u201345mm steel bars. This industrial-grade bar forming machine is ideal for heavy construction and global export projects.","og_url":"https:\/\/www.hsymachinery.com\/hu\/termek\/betonacel-hajlito-gep-gw60\/","og_site_name":"HSY Construction Machinery","article_modified_time":"2025-06-25T15:33:40+00:00","og_image":[{"width":600,"height":600,"url":"https:\/\/www.hsymachinery.com\/wp-content\/uploads\/2025\/06\/Rebar-Bending-Machine-GW60.jpg","type":"image\/jpeg"}],"twitter_card":"summary_large_image","twitter_misc":{"Becs\u00fclt olvas\u00e1si id\u0151":"2 perc"},"schema":{"@context":"https:\/\/schema.org","@graph":[{"@type":"WebPage","@id":"https:\/\/www.hsymachinery.com\/product\/rebar-bending-machine-gw60\/","url":"https:\/\/www.hsymachinery.com\/product\/rebar-bending-machine-gw60\/","name":"GW60 betonac\u00e9l hajl\u00edt\u00f3 g\u00e9p - HSY \u00c9p\u00edt\u0151ipari g\u00e9pek","isPartOf":{"@id":"https:\/\/www.hsymachinery.com\/#website"},"primaryImageOfPage":{"@id":"https:\/\/www.hsymachinery.com\/product\/rebar-bending-machine-gw60\/#primaryimage"},"image":{"@id":"https:\/\/www.hsymachinery.com\/product\/rebar-bending-machine-gw60\/#primaryimage"},"thumbnailUrl":"https:\/\/www.hsymachinery.com\/wp-content\/uploads\/2025\/06\/Rebar-Bending-Machine-GW60.jpg","datePublished":"2025-06-18T04:03:03+00:00","dateModified":"2025-06-25T15:33:40+00:00","description":"A GW60 ac\u00e9lr\u00fadhajl\u00edt\u00f3 g\u00e9p megb\u00edzhat\u00f3 hajl\u00edt\u00e1st k\u00edn\u00e1l 6-45 mm-es ac\u00e9lrudakhoz. Ez az ipari min\u0151s\u00e9g\u0171 r\u00fadalak\u00edt\u00f3 g\u00e9p ide\u00e1lis a neh\u00e9z \u00e9p\u00edt\u0151ipari \u00e9s glob\u00e1lis export projektekhez.","breadcrumb":{"@id":"https:\/\/www.hsymachinery.com\/product\/rebar-bending-machine-gw60\/#breadcrumb"},"inLanguage":"hu","potentialAction":[{"@type":"ReadAction","target":["https:\/\/www.hsymachinery.com\/product\/rebar-bending-machine-gw60\/"]}]},{"@type":"ImageObject","inLanguage":"hu","@id":"https:\/\/www.hsymachinery.com\/product\/rebar-bending-machine-gw60\/#primaryimage","url":"https:\/\/www.hsymachinery.com\/wp-content\/uploads\/2025\/06\/Rebar-Bending-Machine-GW60.jpg","contentUrl":"https:\/\/www.hsymachinery.com\/wp-content\/uploads\/2025\/06\/Rebar-Bending-Machine-GW60.jpg","width":600,"height":600},{"@type":"BreadcrumbList","@id":"https:\/\/www.hsymachinery.com\/product\/rebar-bending-machine-gw60\/#breadcrumb","itemListElement":[{"@type":"ListItem","position":1,"name":"home","item":"https:\/\/www.hsymachinery.com\/"},{"@type":"ListItem","position":2,"name":"products","item":"https:\/\/www.hsymachinery.com\/products\/"},{"@type":"ListItem","position":3,"name":"Rebar Bending Machine GW60"}]},{"@type":"WebSite","@id":"https:\/\/www.hsymachinery.com\/#website","url":"https:\/\/www.hsymachinery.com\/","name":"HSY \u00e9p\u00edt\u0151ipari g\u00e9pek","description":"HSY Machinery - K\u00edna vezet\u0151 \u00e9p\u00edt\u0151ipari g\u00e9pgy\u00e1rt\u00f3 v\u00e1llalata, amely k\u00f6nny\u0171 \u00e9p\u00edt\u0151ipari berendez\u00e9sek sz\u00e9les v\u00e1laszt\u00e9k\u00e1t k\u00edn\u00e1lja. F\u0151 term\u00e9keink k\u00f6z\u00e9 tartozik az \u00fajj\u00e1\u00e9p\u00edt\u00e9si v\u00e1g\u00f3g\u00e9p, az \u00fajj\u00e1\u00e9p\u00edt\u00e9si hajl\u00edt\u00f3g\u00e9p, az \u00fajj\u00e1\u00e9p\u00edt\u00e9si kengyelhajl\u00edt\u00f3 g\u00e9p, az \u00fajj\u00e1\u00e9p\u00edt\u00e9si \u00edvhajl\u00edt\u00f3 g\u00e9p, az \u00fajj\u00e1\u00e9p\u00edt\u00e9si egyenes\u00edt\u0151 g\u00e9p, az \u00f6tfej\u0171 \u00fajj\u00e1\u00e9p\u00edt\u00e9si kengyelhajl\u00edt\u00f3 g\u00e9p, a d\u00f6ng\u00f6l\u0151 rammer, a lemezkompaktor, a betonv\u00e1g\u00f3, a villanymotoros sim\u00edt\u00f3 \u00e9s m\u00e1s \u00e9p\u00edt\u0151ipari g\u00e9pek. Fejlett CNC-g\u00e9pekkel vagyunk felszerelve, \u00e9s szigor\u00fa min\u0151s\u00e9gellen\u0151rz\u00e9si szabv\u00e1nyokat \u00e9rv\u00e9nyes\u00edt\u00fcnk az \u00e1tfog\u00f3 \u00e9rt\u00e9kes\u00edt\u00e9s ut\u00e1ni szolg\u00e1ltat\u00e1ssal egy\u00fctt. Ha \u00e9rdeklik term\u00e9keink vagy szolg\u00e1ltat\u00e1saink, sz\u00edvesen fogadjuk \u00e9rdekl\u0151d\u00e9s\u00e9t \u00fczenetben.","publisher":{"@id":"https:\/\/www.hsymachinery.com\/#organization"},"potentialAction":[{"@type":"SearchAction","target":{"@type":"EntryPoint","urlTemplate":"https:\/\/www.hsymachinery.com\/?s={search_term_string}"},"query-input":{"@type":"PropertyValueSpecification","valueRequired":true,"valueName":"search_term_string"}}],"inLanguage":"hu"},{"@type":"Organization","@id":"https:\/\/www.hsymachinery.com\/#organization","name":"HSY \u00e9p\u00edt\u0151ipari g\u00e9pek","url":"https:\/\/www.hsymachinery.com\/","logo":{"@type":"ImageObject","inLanguage":"hu","@id":"https:\/\/www.hsymachinery.com\/#\/schema\/logo\/image\/","url":"https:\/\/www.hsymachinery.com\/wp-content\/uploads\/2025\/06\/cropped-HSY-machinery.png","contentUrl":"https:\/\/www.hsymachinery.com\/wp-content\/uploads\/2025\/06\/cropped-HSY-machinery.png","width":600,"height":240,"caption":"HSY Construction Machinery"},"image":{"@id":"https:\/\/www.hsymachinery.com\/#\/schema\/logo\/image\/"}}]}},"_links":{"self":[{"href":"https:\/\/www.hsymachinery.com\/hu\/wp-json\/wp\/v2\/product\/8952","targetHints":{"allow":["GET"]}}],"collection":[{"href":"https:\/\/www.hsymachinery.com\/hu\/wp-json\/wp\/v2\/product"}],"about":[{"href":"https:\/\/www.hsymachinery.com\/hu\/wp-json\/wp\/v2\/types\/product"}],"version-history":[{"count":3,"href":"https:\/\/www.hsymachinery.com\/hu\/wp-json\/wp\/v2\/product\/8952\/revisions"}],"predecessor-version":[{"id":9359,"href":"https:\/\/www.hsymachinery.com\/hu\/wp-json\/wp\/v2\/product\/8952\/revisions\/9359"}],"wp:featuredmedia":[{"embeddable":true,"href":"https:\/\/www.hsymachinery.com\/hu\/wp-json\/wp\/v2\/media\/8953"}],"wp:attachment":[{"href":"https:\/\/www.hsymachinery.com\/hu\/wp-json\/wp\/v2\/media?parent=8952"}],"wp:term":[{"taxonomy":"product_brand","embeddable":true,"href":"https:\/\/www.hsymachinery.com\/hu\/wp-json\/wp\/v2\/product_brand?post=8952"},{"taxonomy":"product_cat","embeddable":true,"href":"https:\/\/www.hsymachinery.com\/hu\/wp-json\/wp\/v2\/product_cat?post=8952"},{"taxonomy":"product_tag","embeddable":true,"href":"https:\/\/www.hsymachinery.com\/hu\/wp-json\/wp\/v2\/product_tag?post=8952"}],"curies":[{"name":"wp","href":"https:\/\/api.w.org\/{rel}","templated":true}]}}