{"id":8939,"date":"2025-06-18T11:56:04","date_gmt":"2025-06-18T03:56:04","guid":{"rendered":"https:\/\/www.hsymachinery.com\/?post_type=product&#038;p=8939"},"modified":"2025-06-25T23:05:29","modified_gmt":"2025-06-25T15:05:29","slug":"betonacel-hajlito-gep-gw40","status":"publish","type":"product","link":"https:\/\/www.hsymachinery.com\/hu\/termek\/betonacel-hajlito-gep-gw40\/","title":{"rendered":"Rebar hajl\u00edt\u00f3 g\u00e9p GW40"},"content":{"rendered":"<h3 data-start=\"323\" data-end=\"410\">Kompakt betonac\u00e9l hajl\u00edt\u00f3 g\u00e9p 6-32 mm-es rudakhoz | \u00c9p\u00edt\u0151ipari min\u0151s\u00e9g\u0171 ac\u00e9l r\u00fadhajl\u00edt\u00f3 g\u00e9p<\/h3>\n<h3 data-start=\"417\" data-end=\"491\">Term\u00e9k\u00e1ttekint\u00e9s - Hordozhat\u00f3 ac\u00e9lhajl\u00edt\u00f3 berendez\u00e9s helysz\u00edni haszn\u00e1latra<\/h3>\n<p data-start=\"493\" data-end=\"869\">A <strong data-start=\"497\" data-end=\"527\">Rebar hajl\u00edt\u00f3 g\u00e9p GW40<\/strong> egy kompakt, tart\u00f3s \u00e9s rendk\u00edv\u00fcl hat\u00e9kony <strong data-start=\"572\" data-end=\"596\">r\u00fadhajl\u00edt\u00f3 megold\u00e1s<\/strong> feldolgoz\u00e1sra tervezt\u00e9k <strong data-start=\"621\" data-end=\"636\">6 mm-t\u0151l 32 mm-ig<\/strong> ac\u00e9lrudak. Ak\u00e1r kis lak\u00f3\u00e9p\u00fcleteken, ak\u00e1r k\u00f6zepes m\u00e9ret\u0171 \u00e9p\u00edtkez\u00e9seken dolgozik, ez a g\u00e9p minden alkalommal tiszta, pontos hajl\u00edt\u00e1sokat biztos\u00edt. T\u00f6k\u00e9letes alapoz\u00e1shoz, oszlopokhoz, gerend\u00e1khoz \u00e9s \u00e1ltal\u00e1nos meger\u0151s\u00edt\u00e9si munk\u00e1khoz.<\/p>\n<p data-start=\"871\" data-end=\"1062\">K\u00f6nny\u0171 v\u00e1z\u00e1nak \u00e9s egyszer\u0171 kezelhet\u0151s\u00e9g\u00e9nek k\u00f6sz\u00f6nhet\u0151en a dolgoz\u00f3k mozgathatj\u00e1k \u00e9s kezelhetik a <strong data-start=\"956\" data-end=\"975\">GW40 r\u00fadhajl\u00edt\u00f3<\/strong> minim\u00e1lis k\u00e9pz\u00e9ssel. Ennek eredm\u00e9nyek\u00e9ppen n\u0151 a termel\u00e9kenys\u00e9g \u00e9s cs\u00f6kken a munkaig\u00e9ny.<\/p>\n<h3 data-start=\"1069\" data-end=\"1128\">\u00a0Pontos sz\u00f6gszab\u00e1lyoz\u00e1s \u00e9s egyenletes hajl\u00edt\u00e1si teljes\u00edtm\u00e9ny<\/h3>\n<p data-start=\"1130\" data-end=\"1439\">A <strong data-start=\"1134\" data-end=\"1164\">Rebar hajl\u00edt\u00f3 g\u00e9p GW40<\/strong> edzett hajl\u00edt\u00f3korongot haszn\u00e1l \u00e1ll\u00edthat\u00f3 \u00fctk\u00f6z\u0151csapokkal a hajl\u00edt\u00e1si sz\u00f6g szab\u00e1lyoz\u00e1s\u00e1ra. A kezel\u0151k gyorsan v\u00e1lthatnak a k\u00fcl\u00f6nb\u00f6z\u0151 sz\u00f6gek k\u00f6z\u00f6tt - jellemz\u0151en 180\u00b0-ig - nagy k\u00f6vetkezetess\u00e9ggel. Ez a tulajdons\u00e1g alkalmass\u00e1 teszi a g\u00e9pet mind a szabv\u00e1nyos hajl\u00edt\u00e1sok, mind az egyedi betonac\u00e9l-form\u00e1k meghajl\u00edt\u00e1s\u00e1ra.<\/p>\n<p data-start=\"1441\" data-end=\"1648\">A g\u00e9p egy nagy teljes\u00edtm\u00e9ny\u0171 <strong data-start=\"1472\" data-end=\"1493\">r\u00e9zhuzalos motor<\/strong> amely stabil nyomat\u00e9kot biztos\u00edt. Ezen k\u00edv\u00fcl a z\u00e1rt, kenhet\u0151 hajt\u00f3m\u0171 cs\u00f6kkenti a mechanikai kop\u00e1st \u00e9s meghosszabb\u00edtja a bels\u0151 alkatr\u00e9szek \u00e9lettartam\u00e1t.<\/p>\n<h3 data-start=\"1655\" data-end=\"1704\">Tart\u00f3s szerkezet \u00e9s glob\u00e1lis kompatibilit\u00e1s<\/h3>\n<p data-start=\"1706\" data-end=\"1978\">A <strong data-start=\"1710\" data-end=\"1740\">GW40 betonac\u00e9l hajl\u00edt\u00f3 g\u00e9p<\/strong> meger\u0151s\u00edtett \u00f6nt\u00f6ttvas testtel rendelkezik, amelyet \u00fagy terveztek, hogy ellen\u00e1lljon az \u00fct\u00e9seknek \u00e9s a deform\u00e1ci\u00f3nak. A massz\u00edv kerekek jav\u00edtj\u00e1k a hordozhat\u00f3s\u00e1got, az opcion\u00e1lis l\u00e1b- vagy k\u00e9zi vez\u00e9rl\u00e9s pedig n\u00f6veli a m\u0171k\u00f6d\u00e9si biztons\u00e1got. A g\u00e9p kompakt m\u00e9rete ide\u00e1lis a helysz\u0171k\u00f6s helysz\u00edneken.<\/p>\n<p data-start=\"1980\" data-end=\"2197\">Ezenk\u00edv\u00fcl t\u00e1mogatja <strong data-start=\"2005\" data-end=\"2052\">egyedi fesz\u00fclts\u00e9g bemenet (220V\/380V, 50Hz\/60Hz)<\/strong> a z\u00f6kken\u0151mentes nemzetk\u00f6zi telep\u00edt\u00e9shez. Robusztus kialak\u00edt\u00e1sa \u00e9s rugalmas funkci\u00f3i miatt kiv\u00e1l\u00f3 v\u00e1laszt\u00e1s az \u00e9p\u00edt\u0151ipari v\u00e1llalatok sz\u00e1m\u00e1ra vil\u00e1gszerte.<\/p>\n<h3 data-start=\"2204\" data-end=\"2252\">Mi\u00e9rt v\u00e1lassza a GW40 Rebar hajl\u00edt\u00f3g\u00e9pet?<\/h3>\n<ul data-start=\"2254\" data-end=\"2436\">\n<li data-start=\"2254\" data-end=\"2292\">\n<p data-start=\"2256\" data-end=\"2292\">Pontosan hajl\u00edtja a 6-32 mm-es ac\u00e9lrudakat<\/p>\n<\/li>\n<li data-start=\"2293\" data-end=\"2344\">\n<p data-start=\"2295\" data-end=\"2344\">Hordozhat\u00f3 \u00e9s k\u00f6nnyen kezelhet\u0151 sz\u0171k munkater\u00fcleteken<\/p>\n<\/li>\n<li data-start=\"2345\" data-end=\"2387\">\n<p data-start=\"2347\" data-end=\"2387\">Tart\u00f3s sebess\u00e9gv\u00e1lt\u00f3 \u00e9s hossz\u00fa \u00e9lettartam\u00fa motor<\/p>\n<\/li>\n<li data-start=\"2388\" data-end=\"2436\">\n<p data-start=\"2390\" data-end=\"2436\">Ide\u00e1lis exportra \u00e9s glob\u00e1lis \u00e9p\u00edt\u0151ipari felhaszn\u00e1l\u00e1sra<\/p>\n<\/li>\n<\/ul>\n<p><iframe title=\"#\u00e9p\u00edt\u0151g\u00e9p #\u00e9p\u00edt\u0151g\u00e9p #\u00f6r\u0151g\u00e9p #\u00f6r\u0151hajl\u00edt\u00f3 #\u00f6r\u0151hajl\u00edt\u00f3 #\u00f6r\u0151hajl\u00edt\u00f3 #\u00f6r\u0151hajl\u00edt\u00f3\" width=\"720\" height=\"405\" src=\"https:\/\/www.youtube.com\/embed\/GX-U7SGMcVc?feature=oembed\" frameborder=\"0\" allow=\"accelerometer; autoplay; clipboard-write; encrypted-media; gyroscope; picture-in-picture; web-share\" referrerpolicy=\"strict-origin-when-cross-origin\" allowfullscreen><\/iframe><\/p>","protected":false},"excerpt":{"rendered":"<p>A GW40 \u00fajraszerkezet hajl\u00edt\u00f3 g\u00e9p 6-32 mm-es rudakat hajl\u00edt meg pontoss\u00e1ggal \u00e9s ellen\u0151rz\u00e9ssel. Kompakt m\u00e9rete \u00e9s k\u00f6nny\u0171 kezelhet\u0151s\u00e9ge ide\u00e1lis az \u00e1ltal\u00e1nos \u00e9p\u00edtkez\u00e9sekhez.<\/p>","protected":false},"featured_media":8941,"template":"","meta":{"_kad_post_transparent":"default","_kad_post_title":"","_kad_post_layout":"default","_kad_post_sidebar_id":"","_kad_post_content_style":"default","_kad_post_vertical_padding":"default","_kad_post_feature":"","_kad_post_feature_position":"","_kad_post_header":false,"_kad_post_footer":false},"product_brand":[],"product_cat":[28],"product_tag":[998,1004,996,1003,997,1000,1001,999,995,1002],"class_list":{"0":"post-8939","1":"product","2":"type-product","3":"status-publish","4":"has-post-thumbnail","6":"product_cat-rebar-bending-machine","7":"product_tag-automatic-rebar-bending-machine","8":"product_tag-bar-bending-machine-price","9":"product_tag-cnc-rebar-bending-machine","10":"product_tag-construction-rebar-bender","11":"product_tag-electric-rebar-bender","12":"product_tag-electric-rebar-bending-machine","13":"product_tag-hydraulic-rebar-bending-machine","14":"product_tag-portable-rebar-bender","15":"product_tag-rebar-bender","16":"product_tag-steel-bar-bender","18":"first","19":"instock","20":"featured","21":"shipping-taxable","22":"product-type-simple","23":"entry","24":"content-bg","25":"loop-entry"},"yoast_head":"<!-- This site is optimized with the Yoast SEO plugin v25.3.1 - https:\/\/yoast.com\/wordpress\/plugins\/seo\/ -->\n<title>Rebar Bending Machine GW40 - HSY Construction Machinery<\/title>\n<meta name=\"description\" content=\"Rebar Bending Machine GW40 bends 6\u201332mm steel bars with high accuracy. Compact, portable, and suitable for export to construction markets worldwide.\" \/>\n<meta name=\"robots\" content=\"index, follow, max-snippet:-1, max-image-preview:large, max-video-preview:-1\" \/>\n<link rel=\"canonical\" href=\"https:\/\/www.hsymachinery.com\/hu\/termek\/betonacel-hajlito-gep-gw40\/\" \/>\n<meta property=\"og:locale\" content=\"hu_HU\" \/>\n<meta property=\"og:type\" content=\"article\" \/>\n<meta property=\"og:title\" content=\"Rebar Bending Machine GW40 - HSY Construction Machinery\" \/>\n<meta property=\"og:description\" content=\"Rebar Bending Machine GW40 bends 6\u201332mm steel bars with high accuracy. Compact, portable, and suitable for export to construction markets worldwide.\" \/>\n<meta property=\"og:url\" content=\"https:\/\/www.hsymachinery.com\/hu\/termek\/betonacel-hajlito-gep-gw40\/\" \/>\n<meta property=\"og:site_name\" content=\"HSY Construction Machinery\" \/>\n<meta property=\"article:modified_time\" content=\"2025-06-25T15:05:29+00:00\" \/>\n<meta property=\"og:image\" content=\"https:\/\/www.hsymachinery.com\/wp-content\/uploads\/2025\/06\/Rebar-Bending-Machine-GW40.jpg\" \/>\n\t<meta property=\"og:image:width\" content=\"600\" \/>\n\t<meta property=\"og:image:height\" content=\"600\" \/>\n\t<meta property=\"og:image:type\" content=\"image\/jpeg\" \/>\n<meta name=\"twitter:card\" content=\"summary_large_image\" \/>\n<meta name=\"twitter:label1\" content=\"Becs\u00fclt olvas\u00e1si id\u0151\" \/>\n\t<meta name=\"twitter:data1\" content=\"2 perc\" \/>\n<script type=\"application\/ld+json\" class=\"yoast-schema-graph\">{\"@context\":\"https:\/\/schema.org\",\"@graph\":[{\"@type\":\"WebPage\",\"@id\":\"https:\/\/www.hsymachinery.com\/product\/rebar-bending-machine-gw40\/\",\"url\":\"https:\/\/www.hsymachinery.com\/product\/rebar-bending-machine-gw40\/\",\"name\":\"Rebar Bending Machine GW40 - HSY Construction Machinery\",\"isPartOf\":{\"@id\":\"https:\/\/www.hsymachinery.com\/#website\"},\"primaryImageOfPage\":{\"@id\":\"https:\/\/www.hsymachinery.com\/product\/rebar-bending-machine-gw40\/#primaryimage\"},\"image\":{\"@id\":\"https:\/\/www.hsymachinery.com\/product\/rebar-bending-machine-gw40\/#primaryimage\"},\"thumbnailUrl\":\"https:\/\/www.hsymachinery.com\/wp-content\/uploads\/2025\/06\/Rebar-Bending-Machine-GW40.jpg\",\"datePublished\":\"2025-06-18T03:56:04+00:00\",\"dateModified\":\"2025-06-25T15:05:29+00:00\",\"description\":\"Rebar Bending Machine GW40 bends 6\u201332mm steel bars with high accuracy. Compact, portable, and suitable for export to construction markets worldwide.\",\"breadcrumb\":{\"@id\":\"https:\/\/www.hsymachinery.com\/product\/rebar-bending-machine-gw40\/#breadcrumb\"},\"inLanguage\":\"hu\",\"potentialAction\":[{\"@type\":\"ReadAction\",\"target\":[\"https:\/\/www.hsymachinery.com\/product\/rebar-bending-machine-gw40\/\"]}]},{\"@type\":\"ImageObject\",\"inLanguage\":\"hu\",\"@id\":\"https:\/\/www.hsymachinery.com\/product\/rebar-bending-machine-gw40\/#primaryimage\",\"url\":\"https:\/\/www.hsymachinery.com\/wp-content\/uploads\/2025\/06\/Rebar-Bending-Machine-GW40.jpg\",\"contentUrl\":\"https:\/\/www.hsymachinery.com\/wp-content\/uploads\/2025\/06\/Rebar-Bending-Machine-GW40.jpg\",\"width\":600,\"height\":600},{\"@type\":\"BreadcrumbList\",\"@id\":\"https:\/\/www.hsymachinery.com\/product\/rebar-bending-machine-gw40\/#breadcrumb\",\"itemListElement\":[{\"@type\":\"ListItem\",\"position\":1,\"name\":\"home\",\"item\":\"https:\/\/www.hsymachinery.com\/\"},{\"@type\":\"ListItem\",\"position\":2,\"name\":\"products\",\"item\":\"https:\/\/www.hsymachinery.com\/products\/\"},{\"@type\":\"ListItem\",\"position\":3,\"name\":\"Rebar Bending Machine GW40\"}]},{\"@type\":\"WebSite\",\"@id\":\"https:\/\/www.hsymachinery.com\/#website\",\"url\":\"https:\/\/www.hsymachinery.com\/\",\"name\":\"HSY Construction Machinery\",\"description\":\"HSY Machinery \u2013 A leading China construction machinery supplier, offering a wide range of light construction equipment. Our main products include Rebar Cutting Machine, Rebar Bending Machine, Rebar Stirrup Bending Machine, Rebar Arc Bending Machine, Rebar Straightening Machine, Five-Head Rebar Stirrup Bending Machine, Tamping Rammer, Plate Compactor, Concrete Cutter, Power Trowel, and other construction machinery. We are equipped with advanced CNC machines, and we enforce strict quality inspection standards along with comprehensive after-sales service. If you are interested in our products or services, we warmly welcome your inquiries via message.\",\"publisher\":{\"@id\":\"https:\/\/www.hsymachinery.com\/#organization\"},\"potentialAction\":[{\"@type\":\"SearchAction\",\"target\":{\"@type\":\"EntryPoint\",\"urlTemplate\":\"https:\/\/www.hsymachinery.com\/?s={search_term_string}\"},\"query-input\":{\"@type\":\"PropertyValueSpecification\",\"valueRequired\":true,\"valueName\":\"search_term_string\"}}],\"inLanguage\":\"hu\"},{\"@type\":\"Organization\",\"@id\":\"https:\/\/www.hsymachinery.com\/#organization\",\"name\":\"HSY Construction Machinery\",\"url\":\"https:\/\/www.hsymachinery.com\/\",\"logo\":{\"@type\":\"ImageObject\",\"inLanguage\":\"hu\",\"@id\":\"https:\/\/www.hsymachinery.com\/#\/schema\/logo\/image\/\",\"url\":\"https:\/\/www.hsymachinery.com\/wp-content\/uploads\/2025\/06\/cropped-HSY-machinery.png\",\"contentUrl\":\"https:\/\/www.hsymachinery.com\/wp-content\/uploads\/2025\/06\/cropped-HSY-machinery.png\",\"width\":600,\"height\":240,\"caption\":\"HSY Construction Machinery\"},\"image\":{\"@id\":\"https:\/\/www.hsymachinery.com\/#\/schema\/logo\/image\/\"}}]}<\/script>\n<!-- \/ Yoast SEO plugin. -->","yoast_head_json":{"title":"GW40 betonac\u00e9l hajl\u00edt\u00f3 g\u00e9p - HSY \u00c9p\u00edt\u0151ipari g\u00e9pek","description":"A GW40 ac\u00e9lr\u00fadhajl\u00edt\u00f3 g\u00e9p 6-32 mm-es ac\u00e9lrudakat hajl\u00edt nagy pontoss\u00e1ggal. Kompakt, hordozhat\u00f3 \u00e9s alkalmas az \u00e9p\u00edt\u0151ipari piacokra t\u00f6rt\u00e9n\u0151 exportra vil\u00e1gszerte.","robots":{"index":"index","follow":"follow","max-snippet":"max-snippet:-1","max-image-preview":"max-image-preview:large","max-video-preview":"max-video-preview:-1"},"canonical":"https:\/\/www.hsymachinery.com\/hu\/termek\/betonacel-hajlito-gep-gw40\/","og_locale":"hu_HU","og_type":"article","og_title":"Rebar Bending Machine GW40 - HSY Construction Machinery","og_description":"Rebar Bending Machine GW40 bends 6\u201332mm steel bars with high accuracy. Compact, portable, and suitable for export to construction markets worldwide.","og_url":"https:\/\/www.hsymachinery.com\/hu\/termek\/betonacel-hajlito-gep-gw40\/","og_site_name":"HSY Construction Machinery","article_modified_time":"2025-06-25T15:05:29+00:00","og_image":[{"width":600,"height":600,"url":"https:\/\/www.hsymachinery.com\/wp-content\/uploads\/2025\/06\/Rebar-Bending-Machine-GW40.jpg","type":"image\/jpeg"}],"twitter_card":"summary_large_image","twitter_misc":{"Becs\u00fclt olvas\u00e1si id\u0151":"2 perc"},"schema":{"@context":"https:\/\/schema.org","@graph":[{"@type":"WebPage","@id":"https:\/\/www.hsymachinery.com\/product\/rebar-bending-machine-gw40\/","url":"https:\/\/www.hsymachinery.com\/product\/rebar-bending-machine-gw40\/","name":"GW40 betonac\u00e9l hajl\u00edt\u00f3 g\u00e9p - HSY \u00c9p\u00edt\u0151ipari g\u00e9pek","isPartOf":{"@id":"https:\/\/www.hsymachinery.com\/#website"},"primaryImageOfPage":{"@id":"https:\/\/www.hsymachinery.com\/product\/rebar-bending-machine-gw40\/#primaryimage"},"image":{"@id":"https:\/\/www.hsymachinery.com\/product\/rebar-bending-machine-gw40\/#primaryimage"},"thumbnailUrl":"https:\/\/www.hsymachinery.com\/wp-content\/uploads\/2025\/06\/Rebar-Bending-Machine-GW40.jpg","datePublished":"2025-06-18T03:56:04+00:00","dateModified":"2025-06-25T15:05:29+00:00","description":"A GW40 ac\u00e9lr\u00fadhajl\u00edt\u00f3 g\u00e9p 6-32 mm-es ac\u00e9lrudakat hajl\u00edt nagy pontoss\u00e1ggal. Kompakt, hordozhat\u00f3 \u00e9s alkalmas az \u00e9p\u00edt\u0151ipari piacokra t\u00f6rt\u00e9n\u0151 exportra vil\u00e1gszerte.","breadcrumb":{"@id":"https:\/\/www.hsymachinery.com\/product\/rebar-bending-machine-gw40\/#breadcrumb"},"inLanguage":"hu","potentialAction":[{"@type":"ReadAction","target":["https:\/\/www.hsymachinery.com\/product\/rebar-bending-machine-gw40\/"]}]},{"@type":"ImageObject","inLanguage":"hu","@id":"https:\/\/www.hsymachinery.com\/product\/rebar-bending-machine-gw40\/#primaryimage","url":"https:\/\/www.hsymachinery.com\/wp-content\/uploads\/2025\/06\/Rebar-Bending-Machine-GW40.jpg","contentUrl":"https:\/\/www.hsymachinery.com\/wp-content\/uploads\/2025\/06\/Rebar-Bending-Machine-GW40.jpg","width":600,"height":600},{"@type":"BreadcrumbList","@id":"https:\/\/www.hsymachinery.com\/product\/rebar-bending-machine-gw40\/#breadcrumb","itemListElement":[{"@type":"ListItem","position":1,"name":"home","item":"https:\/\/www.hsymachinery.com\/"},{"@type":"ListItem","position":2,"name":"products","item":"https:\/\/www.hsymachinery.com\/products\/"},{"@type":"ListItem","position":3,"name":"Rebar Bending Machine GW40"}]},{"@type":"WebSite","@id":"https:\/\/www.hsymachinery.com\/#website","url":"https:\/\/www.hsymachinery.com\/","name":"HSY \u00e9p\u00edt\u0151ipari g\u00e9pek","description":"HSY Machinery - K\u00edna vezet\u0151 \u00e9p\u00edt\u0151ipari g\u00e9pgy\u00e1rt\u00f3 v\u00e1llalata, amely k\u00f6nny\u0171 \u00e9p\u00edt\u0151ipari berendez\u00e9sek sz\u00e9les v\u00e1laszt\u00e9k\u00e1t k\u00edn\u00e1lja. F\u0151 term\u00e9keink k\u00f6z\u00e9 tartozik az \u00fajj\u00e1\u00e9p\u00edt\u00e9si v\u00e1g\u00f3g\u00e9p, az \u00fajj\u00e1\u00e9p\u00edt\u00e9si hajl\u00edt\u00f3g\u00e9p, az \u00fajj\u00e1\u00e9p\u00edt\u00e9si kengyelhajl\u00edt\u00f3 g\u00e9p, az \u00fajj\u00e1\u00e9p\u00edt\u00e9si \u00edvhajl\u00edt\u00f3 g\u00e9p, az \u00fajj\u00e1\u00e9p\u00edt\u00e9si egyenes\u00edt\u0151 g\u00e9p, az \u00f6tfej\u0171 \u00fajj\u00e1\u00e9p\u00edt\u00e9si kengyelhajl\u00edt\u00f3 g\u00e9p, a d\u00f6ng\u00f6l\u0151 rammer, a lemezkompaktor, a betonv\u00e1g\u00f3, a villanymotoros sim\u00edt\u00f3 \u00e9s m\u00e1s \u00e9p\u00edt\u0151ipari g\u00e9pek. Fejlett CNC-g\u00e9pekkel vagyunk felszerelve, \u00e9s szigor\u00fa min\u0151s\u00e9gellen\u0151rz\u00e9si szabv\u00e1nyokat \u00e9rv\u00e9nyes\u00edt\u00fcnk az \u00e1tfog\u00f3 \u00e9rt\u00e9kes\u00edt\u00e9s ut\u00e1ni szolg\u00e1ltat\u00e1ssal egy\u00fctt. Ha \u00e9rdeklik term\u00e9keink vagy szolg\u00e1ltat\u00e1saink, sz\u00edvesen fogadjuk \u00e9rdekl\u0151d\u00e9s\u00e9t \u00fczenetben.","publisher":{"@id":"https:\/\/www.hsymachinery.com\/#organization"},"potentialAction":[{"@type":"SearchAction","target":{"@type":"EntryPoint","urlTemplate":"https:\/\/www.hsymachinery.com\/?s={search_term_string}"},"query-input":{"@type":"PropertyValueSpecification","valueRequired":true,"valueName":"search_term_string"}}],"inLanguage":"hu"},{"@type":"Organization","@id":"https:\/\/www.hsymachinery.com\/#organization","name":"HSY \u00e9p\u00edt\u0151ipari g\u00e9pek","url":"https:\/\/www.hsymachinery.com\/","logo":{"@type":"ImageObject","inLanguage":"hu","@id":"https:\/\/www.hsymachinery.com\/#\/schema\/logo\/image\/","url":"https:\/\/www.hsymachinery.com\/wp-content\/uploads\/2025\/06\/cropped-HSY-machinery.png","contentUrl":"https:\/\/www.hsymachinery.com\/wp-content\/uploads\/2025\/06\/cropped-HSY-machinery.png","width":600,"height":240,"caption":"HSY Construction Machinery"},"image":{"@id":"https:\/\/www.hsymachinery.com\/#\/schema\/logo\/image\/"}}]}},"_links":{"self":[{"href":"https:\/\/www.hsymachinery.com\/hu\/wp-json\/wp\/v2\/product\/8939","targetHints":{"allow":["GET"]}}],"collection":[{"href":"https:\/\/www.hsymachinery.com\/hu\/wp-json\/wp\/v2\/product"}],"about":[{"href":"https:\/\/www.hsymachinery.com\/hu\/wp-json\/wp\/v2\/types\/product"}],"version-history":[{"count":3,"href":"https:\/\/www.hsymachinery.com\/hu\/wp-json\/wp\/v2\/product\/8939\/revisions"}],"predecessor-version":[{"id":9350,"href":"https:\/\/www.hsymachinery.com\/hu\/wp-json\/wp\/v2\/product\/8939\/revisions\/9350"}],"wp:featuredmedia":[{"embeddable":true,"href":"https:\/\/www.hsymachinery.com\/hu\/wp-json\/wp\/v2\/media\/8941"}],"wp:attachment":[{"href":"https:\/\/www.hsymachinery.com\/hu\/wp-json\/wp\/v2\/media?parent=8939"}],"wp:term":[{"taxonomy":"product_brand","embeddable":true,"href":"https:\/\/www.hsymachinery.com\/hu\/wp-json\/wp\/v2\/product_brand?post=8939"},{"taxonomy":"product_cat","embeddable":true,"href":"https:\/\/www.hsymachinery.com\/hu\/wp-json\/wp\/v2\/product_cat?post=8939"},{"taxonomy":"product_tag","embeddable":true,"href":"https:\/\/www.hsymachinery.com\/hu\/wp-json\/wp\/v2\/product_tag?post=8939"}],"curies":[{"name":"wp","href":"https:\/\/api.w.org\/{rel}","templated":true}]}}