{"id":8936,"date":"2025-06-18T11:31:16","date_gmt":"2025-06-18T03:31:16","guid":{"rendered":"https:\/\/www.hsymachinery.com\/?post_type=product&#038;p=8936"},"modified":"2025-06-25T22:33:35","modified_gmt":"2025-06-25T14:33:35","slug":"betonacel-vagogep-gq60-kerek-kes","status":"publish","type":"product","link":"https:\/\/www.hsymachinery.com\/hu\/termek\/betonacel-vagogep-gq60-kerek-kes\/","title":{"rendered":"Rebar v\u00e1g\u00f3g\u00e9p GQ60 (kerek k\u00e9s)"},"content":{"rendered":"<h3 data-start=\"318\" data-end=\"396\">Ultra-kapacit\u00e1s\u00fa kerek peng\u00e9s betonvasv\u00e1g\u00f3 a prec\u00edzi\u00f3s neh\u00e9z r\u00fadfeldolgoz\u00e1shoz<\/h3>\n<h3 data-start=\"403\" data-end=\"482\">Term\u00e9k \u00e1ttekint\u00e9s - G\u00f6rd\u00fcl\u0151-ny\u00edr\u00f3 berendez\u00e9s 6-50 mm-es rudakhoz<\/h3>\n<p data-start=\"484\" data-end=\"832\">A <strong data-start=\"488\" data-end=\"532\">Rebar v\u00e1g\u00f3g\u00e9p GQ60 (kerek k\u00e9s)<\/strong> er\u0151teljes \u00e9s pontos v\u00e1g\u00e1st biztos\u00edt <strong data-start=\"575\" data-end=\"596\">6-50 mm-es ac\u00e9lrudak<\/strong>. Az \u00e9p\u00edt\u0151ipari csapatok erre a g\u00e9pre t\u00e1maszkodnak a sz\u00e9nac\u00e9l, a kerek rudak \u00e9s a bord\u00e1zott rudak k\u00f6nny\u0171 feldolgoz\u00e1s\u00e1ban. A <strong data-start=\"706\" data-end=\"728\">kerek k\u00e9s kialak\u00edt\u00e1sa<\/strong> g\u00f6rd\u00fcl\u0151-ny\u00edr\u00f3 mozg\u00e1st alkalmaz. Ennek eredm\u00e9nyek\u00e9nt cs\u00f6kkenti az ellen\u00e1ll\u00e1st, \u00e9s sim\u00e1bb, gyorsabb v\u00e1g\u00e1st tesz lehet\u0151v\u00e9.<\/p>\n<p data-start=\"834\" data-end=\"942\">A v\u00e1llalkoz\u00f3k ezt a modellt olyan nagyszab\u00e1s\u00fa projektekn\u00e9l haszn\u00e1lj\u00e1k, mint a hidak, alagutak, kik\u00f6t\u0151k \u00e9s ac\u00e9lszerkezeti munk\u00e1k.<\/p>\n<h3 data-start=\"949\" data-end=\"996\">\u00a0Gurul\u00f3 k\u00e9s kialak\u00edt\u00e1sa a tiszt\u00e1bb eredm\u00e9nyek\u00e9rt<\/h3>\n<p data-start=\"998\" data-end=\"1206\">A kerek penge a v\u00e1g\u00e1si mozg\u00e1s sor\u00e1n forog. Ez olyan sikl\u00f3mozg\u00e1st eredm\u00e9nyez, amely kevesebb k\u00f6zvetlen hat\u00e1st gyakorol a peng\u00e9re \u00e9s az ac\u00e9lra egyar\u00e1nt. Ez\u00e9rt a g\u00e9p tiszt\u00e1bb \u00e9leket k\u00e9sz\u00edt \u00e9s meghosszabb\u00edtja a penge \u00e9lettartam\u00e1t.<\/p>\n<p data-start=\"1208\" data-end=\"1467\">A <strong data-start=\"1210\" data-end=\"1242\">nagy hat\u00e9konys\u00e1g\u00fa r\u00e9zmotor<\/strong> a g\u00e9pet t\u00e1pl\u00e1lja. Er\u0151s nyomat\u00e9kot biztos\u00edt hossz\u00fa m\u0171szakok alatt, t\u00falmeleged\u00e9s n\u00e9lk\u00fcl. Emellett a bels\u0151 sebess\u00e9gv\u00e1lt\u00f3 stabil nyomat\u00e9k\u00e1tvitelt biztos\u00edt. A kezel\u0151k minim\u00e1lis rezg\u00e9st \u00e9s alacsonyabb energiafogyaszt\u00e1st tapasztalnak.<\/p>\n<h3 data-start=\"1474\" data-end=\"1514\">\u00a0Robusztus keret \u00e9s k\u00f6nny\u0171 karbantart\u00e1s<\/h3>\n<p data-start=\"1516\" data-end=\"1720\">A <strong data-start=\"1518\" data-end=\"1548\">meger\u0151s\u00edtett \u00f6nt\u00f6ttvas keret<\/strong> t\u00e1mogatja a GQ60 tart\u00f3ss\u00e1g\u00e1t. A munk\u00e1sok a g\u00e9pet a durva munkater\u00fcleteken is mozgathatj\u00e1k a <strong data-start=\"1643\" data-end=\"1664\">nagy teherb\u00edr\u00e1s\u00fa kerekek<\/strong>. A hossz\u00fa nyel\u0171 kar biztons\u00e1gos, k\u00e9zre \u00e1ll\u00f3 vez\u00e9rl\u00e9st biztos\u00edt.<\/p>\n<p data-start=\"1722\" data-end=\"1904\">Ezenk\u00edv\u00fcl a g\u00e9p fels\u0151 fedele k\u00f6nnyen nyithat\u00f3. A technikusok extra panelek elt\u00e1vol\u00edt\u00e1sa n\u00e9lk\u00fcl ellen\u0151rizhetik vagy cser\u00e9lhetik a peng\u00e9ket. Ez a kialak\u00edt\u00e1s ler\u00f6vid\u00edti az \u00e1ll\u00e1sid\u0151t \u00e9s jav\u00edtja a munka hat\u00e9konys\u00e1g\u00e1t.<\/p>\n<h3 data-start=\"1911\" data-end=\"1959\">Exportra \u00e9s folyamatos m\u0171k\u00f6d\u00e9sre tervezve<\/h3>\n<p data-start=\"1961\" data-end=\"2146\">A <a href=\"https:\/\/www.hsymachinery.com\/hu\/termekek\/betonacel-vagogep\/\" target=\"_blank\" rel=\"noopener\">Rebar v\u00e1g\u00f3g\u00e9p<\/a> GQ60 (kerek k\u00e9s) t\u00e1maszok <strong data-start=\"1997\" data-end=\"2025\">glob\u00e1lis fesz\u00fclts\u00e9gszabv\u00e1nyok<\/strong> (220V\/380V, 50Hz\/60Hz). Az \u00e9p\u00edt\u0151ipari v\u00e1llalatok vil\u00e1gszerte megb\u00edznak ebben a modellben az ig\u00e9nyes ac\u00e9lv\u00e1g\u00e1si munk\u00e1khoz.<\/p>\n<h3 data-start=\"2153\" data-end=\"2198\">A GQ60 kerek k\u00e9ses v\u00e1g\u00f3 legfontosabb el\u0151nyei<\/h3>\n<ul data-start=\"2200\" data-end=\"2421\">\n<li data-start=\"2200\" data-end=\"2262\">\n<p data-start=\"2202\" data-end=\"2262\">6-50 mm-es ac\u00e9lrudakat v\u00e1g sima g\u00f6rd\u00fcl\u0151-ny\u00edr\u00f3 pontoss\u00e1ggal<\/p>\n<\/li>\n<li data-start=\"2263\" data-end=\"2312\">\n<p data-start=\"2265\" data-end=\"2312\">Meghosszabb\u00edtja a penge \u00e9lettartam\u00e1t \u00e9s cs\u00f6kkenti a v\u00e1g\u00e1si er\u0151fesz\u00edt\u00e9st<\/p>\n<\/li>\n<li data-start=\"2313\" data-end=\"2379\">\n<p data-start=\"2315\" data-end=\"2379\">Hossz\u00fa \u00f3r\u00e1kig b\u00edrja a nagy teljes\u00edtm\u00e9ny\u0171 \u00e9p\u00edt\u0151ipari k\u00f6rnyezetet<\/p>\n<\/li>\n<li data-start=\"2380\" data-end=\"2421\">\n<p data-start=\"2382\" data-end=\"2421\">Exportk\u00e9pes, t\u00f6bbfesz\u00fclts\u00e9g\u0171 t\u00e1mogat\u00e1ssal<\/p>\n<\/li>\n<\/ul>\n<p><iframe title=\"betonvasv\u00e1g\u00f3 r\u00fadv\u00e1g\u00f3 g\u00e9p r\u00fadv\u00e1g\u00f3 g\u00e9p ,ac\u00e9l r\u00fadv\u00e1g\u00f3 g\u00e9p ,\u00e9p\u00edt\u0151ipari g\u00e9pek\" width=\"720\" height=\"405\" src=\"https:\/\/www.youtube.com\/embed\/cIrJPBezWsw?feature=oembed\" frameborder=\"0\" allow=\"accelerometer; autoplay; clipboard-write; encrypted-media; gyroscope; picture-in-picture; web-share\" referrerpolicy=\"strict-origin-when-cross-origin\" allowfullscreen><\/iframe><\/p>","protected":false},"excerpt":{"rendered":"<p>A GQ60 kerek k\u00e9ses betonvasv\u00e1g\u00f3 6-50 mm-es ac\u00e9lrudakat kezel alacsony ellen\u00e1ll\u00e1ssal \u00e9s sima g\u00f6rd\u00fcl\u0151-ny\u00edr\u00e1ssal. Alkalmas neh\u00e9z \u00e9p\u00edt\u00e9si \u00e9s glob\u00e1lis export projektekhez.<\/p>","protected":false},"featured_media":8937,"template":"","meta":{"_kad_post_transparent":"default","_kad_post_title":"","_kad_post_layout":"default","_kad_post_sidebar_id":"","_kad_post_content_style":"default","_kad_post_vertical_padding":"default","_kad_post_feature":"","_kad_post_feature_position":"","_kad_post_header":false,"_kad_post_footer":false},"product_brand":[],"product_cat":[51],"product_tag":[988,992,990,989,993,985,994,987,984,991,986],"class_list":{"0":"post-8936","1":"product","2":"type-product","3":"status-publish","4":"has-post-thumbnail","6":"product_cat-rebar-cutting-machine","7":"product_tag-automatic-rebar-cutter","8":"product_tag-construction-steel-bar-cutter","9":"product_tag-electric-rebar-cutting-tool","10":"product_tag-hydraulic-rebar-cutting-machine","11":"product_tag-portable-rebar-cutting-machine","12":"product_tag-rebar-cutter","13":"product_tag-rebar-cutting-machine","14":"product_tag-reinforcement-bar-cutter","15":"product_tag-steel-bar-cutting-machine","16":"product_tag-steel-rod-cutter-machine","17":"product_tag-tmt-bar-cutting-machine","19":"first","20":"instock","21":"shipping-taxable","22":"product-type-simple","23":"entry","24":"content-bg","25":"loop-entry"},"yoast_head":"<!-- This site is optimized with the Yoast SEO plugin v25.3.1 - https:\/\/yoast.com\/wordpress\/plugins\/seo\/ -->\n<title>Rebar Cutting Machine GQ60 (Round knife) - HSY Construction Machinery<\/title>\n<meta name=\"description\" content=\"Rebar Cutting Machine GQ60 (Round Knife) processes 6\u201350mm bars using rolling-shear action. Ideal for industrial construction and international export.\" \/>\n<meta name=\"robots\" content=\"index, follow, max-snippet:-1, max-image-preview:large, max-video-preview:-1\" \/>\n<link rel=\"canonical\" href=\"https:\/\/www.hsymachinery.com\/hu\/termek\/betonacel-vagogep-gq60-kerek-kes\/\" \/>\n<meta property=\"og:locale\" content=\"hu_HU\" \/>\n<meta property=\"og:type\" content=\"article\" \/>\n<meta property=\"og:title\" content=\"Rebar Cutting Machine GQ60 (Round knife) - HSY Construction Machinery\" \/>\n<meta property=\"og:description\" content=\"Rebar Cutting Machine GQ60 (Round Knife) processes 6\u201350mm bars using rolling-shear action. Ideal for industrial construction and international export.\" \/>\n<meta property=\"og:url\" content=\"https:\/\/www.hsymachinery.com\/hu\/termek\/betonacel-vagogep-gq60-kerek-kes\/\" \/>\n<meta property=\"og:site_name\" content=\"HSY Construction Machinery\" \/>\n<meta property=\"article:modified_time\" content=\"2025-06-25T14:33:35+00:00\" \/>\n<meta property=\"og:image\" content=\"https:\/\/www.hsymachinery.com\/wp-content\/uploads\/2025\/06\/Rebar-Cutting-Machine-GQ60-Round-knife.jpg\" \/>\n\t<meta property=\"og:image:width\" content=\"600\" \/>\n\t<meta property=\"og:image:height\" content=\"600\" \/>\n\t<meta property=\"og:image:type\" content=\"image\/jpeg\" \/>\n<meta name=\"twitter:card\" content=\"summary_large_image\" \/>\n<meta name=\"twitter:label1\" content=\"Becs\u00fclt olvas\u00e1si id\u0151\" \/>\n\t<meta name=\"twitter:data1\" content=\"2 perc\" \/>\n<script type=\"application\/ld+json\" class=\"yoast-schema-graph\">{\"@context\":\"https:\/\/schema.org\",\"@graph\":[{\"@type\":\"WebPage\",\"@id\":\"https:\/\/www.hsymachinery.com\/product\/rebar-cutting-machine-gq60-round-knife\/\",\"url\":\"https:\/\/www.hsymachinery.com\/product\/rebar-cutting-machine-gq60-round-knife\/\",\"name\":\"Rebar Cutting Machine GQ60 (Round knife) - HSY Construction Machinery\",\"isPartOf\":{\"@id\":\"https:\/\/www.hsymachinery.com\/#website\"},\"primaryImageOfPage\":{\"@id\":\"https:\/\/www.hsymachinery.com\/product\/rebar-cutting-machine-gq60-round-knife\/#primaryimage\"},\"image\":{\"@id\":\"https:\/\/www.hsymachinery.com\/product\/rebar-cutting-machine-gq60-round-knife\/#primaryimage\"},\"thumbnailUrl\":\"https:\/\/www.hsymachinery.com\/wp-content\/uploads\/2025\/06\/Rebar-Cutting-Machine-GQ60-Round-knife.jpg\",\"datePublished\":\"2025-06-18T03:31:16+00:00\",\"dateModified\":\"2025-06-25T14:33:35+00:00\",\"description\":\"Rebar Cutting Machine GQ60 (Round Knife) processes 6\u201350mm bars using rolling-shear action. Ideal for industrial construction and international export.\",\"breadcrumb\":{\"@id\":\"https:\/\/www.hsymachinery.com\/product\/rebar-cutting-machine-gq60-round-knife\/#breadcrumb\"},\"inLanguage\":\"hu\",\"potentialAction\":[{\"@type\":\"ReadAction\",\"target\":[\"https:\/\/www.hsymachinery.com\/product\/rebar-cutting-machine-gq60-round-knife\/\"]}]},{\"@type\":\"ImageObject\",\"inLanguage\":\"hu\",\"@id\":\"https:\/\/www.hsymachinery.com\/product\/rebar-cutting-machine-gq60-round-knife\/#primaryimage\",\"url\":\"https:\/\/www.hsymachinery.com\/wp-content\/uploads\/2025\/06\/Rebar-Cutting-Machine-GQ60-Round-knife.jpg\",\"contentUrl\":\"https:\/\/www.hsymachinery.com\/wp-content\/uploads\/2025\/06\/Rebar-Cutting-Machine-GQ60-Round-knife.jpg\",\"width\":600,\"height\":600},{\"@type\":\"BreadcrumbList\",\"@id\":\"https:\/\/www.hsymachinery.com\/product\/rebar-cutting-machine-gq60-round-knife\/#breadcrumb\",\"itemListElement\":[{\"@type\":\"ListItem\",\"position\":1,\"name\":\"home\",\"item\":\"https:\/\/www.hsymachinery.com\/\"},{\"@type\":\"ListItem\",\"position\":2,\"name\":\"products\",\"item\":\"https:\/\/www.hsymachinery.com\/products\/\"},{\"@type\":\"ListItem\",\"position\":3,\"name\":\"Rebar Cutting Machine GQ60 (Round knife)\"}]},{\"@type\":\"WebSite\",\"@id\":\"https:\/\/www.hsymachinery.com\/#website\",\"url\":\"https:\/\/www.hsymachinery.com\/\",\"name\":\"HSY Construction Machinery\",\"description\":\"HSY Machinery \u2013 A leading China construction machinery supplier, offering a wide range of light construction equipment. Our main products include Rebar Cutting Machine, Rebar Bending Machine, Rebar Stirrup Bending Machine, Rebar Arc Bending Machine, Rebar Straightening Machine, Five-Head Rebar Stirrup Bending Machine, Tamping Rammer, Plate Compactor, Concrete Cutter, Power Trowel, and other construction machinery. We are equipped with advanced CNC machines, and we enforce strict quality inspection standards along with comprehensive after-sales service. If you are interested in our products or services, we warmly welcome your inquiries via message.\",\"publisher\":{\"@id\":\"https:\/\/www.hsymachinery.com\/#organization\"},\"potentialAction\":[{\"@type\":\"SearchAction\",\"target\":{\"@type\":\"EntryPoint\",\"urlTemplate\":\"https:\/\/www.hsymachinery.com\/?s={search_term_string}\"},\"query-input\":{\"@type\":\"PropertyValueSpecification\",\"valueRequired\":true,\"valueName\":\"search_term_string\"}}],\"inLanguage\":\"hu\"},{\"@type\":\"Organization\",\"@id\":\"https:\/\/www.hsymachinery.com\/#organization\",\"name\":\"HSY Construction Machinery\",\"url\":\"https:\/\/www.hsymachinery.com\/\",\"logo\":{\"@type\":\"ImageObject\",\"inLanguage\":\"hu\",\"@id\":\"https:\/\/www.hsymachinery.com\/#\/schema\/logo\/image\/\",\"url\":\"https:\/\/www.hsymachinery.com\/wp-content\/uploads\/2025\/06\/cropped-HSY-machinery.png\",\"contentUrl\":\"https:\/\/www.hsymachinery.com\/wp-content\/uploads\/2025\/06\/cropped-HSY-machinery.png\",\"width\":600,\"height\":240,\"caption\":\"HSY Construction Machinery\"},\"image\":{\"@id\":\"https:\/\/www.hsymachinery.com\/#\/schema\/logo\/image\/\"}}]}<\/script>\n<!-- \/ Yoast SEO plugin. -->","yoast_head_json":{"title":"GQ60 (kerek k\u00e9s) - HSY \u00c9p\u00edt\u0151ipari g\u00e9pek","description":"A GQ60 (kerek k\u00e9ses) betonvasv\u00e1g\u00f3 g\u00e9p 6-50 mm-es rudakat dolgoz fel g\u00f6rd\u00fcl\u0151-ny\u00edr\u00f3 hat\u00e1s alkalmaz\u00e1s\u00e1val. Ide\u00e1lis ipari \u00e9p\u00edtkez\u00e9shez \u00e9s nemzetk\u00f6zi exporthoz.","robots":{"index":"index","follow":"follow","max-snippet":"max-snippet:-1","max-image-preview":"max-image-preview:large","max-video-preview":"max-video-preview:-1"},"canonical":"https:\/\/www.hsymachinery.com\/hu\/termek\/betonacel-vagogep-gq60-kerek-kes\/","og_locale":"hu_HU","og_type":"article","og_title":"Rebar Cutting Machine GQ60 (Round knife) - HSY Construction Machinery","og_description":"Rebar Cutting Machine GQ60 (Round Knife) processes 6\u201350mm bars using rolling-shear action. Ideal for industrial construction and international export.","og_url":"https:\/\/www.hsymachinery.com\/hu\/termek\/betonacel-vagogep-gq60-kerek-kes\/","og_site_name":"HSY Construction Machinery","article_modified_time":"2025-06-25T14:33:35+00:00","og_image":[{"width":600,"height":600,"url":"https:\/\/www.hsymachinery.com\/wp-content\/uploads\/2025\/06\/Rebar-Cutting-Machine-GQ60-Round-knife.jpg","type":"image\/jpeg"}],"twitter_card":"summary_large_image","twitter_misc":{"Becs\u00fclt olvas\u00e1si id\u0151":"2 perc"},"schema":{"@context":"https:\/\/schema.org","@graph":[{"@type":"WebPage","@id":"https:\/\/www.hsymachinery.com\/product\/rebar-cutting-machine-gq60-round-knife\/","url":"https:\/\/www.hsymachinery.com\/product\/rebar-cutting-machine-gq60-round-knife\/","name":"GQ60 (kerek k\u00e9s) - HSY \u00c9p\u00edt\u0151ipari g\u00e9pek","isPartOf":{"@id":"https:\/\/www.hsymachinery.com\/#website"},"primaryImageOfPage":{"@id":"https:\/\/www.hsymachinery.com\/product\/rebar-cutting-machine-gq60-round-knife\/#primaryimage"},"image":{"@id":"https:\/\/www.hsymachinery.com\/product\/rebar-cutting-machine-gq60-round-knife\/#primaryimage"},"thumbnailUrl":"https:\/\/www.hsymachinery.com\/wp-content\/uploads\/2025\/06\/Rebar-Cutting-Machine-GQ60-Round-knife.jpg","datePublished":"2025-06-18T03:31:16+00:00","dateModified":"2025-06-25T14:33:35+00:00","description":"A GQ60 (kerek k\u00e9ses) betonvasv\u00e1g\u00f3 g\u00e9p 6-50 mm-es rudakat dolgoz fel g\u00f6rd\u00fcl\u0151-ny\u00edr\u00f3 hat\u00e1s alkalmaz\u00e1s\u00e1val. Ide\u00e1lis ipari \u00e9p\u00edtkez\u00e9shez \u00e9s nemzetk\u00f6zi exporthoz.","breadcrumb":{"@id":"https:\/\/www.hsymachinery.com\/product\/rebar-cutting-machine-gq60-round-knife\/#breadcrumb"},"inLanguage":"hu","potentialAction":[{"@type":"ReadAction","target":["https:\/\/www.hsymachinery.com\/product\/rebar-cutting-machine-gq60-round-knife\/"]}]},{"@type":"ImageObject","inLanguage":"hu","@id":"https:\/\/www.hsymachinery.com\/product\/rebar-cutting-machine-gq60-round-knife\/#primaryimage","url":"https:\/\/www.hsymachinery.com\/wp-content\/uploads\/2025\/06\/Rebar-Cutting-Machine-GQ60-Round-knife.jpg","contentUrl":"https:\/\/www.hsymachinery.com\/wp-content\/uploads\/2025\/06\/Rebar-Cutting-Machine-GQ60-Round-knife.jpg","width":600,"height":600},{"@type":"BreadcrumbList","@id":"https:\/\/www.hsymachinery.com\/product\/rebar-cutting-machine-gq60-round-knife\/#breadcrumb","itemListElement":[{"@type":"ListItem","position":1,"name":"home","item":"https:\/\/www.hsymachinery.com\/"},{"@type":"ListItem","position":2,"name":"products","item":"https:\/\/www.hsymachinery.com\/products\/"},{"@type":"ListItem","position":3,"name":"Rebar Cutting Machine GQ60 (Round knife)"}]},{"@type":"WebSite","@id":"https:\/\/www.hsymachinery.com\/#website","url":"https:\/\/www.hsymachinery.com\/","name":"HSY \u00e9p\u00edt\u0151ipari g\u00e9pek","description":"HSY Machinery - K\u00edna vezet\u0151 \u00e9p\u00edt\u0151ipari g\u00e9pgy\u00e1rt\u00f3 v\u00e1llalata, amely k\u00f6nny\u0171 \u00e9p\u00edt\u0151ipari berendez\u00e9sek sz\u00e9les v\u00e1laszt\u00e9k\u00e1t k\u00edn\u00e1lja. F\u0151 term\u00e9keink k\u00f6z\u00e9 tartozik az \u00fajj\u00e1\u00e9p\u00edt\u00e9si v\u00e1g\u00f3g\u00e9p, az \u00fajj\u00e1\u00e9p\u00edt\u00e9si hajl\u00edt\u00f3g\u00e9p, az \u00fajj\u00e1\u00e9p\u00edt\u00e9si kengyelhajl\u00edt\u00f3 g\u00e9p, az \u00fajj\u00e1\u00e9p\u00edt\u00e9si \u00edvhajl\u00edt\u00f3 g\u00e9p, az \u00fajj\u00e1\u00e9p\u00edt\u00e9si egyenes\u00edt\u0151 g\u00e9p, az \u00f6tfej\u0171 \u00fajj\u00e1\u00e9p\u00edt\u00e9si kengyelhajl\u00edt\u00f3 g\u00e9p, a d\u00f6ng\u00f6l\u0151 rammer, a lemezkompaktor, a betonv\u00e1g\u00f3, a villanymotoros sim\u00edt\u00f3 \u00e9s m\u00e1s \u00e9p\u00edt\u0151ipari g\u00e9pek. Fejlett CNC-g\u00e9pekkel vagyunk felszerelve, \u00e9s szigor\u00fa min\u0151s\u00e9gellen\u0151rz\u00e9si szabv\u00e1nyokat \u00e9rv\u00e9nyes\u00edt\u00fcnk az \u00e1tfog\u00f3 \u00e9rt\u00e9kes\u00edt\u00e9s ut\u00e1ni szolg\u00e1ltat\u00e1ssal egy\u00fctt. Ha \u00e9rdeklik term\u00e9keink vagy szolg\u00e1ltat\u00e1saink, sz\u00edvesen fogadjuk \u00e9rdekl\u0151d\u00e9s\u00e9t \u00fczenetben.","publisher":{"@id":"https:\/\/www.hsymachinery.com\/#organization"},"potentialAction":[{"@type":"SearchAction","target":{"@type":"EntryPoint","urlTemplate":"https:\/\/www.hsymachinery.com\/?s={search_term_string}"},"query-input":{"@type":"PropertyValueSpecification","valueRequired":true,"valueName":"search_term_string"}}],"inLanguage":"hu"},{"@type":"Organization","@id":"https:\/\/www.hsymachinery.com\/#organization","name":"HSY \u00e9p\u00edt\u0151ipari g\u00e9pek","url":"https:\/\/www.hsymachinery.com\/","logo":{"@type":"ImageObject","inLanguage":"hu","@id":"https:\/\/www.hsymachinery.com\/#\/schema\/logo\/image\/","url":"https:\/\/www.hsymachinery.com\/wp-content\/uploads\/2025\/06\/cropped-HSY-machinery.png","contentUrl":"https:\/\/www.hsymachinery.com\/wp-content\/uploads\/2025\/06\/cropped-HSY-machinery.png","width":600,"height":240,"caption":"HSY Construction Machinery"},"image":{"@id":"https:\/\/www.hsymachinery.com\/#\/schema\/logo\/image\/"}}]}},"_links":{"self":[{"href":"https:\/\/www.hsymachinery.com\/hu\/wp-json\/wp\/v2\/product\/8936","targetHints":{"allow":["GET"]}}],"collection":[{"href":"https:\/\/www.hsymachinery.com\/hu\/wp-json\/wp\/v2\/product"}],"about":[{"href":"https:\/\/www.hsymachinery.com\/hu\/wp-json\/wp\/v2\/types\/product"}],"version-history":[{"count":4,"href":"https:\/\/www.hsymachinery.com\/hu\/wp-json\/wp\/v2\/product\/8936\/revisions"}],"predecessor-version":[{"id":9341,"href":"https:\/\/www.hsymachinery.com\/hu\/wp-json\/wp\/v2\/product\/8936\/revisions\/9341"}],"wp:featuredmedia":[{"embeddable":true,"href":"https:\/\/www.hsymachinery.com\/hu\/wp-json\/wp\/v2\/media\/8937"}],"wp:attachment":[{"href":"https:\/\/www.hsymachinery.com\/hu\/wp-json\/wp\/v2\/media?parent=8936"}],"wp:term":[{"taxonomy":"product_brand","embeddable":true,"href":"https:\/\/www.hsymachinery.com\/hu\/wp-json\/wp\/v2\/product_brand?post=8936"},{"taxonomy":"product_cat","embeddable":true,"href":"https:\/\/www.hsymachinery.com\/hu\/wp-json\/wp\/v2\/product_cat?post=8936"},{"taxonomy":"product_tag","embeddable":true,"href":"https:\/\/www.hsymachinery.com\/hu\/wp-json\/wp\/v2\/product_tag?post=8936"}],"curies":[{"name":"wp","href":"https:\/\/api.w.org\/{rel}","templated":true}]}}