{"id":8933,"date":"2025-06-18T11:30:13","date_gmt":"2025-06-18T03:30:13","guid":{"rendered":"https:\/\/www.hsymachinery.com\/?post_type=product&#038;p=8933"},"modified":"2025-06-25T22:20:03","modified_gmt":"2025-06-25T14:20:03","slug":"betonacel-vagogep-gq60-lapos-kes","status":"publish","type":"product","link":"https:\/\/www.hsymachinery.com\/hu\/termek\/betonacel-vagogep-gq60-lapos-kes\/","title":{"rendered":"Rebar v\u00e1g\u00f3g\u00e9p GQ60 (lapos k\u00e9s)"},"content":{"rendered":"<h3 data-start=\"151\" data-end=\"233\">Extra-neh\u00e9z lapos k\u00e9ses betonvasv\u00e1g\u00f3 ipari betonoz\u00e1si projektekhez<\/h3>\n<h3 data-start=\"240\" data-end=\"309\">Term\u00e9k \u00e1ttekint\u00e9s - Lapos peng\u00e9j\u0171 ac\u00e9l r\u00fadv\u00e1g\u00f3 oll\u00f3 6-50 mm-es betonac\u00e9lokhoz<\/h3>\n<p data-start=\"311\" data-end=\"784\">A <strong data-start=\"315\" data-end=\"358\"><a href=\"https:\/\/www.hsymachinery.com\/hu\/termekek\/betonacel-vagogep\/\" target=\"_blank\" rel=\"noopener\">Rebar v\u00e1g\u00f3g\u00e9p<\/a> GQ60 (lapos k\u00e9s)<\/strong> nagy \u00e1tm\u00e9r\u0151j\u0171 betonac\u00e9lok v\u00e1g\u00e1s\u00e1ra tervezt\u00e9k intenz\u00edv \u00e9p\u00edt\u00e9si k\u00f6rnyezetben. Ez a g\u00e9p 6 mm-t\u0151l 50 mm-ig terjed\u0151 ac\u00e9lrudak kezel\u00e9s\u00e9re alkalmas, \u00edgy ide\u00e1lis v\u00e1laszt\u00e1s g\u00e1t\u00e9p\u00edt\u00e9shez, aut\u00f3p\u00e1lya-fel\u00fclj\u00e1r\u00f3khoz, ac\u00e9lszerkezetek gy\u00e1rt\u00e1s\u00e1hoz \u00e9s alag\u00fat-meger\u0151s\u00edt\u00e9si munk\u00e1khoz. Lapos k\u00e9srendszere egyenletes v\u00e1g\u00e1si nyom\u00e1st alkalmaz, ami sima, pontos ny\u00edr\u00e1st eredm\u00e9nyez a r\u00fad integrit\u00e1s\u00e1nak vesz\u00e9lyeztet\u00e9se n\u00e9lk\u00fcl.<\/p>\n<p data-start=\"786\" data-end=\"927\">A tov\u00e1bbfejlesztett nyomat\u00e9k, mechanikai szil\u00e1rds\u00e1g \u00e9s v\u00e1g\u00e1si tartom\u00e1ny miatt ez a modell olyan munk\u00e1khoz k\u00e9sz\u00fclt, ahol a teljes\u00edtm\u00e9ny \u00e9s a precizit\u00e1s egyar\u00e1nt elengedhetetlen.<\/p>\n<h3 data-start=\"934\" data-end=\"984\">Ipari v\u00e1g\u00f3er\u0151 tiszta eredm\u00e9nyekkel<\/h3>\n<p data-start=\"986\" data-end=\"1294\">A GQ60 lapos k\u00e9s kialak\u00edt\u00e1sa lehet\u0151v\u00e9 teszi, hogy a penge egyenletesen \u00e9rintkezzen az ac\u00e9lr\u00fad teljes fel\u00fclet\u00e9vel a ny\u00edr\u00e1s sor\u00e1n. Ez nagym\u00e9rt\u00e9kben cs\u00f6kkenti az \u00e9lek let\u00f6r\u00e9s\u00e9t \u00e9s a r\u00fad deform\u00e1l\u00f3d\u00e1s\u00e1t. Ezenk\u00edv\u00fcl az er\u0151s ac\u00e9lpenge h\u0151kezelt, hogy hossz\u00fa \u00f3r\u00e1kig tart\u00f3 folyamatos m\u0171k\u00f6d\u00e9s ut\u00e1n is \u00e9les \u00e9s stabil maradjon.<\/p>\n<p data-start=\"1296\" data-end=\"1603\">A nagy teljes\u00edtm\u00e9ny\u0171 r\u00e9zmagos motorral hajtott GQ60 (lapos k\u00e9ses) betonvasv\u00e1g\u00f3 g\u00e9p m\u00e9retoszt\u00e1ly\u00e1hoz k\u00e9pest p\u00e1ratlan nyomat\u00e9kot biztos\u00edt. Stabilan m\u0171k\u00f6dik, alacsony rezg\u00e9ssz\u00e1mmal \u00e9s minim\u00e1lis energiavesztes\u00e9ggel. A sebess\u00e9gv\u00e1lt\u00f3 \u00e9s a meghajt\u00f3egys\u00e9g az ipari ig\u00e9nybev\u00e9tel mellett is hossz\u00fa \u00e9lettartamra optimaliz\u00e1lt.<\/p>\n<h3 data-start=\"1610\" data-end=\"1663\">Meger\u0151s\u00edtett karossz\u00e9ria \u00e9s glob\u00e1lis export alkalmazkod\u00f3k\u00e9pess\u00e9g<\/h3>\n<p data-start=\"1665\" data-end=\"2042\">A g\u00e9p h\u00e1za nagy szil\u00e1rds\u00e1g\u00fa duktilis \u00f6nt\u00f6ttvasb\u00f3l k\u00e9sz\u00fclt, ami kiv\u00e1l\u00f3 szerkezeti merevs\u00e9get biztos\u00edt. Nagy teherb\u00edr\u00e1s\u00fa sz\u00e1ll\u00edt\u00f3 kerekekkel is rendelkezik a neh\u00e9z terepen val\u00f3 mobilit\u00e1s \u00e9rdek\u00e9ben. Az ergonomikus k\u00e9zi kar \u00e9rz\u00e9keny, pontos vez\u00e9rl\u00e9st biztos\u00edt minden egyes v\u00e1g\u00e1s felett. A karbantart\u00e1s gyors \u00e9s egyszer\u0171 a nyitott tetej\u0171 hozz\u00e1f\u00e9r\u00e9si panelnek \u00e9s a felhaszn\u00e1l\u00f3bar\u00e1t k\u00e9start\u00f3nak k\u00f6sz\u00f6nhet\u0151en.<\/p>\n<p data-start=\"2044\" data-end=\"2224\">A GQ60 t\u00e1mogatja a nemzetk\u00f6zi szabv\u00e1nyokat, testreszabhat\u00f3 fesz\u00fclts\u00e9gopci\u00f3kkal (220V\/380V, 50Hz\/60Hz), \u00edgy j\u00f3l haszn\u00e1lhat\u00f3 Afrik\u00e1ba, \u00c1zsi\u00e1ba, D\u00e9l-Amerik\u00e1ba \u00e9s azon t\u00falra t\u00f6rt\u00e9n\u0151 exportra.<\/p>\n<h3 data-start=\"2231\" data-end=\"2281\">A GQ60 Flat Knife Rebar Cutter legfontosabb el\u0151nyei<\/h3>\n<ul data-start=\"2283\" data-end=\"2506\">\n<li data-start=\"2283\" data-end=\"2337\">\n<p data-start=\"2285\" data-end=\"2337\">6-50 mm-es betonac\u00e9lokat v\u00e1g lapos, stabil ny\u00edr\u00f3er\u0151vel<\/p>\n<\/li>\n<li data-start=\"2338\" data-end=\"2396\">\n<p data-start=\"2340\" data-end=\"2396\">Nagy volumen\u0171 ipari vagy infrastruktur\u00e1lis felhaszn\u00e1l\u00e1sra tervezve<\/p>\n<\/li>\n<li data-start=\"2397\" data-end=\"2448\">\n<p data-start=\"2399\" data-end=\"2448\">Er\u0151teljes motor \u00e9s megb\u00edzhat\u00f3 nyomat\u00e9k\u00e1tvitel<\/p>\n<\/li>\n<li data-start=\"2449\" data-end=\"2506\">\n<p data-start=\"2451\" data-end=\"2506\">T\u00e1mogatja a nemzetk\u00f6zi fesz\u00fclts\u00e9g testreszab\u00e1s\u00e1t export\u00e1l\u00e1shoz<\/p>\n<\/li>\n<\/ul>\n<p><iframe title=\"#\u00e9p\u00edt\u0151ipari #\u00e9p\u00edt\u0151ipari munkag\u00e9p 1TP10R\u00fadv\u00e1g\u00f3g\u00e9p 1TP10R\u00fadv\u00e1g\u00f3g\u00e9p 1TP10R\u00fadv\u00e1g\u00f3g\u00e9p 1TP10R\u00fadv\u00e1g\u00f3g\u00e9p 1TP10R\u00fadv\u00e1g\u00f3g\u00e9p 1TP10R\u00fadv\u00e1g\u00f3 g\u00e9p\" width=\"720\" height=\"405\" src=\"https:\/\/www.youtube.com\/embed\/tdc4TA5-zRc?feature=oembed\" frameborder=\"0\" allow=\"accelerometer; autoplay; clipboard-write; encrypted-media; gyroscope; picture-in-picture; web-share\" referrerpolicy=\"strict-origin-when-cross-origin\" allowfullscreen><\/iframe><\/p>","protected":false},"excerpt":{"rendered":"<p>A GQ60 lapos k\u00e9ses betonvasv\u00e1g\u00f3 6-50 mm-es rudakat dolgoz fel egyenletes er\u0151vel \u00e9s nagy tart\u00f3ss\u00e1ggal. Ide\u00e1lis a glob\u00e1lis \u00e9p\u00edt\u0151ipari piacokon az infrastruktur\u00e1lis m\u00e9ret\u0171 betonac\u00e9l munk\u00e1khoz.<\/p>","protected":false},"featured_media":8934,"template":"","meta":{"_kad_post_transparent":"default","_kad_post_title":"","_kad_post_layout":"default","_kad_post_sidebar_id":"","_kad_post_content_style":"default","_kad_post_vertical_padding":"default","_kad_post_feature":"","_kad_post_feature_position":"","_kad_post_header":false,"_kad_post_footer":false},"product_brand":[],"product_cat":[51],"product_tag":[988,992,990,989,993,985,994,987,984,991,986],"class_list":{"0":"post-8933","1":"product","2":"type-product","3":"status-publish","4":"has-post-thumbnail","6":"product_cat-rebar-cutting-machine","7":"product_tag-automatic-rebar-cutter","8":"product_tag-construction-steel-bar-cutter","9":"product_tag-electric-rebar-cutting-tool","10":"product_tag-hydraulic-rebar-cutting-machine","11":"product_tag-portable-rebar-cutting-machine","12":"product_tag-rebar-cutter","13":"product_tag-rebar-cutting-machine","14":"product_tag-reinforcement-bar-cutter","15":"product_tag-steel-bar-cutting-machine","16":"product_tag-steel-rod-cutter-machine","17":"product_tag-tmt-bar-cutting-machine","19":"first","20":"instock","21":"shipping-taxable","22":"product-type-simple","23":"entry","24":"content-bg","25":"loop-entry"},"yoast_head":"<!-- This site is optimized with the Yoast SEO plugin v25.3.1 - https:\/\/yoast.com\/wordpress\/plugins\/seo\/ -->\n<title>Rebar Cutting Machine GQ60 (Flat knife) - HSY Construction Machinery<\/title>\n<meta name=\"description\" content=\"Rebar Cutting Machine GQ60 (Flat Knife) delivers strong, flat-blade shearing for 6\u201350mm rebar. Designed for heavy-duty construction and international export.\" \/>\n<meta name=\"robots\" content=\"index, follow, max-snippet:-1, max-image-preview:large, max-video-preview:-1\" \/>\n<link rel=\"canonical\" href=\"https:\/\/www.hsymachinery.com\/hu\/termek\/betonacel-vagogep-gq60-lapos-kes\/\" \/>\n<meta property=\"og:locale\" content=\"hu_HU\" \/>\n<meta property=\"og:type\" content=\"article\" \/>\n<meta property=\"og:title\" content=\"Rebar Cutting Machine GQ60 (Flat knife) - HSY Construction Machinery\" \/>\n<meta property=\"og:description\" content=\"Rebar Cutting Machine GQ60 (Flat Knife) delivers strong, flat-blade shearing for 6\u201350mm rebar. Designed for heavy-duty construction and international export.\" \/>\n<meta property=\"og:url\" content=\"https:\/\/www.hsymachinery.com\/hu\/termek\/betonacel-vagogep-gq60-lapos-kes\/\" \/>\n<meta property=\"og:site_name\" content=\"HSY Construction Machinery\" \/>\n<meta property=\"article:modified_time\" content=\"2025-06-25T14:20:03+00:00\" \/>\n<meta property=\"og:image\" content=\"https:\/\/www.hsymachinery.com\/wp-content\/uploads\/2025\/06\/Rebar-Cutting-Machine-GQ60-Flat-knife.jpg\" \/>\n\t<meta property=\"og:image:width\" content=\"600\" \/>\n\t<meta property=\"og:image:height\" content=\"600\" \/>\n\t<meta property=\"og:image:type\" content=\"image\/jpeg\" \/>\n<meta name=\"twitter:card\" content=\"summary_large_image\" \/>\n<meta name=\"twitter:label1\" content=\"Becs\u00fclt olvas\u00e1si id\u0151\" \/>\n\t<meta name=\"twitter:data1\" content=\"2 perc\" \/>\n<script type=\"application\/ld+json\" class=\"yoast-schema-graph\">{\"@context\":\"https:\/\/schema.org\",\"@graph\":[{\"@type\":\"WebPage\",\"@id\":\"https:\/\/www.hsymachinery.com\/product\/rebar-cutting-machine-gq60-flat-knife\/\",\"url\":\"https:\/\/www.hsymachinery.com\/product\/rebar-cutting-machine-gq60-flat-knife\/\",\"name\":\"Rebar Cutting Machine GQ60 (Flat knife) - HSY Construction Machinery\",\"isPartOf\":{\"@id\":\"https:\/\/www.hsymachinery.com\/#website\"},\"primaryImageOfPage\":{\"@id\":\"https:\/\/www.hsymachinery.com\/product\/rebar-cutting-machine-gq60-flat-knife\/#primaryimage\"},\"image\":{\"@id\":\"https:\/\/www.hsymachinery.com\/product\/rebar-cutting-machine-gq60-flat-knife\/#primaryimage\"},\"thumbnailUrl\":\"https:\/\/www.hsymachinery.com\/wp-content\/uploads\/2025\/06\/Rebar-Cutting-Machine-GQ60-Flat-knife.jpg\",\"datePublished\":\"2025-06-18T03:30:13+00:00\",\"dateModified\":\"2025-06-25T14:20:03+00:00\",\"description\":\"Rebar Cutting Machine GQ60 (Flat Knife) delivers strong, flat-blade shearing for 6\u201350mm rebar. Designed for heavy-duty construction and international export.\",\"breadcrumb\":{\"@id\":\"https:\/\/www.hsymachinery.com\/product\/rebar-cutting-machine-gq60-flat-knife\/#breadcrumb\"},\"inLanguage\":\"hu\",\"potentialAction\":[{\"@type\":\"ReadAction\",\"target\":[\"https:\/\/www.hsymachinery.com\/product\/rebar-cutting-machine-gq60-flat-knife\/\"]}]},{\"@type\":\"ImageObject\",\"inLanguage\":\"hu\",\"@id\":\"https:\/\/www.hsymachinery.com\/product\/rebar-cutting-machine-gq60-flat-knife\/#primaryimage\",\"url\":\"https:\/\/www.hsymachinery.com\/wp-content\/uploads\/2025\/06\/Rebar-Cutting-Machine-GQ60-Flat-knife.jpg\",\"contentUrl\":\"https:\/\/www.hsymachinery.com\/wp-content\/uploads\/2025\/06\/Rebar-Cutting-Machine-GQ60-Flat-knife.jpg\",\"width\":600,\"height\":600},{\"@type\":\"BreadcrumbList\",\"@id\":\"https:\/\/www.hsymachinery.com\/product\/rebar-cutting-machine-gq60-flat-knife\/#breadcrumb\",\"itemListElement\":[{\"@type\":\"ListItem\",\"position\":1,\"name\":\"home\",\"item\":\"https:\/\/www.hsymachinery.com\/\"},{\"@type\":\"ListItem\",\"position\":2,\"name\":\"products\",\"item\":\"https:\/\/www.hsymachinery.com\/products\/\"},{\"@type\":\"ListItem\",\"position\":3,\"name\":\"Rebar Cutting Machine GQ60 (Flat knife)\"}]},{\"@type\":\"WebSite\",\"@id\":\"https:\/\/www.hsymachinery.com\/#website\",\"url\":\"https:\/\/www.hsymachinery.com\/\",\"name\":\"HSY Construction Machinery\",\"description\":\"HSY Machinery \u2013 A leading China construction machinery supplier, offering a wide range of light construction equipment. Our main products include Rebar Cutting Machine, Rebar Bending Machine, Rebar Stirrup Bending Machine, Rebar Arc Bending Machine, Rebar Straightening Machine, Five-Head Rebar Stirrup Bending Machine, Tamping Rammer, Plate Compactor, Concrete Cutter, Power Trowel, and other construction machinery. We are equipped with advanced CNC machines, and we enforce strict quality inspection standards along with comprehensive after-sales service. If you are interested in our products or services, we warmly welcome your inquiries via message.\",\"publisher\":{\"@id\":\"https:\/\/www.hsymachinery.com\/#organization\"},\"potentialAction\":[{\"@type\":\"SearchAction\",\"target\":{\"@type\":\"EntryPoint\",\"urlTemplate\":\"https:\/\/www.hsymachinery.com\/?s={search_term_string}\"},\"query-input\":{\"@type\":\"PropertyValueSpecification\",\"valueRequired\":true,\"valueName\":\"search_term_string\"}}],\"inLanguage\":\"hu\"},{\"@type\":\"Organization\",\"@id\":\"https:\/\/www.hsymachinery.com\/#organization\",\"name\":\"HSY Construction Machinery\",\"url\":\"https:\/\/www.hsymachinery.com\/\",\"logo\":{\"@type\":\"ImageObject\",\"inLanguage\":\"hu\",\"@id\":\"https:\/\/www.hsymachinery.com\/#\/schema\/logo\/image\/\",\"url\":\"https:\/\/www.hsymachinery.com\/wp-content\/uploads\/2025\/06\/cropped-HSY-machinery.png\",\"contentUrl\":\"https:\/\/www.hsymachinery.com\/wp-content\/uploads\/2025\/06\/cropped-HSY-machinery.png\",\"width\":600,\"height\":240,\"caption\":\"HSY Construction Machinery\"},\"image\":{\"@id\":\"https:\/\/www.hsymachinery.com\/#\/schema\/logo\/image\/\"}}]}<\/script>\n<!-- \/ Yoast SEO plugin. -->","yoast_head_json":{"title":"GQ60 (lapos k\u00e9s) - HSY \u00c9p\u00edt\u0151ipari g\u00e9pek","description":"A GQ60 (lapos k\u00e9ses) betonvasv\u00e1g\u00f3 g\u00e9p er\u0151s, lapos k\u00e9ses v\u00e1g\u00e1st biztos\u00edt 6-50 mm-es betonvasakhoz. Nagy teherb\u00edr\u00e1s\u00fa \u00e9p\u00edtkez\u00e9sekhez \u00e9s nemzetk\u00f6zi exportra tervezt\u00e9k.","robots":{"index":"index","follow":"follow","max-snippet":"max-snippet:-1","max-image-preview":"max-image-preview:large","max-video-preview":"max-video-preview:-1"},"canonical":"https:\/\/www.hsymachinery.com\/hu\/termek\/betonacel-vagogep-gq60-lapos-kes\/","og_locale":"hu_HU","og_type":"article","og_title":"Rebar Cutting Machine GQ60 (Flat knife) - HSY Construction Machinery","og_description":"Rebar Cutting Machine GQ60 (Flat Knife) delivers strong, flat-blade shearing for 6\u201350mm rebar. Designed for heavy-duty construction and international export.","og_url":"https:\/\/www.hsymachinery.com\/hu\/termek\/betonacel-vagogep-gq60-lapos-kes\/","og_site_name":"HSY Construction Machinery","article_modified_time":"2025-06-25T14:20:03+00:00","og_image":[{"width":600,"height":600,"url":"https:\/\/www.hsymachinery.com\/wp-content\/uploads\/2025\/06\/Rebar-Cutting-Machine-GQ60-Flat-knife.jpg","type":"image\/jpeg"}],"twitter_card":"summary_large_image","twitter_misc":{"Becs\u00fclt olvas\u00e1si id\u0151":"2 perc"},"schema":{"@context":"https:\/\/schema.org","@graph":[{"@type":"WebPage","@id":"https:\/\/www.hsymachinery.com\/product\/rebar-cutting-machine-gq60-flat-knife\/","url":"https:\/\/www.hsymachinery.com\/product\/rebar-cutting-machine-gq60-flat-knife\/","name":"GQ60 (lapos k\u00e9s) - HSY \u00c9p\u00edt\u0151ipari g\u00e9pek","isPartOf":{"@id":"https:\/\/www.hsymachinery.com\/#website"},"primaryImageOfPage":{"@id":"https:\/\/www.hsymachinery.com\/product\/rebar-cutting-machine-gq60-flat-knife\/#primaryimage"},"image":{"@id":"https:\/\/www.hsymachinery.com\/product\/rebar-cutting-machine-gq60-flat-knife\/#primaryimage"},"thumbnailUrl":"https:\/\/www.hsymachinery.com\/wp-content\/uploads\/2025\/06\/Rebar-Cutting-Machine-GQ60-Flat-knife.jpg","datePublished":"2025-06-18T03:30:13+00:00","dateModified":"2025-06-25T14:20:03+00:00","description":"A GQ60 (lapos k\u00e9ses) betonvasv\u00e1g\u00f3 g\u00e9p er\u0151s, lapos k\u00e9ses v\u00e1g\u00e1st biztos\u00edt 6-50 mm-es betonvasakhoz. Nagy teherb\u00edr\u00e1s\u00fa \u00e9p\u00edtkez\u00e9sekhez \u00e9s nemzetk\u00f6zi exportra tervezt\u00e9k.","breadcrumb":{"@id":"https:\/\/www.hsymachinery.com\/product\/rebar-cutting-machine-gq60-flat-knife\/#breadcrumb"},"inLanguage":"hu","potentialAction":[{"@type":"ReadAction","target":["https:\/\/www.hsymachinery.com\/product\/rebar-cutting-machine-gq60-flat-knife\/"]}]},{"@type":"ImageObject","inLanguage":"hu","@id":"https:\/\/www.hsymachinery.com\/product\/rebar-cutting-machine-gq60-flat-knife\/#primaryimage","url":"https:\/\/www.hsymachinery.com\/wp-content\/uploads\/2025\/06\/Rebar-Cutting-Machine-GQ60-Flat-knife.jpg","contentUrl":"https:\/\/www.hsymachinery.com\/wp-content\/uploads\/2025\/06\/Rebar-Cutting-Machine-GQ60-Flat-knife.jpg","width":600,"height":600},{"@type":"BreadcrumbList","@id":"https:\/\/www.hsymachinery.com\/product\/rebar-cutting-machine-gq60-flat-knife\/#breadcrumb","itemListElement":[{"@type":"ListItem","position":1,"name":"home","item":"https:\/\/www.hsymachinery.com\/"},{"@type":"ListItem","position":2,"name":"products","item":"https:\/\/www.hsymachinery.com\/products\/"},{"@type":"ListItem","position":3,"name":"Rebar Cutting Machine GQ60 (Flat knife)"}]},{"@type":"WebSite","@id":"https:\/\/www.hsymachinery.com\/#website","url":"https:\/\/www.hsymachinery.com\/","name":"HSY \u00e9p\u00edt\u0151ipari g\u00e9pek","description":"HSY Machinery - K\u00edna vezet\u0151 \u00e9p\u00edt\u0151ipari g\u00e9pgy\u00e1rt\u00f3 v\u00e1llalata, amely k\u00f6nny\u0171 \u00e9p\u00edt\u0151ipari berendez\u00e9sek sz\u00e9les v\u00e1laszt\u00e9k\u00e1t k\u00edn\u00e1lja. F\u0151 term\u00e9keink k\u00f6z\u00e9 tartozik az \u00fajj\u00e1\u00e9p\u00edt\u00e9si v\u00e1g\u00f3g\u00e9p, az \u00fajj\u00e1\u00e9p\u00edt\u00e9si hajl\u00edt\u00f3g\u00e9p, az \u00fajj\u00e1\u00e9p\u00edt\u00e9si kengyelhajl\u00edt\u00f3 g\u00e9p, az \u00fajj\u00e1\u00e9p\u00edt\u00e9si \u00edvhajl\u00edt\u00f3 g\u00e9p, az \u00fajj\u00e1\u00e9p\u00edt\u00e9si egyenes\u00edt\u0151 g\u00e9p, az \u00f6tfej\u0171 \u00fajj\u00e1\u00e9p\u00edt\u00e9si kengyelhajl\u00edt\u00f3 g\u00e9p, a d\u00f6ng\u00f6l\u0151 rammer, a lemezkompaktor, a betonv\u00e1g\u00f3, a villanymotoros sim\u00edt\u00f3 \u00e9s m\u00e1s \u00e9p\u00edt\u0151ipari g\u00e9pek. Fejlett CNC-g\u00e9pekkel vagyunk felszerelve, \u00e9s szigor\u00fa min\u0151s\u00e9gellen\u0151rz\u00e9si szabv\u00e1nyokat \u00e9rv\u00e9nyes\u00edt\u00fcnk az \u00e1tfog\u00f3 \u00e9rt\u00e9kes\u00edt\u00e9s ut\u00e1ni szolg\u00e1ltat\u00e1ssal egy\u00fctt. Ha \u00e9rdeklik term\u00e9keink vagy szolg\u00e1ltat\u00e1saink, sz\u00edvesen fogadjuk \u00e9rdekl\u0151d\u00e9s\u00e9t \u00fczenetben.","publisher":{"@id":"https:\/\/www.hsymachinery.com\/#organization"},"potentialAction":[{"@type":"SearchAction","target":{"@type":"EntryPoint","urlTemplate":"https:\/\/www.hsymachinery.com\/?s={search_term_string}"},"query-input":{"@type":"PropertyValueSpecification","valueRequired":true,"valueName":"search_term_string"}}],"inLanguage":"hu"},{"@type":"Organization","@id":"https:\/\/www.hsymachinery.com\/#organization","name":"HSY \u00e9p\u00edt\u0151ipari g\u00e9pek","url":"https:\/\/www.hsymachinery.com\/","logo":{"@type":"ImageObject","inLanguage":"hu","@id":"https:\/\/www.hsymachinery.com\/#\/schema\/logo\/image\/","url":"https:\/\/www.hsymachinery.com\/wp-content\/uploads\/2025\/06\/cropped-HSY-machinery.png","contentUrl":"https:\/\/www.hsymachinery.com\/wp-content\/uploads\/2025\/06\/cropped-HSY-machinery.png","width":600,"height":240,"caption":"HSY Construction Machinery"},"image":{"@id":"https:\/\/www.hsymachinery.com\/#\/schema\/logo\/image\/"}}]}},"_links":{"self":[{"href":"https:\/\/www.hsymachinery.com\/hu\/wp-json\/wp\/v2\/product\/8933","targetHints":{"allow":["GET"]}}],"collection":[{"href":"https:\/\/www.hsymachinery.com\/hu\/wp-json\/wp\/v2\/product"}],"about":[{"href":"https:\/\/www.hsymachinery.com\/hu\/wp-json\/wp\/v2\/types\/product"}],"version-history":[{"count":4,"href":"https:\/\/www.hsymachinery.com\/hu\/wp-json\/wp\/v2\/product\/8933\/revisions"}],"predecessor-version":[{"id":9338,"href":"https:\/\/www.hsymachinery.com\/hu\/wp-json\/wp\/v2\/product\/8933\/revisions\/9338"}],"wp:featuredmedia":[{"embeddable":true,"href":"https:\/\/www.hsymachinery.com\/hu\/wp-json\/wp\/v2\/media\/8934"}],"wp:attachment":[{"href":"https:\/\/www.hsymachinery.com\/hu\/wp-json\/wp\/v2\/media?parent=8933"}],"wp:term":[{"taxonomy":"product_brand","embeddable":true,"href":"https:\/\/www.hsymachinery.com\/hu\/wp-json\/wp\/v2\/product_brand?post=8933"},{"taxonomy":"product_cat","embeddable":true,"href":"https:\/\/www.hsymachinery.com\/hu\/wp-json\/wp\/v2\/product_cat?post=8933"},{"taxonomy":"product_tag","embeddable":true,"href":"https:\/\/www.hsymachinery.com\/hu\/wp-json\/wp\/v2\/product_tag?post=8933"}],"curies":[{"name":"wp","href":"https:\/\/api.w.org\/{rel}","templated":true}]}}