{"id":8930,"date":"2025-06-18T11:28:57","date_gmt":"2025-06-18T03:28:57","guid":{"rendered":"https:\/\/www.hsymachinery.com\/?post_type=product&#038;p=8930"},"modified":"2025-06-25T21:06:25","modified_gmt":"2025-06-25T13:06:25","slug":"betonacel-vagogep-gq55-kerek-kes","status":"publish","type":"product","link":"https:\/\/www.hsymachinery.com\/hu\/termek\/betonacel-vagogep-gq55-kerek-kes\/","title":{"rendered":"Rebar v\u00e1g\u00f3g\u00e9p GQ55 (kerek k\u00e9s)"},"content":{"rendered":"<h3 data-start=\"136\" data-end=\"210\">Meger\u0151s\u00edtett kerek peng\u00e9s betonvasv\u00e1g\u00f3 a nagy hat\u00e9konys\u00e1g\u00fa r\u00fadfeldolgoz\u00e1shoz<\/h3>\n<h3 data-start=\"217\" data-end=\"286\">Term\u00e9k \u00e1ttekint\u00e9s - G\u00f6rd\u00fcl\u0151 peng\u00e9s ac\u00e9lv\u00e1g\u00f3 6-42 mm-es betonac\u00e9lokhoz<\/h3>\n<p data-start=\"288\" data-end=\"741\">A GQ55 betonac\u00e9l-v\u00e1g\u00f3g\u00e9p (kerek k\u00e9s) egy professzion\u00e1lis min\u0151s\u00e9g\u0171 betonac\u00e9l-v\u00e1g\u00f3 megold\u00e1s, amelyet nagy \u00e1tm\u00e9r\u0151j\u0171 ac\u00e9lrudak ny\u00edr\u00e1s\u00e1ra optimaliz\u00e1ltak. Hat\u00e9konyan dolgozza fel a 6 mm-t\u0151l 42 mm-ig terjed\u0151 betonac\u00e9lokat, bele\u00e9rtve a sima kerek ac\u00e9lt, a bord\u00e1zott rudakat \u00e9s a sz\u00e9nac\u00e9l rudakat. A g\u00f6rd\u00fcl\u0151-ny\u00edr\u00f3 kerek k\u00e9ses rendszernek k\u00f6sz\u00f6nhet\u0151en ez a g\u00e9p jelent\u0151sen cs\u00f6kkenti a s\u00farl\u00f3d\u00e1st a v\u00e1g\u00e1s sor\u00e1n, ami gyorsabb eredm\u00e9nyt, hosszabb \u00e9lettartamot \u00e9s sim\u00e1bb m\u0171k\u00f6d\u00e9st eredm\u00e9nyez.<\/p>\n<p data-start=\"743\" data-end=\"860\">Ezt a modellt sz\u00e9les k\u00f6rben haszn\u00e1lj\u00e1k az infrastrukt\u00farafejleszt\u00e9sben, az ipari ac\u00e9lfeldolgoz\u00e1sban \u00e9s a magas\u00e9p\u00edt\u00e9si alapoz\u00e1si munk\u00e1latokban.<\/p>\n<h3 data-start=\"867\" data-end=\"913\">Sima g\u00f6rd\u00fcl\u0151 v\u00e1g\u00e1s kisebb ellen\u00e1ll\u00e1ssal<\/h3>\n<p data-start=\"915\" data-end=\"1235\">A kerek k\u00e9s mechanizmusa a v\u00e1g\u00e1si mozg\u00e1s sor\u00e1n enyh\u00e9n forog, \u00edgy k\u00f6zvetlen \u00fct\u00e9s helyett cs\u00fasz\u00f3 ny\u00edr\u00f3hat\u00e1st eredm\u00e9nyez. Ez nemcsak a v\u00e1g\u00e1si pontoss\u00e1got jav\u00edtja, hanem a motorterhel\u00e9st is cs\u00f6kkenti. Ennek eredm\u00e9nyek\u00e9ppen csapata t\u00f6bb rudat v\u00e1ghat m\u0171szakonk\u00e9nt, kevesebb zajjal, kisebb vibr\u00e1ci\u00f3val \u00e9s jobb energiahat\u00e9konys\u00e1ggal.<\/p>\n<p data-start=\"1237\" data-end=\"1486\">A nagy nyomat\u00e9k\u00fa r\u00e9zmotorral hajtott GQ55 (kerek k\u00e9ses) betonvasv\u00e1g\u00f3 g\u00e9p k\u00f6vetkezetesen m\u0171k\u00f6dik ig\u00e9nyes munkater\u00fcleti k\u00f6r\u00fclm\u00e9nyek k\u00f6z\u00f6tt is. Bels\u0151 hajt\u00f3m\u0171ve meger\u0151s\u00edtett \u00e9s h\u0151kezelt, ami hossz\u00fa t\u00e1v\u00fa mechanikai megb\u00edzhat\u00f3s\u00e1got biztos\u00edt.<\/p>\n<h3 data-start=\"1493\" data-end=\"1543\">A durva munkater\u00fcleti k\u00f6rnyezetnek val\u00f3 ellen\u00e1ll\u00e1sra tervezt\u00e9k<\/h3>\n<p data-start=\"1545\" data-end=\"1808\">A nagyobb betonac\u00e9lok s\u00faly\u00e1nak \u00e9s a hossz\u00fa m\u0171k\u00f6d\u00e9si ciklusoknak a kezel\u00e9s\u00e9hez ez a g\u00e9p vastag\u00edtott \u00f6nt\u00f6ttvas v\u00e1zzal k\u00e9sz\u00fclt. A teljes szerkezet ellen\u00e1ll a deform\u00e1ci\u00f3nak \u00e9s az \u00fct\u00e9s okozta ig\u00e9nybev\u00e9telnek, m\u00edg a szil\u00e1rd sz\u00e1ll\u00edt\u00f3 kerekek biztos\u00edtj\u00e1k a k\u00f6nny\u0171 \u00e1thelyez\u00e9st m\u00e9g az egyenetlen terepen is.<\/p>\n<p data-start=\"1810\" data-end=\"2074\">Emellett a k\u00e9zi karral a kezel\u0151 teljes ellen\u0151rz\u00e9st biztos\u00edt minden v\u00e1g\u00e1s felett, m\u00edg a peng\u00e9khez val\u00f3 hozz\u00e1f\u00e9r\u00e9s gyors \u00e9s szersz\u00e1mbar\u00e1t, ami seg\u00edt cs\u00f6kkenteni a karbantart\u00e1s sor\u00e1n felmer\u00fcl\u0151 \u00e1ll\u00e1sid\u0151t. A nemzetk\u00f6zi h\u00e1l\u00f3zati alkalmazkod\u00f3k\u00e9pess\u00e9g (220V\/380V, 50Hz\/60Hz) tov\u00e1bb t\u00e1mogatja a glob\u00e1lis haszn\u00e1lhat\u00f3s\u00e1got.<\/p>\n<h3 data-start=\"2081\" data-end=\"2145\">Mi\u00e9rt v\u00e1lasztj\u00e1k a szakemberek a GQ55 kerek k\u00e9ses betonv\u00e1g\u00f3t?<\/h3>\n<ul data-start=\"2147\" data-end=\"2376\">\n<li data-start=\"2147\" data-end=\"2210\">\n<p data-start=\"2149\" data-end=\"2210\">6-42 mm-es ac\u00e9lrudak hat\u00e9kony feldolgoz\u00e1sa g\u00f6rd\u00fcl\u0151 ny\u00edr\u00f3g\u00e9p seg\u00edts\u00e9g\u00e9vel<\/p>\n<\/li>\n<li data-start=\"2211\" data-end=\"2259\">\n<p data-start=\"2213\" data-end=\"2259\">Kevesebb rezg\u00e9s \u00e9s hosszabb \u00e9lettartam\u00fa penge<\/p>\n<\/li>\n<li data-start=\"2260\" data-end=\"2328\">\n<p data-start=\"2262\" data-end=\"2328\">Alkalmas folyamatos m\u0171k\u00f6d\u00e9sre kem\u00e9ny ipari k\u00f6r\u00fclm\u00e9nyek k\u00f6z\u00f6tt<\/p>\n<\/li>\n<li data-start=\"2329\" data-end=\"2376\">\n<p data-start=\"2331\" data-end=\"2376\">Ide\u00e1lis t\u00f6bbfesz\u00fclts\u00e9g\u0171 t\u00e1mogat\u00e1ssal export\u00e1l\u00e1shoz<\/p>\n<\/li>\n<\/ul>\n<p><iframe title=\"betonvasv\u00e1g\u00f3 r\u00fadv\u00e1g\u00f3 g\u00e9p r\u00fadv\u00e1g\u00f3 g\u00e9p ,ac\u00e9l r\u00fadv\u00e1g\u00f3 g\u00e9p ,\u00e9p\u00edt\u0151ipari g\u00e9pek\" width=\"720\" height=\"405\" src=\"https:\/\/www.youtube.com\/embed\/cIrJPBezWsw?feature=oembed\" frameborder=\"0\" allow=\"accelerometer; autoplay; clipboard-write; encrypted-media; gyroscope; picture-in-picture; web-share\" referrerpolicy=\"strict-origin-when-cross-origin\" allowfullscreen><\/iframe><\/p>","protected":false},"excerpt":{"rendered":"<p>A GQ55 kerek k\u00e9ses betonvasv\u00e1g\u00f3 nagy sebess\u00e9g\u0171, alacsony ellen\u00e1ll\u00e1s\u00fa v\u00e1g\u00e1st biztos\u00edt 6-42 mm-es rudakhoz. G\u00f6rd\u00fcl\u0151 pengekialak\u00edt\u00e1sa n\u00f6veli a teljes\u00edtm\u00e9nyt \u00e9s minimaliz\u00e1lja a kop\u00e1st a hossz\u00fa \u00f3r\u00e1kon \u00e1t tart\u00f3 m\u0171veletek sor\u00e1n.<\/p>","protected":false},"featured_media":8931,"template":"","meta":{"_kad_post_transparent":"default","_kad_post_title":"","_kad_post_layout":"default","_kad_post_sidebar_id":"","_kad_post_content_style":"default","_kad_post_vertical_padding":"default","_kad_post_feature":"","_kad_post_feature_position":"","_kad_post_header":false,"_kad_post_footer":false},"product_brand":[],"product_cat":[51],"product_tag":[988,992,990,989,993,985,994,987,984,991,986],"class_list":{"0":"post-8930","1":"product","2":"type-product","3":"status-publish","4":"has-post-thumbnail","6":"product_cat-rebar-cutting-machine","7":"product_tag-automatic-rebar-cutter","8":"product_tag-construction-steel-bar-cutter","9":"product_tag-electric-rebar-cutting-tool","10":"product_tag-hydraulic-rebar-cutting-machine","11":"product_tag-portable-rebar-cutting-machine","12":"product_tag-rebar-cutter","13":"product_tag-rebar-cutting-machine","14":"product_tag-reinforcement-bar-cutter","15":"product_tag-steel-bar-cutting-machine","16":"product_tag-steel-rod-cutter-machine","17":"product_tag-tmt-bar-cutting-machine","19":"first","20":"instock","21":"shipping-taxable","22":"product-type-simple","23":"entry","24":"content-bg","25":"loop-entry"},"yoast_head":"<!-- This site is optimized with the Yoast SEO plugin v25.3.1 - https:\/\/yoast.com\/wordpress\/plugins\/seo\/ -->\n<title>Rebar Cutting Machine GQ55 (Round knife) - HSY Construction Machinery<\/title>\n<meta name=\"description\" content=\"Rebar Cutting Machine GQ55 (Round Knife) processes 6\u201342mm rebar using rolling-shear action. Built for durability, smooth cuts, and global export needs.\" \/>\n<meta name=\"robots\" content=\"index, follow, max-snippet:-1, max-image-preview:large, max-video-preview:-1\" \/>\n<link rel=\"canonical\" href=\"https:\/\/www.hsymachinery.com\/hu\/termek\/betonacel-vagogep-gq55-kerek-kes\/\" \/>\n<meta property=\"og:locale\" content=\"hu_HU\" \/>\n<meta property=\"og:type\" content=\"article\" \/>\n<meta property=\"og:title\" content=\"Rebar Cutting Machine GQ55 (Round knife) - HSY Construction Machinery\" \/>\n<meta property=\"og:description\" content=\"Rebar Cutting Machine GQ55 (Round Knife) processes 6\u201342mm rebar using rolling-shear action. Built for durability, smooth cuts, and global export needs.\" \/>\n<meta property=\"og:url\" content=\"https:\/\/www.hsymachinery.com\/hu\/termek\/betonacel-vagogep-gq55-kerek-kes\/\" \/>\n<meta property=\"og:site_name\" content=\"HSY Construction Machinery\" \/>\n<meta property=\"article:modified_time\" content=\"2025-06-25T13:06:25+00:00\" \/>\n<meta property=\"og:image\" content=\"https:\/\/www.hsymachinery.com\/wp-content\/uploads\/2025\/06\/Rebar-Cutting-Machine-GQ55-Round-knife.jpg\" \/>\n\t<meta property=\"og:image:width\" content=\"600\" \/>\n\t<meta property=\"og:image:height\" content=\"600\" \/>\n\t<meta property=\"og:image:type\" content=\"image\/jpeg\" \/>\n<meta name=\"twitter:card\" content=\"summary_large_image\" \/>\n<meta name=\"twitter:label1\" content=\"Becs\u00fclt olvas\u00e1si id\u0151\" \/>\n\t<meta name=\"twitter:data1\" content=\"2 perc\" \/>\n<script type=\"application\/ld+json\" class=\"yoast-schema-graph\">{\"@context\":\"https:\/\/schema.org\",\"@graph\":[{\"@type\":\"WebPage\",\"@id\":\"https:\/\/www.hsymachinery.com\/product\/rebar-cutting-machine-gq55-round-knife\/\",\"url\":\"https:\/\/www.hsymachinery.com\/product\/rebar-cutting-machine-gq55-round-knife\/\",\"name\":\"Rebar Cutting Machine GQ55 (Round knife) - HSY Construction Machinery\",\"isPartOf\":{\"@id\":\"https:\/\/www.hsymachinery.com\/#website\"},\"primaryImageOfPage\":{\"@id\":\"https:\/\/www.hsymachinery.com\/product\/rebar-cutting-machine-gq55-round-knife\/#primaryimage\"},\"image\":{\"@id\":\"https:\/\/www.hsymachinery.com\/product\/rebar-cutting-machine-gq55-round-knife\/#primaryimage\"},\"thumbnailUrl\":\"https:\/\/www.hsymachinery.com\/wp-content\/uploads\/2025\/06\/Rebar-Cutting-Machine-GQ55-Round-knife.jpg\",\"datePublished\":\"2025-06-18T03:28:57+00:00\",\"dateModified\":\"2025-06-25T13:06:25+00:00\",\"description\":\"Rebar Cutting Machine GQ55 (Round Knife) processes 6\u201342mm rebar using rolling-shear action. Built for durability, smooth cuts, and global export needs.\",\"breadcrumb\":{\"@id\":\"https:\/\/www.hsymachinery.com\/product\/rebar-cutting-machine-gq55-round-knife\/#breadcrumb\"},\"inLanguage\":\"hu\",\"potentialAction\":[{\"@type\":\"ReadAction\",\"target\":[\"https:\/\/www.hsymachinery.com\/product\/rebar-cutting-machine-gq55-round-knife\/\"]}]},{\"@type\":\"ImageObject\",\"inLanguage\":\"hu\",\"@id\":\"https:\/\/www.hsymachinery.com\/product\/rebar-cutting-machine-gq55-round-knife\/#primaryimage\",\"url\":\"https:\/\/www.hsymachinery.com\/wp-content\/uploads\/2025\/06\/Rebar-Cutting-Machine-GQ55-Round-knife.jpg\",\"contentUrl\":\"https:\/\/www.hsymachinery.com\/wp-content\/uploads\/2025\/06\/Rebar-Cutting-Machine-GQ55-Round-knife.jpg\",\"width\":600,\"height\":600},{\"@type\":\"BreadcrumbList\",\"@id\":\"https:\/\/www.hsymachinery.com\/product\/rebar-cutting-machine-gq55-round-knife\/#breadcrumb\",\"itemListElement\":[{\"@type\":\"ListItem\",\"position\":1,\"name\":\"home\",\"item\":\"https:\/\/www.hsymachinery.com\/\"},{\"@type\":\"ListItem\",\"position\":2,\"name\":\"products\",\"item\":\"https:\/\/www.hsymachinery.com\/products\/\"},{\"@type\":\"ListItem\",\"position\":3,\"name\":\"Rebar Cutting Machine GQ55 (Round knife)\"}]},{\"@type\":\"WebSite\",\"@id\":\"https:\/\/www.hsymachinery.com\/#website\",\"url\":\"https:\/\/www.hsymachinery.com\/\",\"name\":\"HSY Construction Machinery\",\"description\":\"HSY Machinery \u2013 A leading China construction machinery supplier, offering a wide range of light construction equipment. Our main products include Rebar Cutting Machine, Rebar Bending Machine, Rebar Stirrup Bending Machine, Rebar Arc Bending Machine, Rebar Straightening Machine, Five-Head Rebar Stirrup Bending Machine, Tamping Rammer, Plate Compactor, Concrete Cutter, Power Trowel, and other construction machinery. We are equipped with advanced CNC machines, and we enforce strict quality inspection standards along with comprehensive after-sales service. If you are interested in our products or services, we warmly welcome your inquiries via message.\",\"publisher\":{\"@id\":\"https:\/\/www.hsymachinery.com\/#organization\"},\"potentialAction\":[{\"@type\":\"SearchAction\",\"target\":{\"@type\":\"EntryPoint\",\"urlTemplate\":\"https:\/\/www.hsymachinery.com\/?s={search_term_string}\"},\"query-input\":{\"@type\":\"PropertyValueSpecification\",\"valueRequired\":true,\"valueName\":\"search_term_string\"}}],\"inLanguage\":\"hu\"},{\"@type\":\"Organization\",\"@id\":\"https:\/\/www.hsymachinery.com\/#organization\",\"name\":\"HSY Construction Machinery\",\"url\":\"https:\/\/www.hsymachinery.com\/\",\"logo\":{\"@type\":\"ImageObject\",\"inLanguage\":\"hu\",\"@id\":\"https:\/\/www.hsymachinery.com\/#\/schema\/logo\/image\/\",\"url\":\"https:\/\/www.hsymachinery.com\/wp-content\/uploads\/2025\/06\/cropped-HSY-machinery.png\",\"contentUrl\":\"https:\/\/www.hsymachinery.com\/wp-content\/uploads\/2025\/06\/cropped-HSY-machinery.png\",\"width\":600,\"height\":240,\"caption\":\"HSY Construction Machinery\"},\"image\":{\"@id\":\"https:\/\/www.hsymachinery.com\/#\/schema\/logo\/image\/\"}}]}<\/script>\n<!-- \/ Yoast SEO plugin. -->","yoast_head_json":{"title":"GQ55 (kerek k\u00e9s) - HSY \u00c9p\u00edt\u0151ipari g\u00e9pek","description":"A GQ55 (kerek k\u00e9ses) betonac\u00e9l-v\u00e1g\u00f3g\u00e9p 6-42 mm-es betonac\u00e9lokat dolgoz fel g\u00f6rd\u00fcl\u0151-ny\u00edr\u00f3 m\u0171velettel. Tart\u00f3ss\u00e1gra, sima v\u00e1g\u00e1sokra \u00e9s glob\u00e1lis exportig\u00e9nyekre tervezt\u00e9k.","robots":{"index":"index","follow":"follow","max-snippet":"max-snippet:-1","max-image-preview":"max-image-preview:large","max-video-preview":"max-video-preview:-1"},"canonical":"https:\/\/www.hsymachinery.com\/hu\/termek\/betonacel-vagogep-gq55-kerek-kes\/","og_locale":"hu_HU","og_type":"article","og_title":"Rebar Cutting Machine GQ55 (Round knife) - HSY Construction Machinery","og_description":"Rebar Cutting Machine GQ55 (Round Knife) processes 6\u201342mm rebar using rolling-shear action. Built for durability, smooth cuts, and global export needs.","og_url":"https:\/\/www.hsymachinery.com\/hu\/termek\/betonacel-vagogep-gq55-kerek-kes\/","og_site_name":"HSY Construction Machinery","article_modified_time":"2025-06-25T13:06:25+00:00","og_image":[{"width":600,"height":600,"url":"https:\/\/www.hsymachinery.com\/wp-content\/uploads\/2025\/06\/Rebar-Cutting-Machine-GQ55-Round-knife.jpg","type":"image\/jpeg"}],"twitter_card":"summary_large_image","twitter_misc":{"Becs\u00fclt olvas\u00e1si id\u0151":"2 perc"},"schema":{"@context":"https:\/\/schema.org","@graph":[{"@type":"WebPage","@id":"https:\/\/www.hsymachinery.com\/product\/rebar-cutting-machine-gq55-round-knife\/","url":"https:\/\/www.hsymachinery.com\/product\/rebar-cutting-machine-gq55-round-knife\/","name":"GQ55 (kerek k\u00e9s) - HSY \u00c9p\u00edt\u0151ipari g\u00e9pek","isPartOf":{"@id":"https:\/\/www.hsymachinery.com\/#website"},"primaryImageOfPage":{"@id":"https:\/\/www.hsymachinery.com\/product\/rebar-cutting-machine-gq55-round-knife\/#primaryimage"},"image":{"@id":"https:\/\/www.hsymachinery.com\/product\/rebar-cutting-machine-gq55-round-knife\/#primaryimage"},"thumbnailUrl":"https:\/\/www.hsymachinery.com\/wp-content\/uploads\/2025\/06\/Rebar-Cutting-Machine-GQ55-Round-knife.jpg","datePublished":"2025-06-18T03:28:57+00:00","dateModified":"2025-06-25T13:06:25+00:00","description":"A GQ55 (kerek k\u00e9ses) betonac\u00e9l-v\u00e1g\u00f3g\u00e9p 6-42 mm-es betonac\u00e9lokat dolgoz fel g\u00f6rd\u00fcl\u0151-ny\u00edr\u00f3 m\u0171velettel. Tart\u00f3ss\u00e1gra, sima v\u00e1g\u00e1sokra \u00e9s glob\u00e1lis exportig\u00e9nyekre tervezt\u00e9k.","breadcrumb":{"@id":"https:\/\/www.hsymachinery.com\/product\/rebar-cutting-machine-gq55-round-knife\/#breadcrumb"},"inLanguage":"hu","potentialAction":[{"@type":"ReadAction","target":["https:\/\/www.hsymachinery.com\/product\/rebar-cutting-machine-gq55-round-knife\/"]}]},{"@type":"ImageObject","inLanguage":"hu","@id":"https:\/\/www.hsymachinery.com\/product\/rebar-cutting-machine-gq55-round-knife\/#primaryimage","url":"https:\/\/www.hsymachinery.com\/wp-content\/uploads\/2025\/06\/Rebar-Cutting-Machine-GQ55-Round-knife.jpg","contentUrl":"https:\/\/www.hsymachinery.com\/wp-content\/uploads\/2025\/06\/Rebar-Cutting-Machine-GQ55-Round-knife.jpg","width":600,"height":600},{"@type":"BreadcrumbList","@id":"https:\/\/www.hsymachinery.com\/product\/rebar-cutting-machine-gq55-round-knife\/#breadcrumb","itemListElement":[{"@type":"ListItem","position":1,"name":"home","item":"https:\/\/www.hsymachinery.com\/"},{"@type":"ListItem","position":2,"name":"products","item":"https:\/\/www.hsymachinery.com\/products\/"},{"@type":"ListItem","position":3,"name":"Rebar Cutting Machine GQ55 (Round knife)"}]},{"@type":"WebSite","@id":"https:\/\/www.hsymachinery.com\/#website","url":"https:\/\/www.hsymachinery.com\/","name":"HSY \u00e9p\u00edt\u0151ipari g\u00e9pek","description":"HSY Machinery - K\u00edna vezet\u0151 \u00e9p\u00edt\u0151ipari g\u00e9pgy\u00e1rt\u00f3 v\u00e1llalata, amely k\u00f6nny\u0171 \u00e9p\u00edt\u0151ipari berendez\u00e9sek sz\u00e9les v\u00e1laszt\u00e9k\u00e1t k\u00edn\u00e1lja. F\u0151 term\u00e9keink k\u00f6z\u00e9 tartozik az \u00fajj\u00e1\u00e9p\u00edt\u00e9si v\u00e1g\u00f3g\u00e9p, az \u00fajj\u00e1\u00e9p\u00edt\u00e9si hajl\u00edt\u00f3g\u00e9p, az \u00fajj\u00e1\u00e9p\u00edt\u00e9si kengyelhajl\u00edt\u00f3 g\u00e9p, az \u00fajj\u00e1\u00e9p\u00edt\u00e9si \u00edvhajl\u00edt\u00f3 g\u00e9p, az \u00fajj\u00e1\u00e9p\u00edt\u00e9si egyenes\u00edt\u0151 g\u00e9p, az \u00f6tfej\u0171 \u00fajj\u00e1\u00e9p\u00edt\u00e9si kengyelhajl\u00edt\u00f3 g\u00e9p, a d\u00f6ng\u00f6l\u0151 rammer, a lemezkompaktor, a betonv\u00e1g\u00f3, a villanymotoros sim\u00edt\u00f3 \u00e9s m\u00e1s \u00e9p\u00edt\u0151ipari g\u00e9pek. Fejlett CNC-g\u00e9pekkel vagyunk felszerelve, \u00e9s szigor\u00fa min\u0151s\u00e9gellen\u0151rz\u00e9si szabv\u00e1nyokat \u00e9rv\u00e9nyes\u00edt\u00fcnk az \u00e1tfog\u00f3 \u00e9rt\u00e9kes\u00edt\u00e9s ut\u00e1ni szolg\u00e1ltat\u00e1ssal egy\u00fctt. Ha \u00e9rdeklik term\u00e9keink vagy szolg\u00e1ltat\u00e1saink, sz\u00edvesen fogadjuk \u00e9rdekl\u0151d\u00e9s\u00e9t \u00fczenetben.","publisher":{"@id":"https:\/\/www.hsymachinery.com\/#organization"},"potentialAction":[{"@type":"SearchAction","target":{"@type":"EntryPoint","urlTemplate":"https:\/\/www.hsymachinery.com\/?s={search_term_string}"},"query-input":{"@type":"PropertyValueSpecification","valueRequired":true,"valueName":"search_term_string"}}],"inLanguage":"hu"},{"@type":"Organization","@id":"https:\/\/www.hsymachinery.com\/#organization","name":"HSY \u00e9p\u00edt\u0151ipari g\u00e9pek","url":"https:\/\/www.hsymachinery.com\/","logo":{"@type":"ImageObject","inLanguage":"hu","@id":"https:\/\/www.hsymachinery.com\/#\/schema\/logo\/image\/","url":"https:\/\/www.hsymachinery.com\/wp-content\/uploads\/2025\/06\/cropped-HSY-machinery.png","contentUrl":"https:\/\/www.hsymachinery.com\/wp-content\/uploads\/2025\/06\/cropped-HSY-machinery.png","width":600,"height":240,"caption":"HSY Construction Machinery"},"image":{"@id":"https:\/\/www.hsymachinery.com\/#\/schema\/logo\/image\/"}}]}},"_links":{"self":[{"href":"https:\/\/www.hsymachinery.com\/hu\/wp-json\/wp\/v2\/product\/8930","targetHints":{"allow":["GET"]}}],"collection":[{"href":"https:\/\/www.hsymachinery.com\/hu\/wp-json\/wp\/v2\/product"}],"about":[{"href":"https:\/\/www.hsymachinery.com\/hu\/wp-json\/wp\/v2\/types\/product"}],"version-history":[{"count":3,"href":"https:\/\/www.hsymachinery.com\/hu\/wp-json\/wp\/v2\/product\/8930\/revisions"}],"predecessor-version":[{"id":9335,"href":"https:\/\/www.hsymachinery.com\/hu\/wp-json\/wp\/v2\/product\/8930\/revisions\/9335"}],"wp:featuredmedia":[{"embeddable":true,"href":"https:\/\/www.hsymachinery.com\/hu\/wp-json\/wp\/v2\/media\/8931"}],"wp:attachment":[{"href":"https:\/\/www.hsymachinery.com\/hu\/wp-json\/wp\/v2\/media?parent=8930"}],"wp:term":[{"taxonomy":"product_brand","embeddable":true,"href":"https:\/\/www.hsymachinery.com\/hu\/wp-json\/wp\/v2\/product_brand?post=8930"},{"taxonomy":"product_cat","embeddable":true,"href":"https:\/\/www.hsymachinery.com\/hu\/wp-json\/wp\/v2\/product_cat?post=8930"},{"taxonomy":"product_tag","embeddable":true,"href":"https:\/\/www.hsymachinery.com\/hu\/wp-json\/wp\/v2\/product_tag?post=8930"}],"curies":[{"name":"wp","href":"https:\/\/api.w.org\/{rel}","templated":true}]}}