{"id":8921,"date":"2025-06-18T11:24:46","date_gmt":"2025-06-18T03:24:46","guid":{"rendered":"https:\/\/www.hsymachinery.com\/?post_type=product&#038;p=8921"},"modified":"2025-06-25T20:50:31","modified_gmt":"2025-06-25T12:50:31","slug":"betonacel-vagogep-gq50-lapos-kes","status":"publish","type":"product","link":"https:\/\/www.hsymachinery.com\/hu\/termek\/betonacel-vagogep-gq50-lapos-kes\/","title":{"rendered":"Rebar v\u00e1g\u00f3g\u00e9p GQ50 (lapos k\u00e9s)"},"content":{"rendered":"<h3 data-start=\"419\" data-end=\"476\">Nagy teherb\u00edr\u00e1s\u00fa ac\u00e9lv\u00e1g\u00f3 g\u00e9p 40 mm-ig terjed\u0151 betonac\u00e9lokhoz<\/h3>\n<h3 data-start=\"483\" data-end=\"570\">\u00a0Term\u00e9k\u00e1ttekint\u00e9s - Ipari betonac\u00e9l-feldolgoz\u00f3 berendez\u00e9s nagym\u00e9ret\u0171 v\u00e1g\u00e1shoz<\/h3>\n<p data-start=\"572\" data-end=\"990\">A <strong data-start=\"576\" data-end=\"619\">Rebar v\u00e1g\u00f3g\u00e9p GQ50 (lapos k\u00e9s)<\/strong> egy nagy kapacit\u00e1s\u00fa ac\u00e9lv\u00e1g\u00f3 g\u00e9p, amelyet nagy ig\u00e9nybev\u00e9tel\u0171 \u00e9p\u00edt\u0151ipari munk\u00e1k elv\u00e9gz\u00e9s\u00e9re \u00e9p\u00edtettek. \u00dagy tervezt\u00e9k, hogy v\u00e1gja <strong data-start=\"724\" data-end=\"739\">6 mm-t\u0151l 40 mm-ig<\/strong> \u00e1tm\u00e9r\u0151j\u0171 betonac\u00e9l, ez a modell ide\u00e1lis infrastruktur\u00e1lis, h\u00edd-, alag\u00fat- \u00e9s el\u0151gy\u00e1rt\u00e1si alkalmaz\u00e1sokhoz. Lapos k\u00e9ses v\u00e1g\u00f3mechanizmusa stabil \u00e9s tiszta ny\u00edr\u00e1si folyamatot biztos\u00edt, k\u00f6vetkezetesen sima \u00e9leket \u00e9s cs\u00f6kkentett anyagvesztes\u00e9get biztos\u00edt.<\/p>\n<h3 data-start=\"997\" data-end=\"1062\">Stabil v\u00e1g\u00e1si teljes\u00edtm\u00e9ny a nagy szil\u00e1rds\u00e1g\u00fa penge kialak\u00edt\u00e1s\u00e1val<\/h3>\n<p data-start=\"1064\" data-end=\"1407\">Ez a modell egy <strong data-start=\"1082\" data-end=\"1112\">lapos k\u00e9ses ny\u00edr\u00f3rendszer<\/strong> amely egyenletes nyom\u00e1st gyakorol minden egyes betonac\u00e9l szegmensre. Ennek eredm\u00e9nyek\u00e9ppen a v\u00e1g\u00e1sok pontosak \u00e9s tiszt\u00e1k, torzul\u00e1s \u00e9s mar\u00e1s n\u00e9lk\u00fcl. A robusztus penge ellen\u00e1ll a nagy munkaterhel\u00e9snek, mik\u00f6zben id\u0151vel meg\u0151rzi a pontoss\u00e1got. A gyors pengev\u00e1lt\u00f3 rendszer tov\u00e1bb\u00e1 gyors \u00e9s szersz\u00e1mbar\u00e1t karbantart\u00e1st tesz lehet\u0151v\u00e9.<\/p>\n<p data-start=\"1409\" data-end=\"1692\">A <strong data-start=\"1413\" data-end=\"1456\"><a href=\"https:\/\/www.hsymachinery.com\/hu\/termekek\/betonacel-vagogep\/\" target=\"_blank\" rel=\"noopener\">Rebar v\u00e1g\u00f3g\u00e9p<\/a> GQ50 (lapos k\u00e9s)<\/strong> nagy hat\u00e1sfok\u00fa r\u00e9zmotor hajtja, amely alacsony energiafogyaszt\u00e1s mellett er\u0151s nyomat\u00e9kot biztos\u00edt. A prec\u00edzi\u00f3s megmunk\u00e1l\u00e1s\u00fa sebess\u00e9gv\u00e1lt\u00f3val kombin\u00e1lva ez a g\u00e9p minim\u00e1lis rezg\u00e9ssel \u00e9s alacsony zajjal m\u0171k\u00f6dik, m\u00e9g folyamatos haszn\u00e1lat mellett is.<\/p>\n<h3 data-start=\"1699\" data-end=\"1749\">Robusztus keret \u00e9s glob\u00e1lis exportra k\u00e9sz kialak\u00edt\u00e1s<\/h3>\n<p data-start=\"1751\" data-end=\"2081\">A g\u00e9p meger\u0151s\u00edtett \u00f6nt\u00f6ttvas testtel rendelkezik, amely hossz\u00fa t\u00e1v\u00fa mechanikai ig\u00e9nybev\u00e9tel eset\u00e9n is biztos\u00edtja a szerkezeti integrit\u00e1st. A t\u00f6m\u00f6r gumikerekek jav\u00edtj\u00e1k a helysz\u00edni mobilit\u00e1st, m\u00edg a k\u00e9zi vez\u00e9rl\u00e9s\u0171 foganty\u00fa felhaszn\u00e1l\u00f3bar\u00e1t kezel\u00e9st biztos\u00edt. Emellett a nyitott tetej\u0171 fed\u00e9l k\u00f6nny\u0171 hozz\u00e1f\u00e9r\u00e9st tesz lehet\u0151v\u00e9 a karbantart\u00e1s \u00e9s a pengecsere sor\u00e1n.<\/p>\n<p data-start=\"2083\" data-end=\"2335\">T\u00f6bbf\u00e9le fesz\u00fclts\u00e9gszabv\u00e1nyt t\u00e1mogat (220V\/380V, 50Hz\/60Hz), \u00edgy ez a g\u00e9p j\u00f3l alkalmazhat\u00f3 a nemzetk\u00f6zi piacokon. A szakemberek a GQ50 lapos k\u00e9ses modellt a hossz\u00fa t\u00e1v\u00fa megb\u00edzhat\u00f3s\u00e1g, a v\u00e1g\u00e1s konzisztenci\u00e1ja \u00e9s az er\u0151s megt\u00e9r\u00fcl\u00e9s miatt v\u00e1lasztj\u00e1k.<\/p>\n<h3 data-start=\"2342\" data-end=\"2388\">\u00a0Mi\u00e9rt v\u00e1lassza a GQ50 Flat Knife Rebar Cuttert?<\/h3>\n<ul data-start=\"2390\" data-end=\"2631\">\n<li data-start=\"2390\" data-end=\"2452\">\n<p data-start=\"2392\" data-end=\"2452\">6 mm-t\u0151l 40 mm-ig v\u00e1gja a betonac\u00e9lokat tiszta, stabil teljes\u00edtm\u00e9ny mellett<\/p>\n<\/li>\n<li data-start=\"2453\" data-end=\"2525\">\n<p data-start=\"2455\" data-end=\"2525\">Nagy teherb\u00edr\u00e1s\u00fa kialak\u00edt\u00e1s a hossz\u00fa \u00f3r\u00e1kon \u00e1t tart\u00f3 v\u00e1g\u00e1shoz a pontoss\u00e1g elveszt\u00e9se n\u00e9lk\u00fcl<\/p>\n<\/li>\n<li data-start=\"2526\" data-end=\"2574\">\n<p data-start=\"2528\" data-end=\"2574\">Gyors pengecsere \u00e9s egyszer\u0171 karbantart\u00e1s<\/p>\n<\/li>\n<li data-start=\"2575\" data-end=\"2631\">\n<p data-start=\"2577\" data-end=\"2631\">Export\u00e1lhat\u00f3 fesz\u00fclts\u00e9g testreszab\u00e1ssal glob\u00e1lis haszn\u00e1latra<\/p>\n<\/li>\n<\/ul>\n<p><iframe title=\"betonvasv\u00e1g\u00f3 r\u00fadv\u00e1g\u00f3 g\u00e9p r\u00fadv\u00e1g\u00f3 g\u00e9p ,ac\u00e9l r\u00fadv\u00e1g\u00f3 g\u00e9p ,\u00e9p\u00edt\u0151ipari g\u00e9pek\" width=\"720\" height=\"405\" src=\"https:\/\/www.youtube.com\/embed\/cIrJPBezWsw?feature=oembed\" frameborder=\"0\" allow=\"accelerometer; autoplay; clipboard-write; encrypted-media; gyroscope; picture-in-picture; web-share\" referrerpolicy=\"strict-origin-when-cross-origin\" allowfullscreen><\/iframe><\/p>","protected":false},"excerpt":{"rendered":"<p>A GQ50 lapos k\u00e9ses betonvasv\u00e1g\u00f3 g\u00e9p stabil, tiszta v\u00e1g\u00e1sokat biztos\u00edt 6-40 mm-es ac\u00e9lrudakhoz. Ide\u00e1lis nagy terhel\u00e9st ig\u00e9nyl\u0151 \u00e9p\u00edt\u0151ipari k\u00f6rnyezetbe \u00e9s hossz\u00fa t\u00e1v\u00fa haszn\u00e1latra a munkater\u00fcleteken.<\/p>","protected":false},"featured_media":8922,"template":"","meta":{"_kad_post_transparent":"default","_kad_post_title":"","_kad_post_layout":"default","_kad_post_sidebar_id":"","_kad_post_content_style":"default","_kad_post_vertical_padding":"default","_kad_post_feature":"","_kad_post_feature_position":"","_kad_post_header":false,"_kad_post_footer":false},"product_brand":[],"product_cat":[51],"product_tag":[988,992,990,989,993,985,994,987,984,991,986],"class_list":{"0":"post-8921","1":"product","2":"type-product","3":"status-publish","4":"has-post-thumbnail","6":"product_cat-rebar-cutting-machine","7":"product_tag-automatic-rebar-cutter","8":"product_tag-construction-steel-bar-cutter","9":"product_tag-electric-rebar-cutting-tool","10":"product_tag-hydraulic-rebar-cutting-machine","11":"product_tag-portable-rebar-cutting-machine","12":"product_tag-rebar-cutter","13":"product_tag-rebar-cutting-machine","14":"product_tag-reinforcement-bar-cutter","15":"product_tag-steel-bar-cutting-machine","16":"product_tag-steel-rod-cutter-machine","17":"product_tag-tmt-bar-cutting-machine","19":"first","20":"instock","21":"shipping-taxable","22":"product-type-simple","23":"entry","24":"content-bg","25":"loop-entry"},"yoast_head":"<!-- This site is optimized with the Yoast SEO plugin v25.3.1 - https:\/\/yoast.com\/wordpress\/plugins\/seo\/ -->\n<title>Rebar Cutting Machine GQ50 (Flat knife) - HSY Construction Machinery<\/title>\n<meta name=\"description\" content=\"Rebar Cutting Machine GQ50 (Flat Knife) cuts 6\u201340mm rebar with clean edges and high efficiency. Designed for heavy-duty construction and export demands.\" \/>\n<meta name=\"robots\" content=\"index, follow, max-snippet:-1, max-image-preview:large, max-video-preview:-1\" \/>\n<link rel=\"canonical\" href=\"https:\/\/www.hsymachinery.com\/hu\/termek\/betonacel-vagogep-gq50-lapos-kes\/\" \/>\n<meta property=\"og:locale\" content=\"hu_HU\" \/>\n<meta property=\"og:type\" content=\"article\" \/>\n<meta property=\"og:title\" content=\"Rebar Cutting Machine GQ50 (Flat knife) - HSY Construction Machinery\" \/>\n<meta property=\"og:description\" content=\"Rebar Cutting Machine GQ50 (Flat Knife) cuts 6\u201340mm rebar with clean edges and high efficiency. Designed for heavy-duty construction and export demands.\" \/>\n<meta property=\"og:url\" content=\"https:\/\/www.hsymachinery.com\/hu\/termek\/betonacel-vagogep-gq50-lapos-kes\/\" \/>\n<meta property=\"og:site_name\" content=\"HSY Construction Machinery\" \/>\n<meta property=\"article:modified_time\" content=\"2025-06-25T12:50:31+00:00\" \/>\n<meta property=\"og:image\" content=\"https:\/\/www.hsymachinery.com\/wp-content\/uploads\/2025\/06\/Rebar-Cutting-Machine-GQ50-Flat-knife.jpg\" \/>\n\t<meta property=\"og:image:width\" content=\"600\" \/>\n\t<meta property=\"og:image:height\" content=\"600\" \/>\n\t<meta property=\"og:image:type\" content=\"image\/jpeg\" \/>\n<meta name=\"twitter:card\" content=\"summary_large_image\" \/>\n<meta name=\"twitter:label1\" content=\"Becs\u00fclt olvas\u00e1si id\u0151\" \/>\n\t<meta name=\"twitter:data1\" content=\"2 perc\" \/>\n<script type=\"application\/ld+json\" class=\"yoast-schema-graph\">{\"@context\":\"https:\/\/schema.org\",\"@graph\":[{\"@type\":\"WebPage\",\"@id\":\"https:\/\/www.hsymachinery.com\/product\/rebar-cutting-machine-gq50-flat-knife\/\",\"url\":\"https:\/\/www.hsymachinery.com\/product\/rebar-cutting-machine-gq50-flat-knife\/\",\"name\":\"Rebar Cutting Machine GQ50 (Flat knife) - HSY Construction Machinery\",\"isPartOf\":{\"@id\":\"https:\/\/www.hsymachinery.com\/#website\"},\"primaryImageOfPage\":{\"@id\":\"https:\/\/www.hsymachinery.com\/product\/rebar-cutting-machine-gq50-flat-knife\/#primaryimage\"},\"image\":{\"@id\":\"https:\/\/www.hsymachinery.com\/product\/rebar-cutting-machine-gq50-flat-knife\/#primaryimage\"},\"thumbnailUrl\":\"https:\/\/www.hsymachinery.com\/wp-content\/uploads\/2025\/06\/Rebar-Cutting-Machine-GQ50-Flat-knife.jpg\",\"datePublished\":\"2025-06-18T03:24:46+00:00\",\"dateModified\":\"2025-06-25T12:50:31+00:00\",\"description\":\"Rebar Cutting Machine GQ50 (Flat Knife) cuts 6\u201340mm rebar with clean edges and high efficiency. Designed for heavy-duty construction and export demands.\",\"breadcrumb\":{\"@id\":\"https:\/\/www.hsymachinery.com\/product\/rebar-cutting-machine-gq50-flat-knife\/#breadcrumb\"},\"inLanguage\":\"hu\",\"potentialAction\":[{\"@type\":\"ReadAction\",\"target\":[\"https:\/\/www.hsymachinery.com\/product\/rebar-cutting-machine-gq50-flat-knife\/\"]}]},{\"@type\":\"ImageObject\",\"inLanguage\":\"hu\",\"@id\":\"https:\/\/www.hsymachinery.com\/product\/rebar-cutting-machine-gq50-flat-knife\/#primaryimage\",\"url\":\"https:\/\/www.hsymachinery.com\/wp-content\/uploads\/2025\/06\/Rebar-Cutting-Machine-GQ50-Flat-knife.jpg\",\"contentUrl\":\"https:\/\/www.hsymachinery.com\/wp-content\/uploads\/2025\/06\/Rebar-Cutting-Machine-GQ50-Flat-knife.jpg\",\"width\":600,\"height\":600},{\"@type\":\"BreadcrumbList\",\"@id\":\"https:\/\/www.hsymachinery.com\/product\/rebar-cutting-machine-gq50-flat-knife\/#breadcrumb\",\"itemListElement\":[{\"@type\":\"ListItem\",\"position\":1,\"name\":\"home\",\"item\":\"https:\/\/www.hsymachinery.com\/\"},{\"@type\":\"ListItem\",\"position\":2,\"name\":\"products\",\"item\":\"https:\/\/www.hsymachinery.com\/products\/\"},{\"@type\":\"ListItem\",\"position\":3,\"name\":\"Rebar Cutting Machine GQ50 (Flat knife)\"}]},{\"@type\":\"WebSite\",\"@id\":\"https:\/\/www.hsymachinery.com\/#website\",\"url\":\"https:\/\/www.hsymachinery.com\/\",\"name\":\"HSY Construction Machinery\",\"description\":\"HSY Machinery \u2013 A leading China construction machinery supplier, offering a wide range of light construction equipment. Our main products include Rebar Cutting Machine, Rebar Bending Machine, Rebar Stirrup Bending Machine, Rebar Arc Bending Machine, Rebar Straightening Machine, Five-Head Rebar Stirrup Bending Machine, Tamping Rammer, Plate Compactor, Concrete Cutter, Power Trowel, and other construction machinery. We are equipped with advanced CNC machines, and we enforce strict quality inspection standards along with comprehensive after-sales service. If you are interested in our products or services, we warmly welcome your inquiries via message.\",\"publisher\":{\"@id\":\"https:\/\/www.hsymachinery.com\/#organization\"},\"potentialAction\":[{\"@type\":\"SearchAction\",\"target\":{\"@type\":\"EntryPoint\",\"urlTemplate\":\"https:\/\/www.hsymachinery.com\/?s={search_term_string}\"},\"query-input\":{\"@type\":\"PropertyValueSpecification\",\"valueRequired\":true,\"valueName\":\"search_term_string\"}}],\"inLanguage\":\"hu\"},{\"@type\":\"Organization\",\"@id\":\"https:\/\/www.hsymachinery.com\/#organization\",\"name\":\"HSY Construction Machinery\",\"url\":\"https:\/\/www.hsymachinery.com\/\",\"logo\":{\"@type\":\"ImageObject\",\"inLanguage\":\"hu\",\"@id\":\"https:\/\/www.hsymachinery.com\/#\/schema\/logo\/image\/\",\"url\":\"https:\/\/www.hsymachinery.com\/wp-content\/uploads\/2025\/06\/cropped-HSY-machinery.png\",\"contentUrl\":\"https:\/\/www.hsymachinery.com\/wp-content\/uploads\/2025\/06\/cropped-HSY-machinery.png\",\"width\":600,\"height\":240,\"caption\":\"HSY Construction Machinery\"},\"image\":{\"@id\":\"https:\/\/www.hsymachinery.com\/#\/schema\/logo\/image\/\"}}]}<\/script>\n<!-- \/ Yoast SEO plugin. -->","yoast_head_json":{"title":"GQ50 (lapos k\u00e9s) - HSY \u00c9p\u00edt\u0151ipari g\u00e9pek","description":"A GQ50 (lapos k\u00e9ses) betonac\u00e9l-v\u00e1g\u00f3g\u00e9p 6-40 mm-es betonac\u00e9lokat v\u00e1g tiszta \u00e9lekkel \u00e9s nagy hat\u00e9konys\u00e1ggal. Neh\u00e9z \u00e9p\u00edt\u0151ipari \u00e9s export ig\u00e9nyekre tervezt\u00e9k.","robots":{"index":"index","follow":"follow","max-snippet":"max-snippet:-1","max-image-preview":"max-image-preview:large","max-video-preview":"max-video-preview:-1"},"canonical":"https:\/\/www.hsymachinery.com\/hu\/termek\/betonacel-vagogep-gq50-lapos-kes\/","og_locale":"hu_HU","og_type":"article","og_title":"Rebar Cutting Machine GQ50 (Flat knife) - HSY Construction Machinery","og_description":"Rebar Cutting Machine GQ50 (Flat Knife) cuts 6\u201340mm rebar with clean edges and high efficiency. Designed for heavy-duty construction and export demands.","og_url":"https:\/\/www.hsymachinery.com\/hu\/termek\/betonacel-vagogep-gq50-lapos-kes\/","og_site_name":"HSY Construction Machinery","article_modified_time":"2025-06-25T12:50:31+00:00","og_image":[{"width":600,"height":600,"url":"https:\/\/www.hsymachinery.com\/wp-content\/uploads\/2025\/06\/Rebar-Cutting-Machine-GQ50-Flat-knife.jpg","type":"image\/jpeg"}],"twitter_card":"summary_large_image","twitter_misc":{"Becs\u00fclt olvas\u00e1si id\u0151":"2 perc"},"schema":{"@context":"https:\/\/schema.org","@graph":[{"@type":"WebPage","@id":"https:\/\/www.hsymachinery.com\/product\/rebar-cutting-machine-gq50-flat-knife\/","url":"https:\/\/www.hsymachinery.com\/product\/rebar-cutting-machine-gq50-flat-knife\/","name":"GQ50 (lapos k\u00e9s) - HSY \u00c9p\u00edt\u0151ipari g\u00e9pek","isPartOf":{"@id":"https:\/\/www.hsymachinery.com\/#website"},"primaryImageOfPage":{"@id":"https:\/\/www.hsymachinery.com\/product\/rebar-cutting-machine-gq50-flat-knife\/#primaryimage"},"image":{"@id":"https:\/\/www.hsymachinery.com\/product\/rebar-cutting-machine-gq50-flat-knife\/#primaryimage"},"thumbnailUrl":"https:\/\/www.hsymachinery.com\/wp-content\/uploads\/2025\/06\/Rebar-Cutting-Machine-GQ50-Flat-knife.jpg","datePublished":"2025-06-18T03:24:46+00:00","dateModified":"2025-06-25T12:50:31+00:00","description":"A GQ50 (lapos k\u00e9ses) betonac\u00e9l-v\u00e1g\u00f3g\u00e9p 6-40 mm-es betonac\u00e9lokat v\u00e1g tiszta \u00e9lekkel \u00e9s nagy hat\u00e9konys\u00e1ggal. Neh\u00e9z \u00e9p\u00edt\u0151ipari \u00e9s export ig\u00e9nyekre tervezt\u00e9k.","breadcrumb":{"@id":"https:\/\/www.hsymachinery.com\/product\/rebar-cutting-machine-gq50-flat-knife\/#breadcrumb"},"inLanguage":"hu","potentialAction":[{"@type":"ReadAction","target":["https:\/\/www.hsymachinery.com\/product\/rebar-cutting-machine-gq50-flat-knife\/"]}]},{"@type":"ImageObject","inLanguage":"hu","@id":"https:\/\/www.hsymachinery.com\/product\/rebar-cutting-machine-gq50-flat-knife\/#primaryimage","url":"https:\/\/www.hsymachinery.com\/wp-content\/uploads\/2025\/06\/Rebar-Cutting-Machine-GQ50-Flat-knife.jpg","contentUrl":"https:\/\/www.hsymachinery.com\/wp-content\/uploads\/2025\/06\/Rebar-Cutting-Machine-GQ50-Flat-knife.jpg","width":600,"height":600},{"@type":"BreadcrumbList","@id":"https:\/\/www.hsymachinery.com\/product\/rebar-cutting-machine-gq50-flat-knife\/#breadcrumb","itemListElement":[{"@type":"ListItem","position":1,"name":"home","item":"https:\/\/www.hsymachinery.com\/"},{"@type":"ListItem","position":2,"name":"products","item":"https:\/\/www.hsymachinery.com\/products\/"},{"@type":"ListItem","position":3,"name":"Rebar Cutting Machine GQ50 (Flat knife)"}]},{"@type":"WebSite","@id":"https:\/\/www.hsymachinery.com\/#website","url":"https:\/\/www.hsymachinery.com\/","name":"HSY \u00e9p\u00edt\u0151ipari g\u00e9pek","description":"HSY Machinery - K\u00edna vezet\u0151 \u00e9p\u00edt\u0151ipari g\u00e9pgy\u00e1rt\u00f3 v\u00e1llalata, amely k\u00f6nny\u0171 \u00e9p\u00edt\u0151ipari berendez\u00e9sek sz\u00e9les v\u00e1laszt\u00e9k\u00e1t k\u00edn\u00e1lja. F\u0151 term\u00e9keink k\u00f6z\u00e9 tartozik az \u00fajj\u00e1\u00e9p\u00edt\u00e9si v\u00e1g\u00f3g\u00e9p, az \u00fajj\u00e1\u00e9p\u00edt\u00e9si hajl\u00edt\u00f3g\u00e9p, az \u00fajj\u00e1\u00e9p\u00edt\u00e9si kengyelhajl\u00edt\u00f3 g\u00e9p, az \u00fajj\u00e1\u00e9p\u00edt\u00e9si \u00edvhajl\u00edt\u00f3 g\u00e9p, az \u00fajj\u00e1\u00e9p\u00edt\u00e9si egyenes\u00edt\u0151 g\u00e9p, az \u00f6tfej\u0171 \u00fajj\u00e1\u00e9p\u00edt\u00e9si kengyelhajl\u00edt\u00f3 g\u00e9p, a d\u00f6ng\u00f6l\u0151 rammer, a lemezkompaktor, a betonv\u00e1g\u00f3, a villanymotoros sim\u00edt\u00f3 \u00e9s m\u00e1s \u00e9p\u00edt\u0151ipari g\u00e9pek. Fejlett CNC-g\u00e9pekkel vagyunk felszerelve, \u00e9s szigor\u00fa min\u0151s\u00e9gellen\u0151rz\u00e9si szabv\u00e1nyokat \u00e9rv\u00e9nyes\u00edt\u00fcnk az \u00e1tfog\u00f3 \u00e9rt\u00e9kes\u00edt\u00e9s ut\u00e1ni szolg\u00e1ltat\u00e1ssal egy\u00fctt. Ha \u00e9rdeklik term\u00e9keink vagy szolg\u00e1ltat\u00e1saink, sz\u00edvesen fogadjuk \u00e9rdekl\u0151d\u00e9s\u00e9t \u00fczenetben.","publisher":{"@id":"https:\/\/www.hsymachinery.com\/#organization"},"potentialAction":[{"@type":"SearchAction","target":{"@type":"EntryPoint","urlTemplate":"https:\/\/www.hsymachinery.com\/?s={search_term_string}"},"query-input":{"@type":"PropertyValueSpecification","valueRequired":true,"valueName":"search_term_string"}}],"inLanguage":"hu"},{"@type":"Organization","@id":"https:\/\/www.hsymachinery.com\/#organization","name":"HSY \u00e9p\u00edt\u0151ipari g\u00e9pek","url":"https:\/\/www.hsymachinery.com\/","logo":{"@type":"ImageObject","inLanguage":"hu","@id":"https:\/\/www.hsymachinery.com\/#\/schema\/logo\/image\/","url":"https:\/\/www.hsymachinery.com\/wp-content\/uploads\/2025\/06\/cropped-HSY-machinery.png","contentUrl":"https:\/\/www.hsymachinery.com\/wp-content\/uploads\/2025\/06\/cropped-HSY-machinery.png","width":600,"height":240,"caption":"HSY Construction Machinery"},"image":{"@id":"https:\/\/www.hsymachinery.com\/#\/schema\/logo\/image\/"}}]}},"_links":{"self":[{"href":"https:\/\/www.hsymachinery.com\/hu\/wp-json\/wp\/v2\/product\/8921","targetHints":{"allow":["GET"]}}],"collection":[{"href":"https:\/\/www.hsymachinery.com\/hu\/wp-json\/wp\/v2\/product"}],"about":[{"href":"https:\/\/www.hsymachinery.com\/hu\/wp-json\/wp\/v2\/types\/product"}],"version-history":[{"count":3,"href":"https:\/\/www.hsymachinery.com\/hu\/wp-json\/wp\/v2\/product\/8921\/revisions"}],"predecessor-version":[{"id":9329,"href":"https:\/\/www.hsymachinery.com\/hu\/wp-json\/wp\/v2\/product\/8921\/revisions\/9329"}],"wp:featuredmedia":[{"embeddable":true,"href":"https:\/\/www.hsymachinery.com\/hu\/wp-json\/wp\/v2\/media\/8922"}],"wp:attachment":[{"href":"https:\/\/www.hsymachinery.com\/hu\/wp-json\/wp\/v2\/media?parent=8921"}],"wp:term":[{"taxonomy":"product_brand","embeddable":true,"href":"https:\/\/www.hsymachinery.com\/hu\/wp-json\/wp\/v2\/product_brand?post=8921"},{"taxonomy":"product_cat","embeddable":true,"href":"https:\/\/www.hsymachinery.com\/hu\/wp-json\/wp\/v2\/product_cat?post=8921"},{"taxonomy":"product_tag","embeddable":true,"href":"https:\/\/www.hsymachinery.com\/hu\/wp-json\/wp\/v2\/product_tag?post=8921"}],"curies":[{"name":"wp","href":"https:\/\/api.w.org\/{rel}","templated":true}]}}