{"id":8909,"date":"2025-06-18T11:16:17","date_gmt":"2025-06-18T03:16:17","guid":{"rendered":"https:\/\/www.hsymachinery.com\/?post_type=product&#038;p=8909"},"modified":"2025-06-25T20:25:23","modified_gmt":"2025-06-25T12:25:23","slug":"betonacel-vagogep-gq40a-lapos-kes","status":"publish","type":"product","link":"https:\/\/www.hsymachinery.com\/hu\/termek\/betonacel-vagogep-gq40a-lapos-kes\/","title":{"rendered":"Rebar v\u00e1g\u00f3g\u00e9p GQ40A (lapos k\u00e9s)"},"content":{"rendered":"<h3 data-start=\"285\" data-end=\"362\">Nagy pontoss\u00e1g\u00fa betonac\u00e9l-v\u00e1g\u00e1si megold\u00e1s ig\u00e9nyes \u00e9p\u00edt\u00e9si projektekhez<\/h3>\n<h3 data-start=\"369\" data-end=\"421\">Term\u00e9k \u00e1ttekint\u00e9se: Napi teljes\u00edtm\u00e9nyre tervezve<\/h3>\n<p data-start=\"423\" data-end=\"831\">A <strong data-start=\"427\" data-end=\"471\">Rebar v\u00e1g\u00f3g\u00e9p GQ40A (lapos k\u00e9s)<\/strong> egy professzion\u00e1lis min\u0151s\u00e9g\u0171 ac\u00e9lr\u00fadv\u00e1g\u00f3, amelyet \u00fagy terveztek, hogy megfeleljen az \u00e9p\u00edt\u0151ipari \u00e9s ac\u00e9lgy\u00e1rt\u00e1si projektek napi k\u00f6vetelm\u00e9nyeinek. A GQ40 modell tov\u00e1bbfejlesztett v\u00e1ltozatak\u00e9nt egyes\u00edti mag\u00e1ban a nagy teljes\u00edtm\u00e9nyt, a nagy pontoss\u00e1got \u00e9s a kiemelked\u0151 tart\u00f3ss\u00e1got. V\u00e1llalkoz\u00f3k vil\u00e1gszerte haszn\u00e1lj\u00e1k olyan projektekben, mint az utak, hidak, alagutak \u00e9s vasbeton \u00e9p\u00fcletek.<\/p>\n<h3 data-start=\"838\" data-end=\"885\">Hat\u00e9kony v\u00e1g\u00e1s lapos k\u00e9ses kialak\u00edt\u00e1ssal<\/h3>\n<p data-start=\"887\" data-end=\"1302\">Ennek a g\u00e9pnek a k\u00f6z\u00e9ppontj\u00e1ban a <strong data-start=\"924\" data-end=\"953\">lapos k\u00e9ses v\u00e1g\u00f3rendszer<\/strong>, amely tiszta, sima v\u00e1g\u00e1st biztos\u00edt az ac\u00e9lrudak sz\u00e1m\u00e1ra. Ez a kialak\u00edt\u00e1s egyenletes nyom\u00e1st gyakorol minden egyes m\u0171velet sor\u00e1n, megakad\u00e1lyozva a betonac\u00e9l deform\u00e1l\u00f3d\u00e1s\u00e1t \u00e9s minimaliz\u00e1lva az anyagvesztes\u00e9get. A <strong data-start=\"1126\" data-end=\"1170\">Rebar v\u00e1g\u00f3g\u00e9p GQ40A (lapos k\u00e9s)<\/strong> k\u00f6nnyed\u00e9n kezeli a k\u00f6vetkez\u0151 \u00e1tm\u00e9r\u0151j\u0171 ac\u00e9lrudakat <strong data-start=\"1228\" data-end=\"1243\">6 mm-t\u0151l 32 mm-ig<\/strong>, bele\u00e9rtve a kerek ac\u00e9lt, a bord\u00e1zott rudakat \u00e9s az alacsony sz\u00e9ntartalm\u00fa ac\u00e9lt.<\/p>\n<p data-start=\"1304\" data-end=\"1493\">Ezenk\u00edv\u00fcl a lapos k\u00e9s k\u00f6nnyen karbantarthat\u00f3 \u00e9s cser\u00e9lhet\u0151, ami minim\u00e1lis \u00e1ll\u00e1sid\u0151t biztos\u00edt a munkater\u00fcleteken. Kiv\u00e1l\u00f3 ny\u00edr\u00e1si teljes\u00edtm\u00e9nye jav\u00edtja a munka hat\u00e9konys\u00e1g\u00e1t \u00e9s cs\u00f6kkenti a kezel\u0151 f\u00e1radts\u00e1g\u00e1t.<\/p>\n<h3 data-start=\"1500\" data-end=\"1549\">Er\u0151teljes motor \u00e9s sima sebess\u00e9gv\u00e1lt\u00f3<\/h3>\n<p data-start=\"1551\" data-end=\"1837\">Ez a modell egy <strong data-start=\"1569\" data-end=\"1602\">nagy teljes\u00edtm\u00e9ny\u0171 r\u00e9zmotor<\/strong> amely alacsony energiafogyaszt\u00e1s mellett er\u0151s nyomat\u00e9kot biztos\u00edt. Sim\u00e1n, minim\u00e1lis zajjal \u00e9s rezg\u00e9ssel m\u0171k\u00f6dik, \u00edgy folyamatos haszn\u00e1latra is alkalmas. A prec\u00edzi\u00f3s megmunk\u00e1l\u00e1s\u00fa sebess\u00e9gv\u00e1lt\u00f3 stabil er\u0151\u00e1tvitelt biztos\u00edt m\u00e9g nagy terhel\u00e9s eset\u00e9n is.<\/p>\n<p data-start=\"1839\" data-end=\"1979\">Ennek eredm\u00e9nyek\u00e9ppen a g\u00e9p t\u00f6bb ezer m\u0171velet sor\u00e1n is meg\u0151rzi a v\u00e1g\u00e1si pontoss\u00e1got, meghosszabb\u00edtva mind a motor, mind a v\u00e1g\u00f3k\u00e9sek \u00e9lettartam\u00e1t.<\/p>\n<h3 data-start=\"1986\" data-end=\"2036\">\u00a0Er\u0151s szerkezet \u00e9s felhaszn\u00e1l\u00f3bar\u00e1t mobilit\u00e1s<\/h3>\n<p data-start=\"2038\" data-end=\"2272\">A g\u00e9ptest jellemz\u0151i <strong data-start=\"2064\" data-end=\"2101\">kiv\u00e1l\u00f3 min\u0151s\u00e9g\u0171 \u00f6nt\u00f6ttvas szerkezet<\/strong>, ami biztos\u00edtja a szil\u00e1rds\u00e1got \u00e9s a rezg\u00e9s\u00e1ll\u00f3s\u00e1got. Tov\u00e1bb\u00e1, a kompakt kialak\u00edt\u00e1s \u00e9s a <strong data-start=\"2188\" data-end=\"2207\">be\u00e9p\u00edtett kerekek<\/strong> megk\u00f6nny\u00edti a sz\u00e1ll\u00edt\u00e1st \u00e9s az \u00e1thelyez\u00e9st, m\u00e9g egyenetlen fel\u00fcleteken is.<\/p>\n<p data-start=\"2274\" data-end=\"2456\">A nyithat\u00f3 fels\u0151 fed\u00e9l gyors hozz\u00e1f\u00e9r\u00e9st biztos\u00edt a karbantart\u00e1shoz \u00e9s a pengecser\u00e9hez. Ek\u00f6zben a k\u00e9zi m\u0171k\u00f6dtet\u0151kar lehet\u0151v\u00e9 teszi a felhaszn\u00e1l\u00f3k sz\u00e1m\u00e1ra, hogy minden v\u00e1g\u00e1st prec\u00edzen \u00e9s biztons\u00e1gosan ir\u00e1ny\u00edtsanak.<\/p>\n<h3 data-start=\"2463\" data-end=\"2493\">Biztons\u00e1g \u00e9s alkalmazkod\u00f3k\u00e9pess\u00e9g<\/h3>\n<p data-start=\"2495\" data-end=\"2727\">A <strong data-start=\"2499\" data-end=\"2543\">Rebar v\u00e1g\u00f3g\u00e9p GQ40A (lapos k\u00e9s)<\/strong> be\u00e9p\u00edtett biztons\u00e1gi bor\u00edt\u00e1ssal rendelkezik, amely megakad\u00e1lyozza a mozg\u00f3 alkatr\u00e9szekkel val\u00f3 v\u00e9letlen \u00e9rintkez\u00e9st. A m\u0171k\u00f6dtet\u0151 mechanizmus egyszer\u0171, \u00edgy ide\u00e1lis mind a szakk\u00e9pzett dolgoz\u00f3k, mind a kezd\u0151 kezel\u0151k sz\u00e1m\u00e1ra.<\/p>\n<p data-start=\"2729\" data-end=\"2959\">Ezenk\u00edv\u00fcl a g\u00e9p t\u00e1mogatja a k\u00f6vetkez\u0151ket <strong data-start=\"2760\" data-end=\"2816\">egyedi fesz\u00fclts\u00e9gkonfigur\u00e1ci\u00f3k (220V\/380V, 50Hz\/60Hz)<\/strong> a glob\u00e1lis energiaell\u00e1t\u00e1si szabv\u00e1nyokkal val\u00f3 kompatibilit\u00e1s \u00e9rdek\u00e9ben. Ez\u00e1ltal kiv\u00e1l\u00f3an alkalmas a nemzetk\u00f6zi v\u00e1s\u00e1rl\u00f3k \u00e9s az \u00e9p\u00edt\u0151ipari berendez\u00e9sek forgalmaz\u00f3i sz\u00e1m\u00e1ra.<\/p>\n<h3 data-start=\"2966\" data-end=\"3013\">\u00a0Mi\u00e9rt v\u00e1lassza a GQ40A lapos k\u00e9ses \u00fajj\u00e1\u00e9p\u00edt\u00e9si v\u00e1g\u00f3t?<\/h3>\n<ul data-start=\"3015\" data-end=\"3260\">\n<li data-start=\"3015\" data-end=\"3067\">\n<p data-start=\"3017\" data-end=\"3067\">Tiszta, egyenletes v\u00e1g\u00e1sokat biztos\u00edt 6-32 mm-es betonac\u00e9lokhoz<\/p>\n<\/li>\n<li data-start=\"3068\" data-end=\"3120\">\n<p data-start=\"3070\" data-end=\"3120\">Er\u0151s motor megb\u00edzhat\u00f3 nyomat\u00e9kkal \u00e9s hat\u00e9konys\u00e1ggal<\/p>\n<\/li>\n<li data-start=\"3121\" data-end=\"3169\">\n<p data-start=\"3123\" data-end=\"3169\">K\u00f6nnyen karbantarthat\u00f3 a gyors pengecser\u00e9vel<\/p>\n<\/li>\n<li data-start=\"3170\" data-end=\"3218\">\n<p data-start=\"3172\" data-end=\"3218\">Mobil, kompakt \u00e9s strapab\u00edr\u00f3 a munkahelyi haszn\u00e1lathoz<\/p>\n<\/li>\n<li data-start=\"3219\" data-end=\"3260\">\n<p data-start=\"3221\" data-end=\"3260\">Exportk\u00e9pes fesz\u00fclts\u00e9g testreszab\u00e1ssal<\/p>\n<\/li>\n<\/ul>\n<p data-start=\"3262\" data-end=\"3479\">Ak\u00e1r nagyszab\u00e1s\u00fa infrastrukt\u00far\u00e1n, ak\u00e1r rutinszer\u0171 ac\u00e9lfeldolgoz\u00e1son dolgozik, a <strong data-start=\"3349\" data-end=\"3393\"><a href=\"https:\/\/www.hsymachinery.com\/hu\/termekek\/betonacel-vagogep\/\" target=\"_blank\" rel=\"noopener\">Rebar v\u00e1g\u00f3g\u00e9p<\/a> GQ40A (lapos k\u00e9s)<\/strong> megb\u00edzhat\u00f3, nagy sebess\u00e9g\u0171 v\u00e1g\u00e1si megold\u00e1st k\u00edn\u00e1l, amely minden projekthez hozz\u00e1adott \u00e9rt\u00e9ket biztos\u00edt.<\/p>\n<p><iframe title=\"#\u00e9p\u00edt\u0151ipari #\u00e9p\u00edt\u0151ipari munkag\u00e9p 1TP10R\u00fadv\u00e1g\u00f3g\u00e9p 1TP10R\u00fadv\u00e1g\u00f3g\u00e9p 1TP10R\u00fadv\u00e1g\u00f3g\u00e9p 1TP10R\u00fadv\u00e1g\u00f3g\u00e9p 1TP10R\u00fadv\u00e1g\u00f3g\u00e9p 1TP10R\u00fadv\u00e1g\u00f3 g\u00e9p\" width=\"720\" height=\"405\" src=\"https:\/\/www.youtube.com\/embed\/tdc4TA5-zRc?feature=oembed\" frameborder=\"0\" allow=\"accelerometer; autoplay; clipboard-write; encrypted-media; gyroscope; picture-in-picture; web-share\" referrerpolicy=\"strict-origin-when-cross-origin\" allowfullscreen><\/iframe><\/p>","protected":false},"excerpt":{"rendered":"<p>A GQ40A lapos k\u00e9ses betonvasv\u00e1g\u00f3 gyors, sima v\u00e1g\u00e1st biztos\u00edt 6-32 mm-es ac\u00e9lrudakhoz. Ide\u00e1lis napi haszn\u00e1latra az \u00e9p\u00edtkez\u00e9seken \u00e9s az exportpiacokon.<\/p>","protected":false},"featured_media":8910,"template":"","meta":{"_kad_post_transparent":"default","_kad_post_title":"","_kad_post_layout":"default","_kad_post_sidebar_id":"","_kad_post_content_style":"default","_kad_post_vertical_padding":"default","_kad_post_feature":"","_kad_post_feature_position":"","_kad_post_header":false,"_kad_post_footer":false},"product_brand":[],"product_cat":[51],"product_tag":[988,992,990,989,993,985,994,987,984,991,986],"class_list":{"0":"post-8909","1":"product","2":"type-product","3":"status-publish","4":"has-post-thumbnail","6":"product_cat-rebar-cutting-machine","7":"product_tag-automatic-rebar-cutter","8":"product_tag-construction-steel-bar-cutter","9":"product_tag-electric-rebar-cutting-tool","10":"product_tag-hydraulic-rebar-cutting-machine","11":"product_tag-portable-rebar-cutting-machine","12":"product_tag-rebar-cutter","13":"product_tag-rebar-cutting-machine","14":"product_tag-reinforcement-bar-cutter","15":"product_tag-steel-bar-cutting-machine","16":"product_tag-steel-rod-cutter-machine","17":"product_tag-tmt-bar-cutting-machine","19":"first","20":"instock","21":"shipping-taxable","22":"product-type-simple","23":"entry","24":"content-bg","25":"loop-entry"},"yoast_head":"<!-- This site is optimized with the Yoast SEO plugin v25.3.1 - https:\/\/yoast.com\/wordpress\/plugins\/seo\/ -->\n<title>Rebar Cutting Machine GQ40A (Flat knife) - HSY Construction Machinery<\/title>\n<meta name=\"description\" content=\"The Rebar Cutting Machine GQ40A (Flat Knife) cuts 6\u201332mm rebar cleanly and efficiently. Designed for high-volume construction and global export.\" \/>\n<meta name=\"robots\" content=\"index, follow, max-snippet:-1, max-image-preview:large, max-video-preview:-1\" \/>\n<link rel=\"canonical\" href=\"https:\/\/www.hsymachinery.com\/hu\/termek\/betonacel-vagogep-gq40a-lapos-kes\/\" \/>\n<meta property=\"og:locale\" content=\"hu_HU\" \/>\n<meta property=\"og:type\" content=\"article\" \/>\n<meta property=\"og:title\" content=\"Rebar Cutting Machine GQ40A (Flat knife) - HSY Construction Machinery\" \/>\n<meta property=\"og:description\" content=\"The Rebar Cutting Machine GQ40A (Flat Knife) cuts 6\u201332mm rebar cleanly and efficiently. Designed for high-volume construction and global export.\" \/>\n<meta property=\"og:url\" content=\"https:\/\/www.hsymachinery.com\/hu\/termek\/betonacel-vagogep-gq40a-lapos-kes\/\" \/>\n<meta property=\"og:site_name\" content=\"HSY Construction Machinery\" \/>\n<meta property=\"article:modified_time\" content=\"2025-06-25T12:25:23+00:00\" \/>\n<meta property=\"og:image\" content=\"https:\/\/www.hsymachinery.com\/wp-content\/uploads\/2025\/06\/Rebar-Cutting-Machine-GQ40A-Flat-knife.jpg\" \/>\n\t<meta property=\"og:image:width\" content=\"600\" \/>\n\t<meta property=\"og:image:height\" content=\"600\" \/>\n\t<meta property=\"og:image:type\" content=\"image\/jpeg\" \/>\n<meta name=\"twitter:card\" content=\"summary_large_image\" \/>\n<meta name=\"twitter:label1\" content=\"Becs\u00fclt olvas\u00e1si id\u0151\" \/>\n\t<meta name=\"twitter:data1\" content=\"3 perc\" \/>\n<script type=\"application\/ld+json\" class=\"yoast-schema-graph\">{\"@context\":\"https:\/\/schema.org\",\"@graph\":[{\"@type\":\"WebPage\",\"@id\":\"https:\/\/www.hsymachinery.com\/product\/rebar-cutting-machine-gq40a-flat-knife\/\",\"url\":\"https:\/\/www.hsymachinery.com\/product\/rebar-cutting-machine-gq40a-flat-knife\/\",\"name\":\"Rebar Cutting Machine GQ40A (Flat knife) - HSY Construction Machinery\",\"isPartOf\":{\"@id\":\"https:\/\/www.hsymachinery.com\/#website\"},\"primaryImageOfPage\":{\"@id\":\"https:\/\/www.hsymachinery.com\/product\/rebar-cutting-machine-gq40a-flat-knife\/#primaryimage\"},\"image\":{\"@id\":\"https:\/\/www.hsymachinery.com\/product\/rebar-cutting-machine-gq40a-flat-knife\/#primaryimage\"},\"thumbnailUrl\":\"https:\/\/www.hsymachinery.com\/wp-content\/uploads\/2025\/06\/Rebar-Cutting-Machine-GQ40A-Flat-knife.jpg\",\"datePublished\":\"2025-06-18T03:16:17+00:00\",\"dateModified\":\"2025-06-25T12:25:23+00:00\",\"description\":\"The Rebar Cutting Machine GQ40A (Flat Knife) cuts 6\u201332mm rebar cleanly and efficiently. Designed for high-volume construction and global export.\",\"breadcrumb\":{\"@id\":\"https:\/\/www.hsymachinery.com\/product\/rebar-cutting-machine-gq40a-flat-knife\/#breadcrumb\"},\"inLanguage\":\"hu\",\"potentialAction\":[{\"@type\":\"ReadAction\",\"target\":[\"https:\/\/www.hsymachinery.com\/product\/rebar-cutting-machine-gq40a-flat-knife\/\"]}]},{\"@type\":\"ImageObject\",\"inLanguage\":\"hu\",\"@id\":\"https:\/\/www.hsymachinery.com\/product\/rebar-cutting-machine-gq40a-flat-knife\/#primaryimage\",\"url\":\"https:\/\/www.hsymachinery.com\/wp-content\/uploads\/2025\/06\/Rebar-Cutting-Machine-GQ40A-Flat-knife.jpg\",\"contentUrl\":\"https:\/\/www.hsymachinery.com\/wp-content\/uploads\/2025\/06\/Rebar-Cutting-Machine-GQ40A-Flat-knife.jpg\",\"width\":600,\"height\":600},{\"@type\":\"BreadcrumbList\",\"@id\":\"https:\/\/www.hsymachinery.com\/product\/rebar-cutting-machine-gq40a-flat-knife\/#breadcrumb\",\"itemListElement\":[{\"@type\":\"ListItem\",\"position\":1,\"name\":\"home\",\"item\":\"https:\/\/www.hsymachinery.com\/\"},{\"@type\":\"ListItem\",\"position\":2,\"name\":\"products\",\"item\":\"https:\/\/www.hsymachinery.com\/products\/\"},{\"@type\":\"ListItem\",\"position\":3,\"name\":\"Rebar Cutting Machine GQ40A (Flat knife)\"}]},{\"@type\":\"WebSite\",\"@id\":\"https:\/\/www.hsymachinery.com\/#website\",\"url\":\"https:\/\/www.hsymachinery.com\/\",\"name\":\"HSY Construction Machinery\",\"description\":\"HSY Machinery \u2013 A leading China construction machinery supplier, offering a wide range of light construction equipment. Our main products include Rebar Cutting Machine, Rebar Bending Machine, Rebar Stirrup Bending Machine, Rebar Arc Bending Machine, Rebar Straightening Machine, Five-Head Rebar Stirrup Bending Machine, Tamping Rammer, Plate Compactor, Concrete Cutter, Power Trowel, and other construction machinery. We are equipped with advanced CNC machines, and we enforce strict quality inspection standards along with comprehensive after-sales service. If you are interested in our products or services, we warmly welcome your inquiries via message.\",\"publisher\":{\"@id\":\"https:\/\/www.hsymachinery.com\/#organization\"},\"potentialAction\":[{\"@type\":\"SearchAction\",\"target\":{\"@type\":\"EntryPoint\",\"urlTemplate\":\"https:\/\/www.hsymachinery.com\/?s={search_term_string}\"},\"query-input\":{\"@type\":\"PropertyValueSpecification\",\"valueRequired\":true,\"valueName\":\"search_term_string\"}}],\"inLanguage\":\"hu\"},{\"@type\":\"Organization\",\"@id\":\"https:\/\/www.hsymachinery.com\/#organization\",\"name\":\"HSY Construction Machinery\",\"url\":\"https:\/\/www.hsymachinery.com\/\",\"logo\":{\"@type\":\"ImageObject\",\"inLanguage\":\"hu\",\"@id\":\"https:\/\/www.hsymachinery.com\/#\/schema\/logo\/image\/\",\"url\":\"https:\/\/www.hsymachinery.com\/wp-content\/uploads\/2025\/06\/cropped-HSY-machinery.png\",\"contentUrl\":\"https:\/\/www.hsymachinery.com\/wp-content\/uploads\/2025\/06\/cropped-HSY-machinery.png\",\"width\":600,\"height\":240,\"caption\":\"HSY Construction Machinery\"},\"image\":{\"@id\":\"https:\/\/www.hsymachinery.com\/#\/schema\/logo\/image\/\"}}]}<\/script>\n<!-- \/ Yoast SEO plugin. -->","yoast_head_json":{"title":"GQ40A (lapos k\u00e9s) - HSY \u00c9p\u00edt\u0151ipari g\u00e9pek","description":"A GQ40A betonac\u00e9l-v\u00e1g\u00f3g\u00e9p (lapos k\u00e9s) tiszt\u00e1n \u00e9s hat\u00e9konyan v\u00e1gja a 6-32 mm-es betonac\u00e9lt. Nagy volumen\u0171 \u00e9p\u00edtkez\u00e9sre \u00e9s glob\u00e1lis exportra tervezt\u00e9k.","robots":{"index":"index","follow":"follow","max-snippet":"max-snippet:-1","max-image-preview":"max-image-preview:large","max-video-preview":"max-video-preview:-1"},"canonical":"https:\/\/www.hsymachinery.com\/hu\/termek\/betonacel-vagogep-gq40a-lapos-kes\/","og_locale":"hu_HU","og_type":"article","og_title":"Rebar Cutting Machine GQ40A (Flat knife) - HSY Construction Machinery","og_description":"The Rebar Cutting Machine GQ40A (Flat Knife) cuts 6\u201332mm rebar cleanly and efficiently. Designed for high-volume construction and global export.","og_url":"https:\/\/www.hsymachinery.com\/hu\/termek\/betonacel-vagogep-gq40a-lapos-kes\/","og_site_name":"HSY Construction Machinery","article_modified_time":"2025-06-25T12:25:23+00:00","og_image":[{"width":600,"height":600,"url":"https:\/\/www.hsymachinery.com\/wp-content\/uploads\/2025\/06\/Rebar-Cutting-Machine-GQ40A-Flat-knife.jpg","type":"image\/jpeg"}],"twitter_card":"summary_large_image","twitter_misc":{"Becs\u00fclt olvas\u00e1si id\u0151":"3 perc"},"schema":{"@context":"https:\/\/schema.org","@graph":[{"@type":"WebPage","@id":"https:\/\/www.hsymachinery.com\/product\/rebar-cutting-machine-gq40a-flat-knife\/","url":"https:\/\/www.hsymachinery.com\/product\/rebar-cutting-machine-gq40a-flat-knife\/","name":"GQ40A (lapos k\u00e9s) - HSY \u00c9p\u00edt\u0151ipari g\u00e9pek","isPartOf":{"@id":"https:\/\/www.hsymachinery.com\/#website"},"primaryImageOfPage":{"@id":"https:\/\/www.hsymachinery.com\/product\/rebar-cutting-machine-gq40a-flat-knife\/#primaryimage"},"image":{"@id":"https:\/\/www.hsymachinery.com\/product\/rebar-cutting-machine-gq40a-flat-knife\/#primaryimage"},"thumbnailUrl":"https:\/\/www.hsymachinery.com\/wp-content\/uploads\/2025\/06\/Rebar-Cutting-Machine-GQ40A-Flat-knife.jpg","datePublished":"2025-06-18T03:16:17+00:00","dateModified":"2025-06-25T12:25:23+00:00","description":"A GQ40A betonac\u00e9l-v\u00e1g\u00f3g\u00e9p (lapos k\u00e9s) tiszt\u00e1n \u00e9s hat\u00e9konyan v\u00e1gja a 6-32 mm-es betonac\u00e9lt. Nagy volumen\u0171 \u00e9p\u00edtkez\u00e9sre \u00e9s glob\u00e1lis exportra tervezt\u00e9k.","breadcrumb":{"@id":"https:\/\/www.hsymachinery.com\/product\/rebar-cutting-machine-gq40a-flat-knife\/#breadcrumb"},"inLanguage":"hu","potentialAction":[{"@type":"ReadAction","target":["https:\/\/www.hsymachinery.com\/product\/rebar-cutting-machine-gq40a-flat-knife\/"]}]},{"@type":"ImageObject","inLanguage":"hu","@id":"https:\/\/www.hsymachinery.com\/product\/rebar-cutting-machine-gq40a-flat-knife\/#primaryimage","url":"https:\/\/www.hsymachinery.com\/wp-content\/uploads\/2025\/06\/Rebar-Cutting-Machine-GQ40A-Flat-knife.jpg","contentUrl":"https:\/\/www.hsymachinery.com\/wp-content\/uploads\/2025\/06\/Rebar-Cutting-Machine-GQ40A-Flat-knife.jpg","width":600,"height":600},{"@type":"BreadcrumbList","@id":"https:\/\/www.hsymachinery.com\/product\/rebar-cutting-machine-gq40a-flat-knife\/#breadcrumb","itemListElement":[{"@type":"ListItem","position":1,"name":"home","item":"https:\/\/www.hsymachinery.com\/"},{"@type":"ListItem","position":2,"name":"products","item":"https:\/\/www.hsymachinery.com\/products\/"},{"@type":"ListItem","position":3,"name":"Rebar Cutting Machine GQ40A (Flat knife)"}]},{"@type":"WebSite","@id":"https:\/\/www.hsymachinery.com\/#website","url":"https:\/\/www.hsymachinery.com\/","name":"HSY \u00e9p\u00edt\u0151ipari g\u00e9pek","description":"HSY Machinery - K\u00edna vezet\u0151 \u00e9p\u00edt\u0151ipari g\u00e9pgy\u00e1rt\u00f3 v\u00e1llalata, amely k\u00f6nny\u0171 \u00e9p\u00edt\u0151ipari berendez\u00e9sek sz\u00e9les v\u00e1laszt\u00e9k\u00e1t k\u00edn\u00e1lja. F\u0151 term\u00e9keink k\u00f6z\u00e9 tartozik az \u00fajj\u00e1\u00e9p\u00edt\u00e9si v\u00e1g\u00f3g\u00e9p, az \u00fajj\u00e1\u00e9p\u00edt\u00e9si hajl\u00edt\u00f3g\u00e9p, az \u00fajj\u00e1\u00e9p\u00edt\u00e9si kengyelhajl\u00edt\u00f3 g\u00e9p, az \u00fajj\u00e1\u00e9p\u00edt\u00e9si \u00edvhajl\u00edt\u00f3 g\u00e9p, az \u00fajj\u00e1\u00e9p\u00edt\u00e9si egyenes\u00edt\u0151 g\u00e9p, az \u00f6tfej\u0171 \u00fajj\u00e1\u00e9p\u00edt\u00e9si kengyelhajl\u00edt\u00f3 g\u00e9p, a d\u00f6ng\u00f6l\u0151 rammer, a lemezkompaktor, a betonv\u00e1g\u00f3, a villanymotoros sim\u00edt\u00f3 \u00e9s m\u00e1s \u00e9p\u00edt\u0151ipari g\u00e9pek. Fejlett CNC-g\u00e9pekkel vagyunk felszerelve, \u00e9s szigor\u00fa min\u0151s\u00e9gellen\u0151rz\u00e9si szabv\u00e1nyokat \u00e9rv\u00e9nyes\u00edt\u00fcnk az \u00e1tfog\u00f3 \u00e9rt\u00e9kes\u00edt\u00e9s ut\u00e1ni szolg\u00e1ltat\u00e1ssal egy\u00fctt. Ha \u00e9rdeklik term\u00e9keink vagy szolg\u00e1ltat\u00e1saink, sz\u00edvesen fogadjuk \u00e9rdekl\u0151d\u00e9s\u00e9t \u00fczenetben.","publisher":{"@id":"https:\/\/www.hsymachinery.com\/#organization"},"potentialAction":[{"@type":"SearchAction","target":{"@type":"EntryPoint","urlTemplate":"https:\/\/www.hsymachinery.com\/?s={search_term_string}"},"query-input":{"@type":"PropertyValueSpecification","valueRequired":true,"valueName":"search_term_string"}}],"inLanguage":"hu"},{"@type":"Organization","@id":"https:\/\/www.hsymachinery.com\/#organization","name":"HSY \u00e9p\u00edt\u0151ipari g\u00e9pek","url":"https:\/\/www.hsymachinery.com\/","logo":{"@type":"ImageObject","inLanguage":"hu","@id":"https:\/\/www.hsymachinery.com\/#\/schema\/logo\/image\/","url":"https:\/\/www.hsymachinery.com\/wp-content\/uploads\/2025\/06\/cropped-HSY-machinery.png","contentUrl":"https:\/\/www.hsymachinery.com\/wp-content\/uploads\/2025\/06\/cropped-HSY-machinery.png","width":600,"height":240,"caption":"HSY Construction Machinery"},"image":{"@id":"https:\/\/www.hsymachinery.com\/#\/schema\/logo\/image\/"}}]}},"_links":{"self":[{"href":"https:\/\/www.hsymachinery.com\/hu\/wp-json\/wp\/v2\/product\/8909","targetHints":{"allow":["GET"]}}],"collection":[{"href":"https:\/\/www.hsymachinery.com\/hu\/wp-json\/wp\/v2\/product"}],"about":[{"href":"https:\/\/www.hsymachinery.com\/hu\/wp-json\/wp\/v2\/types\/product"}],"version-history":[{"count":4,"href":"https:\/\/www.hsymachinery.com\/hu\/wp-json\/wp\/v2\/product\/8909\/revisions"}],"predecessor-version":[{"id":9320,"href":"https:\/\/www.hsymachinery.com\/hu\/wp-json\/wp\/v2\/product\/8909\/revisions\/9320"}],"wp:featuredmedia":[{"embeddable":true,"href":"https:\/\/www.hsymachinery.com\/hu\/wp-json\/wp\/v2\/media\/8910"}],"wp:attachment":[{"href":"https:\/\/www.hsymachinery.com\/hu\/wp-json\/wp\/v2\/media?parent=8909"}],"wp:term":[{"taxonomy":"product_brand","embeddable":true,"href":"https:\/\/www.hsymachinery.com\/hu\/wp-json\/wp\/v2\/product_brand?post=8909"},{"taxonomy":"product_cat","embeddable":true,"href":"https:\/\/www.hsymachinery.com\/hu\/wp-json\/wp\/v2\/product_cat?post=8909"},{"taxonomy":"product_tag","embeddable":true,"href":"https:\/\/www.hsymachinery.com\/hu\/wp-json\/wp\/v2\/product_tag?post=8909"}],"curies":[{"name":"wp","href":"https:\/\/api.w.org\/{rel}","templated":true}]}}