{"id":9217,"date":"2025-06-18T20:40:26","date_gmt":"2025-06-18T12:40:26","guid":{"rendered":"https:\/\/www.hsymachinery.com\/?post_type=product&#038;p=9217"},"modified":"2025-06-28T23:21:44","modified_gmt":"2025-06-28T15:21:44","slug":"talocheuse-lisseuse-mecanique-pth-c100b","status":"publish","type":"product","link":"https:\/\/www.hsymachinery.com\/fr\/product\/talocheuse-lisseuse-mecanique-pth-c100b\/","title":{"rendered":"Truelle m\u00e9canique \u00e0 conducteur marchant PTH-C100B"},"content":{"rendered":"<h2 data-start=\"141\" data-end=\"183\">Truelle m\u00e9canique \u00e0 conducteur marchant PTH-C100B<\/h2>\n<h3 data-start=\"184\" data-end=\"278\">Truelle \u00e0 b\u00e9ton diesel PTH-C100B | Moteur \u00e0 couple \u00e9lev\u00e9 pour une finition durable sur les grandes dalles<\/h3>\n<h3 data-start=\"285\" data-end=\"398\">Description du produit - Truelle motoris\u00e9e \u00e0 moteur diesel pour une finition de longue dur\u00e9e sur les sols commerciaux en b\u00e9ton<a href=\"https:\/\/www.hsymachinery.com\/fr\/produits\/truelle-mecanique-a-conducteur-marchant\/\" target=\"_blank\" rel=\"noopener\"><img fetchpriority=\"high\" decoding=\"async\" class=\"wp-image-9218 alignright\" src=\"https:\/\/www.hsymachinery.com\/wp-content\/uploads\/2025\/06\/Walk-Behind-Power-Trowel-PTH-C100B-244x300.jpg\" alt=\"\" width=\"454\" height=\"558\" srcset=\"https:\/\/www.hsymachinery.com\/wp-content\/uploads\/2025\/06\/Walk-Behind-Power-Trowel-PTH-C100B-244x300.jpg 244w, https:\/\/www.hsymachinery.com\/wp-content\/uploads\/2025\/06\/Walk-Behind-Power-Trowel-PTH-C100B.jpg 600w\" sizes=\"(max-width: 454px) 100vw, 454px\" \/><\/a><\/h3>\n<p data-start=\"400\" data-end=\"716\">Les <strong data-start=\"404\" data-end=\"442\">Truelle m\u00e9canique \u00e0 conducteur marchant PTH-C100B<\/strong> est une machine de finition du b\u00e9ton \u00e0 moteur diesel con\u00e7ue pour la robustesse, l'efficacit\u00e9 et l'utilisation \u00e0 long terme. \u00c9quip\u00e9 d'un moteur diesel durable, ce mod\u00e8le est parfait pour les projets o\u00f9 la disponibilit\u00e9 du carburant, la long\u00e9vit\u00e9 du moteur et un couple \u00e9lev\u00e9 sont des priorit\u00e9s.<\/p>\n<p data-start=\"718\" data-end=\"1104\">Avec son diam\u00e8tre de truelle de 100 cm, la PTH-C100B couvre une large surface en moins de temps, ce qui en fait une excellente solution pour les grandes dalles de b\u00e9ton telles que les parkings, les sols industriels et les centres logistiques. Son syst\u00e8me de r\u00e9glage du pas de la lame permet un contr\u00f4le pr\u00e9cis des \u00e9tapes de talochage et de polissage, pour une finition homog\u00e8ne et lisse \u00e0 chaque fois.<\/p>\n<p data-start=\"1106\" data-end=\"1406\">En outre, le moteur diesel offre un couple stable et une meilleure \u00e9conomie de carburant en cas de charge de travail \u00e9lev\u00e9e, en particulier dans les r\u00e9gions o\u00f9 le diesel est plus accessible. La bo\u00eete de vitesses robuste, les bras d'araign\u00e9e renforc\u00e9s et l'anneau de s\u00e9curit\u00e9 protecteur garantissent une longue dur\u00e9e de vie, m\u00eame en cas d'utilisation quotidienne.<\/p>\n<p data-start=\"1408\" data-end=\"1576\">Pour plus de commodit\u00e9, la poign\u00e9e ergonomique et pliable minimise les vibrations et r\u00e9duit la fatigue, tandis que la conception permet un transport et un stockage faciles entre les sites.<\/p>\n<h3 data-start=\"1583\" data-end=\"1635\">Caract\u00e9ristiques principales de la truelle \u00e0 moteur diesel PTH-C100B<\/h3>\n<ul data-start=\"1637\" data-end=\"1999\">\n<li data-start=\"1637\" data-end=\"1699\">\n<p data-start=\"1639\" data-end=\"1699\">Le moteur diesel offre un couple \u00e9lev\u00e9 et une longue dur\u00e9e d'utilisation<\/p>\n<\/li>\n<li data-start=\"1700\" data-end=\"1756\">\n<p data-start=\"1702\" data-end=\"1756\">Le diam\u00e8tre de 100 cm de la lame offre une large couverture de finition<\/p>\n<\/li>\n<li data-start=\"1757\" data-end=\"1819\">\n<p data-start=\"1759\" data-end=\"1819\">Le syst\u00e8me de pas r\u00e9glable permet de contr\u00f4ler la finition de la surface<\/p>\n<\/li>\n<li data-start=\"1820\" data-end=\"1878\">\n<p data-start=\"1822\" data-end=\"1878\">La conception de la poign\u00e9e anti-vibration am\u00e9liore le confort de l'op\u00e9rateur<\/p>\n<\/li>\n<li data-start=\"1879\" data-end=\"1937\">\n<p data-start=\"1881\" data-end=\"1937\">Le cadre et la bo\u00eete de vitesses robustes am\u00e9liorent la durabilit\u00e9 de la structure.<\/p>\n<\/li>\n<li data-start=\"1938\" data-end=\"1999\">\n<p data-start=\"1940\" data-end=\"1999\">Id\u00e9al pour les travaux de b\u00e9ton \u00e0 l'ext\u00e9rieur, les travaux lourds ou les travaux de longue dur\u00e9e.<\/p>\n<\/li>\n<\/ul>\n<h3 data-start=\"2006\" data-end=\"2102\">Applications - Id\u00e9al pour les sites en plein air, les sols industriels et les finitions de b\u00e9ton \u00e0 forte charge.<\/h3>\n<p data-start=\"2104\" data-end=\"2400\">Le PTH-C100B excelle dans les projets ext\u00e9rieurs, les chantiers ruraux et les travaux d'infrastructure \u00e0 grande \u00e9chelle. En raison de sa polyvalence en mati\u00e8re de carburant et de sa durabilit\u00e9 m\u00e9canique, les entrepreneurs choisissent souvent ce mod\u00e8le pour la finition intensive de dalles, o\u00f9 le temps de fonctionnement et la fiabilit\u00e9 sont essentiels.<\/p>\n<p><iframe title=\"truelle m\u00e9canique, truelle m\u00e9canique \u00e0 pousser \u00e0 la main, truelle, b\u00e9ton #ruelle #ruelle m\u00e9canique#concrete\" width=\"720\" height=\"405\" src=\"https:\/\/www.youtube.com\/embed\/pa6AuNhMrwI?feature=oembed\" frameborder=\"0\" allow=\"accelerometer; autoplay; clipboard-write; encrypted-media; gyroscope; picture-in-picture; web-share\" referrerpolicy=\"strict-origin-when-cross-origin\" allowfullscreen><\/iframe><\/p>","protected":false},"excerpt":{"rendered":"<p>La truelle PTH-C100B \u00e0 moteur diesel offre une couverture de 100 cm, une durabilit\u00e9 robuste et une finition efficace des dalles pour les projets de b\u00e9ton ext\u00e9rieurs et industriels.<\/p>","protected":false},"featured_media":9218,"template":"","meta":{"_kad_post_transparent":"default","_kad_post_title":"","_kad_post_layout":"default","_kad_post_sidebar_id":"","_kad_post_content_style":"default","_kad_post_vertical_padding":"default","_kad_post_feature":"","_kad_post_feature_position":"","_kad_post_header":false,"_kad_post_footer":false},"product_brand":[],"product_cat":[55],"product_tag":[1084,1083,1087,1081,1086,1085,1089,1088,1090,1082],"class_list":{"0":"post-9217","1":"product","2":"type-product","3":"status-publish","4":"has-post-thumbnail","6":"product_cat-walk-behind-power-trowel","7":"product_tag-cement-power-trowel","8":"product_tag-concrete-finishing-trowel","9":"product_tag-concrete-floor-finishing-machine","10":"product_tag-concrete-power-trowel","11":"product_tag-electric-walk-behind-trowel","12":"product_tag-gasoline-power-trowel","13":"product_tag-hand-operated-power-trowel","14":"product_tag-manual-power-trowel","15":"product_tag-walk-behind-concrete-finishing-machine","16":"product_tag-walk-behind-trowel-machine","18":"first","19":"instock","20":"shipping-taxable","21":"product-type-simple","22":"entry","23":"content-bg","24":"loop-entry"},"yoast_head":"<!-- This site is optimized with the Yoast SEO plugin v25.3.1 - https:\/\/yoast.com\/wordpress\/plugins\/seo\/ -->\n<title>Walk-Behind Power Trowel PTH-C100B - HSY Construction Machinery<\/title>\n<meta name=\"description\" content=\"PTH-C100B diesel walk-behind trowel with 100cm diameter delivers durable and efficient finishing for concrete slabs in industrial and outdoor job sites.Walk-Behind Power Trowel PTH-C100B\" \/>\n<meta name=\"robots\" content=\"index, follow, max-snippet:-1, max-image-preview:large, max-video-preview:-1\" \/>\n<link rel=\"canonical\" href=\"https:\/\/www.hsymachinery.com\/fr\/product\/talocheuse-lisseuse-mecanique-pth-c100b\/\" \/>\n<meta property=\"og:locale\" content=\"fr_FR\" \/>\n<meta property=\"og:type\" content=\"article\" \/>\n<meta property=\"og:title\" content=\"Walk-Behind Power Trowel PTH-C100B - HSY Construction Machinery\" \/>\n<meta property=\"og:description\" content=\"PTH-C100B diesel walk-behind trowel with 100cm diameter delivers durable and efficient finishing for concrete slabs in industrial and outdoor job sites.Walk-Behind Power Trowel PTH-C100B\" \/>\n<meta property=\"og:url\" content=\"https:\/\/www.hsymachinery.com\/fr\/product\/talocheuse-lisseuse-mecanique-pth-c100b\/\" \/>\n<meta property=\"og:site_name\" content=\"HSY Construction Machinery\" \/>\n<meta property=\"article:modified_time\" content=\"2025-06-28T15:21:44+00:00\" \/>\n<meta property=\"og:image\" content=\"https:\/\/www.hsymachinery.com\/wp-content\/uploads\/2025\/06\/Walk-Behind-Power-Trowel-PTH-C100B.jpg\" \/>\n\t<meta property=\"og:image:width\" content=\"600\" \/>\n\t<meta property=\"og:image:height\" content=\"738\" \/>\n\t<meta property=\"og:image:type\" content=\"image\/jpeg\" \/>\n<meta name=\"twitter:card\" content=\"summary_large_image\" \/>\n<meta name=\"twitter:label1\" content=\"Dur\u00e9e de lecture estim\u00e9e\" \/>\n\t<meta name=\"twitter:data1\" content=\"2 minutes\" \/>\n<script type=\"application\/ld+json\" class=\"yoast-schema-graph\">{\"@context\":\"https:\/\/schema.org\",\"@graph\":[{\"@type\":\"WebPage\",\"@id\":\"https:\/\/www.hsymachinery.com\/product\/walk-behind-power-trowel-pth-c100b\/\",\"url\":\"https:\/\/www.hsymachinery.com\/product\/walk-behind-power-trowel-pth-c100b\/\",\"name\":\"Walk-Behind Power Trowel PTH-C100B - HSY Construction Machinery\",\"isPartOf\":{\"@id\":\"https:\/\/www.hsymachinery.com\/#website\"},\"primaryImageOfPage\":{\"@id\":\"https:\/\/www.hsymachinery.com\/product\/walk-behind-power-trowel-pth-c100b\/#primaryimage\"},\"image\":{\"@id\":\"https:\/\/www.hsymachinery.com\/product\/walk-behind-power-trowel-pth-c100b\/#primaryimage\"},\"thumbnailUrl\":\"https:\/\/www.hsymachinery.com\/wp-content\/uploads\/2025\/06\/Walk-Behind-Power-Trowel-PTH-C100B.jpg\",\"datePublished\":\"2025-06-18T12:40:26+00:00\",\"dateModified\":\"2025-06-28T15:21:44+00:00\",\"description\":\"PTH-C100B diesel walk-behind trowel with 100cm diameter delivers durable and efficient finishing for concrete slabs in industrial and outdoor job sites.Walk-Behind Power Trowel PTH-C100B\",\"breadcrumb\":{\"@id\":\"https:\/\/www.hsymachinery.com\/product\/walk-behind-power-trowel-pth-c100b\/#breadcrumb\"},\"inLanguage\":\"fr-FR\",\"potentialAction\":[{\"@type\":\"ReadAction\",\"target\":[\"https:\/\/www.hsymachinery.com\/product\/walk-behind-power-trowel-pth-c100b\/\"]}]},{\"@type\":\"ImageObject\",\"inLanguage\":\"fr-FR\",\"@id\":\"https:\/\/www.hsymachinery.com\/product\/walk-behind-power-trowel-pth-c100b\/#primaryimage\",\"url\":\"https:\/\/www.hsymachinery.com\/wp-content\/uploads\/2025\/06\/Walk-Behind-Power-Trowel-PTH-C100B.jpg\",\"contentUrl\":\"https:\/\/www.hsymachinery.com\/wp-content\/uploads\/2025\/06\/Walk-Behind-Power-Trowel-PTH-C100B.jpg\",\"width\":600,\"height\":738},{\"@type\":\"BreadcrumbList\",\"@id\":\"https:\/\/www.hsymachinery.com\/product\/walk-behind-power-trowel-pth-c100b\/#breadcrumb\",\"itemListElement\":[{\"@type\":\"ListItem\",\"position\":1,\"name\":\"home\",\"item\":\"https:\/\/www.hsymachinery.com\/\"},{\"@type\":\"ListItem\",\"position\":2,\"name\":\"products\",\"item\":\"https:\/\/www.hsymachinery.com\/products\/\"},{\"@type\":\"ListItem\",\"position\":3,\"name\":\"Walk-Behind Power Trowel PTH-C100B\"}]},{\"@type\":\"WebSite\",\"@id\":\"https:\/\/www.hsymachinery.com\/#website\",\"url\":\"https:\/\/www.hsymachinery.com\/\",\"name\":\"HSY Construction Machinery\",\"description\":\"HSY Machinery \u2013 A leading China construction machinery supplier, offering a wide range of light construction equipment. Our main products include Rebar Cutting Machine, Rebar Bending Machine, Rebar Stirrup Bending Machine, Rebar Arc Bending Machine, Rebar Straightening Machine, Five-Head Rebar Stirrup Bending Machine, Tamping Rammer, Plate Compactor, Concrete Cutter, Power Trowel, and other construction machinery. We are equipped with advanced CNC machines, and we enforce strict quality inspection standards along with comprehensive after-sales service. If you are interested in our products or services, we warmly welcome your inquiries via message.\",\"publisher\":{\"@id\":\"https:\/\/www.hsymachinery.com\/#organization\"},\"potentialAction\":[{\"@type\":\"SearchAction\",\"target\":{\"@type\":\"EntryPoint\",\"urlTemplate\":\"https:\/\/www.hsymachinery.com\/?s={search_term_string}\"},\"query-input\":{\"@type\":\"PropertyValueSpecification\",\"valueRequired\":true,\"valueName\":\"search_term_string\"}}],\"inLanguage\":\"fr-FR\"},{\"@type\":\"Organization\",\"@id\":\"https:\/\/www.hsymachinery.com\/#organization\",\"name\":\"HSY Construction Machinery\",\"url\":\"https:\/\/www.hsymachinery.com\/\",\"logo\":{\"@type\":\"ImageObject\",\"inLanguage\":\"fr-FR\",\"@id\":\"https:\/\/www.hsymachinery.com\/#\/schema\/logo\/image\/\",\"url\":\"https:\/\/www.hsymachinery.com\/wp-content\/uploads\/2025\/06\/cropped-HSY-machinery.png\",\"contentUrl\":\"https:\/\/www.hsymachinery.com\/wp-content\/uploads\/2025\/06\/cropped-HSY-machinery.png\",\"width\":600,\"height\":240,\"caption\":\"HSY Construction Machinery\"},\"image\":{\"@id\":\"https:\/\/www.hsymachinery.com\/#\/schema\/logo\/image\/\"}}]}<\/script>\n<!-- \/ Yoast SEO plugin. -->","yoast_head_json":{"title":"Truelle m\u00e9canique \u00e0 conducteur marchant PTH-C100B - HSY Construction Machinery","description":"La truelle \u00e0 main diesel PTH-C100B, d'un diam\u00e8tre de 100 cm, assure une finition durable et efficace des dalles de b\u00e9ton sur les chantiers industriels et ext\u00e9rieurs.Truelle \u00e0 main PTH-C100B","robots":{"index":"index","follow":"follow","max-snippet":"max-snippet:-1","max-image-preview":"max-image-preview:large","max-video-preview":"max-video-preview:-1"},"canonical":"https:\/\/www.hsymachinery.com\/fr\/product\/talocheuse-lisseuse-mecanique-pth-c100b\/","og_locale":"fr_FR","og_type":"article","og_title":"Walk-Behind Power Trowel PTH-C100B - HSY Construction Machinery","og_description":"PTH-C100B diesel walk-behind trowel with 100cm diameter delivers durable and efficient finishing for concrete slabs in industrial and outdoor job sites.Walk-Behind Power Trowel PTH-C100B","og_url":"https:\/\/www.hsymachinery.com\/fr\/product\/talocheuse-lisseuse-mecanique-pth-c100b\/","og_site_name":"HSY Construction Machinery","article_modified_time":"2025-06-28T15:21:44+00:00","og_image":[{"width":600,"height":738,"url":"https:\/\/www.hsymachinery.com\/wp-content\/uploads\/2025\/06\/Walk-Behind-Power-Trowel-PTH-C100B.jpg","type":"image\/jpeg"}],"twitter_card":"summary_large_image","twitter_misc":{"Dur\u00e9e de lecture estim\u00e9e":"2 minutes"},"schema":{"@context":"https:\/\/schema.org","@graph":[{"@type":"WebPage","@id":"https:\/\/www.hsymachinery.com\/product\/walk-behind-power-trowel-pth-c100b\/","url":"https:\/\/www.hsymachinery.com\/product\/walk-behind-power-trowel-pth-c100b\/","name":"Truelle m\u00e9canique \u00e0 conducteur marchant PTH-C100B - HSY Construction Machinery","isPartOf":{"@id":"https:\/\/www.hsymachinery.com\/#website"},"primaryImageOfPage":{"@id":"https:\/\/www.hsymachinery.com\/product\/walk-behind-power-trowel-pth-c100b\/#primaryimage"},"image":{"@id":"https:\/\/www.hsymachinery.com\/product\/walk-behind-power-trowel-pth-c100b\/#primaryimage"},"thumbnailUrl":"https:\/\/www.hsymachinery.com\/wp-content\/uploads\/2025\/06\/Walk-Behind-Power-Trowel-PTH-C100B.jpg","datePublished":"2025-06-18T12:40:26+00:00","dateModified":"2025-06-28T15:21:44+00:00","description":"La truelle \u00e0 main diesel PTH-C100B, d'un diam\u00e8tre de 100 cm, assure une finition durable et efficace des dalles de b\u00e9ton sur les chantiers industriels et ext\u00e9rieurs.Truelle \u00e0 main PTH-C100B","breadcrumb":{"@id":"https:\/\/www.hsymachinery.com\/product\/walk-behind-power-trowel-pth-c100b\/#breadcrumb"},"inLanguage":"fr-FR","potentialAction":[{"@type":"ReadAction","target":["https:\/\/www.hsymachinery.com\/product\/walk-behind-power-trowel-pth-c100b\/"]}]},{"@type":"ImageObject","inLanguage":"fr-FR","@id":"https:\/\/www.hsymachinery.com\/product\/walk-behind-power-trowel-pth-c100b\/#primaryimage","url":"https:\/\/www.hsymachinery.com\/wp-content\/uploads\/2025\/06\/Walk-Behind-Power-Trowel-PTH-C100B.jpg","contentUrl":"https:\/\/www.hsymachinery.com\/wp-content\/uploads\/2025\/06\/Walk-Behind-Power-Trowel-PTH-C100B.jpg","width":600,"height":738},{"@type":"BreadcrumbList","@id":"https:\/\/www.hsymachinery.com\/product\/walk-behind-power-trowel-pth-c100b\/#breadcrumb","itemListElement":[{"@type":"ListItem","position":1,"name":"home","item":"https:\/\/www.hsymachinery.com\/"},{"@type":"ListItem","position":2,"name":"products","item":"https:\/\/www.hsymachinery.com\/products\/"},{"@type":"ListItem","position":3,"name":"Walk-Behind Power Trowel PTH-C100B"}]},{"@type":"WebSite","@id":"https:\/\/www.hsymachinery.com\/#website","url":"https:\/\/www.hsymachinery.com\/","name":"Machines de construction HSY","description":"HSY Machinery - Un fournisseur leader de machines de construction en Chine, offrant une large gamme d'\u00e9quipements de construction l\u00e9gers. Nos produits principaux incluent la machine \u00e0 couper les barres, la machine \u00e0 plier les barres, la machine \u00e0 plier les \u00e9triers, la machine \u00e0 plier les barres en arc, la machine \u00e0 redresser les barres, la machine \u00e0 plier les \u00e9triers \u00e0 cinq t\u00eates, le pilon de bourrage, le compacteur \u00e0 plaque, le coupe-b\u00e9ton, la truelle m\u00e9canique et d'autres machines de construction. Nous sommes \u00e9quip\u00e9s de machines CNC de pointe et nous appliquons des normes strictes d'inspection de la qualit\u00e9 ainsi qu'un service apr\u00e8s-vente complet. Si vous \u00eates int\u00e9ress\u00e9 par nos produits ou services, nous vous invitons \u00e0 nous envoyer vos demandes de renseignements par message.","publisher":{"@id":"https:\/\/www.hsymachinery.com\/#organization"},"potentialAction":[{"@type":"SearchAction","target":{"@type":"EntryPoint","urlTemplate":"https:\/\/www.hsymachinery.com\/?s={search_term_string}"},"query-input":{"@type":"PropertyValueSpecification","valueRequired":true,"valueName":"search_term_string"}}],"inLanguage":"fr-FR"},{"@type":"Organization","@id":"https:\/\/www.hsymachinery.com\/#organization","name":"Machines de construction HSY","url":"https:\/\/www.hsymachinery.com\/","logo":{"@type":"ImageObject","inLanguage":"fr-FR","@id":"https:\/\/www.hsymachinery.com\/#\/schema\/logo\/image\/","url":"https:\/\/www.hsymachinery.com\/wp-content\/uploads\/2025\/06\/cropped-HSY-machinery.png","contentUrl":"https:\/\/www.hsymachinery.com\/wp-content\/uploads\/2025\/06\/cropped-HSY-machinery.png","width":600,"height":240,"caption":"HSY Construction Machinery"},"image":{"@id":"https:\/\/www.hsymachinery.com\/#\/schema\/logo\/image\/"}}]}},"_links":{"self":[{"href":"https:\/\/www.hsymachinery.com\/fr\/wp-json\/wp\/v2\/product\/9217","targetHints":{"allow":["GET"]}}],"collection":[{"href":"https:\/\/www.hsymachinery.com\/fr\/wp-json\/wp\/v2\/product"}],"about":[{"href":"https:\/\/www.hsymachinery.com\/fr\/wp-json\/wp\/v2\/types\/product"}],"version-history":[{"count":3,"href":"https:\/\/www.hsymachinery.com\/fr\/wp-json\/wp\/v2\/product\/9217\/revisions"}],"predecessor-version":[{"id":9610,"href":"https:\/\/www.hsymachinery.com\/fr\/wp-json\/wp\/v2\/product\/9217\/revisions\/9610"}],"wp:featuredmedia":[{"embeddable":true,"href":"https:\/\/www.hsymachinery.com\/fr\/wp-json\/wp\/v2\/media\/9218"}],"wp:attachment":[{"href":"https:\/\/www.hsymachinery.com\/fr\/wp-json\/wp\/v2\/media?parent=9217"}],"wp:term":[{"taxonomy":"product_brand","embeddable":true,"href":"https:\/\/www.hsymachinery.com\/fr\/wp-json\/wp\/v2\/product_brand?post=9217"},{"taxonomy":"product_cat","embeddable":true,"href":"https:\/\/www.hsymachinery.com\/fr\/wp-json\/wp\/v2\/product_cat?post=9217"},{"taxonomy":"product_tag","embeddable":true,"href":"https:\/\/www.hsymachinery.com\/fr\/wp-json\/wp\/v2\/product_tag?post=9217"}],"curies":[{"name":"wp","href":"https:\/\/api.w.org\/{rel}","templated":true}]}}