{"id":9211,"date":"2025-06-18T20:38:34","date_gmt":"2025-06-18T12:38:34","guid":{"rendered":"https:\/\/www.hsymachinery.com\/?post_type=product&#038;p=9211"},"modified":"2025-06-28T23:14:56","modified_gmt":"2025-06-28T15:14:56","slug":"talocheuse-lisseuse-a-conducteur-marchant-pth-l100b","status":"publish","type":"product","link":"https:\/\/www.hsymachinery.com\/fr\/product\/talocheuse-lisseuse-a-conducteur-marchant-pth-l100b\/","title":{"rendered":"Truelle m\u00e9canique \u00e0 conducteur marchant PTH-L100B"},"content":{"rendered":"<h2 data-start=\"155\" data-end=\"197\">Truelle m\u00e9canique \u00e0 conducteur marchant PTH-L100B<\/h2>\n<h3 data-start=\"198\" data-end=\"320\">PTH-L100B Large-scale Gasoline Concrete Trowel | Longxin Engine | Am\u00e9lioration de la finition des dalles pour les projets \u00e0 haut rendement<\/h3>\n<h3 data-start=\"327\" data-end=\"438\">Description du produit - Truelle motoris\u00e9e Longxin pour le lissage de grandes dalles de b\u00e9ton avec am\u00e9lioration des performances<a href=\"https:\/\/www.hsymachinery.com\/fr\/produits\/truelle-mecanique-a-conducteur-marchant\/\" target=\"_blank\" rel=\"noopener\"><img fetchpriority=\"high\" decoding=\"async\" class=\"wp-image-9212 alignright\" src=\"https:\/\/www.hsymachinery.com\/wp-content\/uploads\/2025\/06\/Walk-Behind-Power-Trowel-PTH-L100B-244x300.jpg\" alt=\"\" width=\"451\" height=\"555\" srcset=\"https:\/\/www.hsymachinery.com\/wp-content\/uploads\/2025\/06\/Walk-Behind-Power-Trowel-PTH-L100B-244x300.jpg 244w, https:\/\/www.hsymachinery.com\/wp-content\/uploads\/2025\/06\/Walk-Behind-Power-Trowel-PTH-L100B.jpg 600w\" sizes=\"(max-width: 451px) 100vw, 451px\" \/><\/a><\/h3>\n<p data-start=\"440\" data-end=\"853\">Les <strong data-start=\"444\" data-end=\"482\">Truelle m\u00e9canique \u00e0 conducteur marchant PTH-L100B<\/strong> est une machine de finition du b\u00e9ton de grand diam\u00e8tre, \u00e0 essence, \u00e9quip\u00e9e d'un moteur Longxin fiable. Version am\u00e9lior\u00e9e des truelles standard de 100 cm, ce mod\u00e8le a \u00e9t\u00e9 con\u00e7u pour une plus grande durabilit\u00e9, un meilleur \u00e9quilibre et un contr\u00f4le plus pr\u00e9cis de la finition, ce qui en fait la machine id\u00e9ale pour les professionnels qui s'occupent de projets de dalles de b\u00e9ton de taille moyenne \u00e0 grande.<\/p>\n<p data-start=\"855\" data-end=\"1200\">Avec un diam\u00e8tre de talochage de 100 cm, la PTH-L100B augmente la couverture par passage, am\u00e9liorant consid\u00e9rablement la productivit\u00e9 sur les sols industriels, les entrep\u00f4ts et les parkings. En outre, le syst\u00e8me de pas de lame r\u00e9glable de la machine permet une transition transparente entre le talochage et la finition, garantissant ainsi une surface impeccable et tr\u00e8s brillante.<\/p>\n<p data-start=\"1202\" data-end=\"1644\">En outre, la bo\u00eete de vitesses renforc\u00e9e, les bras d'araign\u00e9e am\u00e9lior\u00e9s et l'anneau de s\u00e9curit\u00e9 renforc\u00e9 permettent \u00e0 la machine de fonctionner de mani\u00e8re fiable dans des conditions difficiles. Sa poign\u00e9e ergonomique repliable comprend des poign\u00e9es r\u00e9duisant les vibrations, ce qui am\u00e9liore le confort de l'op\u00e9rateur lors d'une utilisation prolong\u00e9e. Le moteur \u00e0 essence Longxin offre un couple stable, une puissance r\u00e9guli\u00e8re et un excellent rendement \u00e9nerg\u00e9tique, ce qui r\u00e9duit les co\u00fbts d'exploitation au fil du temps.<\/p>\n<p data-start=\"1646\" data-end=\"1862\">Gr\u00e2ce \u00e0 sa conception am\u00e9lior\u00e9e, le PTH-L100B r\u00e9pond non seulement aux besoins des grands chantiers, mais il offre \u00e9galement une qualit\u00e9 constante, une stabilit\u00e9 op\u00e9rationnelle et une longue dur\u00e9e de vie, m\u00eame dans des environnements exigeants.<\/p>\n<h3 data-start=\"1869\" data-end=\"1926\">Caract\u00e9ristiques principales de la truelle m\u00e9canique \u00e0 conducteur marchant PTH-L100B<\/h3>\n<ul data-start=\"1928\" data-end=\"2358\">\n<li data-start=\"1928\" data-end=\"2000\">\n<p data-start=\"1930\" data-end=\"2000\">Aliment\u00e9 par un moteur \u00e0 essence Longxin pour des performances solides et stables.<\/p>\n<\/li>\n<li data-start=\"2001\" data-end=\"2074\">\n<p data-start=\"2003\" data-end=\"2074\">Le diam\u00e8tre de 100 cm de la truelle am\u00e9liore l'efficacit\u00e9 de la finition sur les grandes dalles<\/p>\n<\/li>\n<li data-start=\"2075\" data-end=\"2149\">\n<p data-start=\"2077\" data-end=\"2149\">Bo\u00eete de vitesses et structure am\u00e9lior\u00e9es pour une plus grande durabilit\u00e9 et une utilisation \u00e0 long terme<\/p>\n<\/li>\n<li data-start=\"2150\" data-end=\"2227\">\n<p data-start=\"2152\" data-end=\"2227\">Le pas de lame r\u00e9glable permet un contr\u00f4le de pr\u00e9cision pour le flottage ou le polissage.<\/p>\n<\/li>\n<li data-start=\"2228\" data-end=\"2287\">\n<p data-start=\"2230\" data-end=\"2287\">La poign\u00e9e anti-vibration repliable r\u00e9duit la fatigue de l'op\u00e9rateur<\/p>\n<\/li>\n<li data-start=\"2288\" data-end=\"2358\">\n<p data-start=\"2290\" data-end=\"2358\">Id\u00e9al pour la finition des b\u00e9tons industriels, commerciaux et municipaux<\/p>\n<\/li>\n<\/ul>\n<h3 data-start=\"2365\" data-end=\"2451\">Applications - Id\u00e9al pour les grandes dalles, les entrep\u00f4ts, les ateliers et les structures de parking<\/h3>\n<p data-start=\"2453\" data-end=\"2757\">Le PTH-L100B est largement utilis\u00e9 dans les usines, les centres logistiques, les grandes all\u00e9es et les projets immobiliers commerciaux. Son fonctionnement tr\u00e8s efficace et ses r\u00e9sultats de qualit\u00e9 professionnelle en font un outil de choix pour les entrepreneurs qui exigent puissance, fiabilit\u00e9 et qualit\u00e9 en une seule machine.<\/p>\n<p data-start=\"2759\" data-end=\"2889\">C'est pourquoi il est particuli\u00e8rement appr\u00e9ci\u00e9 dans le cadre de calendriers de construction serr\u00e9s o\u00f9 la couverture et la qualit\u00e9 de la finition ne peuvent \u00eatre compromises.<\/p>\n<p><iframe title=\"truelle m\u00e9canique, truelle m\u00e9canique \u00e0 pousser \u00e0 la main, truelle, b\u00e9ton #ruelle #ruelle m\u00e9canique#concrete\" width=\"720\" height=\"405\" src=\"https:\/\/www.youtube.com\/embed\/pa6AuNhMrwI?feature=oembed\" frameborder=\"0\" allow=\"accelerometer; autoplay; clipboard-write; encrypted-media; gyroscope; picture-in-picture; web-share\" referrerpolicy=\"strict-origin-when-cross-origin\" allowfullscreen><\/iframe><\/p>","protected":false},"excerpt":{"rendered":"<p>La truelle m\u00e9canique \u00e0 essence PTH-L100B est \u00e9quip\u00e9e d'un moteur Longxin et d'un diam\u00e8tre de 100 cm pour une finition rapide, durable et pr\u00e9cise des dalles de b\u00e9ton sur les grands chantiers.<\/p>","protected":false},"featured_media":9212,"template":"","meta":{"_kad_post_transparent":"default","_kad_post_title":"","_kad_post_layout":"default","_kad_post_sidebar_id":"","_kad_post_content_style":"default","_kad_post_vertical_padding":"default","_kad_post_feature":"","_kad_post_feature_position":"","_kad_post_header":false,"_kad_post_footer":false},"product_brand":[],"product_cat":[55],"product_tag":[1084,1083,1087,1081,1086,1085,1089,1088,1090,1082],"class_list":{"0":"post-9211","1":"product","2":"type-product","3":"status-publish","4":"has-post-thumbnail","6":"product_cat-walk-behind-power-trowel","7":"product_tag-cement-power-trowel","8":"product_tag-concrete-finishing-trowel","9":"product_tag-concrete-floor-finishing-machine","10":"product_tag-concrete-power-trowel","11":"product_tag-electric-walk-behind-trowel","12":"product_tag-gasoline-power-trowel","13":"product_tag-hand-operated-power-trowel","14":"product_tag-manual-power-trowel","15":"product_tag-walk-behind-concrete-finishing-machine","16":"product_tag-walk-behind-trowel-machine","18":"first","19":"instock","20":"shipping-taxable","21":"product-type-simple","22":"entry","23":"content-bg","24":"loop-entry"},"yoast_head":"<!-- This site is optimized with the Yoast SEO plugin v25.3.1 - https:\/\/yoast.com\/wordpress\/plugins\/seo\/ -->\n<title>Walk-Behind Power Trowel PTH-L100B - HSY Construction Machinery<\/title>\n<meta name=\"description\" content=\"PTH-L100B walk-behind trowel with Longxin gasoline engine offers 100 cm coverage, enhanced durability, and smooth slab finishing for commercial and industrial projects.Walk-Behind Power Trowel PTH-L100B\" \/>\n<meta name=\"robots\" content=\"index, follow, max-snippet:-1, max-image-preview:large, max-video-preview:-1\" \/>\n<link rel=\"canonical\" href=\"https:\/\/www.hsymachinery.com\/fr\/product\/talocheuse-lisseuse-a-conducteur-marchant-pth-l100b\/\" \/>\n<meta property=\"og:locale\" content=\"fr_FR\" \/>\n<meta property=\"og:type\" content=\"article\" \/>\n<meta property=\"og:title\" content=\"Walk-Behind Power Trowel PTH-L100B - HSY Construction Machinery\" \/>\n<meta property=\"og:description\" content=\"PTH-L100B walk-behind trowel with Longxin gasoline engine offers 100 cm coverage, enhanced durability, and smooth slab finishing for commercial and industrial projects.Walk-Behind Power Trowel PTH-L100B\" \/>\n<meta property=\"og:url\" content=\"https:\/\/www.hsymachinery.com\/fr\/product\/talocheuse-lisseuse-a-conducteur-marchant-pth-l100b\/\" \/>\n<meta property=\"og:site_name\" content=\"HSY Construction Machinery\" \/>\n<meta property=\"article:modified_time\" content=\"2025-06-28T15:14:56+00:00\" \/>\n<meta property=\"og:image\" content=\"https:\/\/www.hsymachinery.com\/wp-content\/uploads\/2025\/06\/Walk-Behind-Power-Trowel-PTH-L100B.jpg\" \/>\n\t<meta property=\"og:image:width\" content=\"600\" \/>\n\t<meta property=\"og:image:height\" content=\"738\" \/>\n\t<meta property=\"og:image:type\" content=\"image\/jpeg\" \/>\n<meta name=\"twitter:card\" content=\"summary_large_image\" \/>\n<meta name=\"twitter:label1\" content=\"Dur\u00e9e de lecture estim\u00e9e\" \/>\n\t<meta name=\"twitter:data1\" content=\"2 minutes\" \/>\n<script type=\"application\/ld+json\" class=\"yoast-schema-graph\">{\"@context\":\"https:\/\/schema.org\",\"@graph\":[{\"@type\":\"WebPage\",\"@id\":\"https:\/\/www.hsymachinery.com\/product\/walk-behind-power-trowel-pth-l100b\/\",\"url\":\"https:\/\/www.hsymachinery.com\/product\/walk-behind-power-trowel-pth-l100b\/\",\"name\":\"Walk-Behind Power Trowel PTH-L100B - HSY Construction Machinery\",\"isPartOf\":{\"@id\":\"https:\/\/www.hsymachinery.com\/#website\"},\"primaryImageOfPage\":{\"@id\":\"https:\/\/www.hsymachinery.com\/product\/walk-behind-power-trowel-pth-l100b\/#primaryimage\"},\"image\":{\"@id\":\"https:\/\/www.hsymachinery.com\/product\/walk-behind-power-trowel-pth-l100b\/#primaryimage\"},\"thumbnailUrl\":\"https:\/\/www.hsymachinery.com\/wp-content\/uploads\/2025\/06\/Walk-Behind-Power-Trowel-PTH-L100B.jpg\",\"datePublished\":\"2025-06-18T12:38:34+00:00\",\"dateModified\":\"2025-06-28T15:14:56+00:00\",\"description\":\"PTH-L100B walk-behind trowel with Longxin gasoline engine offers 100 cm coverage, enhanced durability, and smooth slab finishing for commercial and industrial projects.Walk-Behind Power Trowel PTH-L100B\",\"breadcrumb\":{\"@id\":\"https:\/\/www.hsymachinery.com\/product\/walk-behind-power-trowel-pth-l100b\/#breadcrumb\"},\"inLanguage\":\"fr-FR\",\"potentialAction\":[{\"@type\":\"ReadAction\",\"target\":[\"https:\/\/www.hsymachinery.com\/product\/walk-behind-power-trowel-pth-l100b\/\"]}]},{\"@type\":\"ImageObject\",\"inLanguage\":\"fr-FR\",\"@id\":\"https:\/\/www.hsymachinery.com\/product\/walk-behind-power-trowel-pth-l100b\/#primaryimage\",\"url\":\"https:\/\/www.hsymachinery.com\/wp-content\/uploads\/2025\/06\/Walk-Behind-Power-Trowel-PTH-L100B.jpg\",\"contentUrl\":\"https:\/\/www.hsymachinery.com\/wp-content\/uploads\/2025\/06\/Walk-Behind-Power-Trowel-PTH-L100B.jpg\",\"width\":600,\"height\":738},{\"@type\":\"BreadcrumbList\",\"@id\":\"https:\/\/www.hsymachinery.com\/product\/walk-behind-power-trowel-pth-l100b\/#breadcrumb\",\"itemListElement\":[{\"@type\":\"ListItem\",\"position\":1,\"name\":\"home\",\"item\":\"https:\/\/www.hsymachinery.com\/\"},{\"@type\":\"ListItem\",\"position\":2,\"name\":\"products\",\"item\":\"https:\/\/www.hsymachinery.com\/products\/\"},{\"@type\":\"ListItem\",\"position\":3,\"name\":\"Walk-Behind Power Trowel PTH-L100B\"}]},{\"@type\":\"WebSite\",\"@id\":\"https:\/\/www.hsymachinery.com\/#website\",\"url\":\"https:\/\/www.hsymachinery.com\/\",\"name\":\"HSY Construction Machinery\",\"description\":\"HSY Machinery \u2013 A leading China construction machinery supplier, offering a wide range of light construction equipment. Our main products include Rebar Cutting Machine, Rebar Bending Machine, Rebar Stirrup Bending Machine, Rebar Arc Bending Machine, Rebar Straightening Machine, Five-Head Rebar Stirrup Bending Machine, Tamping Rammer, Plate Compactor, Concrete Cutter, Power Trowel, and other construction machinery. We are equipped with advanced CNC machines, and we enforce strict quality inspection standards along with comprehensive after-sales service. If you are interested in our products or services, we warmly welcome your inquiries via message.\",\"publisher\":{\"@id\":\"https:\/\/www.hsymachinery.com\/#organization\"},\"potentialAction\":[{\"@type\":\"SearchAction\",\"target\":{\"@type\":\"EntryPoint\",\"urlTemplate\":\"https:\/\/www.hsymachinery.com\/?s={search_term_string}\"},\"query-input\":{\"@type\":\"PropertyValueSpecification\",\"valueRequired\":true,\"valueName\":\"search_term_string\"}}],\"inLanguage\":\"fr-FR\"},{\"@type\":\"Organization\",\"@id\":\"https:\/\/www.hsymachinery.com\/#organization\",\"name\":\"HSY Construction Machinery\",\"url\":\"https:\/\/www.hsymachinery.com\/\",\"logo\":{\"@type\":\"ImageObject\",\"inLanguage\":\"fr-FR\",\"@id\":\"https:\/\/www.hsymachinery.com\/#\/schema\/logo\/image\/\",\"url\":\"https:\/\/www.hsymachinery.com\/wp-content\/uploads\/2025\/06\/cropped-HSY-machinery.png\",\"contentUrl\":\"https:\/\/www.hsymachinery.com\/wp-content\/uploads\/2025\/06\/cropped-HSY-machinery.png\",\"width\":600,\"height\":240,\"caption\":\"HSY Construction Machinery\"},\"image\":{\"@id\":\"https:\/\/www.hsymachinery.com\/#\/schema\/logo\/image\/\"}}]}<\/script>\n<!-- \/ Yoast SEO plugin. -->","yoast_head_json":{"title":"Truelle m\u00e9canique \u00e0 conducteur marchant PTH-L100B - HSY Construction Machinery","description":"La truelle \u00e0 main PTH-L100B avec moteur \u00e0 essence Longxin offre une couverture de 100 cm, une durabilit\u00e9 accrue et une finition lisse des dalles pour les projets commerciaux et industriels.Truelle \u00e0 main PTH-L100B","robots":{"index":"index","follow":"follow","max-snippet":"max-snippet:-1","max-image-preview":"max-image-preview:large","max-video-preview":"max-video-preview:-1"},"canonical":"https:\/\/www.hsymachinery.com\/fr\/product\/talocheuse-lisseuse-a-conducteur-marchant-pth-l100b\/","og_locale":"fr_FR","og_type":"article","og_title":"Walk-Behind Power Trowel PTH-L100B - HSY Construction Machinery","og_description":"PTH-L100B walk-behind trowel with Longxin gasoline engine offers 100 cm coverage, enhanced durability, and smooth slab finishing for commercial and industrial projects.Walk-Behind Power Trowel PTH-L100B","og_url":"https:\/\/www.hsymachinery.com\/fr\/product\/talocheuse-lisseuse-a-conducteur-marchant-pth-l100b\/","og_site_name":"HSY Construction Machinery","article_modified_time":"2025-06-28T15:14:56+00:00","og_image":[{"width":600,"height":738,"url":"https:\/\/www.hsymachinery.com\/wp-content\/uploads\/2025\/06\/Walk-Behind-Power-Trowel-PTH-L100B.jpg","type":"image\/jpeg"}],"twitter_card":"summary_large_image","twitter_misc":{"Dur\u00e9e de lecture estim\u00e9e":"2 minutes"},"schema":{"@context":"https:\/\/schema.org","@graph":[{"@type":"WebPage","@id":"https:\/\/www.hsymachinery.com\/product\/walk-behind-power-trowel-pth-l100b\/","url":"https:\/\/www.hsymachinery.com\/product\/walk-behind-power-trowel-pth-l100b\/","name":"Truelle m\u00e9canique \u00e0 conducteur marchant PTH-L100B - HSY Construction Machinery","isPartOf":{"@id":"https:\/\/www.hsymachinery.com\/#website"},"primaryImageOfPage":{"@id":"https:\/\/www.hsymachinery.com\/product\/walk-behind-power-trowel-pth-l100b\/#primaryimage"},"image":{"@id":"https:\/\/www.hsymachinery.com\/product\/walk-behind-power-trowel-pth-l100b\/#primaryimage"},"thumbnailUrl":"https:\/\/www.hsymachinery.com\/wp-content\/uploads\/2025\/06\/Walk-Behind-Power-Trowel-PTH-L100B.jpg","datePublished":"2025-06-18T12:38:34+00:00","dateModified":"2025-06-28T15:14:56+00:00","description":"La truelle \u00e0 main PTH-L100B avec moteur \u00e0 essence Longxin offre une couverture de 100 cm, une durabilit\u00e9 accrue et une finition lisse des dalles pour les projets commerciaux et industriels.Truelle \u00e0 main PTH-L100B","breadcrumb":{"@id":"https:\/\/www.hsymachinery.com\/product\/walk-behind-power-trowel-pth-l100b\/#breadcrumb"},"inLanguage":"fr-FR","potentialAction":[{"@type":"ReadAction","target":["https:\/\/www.hsymachinery.com\/product\/walk-behind-power-trowel-pth-l100b\/"]}]},{"@type":"ImageObject","inLanguage":"fr-FR","@id":"https:\/\/www.hsymachinery.com\/product\/walk-behind-power-trowel-pth-l100b\/#primaryimage","url":"https:\/\/www.hsymachinery.com\/wp-content\/uploads\/2025\/06\/Walk-Behind-Power-Trowel-PTH-L100B.jpg","contentUrl":"https:\/\/www.hsymachinery.com\/wp-content\/uploads\/2025\/06\/Walk-Behind-Power-Trowel-PTH-L100B.jpg","width":600,"height":738},{"@type":"BreadcrumbList","@id":"https:\/\/www.hsymachinery.com\/product\/walk-behind-power-trowel-pth-l100b\/#breadcrumb","itemListElement":[{"@type":"ListItem","position":1,"name":"home","item":"https:\/\/www.hsymachinery.com\/"},{"@type":"ListItem","position":2,"name":"products","item":"https:\/\/www.hsymachinery.com\/products\/"},{"@type":"ListItem","position":3,"name":"Walk-Behind Power Trowel PTH-L100B"}]},{"@type":"WebSite","@id":"https:\/\/www.hsymachinery.com\/#website","url":"https:\/\/www.hsymachinery.com\/","name":"Machines de construction HSY","description":"HSY Machinery - Un fournisseur leader de machines de construction en Chine, offrant une large gamme d'\u00e9quipements de construction l\u00e9gers. Nos produits principaux incluent la machine \u00e0 couper les barres, la machine \u00e0 plier les barres, la machine \u00e0 plier les \u00e9triers, la machine \u00e0 plier les barres en arc, la machine \u00e0 redresser les barres, la machine \u00e0 plier les \u00e9triers \u00e0 cinq t\u00eates, le pilon de bourrage, le compacteur \u00e0 plaque, le coupe-b\u00e9ton, la truelle m\u00e9canique et d'autres machines de construction. Nous sommes \u00e9quip\u00e9s de machines CNC de pointe et nous appliquons des normes strictes d'inspection de la qualit\u00e9 ainsi qu'un service apr\u00e8s-vente complet. Si vous \u00eates int\u00e9ress\u00e9 par nos produits ou services, nous vous invitons \u00e0 nous envoyer vos demandes de renseignements par message.","publisher":{"@id":"https:\/\/www.hsymachinery.com\/#organization"},"potentialAction":[{"@type":"SearchAction","target":{"@type":"EntryPoint","urlTemplate":"https:\/\/www.hsymachinery.com\/?s={search_term_string}"},"query-input":{"@type":"PropertyValueSpecification","valueRequired":true,"valueName":"search_term_string"}}],"inLanguage":"fr-FR"},{"@type":"Organization","@id":"https:\/\/www.hsymachinery.com\/#organization","name":"Machines de construction HSY","url":"https:\/\/www.hsymachinery.com\/","logo":{"@type":"ImageObject","inLanguage":"fr-FR","@id":"https:\/\/www.hsymachinery.com\/#\/schema\/logo\/image\/","url":"https:\/\/www.hsymachinery.com\/wp-content\/uploads\/2025\/06\/cropped-HSY-machinery.png","contentUrl":"https:\/\/www.hsymachinery.com\/wp-content\/uploads\/2025\/06\/cropped-HSY-machinery.png","width":600,"height":240,"caption":"HSY Construction Machinery"},"image":{"@id":"https:\/\/www.hsymachinery.com\/#\/schema\/logo\/image\/"}}]}},"_links":{"self":[{"href":"https:\/\/www.hsymachinery.com\/fr\/wp-json\/wp\/v2\/product\/9211","targetHints":{"allow":["GET"]}}],"collection":[{"href":"https:\/\/www.hsymachinery.com\/fr\/wp-json\/wp\/v2\/product"}],"about":[{"href":"https:\/\/www.hsymachinery.com\/fr\/wp-json\/wp\/v2\/types\/product"}],"version-history":[{"count":3,"href":"https:\/\/www.hsymachinery.com\/fr\/wp-json\/wp\/v2\/product\/9211\/revisions"}],"predecessor-version":[{"id":9606,"href":"https:\/\/www.hsymachinery.com\/fr\/wp-json\/wp\/v2\/product\/9211\/revisions\/9606"}],"wp:featuredmedia":[{"embeddable":true,"href":"https:\/\/www.hsymachinery.com\/fr\/wp-json\/wp\/v2\/media\/9212"}],"wp:attachment":[{"href":"https:\/\/www.hsymachinery.com\/fr\/wp-json\/wp\/v2\/media?parent=9211"}],"wp:term":[{"taxonomy":"product_brand","embeddable":true,"href":"https:\/\/www.hsymachinery.com\/fr\/wp-json\/wp\/v2\/product_brand?post=9211"},{"taxonomy":"product_cat","embeddable":true,"href":"https:\/\/www.hsymachinery.com\/fr\/wp-json\/wp\/v2\/product_cat?post=9211"},{"taxonomy":"product_tag","embeddable":true,"href":"https:\/\/www.hsymachinery.com\/fr\/wp-json\/wp\/v2\/product_tag?post=9211"}],"curies":[{"name":"wp","href":"https:\/\/api.w.org\/{rel}","templated":true}]}}