{"id":9199,"date":"2025-06-18T20:30:49","date_gmt":"2025-06-18T12:30:49","guid":{"rendered":"https:\/\/www.hsymachinery.com\/?post_type=product&#038;p=9199"},"modified":"2025-06-28T22:59:07","modified_gmt":"2025-06-28T14:59:07","slug":"talocheuse-lisseuse-electrique-pth-d60-90","status":"publish","type":"product","link":"https:\/\/www.hsymachinery.com\/fr\/product\/talocheuse-lisseuse-electrique-pth-d60-90\/","title":{"rendered":"Truelle m\u00e9canique \u00e0 conducteur marchant PTH-D60\/90"},"content":{"rendered":"<h2 data-start=\"149\" data-end=\"192\">Truelle m\u00e9canique \u00e0 conducteur marchant PTH-D60\/90<\/h2>\n<h3 data-start=\"193\" data-end=\"293\">Truelle \u00e9lectrique PTH-D60\/90 | Solution \u00e9cologique et silencieuse pour la finition du b\u00e9ton en int\u00e9rieur<\/h3>\n<h3 data-start=\"300\" data-end=\"394\">Description du produit - Truelle \u00e0 b\u00e9ton \u00e9lectrique compacte pour les projets int\u00e9rieurs et ferm\u00e9s<a href=\"https:\/\/www.hsymachinery.com\/fr\/produits\/truelle-mecanique-a-conducteur-marchant\/\" target=\"_blank\" rel=\"noopener\"><img fetchpriority=\"high\" decoding=\"async\" class=\"wp-image-9200 alignright\" src=\"https:\/\/www.hsymachinery.com\/wp-content\/uploads\/2025\/06\/Walk-Behind-Power-Trowel-PTH-D60-244x300.jpg\" alt=\"\" width=\"452\" height=\"556\" srcset=\"https:\/\/www.hsymachinery.com\/wp-content\/uploads\/2025\/06\/Walk-Behind-Power-Trowel-PTH-D60-244x300.jpg 244w, https:\/\/www.hsymachinery.com\/wp-content\/uploads\/2025\/06\/Walk-Behind-Power-Trowel-PTH-D60.jpg 600w\" sizes=\"(max-width: 452px) 100vw, 452px\" \/><\/a><\/h3>\n<p data-start=\"396\" data-end=\"794\">Les <strong data-start=\"400\" data-end=\"439\">Truelle m\u00e9canique \u00e0 conducteur marchant PTH-D60\/90<\/strong> est une machine compacte de finition des surfaces de b\u00e9ton aliment\u00e9e par un moteur \u00e9lectrique, ce qui la rend id\u00e9ale pour une utilisation dans des environnements sensibles au bruit ou \u00e0 ventilation limit\u00e9e. Con\u00e7u pour des applications r\u00e9sidentielles et commerciales, ce mod\u00e8le offre des performances fiables sans \u00e9missions, ce qui en fait un excellent choix pour la finition du b\u00e9ton en int\u00e9rieur.<\/p>\n<p data-start=\"796\" data-end=\"1174\">Avec un diam\u00e8tre de truelle de 60 \u00e0 90 cm, la PTH-D60\/90 offre une couverture polyvalente, permettant aux op\u00e9rateurs de finir efficacement des dalles de petite \u00e0 moyenne taille. Son syst\u00e8me de contr\u00f4le du pas de la lame r\u00e9glable permet \u00e0 l'op\u00e9rateur de passer en douceur d'une \u00e9tape de finition \u00e0 l'autre, du talochage initial au polissage final, tout en conservant la r\u00e9gularit\u00e9 et la douceur de la surface.<\/p>\n<p data-start=\"1176\" data-end=\"1526\">En outre, le groupe motopropulseur \u00e9lectrique fonctionne silencieusement et avec un minimum de vibrations, ce qui r\u00e9duit la fatigue de l'utilisateur lors d'une utilisation prolong\u00e9e. La poign\u00e9e ergonomique et pliable am\u00e9liore encore le confort et la facilit\u00e9 de transport. Sa bo\u00eete de vitesses renforc\u00e9e, ses bras de lame robustes et son anneau de s\u00e9curit\u00e9 garantissent une fiabilit\u00e9 \u00e0 long terme, m\u00eame dans des conditions d'utilisation quotidienne.<\/p>\n<p data-start=\"1528\" data-end=\"1753\">En outre, comme il fonctionne sans combustible, le PTH-D60\/90 est parfait pour les espaces int\u00e9rieurs, les dalles de sous-sol, les cuisines commerciales ou les environnements de construction m\u00e9dicale o\u00f9 la qualit\u00e9 de l'air et le faible niveau de bruit sont essentiels.<\/p>\n<h3 data-start=\"1760\" data-end=\"1815\">Caract\u00e9ristiques principales de la truelle \u00e9lectrique PTH-D60\/90<\/h3>\n<ul data-start=\"1817\" data-end=\"2184\">\n<li data-start=\"1817\" data-end=\"1875\">\n<p data-start=\"1819\" data-end=\"1875\">Le moteur \u00e9lectrique est silencieux et ne produit pas d'\u00e9missions<\/p>\n<\/li>\n<li data-start=\"1876\" data-end=\"1940\">\n<p data-start=\"1878\" data-end=\"1940\">Le diam\u00e8tre des lames de 60 \u00e0 90 cm permet d'\u00e9quilibrer la pr\u00e9cision et la couverture de la zone.<\/p>\n<\/li>\n<li data-start=\"1941\" data-end=\"1995\">\n<p data-start=\"1943\" data-end=\"1995\">Pas de lame r\u00e9glable pour une gamme de types de finition<\/p>\n<\/li>\n<li data-start=\"1996\" data-end=\"2062\">\n<p data-start=\"1998\" data-end=\"2062\">La poign\u00e9e ergonomique r\u00e9duit les efforts de l'op\u00e9rateur et se plie pour le stockage.<\/p>\n<\/li>\n<li data-start=\"2063\" data-end=\"2120\">\n<p data-start=\"2065\" data-end=\"2120\">La bo\u00eete de vitesses et le ch\u00e2ssis robustes garantissent la long\u00e9vit\u00e9 de la machine.<\/p>\n<\/li>\n<li data-start=\"2121\" data-end=\"2184\">\n<p data-start=\"2123\" data-end=\"2184\">Id\u00e9al pour les zones ferm\u00e9es ou les projets avec des restrictions de carburant<\/p>\n<\/li>\n<\/ul>\n<h3 data-start=\"2191\" data-end=\"2279\">Applications - Id\u00e9al pour les projets int\u00e9rieurs, les h\u00f4pitaux, les cuisines et les espaces souterrains<\/h3>\n<p data-start=\"2281\" data-end=\"2558\">Les entrepreneurs utilisent le PTH-D60\/90 pour les dalles de b\u00e9ton int\u00e9rieures, notamment dans les immeubles de bureaux, les sous-sols, les h\u00f4pitaux et les restaurants. Comme il ne n\u00e9cessite pas de carburant, il r\u00e9pond aux normes environnementales et de s\u00e9curit\u00e9 dans les endroits o\u00f9 l'utilisation du gaz ou du diesel est interdite.<\/p>\n<p data-start=\"2560\" data-end=\"2749\">Les utilisateurs b\u00e9n\u00e9ficient ainsi de performances fiables, d'un fonctionnement silencieux et de faibles co\u00fbts de maintenance, tout en obtenant des finitions de b\u00e9ton lisses et professionnelles dans des zones de travail ferm\u00e9es.<\/p>\n<p><iframe title=\"truelle m\u00e9canique, truelle m\u00e9canique \u00e0 pousser \u00e0 la main, truelle, b\u00e9ton #ruelle #ruelle m\u00e9canique#concrete\" width=\"720\" height=\"405\" src=\"https:\/\/www.youtube.com\/embed\/pa6AuNhMrwI?feature=oembed\" frameborder=\"0\" allow=\"accelerometer; autoplay; clipboard-write; encrypted-media; gyroscope; picture-in-picture; web-share\" referrerpolicy=\"strict-origin-when-cross-origin\" allowfullscreen><\/iframe><\/p>","protected":false},"excerpt":{"rendered":"<p>La truelle \u00e9lectrique \u00e0 conducteur marchant PTH-D60\/90 offre une finition du b\u00e9ton s\u00fbre, silencieuse et efficace pour les projets d'int\u00e9rieur, avec peu d'entretien et aucune \u00e9mission.<\/p>","protected":false},"featured_media":9200,"template":"","meta":{"_kad_post_transparent":"default","_kad_post_title":"","_kad_post_layout":"default","_kad_post_sidebar_id":"","_kad_post_content_style":"default","_kad_post_vertical_padding":"default","_kad_post_feature":"","_kad_post_feature_position":"","_kad_post_header":false,"_kad_post_footer":false},"product_brand":[],"product_cat":[55],"product_tag":[1084,1083,1087,1081,1086,1085,1089,1088,1090,1082],"class_list":{"0":"post-9199","1":"product","2":"type-product","3":"status-publish","4":"has-post-thumbnail","6":"product_cat-walk-behind-power-trowel","7":"product_tag-cement-power-trowel","8":"product_tag-concrete-finishing-trowel","9":"product_tag-concrete-floor-finishing-machine","10":"product_tag-concrete-power-trowel","11":"product_tag-electric-walk-behind-trowel","12":"product_tag-gasoline-power-trowel","13":"product_tag-hand-operated-power-trowel","14":"product_tag-manual-power-trowel","15":"product_tag-walk-behind-concrete-finishing-machine","16":"product_tag-walk-behind-trowel-machine","18":"first","19":"instock","20":"shipping-taxable","21":"product-type-simple","22":"entry","23":"content-bg","24":"loop-entry"},"yoast_head":"<!-- This site is optimized with the Yoast SEO plugin v25.3.1 - https:\/\/yoast.com\/wordpress\/plugins\/seo\/ -->\n<title>Walk-Behind Power Trowel PTH-D60\/90 - HSY Construction Machinery<\/title>\n<meta name=\"description\" content=\"Walk-Behind Power Trowel PTH-D60\/90 offers quiet, emission-free slab finishing for indoor spaces like hospitals, kitchens, and basements. Eco-friendly and efficient.\" \/>\n<meta name=\"robots\" content=\"index, follow, max-snippet:-1, max-image-preview:large, max-video-preview:-1\" \/>\n<link rel=\"canonical\" href=\"https:\/\/www.hsymachinery.com\/fr\/product\/talocheuse-lisseuse-electrique-pth-d60-90\/\" \/>\n<meta property=\"og:locale\" content=\"fr_FR\" \/>\n<meta property=\"og:type\" content=\"article\" \/>\n<meta property=\"og:title\" content=\"Walk-Behind Power Trowel PTH-D60\/90 - HSY Construction Machinery\" \/>\n<meta property=\"og:description\" content=\"Walk-Behind Power Trowel PTH-D60\/90 offers quiet, emission-free slab finishing for indoor spaces like hospitals, kitchens, and basements. Eco-friendly and efficient.\" \/>\n<meta property=\"og:url\" content=\"https:\/\/www.hsymachinery.com\/fr\/product\/talocheuse-lisseuse-electrique-pth-d60-90\/\" \/>\n<meta property=\"og:site_name\" content=\"HSY Construction Machinery\" \/>\n<meta property=\"article:modified_time\" content=\"2025-06-28T14:59:07+00:00\" \/>\n<meta property=\"og:image\" content=\"https:\/\/www.hsymachinery.com\/wp-content\/uploads\/2025\/06\/Walk-Behind-Power-Trowel-PTH-D60.jpg\" \/>\n\t<meta property=\"og:image:width\" content=\"600\" \/>\n\t<meta property=\"og:image:height\" content=\"738\" \/>\n\t<meta property=\"og:image:type\" content=\"image\/jpeg\" \/>\n<meta name=\"twitter:card\" content=\"summary_large_image\" \/>\n<meta name=\"twitter:label1\" content=\"Dur\u00e9e de lecture estim\u00e9e\" \/>\n\t<meta name=\"twitter:data1\" content=\"2 minutes\" \/>\n<script type=\"application\/ld+json\" class=\"yoast-schema-graph\">{\"@context\":\"https:\/\/schema.org\",\"@graph\":[{\"@type\":\"WebPage\",\"@id\":\"https:\/\/www.hsymachinery.com\/product\/walk-behind-power-trowel-pth-d60-90\/\",\"url\":\"https:\/\/www.hsymachinery.com\/product\/walk-behind-power-trowel-pth-d60-90\/\",\"name\":\"Walk-Behind Power Trowel PTH-D60\/90 - HSY Construction Machinery\",\"isPartOf\":{\"@id\":\"https:\/\/www.hsymachinery.com\/#website\"},\"primaryImageOfPage\":{\"@id\":\"https:\/\/www.hsymachinery.com\/product\/walk-behind-power-trowel-pth-d60-90\/#primaryimage\"},\"image\":{\"@id\":\"https:\/\/www.hsymachinery.com\/product\/walk-behind-power-trowel-pth-d60-90\/#primaryimage\"},\"thumbnailUrl\":\"https:\/\/www.hsymachinery.com\/wp-content\/uploads\/2025\/06\/Walk-Behind-Power-Trowel-PTH-D60.jpg\",\"datePublished\":\"2025-06-18T12:30:49+00:00\",\"dateModified\":\"2025-06-28T14:59:07+00:00\",\"description\":\"Walk-Behind Power Trowel PTH-D60\/90 offers quiet, emission-free slab finishing for indoor spaces like hospitals, kitchens, and basements. Eco-friendly and efficient.\",\"breadcrumb\":{\"@id\":\"https:\/\/www.hsymachinery.com\/product\/walk-behind-power-trowel-pth-d60-90\/#breadcrumb\"},\"inLanguage\":\"fr-FR\",\"potentialAction\":[{\"@type\":\"ReadAction\",\"target\":[\"https:\/\/www.hsymachinery.com\/product\/walk-behind-power-trowel-pth-d60-90\/\"]}]},{\"@type\":\"ImageObject\",\"inLanguage\":\"fr-FR\",\"@id\":\"https:\/\/www.hsymachinery.com\/product\/walk-behind-power-trowel-pth-d60-90\/#primaryimage\",\"url\":\"https:\/\/www.hsymachinery.com\/wp-content\/uploads\/2025\/06\/Walk-Behind-Power-Trowel-PTH-D60.jpg\",\"contentUrl\":\"https:\/\/www.hsymachinery.com\/wp-content\/uploads\/2025\/06\/Walk-Behind-Power-Trowel-PTH-D60.jpg\",\"width\":600,\"height\":738},{\"@type\":\"BreadcrumbList\",\"@id\":\"https:\/\/www.hsymachinery.com\/product\/walk-behind-power-trowel-pth-d60-90\/#breadcrumb\",\"itemListElement\":[{\"@type\":\"ListItem\",\"position\":1,\"name\":\"home\",\"item\":\"https:\/\/www.hsymachinery.com\/\"},{\"@type\":\"ListItem\",\"position\":2,\"name\":\"products\",\"item\":\"https:\/\/www.hsymachinery.com\/products\/\"},{\"@type\":\"ListItem\",\"position\":3,\"name\":\"Walk-Behind Power Trowel PTH-D60\/90\"}]},{\"@type\":\"WebSite\",\"@id\":\"https:\/\/www.hsymachinery.com\/#website\",\"url\":\"https:\/\/www.hsymachinery.com\/\",\"name\":\"HSY Construction Machinery\",\"description\":\"HSY Machinery \u2013 A leading China construction machinery supplier, offering a wide range of light construction equipment. Our main products include Rebar Cutting Machine, Rebar Bending Machine, Rebar Stirrup Bending Machine, Rebar Arc Bending Machine, Rebar Straightening Machine, Five-Head Rebar Stirrup Bending Machine, Tamping Rammer, Plate Compactor, Concrete Cutter, Power Trowel, and other construction machinery. We are equipped with advanced CNC machines, and we enforce strict quality inspection standards along with comprehensive after-sales service. If you are interested in our products or services, we warmly welcome your inquiries via message.\",\"publisher\":{\"@id\":\"https:\/\/www.hsymachinery.com\/#organization\"},\"potentialAction\":[{\"@type\":\"SearchAction\",\"target\":{\"@type\":\"EntryPoint\",\"urlTemplate\":\"https:\/\/www.hsymachinery.com\/?s={search_term_string}\"},\"query-input\":{\"@type\":\"PropertyValueSpecification\",\"valueRequired\":true,\"valueName\":\"search_term_string\"}}],\"inLanguage\":\"fr-FR\"},{\"@type\":\"Organization\",\"@id\":\"https:\/\/www.hsymachinery.com\/#organization\",\"name\":\"HSY Construction Machinery\",\"url\":\"https:\/\/www.hsymachinery.com\/\",\"logo\":{\"@type\":\"ImageObject\",\"inLanguage\":\"fr-FR\",\"@id\":\"https:\/\/www.hsymachinery.com\/#\/schema\/logo\/image\/\",\"url\":\"https:\/\/www.hsymachinery.com\/wp-content\/uploads\/2025\/06\/cropped-HSY-machinery.png\",\"contentUrl\":\"https:\/\/www.hsymachinery.com\/wp-content\/uploads\/2025\/06\/cropped-HSY-machinery.png\",\"width\":600,\"height\":240,\"caption\":\"HSY Construction Machinery\"},\"image\":{\"@id\":\"https:\/\/www.hsymachinery.com\/#\/schema\/logo\/image\/\"}}]}<\/script>\n<!-- \/ Yoast SEO plugin. -->","yoast_head_json":{"title":"Truelle m\u00e9canique \u00e0 conducteur marchant PTH-D60\/90 - HSY Construction Machinery","description":"La truelle m\u00e9canique \u00e0 conducteur marchant PTH-D60\/90 offre une finition de dalle silencieuse et sans \u00e9mission pour les espaces int\u00e9rieurs tels que les h\u00f4pitaux, les cuisines et les sous-sols. \u00c9cologique et efficace.","robots":{"index":"index","follow":"follow","max-snippet":"max-snippet:-1","max-image-preview":"max-image-preview:large","max-video-preview":"max-video-preview:-1"},"canonical":"https:\/\/www.hsymachinery.com\/fr\/product\/talocheuse-lisseuse-electrique-pth-d60-90\/","og_locale":"fr_FR","og_type":"article","og_title":"Walk-Behind Power Trowel PTH-D60\/90 - HSY Construction Machinery","og_description":"Walk-Behind Power Trowel PTH-D60\/90 offers quiet, emission-free slab finishing for indoor spaces like hospitals, kitchens, and basements. Eco-friendly and efficient.","og_url":"https:\/\/www.hsymachinery.com\/fr\/product\/talocheuse-lisseuse-electrique-pth-d60-90\/","og_site_name":"HSY Construction Machinery","article_modified_time":"2025-06-28T14:59:07+00:00","og_image":[{"width":600,"height":738,"url":"https:\/\/www.hsymachinery.com\/wp-content\/uploads\/2025\/06\/Walk-Behind-Power-Trowel-PTH-D60.jpg","type":"image\/jpeg"}],"twitter_card":"summary_large_image","twitter_misc":{"Dur\u00e9e de lecture estim\u00e9e":"2 minutes"},"schema":{"@context":"https:\/\/schema.org","@graph":[{"@type":"WebPage","@id":"https:\/\/www.hsymachinery.com\/product\/walk-behind-power-trowel-pth-d60-90\/","url":"https:\/\/www.hsymachinery.com\/product\/walk-behind-power-trowel-pth-d60-90\/","name":"Truelle m\u00e9canique \u00e0 conducteur marchant PTH-D60\/90 - HSY Construction Machinery","isPartOf":{"@id":"https:\/\/www.hsymachinery.com\/#website"},"primaryImageOfPage":{"@id":"https:\/\/www.hsymachinery.com\/product\/walk-behind-power-trowel-pth-d60-90\/#primaryimage"},"image":{"@id":"https:\/\/www.hsymachinery.com\/product\/walk-behind-power-trowel-pth-d60-90\/#primaryimage"},"thumbnailUrl":"https:\/\/www.hsymachinery.com\/wp-content\/uploads\/2025\/06\/Walk-Behind-Power-Trowel-PTH-D60.jpg","datePublished":"2025-06-18T12:30:49+00:00","dateModified":"2025-06-28T14:59:07+00:00","description":"La truelle m\u00e9canique \u00e0 conducteur marchant PTH-D60\/90 offre une finition de dalle silencieuse et sans \u00e9mission pour les espaces int\u00e9rieurs tels que les h\u00f4pitaux, les cuisines et les sous-sols. \u00c9cologique et efficace.","breadcrumb":{"@id":"https:\/\/www.hsymachinery.com\/product\/walk-behind-power-trowel-pth-d60-90\/#breadcrumb"},"inLanguage":"fr-FR","potentialAction":[{"@type":"ReadAction","target":["https:\/\/www.hsymachinery.com\/product\/walk-behind-power-trowel-pth-d60-90\/"]}]},{"@type":"ImageObject","inLanguage":"fr-FR","@id":"https:\/\/www.hsymachinery.com\/product\/walk-behind-power-trowel-pth-d60-90\/#primaryimage","url":"https:\/\/www.hsymachinery.com\/wp-content\/uploads\/2025\/06\/Walk-Behind-Power-Trowel-PTH-D60.jpg","contentUrl":"https:\/\/www.hsymachinery.com\/wp-content\/uploads\/2025\/06\/Walk-Behind-Power-Trowel-PTH-D60.jpg","width":600,"height":738},{"@type":"BreadcrumbList","@id":"https:\/\/www.hsymachinery.com\/product\/walk-behind-power-trowel-pth-d60-90\/#breadcrumb","itemListElement":[{"@type":"ListItem","position":1,"name":"home","item":"https:\/\/www.hsymachinery.com\/"},{"@type":"ListItem","position":2,"name":"products","item":"https:\/\/www.hsymachinery.com\/products\/"},{"@type":"ListItem","position":3,"name":"Walk-Behind Power Trowel PTH-D60\/90"}]},{"@type":"WebSite","@id":"https:\/\/www.hsymachinery.com\/#website","url":"https:\/\/www.hsymachinery.com\/","name":"Machines de construction HSY","description":"HSY Machinery - Un fournisseur leader de machines de construction en Chine, offrant une large gamme d'\u00e9quipements de construction l\u00e9gers. Nos produits principaux incluent la machine \u00e0 couper les barres, la machine \u00e0 plier les barres, la machine \u00e0 plier les \u00e9triers, la machine \u00e0 plier les barres en arc, la machine \u00e0 redresser les barres, la machine \u00e0 plier les \u00e9triers \u00e0 cinq t\u00eates, le pilon de bourrage, le compacteur \u00e0 plaque, le coupe-b\u00e9ton, la truelle m\u00e9canique et d'autres machines de construction. Nous sommes \u00e9quip\u00e9s de machines CNC de pointe et nous appliquons des normes strictes d'inspection de la qualit\u00e9 ainsi qu'un service apr\u00e8s-vente complet. Si vous \u00eates int\u00e9ress\u00e9 par nos produits ou services, nous vous invitons \u00e0 nous envoyer vos demandes de renseignements par message.","publisher":{"@id":"https:\/\/www.hsymachinery.com\/#organization"},"potentialAction":[{"@type":"SearchAction","target":{"@type":"EntryPoint","urlTemplate":"https:\/\/www.hsymachinery.com\/?s={search_term_string}"},"query-input":{"@type":"PropertyValueSpecification","valueRequired":true,"valueName":"search_term_string"}}],"inLanguage":"fr-FR"},{"@type":"Organization","@id":"https:\/\/www.hsymachinery.com\/#organization","name":"Machines de construction HSY","url":"https:\/\/www.hsymachinery.com\/","logo":{"@type":"ImageObject","inLanguage":"fr-FR","@id":"https:\/\/www.hsymachinery.com\/#\/schema\/logo\/image\/","url":"https:\/\/www.hsymachinery.com\/wp-content\/uploads\/2025\/06\/cropped-HSY-machinery.png","contentUrl":"https:\/\/www.hsymachinery.com\/wp-content\/uploads\/2025\/06\/cropped-HSY-machinery.png","width":600,"height":240,"caption":"HSY Construction Machinery"},"image":{"@id":"https:\/\/www.hsymachinery.com\/#\/schema\/logo\/image\/"}}]}},"_links":{"self":[{"href":"https:\/\/www.hsymachinery.com\/fr\/wp-json\/wp\/v2\/product\/9199","targetHints":{"allow":["GET"]}}],"collection":[{"href":"https:\/\/www.hsymachinery.com\/fr\/wp-json\/wp\/v2\/product"}],"about":[{"href":"https:\/\/www.hsymachinery.com\/fr\/wp-json\/wp\/v2\/types\/product"}],"version-history":[{"count":3,"href":"https:\/\/www.hsymachinery.com\/fr\/wp-json\/wp\/v2\/product\/9199\/revisions"}],"predecessor-version":[{"id":9598,"href":"https:\/\/www.hsymachinery.com\/fr\/wp-json\/wp\/v2\/product\/9199\/revisions\/9598"}],"wp:featuredmedia":[{"embeddable":true,"href":"https:\/\/www.hsymachinery.com\/fr\/wp-json\/wp\/v2\/media\/9200"}],"wp:attachment":[{"href":"https:\/\/www.hsymachinery.com\/fr\/wp-json\/wp\/v2\/media?parent=9199"}],"wp:term":[{"taxonomy":"product_brand","embeddable":true,"href":"https:\/\/www.hsymachinery.com\/fr\/wp-json\/wp\/v2\/product_brand?post=9199"},{"taxonomy":"product_cat","embeddable":true,"href":"https:\/\/www.hsymachinery.com\/fr\/wp-json\/wp\/v2\/product_cat?post=9199"},{"taxonomy":"product_tag","embeddable":true,"href":"https:\/\/www.hsymachinery.com\/fr\/wp-json\/wp\/v2\/product_tag?post=9199"}],"curies":[{"name":"wp","href":"https:\/\/api.w.org\/{rel}","templated":true}]}}