{"id":9193,"date":"2025-06-18T20:23:34","date_gmt":"2025-06-18T12:23:34","guid":{"rendered":"https:\/\/www.hsymachinery.com\/?post_type=product&#038;p=9193"},"modified":"2025-06-28T22:40:38","modified_gmt":"2025-06-28T14:40:38","slug":"talocheuse-lisseuse-electrique-pth-c100","status":"publish","type":"product","link":"https:\/\/www.hsymachinery.com\/fr\/product\/talocheuse-lisseuse-electrique-pth-c100\/","title":{"rendered":"Truelle m\u00e9canique \u00e0 conducteur marchant PTH-C100"},"content":{"rendered":"<h2 data-start=\"165\" data-end=\"206\">Truelle m\u00e9canique \u00e0 conducteur marchant PTH-C100<\/h2>\n<h3 data-start=\"207\" data-end=\"319\">Truelle \u00e0 b\u00e9ton \u00e0 moteur diesel PTH-C100 | Outil de finition puissant et efficace pour les dalles de b\u00e9ton industrielles<\/h3>\n<h3 data-start=\"326\" data-end=\"417\">Description du produit - Truelle durable \u00e0 moteur diesel pour les finitions de surface \u00e0 usage intensif<a href=\"https:\/\/www.hsymachinery.com\/fr\/produits\/truelle-mecanique-a-conducteur-marchant\/\" target=\"_blank\" rel=\"noopener\"><img fetchpriority=\"high\" decoding=\"async\" class=\"wp-image-9194 alignright\" src=\"https:\/\/www.hsymachinery.com\/wp-content\/uploads\/2025\/06\/Walk-Behind-Power-Trowel-PTH-C100-244x300.jpg\" alt=\"\" width=\"450\" height=\"553\" srcset=\"https:\/\/www.hsymachinery.com\/wp-content\/uploads\/2025\/06\/Walk-Behind-Power-Trowel-PTH-C100-244x300.jpg 244w, https:\/\/www.hsymachinery.com\/wp-content\/uploads\/2025\/06\/Walk-Behind-Power-Trowel-PTH-C100.jpg 600w\" sizes=\"(max-width: 450px) 100vw, 450px\" \/><\/a><\/h3>\n<p data-start=\"419\" data-end=\"865\">Les <strong data-start=\"423\" data-end=\"460\">Truelle m\u00e9canique \u00e0 conducteur marchant PTH-C100<\/strong> est une machine de finition du b\u00e9ton \u00e0 moteur diesel con\u00e7ue pour les applications industrielles \u00e0 grande \u00e9chelle. Elle offre une solution id\u00e9ale lorsque l'utilisation de l'essence est limit\u00e9e, tout en fournissant une puissance forte et constante pour des r\u00e9sultats professionnels. Gr\u00e2ce \u00e0 son moteur diesel fiable, la PTH-C100 fonctionne avec un excellent rendement \u00e9nerg\u00e9tique, ce qui la rend rentable et fiable pour une utilisation quotidienne.<\/p>\n<p data-start=\"867\" data-end=\"1288\">Avec un large diam\u00e8tre de truelle de 100 cm, cette machine couvre une plus grande surface \u00e0 chaque passage, ce qui augmente consid\u00e9rablement l'efficacit\u00e9 du travail. De plus, son syst\u00e8me de contr\u00f4le de l'inclinaison de la lame permet des ajustements faciles, permettant \u00e0 la fois un talochage grossier et un polissage fin sur diff\u00e9rentes surfaces de b\u00e9ton. Les entrepreneurs peuvent changer l'angle des lames en cours de travail, ce qui permet de maintenir une finition homog\u00e8ne sur les grandes dalles.<\/p>\n<p data-start=\"1290\" data-end=\"1568\">En outre, la bo\u00eete de vitesses robuste, les bras de l'araign\u00e9e renforc\u00e9s et l'anneau de s\u00e9curit\u00e9 protecteur garantissent une durabilit\u00e9 \u00e0 long terme, m\u00eame dans des conditions de travail difficiles. La poign\u00e9e ergonomique r\u00e9duit non seulement les vibrations, mais se plie \u00e9galement pour faciliter le transport et le stockage.<\/p>\n<p data-start=\"1570\" data-end=\"1811\">En outre, le PTH-C100 est bien adapt\u00e9 aux zones de construction qui exigent \u00e0 la fois une puissance et une flexibilit\u00e9 du type de carburant, en particulier dans les environnements r\u00e9glement\u00e9s en mati\u00e8re de carburant ou dans les endroits \u00e9loign\u00e9s o\u00f9 le diesel est plus facilement disponible que l'essence.<\/p>\n<h3 data-start=\"1818\" data-end=\"1871\">Principales caract\u00e9ristiques de la truelle m\u00e9canique pour b\u00e9ton PTH-C100<\/h3>\n<ul data-start=\"1873\" data-end=\"2262\">\n<li data-start=\"1873\" data-end=\"1948\">\n<p data-start=\"1875\" data-end=\"1948\">Le moteur diesel offre un couple stable et un fonctionnement durable.<\/p>\n<\/li>\n<li data-start=\"1949\" data-end=\"2003\">\n<p data-start=\"1951\" data-end=\"2003\">Le diam\u00e8tre de 100 cm de la truelle permet une couverture plus rapide de la dalle<\/p>\n<\/li>\n<li data-start=\"2004\" data-end=\"2062\">\n<p data-start=\"2006\" data-end=\"2062\">Pas de lame r\u00e9glable pour une surface plus ou moins lisse<\/p>\n<\/li>\n<li data-start=\"2063\" data-end=\"2123\">\n<p data-start=\"2065\" data-end=\"2123\">Construction durable avec une bo\u00eete de vitesses et des bras tr\u00e8s r\u00e9sistants<\/p>\n<\/li>\n<li data-start=\"2124\" data-end=\"2196\">\n<p data-start=\"2126\" data-end=\"2196\">Poign\u00e9e repliable avec amortissement des vibrations pour le confort de l'op\u00e9rateur<\/p>\n<\/li>\n<li data-start=\"2197\" data-end=\"2262\">\n<p data-start=\"2199\" data-end=\"2262\">Id\u00e9al pour les grandes surfaces en b\u00e9ton sur les chantiers soumis \u00e0 la r\u00e9glementation sur les carburants<\/p>\n<\/li>\n<\/ul>\n<h3 data-start=\"2269\" data-end=\"2356\">Applications - Convient pour les usines, les entrep\u00f4ts, les parkings et les dalles ext\u00e9rieures<\/h3>\n<p data-start=\"2358\" data-end=\"2665\">Le PTH-C100 est la solution parfaite pour la finition de grandes dalles dans les entrep\u00f4ts industriels, les terminaux de transport et les zones commerciales ouvertes. Gr\u00e2ce \u00e0 son groupe motopropulseur diesel, il fonctionne de mani\u00e8re fiable dans les r\u00e9gions o\u00f9 l'acc\u00e8s \u00e0 l'essence est limit\u00e9 et o\u00f9 les r\u00e9glementations en mati\u00e8re de s\u00e9curit\u00e9 favorisent l'utilisation d'\u00e9quipements diesel.<\/p>\n<p data-start=\"2667\" data-end=\"2854\">Gr\u00e2ce \u00e0 sa puissance \u00e9lev\u00e9e, \u00e0 sa faible consommation de carburant et \u00e0 sa conception robuste, le PTH-C100 est un choix de premier ordre pour les professionnels qui recherchent la rapidit\u00e9 et la perfection de la surface.<\/p>\n<p><iframe title=\"truelle m\u00e9canique, truelle m\u00e9canique \u00e0 pousser \u00e0 la main, truelle, b\u00e9ton #ruelle #ruelle m\u00e9canique#concrete\" width=\"720\" height=\"405\" src=\"https:\/\/www.youtube.com\/embed\/pa6AuNhMrwI?feature=oembed\" frameborder=\"0\" allow=\"accelerometer; autoplay; clipboard-write; encrypted-media; gyroscope; picture-in-picture; web-share\" referrerpolicy=\"strict-origin-when-cross-origin\" allowfullscreen><\/iframe><\/p>","protected":false},"excerpt":{"rendered":"<p>La truelle \u00e0 moteur diesel PTH-C100 offre une couverture de 100 cm, un rendement \u00e9nerg\u00e9tique et une construction robuste pour la finition de grandes dalles de b\u00e9ton dans des environnements de travail exigeants.<\/p>","protected":false},"featured_media":9194,"template":"","meta":{"_kad_post_transparent":"default","_kad_post_title":"","_kad_post_layout":"default","_kad_post_sidebar_id":"","_kad_post_content_style":"default","_kad_post_vertical_padding":"default","_kad_post_feature":"","_kad_post_feature_position":"","_kad_post_header":false,"_kad_post_footer":false},"product_brand":[],"product_cat":[55],"product_tag":[1084,1083,1087,1081,1086,1085,1089,1088,1090,1082],"class_list":{"0":"post-9193","1":"product","2":"type-product","3":"status-publish","4":"has-post-thumbnail","6":"product_cat-walk-behind-power-trowel","7":"product_tag-cement-power-trowel","8":"product_tag-concrete-finishing-trowel","9":"product_tag-concrete-floor-finishing-machine","10":"product_tag-concrete-power-trowel","11":"product_tag-electric-walk-behind-trowel","12":"product_tag-gasoline-power-trowel","13":"product_tag-hand-operated-power-trowel","14":"product_tag-manual-power-trowel","15":"product_tag-walk-behind-concrete-finishing-machine","16":"product_tag-walk-behind-trowel-machine","18":"first","19":"instock","20":"shipping-taxable","21":"product-type-simple","22":"entry","23":"content-bg","24":"loop-entry"},"yoast_head":"<!-- This site is optimized with the Yoast SEO plugin v25.3.1 - https:\/\/yoast.com\/wordpress\/plugins\/seo\/ -->\n<title>Walk-Behind Power Trowel PTH-C100 - HSY Construction Machinery<\/title>\n<meta name=\"description\" content=\"PTH-C100 Walk-Behind Power Trowel with 100cm coverage ensures smooth surface finishing for industrial concrete slabs. Durable, efficient, and ideal for fuel-restricted sites.\" \/>\n<meta name=\"robots\" content=\"index, follow, max-snippet:-1, max-image-preview:large, max-video-preview:-1\" \/>\n<link rel=\"canonical\" href=\"https:\/\/www.hsymachinery.com\/fr\/product\/talocheuse-lisseuse-electrique-pth-c100\/\" \/>\n<meta property=\"og:locale\" content=\"fr_FR\" \/>\n<meta property=\"og:type\" content=\"article\" \/>\n<meta property=\"og:title\" content=\"Walk-Behind Power Trowel PTH-C100 - HSY Construction Machinery\" \/>\n<meta property=\"og:description\" content=\"PTH-C100 Walk-Behind Power Trowel with 100cm coverage ensures smooth surface finishing for industrial concrete slabs. Durable, efficient, and ideal for fuel-restricted sites.\" \/>\n<meta property=\"og:url\" content=\"https:\/\/www.hsymachinery.com\/fr\/product\/talocheuse-lisseuse-electrique-pth-c100\/\" \/>\n<meta property=\"og:site_name\" content=\"HSY Construction Machinery\" \/>\n<meta property=\"article:modified_time\" content=\"2025-06-28T14:40:38+00:00\" \/>\n<meta property=\"og:image\" content=\"https:\/\/www.hsymachinery.com\/wp-content\/uploads\/2025\/06\/Walk-Behind-Power-Trowel-PTH-C100.jpg\" \/>\n\t<meta property=\"og:image:width\" content=\"600\" \/>\n\t<meta property=\"og:image:height\" content=\"738\" \/>\n\t<meta property=\"og:image:type\" content=\"image\/jpeg\" \/>\n<meta name=\"twitter:card\" content=\"summary_large_image\" \/>\n<meta name=\"twitter:label1\" content=\"Dur\u00e9e de lecture estim\u00e9e\" \/>\n\t<meta name=\"twitter:data1\" content=\"2 minutes\" \/>\n<script type=\"application\/ld+json\" class=\"yoast-schema-graph\">{\"@context\":\"https:\/\/schema.org\",\"@graph\":[{\"@type\":\"WebPage\",\"@id\":\"https:\/\/www.hsymachinery.com\/product\/walk-behind-power-trowel-pth-c100\/\",\"url\":\"https:\/\/www.hsymachinery.com\/product\/walk-behind-power-trowel-pth-c100\/\",\"name\":\"Walk-Behind Power Trowel PTH-C100 - HSY Construction Machinery\",\"isPartOf\":{\"@id\":\"https:\/\/www.hsymachinery.com\/#website\"},\"primaryImageOfPage\":{\"@id\":\"https:\/\/www.hsymachinery.com\/product\/walk-behind-power-trowel-pth-c100\/#primaryimage\"},\"image\":{\"@id\":\"https:\/\/www.hsymachinery.com\/product\/walk-behind-power-trowel-pth-c100\/#primaryimage\"},\"thumbnailUrl\":\"https:\/\/www.hsymachinery.com\/wp-content\/uploads\/2025\/06\/Walk-Behind-Power-Trowel-PTH-C100.jpg\",\"datePublished\":\"2025-06-18T12:23:34+00:00\",\"dateModified\":\"2025-06-28T14:40:38+00:00\",\"description\":\"PTH-C100 Walk-Behind Power Trowel with 100cm coverage ensures smooth surface finishing for industrial concrete slabs. Durable, efficient, and ideal for fuel-restricted sites.\",\"breadcrumb\":{\"@id\":\"https:\/\/www.hsymachinery.com\/product\/walk-behind-power-trowel-pth-c100\/#breadcrumb\"},\"inLanguage\":\"fr-FR\",\"potentialAction\":[{\"@type\":\"ReadAction\",\"target\":[\"https:\/\/www.hsymachinery.com\/product\/walk-behind-power-trowel-pth-c100\/\"]}]},{\"@type\":\"ImageObject\",\"inLanguage\":\"fr-FR\",\"@id\":\"https:\/\/www.hsymachinery.com\/product\/walk-behind-power-trowel-pth-c100\/#primaryimage\",\"url\":\"https:\/\/www.hsymachinery.com\/wp-content\/uploads\/2025\/06\/Walk-Behind-Power-Trowel-PTH-C100.jpg\",\"contentUrl\":\"https:\/\/www.hsymachinery.com\/wp-content\/uploads\/2025\/06\/Walk-Behind-Power-Trowel-PTH-C100.jpg\",\"width\":600,\"height\":738},{\"@type\":\"BreadcrumbList\",\"@id\":\"https:\/\/www.hsymachinery.com\/product\/walk-behind-power-trowel-pth-c100\/#breadcrumb\",\"itemListElement\":[{\"@type\":\"ListItem\",\"position\":1,\"name\":\"home\",\"item\":\"https:\/\/www.hsymachinery.com\/\"},{\"@type\":\"ListItem\",\"position\":2,\"name\":\"products\",\"item\":\"https:\/\/www.hsymachinery.com\/products\/\"},{\"@type\":\"ListItem\",\"position\":3,\"name\":\"Walk-Behind Power Trowel PTH-C100\"}]},{\"@type\":\"WebSite\",\"@id\":\"https:\/\/www.hsymachinery.com\/#website\",\"url\":\"https:\/\/www.hsymachinery.com\/\",\"name\":\"HSY Construction Machinery\",\"description\":\"HSY Machinery \u2013 A leading China construction machinery supplier, offering a wide range of light construction equipment. Our main products include Rebar Cutting Machine, Rebar Bending Machine, Rebar Stirrup Bending Machine, Rebar Arc Bending Machine, Rebar Straightening Machine, Five-Head Rebar Stirrup Bending Machine, Tamping Rammer, Plate Compactor, Concrete Cutter, Power Trowel, and other construction machinery. We are equipped with advanced CNC machines, and we enforce strict quality inspection standards along with comprehensive after-sales service. If you are interested in our products or services, we warmly welcome your inquiries via message.\",\"publisher\":{\"@id\":\"https:\/\/www.hsymachinery.com\/#organization\"},\"potentialAction\":[{\"@type\":\"SearchAction\",\"target\":{\"@type\":\"EntryPoint\",\"urlTemplate\":\"https:\/\/www.hsymachinery.com\/?s={search_term_string}\"},\"query-input\":{\"@type\":\"PropertyValueSpecification\",\"valueRequired\":true,\"valueName\":\"search_term_string\"}}],\"inLanguage\":\"fr-FR\"},{\"@type\":\"Organization\",\"@id\":\"https:\/\/www.hsymachinery.com\/#organization\",\"name\":\"HSY Construction Machinery\",\"url\":\"https:\/\/www.hsymachinery.com\/\",\"logo\":{\"@type\":\"ImageObject\",\"inLanguage\":\"fr-FR\",\"@id\":\"https:\/\/www.hsymachinery.com\/#\/schema\/logo\/image\/\",\"url\":\"https:\/\/www.hsymachinery.com\/wp-content\/uploads\/2025\/06\/cropped-HSY-machinery.png\",\"contentUrl\":\"https:\/\/www.hsymachinery.com\/wp-content\/uploads\/2025\/06\/cropped-HSY-machinery.png\",\"width\":600,\"height\":240,\"caption\":\"HSY Construction Machinery\"},\"image\":{\"@id\":\"https:\/\/www.hsymachinery.com\/#\/schema\/logo\/image\/\"}}]}<\/script>\n<!-- \/ Yoast SEO plugin. -->","yoast_head_json":{"title":"Truelle m\u00e9canique \u00e0 conducteur marchant PTH-C100 - HSY Construction Machinery","description":"La truelle m\u00e9canique \u00e0 conducteur marchant PTH-C100, avec une couverture de 100 cm, assure une finition de surface lisse pour les dalles de b\u00e9ton industrielles. Durable et efficace, elle est id\u00e9ale pour les sites o\u00f9 la consommation de carburant est limit\u00e9e.","robots":{"index":"index","follow":"follow","max-snippet":"max-snippet:-1","max-image-preview":"max-image-preview:large","max-video-preview":"max-video-preview:-1"},"canonical":"https:\/\/www.hsymachinery.com\/fr\/product\/talocheuse-lisseuse-electrique-pth-c100\/","og_locale":"fr_FR","og_type":"article","og_title":"Walk-Behind Power Trowel PTH-C100 - HSY Construction Machinery","og_description":"PTH-C100 Walk-Behind Power Trowel with 100cm coverage ensures smooth surface finishing for industrial concrete slabs. Durable, efficient, and ideal for fuel-restricted sites.","og_url":"https:\/\/www.hsymachinery.com\/fr\/product\/talocheuse-lisseuse-electrique-pth-c100\/","og_site_name":"HSY Construction Machinery","article_modified_time":"2025-06-28T14:40:38+00:00","og_image":[{"width":600,"height":738,"url":"https:\/\/www.hsymachinery.com\/wp-content\/uploads\/2025\/06\/Walk-Behind-Power-Trowel-PTH-C100.jpg","type":"image\/jpeg"}],"twitter_card":"summary_large_image","twitter_misc":{"Dur\u00e9e de lecture estim\u00e9e":"2 minutes"},"schema":{"@context":"https:\/\/schema.org","@graph":[{"@type":"WebPage","@id":"https:\/\/www.hsymachinery.com\/product\/walk-behind-power-trowel-pth-c100\/","url":"https:\/\/www.hsymachinery.com\/product\/walk-behind-power-trowel-pth-c100\/","name":"Truelle m\u00e9canique \u00e0 conducteur marchant PTH-C100 - HSY Construction Machinery","isPartOf":{"@id":"https:\/\/www.hsymachinery.com\/#website"},"primaryImageOfPage":{"@id":"https:\/\/www.hsymachinery.com\/product\/walk-behind-power-trowel-pth-c100\/#primaryimage"},"image":{"@id":"https:\/\/www.hsymachinery.com\/product\/walk-behind-power-trowel-pth-c100\/#primaryimage"},"thumbnailUrl":"https:\/\/www.hsymachinery.com\/wp-content\/uploads\/2025\/06\/Walk-Behind-Power-Trowel-PTH-C100.jpg","datePublished":"2025-06-18T12:23:34+00:00","dateModified":"2025-06-28T14:40:38+00:00","description":"La truelle m\u00e9canique \u00e0 conducteur marchant PTH-C100, avec une couverture de 100 cm, assure une finition de surface lisse pour les dalles de b\u00e9ton industrielles. Durable et efficace, elle est id\u00e9ale pour les sites o\u00f9 la consommation de carburant est limit\u00e9e.","breadcrumb":{"@id":"https:\/\/www.hsymachinery.com\/product\/walk-behind-power-trowel-pth-c100\/#breadcrumb"},"inLanguage":"fr-FR","potentialAction":[{"@type":"ReadAction","target":["https:\/\/www.hsymachinery.com\/product\/walk-behind-power-trowel-pth-c100\/"]}]},{"@type":"ImageObject","inLanguage":"fr-FR","@id":"https:\/\/www.hsymachinery.com\/product\/walk-behind-power-trowel-pth-c100\/#primaryimage","url":"https:\/\/www.hsymachinery.com\/wp-content\/uploads\/2025\/06\/Walk-Behind-Power-Trowel-PTH-C100.jpg","contentUrl":"https:\/\/www.hsymachinery.com\/wp-content\/uploads\/2025\/06\/Walk-Behind-Power-Trowel-PTH-C100.jpg","width":600,"height":738},{"@type":"BreadcrumbList","@id":"https:\/\/www.hsymachinery.com\/product\/walk-behind-power-trowel-pth-c100\/#breadcrumb","itemListElement":[{"@type":"ListItem","position":1,"name":"home","item":"https:\/\/www.hsymachinery.com\/"},{"@type":"ListItem","position":2,"name":"products","item":"https:\/\/www.hsymachinery.com\/products\/"},{"@type":"ListItem","position":3,"name":"Walk-Behind Power Trowel PTH-C100"}]},{"@type":"WebSite","@id":"https:\/\/www.hsymachinery.com\/#website","url":"https:\/\/www.hsymachinery.com\/","name":"Machines de construction HSY","description":"HSY Machinery - Un fournisseur leader de machines de construction en Chine, offrant une large gamme d'\u00e9quipements de construction l\u00e9gers. Nos produits principaux incluent la machine \u00e0 couper les barres, la machine \u00e0 plier les barres, la machine \u00e0 plier les \u00e9triers, la machine \u00e0 plier les barres en arc, la machine \u00e0 redresser les barres, la machine \u00e0 plier les \u00e9triers \u00e0 cinq t\u00eates, le pilon de bourrage, le compacteur \u00e0 plaque, le coupe-b\u00e9ton, la truelle m\u00e9canique et d'autres machines de construction. Nous sommes \u00e9quip\u00e9s de machines CNC de pointe et nous appliquons des normes strictes d'inspection de la qualit\u00e9 ainsi qu'un service apr\u00e8s-vente complet. Si vous \u00eates int\u00e9ress\u00e9 par nos produits ou services, nous vous invitons \u00e0 nous envoyer vos demandes de renseignements par message.","publisher":{"@id":"https:\/\/www.hsymachinery.com\/#organization"},"potentialAction":[{"@type":"SearchAction","target":{"@type":"EntryPoint","urlTemplate":"https:\/\/www.hsymachinery.com\/?s={search_term_string}"},"query-input":{"@type":"PropertyValueSpecification","valueRequired":true,"valueName":"search_term_string"}}],"inLanguage":"fr-FR"},{"@type":"Organization","@id":"https:\/\/www.hsymachinery.com\/#organization","name":"Machines de construction HSY","url":"https:\/\/www.hsymachinery.com\/","logo":{"@type":"ImageObject","inLanguage":"fr-FR","@id":"https:\/\/www.hsymachinery.com\/#\/schema\/logo\/image\/","url":"https:\/\/www.hsymachinery.com\/wp-content\/uploads\/2025\/06\/cropped-HSY-machinery.png","contentUrl":"https:\/\/www.hsymachinery.com\/wp-content\/uploads\/2025\/06\/cropped-HSY-machinery.png","width":600,"height":240,"caption":"HSY Construction Machinery"},"image":{"@id":"https:\/\/www.hsymachinery.com\/#\/schema\/logo\/image\/"}}]}},"_links":{"self":[{"href":"https:\/\/www.hsymachinery.com\/fr\/wp-json\/wp\/v2\/product\/9193","targetHints":{"allow":["GET"]}}],"collection":[{"href":"https:\/\/www.hsymachinery.com\/fr\/wp-json\/wp\/v2\/product"}],"about":[{"href":"https:\/\/www.hsymachinery.com\/fr\/wp-json\/wp\/v2\/types\/product"}],"version-history":[{"count":3,"href":"https:\/\/www.hsymachinery.com\/fr\/wp-json\/wp\/v2\/product\/9193\/revisions"}],"predecessor-version":[{"id":9594,"href":"https:\/\/www.hsymachinery.com\/fr\/wp-json\/wp\/v2\/product\/9193\/revisions\/9594"}],"wp:featuredmedia":[{"embeddable":true,"href":"https:\/\/www.hsymachinery.com\/fr\/wp-json\/wp\/v2\/media\/9194"}],"wp:attachment":[{"href":"https:\/\/www.hsymachinery.com\/fr\/wp-json\/wp\/v2\/media?parent=9193"}],"wp:term":[{"taxonomy":"product_brand","embeddable":true,"href":"https:\/\/www.hsymachinery.com\/fr\/wp-json\/wp\/v2\/product_brand?post=9193"},{"taxonomy":"product_cat","embeddable":true,"href":"https:\/\/www.hsymachinery.com\/fr\/wp-json\/wp\/v2\/product_cat?post=9193"},{"taxonomy":"product_tag","embeddable":true,"href":"https:\/\/www.hsymachinery.com\/fr\/wp-json\/wp\/v2\/product_tag?post=9193"}],"curies":[{"name":"wp","href":"https:\/\/api.w.org\/{rel}","templated":true}]}}