{"id":9190,"date":"2025-06-18T20:21:17","date_gmt":"2025-06-18T12:21:17","guid":{"rendered":"https:\/\/www.hsymachinery.com\/?post_type=product&#038;p=9190"},"modified":"2025-06-28T22:36:18","modified_gmt":"2025-06-28T14:36:18","slug":"talocheuse-lisseuse-pth-c60-90","status":"publish","type":"product","link":"https:\/\/www.hsymachinery.com\/fr\/product\/talocheuse-lisseuse-pth-c60-90\/","title":{"rendered":"Truelle m\u00e9canique \u00e0 conducteur marchant PTH-C60\/90"},"content":{"rendered":"<h2 data-start=\"138\" data-end=\"181\">Truelle m\u00e9canique \u00e0 conducteur marchant PTH-C60\/90<\/h2>\n<h3 data-start=\"182\" data-end=\"288\">Truelle \u00e0 b\u00e9ton \u00e0 moteur diesel PTH-C60\/90 - Finition compacte et puissante pour les chantiers sensibles \u00e0 la consommation de carburant<\/h3>\n<h3 data-start=\"295\" data-end=\"386\">Description du produit - Truelle compacte \u00e0 moteur diesel pour une finition polyvalente du b\u00e9ton<a href=\"https:\/\/www.hsymachinery.com\/fr\/produits\/truelle-mecanique-a-conducteur-marchant\/\" target=\"_blank\" rel=\"noopener\"><img fetchpriority=\"high\" decoding=\"async\" class=\"wp-image-9191 alignright\" src=\"https:\/\/www.hsymachinery.com\/wp-content\/uploads\/2025\/06\/Walk-Behind-Power-Trowel-PTH-C60-244x300.jpg\" alt=\"\" width=\"451\" height=\"555\" srcset=\"https:\/\/www.hsymachinery.com\/wp-content\/uploads\/2025\/06\/Walk-Behind-Power-Trowel-PTH-C60-244x300.jpg 244w, https:\/\/www.hsymachinery.com\/wp-content\/uploads\/2025\/06\/Walk-Behind-Power-Trowel-PTH-C60.jpg 600w\" sizes=\"(max-width: 451px) 100vw, 451px\" \/><\/a><\/h3>\n<p data-start=\"388\" data-end=\"756\">Les <strong data-start=\"392\" data-end=\"431\">Truelle m\u00e9canique \u00e0 conducteur marchant PTH-C60\/90<\/strong> offre des performances exceptionnelles en mati\u00e8re de finition des surfaces de b\u00e9ton dans un ch\u00e2ssis compact, aliment\u00e9 par un moteur diesel fiable. Con\u00e7u pour les professionnels qui travaillent dans des zones o\u00f9 l'essence est limit\u00e9e ou indisponible, ce mod\u00e8le combine la flexibilit\u00e9 du carburant, la stabilit\u00e9 du couple et la facilit\u00e9 d'utilisation dans un ensemble puissant.<\/p>\n<p data-start=\"758\" data-end=\"1116\">Avec un diam\u00e8tre de talochage de 60\/90 cm, la PTH-C60\/90 offre \u00e0 la fois une grande agilit\u00e9 dans les zones \u00e9troites et une couverture des dalles moyennes, ce qui la rend id\u00e9ale pour un large \u00e9ventail d'environnements de construction. Le syst\u00e8me de r\u00e9glage du pas de la lame permet aux op\u00e9rateurs de passer en douceur des op\u00e9rations de talochage aux op\u00e9rations de finition, garantissant ainsi des r\u00e9sultats de surface homog\u00e8nes.<\/p>\n<p data-start=\"1118\" data-end=\"1457\">Sa bo\u00eete de vitesses robuste, son anneau de s\u00e9curit\u00e9 renforc\u00e9 et ses bras araign\u00e9es durables contribuent \u00e0 la longue dur\u00e9e de vie de la machine, m\u00eame en cas d'utilisation exigeante. La poign\u00e9e ergonomique et repliable minimise la fatigue de l'op\u00e9rateur et facilite le transport, tandis que le moteur diesel garantit une excellente \u00e9conomie de carburant et de faibles besoins d'entretien.<\/p>\n<h3 data-start=\"1464\" data-end=\"1526\">Principales caract\u00e9ristiques de la truelle m\u00e9canique \u00e0 b\u00e9ton PTH-C60\/90 \u00e0 moteur diesel<\/h3>\n<ul data-start=\"1528\" data-end=\"1895\">\n<li data-start=\"1528\" data-end=\"1594\">\n<p data-start=\"1530\" data-end=\"1594\">Moteur diesel pour un couple \u00e9lev\u00e9 et une faible consommation de carburant<\/p>\n<\/li>\n<li data-start=\"1595\" data-end=\"1662\">\n<p data-start=\"1597\" data-end=\"1662\">Diam\u00e8tre de la truelle 60-90 cm adapt\u00e9 aux travaux de dalles petites \u00e0 moyennes<\/p>\n<\/li>\n<li data-start=\"1663\" data-end=\"1721\">\n<p data-start=\"1665\" data-end=\"1721\">Pas de lame r\u00e9glable pour une finition de surface polyvalente<\/p>\n<\/li>\n<li data-start=\"1722\" data-end=\"1774\">\n<p data-start=\"1724\" data-end=\"1774\">Bo\u00eete de vitesses et bras de lame durables pour une utilisation \u00e0 long terme<\/p>\n<\/li>\n<li data-start=\"1775\" data-end=\"1831\">\n<p data-start=\"1777\" data-end=\"1831\">Poign\u00e9e anti-vibration repliable pour le confort de l'op\u00e9rateur<\/p>\n<\/li>\n<li data-start=\"1832\" data-end=\"1895\">\n<p data-start=\"1834\" data-end=\"1895\">S\u00fbr et efficace pour les chantiers avec des restrictions d'essence<\/p>\n<\/li>\n<\/ul>\n<h3 data-start=\"1902\" data-end=\"1988\">Applications - Id\u00e9al pour les projets r\u00e9sidentiels, \u00e0 l'int\u00e9rieur, ou les sites r\u00e9glement\u00e9s en mati\u00e8re de combustibles<\/h3>\n<p data-start=\"1990\" data-end=\"2273\">Le PTH-C60\/90 donne d'excellents r\u00e9sultats dans les lotissements r\u00e9sidentiels, sur les sols en b\u00e9ton int\u00e9rieurs et dans les endroits o\u00f9 l'on ne peut utiliser que du carburant diesel. Sa taille compacte et sa puissance en font l'outil id\u00e9al pour les dalles de garage, les dalles de porche, les couloirs et les sols d'atelier.<\/p>\n<p data-start=\"2275\" data-end=\"2430\">Les entrepreneurs appr\u00e9cient son faible co\u00fbt en carburant, sa stabilit\u00e9 sous charge et sa capacit\u00e9 \u00e0 r\u00e9aliser des finitions professionnelles sur une grande vari\u00e9t\u00e9 de surfaces en b\u00e9ton.<\/p>\n<p><iframe title=\"truelle m\u00e9canique, truelle m\u00e9canique \u00e0 pousser \u00e0 la main, truelle, b\u00e9ton #ruelle #ruelle m\u00e9canique#concrete\" width=\"720\" height=\"405\" src=\"https:\/\/www.youtube.com\/embed\/pa6AuNhMrwI?feature=oembed\" frameborder=\"0\" allow=\"accelerometer; autoplay; clipboard-write; encrypted-media; gyroscope; picture-in-picture; web-share\" referrerpolicy=\"strict-origin-when-cross-origin\" allowfullscreen><\/iframe><\/p>","protected":false},"excerpt":{"rendered":"<p>La truelle m\u00e9canique \u00e0 conducteur marchant PTH-C60\/90 diesel offre une finition de surface fiable et \u00e9conome en carburant, id\u00e9ale pour les dalles de petite \u00e0 moyenne taille et les chantiers o\u00f9 la consommation de carburant est limit\u00e9e.<\/p>","protected":false},"featured_media":9191,"template":"","meta":{"_kad_post_transparent":"default","_kad_post_title":"","_kad_post_layout":"default","_kad_post_sidebar_id":"","_kad_post_content_style":"default","_kad_post_vertical_padding":"default","_kad_post_feature":"","_kad_post_feature_position":"","_kad_post_header":false,"_kad_post_footer":false},"product_brand":[],"product_cat":[55],"product_tag":[1084,1083,1087,1081,1086,1085,1089,1088,1090,1082],"class_list":{"0":"post-9190","1":"product","2":"type-product","3":"status-publish","4":"has-post-thumbnail","6":"product_cat-walk-behind-power-trowel","7":"product_tag-cement-power-trowel","8":"product_tag-concrete-finishing-trowel","9":"product_tag-concrete-floor-finishing-machine","10":"product_tag-concrete-power-trowel","11":"product_tag-electric-walk-behind-trowel","12":"product_tag-gasoline-power-trowel","13":"product_tag-hand-operated-power-trowel","14":"product_tag-manual-power-trowel","15":"product_tag-walk-behind-concrete-finishing-machine","16":"product_tag-walk-behind-trowel-machine","18":"first","19":"instock","20":"shipping-taxable","21":"product-type-simple","22":"entry","23":"content-bg","24":"loop-entry"},"yoast_head":"<!-- This site is optimized with the Yoast SEO plugin v25.3.1 - https:\/\/yoast.com\/wordpress\/plugins\/seo\/ -->\n<title>Walk-Behind Power Trowel PTH-C60\/90 - HSY Construction Machinery<\/title>\n<meta name=\"description\" content=\"Walk-Behind Power Trowel PTH-C60\/90 delivers efficient, precise slab finishing for fuel-restricted and indoor job sites. Compact, durable, and fuel-saving.\" \/>\n<meta name=\"robots\" content=\"index, follow, max-snippet:-1, max-image-preview:large, max-video-preview:-1\" \/>\n<link rel=\"canonical\" href=\"https:\/\/www.hsymachinery.com\/fr\/product\/talocheuse-lisseuse-pth-c60-90\/\" \/>\n<meta property=\"og:locale\" content=\"fr_FR\" \/>\n<meta property=\"og:type\" content=\"article\" \/>\n<meta property=\"og:title\" content=\"Walk-Behind Power Trowel PTH-C60\/90 - HSY Construction Machinery\" \/>\n<meta property=\"og:description\" content=\"Walk-Behind Power Trowel PTH-C60\/90 delivers efficient, precise slab finishing for fuel-restricted and indoor job sites. Compact, durable, and fuel-saving.\" \/>\n<meta property=\"og:url\" content=\"https:\/\/www.hsymachinery.com\/fr\/product\/talocheuse-lisseuse-pth-c60-90\/\" \/>\n<meta property=\"og:site_name\" content=\"HSY Construction Machinery\" \/>\n<meta property=\"article:modified_time\" content=\"2025-06-28T14:36:18+00:00\" \/>\n<meta property=\"og:image\" content=\"https:\/\/www.hsymachinery.com\/wp-content\/uploads\/2025\/06\/Walk-Behind-Power-Trowel-PTH-C60.jpg\" \/>\n\t<meta property=\"og:image:width\" content=\"600\" \/>\n\t<meta property=\"og:image:height\" content=\"738\" \/>\n\t<meta property=\"og:image:type\" content=\"image\/jpeg\" \/>\n<meta name=\"twitter:card\" content=\"summary_large_image\" \/>\n<meta name=\"twitter:label1\" content=\"Dur\u00e9e de lecture estim\u00e9e\" \/>\n\t<meta name=\"twitter:data1\" content=\"2 minutes\" \/>\n<script type=\"application\/ld+json\" class=\"yoast-schema-graph\">{\"@context\":\"https:\/\/schema.org\",\"@graph\":[{\"@type\":\"WebPage\",\"@id\":\"https:\/\/www.hsymachinery.com\/product\/walk-behind-power-trowel-pth-c60-90\/\",\"url\":\"https:\/\/www.hsymachinery.com\/product\/walk-behind-power-trowel-pth-c60-90\/\",\"name\":\"Walk-Behind Power Trowel PTH-C60\/90 - HSY Construction Machinery\",\"isPartOf\":{\"@id\":\"https:\/\/www.hsymachinery.com\/#website\"},\"primaryImageOfPage\":{\"@id\":\"https:\/\/www.hsymachinery.com\/product\/walk-behind-power-trowel-pth-c60-90\/#primaryimage\"},\"image\":{\"@id\":\"https:\/\/www.hsymachinery.com\/product\/walk-behind-power-trowel-pth-c60-90\/#primaryimage\"},\"thumbnailUrl\":\"https:\/\/www.hsymachinery.com\/wp-content\/uploads\/2025\/06\/Walk-Behind-Power-Trowel-PTH-C60.jpg\",\"datePublished\":\"2025-06-18T12:21:17+00:00\",\"dateModified\":\"2025-06-28T14:36:18+00:00\",\"description\":\"Walk-Behind Power Trowel PTH-C60\/90 delivers efficient, precise slab finishing for fuel-restricted and indoor job sites. Compact, durable, and fuel-saving.\",\"breadcrumb\":{\"@id\":\"https:\/\/www.hsymachinery.com\/product\/walk-behind-power-trowel-pth-c60-90\/#breadcrumb\"},\"inLanguage\":\"fr-FR\",\"potentialAction\":[{\"@type\":\"ReadAction\",\"target\":[\"https:\/\/www.hsymachinery.com\/product\/walk-behind-power-trowel-pth-c60-90\/\"]}]},{\"@type\":\"ImageObject\",\"inLanguage\":\"fr-FR\",\"@id\":\"https:\/\/www.hsymachinery.com\/product\/walk-behind-power-trowel-pth-c60-90\/#primaryimage\",\"url\":\"https:\/\/www.hsymachinery.com\/wp-content\/uploads\/2025\/06\/Walk-Behind-Power-Trowel-PTH-C60.jpg\",\"contentUrl\":\"https:\/\/www.hsymachinery.com\/wp-content\/uploads\/2025\/06\/Walk-Behind-Power-Trowel-PTH-C60.jpg\",\"width\":600,\"height\":738},{\"@type\":\"BreadcrumbList\",\"@id\":\"https:\/\/www.hsymachinery.com\/product\/walk-behind-power-trowel-pth-c60-90\/#breadcrumb\",\"itemListElement\":[{\"@type\":\"ListItem\",\"position\":1,\"name\":\"home\",\"item\":\"https:\/\/www.hsymachinery.com\/\"},{\"@type\":\"ListItem\",\"position\":2,\"name\":\"products\",\"item\":\"https:\/\/www.hsymachinery.com\/products\/\"},{\"@type\":\"ListItem\",\"position\":3,\"name\":\"Walk-Behind Power Trowel PTH-C60\/90\"}]},{\"@type\":\"WebSite\",\"@id\":\"https:\/\/www.hsymachinery.com\/#website\",\"url\":\"https:\/\/www.hsymachinery.com\/\",\"name\":\"HSY Construction Machinery\",\"description\":\"HSY Machinery \u2013 A leading China construction machinery supplier, offering a wide range of light construction equipment. Our main products include Rebar Cutting Machine, Rebar Bending Machine, Rebar Stirrup Bending Machine, Rebar Arc Bending Machine, Rebar Straightening Machine, Five-Head Rebar Stirrup Bending Machine, Tamping Rammer, Plate Compactor, Concrete Cutter, Power Trowel, and other construction machinery. We are equipped with advanced CNC machines, and we enforce strict quality inspection standards along with comprehensive after-sales service. If you are interested in our products or services, we warmly welcome your inquiries via message.\",\"publisher\":{\"@id\":\"https:\/\/www.hsymachinery.com\/#organization\"},\"potentialAction\":[{\"@type\":\"SearchAction\",\"target\":{\"@type\":\"EntryPoint\",\"urlTemplate\":\"https:\/\/www.hsymachinery.com\/?s={search_term_string}\"},\"query-input\":{\"@type\":\"PropertyValueSpecification\",\"valueRequired\":true,\"valueName\":\"search_term_string\"}}],\"inLanguage\":\"fr-FR\"},{\"@type\":\"Organization\",\"@id\":\"https:\/\/www.hsymachinery.com\/#organization\",\"name\":\"HSY Construction Machinery\",\"url\":\"https:\/\/www.hsymachinery.com\/\",\"logo\":{\"@type\":\"ImageObject\",\"inLanguage\":\"fr-FR\",\"@id\":\"https:\/\/www.hsymachinery.com\/#\/schema\/logo\/image\/\",\"url\":\"https:\/\/www.hsymachinery.com\/wp-content\/uploads\/2025\/06\/cropped-HSY-machinery.png\",\"contentUrl\":\"https:\/\/www.hsymachinery.com\/wp-content\/uploads\/2025\/06\/cropped-HSY-machinery.png\",\"width\":600,\"height\":240,\"caption\":\"HSY Construction Machinery\"},\"image\":{\"@id\":\"https:\/\/www.hsymachinery.com\/#\/schema\/logo\/image\/\"}}]}<\/script>\n<!-- \/ Yoast SEO plugin. -->","yoast_head_json":{"title":"Truelle m\u00e9canique \u00e0 conducteur marchant PTH-C60\/90 - HSY Construction Machinery","description":"La truelle m\u00e9canique \u00e0 conducteur marchant PTH-C60\/90 assure une finition efficace et pr\u00e9cise des dalles sur les chantiers int\u00e9rieurs et \u00e0 faible consommation de carburant. Compacte, durable et \u00e9conome en carburant.","robots":{"index":"index","follow":"follow","max-snippet":"max-snippet:-1","max-image-preview":"max-image-preview:large","max-video-preview":"max-video-preview:-1"},"canonical":"https:\/\/www.hsymachinery.com\/fr\/product\/talocheuse-lisseuse-pth-c60-90\/","og_locale":"fr_FR","og_type":"article","og_title":"Walk-Behind Power Trowel PTH-C60\/90 - HSY Construction Machinery","og_description":"Walk-Behind Power Trowel PTH-C60\/90 delivers efficient, precise slab finishing for fuel-restricted and indoor job sites. Compact, durable, and fuel-saving.","og_url":"https:\/\/www.hsymachinery.com\/fr\/product\/talocheuse-lisseuse-pth-c60-90\/","og_site_name":"HSY Construction Machinery","article_modified_time":"2025-06-28T14:36:18+00:00","og_image":[{"width":600,"height":738,"url":"https:\/\/www.hsymachinery.com\/wp-content\/uploads\/2025\/06\/Walk-Behind-Power-Trowel-PTH-C60.jpg","type":"image\/jpeg"}],"twitter_card":"summary_large_image","twitter_misc":{"Dur\u00e9e de lecture estim\u00e9e":"2 minutes"},"schema":{"@context":"https:\/\/schema.org","@graph":[{"@type":"WebPage","@id":"https:\/\/www.hsymachinery.com\/product\/walk-behind-power-trowel-pth-c60-90\/","url":"https:\/\/www.hsymachinery.com\/product\/walk-behind-power-trowel-pth-c60-90\/","name":"Truelle m\u00e9canique \u00e0 conducteur marchant PTH-C60\/90 - HSY Construction Machinery","isPartOf":{"@id":"https:\/\/www.hsymachinery.com\/#website"},"primaryImageOfPage":{"@id":"https:\/\/www.hsymachinery.com\/product\/walk-behind-power-trowel-pth-c60-90\/#primaryimage"},"image":{"@id":"https:\/\/www.hsymachinery.com\/product\/walk-behind-power-trowel-pth-c60-90\/#primaryimage"},"thumbnailUrl":"https:\/\/www.hsymachinery.com\/wp-content\/uploads\/2025\/06\/Walk-Behind-Power-Trowel-PTH-C60.jpg","datePublished":"2025-06-18T12:21:17+00:00","dateModified":"2025-06-28T14:36:18+00:00","description":"La truelle m\u00e9canique \u00e0 conducteur marchant PTH-C60\/90 assure une finition efficace et pr\u00e9cise des dalles sur les chantiers int\u00e9rieurs et \u00e0 faible consommation de carburant. Compacte, durable et \u00e9conome en carburant.","breadcrumb":{"@id":"https:\/\/www.hsymachinery.com\/product\/walk-behind-power-trowel-pth-c60-90\/#breadcrumb"},"inLanguage":"fr-FR","potentialAction":[{"@type":"ReadAction","target":["https:\/\/www.hsymachinery.com\/product\/walk-behind-power-trowel-pth-c60-90\/"]}]},{"@type":"ImageObject","inLanguage":"fr-FR","@id":"https:\/\/www.hsymachinery.com\/product\/walk-behind-power-trowel-pth-c60-90\/#primaryimage","url":"https:\/\/www.hsymachinery.com\/wp-content\/uploads\/2025\/06\/Walk-Behind-Power-Trowel-PTH-C60.jpg","contentUrl":"https:\/\/www.hsymachinery.com\/wp-content\/uploads\/2025\/06\/Walk-Behind-Power-Trowel-PTH-C60.jpg","width":600,"height":738},{"@type":"BreadcrumbList","@id":"https:\/\/www.hsymachinery.com\/product\/walk-behind-power-trowel-pth-c60-90\/#breadcrumb","itemListElement":[{"@type":"ListItem","position":1,"name":"home","item":"https:\/\/www.hsymachinery.com\/"},{"@type":"ListItem","position":2,"name":"products","item":"https:\/\/www.hsymachinery.com\/products\/"},{"@type":"ListItem","position":3,"name":"Walk-Behind Power Trowel PTH-C60\/90"}]},{"@type":"WebSite","@id":"https:\/\/www.hsymachinery.com\/#website","url":"https:\/\/www.hsymachinery.com\/","name":"Machines de construction HSY","description":"HSY Machinery - Un fournisseur leader de machines de construction en Chine, offrant une large gamme d'\u00e9quipements de construction l\u00e9gers. Nos produits principaux incluent la machine \u00e0 couper les barres, la machine \u00e0 plier les barres, la machine \u00e0 plier les \u00e9triers, la machine \u00e0 plier les barres en arc, la machine \u00e0 redresser les barres, la machine \u00e0 plier les \u00e9triers \u00e0 cinq t\u00eates, le pilon de bourrage, le compacteur \u00e0 plaque, le coupe-b\u00e9ton, la truelle m\u00e9canique et d'autres machines de construction. Nous sommes \u00e9quip\u00e9s de machines CNC de pointe et nous appliquons des normes strictes d'inspection de la qualit\u00e9 ainsi qu'un service apr\u00e8s-vente complet. Si vous \u00eates int\u00e9ress\u00e9 par nos produits ou services, nous vous invitons \u00e0 nous envoyer vos demandes de renseignements par message.","publisher":{"@id":"https:\/\/www.hsymachinery.com\/#organization"},"potentialAction":[{"@type":"SearchAction","target":{"@type":"EntryPoint","urlTemplate":"https:\/\/www.hsymachinery.com\/?s={search_term_string}"},"query-input":{"@type":"PropertyValueSpecification","valueRequired":true,"valueName":"search_term_string"}}],"inLanguage":"fr-FR"},{"@type":"Organization","@id":"https:\/\/www.hsymachinery.com\/#organization","name":"Machines de construction HSY","url":"https:\/\/www.hsymachinery.com\/","logo":{"@type":"ImageObject","inLanguage":"fr-FR","@id":"https:\/\/www.hsymachinery.com\/#\/schema\/logo\/image\/","url":"https:\/\/www.hsymachinery.com\/wp-content\/uploads\/2025\/06\/cropped-HSY-machinery.png","contentUrl":"https:\/\/www.hsymachinery.com\/wp-content\/uploads\/2025\/06\/cropped-HSY-machinery.png","width":600,"height":240,"caption":"HSY Construction Machinery"},"image":{"@id":"https:\/\/www.hsymachinery.com\/#\/schema\/logo\/image\/"}}]}},"_links":{"self":[{"href":"https:\/\/www.hsymachinery.com\/fr\/wp-json\/wp\/v2\/product\/9190","targetHints":{"allow":["GET"]}}],"collection":[{"href":"https:\/\/www.hsymachinery.com\/fr\/wp-json\/wp\/v2\/product"}],"about":[{"href":"https:\/\/www.hsymachinery.com\/fr\/wp-json\/wp\/v2\/types\/product"}],"version-history":[{"count":4,"href":"https:\/\/www.hsymachinery.com\/fr\/wp-json\/wp\/v2\/product\/9190\/revisions"}],"predecessor-version":[{"id":9592,"href":"https:\/\/www.hsymachinery.com\/fr\/wp-json\/wp\/v2\/product\/9190\/revisions\/9592"}],"wp:featuredmedia":[{"embeddable":true,"href":"https:\/\/www.hsymachinery.com\/fr\/wp-json\/wp\/v2\/media\/9191"}],"wp:attachment":[{"href":"https:\/\/www.hsymachinery.com\/fr\/wp-json\/wp\/v2\/media?parent=9190"}],"wp:term":[{"taxonomy":"product_brand","embeddable":true,"href":"https:\/\/www.hsymachinery.com\/fr\/wp-json\/wp\/v2\/product_brand?post=9190"},{"taxonomy":"product_cat","embeddable":true,"href":"https:\/\/www.hsymachinery.com\/fr\/wp-json\/wp\/v2\/product_cat?post=9190"},{"taxonomy":"product_tag","embeddable":true,"href":"https:\/\/www.hsymachinery.com\/fr\/wp-json\/wp\/v2\/product_tag?post=9190"}],"curies":[{"name":"wp","href":"https:\/\/api.w.org\/{rel}","templated":true}]}}