{"id":9184,"date":"2025-06-18T18:33:35","date_gmt":"2025-06-18T10:33:35","guid":{"rendered":"https:\/\/www.hsymachinery.com\/?post_type=product&#038;p=9184"},"modified":"2025-06-28T22:25:50","modified_gmt":"2025-06-28T14:25:50","slug":"talocheuse-mecanique-derriere-soi-pth-h100","status":"publish","type":"product","link":"https:\/\/www.hsymachinery.com\/fr\/product\/talocheuse-mecanique-derriere-soi-pth-h100\/","title":{"rendered":"Truelle m\u00e9canique \u00e0 conducteur marchant PTH-H100"},"content":{"rendered":"<h2 data-start=\"123\" data-end=\"164\">Truelle m\u00e9canique \u00e0 conducteur marchant PTH-H100<\/h2>\n<h3 data-start=\"165\" data-end=\"272\">Truelle \u00e0 b\u00e9ton PTH-H100 \u00e0 moteur Honda | Finisseur \u00e0 grand diam\u00e8tre pour le lissage du b\u00e9ton de qualit\u00e9 industrielle<\/h3>\n<h3 data-start=\"279\" data-end=\"375\">Description du produit - Truelle \u00e0 usage intensif avec fiabilit\u00e9 Honda et couverture extra-large<a href=\"https:\/\/www.hsymachinery.com\/fr\/produits\/truelle-mecanique-a-conducteur-marchant\/\" target=\"_blank\" rel=\"noopener\"><img fetchpriority=\"high\" decoding=\"async\" class=\"wp-image-9185 alignright\" src=\"https:\/\/www.hsymachinery.com\/wp-content\/uploads\/2025\/06\/Walk-Behind-Power-Trowel-PTH-H100-244x300.jpg\" alt=\"\" width=\"452\" height=\"556\" srcset=\"https:\/\/www.hsymachinery.com\/wp-content\/uploads\/2025\/06\/Walk-Behind-Power-Trowel-PTH-H100-244x300.jpg 244w, https:\/\/www.hsymachinery.com\/wp-content\/uploads\/2025\/06\/Walk-Behind-Power-Trowel-PTH-H100.jpg 600w\" sizes=\"(max-width: 452px) 100vw, 452px\" \/><\/a><\/h3>\n<p data-start=\"377\" data-end=\"749\">Les <strong data-start=\"381\" data-end=\"418\">Truelle m\u00e9canique \u00e0 conducteur marchant PTH-H100<\/strong> est con\u00e7ue pour les travaux de finition du b\u00e9ton sur de grandes surfaces o\u00f9 la puissance, l'endurance et la pr\u00e9cision sont essentielles. Entra\u00een\u00e9 par un robuste moteur \u00e0 essence Honda, ce mod\u00e8le offre un couple exceptionnel, un d\u00e9marrage rapide et des performances durables, m\u00eame en cas d'utilisation prolong\u00e9e sur des chantiers difficiles.<\/p>\n<p data-start=\"751\" data-end=\"1126\">Avec un diam\u00e8tre de truelle de 100 cm, la PTH-H100 couvre efficacement de grandes surfaces, ce qui permet aux entrepreneurs de gagner du temps sans compromettre la douceur et l'uniformit\u00e9 de la surface finale. Le syst\u00e8me de contr\u00f4le de l'inclinaison de la lame permet aux op\u00e9rateurs d'ajuster facilement l'angle pour un nivellement grossier ou un polissage fin, garantissant une finition professionnelle quel que soit le m\u00e9lange ou les conditions.<\/p>\n<p data-start=\"1128\" data-end=\"1495\">De plus, la bo\u00eete de vitesses renforc\u00e9e, les bras de lames durables et le rotor \u00e9quilibr\u00e9 avec pr\u00e9cision garantissent que cette machine r\u00e9siste \u00e0 une utilisation quotidienne dans les entrep\u00f4ts, les parkings, les zones logistiques et les dalles commerciales. La poign\u00e9e ergonomique est \u00e9quip\u00e9e de poign\u00e9es anti-vibration et est enti\u00e8rement pliable, ce qui facilite et acc\u00e9l\u00e8re le transport et l'installation sur site.<\/p>\n<p data-start=\"1497\" data-end=\"1659\">Son moteur \u00e9conome en carburant contribue \u00e0 r\u00e9duire les co\u00fbts d'exploitation, tandis que l'anneau de s\u00e9curit\u00e9 ajoute une couche suppl\u00e9mentaire de protection pour l'op\u00e9rateur et les surfaces environnantes.<\/p>\n<h3 data-start=\"1666\" data-end=\"1719\">Principales caract\u00e9ristiques de la truelle m\u00e9canique pour b\u00e9ton PTH-H100<\/h3>\n<ul data-start=\"1721\" data-end=\"2107\">\n<li data-start=\"1721\" data-end=\"1786\">\n<p data-start=\"1723\" data-end=\"1786\">Moteur \u00e0 essence Honda puissant et durable pour une utilisation intensive<\/p>\n<\/li>\n<li data-start=\"1787\" data-end=\"1852\">\n<p data-start=\"1789\" data-end=\"1852\">Large diam\u00e8tre de truelle de 100 cm pour une meilleure couverture de la surface<\/p>\n<\/li>\n<li data-start=\"1853\" data-end=\"1909\">\n<p data-start=\"1855\" data-end=\"1909\">Pas de lame r\u00e9glable pour une finition lisse ou grossi\u00e8re<\/p>\n<\/li>\n<li data-start=\"1910\" data-end=\"1977\">\n<p data-start=\"1912\" data-end=\"1977\">Bo\u00eete de vitesses et bras de transmission renforc\u00e9s pour plus de long\u00e9vit\u00e9 et de durabilit\u00e9<\/p>\n<\/li>\n<li data-start=\"1978\" data-end=\"2039\">\n<p data-start=\"1980\" data-end=\"2039\">Poign\u00e9e ergonomique et pliable avec poign\u00e9es anti-vibrations<\/p>\n<\/li>\n<li data-start=\"2040\" data-end=\"2107\">\n<p data-start=\"2042\" data-end=\"2107\">Id\u00e9al pour les entrepreneurs professionnels r\u00e9alisant de grands projets de dalles<\/p>\n<\/li>\n<\/ul>\n<h3 data-start=\"2114\" data-end=\"2197\">Applications - Id\u00e9al pour les entrep\u00f4ts, les garages, les parkings et les sites industriels<\/h3>\n<p data-start=\"2199\" data-end=\"2470\">La PTH-H100 est id\u00e9ale pour les grandes dalles de b\u00e9ton dans les usines, les centres de distribution, les garages commerciaux et les sols d'a\u00e9roports. Gr\u00e2ce \u00e0 son large rayon d'action et \u00e0 son ch\u00e2ssis robuste, il permet de travailler sur de longues p\u00e9riodes de travail et sur des surfaces \u00e9tendues, tout en r\u00e9duisant la fatigue de l'op\u00e9rateur.<\/p>\n<p data-start=\"2472\" data-end=\"2651\">Les professionnels choisissent ce mod\u00e8le lorsqu'ils ont besoin d'une finisseuse de b\u00e9ton fiable, \u00e9conome en carburant et \u00e0 haut rendement qui garantit des surfaces planes et de haute densit\u00e9 avec un minimum d'effort.<\/p>\n<p><iframe title=\"truelle m\u00e9canique, truelle m\u00e9canique \u00e0 pousser \u00e0 la main, truelle, b\u00e9ton #ruelle #ruelle m\u00e9canique#concrete\" width=\"720\" height=\"405\" src=\"https:\/\/www.youtube.com\/embed\/pa6AuNhMrwI?feature=oembed\" frameborder=\"0\" allow=\"accelerometer; autoplay; clipboard-write; encrypted-media; gyroscope; picture-in-picture; web-share\" referrerpolicy=\"strict-origin-when-cross-origin\" allowfullscreen><\/iframe><\/p>","protected":false},"excerpt":{"rendered":"<p>La truelle \u00e0 b\u00e9ton \u00e0 conducteur marchant PTH-H100, \u00e9quip\u00e9e d'un moteur Honda, offre une finition de surface puissante et \u00e9tendue pour les grandes dalles, garantissant des surfaces de b\u00e9ton lisses et durables.<\/p>","protected":false},"featured_media":9185,"template":"","meta":{"_kad_post_transparent":"default","_kad_post_title":"","_kad_post_layout":"default","_kad_post_sidebar_id":"","_kad_post_content_style":"default","_kad_post_vertical_padding":"default","_kad_post_feature":"","_kad_post_feature_position":"","_kad_post_header":false,"_kad_post_footer":false},"product_brand":[],"product_cat":[55],"product_tag":[1084,1083,1087,1081,1086,1085,1089,1088,1090,1082],"class_list":{"0":"post-9184","1":"product","2":"type-product","3":"status-publish","4":"has-post-thumbnail","6":"product_cat-walk-behind-power-trowel","7":"product_tag-cement-power-trowel","8":"product_tag-concrete-finishing-trowel","9":"product_tag-concrete-floor-finishing-machine","10":"product_tag-concrete-power-trowel","11":"product_tag-electric-walk-behind-trowel","12":"product_tag-gasoline-power-trowel","13":"product_tag-hand-operated-power-trowel","14":"product_tag-manual-power-trowel","15":"product_tag-walk-behind-concrete-finishing-machine","16":"product_tag-walk-behind-trowel-machine","18":"first","19":"instock","20":"featured","21":"shipping-taxable","22":"product-type-simple","23":"entry","24":"content-bg","25":"loop-entry"},"yoast_head":"<!-- This site is optimized with the Yoast SEO plugin v25.3.1 - https:\/\/yoast.com\/wordpress\/plugins\/seo\/ -->\n<title>Walk-Behind Power Trowel PTH-H100 - HSY Construction Machinery<\/title>\n<meta name=\"description\" content=\"Walk-Behind Power Trowel PTH-H100 with Honda engine delivers smooth, wide-area concrete finishing for industrial slabs and garage floors. Reliable, durable, and efficient.\" \/>\n<meta name=\"robots\" content=\"index, follow, max-snippet:-1, max-image-preview:large, max-video-preview:-1\" \/>\n<link rel=\"canonical\" href=\"https:\/\/www.hsymachinery.com\/fr\/product\/talocheuse-mecanique-derriere-soi-pth-h100\/\" \/>\n<meta property=\"og:locale\" content=\"fr_FR\" \/>\n<meta property=\"og:type\" content=\"article\" \/>\n<meta property=\"og:title\" content=\"Walk-Behind Power Trowel PTH-H100 - HSY Construction Machinery\" \/>\n<meta property=\"og:description\" content=\"Walk-Behind Power Trowel PTH-H100 with Honda engine delivers smooth, wide-area concrete finishing for industrial slabs and garage floors. Reliable, durable, and efficient.\" \/>\n<meta property=\"og:url\" content=\"https:\/\/www.hsymachinery.com\/fr\/product\/talocheuse-mecanique-derriere-soi-pth-h100\/\" \/>\n<meta property=\"og:site_name\" content=\"HSY Construction Machinery\" \/>\n<meta property=\"article:modified_time\" content=\"2025-06-28T14:25:50+00:00\" \/>\n<meta property=\"og:image\" content=\"https:\/\/www.hsymachinery.com\/wp-content\/uploads\/2025\/06\/Walk-Behind-Power-Trowel-PTH-H100.jpg\" \/>\n\t<meta property=\"og:image:width\" content=\"600\" \/>\n\t<meta property=\"og:image:height\" content=\"738\" \/>\n\t<meta property=\"og:image:type\" content=\"image\/jpeg\" \/>\n<meta name=\"twitter:card\" content=\"summary_large_image\" \/>\n<meta name=\"twitter:label1\" content=\"Dur\u00e9e de lecture estim\u00e9e\" \/>\n\t<meta name=\"twitter:data1\" content=\"2 minutes\" \/>\n<script type=\"application\/ld+json\" class=\"yoast-schema-graph\">{\"@context\":\"https:\/\/schema.org\",\"@graph\":[{\"@type\":\"WebPage\",\"@id\":\"https:\/\/www.hsymachinery.com\/product\/walk-behind-power-trowel-pth-h100\/\",\"url\":\"https:\/\/www.hsymachinery.com\/product\/walk-behind-power-trowel-pth-h100\/\",\"name\":\"Walk-Behind Power Trowel PTH-H100 - HSY Construction Machinery\",\"isPartOf\":{\"@id\":\"https:\/\/www.hsymachinery.com\/#website\"},\"primaryImageOfPage\":{\"@id\":\"https:\/\/www.hsymachinery.com\/product\/walk-behind-power-trowel-pth-h100\/#primaryimage\"},\"image\":{\"@id\":\"https:\/\/www.hsymachinery.com\/product\/walk-behind-power-trowel-pth-h100\/#primaryimage\"},\"thumbnailUrl\":\"https:\/\/www.hsymachinery.com\/wp-content\/uploads\/2025\/06\/Walk-Behind-Power-Trowel-PTH-H100.jpg\",\"datePublished\":\"2025-06-18T10:33:35+00:00\",\"dateModified\":\"2025-06-28T14:25:50+00:00\",\"description\":\"Walk-Behind Power Trowel PTH-H100 with Honda engine delivers smooth, wide-area concrete finishing for industrial slabs and garage floors. Reliable, durable, and efficient.\",\"breadcrumb\":{\"@id\":\"https:\/\/www.hsymachinery.com\/product\/walk-behind-power-trowel-pth-h100\/#breadcrumb\"},\"inLanguage\":\"fr-FR\",\"potentialAction\":[{\"@type\":\"ReadAction\",\"target\":[\"https:\/\/www.hsymachinery.com\/product\/walk-behind-power-trowel-pth-h100\/\"]}]},{\"@type\":\"ImageObject\",\"inLanguage\":\"fr-FR\",\"@id\":\"https:\/\/www.hsymachinery.com\/product\/walk-behind-power-trowel-pth-h100\/#primaryimage\",\"url\":\"https:\/\/www.hsymachinery.com\/wp-content\/uploads\/2025\/06\/Walk-Behind-Power-Trowel-PTH-H100.jpg\",\"contentUrl\":\"https:\/\/www.hsymachinery.com\/wp-content\/uploads\/2025\/06\/Walk-Behind-Power-Trowel-PTH-H100.jpg\",\"width\":600,\"height\":738},{\"@type\":\"BreadcrumbList\",\"@id\":\"https:\/\/www.hsymachinery.com\/product\/walk-behind-power-trowel-pth-h100\/#breadcrumb\",\"itemListElement\":[{\"@type\":\"ListItem\",\"position\":1,\"name\":\"home\",\"item\":\"https:\/\/www.hsymachinery.com\/\"},{\"@type\":\"ListItem\",\"position\":2,\"name\":\"products\",\"item\":\"https:\/\/www.hsymachinery.com\/products\/\"},{\"@type\":\"ListItem\",\"position\":3,\"name\":\"Walk-Behind Power Trowel PTH-H100\"}]},{\"@type\":\"WebSite\",\"@id\":\"https:\/\/www.hsymachinery.com\/#website\",\"url\":\"https:\/\/www.hsymachinery.com\/\",\"name\":\"HSY Construction Machinery\",\"description\":\"HSY Machinery \u2013 A leading China construction machinery supplier, offering a wide range of light construction equipment. Our main products include Rebar Cutting Machine, Rebar Bending Machine, Rebar Stirrup Bending Machine, Rebar Arc Bending Machine, Rebar Straightening Machine, Five-Head Rebar Stirrup Bending Machine, Tamping Rammer, Plate Compactor, Concrete Cutter, Power Trowel, and other construction machinery. We are equipped with advanced CNC machines, and we enforce strict quality inspection standards along with comprehensive after-sales service. If you are interested in our products or services, we warmly welcome your inquiries via message.\",\"publisher\":{\"@id\":\"https:\/\/www.hsymachinery.com\/#organization\"},\"potentialAction\":[{\"@type\":\"SearchAction\",\"target\":{\"@type\":\"EntryPoint\",\"urlTemplate\":\"https:\/\/www.hsymachinery.com\/?s={search_term_string}\"},\"query-input\":{\"@type\":\"PropertyValueSpecification\",\"valueRequired\":true,\"valueName\":\"search_term_string\"}}],\"inLanguage\":\"fr-FR\"},{\"@type\":\"Organization\",\"@id\":\"https:\/\/www.hsymachinery.com\/#organization\",\"name\":\"HSY Construction Machinery\",\"url\":\"https:\/\/www.hsymachinery.com\/\",\"logo\":{\"@type\":\"ImageObject\",\"inLanguage\":\"fr-FR\",\"@id\":\"https:\/\/www.hsymachinery.com\/#\/schema\/logo\/image\/\",\"url\":\"https:\/\/www.hsymachinery.com\/wp-content\/uploads\/2025\/06\/cropped-HSY-machinery.png\",\"contentUrl\":\"https:\/\/www.hsymachinery.com\/wp-content\/uploads\/2025\/06\/cropped-HSY-machinery.png\",\"width\":600,\"height\":240,\"caption\":\"HSY Construction Machinery\"},\"image\":{\"@id\":\"https:\/\/www.hsymachinery.com\/#\/schema\/logo\/image\/\"}}]}<\/script>\n<!-- \/ Yoast SEO plugin. -->","yoast_head_json":{"title":"Truelle m\u00e9canique \u00e0 conducteur marchant PTH-H100 - HSY Construction Machinery","description":"La truelle m\u00e9canique \u00e0 conducteur marchant PTH-H100, \u00e9quip\u00e9e d'un moteur Honda, permet de r\u00e9aliser des finitions de b\u00e9ton en douceur et sur de grandes surfaces pour les dalles industrielles et les sols de garage. Fiable, durable et efficace.","robots":{"index":"index","follow":"follow","max-snippet":"max-snippet:-1","max-image-preview":"max-image-preview:large","max-video-preview":"max-video-preview:-1"},"canonical":"https:\/\/www.hsymachinery.com\/fr\/product\/talocheuse-mecanique-derriere-soi-pth-h100\/","og_locale":"fr_FR","og_type":"article","og_title":"Walk-Behind Power Trowel PTH-H100 - HSY Construction Machinery","og_description":"Walk-Behind Power Trowel PTH-H100 with Honda engine delivers smooth, wide-area concrete finishing for industrial slabs and garage floors. Reliable, durable, and efficient.","og_url":"https:\/\/www.hsymachinery.com\/fr\/product\/talocheuse-mecanique-derriere-soi-pth-h100\/","og_site_name":"HSY Construction Machinery","article_modified_time":"2025-06-28T14:25:50+00:00","og_image":[{"width":600,"height":738,"url":"https:\/\/www.hsymachinery.com\/wp-content\/uploads\/2025\/06\/Walk-Behind-Power-Trowel-PTH-H100.jpg","type":"image\/jpeg"}],"twitter_card":"summary_large_image","twitter_misc":{"Dur\u00e9e de lecture estim\u00e9e":"2 minutes"},"schema":{"@context":"https:\/\/schema.org","@graph":[{"@type":"WebPage","@id":"https:\/\/www.hsymachinery.com\/product\/walk-behind-power-trowel-pth-h100\/","url":"https:\/\/www.hsymachinery.com\/product\/walk-behind-power-trowel-pth-h100\/","name":"Truelle m\u00e9canique \u00e0 conducteur marchant PTH-H100 - HSY Construction Machinery","isPartOf":{"@id":"https:\/\/www.hsymachinery.com\/#website"},"primaryImageOfPage":{"@id":"https:\/\/www.hsymachinery.com\/product\/walk-behind-power-trowel-pth-h100\/#primaryimage"},"image":{"@id":"https:\/\/www.hsymachinery.com\/product\/walk-behind-power-trowel-pth-h100\/#primaryimage"},"thumbnailUrl":"https:\/\/www.hsymachinery.com\/wp-content\/uploads\/2025\/06\/Walk-Behind-Power-Trowel-PTH-H100.jpg","datePublished":"2025-06-18T10:33:35+00:00","dateModified":"2025-06-28T14:25:50+00:00","description":"La truelle m\u00e9canique \u00e0 conducteur marchant PTH-H100, \u00e9quip\u00e9e d'un moteur Honda, permet de r\u00e9aliser des finitions de b\u00e9ton en douceur et sur de grandes surfaces pour les dalles industrielles et les sols de garage. Fiable, durable et efficace.","breadcrumb":{"@id":"https:\/\/www.hsymachinery.com\/product\/walk-behind-power-trowel-pth-h100\/#breadcrumb"},"inLanguage":"fr-FR","potentialAction":[{"@type":"ReadAction","target":["https:\/\/www.hsymachinery.com\/product\/walk-behind-power-trowel-pth-h100\/"]}]},{"@type":"ImageObject","inLanguage":"fr-FR","@id":"https:\/\/www.hsymachinery.com\/product\/walk-behind-power-trowel-pth-h100\/#primaryimage","url":"https:\/\/www.hsymachinery.com\/wp-content\/uploads\/2025\/06\/Walk-Behind-Power-Trowel-PTH-H100.jpg","contentUrl":"https:\/\/www.hsymachinery.com\/wp-content\/uploads\/2025\/06\/Walk-Behind-Power-Trowel-PTH-H100.jpg","width":600,"height":738},{"@type":"BreadcrumbList","@id":"https:\/\/www.hsymachinery.com\/product\/walk-behind-power-trowel-pth-h100\/#breadcrumb","itemListElement":[{"@type":"ListItem","position":1,"name":"home","item":"https:\/\/www.hsymachinery.com\/"},{"@type":"ListItem","position":2,"name":"products","item":"https:\/\/www.hsymachinery.com\/products\/"},{"@type":"ListItem","position":3,"name":"Walk-Behind Power Trowel PTH-H100"}]},{"@type":"WebSite","@id":"https:\/\/www.hsymachinery.com\/#website","url":"https:\/\/www.hsymachinery.com\/","name":"Machines de construction HSY","description":"HSY Machinery - Un fournisseur leader de machines de construction en Chine, offrant une large gamme d'\u00e9quipements de construction l\u00e9gers. Nos produits principaux incluent la machine \u00e0 couper les barres, la machine \u00e0 plier les barres, la machine \u00e0 plier les \u00e9triers, la machine \u00e0 plier les barres en arc, la machine \u00e0 redresser les barres, la machine \u00e0 plier les \u00e9triers \u00e0 cinq t\u00eates, le pilon de bourrage, le compacteur \u00e0 plaque, le coupe-b\u00e9ton, la truelle m\u00e9canique et d'autres machines de construction. Nous sommes \u00e9quip\u00e9s de machines CNC de pointe et nous appliquons des normes strictes d'inspection de la qualit\u00e9 ainsi qu'un service apr\u00e8s-vente complet. Si vous \u00eates int\u00e9ress\u00e9 par nos produits ou services, nous vous invitons \u00e0 nous envoyer vos demandes de renseignements par message.","publisher":{"@id":"https:\/\/www.hsymachinery.com\/#organization"},"potentialAction":[{"@type":"SearchAction","target":{"@type":"EntryPoint","urlTemplate":"https:\/\/www.hsymachinery.com\/?s={search_term_string}"},"query-input":{"@type":"PropertyValueSpecification","valueRequired":true,"valueName":"search_term_string"}}],"inLanguage":"fr-FR"},{"@type":"Organization","@id":"https:\/\/www.hsymachinery.com\/#organization","name":"Machines de construction HSY","url":"https:\/\/www.hsymachinery.com\/","logo":{"@type":"ImageObject","inLanguage":"fr-FR","@id":"https:\/\/www.hsymachinery.com\/#\/schema\/logo\/image\/","url":"https:\/\/www.hsymachinery.com\/wp-content\/uploads\/2025\/06\/cropped-HSY-machinery.png","contentUrl":"https:\/\/www.hsymachinery.com\/wp-content\/uploads\/2025\/06\/cropped-HSY-machinery.png","width":600,"height":240,"caption":"HSY Construction Machinery"},"image":{"@id":"https:\/\/www.hsymachinery.com\/#\/schema\/logo\/image\/"}}]}},"_links":{"self":[{"href":"https:\/\/www.hsymachinery.com\/fr\/wp-json\/wp\/v2\/product\/9184","targetHints":{"allow":["GET"]}}],"collection":[{"href":"https:\/\/www.hsymachinery.com\/fr\/wp-json\/wp\/v2\/product"}],"about":[{"href":"https:\/\/www.hsymachinery.com\/fr\/wp-json\/wp\/v2\/types\/product"}],"version-history":[{"count":3,"href":"https:\/\/www.hsymachinery.com\/fr\/wp-json\/wp\/v2\/product\/9184\/revisions"}],"predecessor-version":[{"id":9587,"href":"https:\/\/www.hsymachinery.com\/fr\/wp-json\/wp\/v2\/product\/9184\/revisions\/9587"}],"wp:featuredmedia":[{"embeddable":true,"href":"https:\/\/www.hsymachinery.com\/fr\/wp-json\/wp\/v2\/media\/9185"}],"wp:attachment":[{"href":"https:\/\/www.hsymachinery.com\/fr\/wp-json\/wp\/v2\/media?parent=9184"}],"wp:term":[{"taxonomy":"product_brand","embeddable":true,"href":"https:\/\/www.hsymachinery.com\/fr\/wp-json\/wp\/v2\/product_brand?post=9184"},{"taxonomy":"product_cat","embeddable":true,"href":"https:\/\/www.hsymachinery.com\/fr\/wp-json\/wp\/v2\/product_cat?post=9184"},{"taxonomy":"product_tag","embeddable":true,"href":"https:\/\/www.hsymachinery.com\/fr\/wp-json\/wp\/v2\/product_tag?post=9184"}],"curies":[{"name":"wp","href":"https:\/\/api.w.org\/{rel}","templated":true}]}}