{"id":9178,"date":"2025-06-18T18:31:27","date_gmt":"2025-06-18T10:31:27","guid":{"rendered":"https:\/\/www.hsymachinery.com\/?post_type=product&#038;p=9178"},"modified":"2025-06-28T22:14:22","modified_gmt":"2025-06-28T14:14:22","slug":"talocheuse-lisseuse-a-conducteur-marchant-pth-h60-70","status":"publish","type":"product","link":"https:\/\/www.hsymachinery.com\/fr\/product\/talocheuse-lisseuse-a-conducteur-marchant-pth-h60-70\/","title":{"rendered":"Truelle m\u00e9canique \u00e0 conducteur marchant PTH-H60\/70"},"content":{"rendered":"<h2 data-start=\"124\" data-end=\"167\">Truelle m\u00e9canique \u00e0 conducteur marchant PTH-H60\/70<\/h2>\n<h3 data-start=\"168\" data-end=\"271\">Truelle \u00e0 b\u00e9ton PTH-H60\/70 \u00e0 moteur Honda | Outil de finition \u00e9lectrique compact pour les espaces restreints<\/h3>\n<h3 data-start=\"278\" data-end=\"369\">Description du produit - Finition fiable du b\u00e9ton \u00e0 petite \u00e9chelle avec la performance Honda<a href=\"https:\/\/www.hsymachinery.com\/fr\/produits\/truelle-mecanique-a-conducteur-marchant\/\" target=\"_blank\" rel=\"noopener\"><img fetchpriority=\"high\" decoding=\"async\" class=\"wp-image-9179 alignright\" src=\"https:\/\/www.hsymachinery.com\/wp-content\/uploads\/2025\/06\/Walk-Behind-Power-Trowel-PTH-H60-244x300.jpg\" alt=\"\" width=\"452\" height=\"556\" srcset=\"https:\/\/www.hsymachinery.com\/wp-content\/uploads\/2025\/06\/Walk-Behind-Power-Trowel-PTH-H60-244x300.jpg 244w, https:\/\/www.hsymachinery.com\/wp-content\/uploads\/2025\/06\/Walk-Behind-Power-Trowel-PTH-H60.jpg 600w\" sizes=\"(max-width: 452px) 100vw, 452px\" \/><\/a><\/h3>\n<p data-start=\"371\" data-end=\"761\">Les <strong data-start=\"375\" data-end=\"414\">Truelle m\u00e9canique \u00e0 conducteur marchant PTH-H60\/70<\/strong> est une machine de finition du b\u00e9ton compacte et agile, \u00e9quip\u00e9e d'un moteur \u00e0 essence Honda de haute qualit\u00e9. Con\u00e7ue pour les espaces confin\u00e9s et les projets r\u00e9sidentiels, elle associe une puissance moteur fiable \u00e0 une grande maniabilit\u00e9, ce qui la rend id\u00e9ale pour les trottoirs, les dalles de porche, les sols int\u00e9rieurs et autres zones d'acc\u00e8s limit\u00e9.<\/p>\n<p data-start=\"763\" data-end=\"1093\">Malgr\u00e9 sa petite taille, la PTH-H60\/70 assure un lissage r\u00e9gulier des surfaces gr\u00e2ce \u00e0 la pr\u00e9cision du contr\u00f4le du pas de la lame, \u00e0 la stabilit\u00e9 de l'anneau de garde et au renforcement de la bo\u00eete de vitesses. La conception de la truelle privil\u00e9gie le confort de l'op\u00e9rateur, avec une poign\u00e9e ergonomique pliable, de faibles vibrations et une construction l\u00e9g\u00e8re.<\/p>\n<p data-start=\"1095\" data-end=\"1243\">Pour les entrepreneurs \u00e0 la recherche d'une fiabilit\u00e9 de niveau Honda, d'une consommation de carburant efficace et d'une finition de qualit\u00e9 professionnelle, cette machine remplit toutes les conditions.<\/p>\n<h3 data-start=\"1250\" data-end=\"1305\">Caract\u00e9ristiques principales de la truelle m\u00e9canique pour b\u00e9ton PTH-H60\/70<\/h3>\n<ul data-start=\"1307\" data-end=\"1636\">\n<li data-start=\"1307\" data-end=\"1357\">\n<p data-start=\"1309\" data-end=\"1357\">\u00c9quip\u00e9 d'un moteur \u00e0 essence Honda fiable<\/p>\n<\/li>\n<li data-start=\"1358\" data-end=\"1415\">\n<p data-start=\"1360\" data-end=\"1415\">Diam\u00e8tre de la truelle de 60-70 cm pour les applications dans les espaces restreints<\/p>\n<\/li>\n<li data-start=\"1416\" data-end=\"1470\">\n<p data-start=\"1418\" data-end=\"1470\">Pas de lame r\u00e9glable pour des textures de surface vari\u00e9es<\/p>\n<\/li>\n<li data-start=\"1471\" data-end=\"1520\">\n<p data-start=\"1473\" data-end=\"1520\">Poign\u00e9e pliable et amortissant les vibrations<\/p>\n<\/li>\n<li data-start=\"1521\" data-end=\"1581\">\n<p data-start=\"1523\" data-end=\"1581\">Bo\u00eetier d'engrenage robuste et assemblage de l'araign\u00e9e pour une longue dur\u00e9e de vie.<\/p>\n<\/li>\n<li data-start=\"1582\" data-end=\"1636\">\n<p data-start=\"1584\" data-end=\"1636\">L\u00e9ger mais durable pour un transport et une utilisation faciles<\/p>\n<\/li>\n<\/ul>\n<h3 data-start=\"1643\" data-end=\"1726\">Applications - Parfait pour les trottoirs, les petites dalles, les garages et les sols int\u00e9rieurs<\/h3>\n<p data-start=\"1728\" data-end=\"1994\">La PTH-H60\/70 est con\u00e7ue pour la finition de petites surfaces de b\u00e9ton, en particulier lorsque l'espace est limit\u00e9 et que la pr\u00e9cision est requise. Elle donne d'excellents r\u00e9sultats sur les sols r\u00e9sidentiels, les patins de garage, les paliers d'escalier et les dalles p\u00e9rim\u00e9triques \u00e9troites.<\/p>\n<p data-start=\"1996\" data-end=\"2149\">Les entrepreneurs pr\u00e9f\u00e8rent ce mod\u00e8le lorsqu'ils ont besoin d'une puissance fiable, d'une excellente \u00e9conomie de carburant et d'une grande maniabilit\u00e9 sur les chantiers exigus.<\/p>\n<p><iframe title=\"truelle m\u00e9canique, truelle m\u00e9canique \u00e0 pousser \u00e0 la main, truelle, b\u00e9ton #ruelle #ruelle m\u00e9canique#concrete\" width=\"720\" height=\"405\" src=\"https:\/\/www.youtube.com\/embed\/pa6AuNhMrwI?feature=oembed\" frameborder=\"0\" allow=\"accelerometer; autoplay; clipboard-write; encrypted-media; gyroscope; picture-in-picture; web-share\" referrerpolicy=\"strict-origin-when-cross-origin\" allowfullscreen><\/iframe><\/p>","protected":false},"excerpt":{"rendered":"<p>La truelle \u00e0 b\u00e9ton PTH-H60\/70, \u00e9quip\u00e9e d'un moteur Honda, offre pr\u00e9cision et contr\u00f4le pour une finition lisse dans les zones de travail \u00e9troites et de petite taille.<\/p>","protected":false},"featured_media":9179,"template":"","meta":{"_kad_post_transparent":"default","_kad_post_title":"","_kad_post_layout":"default","_kad_post_sidebar_id":"","_kad_post_content_style":"default","_kad_post_vertical_padding":"default","_kad_post_feature":"","_kad_post_feature_position":"","_kad_post_header":false,"_kad_post_footer":false},"product_brand":[],"product_cat":[55],"product_tag":[1084,1083,1087,1081,1086,1085,1089,1088,1090,1082],"class_list":{"0":"post-9178","1":"product","2":"type-product","3":"status-publish","4":"has-post-thumbnail","6":"product_cat-walk-behind-power-trowel","7":"product_tag-cement-power-trowel","8":"product_tag-concrete-finishing-trowel","9":"product_tag-concrete-floor-finishing-machine","10":"product_tag-concrete-power-trowel","11":"product_tag-electric-walk-behind-trowel","12":"product_tag-gasoline-power-trowel","13":"product_tag-hand-operated-power-trowel","14":"product_tag-manual-power-trowel","15":"product_tag-walk-behind-concrete-finishing-machine","16":"product_tag-walk-behind-trowel-machine","18":"first","19":"instock","20":"shipping-taxable","21":"product-type-simple","22":"entry","23":"content-bg","24":"loop-entry"},"yoast_head":"<!-- This site is optimized with the Yoast SEO plugin v25.3.1 - https:\/\/yoast.com\/wordpress\/plugins\/seo\/ -->\n<title>Walk-Behind Power Trowel PTH-H60\/70 - HSY Construction Machinery<\/title>\n<meta name=\"description\" content=\"Walk-Behind Power Trowel PTH-H60\/70 with Honda engine offers precise, efficient concrete finishing in small slabs, walkways, and confined construction zones.\" \/>\n<meta name=\"robots\" content=\"index, follow, max-snippet:-1, max-image-preview:large, max-video-preview:-1\" \/>\n<link rel=\"canonical\" href=\"https:\/\/www.hsymachinery.com\/fr\/product\/talocheuse-lisseuse-a-conducteur-marchant-pth-h60-70\/\" \/>\n<meta property=\"og:locale\" content=\"fr_FR\" \/>\n<meta property=\"og:type\" content=\"article\" \/>\n<meta property=\"og:title\" content=\"Walk-Behind Power Trowel PTH-H60\/70 - HSY Construction Machinery\" \/>\n<meta property=\"og:description\" content=\"Walk-Behind Power Trowel PTH-H60\/70 with Honda engine offers precise, efficient concrete finishing in small slabs, walkways, and confined construction zones.\" \/>\n<meta property=\"og:url\" content=\"https:\/\/www.hsymachinery.com\/fr\/product\/talocheuse-lisseuse-a-conducteur-marchant-pth-h60-70\/\" \/>\n<meta property=\"og:site_name\" content=\"HSY Construction Machinery\" \/>\n<meta property=\"article:modified_time\" content=\"2025-06-28T14:14:22+00:00\" \/>\n<meta property=\"og:image\" content=\"https:\/\/www.hsymachinery.com\/wp-content\/uploads\/2025\/06\/Walk-Behind-Power-Trowel-PTH-H60.jpg\" \/>\n\t<meta property=\"og:image:width\" content=\"600\" \/>\n\t<meta property=\"og:image:height\" content=\"738\" \/>\n\t<meta property=\"og:image:type\" content=\"image\/jpeg\" \/>\n<meta name=\"twitter:card\" content=\"summary_large_image\" \/>\n<meta name=\"twitter:label1\" content=\"Dur\u00e9e de lecture estim\u00e9e\" \/>\n\t<meta name=\"twitter:data1\" content=\"2 minutes\" \/>\n<script type=\"application\/ld+json\" class=\"yoast-schema-graph\">{\"@context\":\"https:\/\/schema.org\",\"@graph\":[{\"@type\":\"WebPage\",\"@id\":\"https:\/\/www.hsymachinery.com\/product\/walk-behind-power-trowel-pth-h60-70\/\",\"url\":\"https:\/\/www.hsymachinery.com\/product\/walk-behind-power-trowel-pth-h60-70\/\",\"name\":\"Walk-Behind Power Trowel PTH-H60\/70 - HSY Construction Machinery\",\"isPartOf\":{\"@id\":\"https:\/\/www.hsymachinery.com\/#website\"},\"primaryImageOfPage\":{\"@id\":\"https:\/\/www.hsymachinery.com\/product\/walk-behind-power-trowel-pth-h60-70\/#primaryimage\"},\"image\":{\"@id\":\"https:\/\/www.hsymachinery.com\/product\/walk-behind-power-trowel-pth-h60-70\/#primaryimage\"},\"thumbnailUrl\":\"https:\/\/www.hsymachinery.com\/wp-content\/uploads\/2025\/06\/Walk-Behind-Power-Trowel-PTH-H60.jpg\",\"datePublished\":\"2025-06-18T10:31:27+00:00\",\"dateModified\":\"2025-06-28T14:14:22+00:00\",\"description\":\"Walk-Behind Power Trowel PTH-H60\/70 with Honda engine offers precise, efficient concrete finishing in small slabs, walkways, and confined construction zones.\",\"breadcrumb\":{\"@id\":\"https:\/\/www.hsymachinery.com\/product\/walk-behind-power-trowel-pth-h60-70\/#breadcrumb\"},\"inLanguage\":\"fr-FR\",\"potentialAction\":[{\"@type\":\"ReadAction\",\"target\":[\"https:\/\/www.hsymachinery.com\/product\/walk-behind-power-trowel-pth-h60-70\/\"]}]},{\"@type\":\"ImageObject\",\"inLanguage\":\"fr-FR\",\"@id\":\"https:\/\/www.hsymachinery.com\/product\/walk-behind-power-trowel-pth-h60-70\/#primaryimage\",\"url\":\"https:\/\/www.hsymachinery.com\/wp-content\/uploads\/2025\/06\/Walk-Behind-Power-Trowel-PTH-H60.jpg\",\"contentUrl\":\"https:\/\/www.hsymachinery.com\/wp-content\/uploads\/2025\/06\/Walk-Behind-Power-Trowel-PTH-H60.jpg\",\"width\":600,\"height\":738},{\"@type\":\"BreadcrumbList\",\"@id\":\"https:\/\/www.hsymachinery.com\/product\/walk-behind-power-trowel-pth-h60-70\/#breadcrumb\",\"itemListElement\":[{\"@type\":\"ListItem\",\"position\":1,\"name\":\"home\",\"item\":\"https:\/\/www.hsymachinery.com\/\"},{\"@type\":\"ListItem\",\"position\":2,\"name\":\"products\",\"item\":\"https:\/\/www.hsymachinery.com\/products\/\"},{\"@type\":\"ListItem\",\"position\":3,\"name\":\"Walk-Behind Power Trowel PTH-H60\/70\"}]},{\"@type\":\"WebSite\",\"@id\":\"https:\/\/www.hsymachinery.com\/#website\",\"url\":\"https:\/\/www.hsymachinery.com\/\",\"name\":\"HSY Construction Machinery\",\"description\":\"HSY Machinery \u2013 A leading China construction machinery supplier, offering a wide range of light construction equipment. Our main products include Rebar Cutting Machine, Rebar Bending Machine, Rebar Stirrup Bending Machine, Rebar Arc Bending Machine, Rebar Straightening Machine, Five-Head Rebar Stirrup Bending Machine, Tamping Rammer, Plate Compactor, Concrete Cutter, Power Trowel, and other construction machinery. We are equipped with advanced CNC machines, and we enforce strict quality inspection standards along with comprehensive after-sales service. If you are interested in our products or services, we warmly welcome your inquiries via message.\",\"publisher\":{\"@id\":\"https:\/\/www.hsymachinery.com\/#organization\"},\"potentialAction\":[{\"@type\":\"SearchAction\",\"target\":{\"@type\":\"EntryPoint\",\"urlTemplate\":\"https:\/\/www.hsymachinery.com\/?s={search_term_string}\"},\"query-input\":{\"@type\":\"PropertyValueSpecification\",\"valueRequired\":true,\"valueName\":\"search_term_string\"}}],\"inLanguage\":\"fr-FR\"},{\"@type\":\"Organization\",\"@id\":\"https:\/\/www.hsymachinery.com\/#organization\",\"name\":\"HSY Construction Machinery\",\"url\":\"https:\/\/www.hsymachinery.com\/\",\"logo\":{\"@type\":\"ImageObject\",\"inLanguage\":\"fr-FR\",\"@id\":\"https:\/\/www.hsymachinery.com\/#\/schema\/logo\/image\/\",\"url\":\"https:\/\/www.hsymachinery.com\/wp-content\/uploads\/2025\/06\/cropped-HSY-machinery.png\",\"contentUrl\":\"https:\/\/www.hsymachinery.com\/wp-content\/uploads\/2025\/06\/cropped-HSY-machinery.png\",\"width\":600,\"height\":240,\"caption\":\"HSY Construction Machinery\"},\"image\":{\"@id\":\"https:\/\/www.hsymachinery.com\/#\/schema\/logo\/image\/\"}}]}<\/script>\n<!-- \/ Yoast SEO plugin. -->","yoast_head_json":{"title":"Truelle m\u00e9canique \u00e0 conducteur marchant PTH-H60\/70 - HSY Construction Machinery","description":"La truelle m\u00e9canique \u00e0 conducteur marchant PTH-H60\/70, \u00e9quip\u00e9e d'un moteur Honda, offre une finition pr\u00e9cise et efficace du b\u00e9ton dans les petites dalles, les all\u00e9es et les zones de construction confin\u00e9es.","robots":{"index":"index","follow":"follow","max-snippet":"max-snippet:-1","max-image-preview":"max-image-preview:large","max-video-preview":"max-video-preview:-1"},"canonical":"https:\/\/www.hsymachinery.com\/fr\/product\/talocheuse-lisseuse-a-conducteur-marchant-pth-h60-70\/","og_locale":"fr_FR","og_type":"article","og_title":"Walk-Behind Power Trowel PTH-H60\/70 - HSY Construction Machinery","og_description":"Walk-Behind Power Trowel PTH-H60\/70 with Honda engine offers precise, efficient concrete finishing in small slabs, walkways, and confined construction zones.","og_url":"https:\/\/www.hsymachinery.com\/fr\/product\/talocheuse-lisseuse-a-conducteur-marchant-pth-h60-70\/","og_site_name":"HSY Construction Machinery","article_modified_time":"2025-06-28T14:14:22+00:00","og_image":[{"width":600,"height":738,"url":"https:\/\/www.hsymachinery.com\/wp-content\/uploads\/2025\/06\/Walk-Behind-Power-Trowel-PTH-H60.jpg","type":"image\/jpeg"}],"twitter_card":"summary_large_image","twitter_misc":{"Dur\u00e9e de lecture estim\u00e9e":"2 minutes"},"schema":{"@context":"https:\/\/schema.org","@graph":[{"@type":"WebPage","@id":"https:\/\/www.hsymachinery.com\/product\/walk-behind-power-trowel-pth-h60-70\/","url":"https:\/\/www.hsymachinery.com\/product\/walk-behind-power-trowel-pth-h60-70\/","name":"Truelle m\u00e9canique \u00e0 conducteur marchant PTH-H60\/70 - HSY Construction Machinery","isPartOf":{"@id":"https:\/\/www.hsymachinery.com\/#website"},"primaryImageOfPage":{"@id":"https:\/\/www.hsymachinery.com\/product\/walk-behind-power-trowel-pth-h60-70\/#primaryimage"},"image":{"@id":"https:\/\/www.hsymachinery.com\/product\/walk-behind-power-trowel-pth-h60-70\/#primaryimage"},"thumbnailUrl":"https:\/\/www.hsymachinery.com\/wp-content\/uploads\/2025\/06\/Walk-Behind-Power-Trowel-PTH-H60.jpg","datePublished":"2025-06-18T10:31:27+00:00","dateModified":"2025-06-28T14:14:22+00:00","description":"La truelle m\u00e9canique \u00e0 conducteur marchant PTH-H60\/70, \u00e9quip\u00e9e d'un moteur Honda, offre une finition pr\u00e9cise et efficace du b\u00e9ton dans les petites dalles, les all\u00e9es et les zones de construction confin\u00e9es.","breadcrumb":{"@id":"https:\/\/www.hsymachinery.com\/product\/walk-behind-power-trowel-pth-h60-70\/#breadcrumb"},"inLanguage":"fr-FR","potentialAction":[{"@type":"ReadAction","target":["https:\/\/www.hsymachinery.com\/product\/walk-behind-power-trowel-pth-h60-70\/"]}]},{"@type":"ImageObject","inLanguage":"fr-FR","@id":"https:\/\/www.hsymachinery.com\/product\/walk-behind-power-trowel-pth-h60-70\/#primaryimage","url":"https:\/\/www.hsymachinery.com\/wp-content\/uploads\/2025\/06\/Walk-Behind-Power-Trowel-PTH-H60.jpg","contentUrl":"https:\/\/www.hsymachinery.com\/wp-content\/uploads\/2025\/06\/Walk-Behind-Power-Trowel-PTH-H60.jpg","width":600,"height":738},{"@type":"BreadcrumbList","@id":"https:\/\/www.hsymachinery.com\/product\/walk-behind-power-trowel-pth-h60-70\/#breadcrumb","itemListElement":[{"@type":"ListItem","position":1,"name":"home","item":"https:\/\/www.hsymachinery.com\/"},{"@type":"ListItem","position":2,"name":"products","item":"https:\/\/www.hsymachinery.com\/products\/"},{"@type":"ListItem","position":3,"name":"Walk-Behind Power Trowel PTH-H60\/70"}]},{"@type":"WebSite","@id":"https:\/\/www.hsymachinery.com\/#website","url":"https:\/\/www.hsymachinery.com\/","name":"Machines de construction HSY","description":"HSY Machinery - Un fournisseur leader de machines de construction en Chine, offrant une large gamme d'\u00e9quipements de construction l\u00e9gers. Nos produits principaux incluent la machine \u00e0 couper les barres, la machine \u00e0 plier les barres, la machine \u00e0 plier les \u00e9triers, la machine \u00e0 plier les barres en arc, la machine \u00e0 redresser les barres, la machine \u00e0 plier les \u00e9triers \u00e0 cinq t\u00eates, le pilon de bourrage, le compacteur \u00e0 plaque, le coupe-b\u00e9ton, la truelle m\u00e9canique et d'autres machines de construction. Nous sommes \u00e9quip\u00e9s de machines CNC de pointe et nous appliquons des normes strictes d'inspection de la qualit\u00e9 ainsi qu'un service apr\u00e8s-vente complet. Si vous \u00eates int\u00e9ress\u00e9 par nos produits ou services, nous vous invitons \u00e0 nous envoyer vos demandes de renseignements par message.","publisher":{"@id":"https:\/\/www.hsymachinery.com\/#organization"},"potentialAction":[{"@type":"SearchAction","target":{"@type":"EntryPoint","urlTemplate":"https:\/\/www.hsymachinery.com\/?s={search_term_string}"},"query-input":{"@type":"PropertyValueSpecification","valueRequired":true,"valueName":"search_term_string"}}],"inLanguage":"fr-FR"},{"@type":"Organization","@id":"https:\/\/www.hsymachinery.com\/#organization","name":"Machines de construction HSY","url":"https:\/\/www.hsymachinery.com\/","logo":{"@type":"ImageObject","inLanguage":"fr-FR","@id":"https:\/\/www.hsymachinery.com\/#\/schema\/logo\/image\/","url":"https:\/\/www.hsymachinery.com\/wp-content\/uploads\/2025\/06\/cropped-HSY-machinery.png","contentUrl":"https:\/\/www.hsymachinery.com\/wp-content\/uploads\/2025\/06\/cropped-HSY-machinery.png","width":600,"height":240,"caption":"HSY Construction Machinery"},"image":{"@id":"https:\/\/www.hsymachinery.com\/#\/schema\/logo\/image\/"}}]}},"_links":{"self":[{"href":"https:\/\/www.hsymachinery.com\/fr\/wp-json\/wp\/v2\/product\/9178","targetHints":{"allow":["GET"]}}],"collection":[{"href":"https:\/\/www.hsymachinery.com\/fr\/wp-json\/wp\/v2\/product"}],"about":[{"href":"https:\/\/www.hsymachinery.com\/fr\/wp-json\/wp\/v2\/types\/product"}],"version-history":[{"count":3,"href":"https:\/\/www.hsymachinery.com\/fr\/wp-json\/wp\/v2\/product\/9178\/revisions"}],"predecessor-version":[{"id":9583,"href":"https:\/\/www.hsymachinery.com\/fr\/wp-json\/wp\/v2\/product\/9178\/revisions\/9583"}],"wp:featuredmedia":[{"embeddable":true,"href":"https:\/\/www.hsymachinery.com\/fr\/wp-json\/wp\/v2\/media\/9179"}],"wp:attachment":[{"href":"https:\/\/www.hsymachinery.com\/fr\/wp-json\/wp\/v2\/media?parent=9178"}],"wp:term":[{"taxonomy":"product_brand","embeddable":true,"href":"https:\/\/www.hsymachinery.com\/fr\/wp-json\/wp\/v2\/product_brand?post=9178"},{"taxonomy":"product_cat","embeddable":true,"href":"https:\/\/www.hsymachinery.com\/fr\/wp-json\/wp\/v2\/product_cat?post=9178"},{"taxonomy":"product_tag","embeddable":true,"href":"https:\/\/www.hsymachinery.com\/fr\/wp-json\/wp\/v2\/product_tag?post=9178"}],"curies":[{"name":"wp","href":"https:\/\/api.w.org\/{rel}","templated":true}]}}