{"id":9157,"date":"2025-06-18T18:08:09","date_gmt":"2025-06-18T10:08:09","guid":{"rendered":"https:\/\/www.hsymachinery.com\/?post_type=product&#038;p=9157"},"modified":"2025-06-28T21:25:54","modified_gmt":"2025-06-28T13:25:54","slug":"coupeur-de-beton-hq-c600","status":"publish","type":"product","link":"https:\/\/www.hsymachinery.com\/fr\/product\/coupeur-de-beton-hq-c600\/","title":{"rendered":"Coupe-b\u00e9ton HQ-C600"},"content":{"rendered":"<h2 data-start=\"119\" data-end=\"150\">Coupe-b\u00e9ton HQ-C600<\/h2>\n<h3 data-start=\"151\" data-end=\"258\">HQ-C600 Diesel Concrete Cutter | Scie \u00e0 couple \u00e9lev\u00e9 et \u00e0 coupe profonde pour les travaux routiers, les chauss\u00e9es et le b\u00e9ton structurel<\/h3>\n<h3 data-start=\"265\" data-end=\"351\">Description du produit - Coupe-b\u00e9ton diesel durable pour des coupes de construction profondes<a href=\"https:\/\/www.hsymachinery.com\/fr\/produits\/coupeur-de-beton\/\" target=\"_blank\" rel=\"noopener\"><img fetchpriority=\"high\" decoding=\"async\" class=\"wp-image-9158 alignright\" src=\"https:\/\/www.hsymachinery.com\/wp-content\/uploads\/2025\/06\/Concrete-Cutter-HQ-C600-300x300.jpg\" alt=\"\" width=\"455\" height=\"455\" srcset=\"https:\/\/www.hsymachinery.com\/wp-content\/uploads\/2025\/06\/Concrete-Cutter-HQ-C600-300x300.jpg 300w, https:\/\/www.hsymachinery.com\/wp-content\/uploads\/2025\/06\/Concrete-Cutter-HQ-C600-150x150.jpg 150w, https:\/\/www.hsymachinery.com\/wp-content\/uploads\/2025\/06\/Concrete-Cutter-HQ-C600-100x100.jpg 100w, https:\/\/www.hsymachinery.com\/wp-content\/uploads\/2025\/06\/Concrete-Cutter-HQ-C600.jpg 600w\" sizes=\"(max-width: 455px) 100vw, 455px\" \/><\/a><\/h3>\n<p data-start=\"353\" data-end=\"693\">Les <strong data-start=\"357\" data-end=\"384\">HQ-C600 Coupe-b\u00e9ton<\/strong> est \u00e9quip\u00e9e d'un moteur diesel robuste con\u00e7u pour effectuer des coupes profondes et continues de b\u00e9ton et d'asphalte dans des conditions difficiles. Elle offre une stabilit\u00e9 de couple exceptionnelle, ce qui la rend id\u00e9ale pour les projets routiers municipaux, les r\u00e9parations structurelles, le creusement de tranch\u00e9es et la pr\u00e9paration des fondations.<\/p>\n<p data-start=\"695\" data-end=\"1063\">Gr\u00e2ce \u00e0 sa profondeur de coupe \u00e9tendue, la HQ-C600 permet aux op\u00e9rateurs de traiter une plus large gamme de mat\u00e9riaux, des dalles de b\u00e9ton arm\u00e9 aux rev\u00eatements d'asphalte, avec une pr\u00e9cision in\u00e9gal\u00e9e. Le ch\u00e2ssis robuste, le syst\u00e8me de roues am\u00e9lior\u00e9 et le r\u00e9servoir d'eau anti-poussi\u00e8re de la fraise constituent une solution de qualit\u00e9 professionnelle pour les entrepreneurs exigeant performance et endurance.<\/p>\n<p data-start=\"1065\" data-end=\"1204\">Son efficacit\u00e9 \u00e9nerg\u00e9tique, associ\u00e9e \u00e0 la grande disponibilit\u00e9 du diesel, fait de ce mod\u00e8le la solution id\u00e9ale pour les sites \u00e9loign\u00e9s ou sensibles \u00e0 la consommation de carburant.<\/p>\n<h3 data-start=\"1211\" data-end=\"1264\">Principales caract\u00e9ristiques de la d\u00e9coupeuse \u00e0 b\u00e9ton diesel HQ-C600<\/h3>\n<ul data-start=\"1266\" data-end=\"1651\">\n<li data-start=\"1266\" data-end=\"1333\">\n<p data-start=\"1268\" data-end=\"1333\">Entra\u00een\u00e9 par un moteur diesel \u00e0 couple \u00e9lev\u00e9 pour une coupe longue et stable<\/p>\n<\/li>\n<li data-start=\"1334\" data-end=\"1397\">\n<p data-start=\"1336\" data-end=\"1397\">P\u00e9n\u00e9tration profonde de la lame pour couper les dalles \u00e9paisses et la chauss\u00e9e<\/p>\n<\/li>\n<li data-start=\"1398\" data-end=\"1458\">\n<p data-start=\"1400\" data-end=\"1458\">Ch\u00e2ssis robuste con\u00e7u pour les environnements de construction difficiles<\/p>\n<\/li>\n<li data-start=\"1459\" data-end=\"1520\">\n<p data-start=\"1461\" data-end=\"1520\">Le syst\u00e8me de refroidissement par eau r\u00e9duit l'usure des lames et la poussi\u00e8re en suspension dans l'air<\/p>\n<\/li>\n<li data-start=\"1521\" data-end=\"1593\">\n<p data-start=\"1523\" data-end=\"1593\">Convient pour les routes, les trottoirs, les sols industriels et les socles en b\u00e9ton.<\/p>\n<\/li>\n<li data-start=\"1594\" data-end=\"1651\">\n<p data-start=\"1596\" data-end=\"1651\">Facile \u00e0 entretenir et tr\u00e8s durable pour une utilisation \u00e0 long terme<\/p>\n<\/li>\n<\/ul>\n<h3 data-start=\"1658\" data-end=\"1737\">Applications - R\u00e9paration de routes, tranch\u00e9es de services publics et fondations de construction<\/h3>\n<p data-start=\"1739\" data-end=\"2014\">La HQ-C600 est un choix privil\u00e9gi\u00e9 pour le resurfa\u00e7age des autoroutes, le sciage des joints de sol, le creusement de tranch\u00e9es d'acc\u00e8s aux \u00e9gouts et d'autres applications exigeantes. Elle fonctionne bien, m\u00eame en cas d'utilisation prolong\u00e9e sur de grands chantiers, gr\u00e2ce \u00e0 sa construction r\u00e9sistante aux vibrations et \u00e0 sa maniabilit\u00e9.<\/p>\n<p data-start=\"2016\" data-end=\"2197\">Qu'il s'agisse d'infrastructures civiles, de travaux publics ou de fondations commerciales, le HQ-C600 assure des coupes r\u00e9guli\u00e8res et nettes et un fonctionnement rentable jour apr\u00e8s jour.<\/p>\n<p><iframe title=\"coupeur de b\u00e9ton,coupeur de b\u00e9ton,coupeur de puissance,coupeur de b\u00e9ton#concretecutter #concretecutting #powercutter\" width=\"720\" height=\"405\" src=\"https:\/\/www.youtube.com\/embed\/jd-0RTo7CAs?feature=oembed\" frameborder=\"0\" allow=\"accelerometer; autoplay; clipboard-write; encrypted-media; gyroscope; picture-in-picture; web-share\" referrerpolicy=\"strict-origin-when-cross-origin\" allowfullscreen><\/iframe><\/p>","protected":false},"excerpt":{"rendered":"<p>La fraise \u00e0 b\u00e9ton diesel HQ-C600 permet une coupe profonde et \u00e9conome en carburant du b\u00e9ton et de l'asphalte sur les autoroutes, les sols et les fondations de construction.<\/p>","protected":false},"featured_media":9158,"template":"","meta":{"_kad_post_transparent":"default","_kad_post_title":"","_kad_post_layout":"default","_kad_post_sidebar_id":"","_kad_post_content_style":"default","_kad_post_vertical_padding":"default","_kad_post_feature":"","_kad_post_feature_position":"","_kad_post_header":false,"_kad_post_footer":false},"product_brand":[],"product_cat":[57],"product_tag":[1073,1071,1080,1076,1078,1074,1077,1079,1072,1075],"class_list":{"0":"post-9157","1":"product","2":"type-product","3":"status-publish","4":"has-post-thumbnail","6":"product_cat-concrete-cutter","7":"product_tag-asphalt-cutter","8":"product_tag-concrete-cutting-machine","9":"product_tag-concrete-groove-cutting-machine","10":"product_tag-diesel-concrete-cutter","11":"product_tag-electric-concrete-cutter","12":"product_tag-floor-saw-machine","13":"product_tag-gasoline-concrete-cutter","14":"product_tag-pavement-cutter-machine","15":"product_tag-road-cutting-machine","16":"product_tag-walk-behind-concrete-cutter","18":"first","19":"instock","20":"shipping-taxable","21":"product-type-simple","22":"entry","23":"content-bg","24":"loop-entry"},"yoast_head":"<!-- This site is optimized with the Yoast SEO plugin v25.3.1 - https:\/\/yoast.com\/wordpress\/plugins\/seo\/ -->\n<title>Concrete Cutter HQ-C600 - HSY Construction Machinery<\/title>\n<meta name=\"description\" content=\"HQ-C600 diesel concrete cutter offers deep, stable cutting for roads, asphalt, and structural concrete. Rugged design with fuel-efficient performance for large jobs.\" \/>\n<meta name=\"robots\" content=\"index, follow, max-snippet:-1, max-image-preview:large, max-video-preview:-1\" \/>\n<link rel=\"canonical\" href=\"https:\/\/www.hsymachinery.com\/fr\/product\/coupeur-de-beton-hq-c600\/\" \/>\n<meta property=\"og:locale\" content=\"fr_FR\" \/>\n<meta property=\"og:type\" content=\"article\" \/>\n<meta property=\"og:title\" content=\"Concrete Cutter HQ-C600 - HSY Construction Machinery\" \/>\n<meta property=\"og:description\" content=\"HQ-C600 diesel concrete cutter offers deep, stable cutting for roads, asphalt, and structural concrete. Rugged design with fuel-efficient performance for large jobs.\" \/>\n<meta property=\"og:url\" content=\"https:\/\/www.hsymachinery.com\/fr\/product\/coupeur-de-beton-hq-c600\/\" \/>\n<meta property=\"og:site_name\" content=\"HSY Construction Machinery\" \/>\n<meta property=\"article:modified_time\" content=\"2025-06-28T13:25:54+00:00\" \/>\n<meta property=\"og:image\" content=\"https:\/\/www.hsymachinery.com\/wp-content\/uploads\/2025\/06\/Concrete-Cutter-HQ-C600.jpg\" \/>\n\t<meta property=\"og:image:width\" content=\"600\" \/>\n\t<meta property=\"og:image:height\" content=\"600\" \/>\n\t<meta property=\"og:image:type\" content=\"image\/jpeg\" \/>\n<meta name=\"twitter:card\" content=\"summary_large_image\" \/>\n<meta name=\"twitter:label1\" content=\"Dur\u00e9e de lecture estim\u00e9e\" \/>\n\t<meta name=\"twitter:data1\" content=\"2 minutes\" \/>\n<script type=\"application\/ld+json\" class=\"yoast-schema-graph\">{\"@context\":\"https:\/\/schema.org\",\"@graph\":[{\"@type\":\"WebPage\",\"@id\":\"https:\/\/www.hsymachinery.com\/product\/concrete-cutter-hq-c600\/\",\"url\":\"https:\/\/www.hsymachinery.com\/product\/concrete-cutter-hq-c600\/\",\"name\":\"Concrete Cutter HQ-C600 - HSY Construction Machinery\",\"isPartOf\":{\"@id\":\"https:\/\/www.hsymachinery.com\/#website\"},\"primaryImageOfPage\":{\"@id\":\"https:\/\/www.hsymachinery.com\/product\/concrete-cutter-hq-c600\/#primaryimage\"},\"image\":{\"@id\":\"https:\/\/www.hsymachinery.com\/product\/concrete-cutter-hq-c600\/#primaryimage\"},\"thumbnailUrl\":\"https:\/\/www.hsymachinery.com\/wp-content\/uploads\/2025\/06\/Concrete-Cutter-HQ-C600.jpg\",\"datePublished\":\"2025-06-18T10:08:09+00:00\",\"dateModified\":\"2025-06-28T13:25:54+00:00\",\"description\":\"HQ-C600 diesel concrete cutter offers deep, stable cutting for roads, asphalt, and structural concrete. Rugged design with fuel-efficient performance for large jobs.\",\"breadcrumb\":{\"@id\":\"https:\/\/www.hsymachinery.com\/product\/concrete-cutter-hq-c600\/#breadcrumb\"},\"inLanguage\":\"fr-FR\",\"potentialAction\":[{\"@type\":\"ReadAction\",\"target\":[\"https:\/\/www.hsymachinery.com\/product\/concrete-cutter-hq-c600\/\"]}]},{\"@type\":\"ImageObject\",\"inLanguage\":\"fr-FR\",\"@id\":\"https:\/\/www.hsymachinery.com\/product\/concrete-cutter-hq-c600\/#primaryimage\",\"url\":\"https:\/\/www.hsymachinery.com\/wp-content\/uploads\/2025\/06\/Concrete-Cutter-HQ-C600.jpg\",\"contentUrl\":\"https:\/\/www.hsymachinery.com\/wp-content\/uploads\/2025\/06\/Concrete-Cutter-HQ-C600.jpg\",\"width\":600,\"height\":600},{\"@type\":\"BreadcrumbList\",\"@id\":\"https:\/\/www.hsymachinery.com\/product\/concrete-cutter-hq-c600\/#breadcrumb\",\"itemListElement\":[{\"@type\":\"ListItem\",\"position\":1,\"name\":\"home\",\"item\":\"https:\/\/www.hsymachinery.com\/\"},{\"@type\":\"ListItem\",\"position\":2,\"name\":\"products\",\"item\":\"https:\/\/www.hsymachinery.com\/products\/\"},{\"@type\":\"ListItem\",\"position\":3,\"name\":\"Concrete Cutter HQ-C600\"}]},{\"@type\":\"WebSite\",\"@id\":\"https:\/\/www.hsymachinery.com\/#website\",\"url\":\"https:\/\/www.hsymachinery.com\/\",\"name\":\"HSY Construction Machinery\",\"description\":\"HSY Machinery \u2013 A leading China construction machinery supplier, offering a wide range of light construction equipment. Our main products include Rebar Cutting Machine, Rebar Bending Machine, Rebar Stirrup Bending Machine, Rebar Arc Bending Machine, Rebar Straightening Machine, Five-Head Rebar Stirrup Bending Machine, Tamping Rammer, Plate Compactor, Concrete Cutter, Power Trowel, and other construction machinery. We are equipped with advanced CNC machines, and we enforce strict quality inspection standards along with comprehensive after-sales service. If you are interested in our products or services, we warmly welcome your inquiries via message.\",\"publisher\":{\"@id\":\"https:\/\/www.hsymachinery.com\/#organization\"},\"potentialAction\":[{\"@type\":\"SearchAction\",\"target\":{\"@type\":\"EntryPoint\",\"urlTemplate\":\"https:\/\/www.hsymachinery.com\/?s={search_term_string}\"},\"query-input\":{\"@type\":\"PropertyValueSpecification\",\"valueRequired\":true,\"valueName\":\"search_term_string\"}}],\"inLanguage\":\"fr-FR\"},{\"@type\":\"Organization\",\"@id\":\"https:\/\/www.hsymachinery.com\/#organization\",\"name\":\"HSY Construction Machinery\",\"url\":\"https:\/\/www.hsymachinery.com\/\",\"logo\":{\"@type\":\"ImageObject\",\"inLanguage\":\"fr-FR\",\"@id\":\"https:\/\/www.hsymachinery.com\/#\/schema\/logo\/image\/\",\"url\":\"https:\/\/www.hsymachinery.com\/wp-content\/uploads\/2025\/06\/cropped-HSY-machinery.png\",\"contentUrl\":\"https:\/\/www.hsymachinery.com\/wp-content\/uploads\/2025\/06\/cropped-HSY-machinery.png\",\"width\":600,\"height\":240,\"caption\":\"HSY Construction Machinery\"},\"image\":{\"@id\":\"https:\/\/www.hsymachinery.com\/#\/schema\/logo\/image\/\"}}]}<\/script>\n<!-- \/ Yoast SEO plugin. -->","yoast_head_json":{"title":"Coupeuse \u00e0 b\u00e9ton HQ-C600 - HSY Construction Machinery","description":"La d\u00e9coupeuse \u00e0 b\u00e9ton diesel HQ-C600 offre une coupe profonde et stable pour les routes, l'asphalte et le b\u00e9ton structurel. Conception robuste et performances \u00e9conomes en carburant pour les gros travaux.","robots":{"index":"index","follow":"follow","max-snippet":"max-snippet:-1","max-image-preview":"max-image-preview:large","max-video-preview":"max-video-preview:-1"},"canonical":"https:\/\/www.hsymachinery.com\/fr\/product\/coupeur-de-beton-hq-c600\/","og_locale":"fr_FR","og_type":"article","og_title":"Concrete Cutter HQ-C600 - HSY Construction Machinery","og_description":"HQ-C600 diesel concrete cutter offers deep, stable cutting for roads, asphalt, and structural concrete. Rugged design with fuel-efficient performance for large jobs.","og_url":"https:\/\/www.hsymachinery.com\/fr\/product\/coupeur-de-beton-hq-c600\/","og_site_name":"HSY Construction Machinery","article_modified_time":"2025-06-28T13:25:54+00:00","og_image":[{"width":600,"height":600,"url":"https:\/\/www.hsymachinery.com\/wp-content\/uploads\/2025\/06\/Concrete-Cutter-HQ-C600.jpg","type":"image\/jpeg"}],"twitter_card":"summary_large_image","twitter_misc":{"Dur\u00e9e de lecture estim\u00e9e":"2 minutes"},"schema":{"@context":"https:\/\/schema.org","@graph":[{"@type":"WebPage","@id":"https:\/\/www.hsymachinery.com\/product\/concrete-cutter-hq-c600\/","url":"https:\/\/www.hsymachinery.com\/product\/concrete-cutter-hq-c600\/","name":"Coupeuse \u00e0 b\u00e9ton HQ-C600 - HSY Construction Machinery","isPartOf":{"@id":"https:\/\/www.hsymachinery.com\/#website"},"primaryImageOfPage":{"@id":"https:\/\/www.hsymachinery.com\/product\/concrete-cutter-hq-c600\/#primaryimage"},"image":{"@id":"https:\/\/www.hsymachinery.com\/product\/concrete-cutter-hq-c600\/#primaryimage"},"thumbnailUrl":"https:\/\/www.hsymachinery.com\/wp-content\/uploads\/2025\/06\/Concrete-Cutter-HQ-C600.jpg","datePublished":"2025-06-18T10:08:09+00:00","dateModified":"2025-06-28T13:25:54+00:00","description":"La d\u00e9coupeuse \u00e0 b\u00e9ton diesel HQ-C600 offre une coupe profonde et stable pour les routes, l'asphalte et le b\u00e9ton structurel. Conception robuste et performances \u00e9conomes en carburant pour les gros travaux.","breadcrumb":{"@id":"https:\/\/www.hsymachinery.com\/product\/concrete-cutter-hq-c600\/#breadcrumb"},"inLanguage":"fr-FR","potentialAction":[{"@type":"ReadAction","target":["https:\/\/www.hsymachinery.com\/product\/concrete-cutter-hq-c600\/"]}]},{"@type":"ImageObject","inLanguage":"fr-FR","@id":"https:\/\/www.hsymachinery.com\/product\/concrete-cutter-hq-c600\/#primaryimage","url":"https:\/\/www.hsymachinery.com\/wp-content\/uploads\/2025\/06\/Concrete-Cutter-HQ-C600.jpg","contentUrl":"https:\/\/www.hsymachinery.com\/wp-content\/uploads\/2025\/06\/Concrete-Cutter-HQ-C600.jpg","width":600,"height":600},{"@type":"BreadcrumbList","@id":"https:\/\/www.hsymachinery.com\/product\/concrete-cutter-hq-c600\/#breadcrumb","itemListElement":[{"@type":"ListItem","position":1,"name":"home","item":"https:\/\/www.hsymachinery.com\/"},{"@type":"ListItem","position":2,"name":"products","item":"https:\/\/www.hsymachinery.com\/products\/"},{"@type":"ListItem","position":3,"name":"Concrete Cutter HQ-C600"}]},{"@type":"WebSite","@id":"https:\/\/www.hsymachinery.com\/#website","url":"https:\/\/www.hsymachinery.com\/","name":"Machines de construction HSY","description":"HSY Machinery - Un fournisseur leader de machines de construction en Chine, offrant une large gamme d'\u00e9quipements de construction l\u00e9gers. Nos produits principaux incluent la machine \u00e0 couper les barres, la machine \u00e0 plier les barres, la machine \u00e0 plier les \u00e9triers, la machine \u00e0 plier les barres en arc, la machine \u00e0 redresser les barres, la machine \u00e0 plier les \u00e9triers \u00e0 cinq t\u00eates, le pilon de bourrage, le compacteur \u00e0 plaque, le coupe-b\u00e9ton, la truelle m\u00e9canique et d'autres machines de construction. Nous sommes \u00e9quip\u00e9s de machines CNC de pointe et nous appliquons des normes strictes d'inspection de la qualit\u00e9 ainsi qu'un service apr\u00e8s-vente complet. Si vous \u00eates int\u00e9ress\u00e9 par nos produits ou services, nous vous invitons \u00e0 nous envoyer vos demandes de renseignements par message.","publisher":{"@id":"https:\/\/www.hsymachinery.com\/#organization"},"potentialAction":[{"@type":"SearchAction","target":{"@type":"EntryPoint","urlTemplate":"https:\/\/www.hsymachinery.com\/?s={search_term_string}"},"query-input":{"@type":"PropertyValueSpecification","valueRequired":true,"valueName":"search_term_string"}}],"inLanguage":"fr-FR"},{"@type":"Organization","@id":"https:\/\/www.hsymachinery.com\/#organization","name":"Machines de construction HSY","url":"https:\/\/www.hsymachinery.com\/","logo":{"@type":"ImageObject","inLanguage":"fr-FR","@id":"https:\/\/www.hsymachinery.com\/#\/schema\/logo\/image\/","url":"https:\/\/www.hsymachinery.com\/wp-content\/uploads\/2025\/06\/cropped-HSY-machinery.png","contentUrl":"https:\/\/www.hsymachinery.com\/wp-content\/uploads\/2025\/06\/cropped-HSY-machinery.png","width":600,"height":240,"caption":"HSY Construction Machinery"},"image":{"@id":"https:\/\/www.hsymachinery.com\/#\/schema\/logo\/image\/"}}]}},"_links":{"self":[{"href":"https:\/\/www.hsymachinery.com\/fr\/wp-json\/wp\/v2\/product\/9157","targetHints":{"allow":["GET"]}}],"collection":[{"href":"https:\/\/www.hsymachinery.com\/fr\/wp-json\/wp\/v2\/product"}],"about":[{"href":"https:\/\/www.hsymachinery.com\/fr\/wp-json\/wp\/v2\/types\/product"}],"version-history":[{"count":2,"href":"https:\/\/www.hsymachinery.com\/fr\/wp-json\/wp\/v2\/product\/9157\/revisions"}],"predecessor-version":[{"id":9569,"href":"https:\/\/www.hsymachinery.com\/fr\/wp-json\/wp\/v2\/product\/9157\/revisions\/9569"}],"wp:featuredmedia":[{"embeddable":true,"href":"https:\/\/www.hsymachinery.com\/fr\/wp-json\/wp\/v2\/media\/9158"}],"wp:attachment":[{"href":"https:\/\/www.hsymachinery.com\/fr\/wp-json\/wp\/v2\/media?parent=9157"}],"wp:term":[{"taxonomy":"product_brand","embeddable":true,"href":"https:\/\/www.hsymachinery.com\/fr\/wp-json\/wp\/v2\/product_brand?post=9157"},{"taxonomy":"product_cat","embeddable":true,"href":"https:\/\/www.hsymachinery.com\/fr\/wp-json\/wp\/v2\/product_cat?post=9157"},{"taxonomy":"product_tag","embeddable":true,"href":"https:\/\/www.hsymachinery.com\/fr\/wp-json\/wp\/v2\/product_tag?post=9157"}],"curies":[{"name":"wp","href":"https:\/\/api.w.org\/{rel}","templated":true}]}}