{"id":9133,"date":"2025-06-18T17:57:40","date_gmt":"2025-06-18T09:57:40","guid":{"rendered":"https:\/\/www.hsymachinery.com\/?post_type=product&#038;p=9133"},"modified":"2025-06-28T20:40:24","modified_gmt":"2025-06-28T12:40:24","slug":"coupeur-de-beton-hq-l400","status":"publish","type":"product","link":"https:\/\/www.hsymachinery.com\/fr\/product\/coupeur-de-beton-hq-l400\/","title":{"rendered":"Coupe-b\u00e9ton HQ-L400"},"content":{"rendered":"<h2 data-start=\"36\" data-end=\"67\">Coupe-b\u00e9ton HQ-L400<\/h2>\n<h3 data-start=\"68\" data-end=\"173\">HQ-L400 Longxin Gasoline Concrete Cutter | Coupe puissante et pr\u00e9cise pour la construction et les travaux routiers<\/h3>\n<h3 data-start=\"180\" data-end=\"271\">Description du produit - Coupe-b\u00e9ton \u00e0 essence efficace pour les travaux lourds<a href=\"https:\/\/www.hsymachinery.com\/fr\/produits\/coupeur-de-beton\/\" target=\"_blank\" rel=\"noopener\"><img fetchpriority=\"high\" decoding=\"async\" class=\"wp-image-9546 alignright\" src=\"https:\/\/www.hsymachinery.com\/wp-content\/uploads\/2025\/06\/Asphalt-Cutter-146x300.jpg\" alt=\"\" width=\"450\" height=\"925\" srcset=\"https:\/\/www.hsymachinery.com\/wp-content\/uploads\/2025\/06\/Asphalt-Cutter-146x300.jpg 146w, https:\/\/www.hsymachinery.com\/wp-content\/uploads\/2025\/06\/Asphalt-Cutter-748x1536.jpg 748w, https:\/\/www.hsymachinery.com\/wp-content\/uploads\/2025\/06\/Asphalt-Cutter-600x1232.jpg 600w, https:\/\/www.hsymachinery.com\/wp-content\/uploads\/2025\/06\/Asphalt-Cutter.jpg 800w\" sizes=\"(max-width: 450px) 100vw, 450px\" \/><\/a><\/h3>\n<p data-start=\"273\" data-end=\"643\">Les <strong data-start=\"277\" data-end=\"304\">Coupe-b\u00e9ton HQ-L400<\/strong> est \u00e9quip\u00e9e d'un moteur \u00e0 essence Longxin fiable, offrant une puissance constante et des performances de coupe pr\u00e9cises pour diverses applications de construction. Cette d\u00e9coupeuse s'attaque facilement au b\u00e9ton, \u00e0 l'asphalte, aux briques et \u00e0 d'autres surfaces dures, ce qui en fait un outil id\u00e9al pour les r\u00e9parations de routes, les r\u00e9novations de b\u00e2timents et les projets d'infrastructure.<\/p>\n<p data-start=\"645\" data-end=\"952\">Con\u00e7ue pour la durabilit\u00e9 et le confort de l'op\u00e9rateur, la HQ-L400 est dot\u00e9e d'une profondeur de coupe r\u00e9glable, permettant aux utilisateurs de r\u00e9aliser des coupes pr\u00e9cises jusqu'\u00e0 l'\u00e9paisseur requise. Son ch\u00e2ssis robuste et sa poign\u00e9e ergonomique assurent la stabilit\u00e9 et r\u00e9duisent la fatigue lors d'une utilisation prolong\u00e9e, augmentant ainsi la productivit\u00e9 globale sur le chantier.<\/p>\n<h3 data-start=\"959\" data-end=\"1018\">Principales caract\u00e9ristiques et avantages de la fraiseuse routi\u00e8re HQ-L400<\/h3>\n<ul data-start=\"1020\" data-end=\"1359\">\n<li data-start=\"1020\" data-end=\"1077\">\n<p data-start=\"1022\" data-end=\"1077\">Moteur \u00e0 essence Longxin haute performance<\/p>\n<\/li>\n<li data-start=\"1078\" data-end=\"1129\">\n<p data-start=\"1080\" data-end=\"1129\">Profondeur de coupe r\u00e9glable pour des op\u00e9rations pr\u00e9cises<\/p>\n<\/li>\n<li data-start=\"1130\" data-end=\"1184\">\n<p data-start=\"1132\" data-end=\"1184\">Convient pour couper le b\u00e9ton, l'asphalte et les briques<\/p>\n<\/li>\n<li data-start=\"1185\" data-end=\"1246\">\n<p data-start=\"1187\" data-end=\"1246\">Cadre en acier durable con\u00e7u pour r\u00e9sister aux chantiers difficiles<\/p>\n<\/li>\n<li data-start=\"1247\" data-end=\"1304\">\n<p data-start=\"1249\" data-end=\"1304\">Poign\u00e9es ergonomiques pour am\u00e9liorer le contr\u00f4le et le confort de l'utilisateur<\/p>\n<\/li>\n<li data-start=\"1305\" data-end=\"1359\">\n<p data-start=\"1307\" data-end=\"1359\">Entretien facile gr\u00e2ce \u00e0 l'accessibilit\u00e9 des composants du moteur<\/p>\n<\/li>\n<\/ul>\n<h3 data-start=\"1366\" data-end=\"1442\">Applications - Coupeuse polyvalente pour la construction et l'entretien des routes<\/h3>\n<p data-start=\"1444\" data-end=\"1823\">La HQ-L400 est parfaite pour la r\u00e9paration des rev\u00eatements routiers, la d\u00e9coupe des chauss\u00e9es, le creusement de tranch\u00e9es et les travaux de d\u00e9molition. Les entrepreneurs et les travailleurs municipaux appr\u00e9cient sa portabilit\u00e9 et sa puissance, qui lui permettent de r\u00e9pondre efficacement \u00e0 un large \u00e9ventail de besoins de coupe. Qu'il s'agisse de couper des joints de dilatation ou de pr\u00e9parer des surfaces pour un nouveau pavage, cette d\u00e9coupeuse garantit des r\u00e9sultats propres et coh\u00e9rents.<\/p>\n<p><iframe title=\"coupeur de b\u00e9ton, coupeur de b\u00e9ton, coupeur \u00e9lectrique, coupeur de b\u00e9ton\" width=\"720\" height=\"405\" src=\"https:\/\/www.youtube.com\/embed\/egJcI18gCcg?feature=oembed\" frameborder=\"0\" allow=\"accelerometer; autoplay; clipboard-write; encrypted-media; gyroscope; picture-in-picture; web-share\" referrerpolicy=\"strict-origin-when-cross-origin\" allowfullscreen><\/iframe><\/p>","protected":false},"excerpt":{"rendered":"<p>La fraise \u00e0 b\u00e9ton HQ-L400 \u00e0 essence avec moteur Longxin offre une puissance fiable et une coupe pr\u00e9cise pour les projets d'entretien du b\u00e9ton, de l'asphalte et des routes.<\/p>","protected":false},"featured_media":9137,"template":"","meta":{"_kad_post_transparent":"default","_kad_post_title":"","_kad_post_layout":"default","_kad_post_sidebar_id":"","_kad_post_content_style":"default","_kad_post_vertical_padding":"default","_kad_post_feature":"","_kad_post_feature_position":"","_kad_post_header":false,"_kad_post_footer":false},"product_brand":[],"product_cat":[57],"product_tag":[1073,1071,1080,1076,1078,1074,1077,1079,1072,1075],"class_list":{"0":"post-9133","1":"product","2":"type-product","3":"status-publish","4":"has-post-thumbnail","6":"product_cat-concrete-cutter","7":"product_tag-asphalt-cutter","8":"product_tag-concrete-cutting-machine","9":"product_tag-concrete-groove-cutting-machine","10":"product_tag-diesel-concrete-cutter","11":"product_tag-electric-concrete-cutter","12":"product_tag-floor-saw-machine","13":"product_tag-gasoline-concrete-cutter","14":"product_tag-pavement-cutter-machine","15":"product_tag-road-cutting-machine","16":"product_tag-walk-behind-concrete-cutter","18":"first","19":"instock","20":"shipping-taxable","21":"product-type-simple","22":"entry","23":"content-bg","24":"loop-entry"},"yoast_head":"<!-- This site is optimized with the Yoast SEO plugin v25.3.1 - https:\/\/yoast.com\/wordpress\/plugins\/seo\/ -->\n<title>Concrete Cutter HQ-L400 - HSY Construction Machinery<\/title>\n<meta name=\"description\" content=\"HQ-L400 Longxin gasoline concrete cutter delivers powerful, accurate cutting for road repairs, construction, and pavement maintenance. Durable and easy to operate.\" \/>\n<meta name=\"robots\" content=\"index, follow, max-snippet:-1, max-image-preview:large, max-video-preview:-1\" \/>\n<link rel=\"canonical\" href=\"https:\/\/www.hsymachinery.com\/fr\/product\/coupeur-de-beton-hq-l400\/\" \/>\n<meta property=\"og:locale\" content=\"fr_FR\" \/>\n<meta property=\"og:type\" content=\"article\" \/>\n<meta property=\"og:title\" content=\"Concrete Cutter HQ-L400 - HSY Construction Machinery\" \/>\n<meta property=\"og:description\" content=\"HQ-L400 Longxin gasoline concrete cutter delivers powerful, accurate cutting for road repairs, construction, and pavement maintenance. Durable and easy to operate.\" \/>\n<meta property=\"og:url\" content=\"https:\/\/www.hsymachinery.com\/fr\/product\/coupeur-de-beton-hq-l400\/\" \/>\n<meta property=\"og:site_name\" content=\"HSY Construction Machinery\" \/>\n<meta property=\"article:modified_time\" content=\"2025-06-28T12:40:24+00:00\" \/>\n<meta property=\"og:image\" content=\"https:\/\/www.hsymachinery.com\/wp-content\/uploads\/2025\/06\/Concrete-Cutter-HQ-L400.jpg\" \/>\n\t<meta property=\"og:image:width\" content=\"600\" \/>\n\t<meta property=\"og:image:height\" content=\"600\" \/>\n\t<meta property=\"og:image:type\" content=\"image\/jpeg\" \/>\n<meta name=\"twitter:card\" content=\"summary_large_image\" \/>\n<meta name=\"twitter:label1\" content=\"Dur\u00e9e de lecture estim\u00e9e\" \/>\n\t<meta name=\"twitter:data1\" content=\"2 minutes\" \/>\n<script type=\"application\/ld+json\" class=\"yoast-schema-graph\">{\"@context\":\"https:\/\/schema.org\",\"@graph\":[{\"@type\":\"WebPage\",\"@id\":\"https:\/\/www.hsymachinery.com\/product\/concrete-cutter-hq-l400\/\",\"url\":\"https:\/\/www.hsymachinery.com\/product\/concrete-cutter-hq-l400\/\",\"name\":\"Concrete Cutter HQ-L400 - HSY Construction Machinery\",\"isPartOf\":{\"@id\":\"https:\/\/www.hsymachinery.com\/#website\"},\"primaryImageOfPage\":{\"@id\":\"https:\/\/www.hsymachinery.com\/product\/concrete-cutter-hq-l400\/#primaryimage\"},\"image\":{\"@id\":\"https:\/\/www.hsymachinery.com\/product\/concrete-cutter-hq-l400\/#primaryimage\"},\"thumbnailUrl\":\"https:\/\/www.hsymachinery.com\/wp-content\/uploads\/2025\/06\/Concrete-Cutter-HQ-L400.jpg\",\"datePublished\":\"2025-06-18T09:57:40+00:00\",\"dateModified\":\"2025-06-28T12:40:24+00:00\",\"description\":\"HQ-L400 Longxin gasoline concrete cutter delivers powerful, accurate cutting for road repairs, construction, and pavement maintenance. Durable and easy to operate.\",\"breadcrumb\":{\"@id\":\"https:\/\/www.hsymachinery.com\/product\/concrete-cutter-hq-l400\/#breadcrumb\"},\"inLanguage\":\"fr-FR\",\"potentialAction\":[{\"@type\":\"ReadAction\",\"target\":[\"https:\/\/www.hsymachinery.com\/product\/concrete-cutter-hq-l400\/\"]}]},{\"@type\":\"ImageObject\",\"inLanguage\":\"fr-FR\",\"@id\":\"https:\/\/www.hsymachinery.com\/product\/concrete-cutter-hq-l400\/#primaryimage\",\"url\":\"https:\/\/www.hsymachinery.com\/wp-content\/uploads\/2025\/06\/Concrete-Cutter-HQ-L400.jpg\",\"contentUrl\":\"https:\/\/www.hsymachinery.com\/wp-content\/uploads\/2025\/06\/Concrete-Cutter-HQ-L400.jpg\",\"width\":600,\"height\":600},{\"@type\":\"BreadcrumbList\",\"@id\":\"https:\/\/www.hsymachinery.com\/product\/concrete-cutter-hq-l400\/#breadcrumb\",\"itemListElement\":[{\"@type\":\"ListItem\",\"position\":1,\"name\":\"home\",\"item\":\"https:\/\/www.hsymachinery.com\/\"},{\"@type\":\"ListItem\",\"position\":2,\"name\":\"products\",\"item\":\"https:\/\/www.hsymachinery.com\/products\/\"},{\"@type\":\"ListItem\",\"position\":3,\"name\":\"Concrete Cutter HQ-L400\"}]},{\"@type\":\"WebSite\",\"@id\":\"https:\/\/www.hsymachinery.com\/#website\",\"url\":\"https:\/\/www.hsymachinery.com\/\",\"name\":\"HSY Construction Machinery\",\"description\":\"HSY Machinery \u2013 A leading China construction machinery supplier, offering a wide range of light construction equipment. Our main products include Rebar Cutting Machine, Rebar Bending Machine, Rebar Stirrup Bending Machine, Rebar Arc Bending Machine, Rebar Straightening Machine, Five-Head Rebar Stirrup Bending Machine, Tamping Rammer, Plate Compactor, Concrete Cutter, Power Trowel, and other construction machinery. We are equipped with advanced CNC machines, and we enforce strict quality inspection standards along with comprehensive after-sales service. If you are interested in our products or services, we warmly welcome your inquiries via message.\",\"publisher\":{\"@id\":\"https:\/\/www.hsymachinery.com\/#organization\"},\"potentialAction\":[{\"@type\":\"SearchAction\",\"target\":{\"@type\":\"EntryPoint\",\"urlTemplate\":\"https:\/\/www.hsymachinery.com\/?s={search_term_string}\"},\"query-input\":{\"@type\":\"PropertyValueSpecification\",\"valueRequired\":true,\"valueName\":\"search_term_string\"}}],\"inLanguage\":\"fr-FR\"},{\"@type\":\"Organization\",\"@id\":\"https:\/\/www.hsymachinery.com\/#organization\",\"name\":\"HSY Construction Machinery\",\"url\":\"https:\/\/www.hsymachinery.com\/\",\"logo\":{\"@type\":\"ImageObject\",\"inLanguage\":\"fr-FR\",\"@id\":\"https:\/\/www.hsymachinery.com\/#\/schema\/logo\/image\/\",\"url\":\"https:\/\/www.hsymachinery.com\/wp-content\/uploads\/2025\/06\/cropped-HSY-machinery.png\",\"contentUrl\":\"https:\/\/www.hsymachinery.com\/wp-content\/uploads\/2025\/06\/cropped-HSY-machinery.png\",\"width\":600,\"height\":240,\"caption\":\"HSY Construction Machinery\"},\"image\":{\"@id\":\"https:\/\/www.hsymachinery.com\/#\/schema\/logo\/image\/\"}}]}<\/script>\n<!-- \/ Yoast SEO plugin. -->","yoast_head_json":{"title":"Coupeuse \u00e0 b\u00e9ton HQ-L400 - HSY Construction Machinery","description":"HQ-L400 Le coupe-b\u00e9ton \u00e0 essence Longxin offre une coupe puissante et pr\u00e9cise pour la r\u00e9paration des routes, la construction et l'entretien des chauss\u00e9es. Durable et facile \u00e0 utiliser.","robots":{"index":"index","follow":"follow","max-snippet":"max-snippet:-1","max-image-preview":"max-image-preview:large","max-video-preview":"max-video-preview:-1"},"canonical":"https:\/\/www.hsymachinery.com\/fr\/product\/coupeur-de-beton-hq-l400\/","og_locale":"fr_FR","og_type":"article","og_title":"Concrete Cutter HQ-L400 - HSY Construction Machinery","og_description":"HQ-L400 Longxin gasoline concrete cutter delivers powerful, accurate cutting for road repairs, construction, and pavement maintenance. Durable and easy to operate.","og_url":"https:\/\/www.hsymachinery.com\/fr\/product\/coupeur-de-beton-hq-l400\/","og_site_name":"HSY Construction Machinery","article_modified_time":"2025-06-28T12:40:24+00:00","og_image":[{"width":600,"height":600,"url":"https:\/\/www.hsymachinery.com\/wp-content\/uploads\/2025\/06\/Concrete-Cutter-HQ-L400.jpg","type":"image\/jpeg"}],"twitter_card":"summary_large_image","twitter_misc":{"Dur\u00e9e de lecture estim\u00e9e":"2 minutes"},"schema":{"@context":"https:\/\/schema.org","@graph":[{"@type":"WebPage","@id":"https:\/\/www.hsymachinery.com\/product\/concrete-cutter-hq-l400\/","url":"https:\/\/www.hsymachinery.com\/product\/concrete-cutter-hq-l400\/","name":"Coupeuse \u00e0 b\u00e9ton HQ-L400 - HSY Construction Machinery","isPartOf":{"@id":"https:\/\/www.hsymachinery.com\/#website"},"primaryImageOfPage":{"@id":"https:\/\/www.hsymachinery.com\/product\/concrete-cutter-hq-l400\/#primaryimage"},"image":{"@id":"https:\/\/www.hsymachinery.com\/product\/concrete-cutter-hq-l400\/#primaryimage"},"thumbnailUrl":"https:\/\/www.hsymachinery.com\/wp-content\/uploads\/2025\/06\/Concrete-Cutter-HQ-L400.jpg","datePublished":"2025-06-18T09:57:40+00:00","dateModified":"2025-06-28T12:40:24+00:00","description":"HQ-L400 Le coupe-b\u00e9ton \u00e0 essence Longxin offre une coupe puissante et pr\u00e9cise pour la r\u00e9paration des routes, la construction et l'entretien des chauss\u00e9es. Durable et facile \u00e0 utiliser.","breadcrumb":{"@id":"https:\/\/www.hsymachinery.com\/product\/concrete-cutter-hq-l400\/#breadcrumb"},"inLanguage":"fr-FR","potentialAction":[{"@type":"ReadAction","target":["https:\/\/www.hsymachinery.com\/product\/concrete-cutter-hq-l400\/"]}]},{"@type":"ImageObject","inLanguage":"fr-FR","@id":"https:\/\/www.hsymachinery.com\/product\/concrete-cutter-hq-l400\/#primaryimage","url":"https:\/\/www.hsymachinery.com\/wp-content\/uploads\/2025\/06\/Concrete-Cutter-HQ-L400.jpg","contentUrl":"https:\/\/www.hsymachinery.com\/wp-content\/uploads\/2025\/06\/Concrete-Cutter-HQ-L400.jpg","width":600,"height":600},{"@type":"BreadcrumbList","@id":"https:\/\/www.hsymachinery.com\/product\/concrete-cutter-hq-l400\/#breadcrumb","itemListElement":[{"@type":"ListItem","position":1,"name":"home","item":"https:\/\/www.hsymachinery.com\/"},{"@type":"ListItem","position":2,"name":"products","item":"https:\/\/www.hsymachinery.com\/products\/"},{"@type":"ListItem","position":3,"name":"Concrete Cutter HQ-L400"}]},{"@type":"WebSite","@id":"https:\/\/www.hsymachinery.com\/#website","url":"https:\/\/www.hsymachinery.com\/","name":"Machines de construction HSY","description":"HSY Machinery - Un fournisseur leader de machines de construction en Chine, offrant une large gamme d'\u00e9quipements de construction l\u00e9gers. Nos produits principaux incluent la machine \u00e0 couper les barres, la machine \u00e0 plier les barres, la machine \u00e0 plier les \u00e9triers, la machine \u00e0 plier les barres en arc, la machine \u00e0 redresser les barres, la machine \u00e0 plier les \u00e9triers \u00e0 cinq t\u00eates, le pilon de bourrage, le compacteur \u00e0 plaque, le coupe-b\u00e9ton, la truelle m\u00e9canique et d'autres machines de construction. Nous sommes \u00e9quip\u00e9s de machines CNC de pointe et nous appliquons des normes strictes d'inspection de la qualit\u00e9 ainsi qu'un service apr\u00e8s-vente complet. Si vous \u00eates int\u00e9ress\u00e9 par nos produits ou services, nous vous invitons \u00e0 nous envoyer vos demandes de renseignements par message.","publisher":{"@id":"https:\/\/www.hsymachinery.com\/#organization"},"potentialAction":[{"@type":"SearchAction","target":{"@type":"EntryPoint","urlTemplate":"https:\/\/www.hsymachinery.com\/?s={search_term_string}"},"query-input":{"@type":"PropertyValueSpecification","valueRequired":true,"valueName":"search_term_string"}}],"inLanguage":"fr-FR"},{"@type":"Organization","@id":"https:\/\/www.hsymachinery.com\/#organization","name":"Machines de construction HSY","url":"https:\/\/www.hsymachinery.com\/","logo":{"@type":"ImageObject","inLanguage":"fr-FR","@id":"https:\/\/www.hsymachinery.com\/#\/schema\/logo\/image\/","url":"https:\/\/www.hsymachinery.com\/wp-content\/uploads\/2025\/06\/cropped-HSY-machinery.png","contentUrl":"https:\/\/www.hsymachinery.com\/wp-content\/uploads\/2025\/06\/cropped-HSY-machinery.png","width":600,"height":240,"caption":"HSY Construction Machinery"},"image":{"@id":"https:\/\/www.hsymachinery.com\/#\/schema\/logo\/image\/"}}]}},"_links":{"self":[{"href":"https:\/\/www.hsymachinery.com\/fr\/wp-json\/wp\/v2\/product\/9133","targetHints":{"allow":["GET"]}}],"collection":[{"href":"https:\/\/www.hsymachinery.com\/fr\/wp-json\/wp\/v2\/product"}],"about":[{"href":"https:\/\/www.hsymachinery.com\/fr\/wp-json\/wp\/v2\/types\/product"}],"version-history":[{"count":5,"href":"https:\/\/www.hsymachinery.com\/fr\/wp-json\/wp\/v2\/product\/9133\/revisions"}],"predecessor-version":[{"id":9552,"href":"https:\/\/www.hsymachinery.com\/fr\/wp-json\/wp\/v2\/product\/9133\/revisions\/9552"}],"wp:featuredmedia":[{"embeddable":true,"href":"https:\/\/www.hsymachinery.com\/fr\/wp-json\/wp\/v2\/media\/9137"}],"wp:attachment":[{"href":"https:\/\/www.hsymachinery.com\/fr\/wp-json\/wp\/v2\/media?parent=9133"}],"wp:term":[{"taxonomy":"product_brand","embeddable":true,"href":"https:\/\/www.hsymachinery.com\/fr\/wp-json\/wp\/v2\/product_brand?post=9133"},{"taxonomy":"product_cat","embeddable":true,"href":"https:\/\/www.hsymachinery.com\/fr\/wp-json\/wp\/v2\/product_cat?post=9133"},{"taxonomy":"product_tag","embeddable":true,"href":"https:\/\/www.hsymachinery.com\/fr\/wp-json\/wp\/v2\/product_tag?post=9133"}],"curies":[{"name":"wp","href":"https:\/\/api.w.org\/{rel}","templated":true}]}}