{"id":9118,"date":"2025-06-18T17:04:38","date_gmt":"2025-06-18T09:04:38","guid":{"rendered":"https:\/\/www.hsymachinery.com\/?post_type=product&#038;p=9118"},"modified":"2025-06-28T19:56:08","modified_gmt":"2025-06-28T11:56:08","slug":"compacteur-a-plaque-ph-c250","status":"publish","type":"product","link":"https:\/\/www.hsymachinery.com\/fr\/product\/compacteur-a-plaque-ph-c250\/","title":{"rendered":"Compacteur \u00e0 plaque PH-C250"},"content":{"rendered":"<h2 data-start=\"101\" data-end=\"132\">Compacteur \u00e0 plaque PH-C250<\/h2>\n<h3 data-start=\"133\" data-end=\"250\">PH-C250 Diesel Plate Compactor | Compacteur de sol \u00e0 couple \u00e9lev\u00e9 pour les fondations, les travaux routiers et la pr\u00e9paration des surfaces de gravier<\/h3>\n<h3 data-start=\"257\" data-end=\"331\">Pr\u00e9sentation du produit - Compactage \u00e0 moteur diesel pour les chantiers exigeants<a href=\"https:\/\/www.hsymachinery.com\/fr\/produits\/compacteur-a-plaque\/\" target=\"_blank\" rel=\"noopener\"><img fetchpriority=\"high\" decoding=\"async\" class=\"wp-image-9119 alignright\" src=\"https:\/\/www.hsymachinery.com\/wp-content\/uploads\/2025\/06\/Plate-Compactor-PH-C250-300x300.jpg\" alt=\"\" width=\"458\" height=\"458\" srcset=\"https:\/\/www.hsymachinery.com\/wp-content\/uploads\/2025\/06\/Plate-Compactor-PH-C250-300x300.jpg 300w, https:\/\/www.hsymachinery.com\/wp-content\/uploads\/2025\/06\/Plate-Compactor-PH-C250-150x150.jpg 150w, https:\/\/www.hsymachinery.com\/wp-content\/uploads\/2025\/06\/Plate-Compactor-PH-C250-100x100.jpg 100w, https:\/\/www.hsymachinery.com\/wp-content\/uploads\/2025\/06\/Plate-Compactor-PH-C250.jpg 600w\" sizes=\"(max-width: 458px) 100vw, 458px\" \/><\/a><\/h3>\n<p data-start=\"333\" data-end=\"661\">Les <strong data-start=\"337\" data-end=\"364\">Compacteur \u00e0 plaque PH-C250<\/strong> est un compacteur \u00e0 plaque moyenne \u00e0 moteur diesel con\u00e7u pour faire face \u00e0 des conditions de chantier difficiles o\u00f9 la constance de la force et l'\u00e9conomie de carburant sont essentielles. Il est largement utilis\u00e9 pour la pr\u00e9paration des fondations, le compactage du gravier, le rapi\u00e9\u00e7age des routes et la r\u00e9paration de l'asphalte, aussi bien dans les zones urbaines que dans les zones recul\u00e9es.<\/p>\n<p data-start=\"663\" data-end=\"827\">Gr\u00e2ce \u00e0 son moteur diesel \u00e0 couple \u00e9lev\u00e9, la PH-C250 fonctionne efficacement sur une grande vari\u00e9t\u00e9 de mat\u00e9riaux, offrant une stabilisation profonde et uniforme du sol \u00e0 chaque passage.<\/p>\n<h3 data-start=\"834\" data-end=\"893\">Efficace, durable et con\u00e7u pour de longues heures de travail<\/h3>\n<p data-start=\"895\" data-end=\"1247\">Dot\u00e9e d'un moteur diesel \u00e9conome en carburant, la PH-C250 fonctionne plus longtemps avec un seul r\u00e9servoir que les machines \u00e0 essence comparables. Sa plaque de base en acier renforc\u00e9 produit des vibrations \u00e0 haute fr\u00e9quence pour le compactage des sols denses et meubles. Le syst\u00e8me de poign\u00e9e absorbant les chocs assure un meilleur contr\u00f4le et r\u00e9duit la fatigue de l'op\u00e9rateur lors d'un fonctionnement continu.<\/p>\n<p data-start=\"1249\" data-end=\"1352\">En outre, le carter de courroie \u00e9tanche et la conception \u00e0 acc\u00e8s ouvert facilitent l'entretien sur les chantiers.<\/p>\n<h3 data-start=\"1359\" data-end=\"1425\">Id\u00e9al pour la construction sur le terrain et l'utilisation efficace de l'\u00e9nergie<\/h3>\n<p data-start=\"1427\" data-end=\"1759\">Les moteurs diesel sont plus performants dans des conditions d'utilisation prolong\u00e9e et de charge \u00e9lev\u00e9e, ce qui fait de la PH-C250 un choix judicieux pour les projets d'infrastructure, les chantiers ruraux et les zones o\u00f9 l'acc\u00e8s \u00e0 l'essence est limit\u00e9. Ses puissantes performances de compactage permettent d'obtenir des r\u00e9sultats fiables sur les lits de gravier, les bases de sable et les fondations routi\u00e8res.<\/p>\n<p data-start=\"1761\" data-end=\"1842\">Sa construction robuste lui permet de r\u00e9sister facilement aux environnements ext\u00e9rieurs difficiles.<\/p>\n<h3 data-start=\"1849\" data-end=\"1901\">Principales caract\u00e9ristiques du compacteur \u00e0 plaque diesel PH-C250<\/h3>\n<ul data-start=\"1903\" data-end=\"2219\">\n<li data-start=\"1903\" data-end=\"1966\">\n<p data-start=\"1905\" data-end=\"1966\">Moteur diesel \u00e0 couple \u00e9lev\u00e9 pour un compactage fort et r\u00e9gulier<\/p>\n<\/li>\n<li data-start=\"1967\" data-end=\"2035\">\n<p data-start=\"1969\" data-end=\"2035\">La taille moyenne des plaques est id\u00e9ale pour les routes, les fondations et les parkings.<\/p>\n<\/li>\n<li data-start=\"2036\" data-end=\"2099\">\n<p data-start=\"2038\" data-end=\"2099\">Dur\u00e9e d'utilisation plus longue et \u00e9conomies de carburant par rapport aux mod\u00e8les \u00e0 essence<\/p>\n<\/li>\n<li data-start=\"2100\" data-end=\"2161\">\n<p data-start=\"2102\" data-end=\"2161\">Base solide en acier avec vibrations r\u00e9guli\u00e8res pour les surfaces lisses<\/p>\n<\/li>\n<li data-start=\"2162\" data-end=\"2219\">\n<p data-start=\"2164\" data-end=\"2219\">Couvercle du moteur et conception \u00e0 cadre ouvert pour faciliter l'entretien<\/p>\n<\/li>\n<\/ul>\n<p><iframe title=\"compacteur,pilon de compactage,dameur,compacteur \u00e0 plaque,vibration de construction,machine de compactage.#ampon de compactage\" width=\"720\" height=\"405\" src=\"https:\/\/www.youtube.com\/embed\/kHw7Cpv12Zs?feature=oembed\" frameborder=\"0\" allow=\"accelerometer; autoplay; clipboard-write; encrypted-media; gyroscope; picture-in-picture; web-share\" referrerpolicy=\"strict-origin-when-cross-origin\" allowfullscreen><\/iframe><\/p>","protected":false},"excerpt":{"rendered":"<p>Le compacteur \u00e0 plaque diesel PH-C250 assure un compactage efficace et \u00e0 couple \u00e9lev\u00e9 des sols pour les travaux routiers, les graviers et les fondations. Construit pour une performance et une durabilit\u00e9 continues.<\/p>","protected":false},"featured_media":9119,"template":"","meta":{"_kad_post_transparent":"default","_kad_post_title":"","_kad_post_layout":"default","_kad_post_sidebar_id":"","_kad_post_content_style":"default","_kad_post_vertical_padding":"default","_kad_post_feature":"","_kad_post_feature_position":"","_kad_post_header":false,"_kad_post_footer":false},"product_brand":[],"product_cat":[59],"product_tag":[1066,1062,1065,1070,1069,1063,1067,1064,1061,1068],"class_list":{"0":"post-9118","1":"product","2":"type-product","3":"status-publish","4":"has-post-thumbnail","6":"product_cat-plate-compactor","7":"product_tag-diesel-plate-compactor","8":"product_tag-forward-plate-compactor","9":"product_tag-gasoline-plate-compactor","10":"product_tag-heavy-duty-plate-compactor","11":"product_tag-plate-compactor-for-asphalt","12":"product_tag-reversible-plate-compactor","13":"product_tag-road-construction-compactor","14":"product_tag-soil-plate-compactor","15":"product_tag-vibratory-plate-compactor","16":"product_tag-walk-behind-plate-compactor","18":"first","19":"instock","20":"shipping-taxable","21":"product-type-simple","22":"entry","23":"content-bg","24":"loop-entry"},"yoast_head":"<!-- This site is optimized with the Yoast SEO plugin v25.3.1 - https:\/\/yoast.com\/wordpress\/plugins\/seo\/ -->\n<title>Plate Compactor PH-C250 - HSY Construction Machinery<\/title>\n<meta name=\"description\" content=\"PH-C250 Diesel Plate Compactor delivers fuel-efficient, high-impact compaction for road, gravel, and foundation work. Ideal for demanding and remote job sites.\" \/>\n<meta name=\"robots\" content=\"index, follow, max-snippet:-1, max-image-preview:large, max-video-preview:-1\" \/>\n<link rel=\"canonical\" href=\"https:\/\/www.hsymachinery.com\/fr\/product\/compacteur-a-plaque-ph-c250\/\" \/>\n<meta property=\"og:locale\" content=\"fr_FR\" \/>\n<meta property=\"og:type\" content=\"article\" \/>\n<meta property=\"og:title\" content=\"Plate Compactor PH-C250 - HSY Construction Machinery\" \/>\n<meta property=\"og:description\" content=\"PH-C250 Diesel Plate Compactor delivers fuel-efficient, high-impact compaction for road, gravel, and foundation work. Ideal for demanding and remote job sites.\" \/>\n<meta property=\"og:url\" content=\"https:\/\/www.hsymachinery.com\/fr\/product\/compacteur-a-plaque-ph-c250\/\" \/>\n<meta property=\"og:site_name\" content=\"HSY Construction Machinery\" \/>\n<meta property=\"article:modified_time\" content=\"2025-06-28T11:56:08+00:00\" \/>\n<meta property=\"og:image\" content=\"https:\/\/www.hsymachinery.com\/wp-content\/uploads\/2025\/06\/Plate-Compactor-PH-C250.jpg\" \/>\n\t<meta property=\"og:image:width\" content=\"600\" \/>\n\t<meta property=\"og:image:height\" content=\"600\" \/>\n\t<meta property=\"og:image:type\" content=\"image\/jpeg\" \/>\n<meta name=\"twitter:card\" content=\"summary_large_image\" \/>\n<meta name=\"twitter:label1\" content=\"Dur\u00e9e de lecture estim\u00e9e\" \/>\n\t<meta name=\"twitter:data1\" content=\"2 minutes\" \/>\n<script type=\"application\/ld+json\" class=\"yoast-schema-graph\">{\"@context\":\"https:\/\/schema.org\",\"@graph\":[{\"@type\":\"WebPage\",\"@id\":\"https:\/\/www.hsymachinery.com\/product\/plate-compactor-ph-c250\/\",\"url\":\"https:\/\/www.hsymachinery.com\/product\/plate-compactor-ph-c250\/\",\"name\":\"Plate Compactor PH-C250 - HSY Construction Machinery\",\"isPartOf\":{\"@id\":\"https:\/\/www.hsymachinery.com\/#website\"},\"primaryImageOfPage\":{\"@id\":\"https:\/\/www.hsymachinery.com\/product\/plate-compactor-ph-c250\/#primaryimage\"},\"image\":{\"@id\":\"https:\/\/www.hsymachinery.com\/product\/plate-compactor-ph-c250\/#primaryimage\"},\"thumbnailUrl\":\"https:\/\/www.hsymachinery.com\/wp-content\/uploads\/2025\/06\/Plate-Compactor-PH-C250.jpg\",\"datePublished\":\"2025-06-18T09:04:38+00:00\",\"dateModified\":\"2025-06-28T11:56:08+00:00\",\"description\":\"PH-C250 Diesel Plate Compactor delivers fuel-efficient, high-impact compaction for road, gravel, and foundation work. Ideal for demanding and remote job sites.\",\"breadcrumb\":{\"@id\":\"https:\/\/www.hsymachinery.com\/product\/plate-compactor-ph-c250\/#breadcrumb\"},\"inLanguage\":\"fr-FR\",\"potentialAction\":[{\"@type\":\"ReadAction\",\"target\":[\"https:\/\/www.hsymachinery.com\/product\/plate-compactor-ph-c250\/\"]}]},{\"@type\":\"ImageObject\",\"inLanguage\":\"fr-FR\",\"@id\":\"https:\/\/www.hsymachinery.com\/product\/plate-compactor-ph-c250\/#primaryimage\",\"url\":\"https:\/\/www.hsymachinery.com\/wp-content\/uploads\/2025\/06\/Plate-Compactor-PH-C250.jpg\",\"contentUrl\":\"https:\/\/www.hsymachinery.com\/wp-content\/uploads\/2025\/06\/Plate-Compactor-PH-C250.jpg\",\"width\":600,\"height\":600},{\"@type\":\"BreadcrumbList\",\"@id\":\"https:\/\/www.hsymachinery.com\/product\/plate-compactor-ph-c250\/#breadcrumb\",\"itemListElement\":[{\"@type\":\"ListItem\",\"position\":1,\"name\":\"home\",\"item\":\"https:\/\/www.hsymachinery.com\/\"},{\"@type\":\"ListItem\",\"position\":2,\"name\":\"products\",\"item\":\"https:\/\/www.hsymachinery.com\/products\/\"},{\"@type\":\"ListItem\",\"position\":3,\"name\":\"Plate Compactor PH-C250\"}]},{\"@type\":\"WebSite\",\"@id\":\"https:\/\/www.hsymachinery.com\/#website\",\"url\":\"https:\/\/www.hsymachinery.com\/\",\"name\":\"HSY Construction Machinery\",\"description\":\"HSY Machinery \u2013 A leading China construction machinery supplier, offering a wide range of light construction equipment. Our main products include Rebar Cutting Machine, Rebar Bending Machine, Rebar Stirrup Bending Machine, Rebar Arc Bending Machine, Rebar Straightening Machine, Five-Head Rebar Stirrup Bending Machine, Tamping Rammer, Plate Compactor, Concrete Cutter, Power Trowel, and other construction machinery. We are equipped with advanced CNC machines, and we enforce strict quality inspection standards along with comprehensive after-sales service. If you are interested in our products or services, we warmly welcome your inquiries via message.\",\"publisher\":{\"@id\":\"https:\/\/www.hsymachinery.com\/#organization\"},\"potentialAction\":[{\"@type\":\"SearchAction\",\"target\":{\"@type\":\"EntryPoint\",\"urlTemplate\":\"https:\/\/www.hsymachinery.com\/?s={search_term_string}\"},\"query-input\":{\"@type\":\"PropertyValueSpecification\",\"valueRequired\":true,\"valueName\":\"search_term_string\"}}],\"inLanguage\":\"fr-FR\"},{\"@type\":\"Organization\",\"@id\":\"https:\/\/www.hsymachinery.com\/#organization\",\"name\":\"HSY Construction Machinery\",\"url\":\"https:\/\/www.hsymachinery.com\/\",\"logo\":{\"@type\":\"ImageObject\",\"inLanguage\":\"fr-FR\",\"@id\":\"https:\/\/www.hsymachinery.com\/#\/schema\/logo\/image\/\",\"url\":\"https:\/\/www.hsymachinery.com\/wp-content\/uploads\/2025\/06\/cropped-HSY-machinery.png\",\"contentUrl\":\"https:\/\/www.hsymachinery.com\/wp-content\/uploads\/2025\/06\/cropped-HSY-machinery.png\",\"width\":600,\"height\":240,\"caption\":\"HSY Construction Machinery\"},\"image\":{\"@id\":\"https:\/\/www.hsymachinery.com\/#\/schema\/logo\/image\/\"}}]}<\/script>\n<!-- \/ Yoast SEO plugin. -->","yoast_head_json":{"title":"Compacteur \u00e0 plaque PH-C250 - HSY Construction Machinery","description":"Le compacteur \u00e0 plaque diesel PH-C250 offre un compactage \u00e0 haut impact et \u00e0 faible consommation de carburant pour les routes, les graviers et les travaux de fondation. Id\u00e9al pour les chantiers exigeants et \u00e9loign\u00e9s.","robots":{"index":"index","follow":"follow","max-snippet":"max-snippet:-1","max-image-preview":"max-image-preview:large","max-video-preview":"max-video-preview:-1"},"canonical":"https:\/\/www.hsymachinery.com\/fr\/product\/compacteur-a-plaque-ph-c250\/","og_locale":"fr_FR","og_type":"article","og_title":"Plate Compactor PH-C250 - HSY Construction Machinery","og_description":"PH-C250 Diesel Plate Compactor delivers fuel-efficient, high-impact compaction for road, gravel, and foundation work. Ideal for demanding and remote job sites.","og_url":"https:\/\/www.hsymachinery.com\/fr\/product\/compacteur-a-plaque-ph-c250\/","og_site_name":"HSY Construction Machinery","article_modified_time":"2025-06-28T11:56:08+00:00","og_image":[{"width":600,"height":600,"url":"https:\/\/www.hsymachinery.com\/wp-content\/uploads\/2025\/06\/Plate-Compactor-PH-C250.jpg","type":"image\/jpeg"}],"twitter_card":"summary_large_image","twitter_misc":{"Dur\u00e9e de lecture estim\u00e9e":"2 minutes"},"schema":{"@context":"https:\/\/schema.org","@graph":[{"@type":"WebPage","@id":"https:\/\/www.hsymachinery.com\/product\/plate-compactor-ph-c250\/","url":"https:\/\/www.hsymachinery.com\/product\/plate-compactor-ph-c250\/","name":"Compacteur \u00e0 plaque PH-C250 - HSY Construction Machinery","isPartOf":{"@id":"https:\/\/www.hsymachinery.com\/#website"},"primaryImageOfPage":{"@id":"https:\/\/www.hsymachinery.com\/product\/plate-compactor-ph-c250\/#primaryimage"},"image":{"@id":"https:\/\/www.hsymachinery.com\/product\/plate-compactor-ph-c250\/#primaryimage"},"thumbnailUrl":"https:\/\/www.hsymachinery.com\/wp-content\/uploads\/2025\/06\/Plate-Compactor-PH-C250.jpg","datePublished":"2025-06-18T09:04:38+00:00","dateModified":"2025-06-28T11:56:08+00:00","description":"Le compacteur \u00e0 plaque diesel PH-C250 offre un compactage \u00e0 haut impact et \u00e0 faible consommation de carburant pour les routes, les graviers et les travaux de fondation. Id\u00e9al pour les chantiers exigeants et \u00e9loign\u00e9s.","breadcrumb":{"@id":"https:\/\/www.hsymachinery.com\/product\/plate-compactor-ph-c250\/#breadcrumb"},"inLanguage":"fr-FR","potentialAction":[{"@type":"ReadAction","target":["https:\/\/www.hsymachinery.com\/product\/plate-compactor-ph-c250\/"]}]},{"@type":"ImageObject","inLanguage":"fr-FR","@id":"https:\/\/www.hsymachinery.com\/product\/plate-compactor-ph-c250\/#primaryimage","url":"https:\/\/www.hsymachinery.com\/wp-content\/uploads\/2025\/06\/Plate-Compactor-PH-C250.jpg","contentUrl":"https:\/\/www.hsymachinery.com\/wp-content\/uploads\/2025\/06\/Plate-Compactor-PH-C250.jpg","width":600,"height":600},{"@type":"BreadcrumbList","@id":"https:\/\/www.hsymachinery.com\/product\/plate-compactor-ph-c250\/#breadcrumb","itemListElement":[{"@type":"ListItem","position":1,"name":"home","item":"https:\/\/www.hsymachinery.com\/"},{"@type":"ListItem","position":2,"name":"products","item":"https:\/\/www.hsymachinery.com\/products\/"},{"@type":"ListItem","position":3,"name":"Plate Compactor PH-C250"}]},{"@type":"WebSite","@id":"https:\/\/www.hsymachinery.com\/#website","url":"https:\/\/www.hsymachinery.com\/","name":"Machines de construction HSY","description":"HSY Machinery - Un fournisseur leader de machines de construction en Chine, offrant une large gamme d'\u00e9quipements de construction l\u00e9gers. Nos produits principaux incluent la machine \u00e0 couper les barres, la machine \u00e0 plier les barres, la machine \u00e0 plier les \u00e9triers, la machine \u00e0 plier les barres en arc, la machine \u00e0 redresser les barres, la machine \u00e0 plier les \u00e9triers \u00e0 cinq t\u00eates, le pilon de bourrage, le compacteur \u00e0 plaque, le coupe-b\u00e9ton, la truelle m\u00e9canique et d'autres machines de construction. Nous sommes \u00e9quip\u00e9s de machines CNC de pointe et nous appliquons des normes strictes d'inspection de la qualit\u00e9 ainsi qu'un service apr\u00e8s-vente complet. Si vous \u00eates int\u00e9ress\u00e9 par nos produits ou services, nous vous invitons \u00e0 nous envoyer vos demandes de renseignements par message.","publisher":{"@id":"https:\/\/www.hsymachinery.com\/#organization"},"potentialAction":[{"@type":"SearchAction","target":{"@type":"EntryPoint","urlTemplate":"https:\/\/www.hsymachinery.com\/?s={search_term_string}"},"query-input":{"@type":"PropertyValueSpecification","valueRequired":true,"valueName":"search_term_string"}}],"inLanguage":"fr-FR"},{"@type":"Organization","@id":"https:\/\/www.hsymachinery.com\/#organization","name":"Machines de construction HSY","url":"https:\/\/www.hsymachinery.com\/","logo":{"@type":"ImageObject","inLanguage":"fr-FR","@id":"https:\/\/www.hsymachinery.com\/#\/schema\/logo\/image\/","url":"https:\/\/www.hsymachinery.com\/wp-content\/uploads\/2025\/06\/cropped-HSY-machinery.png","contentUrl":"https:\/\/www.hsymachinery.com\/wp-content\/uploads\/2025\/06\/cropped-HSY-machinery.png","width":600,"height":240,"caption":"HSY Construction Machinery"},"image":{"@id":"https:\/\/www.hsymachinery.com\/#\/schema\/logo\/image\/"}}]}},"_links":{"self":[{"href":"https:\/\/www.hsymachinery.com\/fr\/wp-json\/wp\/v2\/product\/9118","targetHints":{"allow":["GET"]}}],"collection":[{"href":"https:\/\/www.hsymachinery.com\/fr\/wp-json\/wp\/v2\/product"}],"about":[{"href":"https:\/\/www.hsymachinery.com\/fr\/wp-json\/wp\/v2\/types\/product"}],"version-history":[{"count":3,"href":"https:\/\/www.hsymachinery.com\/fr\/wp-json\/wp\/v2\/product\/9118\/revisions"}],"predecessor-version":[{"id":9535,"href":"https:\/\/www.hsymachinery.com\/fr\/wp-json\/wp\/v2\/product\/9118\/revisions\/9535"}],"wp:featuredmedia":[{"embeddable":true,"href":"https:\/\/www.hsymachinery.com\/fr\/wp-json\/wp\/v2\/media\/9119"}],"wp:attachment":[{"href":"https:\/\/www.hsymachinery.com\/fr\/wp-json\/wp\/v2\/media?parent=9118"}],"wp:term":[{"taxonomy":"product_brand","embeddable":true,"href":"https:\/\/www.hsymachinery.com\/fr\/wp-json\/wp\/v2\/product_brand?post=9118"},{"taxonomy":"product_cat","embeddable":true,"href":"https:\/\/www.hsymachinery.com\/fr\/wp-json\/wp\/v2\/product_cat?post=9118"},{"taxonomy":"product_tag","embeddable":true,"href":"https:\/\/www.hsymachinery.com\/fr\/wp-json\/wp\/v2\/product_tag?post=9118"}],"curies":[{"name":"wp","href":"https:\/\/api.w.org\/{rel}","templated":true}]}}