{"id":9112,"date":"2025-06-18T17:02:18","date_gmt":"2025-06-18T09:02:18","guid":{"rendered":"https:\/\/www.hsymachinery.com\/?post_type=product&#038;p=9112"},"modified":"2025-06-28T19:48:05","modified_gmt":"2025-06-28T11:48:05","slug":"compacteur-a-plaque-ph-l250","status":"publish","type":"product","link":"https:\/\/www.hsymachinery.com\/fr\/product\/compacteur-a-plaque-ph-l250\/","title":{"rendered":"Compacteur \u00e0 plaque PH-L250"},"content":{"rendered":"<h2 data-start=\"96\" data-end=\"127\">Compacteur \u00e0 plaque PH-L250<\/h2>\n<h3 data-start=\"128\" data-end=\"251\">PH-L250 Loncin Gasoline Plate Compactor | Machine \u00e0 compacter les sols de taille moyenne pour les travaux de fondation, d'asphalte et d'assise des routes<\/h3>\n<h3 data-start=\"258\" data-end=\"341\">Pr\u00e9sentation du produit - Puissant moteur Loncin pour des applications polyvalentes sur le chantier<a href=\"https:\/\/www.hsymachinery.com\/fr\/produits\/compacteur-a-plaque\/\" target=\"_blank\" rel=\"noopener\"><img fetchpriority=\"high\" decoding=\"async\" class=\"wp-image-9113 alignright\" src=\"https:\/\/www.hsymachinery.com\/wp-content\/uploads\/2025\/06\/Plate-Compactor-PH-L250-300x300.jpg\" alt=\"\" width=\"462\" height=\"462\" srcset=\"https:\/\/www.hsymachinery.com\/wp-content\/uploads\/2025\/06\/Plate-Compactor-PH-L250-300x300.jpg 300w, https:\/\/www.hsymachinery.com\/wp-content\/uploads\/2025\/06\/Plate-Compactor-PH-L250-150x150.jpg 150w, https:\/\/www.hsymachinery.com\/wp-content\/uploads\/2025\/06\/Plate-Compactor-PH-L250-100x100.jpg 100w, https:\/\/www.hsymachinery.com\/wp-content\/uploads\/2025\/06\/Plate-Compactor-PH-L250.jpg 600w\" sizes=\"(max-width: 462px) 100vw, 462px\" \/><\/a><\/h3>\n<p data-start=\"343\" data-end=\"708\">Les <strong data-start=\"347\" data-end=\"374\">Compacteur \u00e0 plaque PH-L250<\/strong> est une machine de compactage de sol \u00e0 usage moyen, \u00e9quip\u00e9e d'un moteur \u00e0 essence Loncin fiable, con\u00e7ue pour effectuer un plus grand nombre de t\u00e2ches de pr\u00e9paration de surface. Id\u00e9al pour le compactage de la base des routes, le rapi\u00e9\u00e7age de l'asphalte, la construction d'all\u00e9es et le nivellement des fondations, ce mod\u00e8le allie une grande puissance de compactage \u00e0 une grande maniabilit\u00e9.<\/p>\n<p data-start=\"710\" data-end=\"883\">Sa fr\u00e9quence de vibration am\u00e9lior\u00e9e et sa plaque de base stable en font une solution fiable pour une utilisation quotidienne par les constructeurs de routes, les employ\u00e9s municipaux et les entrepreneurs en construction.<\/p>\n<h3 data-start=\"890\" data-end=\"956\">Un moteur efficace, une conduite souple et une construction durable<\/h3>\n<p data-start=\"958\" data-end=\"1290\">Le moteur Loncin offre un allumage en douceur, une faible consommation de carburant et une puissance stable tout au long de la journ\u00e9e de travail. La plaque de compactage renforc\u00e9e assure un contact r\u00e9gulier avec le sol et une finition plane et compact\u00e9e. Le syst\u00e8me de poign\u00e9e anti-vibration prot\u00e8ge l'op\u00e9rateur de la fatigue et r\u00e9duit les efforts physiques.<\/p>\n<p data-start=\"1292\" data-end=\"1416\">Con\u00e7ue pour un fonctionnement et un transport efficaces, la PH-L250 est \u00e9galement facile \u00e0 entretenir, ce qui en fait la favorite des flottes de location.<\/p>\n<h3 data-start=\"1423\" data-end=\"1479\">Con\u00e7ue pour les travaux de compactage en ext\u00e9rieur de moyenne \u00e0 grande envergure<\/h3>\n<p data-start=\"1481\" data-end=\"1700\">Des parkings aux plaques d'asphalte, ce compacteur fonctionne bien dans les zones de construction de taille moyenne. Il fonctionne efficacement sur le sable, le gravier, l'asphalte et les sols coh\u00e9sifs, fournissant des r\u00e9sultats fiables \u00e0 chaque fois.<\/p>\n<p data-start=\"1702\" data-end=\"1815\">Son ch\u00e2ssis robuste r\u00e9siste \u00e0 une utilisation intensive et son corps compact permet une grande souplesse de man\u0153uvre sur les chantiers.<\/p>\n<h3 data-start=\"1822\" data-end=\"1867\">Caract\u00e9ristiques principales du compacteur \u00e0 plaque PH-L250<\/h3>\n<ul data-start=\"1869\" data-end=\"2153\">\n<li data-start=\"1869\" data-end=\"1920\">\n<p data-start=\"1871\" data-end=\"1920\">\u00c9quip\u00e9 d'un moteur \u00e0 essence 4 temps Loncin<\/p>\n<\/li>\n<li data-start=\"1921\" data-end=\"1988\">\n<p data-start=\"1923\" data-end=\"1988\">Plaque de taille moyenne id\u00e9ale pour l'asphalte, les routes et les bases de construction<\/p>\n<\/li>\n<li data-start=\"1989\" data-end=\"2047\">\n<p data-start=\"1991\" data-end=\"2047\">La poign\u00e9e r\u00e9duisant les vibrations am\u00e9liore le confort et le contr\u00f4le<\/p>\n<\/li>\n<li data-start=\"2048\" data-end=\"2108\">\n<p data-start=\"2050\" data-end=\"2108\">Plaque d'acier tr\u00e8s durable avec une finition de compactage lisse<\/p>\n<\/li>\n<li data-start=\"2109\" data-end=\"2153\">\n<p data-start=\"2111\" data-end=\"2153\">Facile \u00e0 transporter, \u00e0 entretenir et \u00e0 utiliser<\/p>\n<\/li>\n<\/ul>\n<p><iframe title=\"compacteur,pilon de compactage,dameur,compacteur \u00e0 plaque,vibration de construction,machine de compactage.#ampon de compactage\" width=\"720\" height=\"405\" src=\"https:\/\/www.youtube.com\/embed\/kHw7Cpv12Zs?feature=oembed\" frameborder=\"0\" allow=\"accelerometer; autoplay; clipboard-write; encrypted-media; gyroscope; picture-in-picture; web-share\" referrerpolicy=\"strict-origin-when-cross-origin\" allowfullscreen><\/iframe><\/p>","protected":false},"excerpt":{"rendered":"<p>Le compacteur \u00e0 plaque PH-L250 \u00e0 essence avec moteur Loncin fournit un compactage puissant et fiable pour les routes, l'asphalte et les travaux de fondation. Id\u00e9al pour les entrepreneurs et les \u00e9quipes de construction.<\/p>","protected":false},"featured_media":9113,"template":"","meta":{"_kad_post_transparent":"default","_kad_post_title":"","_kad_post_layout":"default","_kad_post_sidebar_id":"","_kad_post_content_style":"default","_kad_post_vertical_padding":"default","_kad_post_feature":"","_kad_post_feature_position":"","_kad_post_header":false,"_kad_post_footer":false},"product_brand":[],"product_cat":[59],"product_tag":[1066,1062,1065,1070,1069,1063,1067,1064,1061,1068],"class_list":{"0":"post-9112","1":"product","2":"type-product","3":"status-publish","4":"has-post-thumbnail","6":"product_cat-plate-compactor","7":"product_tag-diesel-plate-compactor","8":"product_tag-forward-plate-compactor","9":"product_tag-gasoline-plate-compactor","10":"product_tag-heavy-duty-plate-compactor","11":"product_tag-plate-compactor-for-asphalt","12":"product_tag-reversible-plate-compactor","13":"product_tag-road-construction-compactor","14":"product_tag-soil-plate-compactor","15":"product_tag-vibratory-plate-compactor","16":"product_tag-walk-behind-plate-compactor","18":"first","19":"instock","20":"shipping-taxable","21":"product-type-simple","22":"entry","23":"content-bg","24":"loop-entry"},"yoast_head":"<!-- This site is optimized with the Yoast SEO plugin v25.3.1 - https:\/\/yoast.com\/wordpress\/plugins\/seo\/ -->\n<title>Plate Compactor PH-L250 - HSY Construction Machinery<\/title>\n<meta name=\"description\" content=\"PH-L250 Plate Compactor powered by a Loncin engine delivers effective soil and asphalt compaction for driveways, roads, and foundation projects. Medium-duty performance.\" \/>\n<meta name=\"robots\" content=\"index, follow, max-snippet:-1, max-image-preview:large, max-video-preview:-1\" \/>\n<link rel=\"canonical\" href=\"https:\/\/www.hsymachinery.com\/fr\/product\/compacteur-a-plaque-ph-l250\/\" \/>\n<meta property=\"og:locale\" content=\"fr_FR\" \/>\n<meta property=\"og:type\" content=\"article\" \/>\n<meta property=\"og:title\" content=\"Plate Compactor PH-L250 - HSY Construction Machinery\" \/>\n<meta property=\"og:description\" content=\"PH-L250 Plate Compactor powered by a Loncin engine delivers effective soil and asphalt compaction for driveways, roads, and foundation projects. Medium-duty performance.\" \/>\n<meta property=\"og:url\" content=\"https:\/\/www.hsymachinery.com\/fr\/product\/compacteur-a-plaque-ph-l250\/\" \/>\n<meta property=\"og:site_name\" content=\"HSY Construction Machinery\" \/>\n<meta property=\"article:modified_time\" content=\"2025-06-28T11:48:05+00:00\" \/>\n<meta property=\"og:image\" content=\"https:\/\/www.hsymachinery.com\/wp-content\/uploads\/2025\/06\/Plate-Compactor-PH-L250.jpg\" \/>\n\t<meta property=\"og:image:width\" content=\"600\" \/>\n\t<meta property=\"og:image:height\" content=\"600\" \/>\n\t<meta property=\"og:image:type\" content=\"image\/jpeg\" \/>\n<meta name=\"twitter:card\" content=\"summary_large_image\" \/>\n<meta name=\"twitter:label1\" content=\"Dur\u00e9e de lecture estim\u00e9e\" \/>\n\t<meta name=\"twitter:data1\" content=\"2 minutes\" \/>\n<script type=\"application\/ld+json\" class=\"yoast-schema-graph\">{\"@context\":\"https:\/\/schema.org\",\"@graph\":[{\"@type\":\"WebPage\",\"@id\":\"https:\/\/www.hsymachinery.com\/product\/plate-compactor-ph-l250\/\",\"url\":\"https:\/\/www.hsymachinery.com\/product\/plate-compactor-ph-l250\/\",\"name\":\"Plate Compactor PH-L250 - HSY Construction Machinery\",\"isPartOf\":{\"@id\":\"https:\/\/www.hsymachinery.com\/#website\"},\"primaryImageOfPage\":{\"@id\":\"https:\/\/www.hsymachinery.com\/product\/plate-compactor-ph-l250\/#primaryimage\"},\"image\":{\"@id\":\"https:\/\/www.hsymachinery.com\/product\/plate-compactor-ph-l250\/#primaryimage\"},\"thumbnailUrl\":\"https:\/\/www.hsymachinery.com\/wp-content\/uploads\/2025\/06\/Plate-Compactor-PH-L250.jpg\",\"datePublished\":\"2025-06-18T09:02:18+00:00\",\"dateModified\":\"2025-06-28T11:48:05+00:00\",\"description\":\"PH-L250 Plate Compactor powered by a Loncin engine delivers effective soil and asphalt compaction for driveways, roads, and foundation projects. Medium-duty performance.\",\"breadcrumb\":{\"@id\":\"https:\/\/www.hsymachinery.com\/product\/plate-compactor-ph-l250\/#breadcrumb\"},\"inLanguage\":\"fr-FR\",\"potentialAction\":[{\"@type\":\"ReadAction\",\"target\":[\"https:\/\/www.hsymachinery.com\/product\/plate-compactor-ph-l250\/\"]}]},{\"@type\":\"ImageObject\",\"inLanguage\":\"fr-FR\",\"@id\":\"https:\/\/www.hsymachinery.com\/product\/plate-compactor-ph-l250\/#primaryimage\",\"url\":\"https:\/\/www.hsymachinery.com\/wp-content\/uploads\/2025\/06\/Plate-Compactor-PH-L250.jpg\",\"contentUrl\":\"https:\/\/www.hsymachinery.com\/wp-content\/uploads\/2025\/06\/Plate-Compactor-PH-L250.jpg\",\"width\":600,\"height\":600},{\"@type\":\"BreadcrumbList\",\"@id\":\"https:\/\/www.hsymachinery.com\/product\/plate-compactor-ph-l250\/#breadcrumb\",\"itemListElement\":[{\"@type\":\"ListItem\",\"position\":1,\"name\":\"home\",\"item\":\"https:\/\/www.hsymachinery.com\/\"},{\"@type\":\"ListItem\",\"position\":2,\"name\":\"products\",\"item\":\"https:\/\/www.hsymachinery.com\/products\/\"},{\"@type\":\"ListItem\",\"position\":3,\"name\":\"Plate Compactor PH-L250\"}]},{\"@type\":\"WebSite\",\"@id\":\"https:\/\/www.hsymachinery.com\/#website\",\"url\":\"https:\/\/www.hsymachinery.com\/\",\"name\":\"HSY Construction Machinery\",\"description\":\"HSY Machinery \u2013 A leading China construction machinery supplier, offering a wide range of light construction equipment. Our main products include Rebar Cutting Machine, Rebar Bending Machine, Rebar Stirrup Bending Machine, Rebar Arc Bending Machine, Rebar Straightening Machine, Five-Head Rebar Stirrup Bending Machine, Tamping Rammer, Plate Compactor, Concrete Cutter, Power Trowel, and other construction machinery. We are equipped with advanced CNC machines, and we enforce strict quality inspection standards along with comprehensive after-sales service. If you are interested in our products or services, we warmly welcome your inquiries via message.\",\"publisher\":{\"@id\":\"https:\/\/www.hsymachinery.com\/#organization\"},\"potentialAction\":[{\"@type\":\"SearchAction\",\"target\":{\"@type\":\"EntryPoint\",\"urlTemplate\":\"https:\/\/www.hsymachinery.com\/?s={search_term_string}\"},\"query-input\":{\"@type\":\"PropertyValueSpecification\",\"valueRequired\":true,\"valueName\":\"search_term_string\"}}],\"inLanguage\":\"fr-FR\"},{\"@type\":\"Organization\",\"@id\":\"https:\/\/www.hsymachinery.com\/#organization\",\"name\":\"HSY Construction Machinery\",\"url\":\"https:\/\/www.hsymachinery.com\/\",\"logo\":{\"@type\":\"ImageObject\",\"inLanguage\":\"fr-FR\",\"@id\":\"https:\/\/www.hsymachinery.com\/#\/schema\/logo\/image\/\",\"url\":\"https:\/\/www.hsymachinery.com\/wp-content\/uploads\/2025\/06\/cropped-HSY-machinery.png\",\"contentUrl\":\"https:\/\/www.hsymachinery.com\/wp-content\/uploads\/2025\/06\/cropped-HSY-machinery.png\",\"width\":600,\"height\":240,\"caption\":\"HSY Construction Machinery\"},\"image\":{\"@id\":\"https:\/\/www.hsymachinery.com\/#\/schema\/logo\/image\/\"}}]}<\/script>\n<!-- \/ Yoast SEO plugin. -->","yoast_head_json":{"title":"Compacteur \u00e0 plaque PH-L250 - HSY Construction Machinery","description":"Le compacteur \u00e0 plaque PH-L250, \u00e9quip\u00e9 d'un moteur Loncin, assure un compactage efficace du sol et de l'asphalte pour les all\u00e9es, les routes et les projets de fondation. Performances moyennes.","robots":{"index":"index","follow":"follow","max-snippet":"max-snippet:-1","max-image-preview":"max-image-preview:large","max-video-preview":"max-video-preview:-1"},"canonical":"https:\/\/www.hsymachinery.com\/fr\/product\/compacteur-a-plaque-ph-l250\/","og_locale":"fr_FR","og_type":"article","og_title":"Plate Compactor PH-L250 - HSY Construction Machinery","og_description":"PH-L250 Plate Compactor powered by a Loncin engine delivers effective soil and asphalt compaction for driveways, roads, and foundation projects. Medium-duty performance.","og_url":"https:\/\/www.hsymachinery.com\/fr\/product\/compacteur-a-plaque-ph-l250\/","og_site_name":"HSY Construction Machinery","article_modified_time":"2025-06-28T11:48:05+00:00","og_image":[{"width":600,"height":600,"url":"https:\/\/www.hsymachinery.com\/wp-content\/uploads\/2025\/06\/Plate-Compactor-PH-L250.jpg","type":"image\/jpeg"}],"twitter_card":"summary_large_image","twitter_misc":{"Dur\u00e9e de lecture estim\u00e9e":"2 minutes"},"schema":{"@context":"https:\/\/schema.org","@graph":[{"@type":"WebPage","@id":"https:\/\/www.hsymachinery.com\/product\/plate-compactor-ph-l250\/","url":"https:\/\/www.hsymachinery.com\/product\/plate-compactor-ph-l250\/","name":"Compacteur \u00e0 plaque PH-L250 - HSY Construction Machinery","isPartOf":{"@id":"https:\/\/www.hsymachinery.com\/#website"},"primaryImageOfPage":{"@id":"https:\/\/www.hsymachinery.com\/product\/plate-compactor-ph-l250\/#primaryimage"},"image":{"@id":"https:\/\/www.hsymachinery.com\/product\/plate-compactor-ph-l250\/#primaryimage"},"thumbnailUrl":"https:\/\/www.hsymachinery.com\/wp-content\/uploads\/2025\/06\/Plate-Compactor-PH-L250.jpg","datePublished":"2025-06-18T09:02:18+00:00","dateModified":"2025-06-28T11:48:05+00:00","description":"Le compacteur \u00e0 plaque PH-L250, \u00e9quip\u00e9 d'un moteur Loncin, assure un compactage efficace du sol et de l'asphalte pour les all\u00e9es, les routes et les projets de fondation. Performances moyennes.","breadcrumb":{"@id":"https:\/\/www.hsymachinery.com\/product\/plate-compactor-ph-l250\/#breadcrumb"},"inLanguage":"fr-FR","potentialAction":[{"@type":"ReadAction","target":["https:\/\/www.hsymachinery.com\/product\/plate-compactor-ph-l250\/"]}]},{"@type":"ImageObject","inLanguage":"fr-FR","@id":"https:\/\/www.hsymachinery.com\/product\/plate-compactor-ph-l250\/#primaryimage","url":"https:\/\/www.hsymachinery.com\/wp-content\/uploads\/2025\/06\/Plate-Compactor-PH-L250.jpg","contentUrl":"https:\/\/www.hsymachinery.com\/wp-content\/uploads\/2025\/06\/Plate-Compactor-PH-L250.jpg","width":600,"height":600},{"@type":"BreadcrumbList","@id":"https:\/\/www.hsymachinery.com\/product\/plate-compactor-ph-l250\/#breadcrumb","itemListElement":[{"@type":"ListItem","position":1,"name":"home","item":"https:\/\/www.hsymachinery.com\/"},{"@type":"ListItem","position":2,"name":"products","item":"https:\/\/www.hsymachinery.com\/products\/"},{"@type":"ListItem","position":3,"name":"Plate Compactor PH-L250"}]},{"@type":"WebSite","@id":"https:\/\/www.hsymachinery.com\/#website","url":"https:\/\/www.hsymachinery.com\/","name":"Machines de construction HSY","description":"HSY Machinery - Un fournisseur leader de machines de construction en Chine, offrant une large gamme d'\u00e9quipements de construction l\u00e9gers. Nos produits principaux incluent la machine \u00e0 couper les barres, la machine \u00e0 plier les barres, la machine \u00e0 plier les \u00e9triers, la machine \u00e0 plier les barres en arc, la machine \u00e0 redresser les barres, la machine \u00e0 plier les \u00e9triers \u00e0 cinq t\u00eates, le pilon de bourrage, le compacteur \u00e0 plaque, le coupe-b\u00e9ton, la truelle m\u00e9canique et d'autres machines de construction. Nous sommes \u00e9quip\u00e9s de machines CNC de pointe et nous appliquons des normes strictes d'inspection de la qualit\u00e9 ainsi qu'un service apr\u00e8s-vente complet. Si vous \u00eates int\u00e9ress\u00e9 par nos produits ou services, nous vous invitons \u00e0 nous envoyer vos demandes de renseignements par message.","publisher":{"@id":"https:\/\/www.hsymachinery.com\/#organization"},"potentialAction":[{"@type":"SearchAction","target":{"@type":"EntryPoint","urlTemplate":"https:\/\/www.hsymachinery.com\/?s={search_term_string}"},"query-input":{"@type":"PropertyValueSpecification","valueRequired":true,"valueName":"search_term_string"}}],"inLanguage":"fr-FR"},{"@type":"Organization","@id":"https:\/\/www.hsymachinery.com\/#organization","name":"Machines de construction HSY","url":"https:\/\/www.hsymachinery.com\/","logo":{"@type":"ImageObject","inLanguage":"fr-FR","@id":"https:\/\/www.hsymachinery.com\/#\/schema\/logo\/image\/","url":"https:\/\/www.hsymachinery.com\/wp-content\/uploads\/2025\/06\/cropped-HSY-machinery.png","contentUrl":"https:\/\/www.hsymachinery.com\/wp-content\/uploads\/2025\/06\/cropped-HSY-machinery.png","width":600,"height":240,"caption":"HSY Construction Machinery"},"image":{"@id":"https:\/\/www.hsymachinery.com\/#\/schema\/logo\/image\/"}}]}},"_links":{"self":[{"href":"https:\/\/www.hsymachinery.com\/fr\/wp-json\/wp\/v2\/product\/9112","targetHints":{"allow":["GET"]}}],"collection":[{"href":"https:\/\/www.hsymachinery.com\/fr\/wp-json\/wp\/v2\/product"}],"about":[{"href":"https:\/\/www.hsymachinery.com\/fr\/wp-json\/wp\/v2\/types\/product"}],"version-history":[{"count":3,"href":"https:\/\/www.hsymachinery.com\/fr\/wp-json\/wp\/v2\/product\/9112\/revisions"}],"predecessor-version":[{"id":9531,"href":"https:\/\/www.hsymachinery.com\/fr\/wp-json\/wp\/v2\/product\/9112\/revisions\/9531"}],"wp:featuredmedia":[{"embeddable":true,"href":"https:\/\/www.hsymachinery.com\/fr\/wp-json\/wp\/v2\/media\/9113"}],"wp:attachment":[{"href":"https:\/\/www.hsymachinery.com\/fr\/wp-json\/wp\/v2\/media?parent=9112"}],"wp:term":[{"taxonomy":"product_brand","embeddable":true,"href":"https:\/\/www.hsymachinery.com\/fr\/wp-json\/wp\/v2\/product_brand?post=9112"},{"taxonomy":"product_cat","embeddable":true,"href":"https:\/\/www.hsymachinery.com\/fr\/wp-json\/wp\/v2\/product_cat?post=9112"},{"taxonomy":"product_tag","embeddable":true,"href":"https:\/\/www.hsymachinery.com\/fr\/wp-json\/wp\/v2\/product_tag?post=9112"}],"curies":[{"name":"wp","href":"https:\/\/api.w.org\/{rel}","templated":true}]}}