{"id":9030,"date":"2025-06-18T14:39:16","date_gmt":"2025-06-18T06:39:16","guid":{"rendered":"https:\/\/www.hsymachinery.com\/?post_type=product&#038;p=9030"},"modified":"2025-06-28T11:42:45","modified_gmt":"2025-06-28T03:42:45","slug":"cintreuse-detriers-darmature-a-cinq-tetes-gff-18","status":"publish","type":"product","link":"https:\/\/www.hsymachinery.com\/fr\/product\/cintreuse-detriers-darmature-a-cinq-tetes-gff-18\/","title":{"rendered":"Cintreuse d'\u00e9triers de barres d'armature \u00e0 cinq t\u00eates GFF-18"},"content":{"rendered":"<h2 data-start=\"117\" data-end=\"171\">Cintreuse d'\u00e9triers de barres d'armature \u00e0 cinq t\u00eates GFF-18<\/h2>\n<h3 data-start=\"172\" data-end=\"271\">GFF-18 Cintreuse d'\u00e9triers d'armatures \u00e0 cinq t\u00eates | Machine de formage d'\u00e9triers CNC \u00e0 grande vitesse pour barres d'armatures de 6 \u00e0 18 mm<\/h3>\n<h3 data-start=\"278\" data-end=\"345\">Pr\u00e9sentation du produit - Rapidit\u00e9, pr\u00e9cision et efficacit\u00e9 multi-courbes<a href=\"https:\/\/www.hsymachinery.com\/fr\/produits\/cintreuse-detriers-darmature-a-cinq-tetes\/\" target=\"_blank\" rel=\"noopener\"><img fetchpriority=\"high\" decoding=\"async\" class=\"wp-image-9456 alignright\" src=\"https:\/\/www.hsymachinery.com\/wp-content\/uploads\/2025\/06\/CNC-Stirrup-Bending-Equipment-225x300.jpg\" alt=\"\" width=\"400\" height=\"533\" srcset=\"https:\/\/www.hsymachinery.com\/wp-content\/uploads\/2025\/06\/CNC-Stirrup-Bending-Equipment-225x300.jpg 225w, https:\/\/www.hsymachinery.com\/wp-content\/uploads\/2025\/06\/CNC-Stirrup-Bending-Equipment-768x1024.jpg 768w, https:\/\/www.hsymachinery.com\/wp-content\/uploads\/2025\/06\/CNC-Stirrup-Bending-Equipment-600x800.jpg 600w, https:\/\/www.hsymachinery.com\/wp-content\/uploads\/2025\/06\/CNC-Stirrup-Bending-Equipment.jpg 800w\" sizes=\"(max-width: 400px) 100vw, 400px\" \/><\/a><\/h3>\n<p data-start=\"347\" data-end=\"741\">Les <strong data-start=\"351\" data-end=\"401\">Cintreuse d'\u00e9triers de barres d'armature \u00e0 cinq t\u00eates GFF-18<\/strong> est une machine tr\u00e8s performante con\u00e7ue pour plier avec pr\u00e9cision des barres d'acier de 6 \u00e0 18 mm en \u00e9triers et en formes complexes. Elle comporte cinq t\u00eates de cintrage ind\u00e9pendantes, qui permettent des actions de cintrage simultan\u00e9es ou s\u00e9quentielles, ce qui augmente consid\u00e9rablement la productivit\u00e9 dans les chantiers de pr\u00e9fabrication, les usines de barres d'armature et les chantiers de construction.<\/p>\n<p data-start=\"743\" data-end=\"916\">Gr\u00e2ce \u00e0 son automate programmable (PLC) et \u00e0 son fonctionnement automatique, cette machine r\u00e9duit consid\u00e9rablement le travail manuel tout en am\u00e9liorant la pr\u00e9cision des formes et la vitesse de production.<\/p>\n<h3 data-start=\"923\" data-end=\"980\">Fonctionnement flexible de plusieurs t\u00eates avec un rendement fiable<\/h3>\n<p data-start=\"982\" data-end=\"1308\">Chacune des cinq t\u00eates de pliage fonctionne avec des moteurs ind\u00e9pendants et des mouvements synchronis\u00e9s, ce qui permet de plier plusieurs \u00e9triers \u00e0 la fois ou d'ex\u00e9cuter des angles complexes en succession rapide. Vous pouvez programmer la machine pour diff\u00e9rentes formes et tailles, en r\u00e9glant les param\u00e8tres directement \u00e0 partir du panneau de commande embarqu\u00e9.<\/p>\n<p data-start=\"1310\" data-end=\"1558\">Ses bras de pliage renforc\u00e9s, ses servomoteurs de haute pr\u00e9cision et ses rouleaux durables garantissent la r\u00e9gularit\u00e9 des op\u00e9rations \u00e0 haut volume. Qu'il s'agisse de produire des \u00e9triers carr\u00e9s, rectangulaires ou personnalis\u00e9s, le GFF-18 offre des performances in\u00e9gal\u00e9es.<\/p>\n<h3 data-start=\"1565\" data-end=\"1617\">Conception robuste avec une stabilit\u00e9 de niveau industriel<\/h3>\n<p data-start=\"1619\" data-end=\"1954\">Le GFF-18 est construit sur un ch\u00e2ssis en acier robuste qui r\u00e9siste aux vibrations et \u00e0 la d\u00e9formation pendant les op\u00e9rations \u00e0 grande vitesse. Con\u00e7u pour un entretien facile et une longue dur\u00e9e de vie, il est \u00e9quip\u00e9 d'un syst\u00e8me de lubrification automatique et d'un affichage des alarmes de d\u00e9faillance. Il est compatible avec une tension triphas\u00e9e (typiquement 380 V, personnalisable) pour l'exportation mondiale.<\/p>\n<p data-start=\"1956\" data-end=\"2082\">Cette machine est id\u00e9ale pour la production d'\u00e9triers par lots, ce qui permet aux fabricants de respecter facilement les d\u00e9lais de construction.<\/p>\n<h3 data-start=\"2089\" data-end=\"2151\">Caract\u00e9ristiques principales de la cintreuse d'\u00e9triers \u00e0 cinq t\u00eates GFF-18<\/h3>\n<ul data-start=\"2153\" data-end=\"2472\">\n<li data-start=\"2153\" data-end=\"2208\">\n<p data-start=\"2155\" data-end=\"2208\">Plie les barres d'armature de 6 \u00e0 18 mm en \u00e9triers et en formes complexes<\/p>\n<\/li>\n<li data-start=\"2209\" data-end=\"2277\">\n<p data-start=\"2211\" data-end=\"2277\">Cinq t\u00eates de pliage synchronis\u00e9es pour un formage multipoint<\/p>\n<\/li>\n<li data-start=\"2278\" data-end=\"2335\">\n<p data-start=\"2280\" data-end=\"2335\">\u00c9quip\u00e9 d'un contr\u00f4le PLC intelligent et d'un \u00e9cran tactile<\/p>\n<\/li>\n<li data-start=\"2336\" data-end=\"2399\">\n<p data-start=\"2338\" data-end=\"2399\">Ch\u00e2ssis durable, lubrification automatique et diagnostic des d\u00e9faillances<\/p>\n<\/li>\n<li data-start=\"2400\" data-end=\"2472\">\n<p data-start=\"2402\" data-end=\"2472\">Convient \u00e0 la pr\u00e9fabrication \u00e0 grande \u00e9chelle et au traitement des armatures<\/p>\n<\/li>\n<\/ul>\n<p><iframe title=\"Cintreuse d&#039;armatures,Cintreuse d&#039;\u00e9triers,Cintreuse d&#039;\u00e9triers,Cintreuse d&#039;armatures,Machine \u00e0 cintrer les armatures,Machine \u00e0 cintrer les armatures\" width=\"720\" height=\"405\" src=\"https:\/\/www.youtube.com\/embed\/Xle14Q0gqpc?feature=oembed\" frameborder=\"0\" allow=\"accelerometer; autoplay; clipboard-write; encrypted-media; gyroscope; picture-in-picture; web-share\" referrerpolicy=\"strict-origin-when-cross-origin\" allowfullscreen><\/iframe><\/p>","protected":false},"excerpt":{"rendered":"<p>La cintreuse d'\u00e9triers GFF-18 utilise cinq t\u00eates synchronis\u00e9es pour cintrer efficacement des barres d'armature de 6 \u00e0 18 mm en \u00e9triers. Id\u00e9ale pour les lignes de production \u00e0 grande vitesse et \u00e0 grand volume.<\/p>","protected":false},"featured_media":9033,"template":"","meta":{"_kad_post_transparent":"default","_kad_post_title":"","_kad_post_layout":"default","_kad_post_sidebar_id":"","_kad_post_content_style":"default","_kad_post_vertical_padding":"default","_kad_post_feature":"","_kad_post_feature_position":"","_kad_post_header":false,"_kad_post_footer":false},"product_brand":[],"product_cat":[60],"product_tag":[1039,1036,1038,1037,1035,1041,1040],"class_list":{"0":"post-9030","1":"product","2":"type-product","3":"status-publish","4":"has-post-thumbnail","6":"product_cat-five-head-rebar-stirrup-bending-machine","7":"product_tag-5-head-rebar-bender-for-stirrup","8":"product_tag-automatic-stirrup-bender-with-five-heads","9":"product_tag-cnc-stirrup-bending-equipment","10":"product_tag-high-speed-rebar-stirrup-machine","11":"product_tag-multi-head-rebar-stirrup-bending-machine","12":"product_tag-rebar-stirrup-forming-machine","13":"product_tag-steel-bar-stirrup-making-machine","15":"first","16":"instock","17":"shipping-taxable","18":"product-type-simple","19":"entry","20":"content-bg","21":"loop-entry"},"yoast_head":"<!-- This site is optimized with the Yoast SEO plugin v25.3.1 - https:\/\/yoast.com\/wordpress\/plugins\/seo\/ -->\n<title>Five-Head Rebar Stirrup Bending Machine GFF-18 - HSY Construction Machinery<\/title>\n<meta name=\"description\" content=\"GFF-18 Five-Head Stirrup Bending Machine bends 6\u201318mm rebar into stirrups with speed and precision. Features PLC control and multi-head efficiency.\" \/>\n<meta name=\"robots\" content=\"index, follow, max-snippet:-1, max-image-preview:large, max-video-preview:-1\" \/>\n<link rel=\"canonical\" href=\"https:\/\/www.hsymachinery.com\/fr\/product\/cintreuse-detriers-darmature-a-cinq-tetes-gff-18\/\" \/>\n<meta property=\"og:locale\" content=\"fr_FR\" \/>\n<meta property=\"og:type\" content=\"article\" \/>\n<meta property=\"og:title\" content=\"Five-Head Rebar Stirrup Bending Machine GFF-18 - HSY Construction Machinery\" \/>\n<meta property=\"og:description\" content=\"GFF-18 Five-Head Stirrup Bending Machine bends 6\u201318mm rebar into stirrups with speed and precision. Features PLC control and multi-head efficiency.\" \/>\n<meta property=\"og:url\" content=\"https:\/\/www.hsymachinery.com\/fr\/product\/cintreuse-detriers-darmature-a-cinq-tetes-gff-18\/\" \/>\n<meta property=\"og:site_name\" content=\"HSY Construction Machinery\" \/>\n<meta property=\"article:modified_time\" content=\"2025-06-28T03:42:45+00:00\" \/>\n<meta property=\"og:image\" content=\"https:\/\/www.hsymachinery.com\/wp-content\/uploads\/2025\/06\/Five-Head-Rebar-Stirrup-Bending-Machine-GFF-18-e1750229454438.jpg\" \/>\n\t<meta property=\"og:image:width\" content=\"600\" \/>\n\t<meta property=\"og:image:height\" content=\"600\" \/>\n\t<meta property=\"og:image:type\" content=\"image\/jpeg\" \/>\n<meta name=\"twitter:card\" content=\"summary_large_image\" \/>\n<meta name=\"twitter:label1\" content=\"Dur\u00e9e de lecture estim\u00e9e\" \/>\n\t<meta name=\"twitter:data1\" content=\"2 minutes\" \/>\n<script type=\"application\/ld+json\" class=\"yoast-schema-graph\">{\"@context\":\"https:\/\/schema.org\",\"@graph\":[{\"@type\":\"WebPage\",\"@id\":\"https:\/\/www.hsymachinery.com\/product\/five-head-rebar-stirrup-bending-machine-gff-18\/\",\"url\":\"https:\/\/www.hsymachinery.com\/product\/five-head-rebar-stirrup-bending-machine-gff-18\/\",\"name\":\"Five-Head Rebar Stirrup Bending Machine GFF-18 - HSY Construction Machinery\",\"isPartOf\":{\"@id\":\"https:\/\/www.hsymachinery.com\/#website\"},\"primaryImageOfPage\":{\"@id\":\"https:\/\/www.hsymachinery.com\/product\/five-head-rebar-stirrup-bending-machine-gff-18\/#primaryimage\"},\"image\":{\"@id\":\"https:\/\/www.hsymachinery.com\/product\/five-head-rebar-stirrup-bending-machine-gff-18\/#primaryimage\"},\"thumbnailUrl\":\"https:\/\/www.hsymachinery.com\/wp-content\/uploads\/2025\/06\/Five-Head-Rebar-Stirrup-Bending-Machine-GFF-18-e1750229454438.jpg\",\"datePublished\":\"2025-06-18T06:39:16+00:00\",\"dateModified\":\"2025-06-28T03:42:45+00:00\",\"description\":\"GFF-18 Five-Head Stirrup Bending Machine bends 6\u201318mm rebar into stirrups with speed and precision. Features PLC control and multi-head efficiency.\",\"breadcrumb\":{\"@id\":\"https:\/\/www.hsymachinery.com\/product\/five-head-rebar-stirrup-bending-machine-gff-18\/#breadcrumb\"},\"inLanguage\":\"fr-FR\",\"potentialAction\":[{\"@type\":\"ReadAction\",\"target\":[\"https:\/\/www.hsymachinery.com\/product\/five-head-rebar-stirrup-bending-machine-gff-18\/\"]}]},{\"@type\":\"ImageObject\",\"inLanguage\":\"fr-FR\",\"@id\":\"https:\/\/www.hsymachinery.com\/product\/five-head-rebar-stirrup-bending-machine-gff-18\/#primaryimage\",\"url\":\"https:\/\/www.hsymachinery.com\/wp-content\/uploads\/2025\/06\/Five-Head-Rebar-Stirrup-Bending-Machine-GFF-18-e1750229454438.jpg\",\"contentUrl\":\"https:\/\/www.hsymachinery.com\/wp-content\/uploads\/2025\/06\/Five-Head-Rebar-Stirrup-Bending-Machine-GFF-18-e1750229454438.jpg\",\"width\":600,\"height\":600},{\"@type\":\"BreadcrumbList\",\"@id\":\"https:\/\/www.hsymachinery.com\/product\/five-head-rebar-stirrup-bending-machine-gff-18\/#breadcrumb\",\"itemListElement\":[{\"@type\":\"ListItem\",\"position\":1,\"name\":\"home\",\"item\":\"https:\/\/www.hsymachinery.com\/\"},{\"@type\":\"ListItem\",\"position\":2,\"name\":\"products\",\"item\":\"https:\/\/www.hsymachinery.com\/products\/\"},{\"@type\":\"ListItem\",\"position\":3,\"name\":\"Five-Head Rebar Stirrup Bending Machine GFF-18\"}]},{\"@type\":\"WebSite\",\"@id\":\"https:\/\/www.hsymachinery.com\/#website\",\"url\":\"https:\/\/www.hsymachinery.com\/\",\"name\":\"HSY Construction Machinery\",\"description\":\"HSY Machinery \u2013 A leading China construction machinery supplier, offering a wide range of light construction equipment. Our main products include Rebar Cutting Machine, Rebar Bending Machine, Rebar Stirrup Bending Machine, Rebar Arc Bending Machine, Rebar Straightening Machine, Five-Head Rebar Stirrup Bending Machine, Tamping Rammer, Plate Compactor, Concrete Cutter, Power Trowel, and other construction machinery. We are equipped with advanced CNC machines, and we enforce strict quality inspection standards along with comprehensive after-sales service. If you are interested in our products or services, we warmly welcome your inquiries via message.\",\"publisher\":{\"@id\":\"https:\/\/www.hsymachinery.com\/#organization\"},\"potentialAction\":[{\"@type\":\"SearchAction\",\"target\":{\"@type\":\"EntryPoint\",\"urlTemplate\":\"https:\/\/www.hsymachinery.com\/?s={search_term_string}\"},\"query-input\":{\"@type\":\"PropertyValueSpecification\",\"valueRequired\":true,\"valueName\":\"search_term_string\"}}],\"inLanguage\":\"fr-FR\"},{\"@type\":\"Organization\",\"@id\":\"https:\/\/www.hsymachinery.com\/#organization\",\"name\":\"HSY Construction Machinery\",\"url\":\"https:\/\/www.hsymachinery.com\/\",\"logo\":{\"@type\":\"ImageObject\",\"inLanguage\":\"fr-FR\",\"@id\":\"https:\/\/www.hsymachinery.com\/#\/schema\/logo\/image\/\",\"url\":\"https:\/\/www.hsymachinery.com\/wp-content\/uploads\/2025\/06\/cropped-HSY-machinery.png\",\"contentUrl\":\"https:\/\/www.hsymachinery.com\/wp-content\/uploads\/2025\/06\/cropped-HSY-machinery.png\",\"width\":600,\"height\":240,\"caption\":\"HSY Construction Machinery\"},\"image\":{\"@id\":\"https:\/\/www.hsymachinery.com\/#\/schema\/logo\/image\/\"}}]}<\/script>\n<!-- \/ Yoast SEO plugin. -->","yoast_head_json":{"title":"Cintreuse d'\u00e9triers d'armature \u00e0 cinq t\u00eates GFF-18 - HSY Construction Machinery","description":"La cintreuse d'\u00e9triers \u00e0 cinq t\u00eates GFF-18 cintre des barres d'armature de 6 \u00e0 18 mm en \u00e9triers avec rapidit\u00e9 et pr\u00e9cision. Elle est dot\u00e9e d'une commande PLC et d'une efficacit\u00e9 multi-t\u00eates.","robots":{"index":"index","follow":"follow","max-snippet":"max-snippet:-1","max-image-preview":"max-image-preview:large","max-video-preview":"max-video-preview:-1"},"canonical":"https:\/\/www.hsymachinery.com\/fr\/product\/cintreuse-detriers-darmature-a-cinq-tetes-gff-18\/","og_locale":"fr_FR","og_type":"article","og_title":"Five-Head Rebar Stirrup Bending Machine GFF-18 - HSY Construction Machinery","og_description":"GFF-18 Five-Head Stirrup Bending Machine bends 6\u201318mm rebar into stirrups with speed and precision. Features PLC control and multi-head efficiency.","og_url":"https:\/\/www.hsymachinery.com\/fr\/product\/cintreuse-detriers-darmature-a-cinq-tetes-gff-18\/","og_site_name":"HSY Construction Machinery","article_modified_time":"2025-06-28T03:42:45+00:00","og_image":[{"width":600,"height":600,"url":"https:\/\/www.hsymachinery.com\/wp-content\/uploads\/2025\/06\/Five-Head-Rebar-Stirrup-Bending-Machine-GFF-18-e1750229454438.jpg","type":"image\/jpeg"}],"twitter_card":"summary_large_image","twitter_misc":{"Dur\u00e9e de lecture estim\u00e9e":"2 minutes"},"schema":{"@context":"https:\/\/schema.org","@graph":[{"@type":"WebPage","@id":"https:\/\/www.hsymachinery.com\/product\/five-head-rebar-stirrup-bending-machine-gff-18\/","url":"https:\/\/www.hsymachinery.com\/product\/five-head-rebar-stirrup-bending-machine-gff-18\/","name":"Cintreuse d'\u00e9triers d'armature \u00e0 cinq t\u00eates GFF-18 - HSY Construction Machinery","isPartOf":{"@id":"https:\/\/www.hsymachinery.com\/#website"},"primaryImageOfPage":{"@id":"https:\/\/www.hsymachinery.com\/product\/five-head-rebar-stirrup-bending-machine-gff-18\/#primaryimage"},"image":{"@id":"https:\/\/www.hsymachinery.com\/product\/five-head-rebar-stirrup-bending-machine-gff-18\/#primaryimage"},"thumbnailUrl":"https:\/\/www.hsymachinery.com\/wp-content\/uploads\/2025\/06\/Five-Head-Rebar-Stirrup-Bending-Machine-GFF-18-e1750229454438.jpg","datePublished":"2025-06-18T06:39:16+00:00","dateModified":"2025-06-28T03:42:45+00:00","description":"La cintreuse d'\u00e9triers \u00e0 cinq t\u00eates GFF-18 cintre des barres d'armature de 6 \u00e0 18 mm en \u00e9triers avec rapidit\u00e9 et pr\u00e9cision. Elle est dot\u00e9e d'une commande PLC et d'une efficacit\u00e9 multi-t\u00eates.","breadcrumb":{"@id":"https:\/\/www.hsymachinery.com\/product\/five-head-rebar-stirrup-bending-machine-gff-18\/#breadcrumb"},"inLanguage":"fr-FR","potentialAction":[{"@type":"ReadAction","target":["https:\/\/www.hsymachinery.com\/product\/five-head-rebar-stirrup-bending-machine-gff-18\/"]}]},{"@type":"ImageObject","inLanguage":"fr-FR","@id":"https:\/\/www.hsymachinery.com\/product\/five-head-rebar-stirrup-bending-machine-gff-18\/#primaryimage","url":"https:\/\/www.hsymachinery.com\/wp-content\/uploads\/2025\/06\/Five-Head-Rebar-Stirrup-Bending-Machine-GFF-18-e1750229454438.jpg","contentUrl":"https:\/\/www.hsymachinery.com\/wp-content\/uploads\/2025\/06\/Five-Head-Rebar-Stirrup-Bending-Machine-GFF-18-e1750229454438.jpg","width":600,"height":600},{"@type":"BreadcrumbList","@id":"https:\/\/www.hsymachinery.com\/product\/five-head-rebar-stirrup-bending-machine-gff-18\/#breadcrumb","itemListElement":[{"@type":"ListItem","position":1,"name":"home","item":"https:\/\/www.hsymachinery.com\/"},{"@type":"ListItem","position":2,"name":"products","item":"https:\/\/www.hsymachinery.com\/products\/"},{"@type":"ListItem","position":3,"name":"Five-Head Rebar Stirrup Bending Machine GFF-18"}]},{"@type":"WebSite","@id":"https:\/\/www.hsymachinery.com\/#website","url":"https:\/\/www.hsymachinery.com\/","name":"Machines de construction HSY","description":"HSY Machinery - Un fournisseur leader de machines de construction en Chine, offrant une large gamme d'\u00e9quipements de construction l\u00e9gers. Nos produits principaux incluent la machine \u00e0 couper les barres, la machine \u00e0 plier les barres, la machine \u00e0 plier les \u00e9triers, la machine \u00e0 plier les barres en arc, la machine \u00e0 redresser les barres, la machine \u00e0 plier les \u00e9triers \u00e0 cinq t\u00eates, le pilon de bourrage, le compacteur \u00e0 plaque, le coupe-b\u00e9ton, la truelle m\u00e9canique et d'autres machines de construction. Nous sommes \u00e9quip\u00e9s de machines CNC de pointe et nous appliquons des normes strictes d'inspection de la qualit\u00e9 ainsi qu'un service apr\u00e8s-vente complet. Si vous \u00eates int\u00e9ress\u00e9 par nos produits ou services, nous vous invitons \u00e0 nous envoyer vos demandes de renseignements par message.","publisher":{"@id":"https:\/\/www.hsymachinery.com\/#organization"},"potentialAction":[{"@type":"SearchAction","target":{"@type":"EntryPoint","urlTemplate":"https:\/\/www.hsymachinery.com\/?s={search_term_string}"},"query-input":{"@type":"PropertyValueSpecification","valueRequired":true,"valueName":"search_term_string"}}],"inLanguage":"fr-FR"},{"@type":"Organization","@id":"https:\/\/www.hsymachinery.com\/#organization","name":"Machines de construction HSY","url":"https:\/\/www.hsymachinery.com\/","logo":{"@type":"ImageObject","inLanguage":"fr-FR","@id":"https:\/\/www.hsymachinery.com\/#\/schema\/logo\/image\/","url":"https:\/\/www.hsymachinery.com\/wp-content\/uploads\/2025\/06\/cropped-HSY-machinery.png","contentUrl":"https:\/\/www.hsymachinery.com\/wp-content\/uploads\/2025\/06\/cropped-HSY-machinery.png","width":600,"height":240,"caption":"HSY Construction Machinery"},"image":{"@id":"https:\/\/www.hsymachinery.com\/#\/schema\/logo\/image\/"}}]}},"_links":{"self":[{"href":"https:\/\/www.hsymachinery.com\/fr\/wp-json\/wp\/v2\/product\/9030","targetHints":{"allow":["GET"]}}],"collection":[{"href":"https:\/\/www.hsymachinery.com\/fr\/wp-json\/wp\/v2\/product"}],"about":[{"href":"https:\/\/www.hsymachinery.com\/fr\/wp-json\/wp\/v2\/types\/product"}],"version-history":[{"count":7,"href":"https:\/\/www.hsymachinery.com\/fr\/wp-json\/wp\/v2\/product\/9030\/revisions"}],"predecessor-version":[{"id":9462,"href":"https:\/\/www.hsymachinery.com\/fr\/wp-json\/wp\/v2\/product\/9030\/revisions\/9462"}],"wp:featuredmedia":[{"embeddable":true,"href":"https:\/\/www.hsymachinery.com\/fr\/wp-json\/wp\/v2\/media\/9033"}],"wp:attachment":[{"href":"https:\/\/www.hsymachinery.com\/fr\/wp-json\/wp\/v2\/media?parent=9030"}],"wp:term":[{"taxonomy":"product_brand","embeddable":true,"href":"https:\/\/www.hsymachinery.com\/fr\/wp-json\/wp\/v2\/product_brand?post=9030"},{"taxonomy":"product_cat","embeddable":true,"href":"https:\/\/www.hsymachinery.com\/fr\/wp-json\/wp\/v2\/product_cat?post=9030"},{"taxonomy":"product_tag","embeddable":true,"href":"https:\/\/www.hsymachinery.com\/fr\/wp-json\/wp\/v2\/product_tag?post=9030"}],"curies":[{"name":"wp","href":"https:\/\/api.w.org\/{rel}","templated":true}]}}