{"id":9004,"date":"2025-06-18T12:41:42","date_gmt":"2025-06-18T04:41:42","guid":{"rendered":"https:\/\/www.hsymachinery.com\/?post_type=product&#038;p=9004"},"modified":"2025-06-27T23:49:55","modified_gmt":"2025-06-27T15:49:55","slug":"machine-a-redresser-les-barres-darmature-gtd4-10b","status":"publish","type":"product","link":"https:\/\/www.hsymachinery.com\/fr\/product\/machine-a-redresser-les-barres-darmature-gtd4-10b\/","title":{"rendered":"Machine \u00e0 redresser les barres GTD4-10B"},"content":{"rendered":"<h2 data-start=\"107\" data-end=\"151\">Machine \u00e0 redresser les barres GTD4-10B<\/h2>\n<h3 data-start=\"152\" data-end=\"270\">GTD4-10B Redresseur de barres d'acier pour barres d'armature de 4-10mm | Redresseur de bobines compact pour le traitement des armatures<\/h3>\n<h3 data-start=\"277\" data-end=\"355\">Aper\u00e7u du produit - Redressement fiable des barres d'armature enroul\u00e9es et d\u00e9form\u00e9es<\/h3>\n<p data-start=\"357\" data-end=\"624\">Les <strong data-start=\"361\" data-end=\"401\"><a href=\"https:\/\/www.hsymachinery.com\/fr\/produits\/machine-a-redresser-les-barres-darmature\/\" target=\"_blank\" rel=\"noopener\">Machine \u00e0 redresser les barres<\/a> GTD4-10B<\/strong> est con\u00e7u pour traiter efficacement les <strong data-start=\"437\" data-end=\"463\">Barres d'acier de 4 \u00e0 10 mm<\/strong>Elle permet de produire des mat\u00e9riaux droits et uniformes pour les travaux de construction et de fabrication. Il manipule les barres d'acier enroul\u00e9es et \u00e9limine les torsions, les courbures et la m\u00e9moire avec pr\u00e9cision.<\/p>\n<p data-start=\"626\" data-end=\"782\">Ce mod\u00e8le est largement utilis\u00e9 dans les ateliers de transformation des barres d'armature, les usines de pr\u00e9fabrication et les petites \u00e9quipes de construction qui cherchent \u00e0 am\u00e9liorer la qualit\u00e9 des barres et \u00e0 r\u00e9duire les d\u00e9chets.<\/p>\n<h3 data-start=\"789\" data-end=\"838\">Performances stables gr\u00e2ce \u00e0 un r\u00e9glage pr\u00e9cis<\/h3>\n<p data-start=\"840\" data-end=\"1089\">Vous pouvez facilement ajuster le positionnement des rouleaux et les r\u00e9glages de tension pour traiter diff\u00e9rents diam\u00e8tres de barres. Le puissant moteur d'entra\u00eenement assure une alimentation et un dressage en douceur, tandis que le syst\u00e8me de rouleaux maintient les vibrations \u00e0 un niveau bas et la r\u00e9gularit\u00e9 \u00e0 un niveau \u00e9lev\u00e9.<\/p>\n<p data-start=\"1091\" data-end=\"1255\">Son contr\u00f4leur de vitesse d'alimentation vous permet d'adapter la vitesse de redressage aux besoins de votre projet, ce qui vous aide \u00e0 traiter plus de barres en moins de temps, sans compromettre la qualit\u00e9.<\/p>\n<h3 data-start=\"1262\" data-end=\"1315\">Conception peu encombrante et prise en charge de la tension globale<\/h3>\n<p data-start=\"1317\" data-end=\"1628\">Le corps compact de la GTD4-10B s'int\u00e8gre parfaitement dans les zones de travail \u00e9troites tout en offrant de solides performances m\u00e9caniques. Construite en acier de qualit\u00e9 industrielle, la machine est durable \u00e0 long terme. Elle est compatible avec les entr\u00e9es 220V et 380V \u00e0 50\/60Hz, ce qui lui permet de fonctionner sans probl\u00e8me dans diverses r\u00e9gions du monde.<\/p>\n<p data-start=\"1630\" data-end=\"1729\">Qu'il soit utilis\u00e9 dans une installation portable ou sur une ligne de production fixe, il fournit des r\u00e9sultats solides et pr\u00e9cis.<\/p>\n<h3 data-start=\"1736\" data-end=\"1794\">Caract\u00e9ristiques principales du redresseur de barres d'armature GTD4-10B<\/h3>\n<ul data-start=\"1796\" data-end=\"2041\">\n<li data-start=\"1796\" data-end=\"1861\">\n<p data-start=\"1798\" data-end=\"1861\">Redresse les barres d'armature en acier de 4 \u00e0 10 mm \u00e0 partir d'une bobine avec une grande efficacit\u00e9<\/p>\n<\/li>\n<li data-start=\"1862\" data-end=\"1929\">\n<p data-start=\"1864\" data-end=\"1929\">Con\u00e7u pour les ateliers, les chantiers pr\u00e9fabriqu\u00e9s et la transformation sur site<\/p>\n<\/li>\n<li data-start=\"1930\" data-end=\"1984\">\n<p data-start=\"1932\" data-end=\"1984\">Syst\u00e8me d'alimentation r\u00e9glable pour un redressage de pr\u00e9cision<\/p>\n<\/li>\n<li data-start=\"1985\" data-end=\"2041\">\n<p data-start=\"1987\" data-end=\"2041\">Construction compacte, exportable et flexible en termes de puissance<\/p>\n<\/li>\n<\/ul>\n<p><iframe title=\"#construction #rebarmachine #rebarbending #rebarcutter #rebarcuttingmachine\" width=\"720\" height=\"405\" src=\"https:\/\/www.youtube.com\/embed\/YnqPtwSEoVw?feature=oembed\" frameborder=\"0\" allow=\"accelerometer; autoplay; clipboard-write; encrypted-media; gyroscope; picture-in-picture; web-share\" referrerpolicy=\"strict-origin-when-cross-origin\" allowfullscreen><\/iframe><\/p>","protected":false},"excerpt":{"rendered":"<p>GTD4-10B redresse les barres d'acier de 4 \u00e0 10 mm \u00e0 partir de bobines en longueurs droites. Compact et facile \u00e0 utiliser, il convient aux ateliers de fabrication et \u00e0 l'exportation.<\/p>","protected":false},"featured_media":9005,"template":"","meta":{"_kad_post_transparent":"default","_kad_post_title":"","_kad_post_layout":"default","_kad_post_sidebar_id":"","_kad_post_content_style":"default","_kad_post_vertical_padding":"default","_kad_post_feature":"","_kad_post_feature_position":"","_kad_post_header":false,"_kad_post_footer":false},"product_brand":[],"product_cat":[62],"product_tag":[1026,1028,1030,1031,1034,1027,1032,1025,1029,1033],"class_list":{"0":"post-9004","1":"product","2":"type-product","3":"status-publish","4":"has-post-thumbnail","6":"product_cat-rebar-straightening-machine","7":"product_tag-automatic-rebar-straightener","8":"product_tag-cnc-rebar-straightening-equipment","9":"product_tag-coiled-rebar-straightening-machine","10":"product_tag-construction-bar-straightening-machine","11":"product_tag-high-speed-rebar-straightening-tool","12":"product_tag-hydraulic-rebar-straightening-machine","13":"product_tag-rebar-leveling-and-cutting-machine","14":"product_tag-steel-bar-straightening-machine","15":"product_tag-steel-wire-straightener-and-cutter","16":"product_tag-straightening-machine-for-steel-rods","18":"first","19":"instock","20":"shipping-taxable","21":"product-type-simple","22":"entry","23":"content-bg","24":"loop-entry"},"yoast_head":"<!-- This site is optimized with the Yoast SEO plugin v25.3.1 - https:\/\/yoast.com\/wordpress\/plugins\/seo\/ -->\n<title>Rebar Straightening Machine GTD4-10B - HSY Construction Machinery<\/title>\n<meta name=\"description\" content=\"Rebar Straightening Machine GTD4-10B straightens 4\u201310mm steel bars efficiently. Compact design, durable build, and export-friendly voltage options.\" \/>\n<meta name=\"robots\" content=\"index, follow, max-snippet:-1, max-image-preview:large, max-video-preview:-1\" \/>\n<link rel=\"canonical\" href=\"https:\/\/www.hsymachinery.com\/fr\/product\/machine-a-redresser-les-barres-darmature-gtd4-10b\/\" \/>\n<meta property=\"og:locale\" content=\"fr_FR\" \/>\n<meta property=\"og:type\" content=\"article\" \/>\n<meta property=\"og:title\" content=\"Rebar Straightening Machine GTD4-10B - HSY Construction Machinery\" \/>\n<meta property=\"og:description\" content=\"Rebar Straightening Machine GTD4-10B straightens 4\u201310mm steel bars efficiently. Compact design, durable build, and export-friendly voltage options.\" \/>\n<meta property=\"og:url\" content=\"https:\/\/www.hsymachinery.com\/fr\/product\/machine-a-redresser-les-barres-darmature-gtd4-10b\/\" \/>\n<meta property=\"og:site_name\" content=\"HSY Construction Machinery\" \/>\n<meta property=\"article:modified_time\" content=\"2025-06-27T15:49:55+00:00\" \/>\n<meta property=\"og:image\" content=\"https:\/\/www.hsymachinery.com\/wp-content\/uploads\/2025\/06\/Rebar-Straightening-Machine-GTD4-10B.jpg\" \/>\n\t<meta property=\"og:image:width\" content=\"600\" \/>\n\t<meta property=\"og:image:height\" content=\"600\" \/>\n\t<meta property=\"og:image:type\" content=\"image\/jpeg\" \/>\n<meta name=\"twitter:card\" content=\"summary_large_image\" \/>\n<meta name=\"twitter:label1\" content=\"Dur\u00e9e de lecture estim\u00e9e\" \/>\n\t<meta name=\"twitter:data1\" content=\"2 minutes\" \/>\n<script type=\"application\/ld+json\" class=\"yoast-schema-graph\">{\"@context\":\"https:\/\/schema.org\",\"@graph\":[{\"@type\":\"WebPage\",\"@id\":\"https:\/\/www.hsymachinery.com\/product\/rebar-straightening-machine-gtd4-10b\/\",\"url\":\"https:\/\/www.hsymachinery.com\/product\/rebar-straightening-machine-gtd4-10b\/\",\"name\":\"Rebar Straightening Machine GTD4-10B - HSY Construction Machinery\",\"isPartOf\":{\"@id\":\"https:\/\/www.hsymachinery.com\/#website\"},\"primaryImageOfPage\":{\"@id\":\"https:\/\/www.hsymachinery.com\/product\/rebar-straightening-machine-gtd4-10b\/#primaryimage\"},\"image\":{\"@id\":\"https:\/\/www.hsymachinery.com\/product\/rebar-straightening-machine-gtd4-10b\/#primaryimage\"},\"thumbnailUrl\":\"https:\/\/www.hsymachinery.com\/wp-content\/uploads\/2025\/06\/Rebar-Straightening-Machine-GTD4-10B.jpg\",\"datePublished\":\"2025-06-18T04:41:42+00:00\",\"dateModified\":\"2025-06-27T15:49:55+00:00\",\"description\":\"Rebar Straightening Machine GTD4-10B straightens 4\u201310mm steel bars efficiently. Compact design, durable build, and export-friendly voltage options.\",\"breadcrumb\":{\"@id\":\"https:\/\/www.hsymachinery.com\/product\/rebar-straightening-machine-gtd4-10b\/#breadcrumb\"},\"inLanguage\":\"fr-FR\",\"potentialAction\":[{\"@type\":\"ReadAction\",\"target\":[\"https:\/\/www.hsymachinery.com\/product\/rebar-straightening-machine-gtd4-10b\/\"]}]},{\"@type\":\"ImageObject\",\"inLanguage\":\"fr-FR\",\"@id\":\"https:\/\/www.hsymachinery.com\/product\/rebar-straightening-machine-gtd4-10b\/#primaryimage\",\"url\":\"https:\/\/www.hsymachinery.com\/wp-content\/uploads\/2025\/06\/Rebar-Straightening-Machine-GTD4-10B.jpg\",\"contentUrl\":\"https:\/\/www.hsymachinery.com\/wp-content\/uploads\/2025\/06\/Rebar-Straightening-Machine-GTD4-10B.jpg\",\"width\":600,\"height\":600},{\"@type\":\"BreadcrumbList\",\"@id\":\"https:\/\/www.hsymachinery.com\/product\/rebar-straightening-machine-gtd4-10b\/#breadcrumb\",\"itemListElement\":[{\"@type\":\"ListItem\",\"position\":1,\"name\":\"home\",\"item\":\"https:\/\/www.hsymachinery.com\/\"},{\"@type\":\"ListItem\",\"position\":2,\"name\":\"products\",\"item\":\"https:\/\/www.hsymachinery.com\/products\/\"},{\"@type\":\"ListItem\",\"position\":3,\"name\":\"Rebar Straightening Machine GTD4-10B\"}]},{\"@type\":\"WebSite\",\"@id\":\"https:\/\/www.hsymachinery.com\/#website\",\"url\":\"https:\/\/www.hsymachinery.com\/\",\"name\":\"HSY Construction Machinery\",\"description\":\"HSY Machinery \u2013 A leading China construction machinery supplier, offering a wide range of light construction equipment. Our main products include Rebar Cutting Machine, Rebar Bending Machine, Rebar Stirrup Bending Machine, Rebar Arc Bending Machine, Rebar Straightening Machine, Five-Head Rebar Stirrup Bending Machine, Tamping Rammer, Plate Compactor, Concrete Cutter, Power Trowel, and other construction machinery. We are equipped with advanced CNC machines, and we enforce strict quality inspection standards along with comprehensive after-sales service. If you are interested in our products or services, we warmly welcome your inquiries via message.\",\"publisher\":{\"@id\":\"https:\/\/www.hsymachinery.com\/#organization\"},\"potentialAction\":[{\"@type\":\"SearchAction\",\"target\":{\"@type\":\"EntryPoint\",\"urlTemplate\":\"https:\/\/www.hsymachinery.com\/?s={search_term_string}\"},\"query-input\":{\"@type\":\"PropertyValueSpecification\",\"valueRequired\":true,\"valueName\":\"search_term_string\"}}],\"inLanguage\":\"fr-FR\"},{\"@type\":\"Organization\",\"@id\":\"https:\/\/www.hsymachinery.com\/#organization\",\"name\":\"HSY Construction Machinery\",\"url\":\"https:\/\/www.hsymachinery.com\/\",\"logo\":{\"@type\":\"ImageObject\",\"inLanguage\":\"fr-FR\",\"@id\":\"https:\/\/www.hsymachinery.com\/#\/schema\/logo\/image\/\",\"url\":\"https:\/\/www.hsymachinery.com\/wp-content\/uploads\/2025\/06\/cropped-HSY-machinery.png\",\"contentUrl\":\"https:\/\/www.hsymachinery.com\/wp-content\/uploads\/2025\/06\/cropped-HSY-machinery.png\",\"width\":600,\"height\":240,\"caption\":\"HSY Construction Machinery\"},\"image\":{\"@id\":\"https:\/\/www.hsymachinery.com\/#\/schema\/logo\/image\/\"}}]}<\/script>\n<!-- \/ Yoast SEO plugin. -->","yoast_head_json":{"title":"Machine \u00e0 redresser les barres GTD4-10B - HSY Construction Machinery","description":"La machine \u00e0 redresser les barres GTD4-10B redresse efficacement les barres d'acier de 4 \u00e0 10 mm. Conception compacte, construction durable et options de tension adapt\u00e9es \u00e0 l'exportation.","robots":{"index":"index","follow":"follow","max-snippet":"max-snippet:-1","max-image-preview":"max-image-preview:large","max-video-preview":"max-video-preview:-1"},"canonical":"https:\/\/www.hsymachinery.com\/fr\/product\/machine-a-redresser-les-barres-darmature-gtd4-10b\/","og_locale":"fr_FR","og_type":"article","og_title":"Rebar Straightening Machine GTD4-10B - HSY Construction Machinery","og_description":"Rebar Straightening Machine GTD4-10B straightens 4\u201310mm steel bars efficiently. Compact design, durable build, and export-friendly voltage options.","og_url":"https:\/\/www.hsymachinery.com\/fr\/product\/machine-a-redresser-les-barres-darmature-gtd4-10b\/","og_site_name":"HSY Construction Machinery","article_modified_time":"2025-06-27T15:49:55+00:00","og_image":[{"width":600,"height":600,"url":"https:\/\/www.hsymachinery.com\/wp-content\/uploads\/2025\/06\/Rebar-Straightening-Machine-GTD4-10B.jpg","type":"image\/jpeg"}],"twitter_card":"summary_large_image","twitter_misc":{"Dur\u00e9e de lecture estim\u00e9e":"2 minutes"},"schema":{"@context":"https:\/\/schema.org","@graph":[{"@type":"WebPage","@id":"https:\/\/www.hsymachinery.com\/product\/rebar-straightening-machine-gtd4-10b\/","url":"https:\/\/www.hsymachinery.com\/product\/rebar-straightening-machine-gtd4-10b\/","name":"Machine \u00e0 redresser les barres GTD4-10B - HSY Construction Machinery","isPartOf":{"@id":"https:\/\/www.hsymachinery.com\/#website"},"primaryImageOfPage":{"@id":"https:\/\/www.hsymachinery.com\/product\/rebar-straightening-machine-gtd4-10b\/#primaryimage"},"image":{"@id":"https:\/\/www.hsymachinery.com\/product\/rebar-straightening-machine-gtd4-10b\/#primaryimage"},"thumbnailUrl":"https:\/\/www.hsymachinery.com\/wp-content\/uploads\/2025\/06\/Rebar-Straightening-Machine-GTD4-10B.jpg","datePublished":"2025-06-18T04:41:42+00:00","dateModified":"2025-06-27T15:49:55+00:00","description":"La machine \u00e0 redresser les barres GTD4-10B redresse efficacement les barres d'acier de 4 \u00e0 10 mm. Conception compacte, construction durable et options de tension adapt\u00e9es \u00e0 l'exportation.","breadcrumb":{"@id":"https:\/\/www.hsymachinery.com\/product\/rebar-straightening-machine-gtd4-10b\/#breadcrumb"},"inLanguage":"fr-FR","potentialAction":[{"@type":"ReadAction","target":["https:\/\/www.hsymachinery.com\/product\/rebar-straightening-machine-gtd4-10b\/"]}]},{"@type":"ImageObject","inLanguage":"fr-FR","@id":"https:\/\/www.hsymachinery.com\/product\/rebar-straightening-machine-gtd4-10b\/#primaryimage","url":"https:\/\/www.hsymachinery.com\/wp-content\/uploads\/2025\/06\/Rebar-Straightening-Machine-GTD4-10B.jpg","contentUrl":"https:\/\/www.hsymachinery.com\/wp-content\/uploads\/2025\/06\/Rebar-Straightening-Machine-GTD4-10B.jpg","width":600,"height":600},{"@type":"BreadcrumbList","@id":"https:\/\/www.hsymachinery.com\/product\/rebar-straightening-machine-gtd4-10b\/#breadcrumb","itemListElement":[{"@type":"ListItem","position":1,"name":"home","item":"https:\/\/www.hsymachinery.com\/"},{"@type":"ListItem","position":2,"name":"products","item":"https:\/\/www.hsymachinery.com\/products\/"},{"@type":"ListItem","position":3,"name":"Rebar Straightening Machine GTD4-10B"}]},{"@type":"WebSite","@id":"https:\/\/www.hsymachinery.com\/#website","url":"https:\/\/www.hsymachinery.com\/","name":"Machines de construction HSY","description":"HSY Machinery - Un fournisseur leader de machines de construction en Chine, offrant une large gamme d'\u00e9quipements de construction l\u00e9gers. Nos produits principaux incluent la machine \u00e0 couper les barres, la machine \u00e0 plier les barres, la machine \u00e0 plier les \u00e9triers, la machine \u00e0 plier les barres en arc, la machine \u00e0 redresser les barres, la machine \u00e0 plier les \u00e9triers \u00e0 cinq t\u00eates, le pilon de bourrage, le compacteur \u00e0 plaque, le coupe-b\u00e9ton, la truelle m\u00e9canique et d'autres machines de construction. Nous sommes \u00e9quip\u00e9s de machines CNC de pointe et nous appliquons des normes strictes d'inspection de la qualit\u00e9 ainsi qu'un service apr\u00e8s-vente complet. Si vous \u00eates int\u00e9ress\u00e9 par nos produits ou services, nous vous invitons \u00e0 nous envoyer vos demandes de renseignements par message.","publisher":{"@id":"https:\/\/www.hsymachinery.com\/#organization"},"potentialAction":[{"@type":"SearchAction","target":{"@type":"EntryPoint","urlTemplate":"https:\/\/www.hsymachinery.com\/?s={search_term_string}"},"query-input":{"@type":"PropertyValueSpecification","valueRequired":true,"valueName":"search_term_string"}}],"inLanguage":"fr-FR"},{"@type":"Organization","@id":"https:\/\/www.hsymachinery.com\/#organization","name":"Machines de construction HSY","url":"https:\/\/www.hsymachinery.com\/","logo":{"@type":"ImageObject","inLanguage":"fr-FR","@id":"https:\/\/www.hsymachinery.com\/#\/schema\/logo\/image\/","url":"https:\/\/www.hsymachinery.com\/wp-content\/uploads\/2025\/06\/cropped-HSY-machinery.png","contentUrl":"https:\/\/www.hsymachinery.com\/wp-content\/uploads\/2025\/06\/cropped-HSY-machinery.png","width":600,"height":240,"caption":"HSY Construction Machinery"},"image":{"@id":"https:\/\/www.hsymachinery.com\/#\/schema\/logo\/image\/"}}]}},"_links":{"self":[{"href":"https:\/\/www.hsymachinery.com\/fr\/wp-json\/wp\/v2\/product\/9004","targetHints":{"allow":["GET"]}}],"collection":[{"href":"https:\/\/www.hsymachinery.com\/fr\/wp-json\/wp\/v2\/product"}],"about":[{"href":"https:\/\/www.hsymachinery.com\/fr\/wp-json\/wp\/v2\/types\/product"}],"version-history":[{"count":3,"href":"https:\/\/www.hsymachinery.com\/fr\/wp-json\/wp\/v2\/product\/9004\/revisions"}],"predecessor-version":[{"id":9426,"href":"https:\/\/www.hsymachinery.com\/fr\/wp-json\/wp\/v2\/product\/9004\/revisions\/9426"}],"wp:featuredmedia":[{"embeddable":true,"href":"https:\/\/www.hsymachinery.com\/fr\/wp-json\/wp\/v2\/media\/9005"}],"wp:attachment":[{"href":"https:\/\/www.hsymachinery.com\/fr\/wp-json\/wp\/v2\/media?parent=9004"}],"wp:term":[{"taxonomy":"product_brand","embeddable":true,"href":"https:\/\/www.hsymachinery.com\/fr\/wp-json\/wp\/v2\/product_brand?post=9004"},{"taxonomy":"product_cat","embeddable":true,"href":"https:\/\/www.hsymachinery.com\/fr\/wp-json\/wp\/v2\/product_cat?post=9004"},{"taxonomy":"product_tag","embeddable":true,"href":"https:\/\/www.hsymachinery.com\/fr\/wp-json\/wp\/v2\/product_tag?post=9004"}],"curies":[{"name":"wp","href":"https:\/\/api.w.org\/{rel}","templated":true}]}}