{"id":9001,"date":"2025-06-18T12:40:00","date_gmt":"2025-06-18T04:40:00","guid":{"rendered":"https:\/\/www.hsymachinery.com\/?post_type=product&#038;p=9001"},"modified":"2025-06-27T23:44:12","modified_gmt":"2025-06-27T15:44:12","slug":"machine-a-redresser-les-barres-darmature-gtd4-10a","status":"publish","type":"product","link":"https:\/\/www.hsymachinery.com\/fr\/product\/machine-a-redresser-les-barres-darmature-gtd4-10a\/","title":{"rendered":"Machine \u00e0 redresser les barres GTD4-10A"},"content":{"rendered":"<h2 data-start=\"120\" data-end=\"164\">Machine \u00e0 redresser les barres GTD4-10A<\/h2>\n<h3 data-start=\"165\" data-end=\"294\">GTD4-10A Redresseur automatique de barres d'acier de 4-10mm | Redresseur de barres d'acier \u00e0 grande vitesse pour la construction<\/h3>\n<h3 data-start=\"301\" data-end=\"401\">Pr\u00e9sentation du produit - Redressement rapide et pr\u00e9cis des barres d'armature sur les chantiers et dans les usines de fabrication<\/h3>\n<p data-start=\"403\" data-end=\"699\">Les <strong data-start=\"407\" data-end=\"447\"><a href=\"https:\/\/www.hsymachinery.com\/fr\/produits\/machine-a-redresser-les-barres-darmature\/\" target=\"_blank\" rel=\"noopener\">Machine \u00e0 redresser les barres<\/a> GTD4-10A<\/strong> est construit pour redresser <strong data-start=\"471\" data-end=\"506\">Barres d'acier de 4 \u00e0 10 mm de diam\u00e8tre<\/strong> avec rapidit\u00e9 et pr\u00e9cision. Que vous travailliez dans une usine de fabrication de barres d'armature ou sur un chantier de construction, cette machine vous aide \u00e0 rationaliser votre processus de pr\u00e9paration des barres d'armature et \u00e0 am\u00e9liorer l'homog\u00e9n\u00e9it\u00e9 du mat\u00e9riau.<\/p>\n<p data-start=\"701\" data-end=\"834\">Il \u00e9limine les d\u00e9formations, la m\u00e9moire des bobines et les courbures des barres d'armature lamin\u00e9es \u00e0 froid ou \u00e0 chaud, les pr\u00e9parant ainsi \u00e0 la d\u00e9coupe, au soudage ou \u00e0 la mise en place.<\/p>\n<h3 data-start=\"841\" data-end=\"895\">Redressement en douceur gr\u00e2ce \u00e0 la vitesse d'alimentation r\u00e9glable<\/h3>\n<p data-start=\"897\" data-end=\"1163\">Les rouleaux de redressement peuvent \u00eatre r\u00e9gl\u00e9s pour s'adapter \u00e0 diff\u00e9rentes tailles de barres d'acier, ce qui permet une utilisation flexible pour tous les types de barres d'armature. Le moteur \u00e9lectrique \u00e0 noyau de cuivre g\u00e9n\u00e8re une force de traction constante, garantissant que la barre sort compl\u00e8tement droite, sans courbure r\u00e9siduelle.<\/p>\n<p data-start=\"1165\" data-end=\"1380\">Le GTD4-10A est \u00e9galement dot\u00e9 d'un syst\u00e8me de traction durable et d'une commande de vitesse r\u00e9glable, qui vous permet de contr\u00f4ler enti\u00e8rement le rythme de traitement. Cela permet d'obtenir des barres plus droites avec un minimum de travail et un rendement plus \u00e9lev\u00e9.<\/p>\n<h3 data-start=\"1387\" data-end=\"1432\">Compact, durable et pr\u00eat pour l'exportation<\/h3>\n<p data-start=\"1434\" data-end=\"1761\">Construite avec un ch\u00e2ssis en acier renforc\u00e9, cette machine r\u00e9siste aux vibrations et \u00e0 l'usure en fonctionnement continu. Son encombrement r\u00e9duit lui permet de trouver sa place dans les petits ateliers ou d'\u00eatre facilement transport\u00e9e sur les chantiers. Elle est compatible avec une tension de 220 V ou 380 V (50 Hz\/60 Hz), ce qui permet de r\u00e9pondre aux besoins en \u00e9nergie des utilisateurs locaux et internationaux.<\/p>\n<p data-start=\"1763\" data-end=\"1876\">Si vous cherchez \u00e0 redresser des barres d'acier enroul\u00e9es rapidement et avec pr\u00e9cision, la GTD4-10A fournit des r\u00e9sultats fiables.<\/p>\n<h3 data-start=\"1883\" data-end=\"1941\">Caract\u00e9ristiques principales du redresseur de barres d'armature GTD4-10A<\/h3>\n<ul data-start=\"1943\" data-end=\"2184\">\n<li data-start=\"1943\" data-end=\"2005\">\n<p data-start=\"1945\" data-end=\"2005\">Redresse les barres d'armature rondes de 4 \u00e0 10 mm \u00e0 partir d'une bobine ou d'un stock pr\u00e9-courb\u00e9<\/p>\n<\/li>\n<li data-start=\"2006\" data-end=\"2069\">\n<p data-start=\"2008\" data-end=\"2069\">Id\u00e9al pour les chantiers de construction, les parcs \u00e0 barres d'armature et les ateliers de pr\u00e9fabrication<\/p>\n<\/li>\n<li data-start=\"2070\" data-end=\"2124\">\n<p data-start=\"2072\" data-end=\"2124\">Rouleaux de redressement r\u00e9glables et contr\u00f4le de la vitesse<\/p>\n<\/li>\n<li data-start=\"2125\" data-end=\"2184\">\n<p data-start=\"2127\" data-end=\"2184\">Tension adapt\u00e9e \u00e0 l'exportation et conception compacte pour la mobilit\u00e9<\/p>\n<\/li>\n<\/ul>\n<p><iframe title=\"#construction #rebarmachine #rebarbending #rebarcutter #rebarcuttingmachine\" width=\"720\" height=\"405\" src=\"https:\/\/www.youtube.com\/embed\/YnqPtwSEoVw?feature=oembed\" frameborder=\"0\" allow=\"accelerometer; autoplay; clipboard-write; encrypted-media; gyroscope; picture-in-picture; web-share\" referrerpolicy=\"strict-origin-when-cross-origin\" allowfullscreen><\/iframe><\/p>","protected":false},"excerpt":{"rendered":"<p>La machine \u00e0 redresser les barres GTD4-10A redresse efficacement les barres d'acier de 4 \u00e0 10 mm. Elle est dot\u00e9e d'une vitesse r\u00e9glable, d'une grande pr\u00e9cision et d'un ch\u00e2ssis compact pour une utilisation sur le chantier ou dans l'atelier.<\/p>","protected":false},"featured_media":9002,"template":"","meta":{"_kad_post_transparent":"default","_kad_post_title":"","_kad_post_layout":"default","_kad_post_sidebar_id":"","_kad_post_content_style":"default","_kad_post_vertical_padding":"default","_kad_post_feature":"","_kad_post_feature_position":"","_kad_post_header":false,"_kad_post_footer":false},"product_brand":[],"product_cat":[62],"product_tag":[1026,1028,1030,1031,1034,1027,1032,1025,1029,1033],"class_list":{"0":"post-9001","1":"product","2":"type-product","3":"status-publish","4":"has-post-thumbnail","6":"product_cat-rebar-straightening-machine","7":"product_tag-automatic-rebar-straightener","8":"product_tag-cnc-rebar-straightening-equipment","9":"product_tag-coiled-rebar-straightening-machine","10":"product_tag-construction-bar-straightening-machine","11":"product_tag-high-speed-rebar-straightening-tool","12":"product_tag-hydraulic-rebar-straightening-machine","13":"product_tag-rebar-leveling-and-cutting-machine","14":"product_tag-steel-bar-straightening-machine","15":"product_tag-steel-wire-straightener-and-cutter","16":"product_tag-straightening-machine-for-steel-rods","18":"first","19":"instock","20":"shipping-taxable","21":"product-type-simple","22":"entry","23":"content-bg","24":"loop-entry"},"yoast_head":"<!-- This site is optimized with the Yoast SEO plugin v25.3.1 - https:\/\/yoast.com\/wordpress\/plugins\/seo\/ -->\n<title>Rebar Straightening Machine GTD4-10A - HSY Construction Machinery<\/title>\n<meta name=\"description\" content=\"Rebar Straightening Machine GTD4-10A straightens 4\u201310mm steel bars with speed and precision. Compact, durable, and export-ready for construction projects.\" \/>\n<meta name=\"robots\" content=\"index, follow, max-snippet:-1, max-image-preview:large, max-video-preview:-1\" \/>\n<link rel=\"canonical\" href=\"https:\/\/www.hsymachinery.com\/fr\/product\/machine-a-redresser-les-barres-darmature-gtd4-10a\/\" \/>\n<meta property=\"og:locale\" content=\"fr_FR\" \/>\n<meta property=\"og:type\" content=\"article\" \/>\n<meta property=\"og:title\" content=\"Rebar Straightening Machine GTD4-10A - HSY Construction Machinery\" \/>\n<meta property=\"og:description\" content=\"Rebar Straightening Machine GTD4-10A straightens 4\u201310mm steel bars with speed and precision. Compact, durable, and export-ready for construction projects.\" \/>\n<meta property=\"og:url\" content=\"https:\/\/www.hsymachinery.com\/fr\/product\/machine-a-redresser-les-barres-darmature-gtd4-10a\/\" \/>\n<meta property=\"og:site_name\" content=\"HSY Construction Machinery\" \/>\n<meta property=\"article:modified_time\" content=\"2025-06-27T15:44:12+00:00\" \/>\n<meta property=\"og:image\" content=\"https:\/\/www.hsymachinery.com\/wp-content\/uploads\/2025\/06\/Rebar-Straightening-Machine-GTD4-10A.jpg\" \/>\n\t<meta property=\"og:image:width\" content=\"600\" \/>\n\t<meta property=\"og:image:height\" content=\"600\" \/>\n\t<meta property=\"og:image:type\" content=\"image\/jpeg\" \/>\n<meta name=\"twitter:card\" content=\"summary_large_image\" \/>\n<meta name=\"twitter:label1\" content=\"Dur\u00e9e de lecture estim\u00e9e\" \/>\n\t<meta name=\"twitter:data1\" content=\"2 minutes\" \/>\n<script type=\"application\/ld+json\" class=\"yoast-schema-graph\">{\"@context\":\"https:\/\/schema.org\",\"@graph\":[{\"@type\":\"WebPage\",\"@id\":\"https:\/\/www.hsymachinery.com\/product\/rebar-straightening-machine-gtd4-10a\/\",\"url\":\"https:\/\/www.hsymachinery.com\/product\/rebar-straightening-machine-gtd4-10a\/\",\"name\":\"Rebar Straightening Machine GTD4-10A - HSY Construction Machinery\",\"isPartOf\":{\"@id\":\"https:\/\/www.hsymachinery.com\/#website\"},\"primaryImageOfPage\":{\"@id\":\"https:\/\/www.hsymachinery.com\/product\/rebar-straightening-machine-gtd4-10a\/#primaryimage\"},\"image\":{\"@id\":\"https:\/\/www.hsymachinery.com\/product\/rebar-straightening-machine-gtd4-10a\/#primaryimage\"},\"thumbnailUrl\":\"https:\/\/www.hsymachinery.com\/wp-content\/uploads\/2025\/06\/Rebar-Straightening-Machine-GTD4-10A.jpg\",\"datePublished\":\"2025-06-18T04:40:00+00:00\",\"dateModified\":\"2025-06-27T15:44:12+00:00\",\"description\":\"Rebar Straightening Machine GTD4-10A straightens 4\u201310mm steel bars with speed and precision. Compact, durable, and export-ready for construction projects.\",\"breadcrumb\":{\"@id\":\"https:\/\/www.hsymachinery.com\/product\/rebar-straightening-machine-gtd4-10a\/#breadcrumb\"},\"inLanguage\":\"fr-FR\",\"potentialAction\":[{\"@type\":\"ReadAction\",\"target\":[\"https:\/\/www.hsymachinery.com\/product\/rebar-straightening-machine-gtd4-10a\/\"]}]},{\"@type\":\"ImageObject\",\"inLanguage\":\"fr-FR\",\"@id\":\"https:\/\/www.hsymachinery.com\/product\/rebar-straightening-machine-gtd4-10a\/#primaryimage\",\"url\":\"https:\/\/www.hsymachinery.com\/wp-content\/uploads\/2025\/06\/Rebar-Straightening-Machine-GTD4-10A.jpg\",\"contentUrl\":\"https:\/\/www.hsymachinery.com\/wp-content\/uploads\/2025\/06\/Rebar-Straightening-Machine-GTD4-10A.jpg\",\"width\":600,\"height\":600},{\"@type\":\"BreadcrumbList\",\"@id\":\"https:\/\/www.hsymachinery.com\/product\/rebar-straightening-machine-gtd4-10a\/#breadcrumb\",\"itemListElement\":[{\"@type\":\"ListItem\",\"position\":1,\"name\":\"home\",\"item\":\"https:\/\/www.hsymachinery.com\/\"},{\"@type\":\"ListItem\",\"position\":2,\"name\":\"products\",\"item\":\"https:\/\/www.hsymachinery.com\/products\/\"},{\"@type\":\"ListItem\",\"position\":3,\"name\":\"Rebar Straightening Machine GTD4-10A\"}]},{\"@type\":\"WebSite\",\"@id\":\"https:\/\/www.hsymachinery.com\/#website\",\"url\":\"https:\/\/www.hsymachinery.com\/\",\"name\":\"HSY Construction Machinery\",\"description\":\"HSY Machinery \u2013 A leading China construction machinery supplier, offering a wide range of light construction equipment. Our main products include Rebar Cutting Machine, Rebar Bending Machine, Rebar Stirrup Bending Machine, Rebar Arc Bending Machine, Rebar Straightening Machine, Five-Head Rebar Stirrup Bending Machine, Tamping Rammer, Plate Compactor, Concrete Cutter, Power Trowel, and other construction machinery. We are equipped with advanced CNC machines, and we enforce strict quality inspection standards along with comprehensive after-sales service. If you are interested in our products or services, we warmly welcome your inquiries via message.\",\"publisher\":{\"@id\":\"https:\/\/www.hsymachinery.com\/#organization\"},\"potentialAction\":[{\"@type\":\"SearchAction\",\"target\":{\"@type\":\"EntryPoint\",\"urlTemplate\":\"https:\/\/www.hsymachinery.com\/?s={search_term_string}\"},\"query-input\":{\"@type\":\"PropertyValueSpecification\",\"valueRequired\":true,\"valueName\":\"search_term_string\"}}],\"inLanguage\":\"fr-FR\"},{\"@type\":\"Organization\",\"@id\":\"https:\/\/www.hsymachinery.com\/#organization\",\"name\":\"HSY Construction Machinery\",\"url\":\"https:\/\/www.hsymachinery.com\/\",\"logo\":{\"@type\":\"ImageObject\",\"inLanguage\":\"fr-FR\",\"@id\":\"https:\/\/www.hsymachinery.com\/#\/schema\/logo\/image\/\",\"url\":\"https:\/\/www.hsymachinery.com\/wp-content\/uploads\/2025\/06\/cropped-HSY-machinery.png\",\"contentUrl\":\"https:\/\/www.hsymachinery.com\/wp-content\/uploads\/2025\/06\/cropped-HSY-machinery.png\",\"width\":600,\"height\":240,\"caption\":\"HSY Construction Machinery\"},\"image\":{\"@id\":\"https:\/\/www.hsymachinery.com\/#\/schema\/logo\/image\/\"}}]}<\/script>\n<!-- \/ Yoast SEO plugin. -->","yoast_head_json":{"title":"Machine \u00e0 redresser les barres GTD4-10A - HSY Construction Machinery","description":"La machine \u00e0 redresser les barres GTD4-10A redresse les barres d'acier de 4 \u00e0 10 mm avec rapidit\u00e9 et pr\u00e9cision. Compacte, durable et pr\u00eate \u00e0 l'exportation pour les projets de construction.","robots":{"index":"index","follow":"follow","max-snippet":"max-snippet:-1","max-image-preview":"max-image-preview:large","max-video-preview":"max-video-preview:-1"},"canonical":"https:\/\/www.hsymachinery.com\/fr\/product\/machine-a-redresser-les-barres-darmature-gtd4-10a\/","og_locale":"fr_FR","og_type":"article","og_title":"Rebar Straightening Machine GTD4-10A - HSY Construction Machinery","og_description":"Rebar Straightening Machine GTD4-10A straightens 4\u201310mm steel bars with speed and precision. Compact, durable, and export-ready for construction projects.","og_url":"https:\/\/www.hsymachinery.com\/fr\/product\/machine-a-redresser-les-barres-darmature-gtd4-10a\/","og_site_name":"HSY Construction Machinery","article_modified_time":"2025-06-27T15:44:12+00:00","og_image":[{"width":600,"height":600,"url":"https:\/\/www.hsymachinery.com\/wp-content\/uploads\/2025\/06\/Rebar-Straightening-Machine-GTD4-10A.jpg","type":"image\/jpeg"}],"twitter_card":"summary_large_image","twitter_misc":{"Dur\u00e9e de lecture estim\u00e9e":"2 minutes"},"schema":{"@context":"https:\/\/schema.org","@graph":[{"@type":"WebPage","@id":"https:\/\/www.hsymachinery.com\/product\/rebar-straightening-machine-gtd4-10a\/","url":"https:\/\/www.hsymachinery.com\/product\/rebar-straightening-machine-gtd4-10a\/","name":"Machine \u00e0 redresser les barres GTD4-10A - HSY Construction Machinery","isPartOf":{"@id":"https:\/\/www.hsymachinery.com\/#website"},"primaryImageOfPage":{"@id":"https:\/\/www.hsymachinery.com\/product\/rebar-straightening-machine-gtd4-10a\/#primaryimage"},"image":{"@id":"https:\/\/www.hsymachinery.com\/product\/rebar-straightening-machine-gtd4-10a\/#primaryimage"},"thumbnailUrl":"https:\/\/www.hsymachinery.com\/wp-content\/uploads\/2025\/06\/Rebar-Straightening-Machine-GTD4-10A.jpg","datePublished":"2025-06-18T04:40:00+00:00","dateModified":"2025-06-27T15:44:12+00:00","description":"La machine \u00e0 redresser les barres GTD4-10A redresse les barres d'acier de 4 \u00e0 10 mm avec rapidit\u00e9 et pr\u00e9cision. Compacte, durable et pr\u00eate \u00e0 l'exportation pour les projets de construction.","breadcrumb":{"@id":"https:\/\/www.hsymachinery.com\/product\/rebar-straightening-machine-gtd4-10a\/#breadcrumb"},"inLanguage":"fr-FR","potentialAction":[{"@type":"ReadAction","target":["https:\/\/www.hsymachinery.com\/product\/rebar-straightening-machine-gtd4-10a\/"]}]},{"@type":"ImageObject","inLanguage":"fr-FR","@id":"https:\/\/www.hsymachinery.com\/product\/rebar-straightening-machine-gtd4-10a\/#primaryimage","url":"https:\/\/www.hsymachinery.com\/wp-content\/uploads\/2025\/06\/Rebar-Straightening-Machine-GTD4-10A.jpg","contentUrl":"https:\/\/www.hsymachinery.com\/wp-content\/uploads\/2025\/06\/Rebar-Straightening-Machine-GTD4-10A.jpg","width":600,"height":600},{"@type":"BreadcrumbList","@id":"https:\/\/www.hsymachinery.com\/product\/rebar-straightening-machine-gtd4-10a\/#breadcrumb","itemListElement":[{"@type":"ListItem","position":1,"name":"home","item":"https:\/\/www.hsymachinery.com\/"},{"@type":"ListItem","position":2,"name":"products","item":"https:\/\/www.hsymachinery.com\/products\/"},{"@type":"ListItem","position":3,"name":"Rebar Straightening Machine GTD4-10A"}]},{"@type":"WebSite","@id":"https:\/\/www.hsymachinery.com\/#website","url":"https:\/\/www.hsymachinery.com\/","name":"Machines de construction HSY","description":"HSY Machinery - Un fournisseur leader de machines de construction en Chine, offrant une large gamme d'\u00e9quipements de construction l\u00e9gers. Nos produits principaux incluent la machine \u00e0 couper les barres, la machine \u00e0 plier les barres, la machine \u00e0 plier les \u00e9triers, la machine \u00e0 plier les barres en arc, la machine \u00e0 redresser les barres, la machine \u00e0 plier les \u00e9triers \u00e0 cinq t\u00eates, le pilon de bourrage, le compacteur \u00e0 plaque, le coupe-b\u00e9ton, la truelle m\u00e9canique et d'autres machines de construction. Nous sommes \u00e9quip\u00e9s de machines CNC de pointe et nous appliquons des normes strictes d'inspection de la qualit\u00e9 ainsi qu'un service apr\u00e8s-vente complet. Si vous \u00eates int\u00e9ress\u00e9 par nos produits ou services, nous vous invitons \u00e0 nous envoyer vos demandes de renseignements par message.","publisher":{"@id":"https:\/\/www.hsymachinery.com\/#organization"},"potentialAction":[{"@type":"SearchAction","target":{"@type":"EntryPoint","urlTemplate":"https:\/\/www.hsymachinery.com\/?s={search_term_string}"},"query-input":{"@type":"PropertyValueSpecification","valueRequired":true,"valueName":"search_term_string"}}],"inLanguage":"fr-FR"},{"@type":"Organization","@id":"https:\/\/www.hsymachinery.com\/#organization","name":"Machines de construction HSY","url":"https:\/\/www.hsymachinery.com\/","logo":{"@type":"ImageObject","inLanguage":"fr-FR","@id":"https:\/\/www.hsymachinery.com\/#\/schema\/logo\/image\/","url":"https:\/\/www.hsymachinery.com\/wp-content\/uploads\/2025\/06\/cropped-HSY-machinery.png","contentUrl":"https:\/\/www.hsymachinery.com\/wp-content\/uploads\/2025\/06\/cropped-HSY-machinery.png","width":600,"height":240,"caption":"HSY Construction Machinery"},"image":{"@id":"https:\/\/www.hsymachinery.com\/#\/schema\/logo\/image\/"}}]}},"_links":{"self":[{"href":"https:\/\/www.hsymachinery.com\/fr\/wp-json\/wp\/v2\/product\/9001","targetHints":{"allow":["GET"]}}],"collection":[{"href":"https:\/\/www.hsymachinery.com\/fr\/wp-json\/wp\/v2\/product"}],"about":[{"href":"https:\/\/www.hsymachinery.com\/fr\/wp-json\/wp\/v2\/types\/product"}],"version-history":[{"count":3,"href":"https:\/\/www.hsymachinery.com\/fr\/wp-json\/wp\/v2\/product\/9001\/revisions"}],"predecessor-version":[{"id":9424,"href":"https:\/\/www.hsymachinery.com\/fr\/wp-json\/wp\/v2\/product\/9001\/revisions\/9424"}],"wp:featuredmedia":[{"embeddable":true,"href":"https:\/\/www.hsymachinery.com\/fr\/wp-json\/wp\/v2\/media\/9002"}],"wp:attachment":[{"href":"https:\/\/www.hsymachinery.com\/fr\/wp-json\/wp\/v2\/media?parent=9001"}],"wp:term":[{"taxonomy":"product_brand","embeddable":true,"href":"https:\/\/www.hsymachinery.com\/fr\/wp-json\/wp\/v2\/product_brand?post=9001"},{"taxonomy":"product_cat","embeddable":true,"href":"https:\/\/www.hsymachinery.com\/fr\/wp-json\/wp\/v2\/product_cat?post=9001"},{"taxonomy":"product_tag","embeddable":true,"href":"https:\/\/www.hsymachinery.com\/fr\/wp-json\/wp\/v2\/product_tag?post=9001"}],"curies":[{"name":"wp","href":"https:\/\/api.w.org\/{rel}","templated":true}]}}