{"id":8965,"date":"2025-06-18T12:09:00","date_gmt":"2025-06-18T04:09:00","guid":{"rendered":"https:\/\/www.hsymachinery.com\/?post_type=product&#038;p=8965"},"modified":"2025-06-27T17:54:45","modified_gmt":"2025-06-27T09:54:45","slug":"cintreuse-detriers-darmature-gf28","status":"publish","type":"product","link":"https:\/\/www.hsymachinery.com\/fr\/product\/cintreuse-detriers-darmature-gf28\/","title":{"rendered":"Machine \u00e0 cintrer les barres d'armature GF28"},"content":{"rendered":"<h2 data-start=\"100\" data-end=\"142\">Machine \u00e0 cintrer les barres d'armature GF28<\/h2>\n<h3 data-start=\"143\" data-end=\"263\">Cintreuse d'\u00e9triers pour barres d'armature 6-22mm | Cintreuse d'\u00e9triers de pr\u00e9cision GF28 pour armatures de b\u00e9ton<\/h3>\n<h3 data-start=\"270\" data-end=\"362\">\u00a0Pr\u00e9sentation du produit - \u00c9quipement fiable de fa\u00e7onnage d'\u00e9triers pour l'armature de poutres et de dalles<\/h3>\n<p data-start=\"364\" data-end=\"678\">Les <strong data-start=\"368\" data-end=\"406\"><a href=\"https:\/\/www.hsymachinery.com\/fr\/produits\/machine-a-plier-les-etriers-darmature\/\" target=\"_blank\" rel=\"noopener\">Machine \u00e0 plier les barres d'armature<\/a> GF28<\/strong> offre une m\u00e9thode rapide, fiable et coh\u00e9rente pour plier des barres d'armature de 6 \u00e0 25 mm en forme d'\u00e9triers. Con\u00e7ue pour les chantiers lourds, cette machine est largement utilis\u00e9e dans la construction d'infrastructures, les projets de grande hauteur et le traitement de l'acier pr\u00e9fabriqu\u00e9.<\/p>\n<p data-start=\"680\" data-end=\"826\">Avec sa structure solide, son moteur puissant et sa facilit\u00e9 d'utilisation, la GF28 est id\u00e9ale pour produire les \u00e9triers n\u00e9cessaires pour les poutres, les colonnes et les dalles.<\/p>\n<h3 data-start=\"833\" data-end=\"876\">Pliage en douceur avec la puissance industrielle<\/h3>\n<p data-start=\"878\" data-end=\"1247\">Les <strong data-start=\"882\" data-end=\"905\">Cintreuse d'\u00e9triers GF28<\/strong> est dot\u00e9e d'un syst\u00e8me de disques de haute pr\u00e9cision et de deux but\u00e9es d'angle qui permettent de former des \u00e9triers pr\u00e9cis avec un minimum d'effort. Qu'il s'agisse de former des \u00e9triers carr\u00e9s, rectangulaires ou polygonaux, les op\u00e9rateurs peuvent obtenir un contr\u00f4le d'angle r\u00e9p\u00e9table jusqu'\u00e0 180\u00b0. Un puissant moteur \u00e0 noyau de cuivre assure un couple r\u00e9gulier et ininterrompu pendant les op\u00e9rations prolong\u00e9es.<\/p>\n<p data-start=\"1249\" data-end=\"1414\">La bo\u00eete de vitesses \u00e9tanche, lubrifi\u00e9e \u00e0 l'huile, r\u00e9duit le bruit et prot\u00e8ge les composants internes, tandis que la commande manuelle ou par p\u00e9dale offre aux utilisateurs une flexibilit\u00e9 et une s\u00e9curit\u00e9 totales.<\/p>\n<h3 data-start=\"1421\" data-end=\"1464\">Con\u00e7us pour \u00eatre performants sur les chantiers internationaux<\/h3>\n<p data-start=\"1466\" data-end=\"1782\">Construit en acier renforc\u00e9, le GF28 r\u00e9siste aux vibrations et aux pressions \u00e0 couple \u00e9lev\u00e9. Ses roues \u00e0 mobilit\u00e9 industrielle permettent de le d\u00e9placer dans les zones de travail, et les options de tension (220V\/380V, 50Hz\/60Hz) le rendent compatible avec les normes \u00e9lectriques en vigueur en Asie, au Moyen-Orient, en Afrique et en Am\u00e9rique du Sud.<\/p>\n<p data-start=\"1784\" data-end=\"1902\">Gr\u00e2ce \u00e0 sa grande efficacit\u00e9 et \u00e0 sa courbe d'apprentissage facile, le GF28 contribue \u00e0 r\u00e9duire les co\u00fbts de main-d'\u0153uvre tout en augmentant la productivit\u00e9.<\/p>\n<h3 data-start=\"1909\" data-end=\"1965\">Caract\u00e9ristiques principales de la cintreuse d'\u00e9triers pour barres d'armature GF28<\/h3>\n<ul data-start=\"1967\" data-end=\"2218\">\n<li data-start=\"1967\" data-end=\"2026\">\n<p data-start=\"1969\" data-end=\"2026\">Forme des barres d'acier de 6 \u00e0 25 mm en \u00e9triers avec des angles nets<\/p>\n<\/li>\n<li data-start=\"2027\" data-end=\"2095\">\n<p data-start=\"2029\" data-end=\"2095\">Bo\u00eete de vitesses durable, moteur industriel et cadre r\u00e9sistant aux vibrations<\/p>\n<\/li>\n<li data-start=\"2096\" data-end=\"2152\">\n<p data-start=\"2098\" data-end=\"2152\">Double syst\u00e8me de commande : p\u00e9dale et commande manuelle<\/p>\n<\/li>\n<li data-start=\"2153\" data-end=\"2218\">\n<p data-start=\"2155\" data-end=\"2218\">Personnalisation de la tension pour l'exportation et le d\u00e9ploiement international<\/p>\n<\/li>\n<\/ul>\n<p><iframe title=\"#construction #construction ouvrier #rebarmachine #rebarbender #rebarbending\" width=\"720\" height=\"405\" src=\"https:\/\/www.youtube.com\/embed\/lK_ZDXYgtu0?feature=oembed\" frameborder=\"0\" allow=\"accelerometer; autoplay; clipboard-write; encrypted-media; gyroscope; picture-in-picture; web-share\" referrerpolicy=\"strict-origin-when-cross-origin\" allowfullscreen><\/iframe><\/p>","protected":false},"excerpt":{"rendered":"<p data-start=\"2258\" data-end=\"2438\">La cintreuse d'\u00e9triers de barres GF28 permet de cintrer des barres d'armature de 6 \u00e0 25 mm pour en faire des \u00e9triers destin\u00e9s \u00e0 la construction. Gr\u00e2ce \u00e0 son moteur puissant et \u00e0 son ch\u00e2ssis robuste, elle fonctionne de mani\u00e8re fiable dans les environnements difficiles.<\/p>","protected":false},"featured_media":8966,"template":"","meta":{"_kad_post_transparent":"default","_kad_post_title":"","_kad_post_layout":"default","_kad_post_sidebar_id":"","_kad_post_content_style":"default","_kad_post_vertical_padding":"default","_kad_post_feature":"","_kad_post_feature_position":"","_kad_post_header":false,"_kad_post_footer":false},"product_brand":[],"product_cat":[46],"product_tag":[1005,1006,1010,1008,1009,1013,1012,1014,1007,1011],"class_list":{"0":"post-8965","1":"product","2":"type-product","3":"status-publish","4":"has-post-thumbnail","6":"product_cat-rebar-stirrup-bending-machine","7":"product_tag-automatic-stirrup-bending-machine","8":"product_tag-cnc-rebar-stirrup-bender","9":"product_tag-hydraulic-stirrup-bender","10":"product_tag-rebar-stirrup-bender-machine","11":"product_tag-steel-stirrup-bending-machine","12":"product_tag-stirrup-bender-for-construction","13":"product_tag-stirrup-bending-equipment","14":"product_tag-stirrup-bending-machine-price","15":"product_tag-stirrup-making-machine","16":"product_tag-wire-stirrup-bending-machine","18":"first","19":"instock","20":"featured","21":"shipping-taxable","22":"product-type-simple","23":"entry","24":"content-bg","25":"loop-entry"},"yoast_head":"<!-- This site is optimized with the Yoast SEO plugin v25.3.1 - https:\/\/yoast.com\/wordpress\/plugins\/seo\/ -->\n<title>Rebar Stirrup Bending Machine GF28 - HSY Construction Machinery<\/title>\n<meta name=\"description\" content=\"Rebar Stirrup Bending Machine GF28 bends 6\u201325mm bars into stirrups with speed and precision. Heavy-duty, export-ready, and ideal for beam and slab reinforcement.\" \/>\n<meta name=\"robots\" content=\"index, follow, max-snippet:-1, max-image-preview:large, max-video-preview:-1\" \/>\n<link rel=\"canonical\" href=\"https:\/\/www.hsymachinery.com\/fr\/product\/cintreuse-detriers-darmature-gf28\/\" \/>\n<meta property=\"og:locale\" content=\"fr_FR\" \/>\n<meta property=\"og:type\" content=\"article\" \/>\n<meta property=\"og:title\" content=\"Rebar Stirrup Bending Machine GF28 - HSY Construction Machinery\" \/>\n<meta property=\"og:description\" content=\"Rebar Stirrup Bending Machine GF28 bends 6\u201325mm bars into stirrups with speed and precision. Heavy-duty, export-ready, and ideal for beam and slab reinforcement.\" \/>\n<meta property=\"og:url\" content=\"https:\/\/www.hsymachinery.com\/fr\/product\/cintreuse-detriers-darmature-gf28\/\" \/>\n<meta property=\"og:site_name\" content=\"HSY Construction Machinery\" \/>\n<meta property=\"article:modified_time\" content=\"2025-06-27T09:54:45+00:00\" \/>\n<meta property=\"og:image\" content=\"https:\/\/www.hsymachinery.com\/wp-content\/uploads\/2025\/06\/Rebar-Stirrup-Bending-Machine-GF28.jpg\" \/>\n\t<meta property=\"og:image:width\" content=\"600\" \/>\n\t<meta property=\"og:image:height\" content=\"600\" \/>\n\t<meta property=\"og:image:type\" content=\"image\/jpeg\" \/>\n<meta name=\"twitter:card\" content=\"summary_large_image\" \/>\n<meta name=\"twitter:label1\" content=\"Dur\u00e9e de lecture estim\u00e9e\" \/>\n\t<meta name=\"twitter:data1\" content=\"2 minutes\" \/>\n<script type=\"application\/ld+json\" class=\"yoast-schema-graph\">{\"@context\":\"https:\/\/schema.org\",\"@graph\":[{\"@type\":\"WebPage\",\"@id\":\"https:\/\/www.hsymachinery.com\/product\/rebar-stirrup-bending-machine-gf28\/\",\"url\":\"https:\/\/www.hsymachinery.com\/product\/rebar-stirrup-bending-machine-gf28\/\",\"name\":\"Rebar Stirrup Bending Machine GF28 - HSY Construction Machinery\",\"isPartOf\":{\"@id\":\"https:\/\/www.hsymachinery.com\/#website\"},\"primaryImageOfPage\":{\"@id\":\"https:\/\/www.hsymachinery.com\/product\/rebar-stirrup-bending-machine-gf28\/#primaryimage\"},\"image\":{\"@id\":\"https:\/\/www.hsymachinery.com\/product\/rebar-stirrup-bending-machine-gf28\/#primaryimage\"},\"thumbnailUrl\":\"https:\/\/www.hsymachinery.com\/wp-content\/uploads\/2025\/06\/Rebar-Stirrup-Bending-Machine-GF28.jpg\",\"datePublished\":\"2025-06-18T04:09:00+00:00\",\"dateModified\":\"2025-06-27T09:54:45+00:00\",\"description\":\"Rebar Stirrup Bending Machine GF28 bends 6\u201325mm bars into stirrups with speed and precision. Heavy-duty, export-ready, and ideal for beam and slab reinforcement.\",\"breadcrumb\":{\"@id\":\"https:\/\/www.hsymachinery.com\/product\/rebar-stirrup-bending-machine-gf28\/#breadcrumb\"},\"inLanguage\":\"fr-FR\",\"potentialAction\":[{\"@type\":\"ReadAction\",\"target\":[\"https:\/\/www.hsymachinery.com\/product\/rebar-stirrup-bending-machine-gf28\/\"]}]},{\"@type\":\"ImageObject\",\"inLanguage\":\"fr-FR\",\"@id\":\"https:\/\/www.hsymachinery.com\/product\/rebar-stirrup-bending-machine-gf28\/#primaryimage\",\"url\":\"https:\/\/www.hsymachinery.com\/wp-content\/uploads\/2025\/06\/Rebar-Stirrup-Bending-Machine-GF28.jpg\",\"contentUrl\":\"https:\/\/www.hsymachinery.com\/wp-content\/uploads\/2025\/06\/Rebar-Stirrup-Bending-Machine-GF28.jpg\",\"width\":600,\"height\":600},{\"@type\":\"BreadcrumbList\",\"@id\":\"https:\/\/www.hsymachinery.com\/product\/rebar-stirrup-bending-machine-gf28\/#breadcrumb\",\"itemListElement\":[{\"@type\":\"ListItem\",\"position\":1,\"name\":\"home\",\"item\":\"https:\/\/www.hsymachinery.com\/\"},{\"@type\":\"ListItem\",\"position\":2,\"name\":\"products\",\"item\":\"https:\/\/www.hsymachinery.com\/products\/\"},{\"@type\":\"ListItem\",\"position\":3,\"name\":\"Rebar Stirrup Bending Machine GF28\"}]},{\"@type\":\"WebSite\",\"@id\":\"https:\/\/www.hsymachinery.com\/#website\",\"url\":\"https:\/\/www.hsymachinery.com\/\",\"name\":\"HSY Construction Machinery\",\"description\":\"HSY Machinery \u2013 A leading China construction machinery supplier, offering a wide range of light construction equipment. Our main products include Rebar Cutting Machine, Rebar Bending Machine, Rebar Stirrup Bending Machine, Rebar Arc Bending Machine, Rebar Straightening Machine, Five-Head Rebar Stirrup Bending Machine, Tamping Rammer, Plate Compactor, Concrete Cutter, Power Trowel, and other construction machinery. We are equipped with advanced CNC machines, and we enforce strict quality inspection standards along with comprehensive after-sales service. If you are interested in our products or services, we warmly welcome your inquiries via message.\",\"publisher\":{\"@id\":\"https:\/\/www.hsymachinery.com\/#organization\"},\"potentialAction\":[{\"@type\":\"SearchAction\",\"target\":{\"@type\":\"EntryPoint\",\"urlTemplate\":\"https:\/\/www.hsymachinery.com\/?s={search_term_string}\"},\"query-input\":{\"@type\":\"PropertyValueSpecification\",\"valueRequired\":true,\"valueName\":\"search_term_string\"}}],\"inLanguage\":\"fr-FR\"},{\"@type\":\"Organization\",\"@id\":\"https:\/\/www.hsymachinery.com\/#organization\",\"name\":\"HSY Construction Machinery\",\"url\":\"https:\/\/www.hsymachinery.com\/\",\"logo\":{\"@type\":\"ImageObject\",\"inLanguage\":\"fr-FR\",\"@id\":\"https:\/\/www.hsymachinery.com\/#\/schema\/logo\/image\/\",\"url\":\"https:\/\/www.hsymachinery.com\/wp-content\/uploads\/2025\/06\/cropped-HSY-machinery.png\",\"contentUrl\":\"https:\/\/www.hsymachinery.com\/wp-content\/uploads\/2025\/06\/cropped-HSY-machinery.png\",\"width\":600,\"height\":240,\"caption\":\"HSY Construction Machinery\"},\"image\":{\"@id\":\"https:\/\/www.hsymachinery.com\/#\/schema\/logo\/image\/\"}}]}<\/script>\n<!-- \/ Yoast SEO plugin. -->","yoast_head_json":{"title":"Machine \u00e0 plier les barres d'armature GF28 - HSY Construction Machinery","description":"La cintreuse d'\u00e9triers d'armature GF28 cintre des barres de 6 \u00e0 25 mm en \u00e9triers avec rapidit\u00e9 et pr\u00e9cision. Robuste, pr\u00eate pour l'exportation, elle est id\u00e9ale pour le renforcement des poutres et des dalles.","robots":{"index":"index","follow":"follow","max-snippet":"max-snippet:-1","max-image-preview":"max-image-preview:large","max-video-preview":"max-video-preview:-1"},"canonical":"https:\/\/www.hsymachinery.com\/fr\/product\/cintreuse-detriers-darmature-gf28\/","og_locale":"fr_FR","og_type":"article","og_title":"Rebar Stirrup Bending Machine GF28 - HSY Construction Machinery","og_description":"Rebar Stirrup Bending Machine GF28 bends 6\u201325mm bars into stirrups with speed and precision. Heavy-duty, export-ready, and ideal for beam and slab reinforcement.","og_url":"https:\/\/www.hsymachinery.com\/fr\/product\/cintreuse-detriers-darmature-gf28\/","og_site_name":"HSY Construction Machinery","article_modified_time":"2025-06-27T09:54:45+00:00","og_image":[{"width":600,"height":600,"url":"https:\/\/www.hsymachinery.com\/wp-content\/uploads\/2025\/06\/Rebar-Stirrup-Bending-Machine-GF28.jpg","type":"image\/jpeg"}],"twitter_card":"summary_large_image","twitter_misc":{"Dur\u00e9e de lecture estim\u00e9e":"2 minutes"},"schema":{"@context":"https:\/\/schema.org","@graph":[{"@type":"WebPage","@id":"https:\/\/www.hsymachinery.com\/product\/rebar-stirrup-bending-machine-gf28\/","url":"https:\/\/www.hsymachinery.com\/product\/rebar-stirrup-bending-machine-gf28\/","name":"Machine \u00e0 plier les barres d'armature GF28 - HSY Construction Machinery","isPartOf":{"@id":"https:\/\/www.hsymachinery.com\/#website"},"primaryImageOfPage":{"@id":"https:\/\/www.hsymachinery.com\/product\/rebar-stirrup-bending-machine-gf28\/#primaryimage"},"image":{"@id":"https:\/\/www.hsymachinery.com\/product\/rebar-stirrup-bending-machine-gf28\/#primaryimage"},"thumbnailUrl":"https:\/\/www.hsymachinery.com\/wp-content\/uploads\/2025\/06\/Rebar-Stirrup-Bending-Machine-GF28.jpg","datePublished":"2025-06-18T04:09:00+00:00","dateModified":"2025-06-27T09:54:45+00:00","description":"La cintreuse d'\u00e9triers d'armature GF28 cintre des barres de 6 \u00e0 25 mm en \u00e9triers avec rapidit\u00e9 et pr\u00e9cision. Robuste, pr\u00eate pour l'exportation, elle est id\u00e9ale pour le renforcement des poutres et des dalles.","breadcrumb":{"@id":"https:\/\/www.hsymachinery.com\/product\/rebar-stirrup-bending-machine-gf28\/#breadcrumb"},"inLanguage":"fr-FR","potentialAction":[{"@type":"ReadAction","target":["https:\/\/www.hsymachinery.com\/product\/rebar-stirrup-bending-machine-gf28\/"]}]},{"@type":"ImageObject","inLanguage":"fr-FR","@id":"https:\/\/www.hsymachinery.com\/product\/rebar-stirrup-bending-machine-gf28\/#primaryimage","url":"https:\/\/www.hsymachinery.com\/wp-content\/uploads\/2025\/06\/Rebar-Stirrup-Bending-Machine-GF28.jpg","contentUrl":"https:\/\/www.hsymachinery.com\/wp-content\/uploads\/2025\/06\/Rebar-Stirrup-Bending-Machine-GF28.jpg","width":600,"height":600},{"@type":"BreadcrumbList","@id":"https:\/\/www.hsymachinery.com\/product\/rebar-stirrup-bending-machine-gf28\/#breadcrumb","itemListElement":[{"@type":"ListItem","position":1,"name":"home","item":"https:\/\/www.hsymachinery.com\/"},{"@type":"ListItem","position":2,"name":"products","item":"https:\/\/www.hsymachinery.com\/products\/"},{"@type":"ListItem","position":3,"name":"Rebar Stirrup Bending Machine GF28"}]},{"@type":"WebSite","@id":"https:\/\/www.hsymachinery.com\/#website","url":"https:\/\/www.hsymachinery.com\/","name":"Machines de construction HSY","description":"HSY Machinery - Un fournisseur leader de machines de construction en Chine, offrant une large gamme d'\u00e9quipements de construction l\u00e9gers. Nos produits principaux incluent la machine \u00e0 couper les barres, la machine \u00e0 plier les barres, la machine \u00e0 plier les \u00e9triers, la machine \u00e0 plier les barres en arc, la machine \u00e0 redresser les barres, la machine \u00e0 plier les \u00e9triers \u00e0 cinq t\u00eates, le pilon de bourrage, le compacteur \u00e0 plaque, le coupe-b\u00e9ton, la truelle m\u00e9canique et d'autres machines de construction. Nous sommes \u00e9quip\u00e9s de machines CNC de pointe et nous appliquons des normes strictes d'inspection de la qualit\u00e9 ainsi qu'un service apr\u00e8s-vente complet. Si vous \u00eates int\u00e9ress\u00e9 par nos produits ou services, nous vous invitons \u00e0 nous envoyer vos demandes de renseignements par message.","publisher":{"@id":"https:\/\/www.hsymachinery.com\/#organization"},"potentialAction":[{"@type":"SearchAction","target":{"@type":"EntryPoint","urlTemplate":"https:\/\/www.hsymachinery.com\/?s={search_term_string}"},"query-input":{"@type":"PropertyValueSpecification","valueRequired":true,"valueName":"search_term_string"}}],"inLanguage":"fr-FR"},{"@type":"Organization","@id":"https:\/\/www.hsymachinery.com\/#organization","name":"Machines de construction HSY","url":"https:\/\/www.hsymachinery.com\/","logo":{"@type":"ImageObject","inLanguage":"fr-FR","@id":"https:\/\/www.hsymachinery.com\/#\/schema\/logo\/image\/","url":"https:\/\/www.hsymachinery.com\/wp-content\/uploads\/2025\/06\/cropped-HSY-machinery.png","contentUrl":"https:\/\/www.hsymachinery.com\/wp-content\/uploads\/2025\/06\/cropped-HSY-machinery.png","width":600,"height":240,"caption":"HSY Construction Machinery"},"image":{"@id":"https:\/\/www.hsymachinery.com\/#\/schema\/logo\/image\/"}}]}},"_links":{"self":[{"href":"https:\/\/www.hsymachinery.com\/fr\/wp-json\/wp\/v2\/product\/8965","targetHints":{"allow":["GET"]}}],"collection":[{"href":"https:\/\/www.hsymachinery.com\/fr\/wp-json\/wp\/v2\/product"}],"about":[{"href":"https:\/\/www.hsymachinery.com\/fr\/wp-json\/wp\/v2\/types\/product"}],"version-history":[{"count":3,"href":"https:\/\/www.hsymachinery.com\/fr\/wp-json\/wp\/v2\/product\/8965\/revisions"}],"predecessor-version":[{"id":9381,"href":"https:\/\/www.hsymachinery.com\/fr\/wp-json\/wp\/v2\/product\/8965\/revisions\/9381"}],"wp:featuredmedia":[{"embeddable":true,"href":"https:\/\/www.hsymachinery.com\/fr\/wp-json\/wp\/v2\/media\/8966"}],"wp:attachment":[{"href":"https:\/\/www.hsymachinery.com\/fr\/wp-json\/wp\/v2\/media?parent=8965"}],"wp:term":[{"taxonomy":"product_brand","embeddable":true,"href":"https:\/\/www.hsymachinery.com\/fr\/wp-json\/wp\/v2\/product_brand?post=8965"},{"taxonomy":"product_cat","embeddable":true,"href":"https:\/\/www.hsymachinery.com\/fr\/wp-json\/wp\/v2\/product_cat?post=8965"},{"taxonomy":"product_tag","embeddable":true,"href":"https:\/\/www.hsymachinery.com\/fr\/wp-json\/wp\/v2\/product_tag?post=8965"}],"curies":[{"name":"wp","href":"https:\/\/api.w.org\/{rel}","templated":true}]}}