{"id":8949,"date":"2025-06-18T12:02:08","date_gmt":"2025-06-18T04:02:08","guid":{"rendered":"https:\/\/www.hsymachinery.com\/?post_type=product&#038;p=8949"},"modified":"2025-06-25T23:27:08","modified_gmt":"2025-06-25T15:27:08","slug":"cintreuse-de-barres-darmature-gw55","status":"publish","type":"product","link":"https:\/\/www.hsymachinery.com\/fr\/product\/cintreuse-de-barres-darmature-gw55\/","title":{"rendered":"Cintreuse de barres d'armature GW55"},"content":{"rendered":"<h3 data-start=\"147\" data-end=\"247\">Cintreuse de barres d'armature pour 6-42mm d'acier | Cintreuse de barres industrielles pour la construction lourde<\/h3>\n<h3 data-start=\"254\" data-end=\"340\">Aper\u00e7u du produit - Cintreuse d'armatures \u00e0 grande capacit\u00e9 pour les projets de grande envergure<\/h3>\n<p data-start=\"342\" data-end=\"627\">Les <strong data-start=\"346\" data-end=\"376\">Cintreuse de barres d'armature GW55<\/strong> est con\u00e7u pour se plier <strong data-start=\"397\" data-end=\"412\">6mm \u00e0 42mm<\/strong> Ce mod\u00e8le est parfait pour les entrepreneurs impliqu\u00e9s dans les fondations de ponts, les structures industrielles, les syst\u00e8mes de support de tunnels et la construction de gratte-ciel. Ce mod\u00e8le est parfait pour les entrepreneurs impliqu\u00e9s dans les fondations de ponts, les structures industrielles, les syst\u00e8mes de support de tunnels et la construction de gratte-ciel.<\/p>\n<p data-start=\"629\" data-end=\"817\">Gr\u00e2ce \u00e0 ses composants robustes et \u00e0 son syst\u00e8me m\u00e9canique optimis\u00e9, la cintreuse de barres d'armature GW55 peut traiter des barres d'acier plus \u00e9paisses sans baisse de performance, m\u00eame pendant des heures de fonctionnement prolong\u00e9es.<\/p>\n<h3 data-start=\"824\" data-end=\"883\">Puissance de pliage constante avec un contr\u00f4le flexible de l'angle<\/h3>\n<p data-start=\"885\" data-end=\"1191\">Le pr\u00e9sent <strong data-start=\"890\" data-end=\"915\">machine \u00e0 cintrer les barres d'armature<\/strong> se caract\u00e9rise par un disque de pliage \u00e9pais, des goupilles robustes et deux but\u00e9es d'angle r\u00e9glables. Ensemble, ils permettent aux op\u00e9rateurs de d\u00e9finir et de maintenir des angles de pliage pr\u00e9cis jusqu'\u00e0 180\u00b0. La machine utilise un moteur industriel \u00e0 noyau de cuivre, qui fournit un couple continu pour le fa\u00e7onnage quotidien de barres d'acier.<\/p>\n<p data-start=\"1193\" data-end=\"1363\">En outre, la bo\u00eete de vitesses \u00e9tanche offre des transitions d'engrenage plus douces, un faible niveau de bruit et une longue dur\u00e9e de vie. Le GW55 est donc adapt\u00e9 \u00e0 une utilisation continue en usine ou sur site.<\/p>\n<h3 data-start=\"1370\" data-end=\"1417\">Conception robuste pour les environnements exigeants<\/h3>\n<p data-start=\"1419\" data-end=\"1747\">Construit en acier moul\u00e9 renforc\u00e9, le ch\u00e2ssis GW55 absorbe les vibrations et r\u00e9siste \u00e0 l'usure, m\u00eame sous de lourdes charges. La machine est \u00e9quip\u00e9e de roues \u00e0 haute durabilit\u00e9 pour un d\u00e9placement souple sur les chantiers. Les op\u00e9rateurs peuvent contr\u00f4ler le processus de pliage \u00e0 l'aide d'une p\u00e9dale ou d'une commande manuelle, ce qui am\u00e9liore la s\u00e9curit\u00e9 et la pr\u00e9cision.<\/p>\n<p data-start=\"1749\" data-end=\"1863\">Il prend \u00e9galement en charge les options de tension globale (220V\/380V, 50Hz\/60Hz), garantissant l'adaptabilit\u00e9 pour les clients du monde entier.<\/p>\n<h3 data-start=\"1870\" data-end=\"1918\">Pourquoi choisir la cintreuse de barres GW55 ?<\/h3>\n<ul data-start=\"1920\" data-end=\"2167\">\n<li data-start=\"1920\" data-end=\"1984\">\n<p data-start=\"1922\" data-end=\"1984\">Permet de plier des barres d'acier de 6 \u00e0 42 mm avec des performances constantes<\/p>\n<\/li>\n<li data-start=\"1985\" data-end=\"2046\">\n<p data-start=\"1987\" data-end=\"2046\">Structure robuste et contr\u00f4le pr\u00e9cis de l'angle d'inclinaison<\/p>\n<\/li>\n<li data-start=\"2047\" data-end=\"2110\">\n<p data-start=\"2049\" data-end=\"2110\">Id\u00e9al pour les usines, les chantiers et la production industrielle<\/p>\n<\/li>\n<li data-start=\"2111\" data-end=\"2167\">\n<p data-start=\"2113\" data-end=\"2167\">Prise en charge de plusieurs tensions pour les march\u00e9s internationaux<\/p>\n<\/li>\n<\/ul>\n<p><iframe title=\"#construction #construction ouvrier #rebarbender #rebarbending\" width=\"720\" height=\"405\" src=\"https:\/\/www.youtube.com\/embed\/PJ1hngSXwUg?feature=oembed\" frameborder=\"0\" allow=\"accelerometer; autoplay; clipboard-write; encrypted-media; gyroscope; picture-in-picture; web-share\" referrerpolicy=\"strict-origin-when-cross-origin\" allowfullscreen><\/iframe><\/p>","protected":false},"excerpt":{"rendered":"<p>La cintreuse de barres GW55 traite les barres d'armature de 6 \u00e0 42 mm avec un couple \u00e9lev\u00e9 et un contr\u00f4le pr\u00e9cis de l'angle. Parfaite pour les projets industriels et compatible avec les normes de tension mondiales.<\/p>","protected":false},"featured_media":8950,"template":"","meta":{"_kad_post_transparent":"default","_kad_post_title":"","_kad_post_layout":"default","_kad_post_sidebar_id":"","_kad_post_content_style":"default","_kad_post_vertical_padding":"default","_kad_post_feature":"","_kad_post_feature_position":"","_kad_post_header":false,"_kad_post_footer":false},"product_brand":[],"product_cat":[28],"product_tag":[998,1004,996,1003,997,1000,1001,999,995,1002],"class_list":{"0":"post-8949","1":"product","2":"type-product","3":"status-publish","4":"has-post-thumbnail","6":"product_cat-rebar-bending-machine","7":"product_tag-automatic-rebar-bending-machine","8":"product_tag-bar-bending-machine-price","9":"product_tag-cnc-rebar-bending-machine","10":"product_tag-construction-rebar-bender","11":"product_tag-electric-rebar-bender","12":"product_tag-electric-rebar-bending-machine","13":"product_tag-hydraulic-rebar-bending-machine","14":"product_tag-portable-rebar-bender","15":"product_tag-rebar-bender","16":"product_tag-steel-bar-bender","18":"first","19":"instock","20":"shipping-taxable","21":"product-type-simple","22":"entry","23":"content-bg","24":"loop-entry"},"yoast_head":"<!-- This site is optimized with the Yoast SEO plugin v25.3.1 - https:\/\/yoast.com\/wordpress\/plugins\/seo\/ -->\n<title>Rebar Bending Machine GW55 - HSY Construction Machinery<\/title>\n<meta name=\"description\" content=\"Rebar Bending Machine GW55 bends 6\u201342mm steel bars accurately and efficiently. Designed for industrial construction and international export compatibility.\" \/>\n<meta name=\"robots\" content=\"index, follow, max-snippet:-1, max-image-preview:large, max-video-preview:-1\" \/>\n<link rel=\"canonical\" href=\"https:\/\/www.hsymachinery.com\/fr\/product\/cintreuse-de-barres-darmature-gw55\/\" \/>\n<meta property=\"og:locale\" content=\"fr_FR\" \/>\n<meta property=\"og:type\" content=\"article\" \/>\n<meta property=\"og:title\" content=\"Rebar Bending Machine GW55 - HSY Construction Machinery\" \/>\n<meta property=\"og:description\" content=\"Rebar Bending Machine GW55 bends 6\u201342mm steel bars accurately and efficiently. Designed for industrial construction and international export compatibility.\" \/>\n<meta property=\"og:url\" content=\"https:\/\/www.hsymachinery.com\/fr\/product\/cintreuse-de-barres-darmature-gw55\/\" \/>\n<meta property=\"og:site_name\" content=\"HSY Construction Machinery\" \/>\n<meta property=\"article:modified_time\" content=\"2025-06-25T15:27:08+00:00\" \/>\n<meta property=\"og:image\" content=\"https:\/\/www.hsymachinery.com\/wp-content\/uploads\/2025\/06\/Rebar-Bending-Machine-GW55.jpg\" \/>\n\t<meta property=\"og:image:width\" content=\"600\" \/>\n\t<meta property=\"og:image:height\" content=\"600\" \/>\n\t<meta property=\"og:image:type\" content=\"image\/jpeg\" \/>\n<meta name=\"twitter:card\" content=\"summary_large_image\" \/>\n<meta name=\"twitter:label1\" content=\"Dur\u00e9e de lecture estim\u00e9e\" \/>\n\t<meta name=\"twitter:data1\" content=\"2 minutes\" \/>\n<script type=\"application\/ld+json\" class=\"yoast-schema-graph\">{\"@context\":\"https:\/\/schema.org\",\"@graph\":[{\"@type\":\"WebPage\",\"@id\":\"https:\/\/www.hsymachinery.com\/product\/rebar-bending-machine-gw55\/\",\"url\":\"https:\/\/www.hsymachinery.com\/product\/rebar-bending-machine-gw55\/\",\"name\":\"Rebar Bending Machine GW55 - HSY Construction Machinery\",\"isPartOf\":{\"@id\":\"https:\/\/www.hsymachinery.com\/#website\"},\"primaryImageOfPage\":{\"@id\":\"https:\/\/www.hsymachinery.com\/product\/rebar-bending-machine-gw55\/#primaryimage\"},\"image\":{\"@id\":\"https:\/\/www.hsymachinery.com\/product\/rebar-bending-machine-gw55\/#primaryimage\"},\"thumbnailUrl\":\"https:\/\/www.hsymachinery.com\/wp-content\/uploads\/2025\/06\/Rebar-Bending-Machine-GW55.jpg\",\"datePublished\":\"2025-06-18T04:02:08+00:00\",\"dateModified\":\"2025-06-25T15:27:08+00:00\",\"description\":\"Rebar Bending Machine GW55 bends 6\u201342mm steel bars accurately and efficiently. Designed for industrial construction and international export compatibility.\",\"breadcrumb\":{\"@id\":\"https:\/\/www.hsymachinery.com\/product\/rebar-bending-machine-gw55\/#breadcrumb\"},\"inLanguage\":\"fr-FR\",\"potentialAction\":[{\"@type\":\"ReadAction\",\"target\":[\"https:\/\/www.hsymachinery.com\/product\/rebar-bending-machine-gw55\/\"]}]},{\"@type\":\"ImageObject\",\"inLanguage\":\"fr-FR\",\"@id\":\"https:\/\/www.hsymachinery.com\/product\/rebar-bending-machine-gw55\/#primaryimage\",\"url\":\"https:\/\/www.hsymachinery.com\/wp-content\/uploads\/2025\/06\/Rebar-Bending-Machine-GW55.jpg\",\"contentUrl\":\"https:\/\/www.hsymachinery.com\/wp-content\/uploads\/2025\/06\/Rebar-Bending-Machine-GW55.jpg\",\"width\":600,\"height\":600},{\"@type\":\"BreadcrumbList\",\"@id\":\"https:\/\/www.hsymachinery.com\/product\/rebar-bending-machine-gw55\/#breadcrumb\",\"itemListElement\":[{\"@type\":\"ListItem\",\"position\":1,\"name\":\"home\",\"item\":\"https:\/\/www.hsymachinery.com\/\"},{\"@type\":\"ListItem\",\"position\":2,\"name\":\"products\",\"item\":\"https:\/\/www.hsymachinery.com\/products\/\"},{\"@type\":\"ListItem\",\"position\":3,\"name\":\"Rebar Bending Machine GW55\"}]},{\"@type\":\"WebSite\",\"@id\":\"https:\/\/www.hsymachinery.com\/#website\",\"url\":\"https:\/\/www.hsymachinery.com\/\",\"name\":\"HSY Construction Machinery\",\"description\":\"HSY Machinery \u2013 A leading China construction machinery supplier, offering a wide range of light construction equipment. Our main products include Rebar Cutting Machine, Rebar Bending Machine, Rebar Stirrup Bending Machine, Rebar Arc Bending Machine, Rebar Straightening Machine, Five-Head Rebar Stirrup Bending Machine, Tamping Rammer, Plate Compactor, Concrete Cutter, Power Trowel, and other construction machinery. We are equipped with advanced CNC machines, and we enforce strict quality inspection standards along with comprehensive after-sales service. If you are interested in our products or services, we warmly welcome your inquiries via message.\",\"publisher\":{\"@id\":\"https:\/\/www.hsymachinery.com\/#organization\"},\"potentialAction\":[{\"@type\":\"SearchAction\",\"target\":{\"@type\":\"EntryPoint\",\"urlTemplate\":\"https:\/\/www.hsymachinery.com\/?s={search_term_string}\"},\"query-input\":{\"@type\":\"PropertyValueSpecification\",\"valueRequired\":true,\"valueName\":\"search_term_string\"}}],\"inLanguage\":\"fr-FR\"},{\"@type\":\"Organization\",\"@id\":\"https:\/\/www.hsymachinery.com\/#organization\",\"name\":\"HSY Construction Machinery\",\"url\":\"https:\/\/www.hsymachinery.com\/\",\"logo\":{\"@type\":\"ImageObject\",\"inLanguage\":\"fr-FR\",\"@id\":\"https:\/\/www.hsymachinery.com\/#\/schema\/logo\/image\/\",\"url\":\"https:\/\/www.hsymachinery.com\/wp-content\/uploads\/2025\/06\/cropped-HSY-machinery.png\",\"contentUrl\":\"https:\/\/www.hsymachinery.com\/wp-content\/uploads\/2025\/06\/cropped-HSY-machinery.png\",\"width\":600,\"height\":240,\"caption\":\"HSY Construction Machinery\"},\"image\":{\"@id\":\"https:\/\/www.hsymachinery.com\/#\/schema\/logo\/image\/\"}}]}<\/script>\n<!-- \/ Yoast SEO plugin. -->","yoast_head_json":{"title":"Cintreuse d'armatures GW55 - HSY Construction Machinery","description":"La cintreuse d'armatures GW55 cintre des barres d'acier de 6 \u00e0 42 mm avec pr\u00e9cision et efficacit\u00e9. Con\u00e7ue pour la construction industrielle et la compatibilit\u00e9 avec les exportations internationales.","robots":{"index":"index","follow":"follow","max-snippet":"max-snippet:-1","max-image-preview":"max-image-preview:large","max-video-preview":"max-video-preview:-1"},"canonical":"https:\/\/www.hsymachinery.com\/fr\/product\/cintreuse-de-barres-darmature-gw55\/","og_locale":"fr_FR","og_type":"article","og_title":"Rebar Bending Machine GW55 - HSY Construction Machinery","og_description":"Rebar Bending Machine GW55 bends 6\u201342mm steel bars accurately and efficiently. Designed for industrial construction and international export compatibility.","og_url":"https:\/\/www.hsymachinery.com\/fr\/product\/cintreuse-de-barres-darmature-gw55\/","og_site_name":"HSY Construction Machinery","article_modified_time":"2025-06-25T15:27:08+00:00","og_image":[{"width":600,"height":600,"url":"https:\/\/www.hsymachinery.com\/wp-content\/uploads\/2025\/06\/Rebar-Bending-Machine-GW55.jpg","type":"image\/jpeg"}],"twitter_card":"summary_large_image","twitter_misc":{"Dur\u00e9e de lecture estim\u00e9e":"2 minutes"},"schema":{"@context":"https:\/\/schema.org","@graph":[{"@type":"WebPage","@id":"https:\/\/www.hsymachinery.com\/product\/rebar-bending-machine-gw55\/","url":"https:\/\/www.hsymachinery.com\/product\/rebar-bending-machine-gw55\/","name":"Cintreuse d'armatures GW55 - HSY Construction Machinery","isPartOf":{"@id":"https:\/\/www.hsymachinery.com\/#website"},"primaryImageOfPage":{"@id":"https:\/\/www.hsymachinery.com\/product\/rebar-bending-machine-gw55\/#primaryimage"},"image":{"@id":"https:\/\/www.hsymachinery.com\/product\/rebar-bending-machine-gw55\/#primaryimage"},"thumbnailUrl":"https:\/\/www.hsymachinery.com\/wp-content\/uploads\/2025\/06\/Rebar-Bending-Machine-GW55.jpg","datePublished":"2025-06-18T04:02:08+00:00","dateModified":"2025-06-25T15:27:08+00:00","description":"La cintreuse d'armatures GW55 cintre des barres d'acier de 6 \u00e0 42 mm avec pr\u00e9cision et efficacit\u00e9. Con\u00e7ue pour la construction industrielle et la compatibilit\u00e9 avec les exportations internationales.","breadcrumb":{"@id":"https:\/\/www.hsymachinery.com\/product\/rebar-bending-machine-gw55\/#breadcrumb"},"inLanguage":"fr-FR","potentialAction":[{"@type":"ReadAction","target":["https:\/\/www.hsymachinery.com\/product\/rebar-bending-machine-gw55\/"]}]},{"@type":"ImageObject","inLanguage":"fr-FR","@id":"https:\/\/www.hsymachinery.com\/product\/rebar-bending-machine-gw55\/#primaryimage","url":"https:\/\/www.hsymachinery.com\/wp-content\/uploads\/2025\/06\/Rebar-Bending-Machine-GW55.jpg","contentUrl":"https:\/\/www.hsymachinery.com\/wp-content\/uploads\/2025\/06\/Rebar-Bending-Machine-GW55.jpg","width":600,"height":600},{"@type":"BreadcrumbList","@id":"https:\/\/www.hsymachinery.com\/product\/rebar-bending-machine-gw55\/#breadcrumb","itemListElement":[{"@type":"ListItem","position":1,"name":"home","item":"https:\/\/www.hsymachinery.com\/"},{"@type":"ListItem","position":2,"name":"products","item":"https:\/\/www.hsymachinery.com\/products\/"},{"@type":"ListItem","position":3,"name":"Rebar Bending Machine GW55"}]},{"@type":"WebSite","@id":"https:\/\/www.hsymachinery.com\/#website","url":"https:\/\/www.hsymachinery.com\/","name":"Machines de construction HSY","description":"HSY Machinery - Un fournisseur leader de machines de construction en Chine, offrant une large gamme d'\u00e9quipements de construction l\u00e9gers. Nos produits principaux incluent la machine \u00e0 couper les barres, la machine \u00e0 plier les barres, la machine \u00e0 plier les \u00e9triers, la machine \u00e0 plier les barres en arc, la machine \u00e0 redresser les barres, la machine \u00e0 plier les \u00e9triers \u00e0 cinq t\u00eates, le pilon de bourrage, le compacteur \u00e0 plaque, le coupe-b\u00e9ton, la truelle m\u00e9canique et d'autres machines de construction. Nous sommes \u00e9quip\u00e9s de machines CNC de pointe et nous appliquons des normes strictes d'inspection de la qualit\u00e9 ainsi qu'un service apr\u00e8s-vente complet. Si vous \u00eates int\u00e9ress\u00e9 par nos produits ou services, nous vous invitons \u00e0 nous envoyer vos demandes de renseignements par message.","publisher":{"@id":"https:\/\/www.hsymachinery.com\/#organization"},"potentialAction":[{"@type":"SearchAction","target":{"@type":"EntryPoint","urlTemplate":"https:\/\/www.hsymachinery.com\/?s={search_term_string}"},"query-input":{"@type":"PropertyValueSpecification","valueRequired":true,"valueName":"search_term_string"}}],"inLanguage":"fr-FR"},{"@type":"Organization","@id":"https:\/\/www.hsymachinery.com\/#organization","name":"Machines de construction HSY","url":"https:\/\/www.hsymachinery.com\/","logo":{"@type":"ImageObject","inLanguage":"fr-FR","@id":"https:\/\/www.hsymachinery.com\/#\/schema\/logo\/image\/","url":"https:\/\/www.hsymachinery.com\/wp-content\/uploads\/2025\/06\/cropped-HSY-machinery.png","contentUrl":"https:\/\/www.hsymachinery.com\/wp-content\/uploads\/2025\/06\/cropped-HSY-machinery.png","width":600,"height":240,"caption":"HSY Construction Machinery"},"image":{"@id":"https:\/\/www.hsymachinery.com\/#\/schema\/logo\/image\/"}}]}},"_links":{"self":[{"href":"https:\/\/www.hsymachinery.com\/fr\/wp-json\/wp\/v2\/product\/8949","targetHints":{"allow":["GET"]}}],"collection":[{"href":"https:\/\/www.hsymachinery.com\/fr\/wp-json\/wp\/v2\/product"}],"about":[{"href":"https:\/\/www.hsymachinery.com\/fr\/wp-json\/wp\/v2\/types\/product"}],"version-history":[{"count":3,"href":"https:\/\/www.hsymachinery.com\/fr\/wp-json\/wp\/v2\/product\/8949\/revisions"}],"predecessor-version":[{"id":9357,"href":"https:\/\/www.hsymachinery.com\/fr\/wp-json\/wp\/v2\/product\/8949\/revisions\/9357"}],"wp:featuredmedia":[{"embeddable":true,"href":"https:\/\/www.hsymachinery.com\/fr\/wp-json\/wp\/v2\/media\/8950"}],"wp:attachment":[{"href":"https:\/\/www.hsymachinery.com\/fr\/wp-json\/wp\/v2\/media?parent=8949"}],"wp:term":[{"taxonomy":"product_brand","embeddable":true,"href":"https:\/\/www.hsymachinery.com\/fr\/wp-json\/wp\/v2\/product_brand?post=8949"},{"taxonomy":"product_cat","embeddable":true,"href":"https:\/\/www.hsymachinery.com\/fr\/wp-json\/wp\/v2\/product_cat?post=8949"},{"taxonomy":"product_tag","embeddable":true,"href":"https:\/\/www.hsymachinery.com\/fr\/wp-json\/wp\/v2\/product_tag?post=8949"}],"curies":[{"name":"wp","href":"https:\/\/api.w.org\/{rel}","templated":true}]}}