{"id":8939,"date":"2025-06-18T11:56:04","date_gmt":"2025-06-18T03:56:04","guid":{"rendered":"https:\/\/www.hsymachinery.com\/?post_type=product&#038;p=8939"},"modified":"2025-06-25T23:05:29","modified_gmt":"2025-06-25T15:05:29","slug":"cintreuse-de-barres-darmature-gw40","status":"publish","type":"product","link":"https:\/\/www.hsymachinery.com\/fr\/product\/cintreuse-de-barres-darmature-gw40\/","title":{"rendered":"Cintreuse de barres d'armature GW40"},"content":{"rendered":"<h3 data-start=\"323\" data-end=\"410\">Cintreuse de barres d'armature compactes pour barres de 6 \u00e0 32 mm | Cintreuse de barres d'acier de construction<\/h3>\n<h3 data-start=\"417\" data-end=\"491\">Pr\u00e9sentation du produit - \u00c9quipement portable de cintrage de l'acier pour une utilisation sur site<\/h3>\n<p data-start=\"493\" data-end=\"869\">Les <strong data-start=\"497\" data-end=\"527\">Cintreuse de barres d'armature GW40<\/strong> est un appareil compact, durable et tr\u00e8s efficace. <strong data-start=\"572\" data-end=\"596\">solution de cintrage des barres<\/strong> con\u00e7u pour la transformation <strong data-start=\"621\" data-end=\"636\">6mm \u00e0 32mm<\/strong> tiges d'acier. Que vous travailliez sur de petits chantiers r\u00e9sidentiels ou sur des projets de construction de taille moyenne, cette machine permet de r\u00e9aliser des pliages nets et pr\u00e9cis \u00e0 chaque fois. Elle est parfaite pour les fondations, les colonnes, les poutres et les travaux g\u00e9n\u00e9raux de renforcement.<\/p>\n<p data-start=\"871\" data-end=\"1062\">Gr\u00e2ce \u00e0 son cadre l\u00e9ger et \u00e0 sa facilit\u00e9 d'utilisation, les travailleurs peuvent d\u00e9placer et faire fonctionner l'appareil. <strong data-start=\"956\" data-end=\"975\">Cintreuse de barres GW40<\/strong> avec une formation minimale. Il en r\u00e9sulte une augmentation de la productivit\u00e9 et une diminution de l'effort de travail.<\/p>\n<h3 data-start=\"1069\" data-end=\"1128\">\u00a0Contr\u00f4le pr\u00e9cis de l'angle et performance de cintrage en douceur<\/h3>\n<p data-start=\"1130\" data-end=\"1439\">Les <strong data-start=\"1134\" data-end=\"1164\">Cintreuse de barres d'armature GW40<\/strong> utilise un disque de cintrage tremp\u00e9 avec des goupilles de but\u00e9e r\u00e9glables pour contr\u00f4ler l'angle de cintrage. Les op\u00e9rateurs peuvent rapidement passer d'un angle \u00e0 l'autre - g\u00e9n\u00e9ralement jusqu'\u00e0 180\u00b0 - avec une grande r\u00e9gularit\u00e9. Cette caract\u00e9ristique permet \u00e0 la machine de r\u00e9aliser des cintrages standard et des formes de barres d'armature personnalis\u00e9es.<\/p>\n<p data-start=\"1441\" data-end=\"1648\">La machine fonctionne sur un puissant <strong data-start=\"1472\" data-end=\"1493\">moteur \u00e0 fil de cuivre<\/strong> qui garantit un couple stable. En outre, la bo\u00eete de vitesses ferm\u00e9e et lubrifi\u00e9e r\u00e9duit l'usure m\u00e9canique et prolonge la dur\u00e9e de vie des composants internes.<\/p>\n<h3 data-start=\"1655\" data-end=\"1704\">Structure durable et compatibilit\u00e9 globale<\/h3>\n<p data-start=\"1706\" data-end=\"1978\">Les <strong data-start=\"1710\" data-end=\"1740\">Machine \u00e0 cintrer les barres d'armature GW40<\/strong> est dot\u00e9 d'un corps en fonte renforc\u00e9 con\u00e7u pour r\u00e9sister aux chocs et \u00e0 la d\u00e9formation. Des roues solides am\u00e9liorent la portabilit\u00e9, et des commandes au pied ou manuelles en option renforcent la s\u00e9curit\u00e9 des op\u00e9rations. La taille compacte de la machine est id\u00e9ale pour les sites o\u00f9 l'espace est limit\u00e9.<\/p>\n<p data-start=\"1980\" data-end=\"2197\">En outre, il soutient <strong data-start=\"2005\" data-end=\"2052\">entr\u00e9e de tension personnalis\u00e9e (220V\/380V, 50Hz\/60Hz)<\/strong> pour un d\u00e9ploiement international sans faille. Sa conception robuste et ses fonctions flexibles en font un excellent choix pour les entreprises de construction du monde entier.<\/p>\n<h3 data-start=\"2204\" data-end=\"2252\">Pourquoi choisir la cintreuse de barres GW40 ?<\/h3>\n<ul data-start=\"2254\" data-end=\"2436\">\n<li data-start=\"2254\" data-end=\"2292\">\n<p data-start=\"2256\" data-end=\"2292\">Pliage pr\u00e9cis de barres d'acier de 6 \u00e0 32 mm<\/p>\n<\/li>\n<li data-start=\"2293\" data-end=\"2344\">\n<p data-start=\"2295\" data-end=\"2344\">Portable et facile \u00e0 utiliser sur les chantiers exigus<\/p>\n<\/li>\n<li data-start=\"2345\" data-end=\"2387\">\n<p data-start=\"2347\" data-end=\"2387\">Bo\u00eete de vitesses et moteur durables<\/p>\n<\/li>\n<li data-start=\"2388\" data-end=\"2436\">\n<p data-start=\"2390\" data-end=\"2436\">Id\u00e9al pour l'exportation et la construction mondiale<\/p>\n<\/li>\n<\/ul>\n<p><iframe title=\"#construction #construction ouvrier #rebarmachine #rebarbender #rebarbending\" width=\"720\" height=\"405\" src=\"https:\/\/www.youtube.com\/embed\/GX-U7SGMcVc?feature=oembed\" frameborder=\"0\" allow=\"accelerometer; autoplay; clipboard-write; encrypted-media; gyroscope; picture-in-picture; web-share\" referrerpolicy=\"strict-origin-when-cross-origin\" allowfullscreen><\/iframe><\/p>","protected":false},"excerpt":{"rendered":"<p>La cintreuse d'armatures GW40 cintre des barres de 6 \u00e0 32 mm avec pr\u00e9cision et contr\u00f4le. Sa taille compacte et sa facilit\u00e9 d'utilisation en font un outil id\u00e9al pour les chantiers de construction.<\/p>","protected":false},"featured_media":8941,"template":"","meta":{"_kad_post_transparent":"default","_kad_post_title":"","_kad_post_layout":"default","_kad_post_sidebar_id":"","_kad_post_content_style":"default","_kad_post_vertical_padding":"default","_kad_post_feature":"","_kad_post_feature_position":"","_kad_post_header":false,"_kad_post_footer":false},"product_brand":[],"product_cat":[28],"product_tag":[998,1004,996,1003,997,1000,1001,999,995,1002],"class_list":{"0":"post-8939","1":"product","2":"type-product","3":"status-publish","4":"has-post-thumbnail","6":"product_cat-rebar-bending-machine","7":"product_tag-automatic-rebar-bending-machine","8":"product_tag-bar-bending-machine-price","9":"product_tag-cnc-rebar-bending-machine","10":"product_tag-construction-rebar-bender","11":"product_tag-electric-rebar-bender","12":"product_tag-electric-rebar-bending-machine","13":"product_tag-hydraulic-rebar-bending-machine","14":"product_tag-portable-rebar-bender","15":"product_tag-rebar-bender","16":"product_tag-steel-bar-bender","18":"first","19":"instock","20":"featured","21":"shipping-taxable","22":"product-type-simple","23":"entry","24":"content-bg","25":"loop-entry"},"yoast_head":"<!-- This site is optimized with the Yoast SEO plugin v25.3.1 - https:\/\/yoast.com\/wordpress\/plugins\/seo\/ -->\n<title>Rebar Bending Machine GW40 - HSY Construction Machinery<\/title>\n<meta name=\"description\" content=\"Rebar Bending Machine GW40 bends 6\u201332mm steel bars with high accuracy. Compact, portable, and suitable for export to construction markets worldwide.\" \/>\n<meta name=\"robots\" content=\"index, follow, max-snippet:-1, max-image-preview:large, max-video-preview:-1\" \/>\n<link rel=\"canonical\" href=\"https:\/\/www.hsymachinery.com\/fr\/product\/cintreuse-de-barres-darmature-gw40\/\" \/>\n<meta property=\"og:locale\" content=\"fr_FR\" \/>\n<meta property=\"og:type\" content=\"article\" \/>\n<meta property=\"og:title\" content=\"Rebar Bending Machine GW40 - HSY Construction Machinery\" \/>\n<meta property=\"og:description\" content=\"Rebar Bending Machine GW40 bends 6\u201332mm steel bars with high accuracy. Compact, portable, and suitable for export to construction markets worldwide.\" \/>\n<meta property=\"og:url\" content=\"https:\/\/www.hsymachinery.com\/fr\/product\/cintreuse-de-barres-darmature-gw40\/\" \/>\n<meta property=\"og:site_name\" content=\"HSY Construction Machinery\" \/>\n<meta property=\"article:modified_time\" content=\"2025-06-25T15:05:29+00:00\" \/>\n<meta property=\"og:image\" content=\"https:\/\/www.hsymachinery.com\/wp-content\/uploads\/2025\/06\/Rebar-Bending-Machine-GW40.jpg\" \/>\n\t<meta property=\"og:image:width\" content=\"600\" \/>\n\t<meta property=\"og:image:height\" content=\"600\" \/>\n\t<meta property=\"og:image:type\" content=\"image\/jpeg\" \/>\n<meta name=\"twitter:card\" content=\"summary_large_image\" \/>\n<meta name=\"twitter:label1\" content=\"Dur\u00e9e de lecture estim\u00e9e\" \/>\n\t<meta name=\"twitter:data1\" content=\"2 minutes\" \/>\n<script type=\"application\/ld+json\" class=\"yoast-schema-graph\">{\"@context\":\"https:\/\/schema.org\",\"@graph\":[{\"@type\":\"WebPage\",\"@id\":\"https:\/\/www.hsymachinery.com\/product\/rebar-bending-machine-gw40\/\",\"url\":\"https:\/\/www.hsymachinery.com\/product\/rebar-bending-machine-gw40\/\",\"name\":\"Rebar Bending Machine GW40 - HSY Construction Machinery\",\"isPartOf\":{\"@id\":\"https:\/\/www.hsymachinery.com\/#website\"},\"primaryImageOfPage\":{\"@id\":\"https:\/\/www.hsymachinery.com\/product\/rebar-bending-machine-gw40\/#primaryimage\"},\"image\":{\"@id\":\"https:\/\/www.hsymachinery.com\/product\/rebar-bending-machine-gw40\/#primaryimage\"},\"thumbnailUrl\":\"https:\/\/www.hsymachinery.com\/wp-content\/uploads\/2025\/06\/Rebar-Bending-Machine-GW40.jpg\",\"datePublished\":\"2025-06-18T03:56:04+00:00\",\"dateModified\":\"2025-06-25T15:05:29+00:00\",\"description\":\"Rebar Bending Machine GW40 bends 6\u201332mm steel bars with high accuracy. Compact, portable, and suitable for export to construction markets worldwide.\",\"breadcrumb\":{\"@id\":\"https:\/\/www.hsymachinery.com\/product\/rebar-bending-machine-gw40\/#breadcrumb\"},\"inLanguage\":\"fr-FR\",\"potentialAction\":[{\"@type\":\"ReadAction\",\"target\":[\"https:\/\/www.hsymachinery.com\/product\/rebar-bending-machine-gw40\/\"]}]},{\"@type\":\"ImageObject\",\"inLanguage\":\"fr-FR\",\"@id\":\"https:\/\/www.hsymachinery.com\/product\/rebar-bending-machine-gw40\/#primaryimage\",\"url\":\"https:\/\/www.hsymachinery.com\/wp-content\/uploads\/2025\/06\/Rebar-Bending-Machine-GW40.jpg\",\"contentUrl\":\"https:\/\/www.hsymachinery.com\/wp-content\/uploads\/2025\/06\/Rebar-Bending-Machine-GW40.jpg\",\"width\":600,\"height\":600},{\"@type\":\"BreadcrumbList\",\"@id\":\"https:\/\/www.hsymachinery.com\/product\/rebar-bending-machine-gw40\/#breadcrumb\",\"itemListElement\":[{\"@type\":\"ListItem\",\"position\":1,\"name\":\"home\",\"item\":\"https:\/\/www.hsymachinery.com\/\"},{\"@type\":\"ListItem\",\"position\":2,\"name\":\"products\",\"item\":\"https:\/\/www.hsymachinery.com\/products\/\"},{\"@type\":\"ListItem\",\"position\":3,\"name\":\"Rebar Bending Machine GW40\"}]},{\"@type\":\"WebSite\",\"@id\":\"https:\/\/www.hsymachinery.com\/#website\",\"url\":\"https:\/\/www.hsymachinery.com\/\",\"name\":\"HSY Construction Machinery\",\"description\":\"HSY Machinery \u2013 A leading China construction machinery supplier, offering a wide range of light construction equipment. Our main products include Rebar Cutting Machine, Rebar Bending Machine, Rebar Stirrup Bending Machine, Rebar Arc Bending Machine, Rebar Straightening Machine, Five-Head Rebar Stirrup Bending Machine, Tamping Rammer, Plate Compactor, Concrete Cutter, Power Trowel, and other construction machinery. We are equipped with advanced CNC machines, and we enforce strict quality inspection standards along with comprehensive after-sales service. If you are interested in our products or services, we warmly welcome your inquiries via message.\",\"publisher\":{\"@id\":\"https:\/\/www.hsymachinery.com\/#organization\"},\"potentialAction\":[{\"@type\":\"SearchAction\",\"target\":{\"@type\":\"EntryPoint\",\"urlTemplate\":\"https:\/\/www.hsymachinery.com\/?s={search_term_string}\"},\"query-input\":{\"@type\":\"PropertyValueSpecification\",\"valueRequired\":true,\"valueName\":\"search_term_string\"}}],\"inLanguage\":\"fr-FR\"},{\"@type\":\"Organization\",\"@id\":\"https:\/\/www.hsymachinery.com\/#organization\",\"name\":\"HSY Construction Machinery\",\"url\":\"https:\/\/www.hsymachinery.com\/\",\"logo\":{\"@type\":\"ImageObject\",\"inLanguage\":\"fr-FR\",\"@id\":\"https:\/\/www.hsymachinery.com\/#\/schema\/logo\/image\/\",\"url\":\"https:\/\/www.hsymachinery.com\/wp-content\/uploads\/2025\/06\/cropped-HSY-machinery.png\",\"contentUrl\":\"https:\/\/www.hsymachinery.com\/wp-content\/uploads\/2025\/06\/cropped-HSY-machinery.png\",\"width\":600,\"height\":240,\"caption\":\"HSY Construction Machinery\"},\"image\":{\"@id\":\"https:\/\/www.hsymachinery.com\/#\/schema\/logo\/image\/\"}}]}<\/script>\n<!-- \/ Yoast SEO plugin. -->","yoast_head_json":{"title":"Cintreuse d'armatures GW40 - HSY Construction Machinery","description":"La cintreuse d'armatures GW40 cintre des barres d'acier de 6 \u00e0 32 mm avec une grande pr\u00e9cision. Compacte, portable et adapt\u00e9e \u00e0 l'exportation vers les march\u00e9s de la construction du monde entier.","robots":{"index":"index","follow":"follow","max-snippet":"max-snippet:-1","max-image-preview":"max-image-preview:large","max-video-preview":"max-video-preview:-1"},"canonical":"https:\/\/www.hsymachinery.com\/fr\/product\/cintreuse-de-barres-darmature-gw40\/","og_locale":"fr_FR","og_type":"article","og_title":"Rebar Bending Machine GW40 - HSY Construction Machinery","og_description":"Rebar Bending Machine GW40 bends 6\u201332mm steel bars with high accuracy. Compact, portable, and suitable for export to construction markets worldwide.","og_url":"https:\/\/www.hsymachinery.com\/fr\/product\/cintreuse-de-barres-darmature-gw40\/","og_site_name":"HSY Construction Machinery","article_modified_time":"2025-06-25T15:05:29+00:00","og_image":[{"width":600,"height":600,"url":"https:\/\/www.hsymachinery.com\/wp-content\/uploads\/2025\/06\/Rebar-Bending-Machine-GW40.jpg","type":"image\/jpeg"}],"twitter_card":"summary_large_image","twitter_misc":{"Dur\u00e9e de lecture estim\u00e9e":"2 minutes"},"schema":{"@context":"https:\/\/schema.org","@graph":[{"@type":"WebPage","@id":"https:\/\/www.hsymachinery.com\/product\/rebar-bending-machine-gw40\/","url":"https:\/\/www.hsymachinery.com\/product\/rebar-bending-machine-gw40\/","name":"Cintreuse d'armatures GW40 - HSY Construction Machinery","isPartOf":{"@id":"https:\/\/www.hsymachinery.com\/#website"},"primaryImageOfPage":{"@id":"https:\/\/www.hsymachinery.com\/product\/rebar-bending-machine-gw40\/#primaryimage"},"image":{"@id":"https:\/\/www.hsymachinery.com\/product\/rebar-bending-machine-gw40\/#primaryimage"},"thumbnailUrl":"https:\/\/www.hsymachinery.com\/wp-content\/uploads\/2025\/06\/Rebar-Bending-Machine-GW40.jpg","datePublished":"2025-06-18T03:56:04+00:00","dateModified":"2025-06-25T15:05:29+00:00","description":"La cintreuse d'armatures GW40 cintre des barres d'acier de 6 \u00e0 32 mm avec une grande pr\u00e9cision. Compacte, portable et adapt\u00e9e \u00e0 l'exportation vers les march\u00e9s de la construction du monde entier.","breadcrumb":{"@id":"https:\/\/www.hsymachinery.com\/product\/rebar-bending-machine-gw40\/#breadcrumb"},"inLanguage":"fr-FR","potentialAction":[{"@type":"ReadAction","target":["https:\/\/www.hsymachinery.com\/product\/rebar-bending-machine-gw40\/"]}]},{"@type":"ImageObject","inLanguage":"fr-FR","@id":"https:\/\/www.hsymachinery.com\/product\/rebar-bending-machine-gw40\/#primaryimage","url":"https:\/\/www.hsymachinery.com\/wp-content\/uploads\/2025\/06\/Rebar-Bending-Machine-GW40.jpg","contentUrl":"https:\/\/www.hsymachinery.com\/wp-content\/uploads\/2025\/06\/Rebar-Bending-Machine-GW40.jpg","width":600,"height":600},{"@type":"BreadcrumbList","@id":"https:\/\/www.hsymachinery.com\/product\/rebar-bending-machine-gw40\/#breadcrumb","itemListElement":[{"@type":"ListItem","position":1,"name":"home","item":"https:\/\/www.hsymachinery.com\/"},{"@type":"ListItem","position":2,"name":"products","item":"https:\/\/www.hsymachinery.com\/products\/"},{"@type":"ListItem","position":3,"name":"Rebar Bending Machine GW40"}]},{"@type":"WebSite","@id":"https:\/\/www.hsymachinery.com\/#website","url":"https:\/\/www.hsymachinery.com\/","name":"Machines de construction HSY","description":"HSY Machinery - Un fournisseur leader de machines de construction en Chine, offrant une large gamme d'\u00e9quipements de construction l\u00e9gers. Nos produits principaux incluent la machine \u00e0 couper les barres, la machine \u00e0 plier les barres, la machine \u00e0 plier les \u00e9triers, la machine \u00e0 plier les barres en arc, la machine \u00e0 redresser les barres, la machine \u00e0 plier les \u00e9triers \u00e0 cinq t\u00eates, le pilon de bourrage, le compacteur \u00e0 plaque, le coupe-b\u00e9ton, la truelle m\u00e9canique et d'autres machines de construction. Nous sommes \u00e9quip\u00e9s de machines CNC de pointe et nous appliquons des normes strictes d'inspection de la qualit\u00e9 ainsi qu'un service apr\u00e8s-vente complet. Si vous \u00eates int\u00e9ress\u00e9 par nos produits ou services, nous vous invitons \u00e0 nous envoyer vos demandes de renseignements par message.","publisher":{"@id":"https:\/\/www.hsymachinery.com\/#organization"},"potentialAction":[{"@type":"SearchAction","target":{"@type":"EntryPoint","urlTemplate":"https:\/\/www.hsymachinery.com\/?s={search_term_string}"},"query-input":{"@type":"PropertyValueSpecification","valueRequired":true,"valueName":"search_term_string"}}],"inLanguage":"fr-FR"},{"@type":"Organization","@id":"https:\/\/www.hsymachinery.com\/#organization","name":"Machines de construction HSY","url":"https:\/\/www.hsymachinery.com\/","logo":{"@type":"ImageObject","inLanguage":"fr-FR","@id":"https:\/\/www.hsymachinery.com\/#\/schema\/logo\/image\/","url":"https:\/\/www.hsymachinery.com\/wp-content\/uploads\/2025\/06\/cropped-HSY-machinery.png","contentUrl":"https:\/\/www.hsymachinery.com\/wp-content\/uploads\/2025\/06\/cropped-HSY-machinery.png","width":600,"height":240,"caption":"HSY Construction Machinery"},"image":{"@id":"https:\/\/www.hsymachinery.com\/#\/schema\/logo\/image\/"}}]}},"_links":{"self":[{"href":"https:\/\/www.hsymachinery.com\/fr\/wp-json\/wp\/v2\/product\/8939","targetHints":{"allow":["GET"]}}],"collection":[{"href":"https:\/\/www.hsymachinery.com\/fr\/wp-json\/wp\/v2\/product"}],"about":[{"href":"https:\/\/www.hsymachinery.com\/fr\/wp-json\/wp\/v2\/types\/product"}],"version-history":[{"count":3,"href":"https:\/\/www.hsymachinery.com\/fr\/wp-json\/wp\/v2\/product\/8939\/revisions"}],"predecessor-version":[{"id":9350,"href":"https:\/\/www.hsymachinery.com\/fr\/wp-json\/wp\/v2\/product\/8939\/revisions\/9350"}],"wp:featuredmedia":[{"embeddable":true,"href":"https:\/\/www.hsymachinery.com\/fr\/wp-json\/wp\/v2\/media\/8941"}],"wp:attachment":[{"href":"https:\/\/www.hsymachinery.com\/fr\/wp-json\/wp\/v2\/media?parent=8939"}],"wp:term":[{"taxonomy":"product_brand","embeddable":true,"href":"https:\/\/www.hsymachinery.com\/fr\/wp-json\/wp\/v2\/product_brand?post=8939"},{"taxonomy":"product_cat","embeddable":true,"href":"https:\/\/www.hsymachinery.com\/fr\/wp-json\/wp\/v2\/product_cat?post=8939"},{"taxonomy":"product_tag","embeddable":true,"href":"https:\/\/www.hsymachinery.com\/fr\/wp-json\/wp\/v2\/product_tag?post=8939"}],"curies":[{"name":"wp","href":"https:\/\/api.w.org\/{rel}","templated":true}]}}