{"id":8927,"date":"2025-06-18T11:27:56","date_gmt":"2025-06-18T03:27:56","guid":{"rendered":"https:\/\/www.hsymachinery.com\/?post_type=product&#038;p=8927"},"modified":"2025-06-25T21:03:06","modified_gmt":"2025-06-25T13:03:06","slug":"machine-a-couper-les-barres-darmature-gq55-couteau-plat","status":"publish","type":"product","link":"https:\/\/www.hsymachinery.com\/fr\/product\/machine-a-couper-les-barres-darmature-gq55-couteau-plat\/","title":{"rendered":"Machine \u00e0 couper les barres d'armature GQ55 (couteau plat)"},"content":{"rendered":"<h3 data-start=\"429\" data-end=\"519\">Aper\u00e7u du produit - Cisaille de pr\u00e9cision \u00e0 lames plates pour applications lourdes<\/h3>\n<p data-start=\"521\" data-end=\"893\">Les <strong data-start=\"525\" data-end=\"568\">Machine \u00e0 couper les barres d'armature GQ55 (couteau plat)<\/strong> est con\u00e7ue pour les t\u00e2ches de coupe d'acier exigeantes dans les projets de construction \u00e0 grande \u00e9chelle. Ce mod\u00e8le coupe efficacement les barres d'acier de 6 \u00e0 42 mm de diam\u00e8tre, y compris les barres d'armature nervur\u00e9es, rondes et en carbone. Dot\u00e9 d'un couteau plat con\u00e7u avec pr\u00e9cision, il permet des coupes nettes et pr\u00e9cises conformes aux normes de renforcement des structures.<\/p>\n<p data-start=\"895\" data-end=\"1076\">Contrairement aux machines plus l\u00e9g\u00e8res, la GQ55 offre un couple plus \u00e9lev\u00e9 et une stabilit\u00e9 renforc\u00e9e, ce qui la rend adapt\u00e9e \u00e0 la construction de ponts, de gratte-ciel et aux chantiers de pr\u00e9fabrication.<\/p>\n<h3 data-start=\"1083\" data-end=\"1130\">Performance de coupe pr\u00e9cise et durable<\/h3>\n<p data-start=\"1132\" data-end=\"1363\">Le syst\u00e8me de lame plate assure une ligne de cisaillement droite, ce qui permet de r\u00e9duire au minimum la d\u00e9formation des barres et d'obtenir une finition de coupe plus nette. En outre, ce mod\u00e8le r\u00e9duit les pertes de mati\u00e8re pendant le traitement, ce qui contribue \u00e0 r\u00e9duire les co\u00fbts d'exploitation au fil du temps.<\/p>\n<p data-start=\"1365\" data-end=\"1643\">Gr\u00e2ce \u00e0 son moteur en cuivre de qualit\u00e9 industrielle, la machine \u00e0 couper les barres d'armature GQ55 (couteau plat) offre une puissance stable et continue. Le syst\u00e8me de transmission interne a \u00e9t\u00e9 perfectionn\u00e9 pour r\u00e9duire le bruit m\u00e9canique et augmenter la dur\u00e9e de vie, m\u00eame en cas d'utilisation intensive.<\/p>\n<p data-start=\"1645\" data-end=\"1802\">De plus, la conception \u00e0 acc\u00e8s rapide simplifie l'entretien de routine. Les op\u00e9rateurs peuvent facilement inspecter, lubrifier ou changer les lames sans avoir \u00e0 retirer plusieurs panneaux.<\/p>\n<h3 data-start=\"1809\" data-end=\"1851\">Conception renforc\u00e9e pour une utilisation \u00e0 long terme<\/h3>\n<p data-start=\"1853\" data-end=\"2186\">Le mod\u00e8le GQ55 adopte un bo\u00eetier en fonte fortement renforc\u00e9 pour garantir une excellente r\u00e9sistance aux vibrations et aux contraintes prolong\u00e9es. En outre, il est \u00e9quip\u00e9 de roues r\u00e9sistantes \u00e0 l'usure, ce qui permet de le d\u00e9placer sans effort sur des surfaces accident\u00e9es. Un levier manuel permet un contr\u00f4le intuitif, garantissant une coupe efficace et s\u00fbre.<\/p>\n<p data-start=\"2188\" data-end=\"2365\">Il prend en charge <strong data-start=\"2200\" data-end=\"2243\">configurations bi-tension (220V\/380V)<\/strong> et <strong data-start=\"2248\" data-end=\"2261\">50Hz\/60Hz<\/strong>Ce qui le rend tr\u00e8s adaptable aux march\u00e9s d'exportation d'Asie, du Moyen-Orient, d'Afrique et d'Am\u00e9rique latine.<\/p>\n<h3 data-start=\"2372\" data-end=\"2420\">Principaux avantages du couteau plat GQ55<\/h3>\n<ul data-start=\"2422\" data-end=\"2640\">\n<li data-start=\"2422\" data-end=\"2476\">\n<p data-start=\"2424\" data-end=\"2476\">Cisaille des barres d'acier de 6 \u00e0 42 mm avec une pr\u00e9cision constante<\/p>\n<\/li>\n<li data-start=\"2477\" data-end=\"2522\">\n<p data-start=\"2479\" data-end=\"2522\">Con\u00e7u pour les environnements de construction difficiles<\/p>\n<\/li>\n<li data-start=\"2523\" data-end=\"2580\">\n<p data-start=\"2525\" data-end=\"2580\">Vibrations minimales, longue dur\u00e9e de vie et entretien facile<\/p>\n<\/li>\n<li data-start=\"2581\" data-end=\"2640\">\n<p data-start=\"2583\" data-end=\"2640\">Options de tension et de fr\u00e9quence personnalisables pour une utilisation globale<\/p>\n<\/li>\n<\/ul>\n<p><iframe title=\"machine a couper les barres d&#039;armature machine a couper les barres d&#039;armature ,machine a couper les barres d&#039;acier ,machines de construction\" width=\"720\" height=\"405\" src=\"https:\/\/www.youtube.com\/embed\/cIrJPBezWsw?feature=oembed\" frameborder=\"0\" allow=\"accelerometer; autoplay; clipboard-write; encrypted-media; gyroscope; picture-in-picture; web-share\" referrerpolicy=\"strict-origin-when-cross-origin\" allowfullscreen><\/iframe><\/p>","protected":false},"excerpt":{"rendered":"<p>La coupeuse de barres d'armature \u00e0 couteau plat GQ55 est con\u00e7ue pour cisailler des barres de 6 \u00e0 42 mm avec une r\u00e9sistance et une fiabilit\u00e9 \u00e9lev\u00e9es, offrant des coupes nettes et un fonctionnement en douceur pour les besoins de la construction industrielle.<\/p>","protected":false},"featured_media":8928,"template":"","meta":{"_kad_post_transparent":"default","_kad_post_title":"","_kad_post_layout":"default","_kad_post_sidebar_id":"","_kad_post_content_style":"default","_kad_post_vertical_padding":"default","_kad_post_feature":"","_kad_post_feature_position":"","_kad_post_header":false,"_kad_post_footer":false},"product_brand":[],"product_cat":[51],"product_tag":[988,992,990,989,993,985,994,987,984,991,986],"class_list":{"0":"post-8927","1":"product","2":"type-product","3":"status-publish","4":"has-post-thumbnail","6":"product_cat-rebar-cutting-machine","7":"product_tag-automatic-rebar-cutter","8":"product_tag-construction-steel-bar-cutter","9":"product_tag-electric-rebar-cutting-tool","10":"product_tag-hydraulic-rebar-cutting-machine","11":"product_tag-portable-rebar-cutting-machine","12":"product_tag-rebar-cutter","13":"product_tag-rebar-cutting-machine","14":"product_tag-reinforcement-bar-cutter","15":"product_tag-steel-bar-cutting-machine","16":"product_tag-steel-rod-cutter-machine","17":"product_tag-tmt-bar-cutting-machine","19":"first","20":"instock","21":"shipping-taxable","22":"product-type-simple","23":"entry","24":"content-bg","25":"loop-entry"},"yoast_head":"<!-- This site is optimized with the Yoast SEO plugin v25.3.1 - https:\/\/yoast.com\/wordpress\/plugins\/seo\/ -->\n<title>Rebar Cutting Machine GQ55 (Flat knife) - HSY Construction Machinery<\/title>\n<meta name=\"description\" content=\"Rebar Cutting Machine GQ55 (Flat Knife) shears 6\u201342mm bars precisely. Heavy-duty design for durable use in global construction and steel processing sectors.\" \/>\n<meta name=\"robots\" content=\"index, follow, max-snippet:-1, max-image-preview:large, max-video-preview:-1\" \/>\n<link rel=\"canonical\" href=\"https:\/\/www.hsymachinery.com\/fr\/product\/machine-a-couper-les-barres-darmature-gq55-couteau-plat\/\" \/>\n<meta property=\"og:locale\" content=\"fr_FR\" \/>\n<meta property=\"og:type\" content=\"article\" \/>\n<meta property=\"og:title\" content=\"Rebar Cutting Machine GQ55 (Flat knife) - HSY Construction Machinery\" \/>\n<meta property=\"og:description\" content=\"Rebar Cutting Machine GQ55 (Flat Knife) shears 6\u201342mm bars precisely. Heavy-duty design for durable use in global construction and steel processing sectors.\" \/>\n<meta property=\"og:url\" content=\"https:\/\/www.hsymachinery.com\/fr\/product\/machine-a-couper-les-barres-darmature-gq55-couteau-plat\/\" \/>\n<meta property=\"og:site_name\" content=\"HSY Construction Machinery\" \/>\n<meta property=\"article:modified_time\" content=\"2025-06-25T13:03:06+00:00\" \/>\n<meta property=\"og:image\" content=\"https:\/\/www.hsymachinery.com\/wp-content\/uploads\/2025\/06\/Rebar-Cutting-Machine-GQ55-Flat-knife.jpg\" \/>\n\t<meta property=\"og:image:width\" content=\"600\" \/>\n\t<meta property=\"og:image:height\" content=\"600\" \/>\n\t<meta property=\"og:image:type\" content=\"image\/jpeg\" \/>\n<meta name=\"twitter:card\" content=\"summary_large_image\" \/>\n<meta name=\"twitter:label1\" content=\"Dur\u00e9e de lecture estim\u00e9e\" \/>\n\t<meta name=\"twitter:data1\" content=\"2 minutes\" \/>\n<script type=\"application\/ld+json\" class=\"yoast-schema-graph\">{\"@context\":\"https:\/\/schema.org\",\"@graph\":[{\"@type\":\"WebPage\",\"@id\":\"https:\/\/www.hsymachinery.com\/product\/rebar-cutting-machine-gq55-flat-knife\/\",\"url\":\"https:\/\/www.hsymachinery.com\/product\/rebar-cutting-machine-gq55-flat-knife\/\",\"name\":\"Rebar Cutting Machine GQ55 (Flat knife) - HSY Construction Machinery\",\"isPartOf\":{\"@id\":\"https:\/\/www.hsymachinery.com\/#website\"},\"primaryImageOfPage\":{\"@id\":\"https:\/\/www.hsymachinery.com\/product\/rebar-cutting-machine-gq55-flat-knife\/#primaryimage\"},\"image\":{\"@id\":\"https:\/\/www.hsymachinery.com\/product\/rebar-cutting-machine-gq55-flat-knife\/#primaryimage\"},\"thumbnailUrl\":\"https:\/\/www.hsymachinery.com\/wp-content\/uploads\/2025\/06\/Rebar-Cutting-Machine-GQ55-Flat-knife.jpg\",\"datePublished\":\"2025-06-18T03:27:56+00:00\",\"dateModified\":\"2025-06-25T13:03:06+00:00\",\"description\":\"Rebar Cutting Machine GQ55 (Flat Knife) shears 6\u201342mm bars precisely. Heavy-duty design for durable use in global construction and steel processing sectors.\",\"breadcrumb\":{\"@id\":\"https:\/\/www.hsymachinery.com\/product\/rebar-cutting-machine-gq55-flat-knife\/#breadcrumb\"},\"inLanguage\":\"fr-FR\",\"potentialAction\":[{\"@type\":\"ReadAction\",\"target\":[\"https:\/\/www.hsymachinery.com\/product\/rebar-cutting-machine-gq55-flat-knife\/\"]}]},{\"@type\":\"ImageObject\",\"inLanguage\":\"fr-FR\",\"@id\":\"https:\/\/www.hsymachinery.com\/product\/rebar-cutting-machine-gq55-flat-knife\/#primaryimage\",\"url\":\"https:\/\/www.hsymachinery.com\/wp-content\/uploads\/2025\/06\/Rebar-Cutting-Machine-GQ55-Flat-knife.jpg\",\"contentUrl\":\"https:\/\/www.hsymachinery.com\/wp-content\/uploads\/2025\/06\/Rebar-Cutting-Machine-GQ55-Flat-knife.jpg\",\"width\":600,\"height\":600},{\"@type\":\"BreadcrumbList\",\"@id\":\"https:\/\/www.hsymachinery.com\/product\/rebar-cutting-machine-gq55-flat-knife\/#breadcrumb\",\"itemListElement\":[{\"@type\":\"ListItem\",\"position\":1,\"name\":\"home\",\"item\":\"https:\/\/www.hsymachinery.com\/\"},{\"@type\":\"ListItem\",\"position\":2,\"name\":\"products\",\"item\":\"https:\/\/www.hsymachinery.com\/products\/\"},{\"@type\":\"ListItem\",\"position\":3,\"name\":\"Rebar Cutting Machine GQ55 (Flat knife)\"}]},{\"@type\":\"WebSite\",\"@id\":\"https:\/\/www.hsymachinery.com\/#website\",\"url\":\"https:\/\/www.hsymachinery.com\/\",\"name\":\"HSY Construction Machinery\",\"description\":\"HSY Machinery \u2013 A leading China construction machinery supplier, offering a wide range of light construction equipment. Our main products include Rebar Cutting Machine, Rebar Bending Machine, Rebar Stirrup Bending Machine, Rebar Arc Bending Machine, Rebar Straightening Machine, Five-Head Rebar Stirrup Bending Machine, Tamping Rammer, Plate Compactor, Concrete Cutter, Power Trowel, and other construction machinery. We are equipped with advanced CNC machines, and we enforce strict quality inspection standards along with comprehensive after-sales service. If you are interested in our products or services, we warmly welcome your inquiries via message.\",\"publisher\":{\"@id\":\"https:\/\/www.hsymachinery.com\/#organization\"},\"potentialAction\":[{\"@type\":\"SearchAction\",\"target\":{\"@type\":\"EntryPoint\",\"urlTemplate\":\"https:\/\/www.hsymachinery.com\/?s={search_term_string}\"},\"query-input\":{\"@type\":\"PropertyValueSpecification\",\"valueRequired\":true,\"valueName\":\"search_term_string\"}}],\"inLanguage\":\"fr-FR\"},{\"@type\":\"Organization\",\"@id\":\"https:\/\/www.hsymachinery.com\/#organization\",\"name\":\"HSY Construction Machinery\",\"url\":\"https:\/\/www.hsymachinery.com\/\",\"logo\":{\"@type\":\"ImageObject\",\"inLanguage\":\"fr-FR\",\"@id\":\"https:\/\/www.hsymachinery.com\/#\/schema\/logo\/image\/\",\"url\":\"https:\/\/www.hsymachinery.com\/wp-content\/uploads\/2025\/06\/cropped-HSY-machinery.png\",\"contentUrl\":\"https:\/\/www.hsymachinery.com\/wp-content\/uploads\/2025\/06\/cropped-HSY-machinery.png\",\"width\":600,\"height\":240,\"caption\":\"HSY Construction Machinery\"},\"image\":{\"@id\":\"https:\/\/www.hsymachinery.com\/#\/schema\/logo\/image\/\"}}]}<\/script>\n<!-- \/ Yoast SEO plugin. -->","yoast_head_json":{"title":"Machine \u00e0 couper les barres d'armature GQ55 (couteau plat) - HSY Construction Machinery","description":"La machine \u00e0 couper les barres d'armature GQ55 (couteau plat) cisaille avec pr\u00e9cision les barres de 6 \u00e0 42 mm. Conception robuste pour une utilisation durable dans les secteurs de la construction et de la transformation de l'acier.","robots":{"index":"index","follow":"follow","max-snippet":"max-snippet:-1","max-image-preview":"max-image-preview:large","max-video-preview":"max-video-preview:-1"},"canonical":"https:\/\/www.hsymachinery.com\/fr\/product\/machine-a-couper-les-barres-darmature-gq55-couteau-plat\/","og_locale":"fr_FR","og_type":"article","og_title":"Rebar Cutting Machine GQ55 (Flat knife) - HSY Construction Machinery","og_description":"Rebar Cutting Machine GQ55 (Flat Knife) shears 6\u201342mm bars precisely. Heavy-duty design for durable use in global construction and steel processing sectors.","og_url":"https:\/\/www.hsymachinery.com\/fr\/product\/machine-a-couper-les-barres-darmature-gq55-couteau-plat\/","og_site_name":"HSY Construction Machinery","article_modified_time":"2025-06-25T13:03:06+00:00","og_image":[{"width":600,"height":600,"url":"https:\/\/www.hsymachinery.com\/wp-content\/uploads\/2025\/06\/Rebar-Cutting-Machine-GQ55-Flat-knife.jpg","type":"image\/jpeg"}],"twitter_card":"summary_large_image","twitter_misc":{"Dur\u00e9e de lecture estim\u00e9e":"2 minutes"},"schema":{"@context":"https:\/\/schema.org","@graph":[{"@type":"WebPage","@id":"https:\/\/www.hsymachinery.com\/product\/rebar-cutting-machine-gq55-flat-knife\/","url":"https:\/\/www.hsymachinery.com\/product\/rebar-cutting-machine-gq55-flat-knife\/","name":"Machine \u00e0 couper les barres d'armature GQ55 (couteau plat) - HSY Construction Machinery","isPartOf":{"@id":"https:\/\/www.hsymachinery.com\/#website"},"primaryImageOfPage":{"@id":"https:\/\/www.hsymachinery.com\/product\/rebar-cutting-machine-gq55-flat-knife\/#primaryimage"},"image":{"@id":"https:\/\/www.hsymachinery.com\/product\/rebar-cutting-machine-gq55-flat-knife\/#primaryimage"},"thumbnailUrl":"https:\/\/www.hsymachinery.com\/wp-content\/uploads\/2025\/06\/Rebar-Cutting-Machine-GQ55-Flat-knife.jpg","datePublished":"2025-06-18T03:27:56+00:00","dateModified":"2025-06-25T13:03:06+00:00","description":"La machine \u00e0 couper les barres d'armature GQ55 (couteau plat) cisaille avec pr\u00e9cision les barres de 6 \u00e0 42 mm. Conception robuste pour une utilisation durable dans les secteurs de la construction et de la transformation de l'acier.","breadcrumb":{"@id":"https:\/\/www.hsymachinery.com\/product\/rebar-cutting-machine-gq55-flat-knife\/#breadcrumb"},"inLanguage":"fr-FR","potentialAction":[{"@type":"ReadAction","target":["https:\/\/www.hsymachinery.com\/product\/rebar-cutting-machine-gq55-flat-knife\/"]}]},{"@type":"ImageObject","inLanguage":"fr-FR","@id":"https:\/\/www.hsymachinery.com\/product\/rebar-cutting-machine-gq55-flat-knife\/#primaryimage","url":"https:\/\/www.hsymachinery.com\/wp-content\/uploads\/2025\/06\/Rebar-Cutting-Machine-GQ55-Flat-knife.jpg","contentUrl":"https:\/\/www.hsymachinery.com\/wp-content\/uploads\/2025\/06\/Rebar-Cutting-Machine-GQ55-Flat-knife.jpg","width":600,"height":600},{"@type":"BreadcrumbList","@id":"https:\/\/www.hsymachinery.com\/product\/rebar-cutting-machine-gq55-flat-knife\/#breadcrumb","itemListElement":[{"@type":"ListItem","position":1,"name":"home","item":"https:\/\/www.hsymachinery.com\/"},{"@type":"ListItem","position":2,"name":"products","item":"https:\/\/www.hsymachinery.com\/products\/"},{"@type":"ListItem","position":3,"name":"Rebar Cutting Machine GQ55 (Flat knife)"}]},{"@type":"WebSite","@id":"https:\/\/www.hsymachinery.com\/#website","url":"https:\/\/www.hsymachinery.com\/","name":"Machines de construction HSY","description":"HSY Machinery - Un fournisseur leader de machines de construction en Chine, offrant une large gamme d'\u00e9quipements de construction l\u00e9gers. Nos produits principaux incluent la machine \u00e0 couper les barres, la machine \u00e0 plier les barres, la machine \u00e0 plier les \u00e9triers, la machine \u00e0 plier les barres en arc, la machine \u00e0 redresser les barres, la machine \u00e0 plier les \u00e9triers \u00e0 cinq t\u00eates, le pilon de bourrage, le compacteur \u00e0 plaque, le coupe-b\u00e9ton, la truelle m\u00e9canique et d'autres machines de construction. Nous sommes \u00e9quip\u00e9s de machines CNC de pointe et nous appliquons des normes strictes d'inspection de la qualit\u00e9 ainsi qu'un service apr\u00e8s-vente complet. Si vous \u00eates int\u00e9ress\u00e9 par nos produits ou services, nous vous invitons \u00e0 nous envoyer vos demandes de renseignements par message.","publisher":{"@id":"https:\/\/www.hsymachinery.com\/#organization"},"potentialAction":[{"@type":"SearchAction","target":{"@type":"EntryPoint","urlTemplate":"https:\/\/www.hsymachinery.com\/?s={search_term_string}"},"query-input":{"@type":"PropertyValueSpecification","valueRequired":true,"valueName":"search_term_string"}}],"inLanguage":"fr-FR"},{"@type":"Organization","@id":"https:\/\/www.hsymachinery.com\/#organization","name":"Machines de construction HSY","url":"https:\/\/www.hsymachinery.com\/","logo":{"@type":"ImageObject","inLanguage":"fr-FR","@id":"https:\/\/www.hsymachinery.com\/#\/schema\/logo\/image\/","url":"https:\/\/www.hsymachinery.com\/wp-content\/uploads\/2025\/06\/cropped-HSY-machinery.png","contentUrl":"https:\/\/www.hsymachinery.com\/wp-content\/uploads\/2025\/06\/cropped-HSY-machinery.png","width":600,"height":240,"caption":"HSY Construction Machinery"},"image":{"@id":"https:\/\/www.hsymachinery.com\/#\/schema\/logo\/image\/"}}]}},"_links":{"self":[{"href":"https:\/\/www.hsymachinery.com\/fr\/wp-json\/wp\/v2\/product\/8927","targetHints":{"allow":["GET"]}}],"collection":[{"href":"https:\/\/www.hsymachinery.com\/fr\/wp-json\/wp\/v2\/product"}],"about":[{"href":"https:\/\/www.hsymachinery.com\/fr\/wp-json\/wp\/v2\/types\/product"}],"version-history":[{"count":3,"href":"https:\/\/www.hsymachinery.com\/fr\/wp-json\/wp\/v2\/product\/8927\/revisions"}],"predecessor-version":[{"id":9333,"href":"https:\/\/www.hsymachinery.com\/fr\/wp-json\/wp\/v2\/product\/8927\/revisions\/9333"}],"wp:featuredmedia":[{"embeddable":true,"href":"https:\/\/www.hsymachinery.com\/fr\/wp-json\/wp\/v2\/media\/8928"}],"wp:attachment":[{"href":"https:\/\/www.hsymachinery.com\/fr\/wp-json\/wp\/v2\/media?parent=8927"}],"wp:term":[{"taxonomy":"product_brand","embeddable":true,"href":"https:\/\/www.hsymachinery.com\/fr\/wp-json\/wp\/v2\/product_brand?post=8927"},{"taxonomy":"product_cat","embeddable":true,"href":"https:\/\/www.hsymachinery.com\/fr\/wp-json\/wp\/v2\/product_cat?post=8927"},{"taxonomy":"product_tag","embeddable":true,"href":"https:\/\/www.hsymachinery.com\/fr\/wp-json\/wp\/v2\/product_tag?post=8927"}],"curies":[{"name":"wp","href":"https:\/\/api.w.org\/{rel}","templated":true}]}}