{"id":8918,"date":"2025-06-18T11:23:11","date_gmt":"2025-06-18T03:23:11","guid":{"rendered":"https:\/\/www.hsymachinery.com\/?post_type=product&#038;p=8918"},"modified":"2025-06-25T20:46:53","modified_gmt":"2025-06-25T12:46:53","slug":"machine-a-couper-les-barres-darmature-gq45-couteau-rond","status":"publish","type":"product","link":"https:\/\/www.hsymachinery.com\/fr\/product\/machine-a-couper-les-barres-darmature-gq45-couteau-rond\/","title":{"rendered":"Machine \u00e0 couper les barres d'armature GQ45 (couteau rond)"},"content":{"rendered":"<h3 data-start=\"332\" data-end=\"408\">Coupeur de barres d'armature durable avec lame roulante pour le traitement de l'acier en grande quantit\u00e9<\/h3>\n<h3 data-start=\"415\" data-end=\"493\">\u00a0Aper\u00e7u du produit - Machine \u00e0 barres rondes pour barres de 6 \u00e0 36 mm<\/h3>\n<p data-start=\"495\" data-end=\"891\">Les <strong data-start=\"499\" data-end=\"543\">Machine \u00e0 couper les barres d'armature GQ45 (couteau rond)<\/strong> est con\u00e7u pour la coupe de barres d'acier \u00e0 haut rendement dans les secteurs de la construction et de l'industrie. Ce mod\u00e8le convient pour couper <strong data-start=\"674\" data-end=\"689\">6mm \u00e0 36mm<\/strong> l'acier rond, les barres d\u00e9form\u00e9es et les barres d'armature au carbone. Gr\u00e2ce \u00e0 ses <strong data-start=\"750\" data-end=\"780\">syst\u00e8me de coupe \u00e0 couteau rond<\/strong>La machine applique un mouvement de cisaillement par roulement qui r\u00e9duit consid\u00e9rablement la r\u00e9sistance \u00e0 la coupe et augmente la vitesse.<\/p>\n<h3 data-start=\"898\" data-end=\"948\">\u00a0Action de cisaillement en douceur avec moins d'usure de la lame<\/h3>\n<p data-start=\"950\" data-end=\"1305\">Contrairement aux couteaux plats, la conception des couteaux ronds utilise un mouvement de cisaillement circulaire qui permet des coupes plus douces et une plus longue dur\u00e9e de vie de la lame. Par cons\u00e9quent, les op\u00e9rateurs ressentent moins de vibrations et peuvent traiter plus de barres par heure avec moins de fatigue. En outre, le <strong data-start=\"1196\" data-end=\"1238\">Machine \u00e0 couper les barres d'armature \u00e0 couteau rond GQ45<\/strong> garantit que chaque barre est coup\u00e9e proprement, sans d\u00e9formation ni bavure.<\/p>\n<p data-start=\"1307\" data-end=\"1538\">A <strong data-start=\"1309\" data-end=\"1330\">moteur \u00e0 noyau de cuivre<\/strong> alimente l'unit\u00e9, fournissant un couple fiable sur de longs cycles de fonctionnement. Le r\u00e9ducteur est compos\u00e9 d'\u00e9l\u00e9ments usin\u00e9s avec pr\u00e9cision qui r\u00e9duisent les frottements, am\u00e9liorent l'efficacit\u00e9 et prolongent la dur\u00e9e de vie de la machine.<\/p>\n<h3 data-start=\"1545\" data-end=\"1588\">Cadre robuste et conception adapt\u00e9e \u00e0 l'exportation<\/h3>\n<p data-start=\"1590\" data-end=\"1982\">Construit avec un <strong data-start=\"1603\" data-end=\"1632\">corps en fonte tr\u00e8s r\u00e9sistant<\/strong>Le GQ45 (couteau rond) r\u00e9siste aux chocs et \u00e0 l'usure dans les environnements de travail difficiles. En outre, la machine comprend <strong data-start=\"1746\" data-end=\"1764\">roues durables<\/strong> pour faciliter le d\u00e9placement sur le site. Les op\u00e9rateurs peuvent contr\u00f4ler les courses de coupe \u00e0 l'aide d'un <strong data-start=\"1840\" data-end=\"1857\">poign\u00e9e manuelle<\/strong>La s\u00e9curit\u00e9 et la pr\u00e9cision sont ainsi assur\u00e9es. L'entretien est rapide et pratique gr\u00e2ce au couvercle ouvrable et au remplacement de la lame sans outil.<\/p>\n<p data-start=\"1984\" data-end=\"2218\">Ce mod\u00e8le r\u00e9pond aux normes de tension internationales (220V\/380V, 50Hz\/60Hz), ce qui en fait un choix pratique pour les march\u00e9s d'exportation. Les entrepreneurs du monde entier font confiance \u00e0 la <strong data-start=\"2143\" data-end=\"2187\">Machine \u00e0 couper les barres d'armature GQ45 (couteau rond)<\/strong> pour les travaux quotidiens de d\u00e9coupe de l'acier.<\/p>\n<h3 data-start=\"2225\" data-end=\"2269\">Pourquoi choisir le mod\u00e8le de couteau rond GQ45 ?<\/h3>\n<ul data-start=\"2271\" data-end=\"2463\">\n<li data-start=\"2271\" data-end=\"2315\">\n<p data-start=\"2273\" data-end=\"2315\">Cisaille de laminage efficace pour barres d'armature de 6 \u00e0 36 mm<\/p>\n<\/li>\n<li data-start=\"2316\" data-end=\"2353\">\n<p data-start=\"2318\" data-end=\"2353\">Moins de vibrations, plus longue dur\u00e9e de vie de la lame<\/p>\n<\/li>\n<li data-start=\"2354\" data-end=\"2396\">\n<p data-start=\"2356\" data-end=\"2396\">Cycle de coupe rapide, bords nets<\/p>\n<\/li>\n<li data-start=\"2397\" data-end=\"2463\">\n<p data-start=\"2399\" data-end=\"2463\">Con\u00e7ue pour fonctionner en continu sur des chantiers exigeants<\/p>\n<\/li>\n<\/ul>\n<p><iframe title=\"#construction #construction ouvrier #rebarmachine #rebarcutter #rebarcuttingmachine #rebarbar\" width=\"720\" height=\"405\" src=\"https:\/\/www.youtube.com\/embed\/tdc4TA5-zRc?feature=oembed\" frameborder=\"0\" allow=\"accelerometer; autoplay; clipboard-write; encrypted-media; gyroscope; picture-in-picture; web-share\" referrerpolicy=\"strict-origin-when-cross-origin\" allowfullscreen><\/iframe><\/p>","protected":false},"excerpt":{"rendered":"<p>La machine \u00e0 couper les barres d'armature \u00e0 couteau rond GQ45 coupe les barres d'acier de 6 \u00e0 36 mm avec une pr\u00e9cision de cisaillement par roulement, r\u00e9duisant la r\u00e9sistance et augmentant la vitesse et la dur\u00e9e de vie de la lame.<\/p>","protected":false},"featured_media":8919,"template":"","meta":{"_kad_post_transparent":"default","_kad_post_title":"","_kad_post_layout":"default","_kad_post_sidebar_id":"","_kad_post_content_style":"default","_kad_post_vertical_padding":"default","_kad_post_feature":"","_kad_post_feature_position":"","_kad_post_header":false,"_kad_post_footer":false},"product_brand":[],"product_cat":[51],"product_tag":[988,992,990,989,993,985,994,987,984,991,986],"class_list":{"0":"post-8918","1":"product","2":"type-product","3":"status-publish","4":"has-post-thumbnail","6":"product_cat-rebar-cutting-machine","7":"product_tag-automatic-rebar-cutter","8":"product_tag-construction-steel-bar-cutter","9":"product_tag-electric-rebar-cutting-tool","10":"product_tag-hydraulic-rebar-cutting-machine","11":"product_tag-portable-rebar-cutting-machine","12":"product_tag-rebar-cutter","13":"product_tag-rebar-cutting-machine","14":"product_tag-reinforcement-bar-cutter","15":"product_tag-steel-bar-cutting-machine","16":"product_tag-steel-rod-cutter-machine","17":"product_tag-tmt-bar-cutting-machine","19":"first","20":"instock","21":"shipping-taxable","22":"product-type-simple","23":"entry","24":"content-bg","25":"loop-entry"},"yoast_head":"<!-- This site is optimized with the Yoast SEO plugin v25.3.1 - https:\/\/yoast.com\/wordpress\/plugins\/seo\/ -->\n<title>Rebar Cutting Machine GQ45 (Round knife) - HSY Construction Machinery<\/title>\n<meta name=\"description\" content=\"Rebar Cutting Machine GQ45 (Round Knife) provides smooth, high-speed cutting of 6\u201336mm rebar. Ideal for construction and steel processing export markets.\" \/>\n<meta name=\"robots\" content=\"index, follow, max-snippet:-1, max-image-preview:large, max-video-preview:-1\" \/>\n<link rel=\"canonical\" href=\"https:\/\/www.hsymachinery.com\/fr\/product\/machine-a-couper-les-barres-darmature-gq45-couteau-rond\/\" \/>\n<meta property=\"og:locale\" content=\"fr_FR\" \/>\n<meta property=\"og:type\" content=\"article\" \/>\n<meta property=\"og:title\" content=\"Rebar Cutting Machine GQ45 (Round knife) - HSY Construction Machinery\" \/>\n<meta property=\"og:description\" content=\"Rebar Cutting Machine GQ45 (Round Knife) provides smooth, high-speed cutting of 6\u201336mm rebar. Ideal for construction and steel processing export markets.\" \/>\n<meta property=\"og:url\" content=\"https:\/\/www.hsymachinery.com\/fr\/product\/machine-a-couper-les-barres-darmature-gq45-couteau-rond\/\" \/>\n<meta property=\"og:site_name\" content=\"HSY Construction Machinery\" \/>\n<meta property=\"article:modified_time\" content=\"2025-06-25T12:46:53+00:00\" \/>\n<meta property=\"og:image\" content=\"https:\/\/www.hsymachinery.com\/wp-content\/uploads\/2025\/06\/Rebar-Cutting-Machine-GQ45-Round-knife.jpg\" \/>\n\t<meta property=\"og:image:width\" content=\"600\" \/>\n\t<meta property=\"og:image:height\" content=\"600\" \/>\n\t<meta property=\"og:image:type\" content=\"image\/jpeg\" \/>\n<meta name=\"twitter:card\" content=\"summary_large_image\" \/>\n<meta name=\"twitter:label1\" content=\"Dur\u00e9e de lecture estim\u00e9e\" \/>\n\t<meta name=\"twitter:data1\" content=\"2 minutes\" \/>\n<script type=\"application\/ld+json\" class=\"yoast-schema-graph\">{\"@context\":\"https:\/\/schema.org\",\"@graph\":[{\"@type\":\"WebPage\",\"@id\":\"https:\/\/www.hsymachinery.com\/product\/rebar-cutting-machine-gq45-round-knife\/\",\"url\":\"https:\/\/www.hsymachinery.com\/product\/rebar-cutting-machine-gq45-round-knife\/\",\"name\":\"Rebar Cutting Machine GQ45 (Round knife) - HSY Construction Machinery\",\"isPartOf\":{\"@id\":\"https:\/\/www.hsymachinery.com\/#website\"},\"primaryImageOfPage\":{\"@id\":\"https:\/\/www.hsymachinery.com\/product\/rebar-cutting-machine-gq45-round-knife\/#primaryimage\"},\"image\":{\"@id\":\"https:\/\/www.hsymachinery.com\/product\/rebar-cutting-machine-gq45-round-knife\/#primaryimage\"},\"thumbnailUrl\":\"https:\/\/www.hsymachinery.com\/wp-content\/uploads\/2025\/06\/Rebar-Cutting-Machine-GQ45-Round-knife.jpg\",\"datePublished\":\"2025-06-18T03:23:11+00:00\",\"dateModified\":\"2025-06-25T12:46:53+00:00\",\"description\":\"Rebar Cutting Machine GQ45 (Round Knife) provides smooth, high-speed cutting of 6\u201336mm rebar. Ideal for construction and steel processing export markets.\",\"breadcrumb\":{\"@id\":\"https:\/\/www.hsymachinery.com\/product\/rebar-cutting-machine-gq45-round-knife\/#breadcrumb\"},\"inLanguage\":\"fr-FR\",\"potentialAction\":[{\"@type\":\"ReadAction\",\"target\":[\"https:\/\/www.hsymachinery.com\/product\/rebar-cutting-machine-gq45-round-knife\/\"]}]},{\"@type\":\"ImageObject\",\"inLanguage\":\"fr-FR\",\"@id\":\"https:\/\/www.hsymachinery.com\/product\/rebar-cutting-machine-gq45-round-knife\/#primaryimage\",\"url\":\"https:\/\/www.hsymachinery.com\/wp-content\/uploads\/2025\/06\/Rebar-Cutting-Machine-GQ45-Round-knife.jpg\",\"contentUrl\":\"https:\/\/www.hsymachinery.com\/wp-content\/uploads\/2025\/06\/Rebar-Cutting-Machine-GQ45-Round-knife.jpg\",\"width\":600,\"height\":600},{\"@type\":\"BreadcrumbList\",\"@id\":\"https:\/\/www.hsymachinery.com\/product\/rebar-cutting-machine-gq45-round-knife\/#breadcrumb\",\"itemListElement\":[{\"@type\":\"ListItem\",\"position\":1,\"name\":\"home\",\"item\":\"https:\/\/www.hsymachinery.com\/\"},{\"@type\":\"ListItem\",\"position\":2,\"name\":\"products\",\"item\":\"https:\/\/www.hsymachinery.com\/products\/\"},{\"@type\":\"ListItem\",\"position\":3,\"name\":\"Rebar Cutting Machine GQ45 (Round knife)\"}]},{\"@type\":\"WebSite\",\"@id\":\"https:\/\/www.hsymachinery.com\/#website\",\"url\":\"https:\/\/www.hsymachinery.com\/\",\"name\":\"HSY Construction Machinery\",\"description\":\"HSY Machinery \u2013 A leading China construction machinery supplier, offering a wide range of light construction equipment. Our main products include Rebar Cutting Machine, Rebar Bending Machine, Rebar Stirrup Bending Machine, Rebar Arc Bending Machine, Rebar Straightening Machine, Five-Head Rebar Stirrup Bending Machine, Tamping Rammer, Plate Compactor, Concrete Cutter, Power Trowel, and other construction machinery. We are equipped with advanced CNC machines, and we enforce strict quality inspection standards along with comprehensive after-sales service. If you are interested in our products or services, we warmly welcome your inquiries via message.\",\"publisher\":{\"@id\":\"https:\/\/www.hsymachinery.com\/#organization\"},\"potentialAction\":[{\"@type\":\"SearchAction\",\"target\":{\"@type\":\"EntryPoint\",\"urlTemplate\":\"https:\/\/www.hsymachinery.com\/?s={search_term_string}\"},\"query-input\":{\"@type\":\"PropertyValueSpecification\",\"valueRequired\":true,\"valueName\":\"search_term_string\"}}],\"inLanguage\":\"fr-FR\"},{\"@type\":\"Organization\",\"@id\":\"https:\/\/www.hsymachinery.com\/#organization\",\"name\":\"HSY Construction Machinery\",\"url\":\"https:\/\/www.hsymachinery.com\/\",\"logo\":{\"@type\":\"ImageObject\",\"inLanguage\":\"fr-FR\",\"@id\":\"https:\/\/www.hsymachinery.com\/#\/schema\/logo\/image\/\",\"url\":\"https:\/\/www.hsymachinery.com\/wp-content\/uploads\/2025\/06\/cropped-HSY-machinery.png\",\"contentUrl\":\"https:\/\/www.hsymachinery.com\/wp-content\/uploads\/2025\/06\/cropped-HSY-machinery.png\",\"width\":600,\"height\":240,\"caption\":\"HSY Construction Machinery\"},\"image\":{\"@id\":\"https:\/\/www.hsymachinery.com\/#\/schema\/logo\/image\/\"}}]}<\/script>\n<!-- \/ Yoast SEO plugin. -->","yoast_head_json":{"title":"Machine \u00e0 couper les barres d'armature GQ45 (couteau rond) - HSY Construction Machinery","description":"La machine \u00e0 couper les barres GQ45 (couteau rond) permet de couper en douceur et \u00e0 grande vitesse les barres d'armature de 6 \u00e0 36 mm. Id\u00e9ale pour les march\u00e9s d'exportation de la construction et de la transformation de l'acier.","robots":{"index":"index","follow":"follow","max-snippet":"max-snippet:-1","max-image-preview":"max-image-preview:large","max-video-preview":"max-video-preview:-1"},"canonical":"https:\/\/www.hsymachinery.com\/fr\/product\/machine-a-couper-les-barres-darmature-gq45-couteau-rond\/","og_locale":"fr_FR","og_type":"article","og_title":"Rebar Cutting Machine GQ45 (Round knife) - HSY Construction Machinery","og_description":"Rebar Cutting Machine GQ45 (Round Knife) provides smooth, high-speed cutting of 6\u201336mm rebar. Ideal for construction and steel processing export markets.","og_url":"https:\/\/www.hsymachinery.com\/fr\/product\/machine-a-couper-les-barres-darmature-gq45-couteau-rond\/","og_site_name":"HSY Construction Machinery","article_modified_time":"2025-06-25T12:46:53+00:00","og_image":[{"width":600,"height":600,"url":"https:\/\/www.hsymachinery.com\/wp-content\/uploads\/2025\/06\/Rebar-Cutting-Machine-GQ45-Round-knife.jpg","type":"image\/jpeg"}],"twitter_card":"summary_large_image","twitter_misc":{"Dur\u00e9e de lecture estim\u00e9e":"2 minutes"},"schema":{"@context":"https:\/\/schema.org","@graph":[{"@type":"WebPage","@id":"https:\/\/www.hsymachinery.com\/product\/rebar-cutting-machine-gq45-round-knife\/","url":"https:\/\/www.hsymachinery.com\/product\/rebar-cutting-machine-gq45-round-knife\/","name":"Machine \u00e0 couper les barres d'armature GQ45 (couteau rond) - HSY Construction Machinery","isPartOf":{"@id":"https:\/\/www.hsymachinery.com\/#website"},"primaryImageOfPage":{"@id":"https:\/\/www.hsymachinery.com\/product\/rebar-cutting-machine-gq45-round-knife\/#primaryimage"},"image":{"@id":"https:\/\/www.hsymachinery.com\/product\/rebar-cutting-machine-gq45-round-knife\/#primaryimage"},"thumbnailUrl":"https:\/\/www.hsymachinery.com\/wp-content\/uploads\/2025\/06\/Rebar-Cutting-Machine-GQ45-Round-knife.jpg","datePublished":"2025-06-18T03:23:11+00:00","dateModified":"2025-06-25T12:46:53+00:00","description":"La machine \u00e0 couper les barres GQ45 (couteau rond) permet de couper en douceur et \u00e0 grande vitesse les barres d'armature de 6 \u00e0 36 mm. Id\u00e9ale pour les march\u00e9s d'exportation de la construction et de la transformation de l'acier.","breadcrumb":{"@id":"https:\/\/www.hsymachinery.com\/product\/rebar-cutting-machine-gq45-round-knife\/#breadcrumb"},"inLanguage":"fr-FR","potentialAction":[{"@type":"ReadAction","target":["https:\/\/www.hsymachinery.com\/product\/rebar-cutting-machine-gq45-round-knife\/"]}]},{"@type":"ImageObject","inLanguage":"fr-FR","@id":"https:\/\/www.hsymachinery.com\/product\/rebar-cutting-machine-gq45-round-knife\/#primaryimage","url":"https:\/\/www.hsymachinery.com\/wp-content\/uploads\/2025\/06\/Rebar-Cutting-Machine-GQ45-Round-knife.jpg","contentUrl":"https:\/\/www.hsymachinery.com\/wp-content\/uploads\/2025\/06\/Rebar-Cutting-Machine-GQ45-Round-knife.jpg","width":600,"height":600},{"@type":"BreadcrumbList","@id":"https:\/\/www.hsymachinery.com\/product\/rebar-cutting-machine-gq45-round-knife\/#breadcrumb","itemListElement":[{"@type":"ListItem","position":1,"name":"home","item":"https:\/\/www.hsymachinery.com\/"},{"@type":"ListItem","position":2,"name":"products","item":"https:\/\/www.hsymachinery.com\/products\/"},{"@type":"ListItem","position":3,"name":"Rebar Cutting Machine GQ45 (Round knife)"}]},{"@type":"WebSite","@id":"https:\/\/www.hsymachinery.com\/#website","url":"https:\/\/www.hsymachinery.com\/","name":"Machines de construction HSY","description":"HSY Machinery - Un fournisseur leader de machines de construction en Chine, offrant une large gamme d'\u00e9quipements de construction l\u00e9gers. Nos produits principaux incluent la machine \u00e0 couper les barres, la machine \u00e0 plier les barres, la machine \u00e0 plier les \u00e9triers, la machine \u00e0 plier les barres en arc, la machine \u00e0 redresser les barres, la machine \u00e0 plier les \u00e9triers \u00e0 cinq t\u00eates, le pilon de bourrage, le compacteur \u00e0 plaque, le coupe-b\u00e9ton, la truelle m\u00e9canique et d'autres machines de construction. Nous sommes \u00e9quip\u00e9s de machines CNC de pointe et nous appliquons des normes strictes d'inspection de la qualit\u00e9 ainsi qu'un service apr\u00e8s-vente complet. Si vous \u00eates int\u00e9ress\u00e9 par nos produits ou services, nous vous invitons \u00e0 nous envoyer vos demandes de renseignements par message.","publisher":{"@id":"https:\/\/www.hsymachinery.com\/#organization"},"potentialAction":[{"@type":"SearchAction","target":{"@type":"EntryPoint","urlTemplate":"https:\/\/www.hsymachinery.com\/?s={search_term_string}"},"query-input":{"@type":"PropertyValueSpecification","valueRequired":true,"valueName":"search_term_string"}}],"inLanguage":"fr-FR"},{"@type":"Organization","@id":"https:\/\/www.hsymachinery.com\/#organization","name":"Machines de construction HSY","url":"https:\/\/www.hsymachinery.com\/","logo":{"@type":"ImageObject","inLanguage":"fr-FR","@id":"https:\/\/www.hsymachinery.com\/#\/schema\/logo\/image\/","url":"https:\/\/www.hsymachinery.com\/wp-content\/uploads\/2025\/06\/cropped-HSY-machinery.png","contentUrl":"https:\/\/www.hsymachinery.com\/wp-content\/uploads\/2025\/06\/cropped-HSY-machinery.png","width":600,"height":240,"caption":"HSY Construction Machinery"},"image":{"@id":"https:\/\/www.hsymachinery.com\/#\/schema\/logo\/image\/"}}]}},"_links":{"self":[{"href":"https:\/\/www.hsymachinery.com\/fr\/wp-json\/wp\/v2\/product\/8918","targetHints":{"allow":["GET"]}}],"collection":[{"href":"https:\/\/www.hsymachinery.com\/fr\/wp-json\/wp\/v2\/product"}],"about":[{"href":"https:\/\/www.hsymachinery.com\/fr\/wp-json\/wp\/v2\/types\/product"}],"version-history":[{"count":3,"href":"https:\/\/www.hsymachinery.com\/fr\/wp-json\/wp\/v2\/product\/8918\/revisions"}],"predecessor-version":[{"id":9327,"href":"https:\/\/www.hsymachinery.com\/fr\/wp-json\/wp\/v2\/product\/8918\/revisions\/9327"}],"wp:featuredmedia":[{"embeddable":true,"href":"https:\/\/www.hsymachinery.com\/fr\/wp-json\/wp\/v2\/media\/8919"}],"wp:attachment":[{"href":"https:\/\/www.hsymachinery.com\/fr\/wp-json\/wp\/v2\/media?parent=8918"}],"wp:term":[{"taxonomy":"product_brand","embeddable":true,"href":"https:\/\/www.hsymachinery.com\/fr\/wp-json\/wp\/v2\/product_brand?post=8918"},{"taxonomy":"product_cat","embeddable":true,"href":"https:\/\/www.hsymachinery.com\/fr\/wp-json\/wp\/v2\/product_cat?post=8918"},{"taxonomy":"product_tag","embeddable":true,"href":"https:\/\/www.hsymachinery.com\/fr\/wp-json\/wp\/v2\/product_tag?post=8918"}],"curies":[{"name":"wp","href":"https:\/\/api.w.org\/{rel}","templated":true}]}}