{"id":9235,"date":"2025-06-18T21:20:45","date_gmt":"2025-06-18T13:20:45","guid":{"rendered":"https:\/\/www.hsymachinery.com\/?post_type=product&#038;p=9235"},"modified":"2025-06-28T23:57:12","modified_gmt":"2025-06-28T15:57:12","slug":"ajeleva-lastauslasta-ptr-l100d","status":"publish","type":"product","link":"https:\/\/www.hsymachinery.com\/fi\/tuote\/ajeleva-lastauslasta-ptr-l100d\/","title":{"rendered":"Ajettava lastauslasta PTR-L100D"},"content":{"rendered":"<h2 data-start=\"144\" data-end=\"182\">Ajettava lastauslasta PTR-L100D<\/h2>\n<h3 data-start=\"183\" data-end=\"297\">PTR-L100D Kaksoiskiekkoinen betonilapio, jossa on Longxin-moottori | Maksimipeittoalue suurten alueiden laatan viimeistelyyn<\/h3>\n<h3 data-start=\"304\" data-end=\"404\">Tuotekuvaus - Longxin-kaksoistoroottorinen lastauslasta tehokkaaseen suuren pinnan viimeistelyyn.<a href=\"https:\/\/www.hsymachinery.com\/fi\/tuotteet\/ajelehtiva-lastauslasta\/\" target=\"_blank\" rel=\"noopener\"><img fetchpriority=\"high\" decoding=\"async\" class=\"wp-image-9616 alignright\" src=\"https:\/\/www.hsymachinery.com\/wp-content\/uploads\/2025\/06\/Sitting-Type-Power-Trowel-209x300.jpg\" alt=\"\" width=\"452\" height=\"649\" srcset=\"https:\/\/www.hsymachinery.com\/wp-content\/uploads\/2025\/06\/Sitting-Type-Power-Trowel-209x300.jpg 209w, https:\/\/www.hsymachinery.com\/wp-content\/uploads\/2025\/06\/Sitting-Type-Power-Trowel-713x1024.jpg 713w, https:\/\/www.hsymachinery.com\/wp-content\/uploads\/2025\/06\/Sitting-Type-Power-Trowel-768x1103.jpg 768w, https:\/\/www.hsymachinery.com\/wp-content\/uploads\/2025\/06\/Sitting-Type-Power-Trowel-600x862.jpg 600w, https:\/\/www.hsymachinery.com\/wp-content\/uploads\/2025\/06\/Sitting-Type-Power-Trowel.jpg 800w\" sizes=\"(max-width: 452px) 100vw, 452px\" \/><\/a><\/h3>\n<p data-start=\"406\" data-end=\"798\">The <strong data-start=\"410\" data-end=\"444\">PTR-L100D Ajettava lastauslastain<\/strong> on kaksoislevyroottorij\u00e4rjestelm\u00e4, joka tarjoaa vertaansa vailla olevan peitt\u00e4vyyden ja tasaisen viimeistelyn laajamittaisissa betoniprojekteissa. Longxin-bensiinimoottorin k\u00e4ytt\u00e4m\u00e4 kone tarjoaa vahvan yhdistelm\u00e4n kest\u00e4vyytt\u00e4, polttoainetehokkuutta ja tasaista suorituskyky\u00e4, joten se on erinomainen valinta ammattilaisille, jotka ty\u00f6skentelev\u00e4t kaupallisten laattojen parissa.<\/p>\n<p data-start=\"800\" data-end=\"1118\">Koska t\u00e4ss\u00e4 mallissa on kaksi yht\u00e4 aikaa toimivaa tasoitusastiaa, pinnan peitt\u00e4vyys kasvaa huomattavasti - t\u00e4ydellinen ratkaisu suurille rakennusty\u00f6maille, logistiikkapuistoihin tai parkkihalleihin. Ajettava rakenne parantaa tuottavuutta ja v\u00e4hent\u00e4\u00e4 v\u00e4symyst\u00e4, koska kuljettajat voivat ty\u00f6skennell\u00e4 mukavasti pitki\u00e4 aikoja.<\/p>\n<p data-start=\"1120\" data-end=\"1430\">Lis\u00e4ksi molempien roottoreiden toisistaan riippumattomat terien kulman s\u00e4\u00e4t\u00f6laitteet tarjoavat paremman viimeistelytarkkuuden, ja voit helposti vaihtaa kelluvan ja kiillotuksen v\u00e4lill\u00e4. Vahvistettu runko, raskas vaihteisto ja iskuja vaimentava istuinj\u00e4rjestelm\u00e4 pident\u00e4v\u00e4t koneen k\u00e4ytt\u00f6ik\u00e4\u00e4 ja takaavat samalla k\u00e4ytt\u00e4j\u00e4n vakauden ja mukavuuden.<\/p>\n<p data-start=\"1432\" data-end=\"1600\">PTR-L100D erottuu edukseen laajan jalansijan ja Longxin-moottorin luotettavuuden ansiosta kaikissa projekteissa, joissa vaaditaan nopeutta, kattavuutta ja tasaista viimeistelylaatua.<\/p>\n<h3 data-start=\"1607\" data-end=\"1654\">PTR-L100D-ajolapion t\u00e4rkeimm\u00e4t ominaisuudet<\/h3>\n<ul data-start=\"1656\" data-end=\"2068\">\n<li data-start=\"1656\" data-end=\"1715\">\n<p data-start=\"1658\" data-end=\"1715\">Kaksoislevyj\u00e4rjestelm\u00e4 tehokkaaseen betonin viimeistelyyn<\/p>\n<\/li>\n<li data-start=\"1716\" data-end=\"1783\">\n<p data-start=\"1718\" data-end=\"1783\">Longxin-bensiinimoottori takaa tehokkaan ja tasaisen suorituskyvyn.<\/p>\n<\/li>\n<li data-start=\"1784\" data-end=\"1854\">\n<p data-start=\"1786\" data-end=\"1854\">Ride-on-rakenne tarjoaa enemm\u00e4n mukavuutta ja v\u00e4hent\u00e4\u00e4 ty\u00f6voiman v\u00e4symist\u00e4<\/p>\n<\/li>\n<li data-start=\"1855\" data-end=\"1925\">\n<p data-start=\"1857\" data-end=\"1925\">Molempien kiekkojen s\u00e4\u00e4dett\u00e4v\u00e4 jako mahdollistaa joustavan viimeistelyn.<\/p>\n<\/li>\n<li data-start=\"1926\" data-end=\"1991\">\n<p data-start=\"1928\" data-end=\"1991\">Vahvistettu runko ja vaihdelaatikko kest\u00e4v\u00e4t kovia ty\u00f6maaolosuhteita.<\/p>\n<\/li>\n<li data-start=\"1992\" data-end=\"2068\">\n<p data-start=\"1994\" data-end=\"2068\">Ihanteellinen laajojen laattojen viimeistelyyn kaupallisissa ja teollisissa projekteissa.<\/p>\n<\/li>\n<\/ul>\n<h3 data-start=\"2075\" data-end=\"2168\">K\u00e4ytt\u00f6kohteet - Rakennettu varastoihin, lentokentille, suuriin kaupallisiin lattioihin ja ulkotiloihin.<\/h3>\n<p data-start=\"2170\" data-end=\"2319\">PTR-L100D soveltuu erinomaisesti urakoitsijoille, jotka ty\u00f6skentelev\u00e4t laajoilla betonipinnoilla, joissa aika, johdonmukaisuus ja polttoainetehokkuus ovat t\u00e4rkeimpi\u00e4.<\/p>\n<p><iframe title=\"#rakentaminen #rakentamisty\u00f6ntekij\u00e4 #lastauslasta#\" width=\"720\" height=\"405\" src=\"https:\/\/www.youtube.com\/embed\/XQyVcEkyJOs?feature=oembed\" frameborder=\"0\" allow=\"accelerometer; autoplay; clipboard-write; encrypted-media; gyroscope; picture-in-picture; web-share\" referrerpolicy=\"strict-origin-when-cross-origin\" allowfullscreen><\/iframe><\/p>","protected":false},"excerpt":{"rendered":"<p>Longxin-moottorilla ja kaksoislevyrakenteella varustettu PTR-L100D-ajolapio tarjoaa tehokkaan betonin viimeistelyn suurille laatoille kaupallisissa tai teollisuusymp\u00e4rist\u00f6iss\u00e4.<\/p>","protected":false},"featured_media":9236,"template":"","meta":{"_kad_post_transparent":"default","_kad_post_title":"","_kad_post_layout":"default","_kad_post_sidebar_id":"","_kad_post_content_style":"default","_kad_post_vertical_padding":"default","_kad_post_feature":"","_kad_post_feature_position":"","_kad_post_header":false,"_kad_post_footer":false},"product_brand":[],"product_cat":[58],"product_tag":[1093,1094,1098,1091,1096,1092,1097,1099,1095,1100],"class_list":{"0":"post-9235","1":"product","2":"type-product","3":"status-publish","4":"has-post-thumbnail","6":"product_cat-ride-on-power-trowel","7":"product_tag-concrete-ride-on-trowel","8":"product_tag-concrete-ride-on-trowel-machine","9":"product_tag-concrete-surface-finishing-trowel","10":"product_tag-double-disc-ride-on-power-trowel","11":"product_tag-double-rotor-power-trowel","12":"product_tag-gasoline-ride-on-power-trowel","13":"product_tag-heavy-duty-ride-on-trowel","14":"product_tag-hydraulic-ride-on-trowel","15":"product_tag-ride-on-concrete-finishing-machine","16":"product_tag-ride-on-floor-trowel","18":"first","19":"instock","20":"shipping-taxable","21":"product-type-simple","22":"entry","23":"content-bg","24":"loop-entry"},"yoast_head":"<!-- This site is optimized with the Yoast SEO plugin v25.3.1 - https:\/\/yoast.com\/wordpress\/plugins\/seo\/ -->\n<title>Ride-On Power Trowel PTR-L100D - HSY Construction Machinery<\/title>\n<meta name=\"description\" content=\"PTR-L100D double-disc ride-on power trowel with Longxin engine delivers high-efficiency concrete finishing for large slabs in industrial and commercial projects.\" \/>\n<meta name=\"robots\" content=\"index, follow, max-snippet:-1, max-image-preview:large, max-video-preview:-1\" \/>\n<link rel=\"canonical\" href=\"https:\/\/www.hsymachinery.com\/fi\/tuote\/ajeleva-lastauslasta-ptr-l100d\/\" \/>\n<meta property=\"og:locale\" content=\"fi_FI\" \/>\n<meta property=\"og:type\" content=\"article\" \/>\n<meta property=\"og:title\" content=\"Ride-On Power Trowel PTR-L100D - HSY Construction Machinery\" \/>\n<meta property=\"og:description\" content=\"PTR-L100D double-disc ride-on power trowel with Longxin engine delivers high-efficiency concrete finishing for large slabs in industrial and commercial projects.\" \/>\n<meta property=\"og:url\" content=\"https:\/\/www.hsymachinery.com\/fi\/tuote\/ajeleva-lastauslasta-ptr-l100d\/\" \/>\n<meta property=\"og:site_name\" content=\"HSY Construction Machinery\" \/>\n<meta property=\"article:modified_time\" content=\"2025-06-28T15:57:12+00:00\" \/>\n<meta property=\"og:image\" content=\"https:\/\/www.hsymachinery.com\/wp-content\/uploads\/2025\/06\/Ride-On-Power-Trowel-PTR-L100D.jpg\" \/>\n\t<meta property=\"og:image:width\" content=\"800\" \/>\n\t<meta property=\"og:image:height\" content=\"800\" \/>\n\t<meta property=\"og:image:type\" content=\"image\/jpeg\" \/>\n<meta name=\"twitter:card\" content=\"summary_large_image\" \/>\n<meta name=\"twitter:label1\" content=\"Arvioitu lukuaika\" \/>\n\t<meta name=\"twitter:data1\" content=\"2 minuuttia\" \/>\n<script type=\"application\/ld+json\" class=\"yoast-schema-graph\">{\"@context\":\"https:\/\/schema.org\",\"@graph\":[{\"@type\":\"WebPage\",\"@id\":\"https:\/\/www.hsymachinery.com\/product\/ride-on-power-trowel-ptr-l100d\/\",\"url\":\"https:\/\/www.hsymachinery.com\/product\/ride-on-power-trowel-ptr-l100d\/\",\"name\":\"Ride-On Power Trowel PTR-L100D - HSY Construction Machinery\",\"isPartOf\":{\"@id\":\"https:\/\/www.hsymachinery.com\/#website\"},\"primaryImageOfPage\":{\"@id\":\"https:\/\/www.hsymachinery.com\/product\/ride-on-power-trowel-ptr-l100d\/#primaryimage\"},\"image\":{\"@id\":\"https:\/\/www.hsymachinery.com\/product\/ride-on-power-trowel-ptr-l100d\/#primaryimage\"},\"thumbnailUrl\":\"https:\/\/www.hsymachinery.com\/wp-content\/uploads\/2025\/06\/Ride-On-Power-Trowel-PTR-L100D.jpg\",\"datePublished\":\"2025-06-18T13:20:45+00:00\",\"dateModified\":\"2025-06-28T15:57:12+00:00\",\"description\":\"PTR-L100D double-disc ride-on power trowel with Longxin engine delivers high-efficiency concrete finishing for large slabs in industrial and commercial projects.\",\"breadcrumb\":{\"@id\":\"https:\/\/www.hsymachinery.com\/product\/ride-on-power-trowel-ptr-l100d\/#breadcrumb\"},\"inLanguage\":\"fi\",\"potentialAction\":[{\"@type\":\"ReadAction\",\"target\":[\"https:\/\/www.hsymachinery.com\/product\/ride-on-power-trowel-ptr-l100d\/\"]}]},{\"@type\":\"ImageObject\",\"inLanguage\":\"fi\",\"@id\":\"https:\/\/www.hsymachinery.com\/product\/ride-on-power-trowel-ptr-l100d\/#primaryimage\",\"url\":\"https:\/\/www.hsymachinery.com\/wp-content\/uploads\/2025\/06\/Ride-On-Power-Trowel-PTR-L100D.jpg\",\"contentUrl\":\"https:\/\/www.hsymachinery.com\/wp-content\/uploads\/2025\/06\/Ride-On-Power-Trowel-PTR-L100D.jpg\",\"width\":800,\"height\":800},{\"@type\":\"BreadcrumbList\",\"@id\":\"https:\/\/www.hsymachinery.com\/product\/ride-on-power-trowel-ptr-l100d\/#breadcrumb\",\"itemListElement\":[{\"@type\":\"ListItem\",\"position\":1,\"name\":\"home\",\"item\":\"https:\/\/www.hsymachinery.com\/\"},{\"@type\":\"ListItem\",\"position\":2,\"name\":\"products\",\"item\":\"https:\/\/www.hsymachinery.com\/products\/\"},{\"@type\":\"ListItem\",\"position\":3,\"name\":\"Ride-On Power Trowel PTR-L100D\"}]},{\"@type\":\"WebSite\",\"@id\":\"https:\/\/www.hsymachinery.com\/#website\",\"url\":\"https:\/\/www.hsymachinery.com\/\",\"name\":\"HSY Construction Machinery\",\"description\":\"HSY Machinery \u2013 A leading China construction machinery supplier, offering a wide range of light construction equipment. Our main products include Rebar Cutting Machine, Rebar Bending Machine, Rebar Stirrup Bending Machine, Rebar Arc Bending Machine, Rebar Straightening Machine, Five-Head Rebar Stirrup Bending Machine, Tamping Rammer, Plate Compactor, Concrete Cutter, Power Trowel, and other construction machinery. We are equipped with advanced CNC machines, and we enforce strict quality inspection standards along with comprehensive after-sales service. If you are interested in our products or services, we warmly welcome your inquiries via message.\",\"publisher\":{\"@id\":\"https:\/\/www.hsymachinery.com\/#organization\"},\"potentialAction\":[{\"@type\":\"SearchAction\",\"target\":{\"@type\":\"EntryPoint\",\"urlTemplate\":\"https:\/\/www.hsymachinery.com\/?s={search_term_string}\"},\"query-input\":{\"@type\":\"PropertyValueSpecification\",\"valueRequired\":true,\"valueName\":\"search_term_string\"}}],\"inLanguage\":\"fi\"},{\"@type\":\"Organization\",\"@id\":\"https:\/\/www.hsymachinery.com\/#organization\",\"name\":\"HSY Construction Machinery\",\"url\":\"https:\/\/www.hsymachinery.com\/\",\"logo\":{\"@type\":\"ImageObject\",\"inLanguage\":\"fi\",\"@id\":\"https:\/\/www.hsymachinery.com\/#\/schema\/logo\/image\/\",\"url\":\"https:\/\/www.hsymachinery.com\/wp-content\/uploads\/2025\/06\/cropped-HSY-machinery.png\",\"contentUrl\":\"https:\/\/www.hsymachinery.com\/wp-content\/uploads\/2025\/06\/cropped-HSY-machinery.png\",\"width\":600,\"height\":240,\"caption\":\"HSY Construction Machinery\"},\"image\":{\"@id\":\"https:\/\/www.hsymachinery.com\/#\/schema\/logo\/image\/\"}}]}<\/script>\n<!-- \/ Yoast SEO plugin. -->","yoast_head_json":{"title":"Ajettava lastauslasta PTR-L100D - HSY Rakennuskoneet - HSY Construction Machinery","description":"Longxin-moottorilla varustettu PTR-L100D-kaksoislevyinen ajolapiontitasoitin tarjoaa tehokkaan betonin viimeistelyn suurille laatoille teollisissa ja kaupallisissa projekteissa.","robots":{"index":"index","follow":"follow","max-snippet":"max-snippet:-1","max-image-preview":"max-image-preview:large","max-video-preview":"max-video-preview:-1"},"canonical":"https:\/\/www.hsymachinery.com\/fi\/tuote\/ajeleva-lastauslasta-ptr-l100d\/","og_locale":"fi_FI","og_type":"article","og_title":"Ride-On Power Trowel PTR-L100D - HSY Construction Machinery","og_description":"PTR-L100D double-disc ride-on power trowel with Longxin engine delivers high-efficiency concrete finishing for large slabs in industrial and commercial projects.","og_url":"https:\/\/www.hsymachinery.com\/fi\/tuote\/ajeleva-lastauslasta-ptr-l100d\/","og_site_name":"HSY Construction Machinery","article_modified_time":"2025-06-28T15:57:12+00:00","og_image":[{"width":800,"height":800,"url":"https:\/\/www.hsymachinery.com\/wp-content\/uploads\/2025\/06\/Ride-On-Power-Trowel-PTR-L100D.jpg","type":"image\/jpeg"}],"twitter_card":"summary_large_image","twitter_misc":{"Arvioitu lukuaika":"2 minuuttia"},"schema":{"@context":"https:\/\/schema.org","@graph":[{"@type":"WebPage","@id":"https:\/\/www.hsymachinery.com\/product\/ride-on-power-trowel-ptr-l100d\/","url":"https:\/\/www.hsymachinery.com\/product\/ride-on-power-trowel-ptr-l100d\/","name":"Ajettava lastauslasta PTR-L100D - HSY Rakennuskoneet - HSY Construction Machinery","isPartOf":{"@id":"https:\/\/www.hsymachinery.com\/#website"},"primaryImageOfPage":{"@id":"https:\/\/www.hsymachinery.com\/product\/ride-on-power-trowel-ptr-l100d\/#primaryimage"},"image":{"@id":"https:\/\/www.hsymachinery.com\/product\/ride-on-power-trowel-ptr-l100d\/#primaryimage"},"thumbnailUrl":"https:\/\/www.hsymachinery.com\/wp-content\/uploads\/2025\/06\/Ride-On-Power-Trowel-PTR-L100D.jpg","datePublished":"2025-06-18T13:20:45+00:00","dateModified":"2025-06-28T15:57:12+00:00","description":"Longxin-moottorilla varustettu PTR-L100D-kaksoislevyinen ajolapiontitasoitin tarjoaa tehokkaan betonin viimeistelyn suurille laatoille teollisissa ja kaupallisissa projekteissa.","breadcrumb":{"@id":"https:\/\/www.hsymachinery.com\/product\/ride-on-power-trowel-ptr-l100d\/#breadcrumb"},"inLanguage":"fi","potentialAction":[{"@type":"ReadAction","target":["https:\/\/www.hsymachinery.com\/product\/ride-on-power-trowel-ptr-l100d\/"]}]},{"@type":"ImageObject","inLanguage":"fi","@id":"https:\/\/www.hsymachinery.com\/product\/ride-on-power-trowel-ptr-l100d\/#primaryimage","url":"https:\/\/www.hsymachinery.com\/wp-content\/uploads\/2025\/06\/Ride-On-Power-Trowel-PTR-L100D.jpg","contentUrl":"https:\/\/www.hsymachinery.com\/wp-content\/uploads\/2025\/06\/Ride-On-Power-Trowel-PTR-L100D.jpg","width":800,"height":800},{"@type":"BreadcrumbList","@id":"https:\/\/www.hsymachinery.com\/product\/ride-on-power-trowel-ptr-l100d\/#breadcrumb","itemListElement":[{"@type":"ListItem","position":1,"name":"home","item":"https:\/\/www.hsymachinery.com\/"},{"@type":"ListItem","position":2,"name":"products","item":"https:\/\/www.hsymachinery.com\/products\/"},{"@type":"ListItem","position":3,"name":"Ride-On Power Trowel PTR-L100D"}]},{"@type":"WebSite","@id":"https:\/\/www.hsymachinery.com\/#website","url":"https:\/\/www.hsymachinery.com\/","name":"HSY Construction Machinery","description":"HSY Machinery - Kiinan johtava rakennuskoneiden toimittaja, joka tarjoaa laajan valikoiman kevyit\u00e4 rakennuskoneita. P\u00e4\u00e4tuotteitamme ovat Rebar Cutting Machine, Rebar Bending Machine, Rebar Stirrup Bending Machine, Rebar Arc Bending Machine, Rebar Straighting Machine, Five-Head Rebar Stirrup Bending Machine, Tamping Rammer, Plate Compactor, Concrete Cutter, Power Trowel ja muut rakennuskoneet. Olemme varustettu kehittyneill\u00e4 CNC-koneilla, ja noudatamme tiukkoja laadunvalvontastandardeja sek\u00e4 kattavaa huoltopalvelua. Jos olet kiinnostunut tuotteistamme tai palveluistamme, toivotamme l\u00e4mpim\u00e4sti tervetulleeksi tiedustelusi viestill\u00e4.","publisher":{"@id":"https:\/\/www.hsymachinery.com\/#organization"},"potentialAction":[{"@type":"SearchAction","target":{"@type":"EntryPoint","urlTemplate":"https:\/\/www.hsymachinery.com\/?s={search_term_string}"},"query-input":{"@type":"PropertyValueSpecification","valueRequired":true,"valueName":"search_term_string"}}],"inLanguage":"fi"},{"@type":"Organization","@id":"https:\/\/www.hsymachinery.com\/#organization","name":"HSY Construction Machinery","url":"https:\/\/www.hsymachinery.com\/","logo":{"@type":"ImageObject","inLanguage":"fi","@id":"https:\/\/www.hsymachinery.com\/#\/schema\/logo\/image\/","url":"https:\/\/www.hsymachinery.com\/wp-content\/uploads\/2025\/06\/cropped-HSY-machinery.png","contentUrl":"https:\/\/www.hsymachinery.com\/wp-content\/uploads\/2025\/06\/cropped-HSY-machinery.png","width":600,"height":240,"caption":"HSY Construction Machinery"},"image":{"@id":"https:\/\/www.hsymachinery.com\/#\/schema\/logo\/image\/"}}]}},"_links":{"self":[{"href":"https:\/\/www.hsymachinery.com\/fi\/wp-json\/wp\/v2\/product\/9235","targetHints":{"allow":["GET"]}}],"collection":[{"href":"https:\/\/www.hsymachinery.com\/fi\/wp-json\/wp\/v2\/product"}],"about":[{"href":"https:\/\/www.hsymachinery.com\/fi\/wp-json\/wp\/v2\/types\/product"}],"version-history":[{"count":3,"href":"https:\/\/www.hsymachinery.com\/fi\/wp-json\/wp\/v2\/product\/9235\/revisions"}],"predecessor-version":[{"id":9626,"href":"https:\/\/www.hsymachinery.com\/fi\/wp-json\/wp\/v2\/product\/9235\/revisions\/9626"}],"wp:featuredmedia":[{"embeddable":true,"href":"https:\/\/www.hsymachinery.com\/fi\/wp-json\/wp\/v2\/media\/9236"}],"wp:attachment":[{"href":"https:\/\/www.hsymachinery.com\/fi\/wp-json\/wp\/v2\/media?parent=9235"}],"wp:term":[{"taxonomy":"product_brand","embeddable":true,"href":"https:\/\/www.hsymachinery.com\/fi\/wp-json\/wp\/v2\/product_brand?post=9235"},{"taxonomy":"product_cat","embeddable":true,"href":"https:\/\/www.hsymachinery.com\/fi\/wp-json\/wp\/v2\/product_cat?post=9235"},{"taxonomy":"product_tag","embeddable":true,"href":"https:\/\/www.hsymachinery.com\/fi\/wp-json\/wp\/v2\/product_tag?post=9235"}],"curies":[{"name":"wp","href":"https:\/\/api.w.org\/{rel}","templated":true}]}}