{"id":9232,"date":"2025-06-18T21:19:30","date_gmt":"2025-06-18T13:19:30","guid":{"rendered":"https:\/\/www.hsymachinery.com\/?post_type=product&#038;p=9232"},"modified":"2025-06-28T23:53:29","modified_gmt":"2025-06-28T15:53:29","slug":"ajeleva-lastauslasta-ptr-h100","status":"publish","type":"product","link":"https:\/\/www.hsymachinery.com\/fi\/tuote\/ajeleva-lastauslasta-ptr-h100\/","title":{"rendered":"Ajettava lastauslasta PTR-H100"},"content":{"rendered":"<h2 data-start=\"146\" data-end=\"183\">Ajettava lastauslasta PTR-H100<\/h2>\n<h3 data-start=\"184\" data-end=\"304\">PTR-H100 Ride-On betonin viimeistelykone Honda-moottorilla | Suuri levyn peittoalue ammattimaiseen lattian viimeistelyyn.<\/h3>\n<h3 data-start=\"311\" data-end=\"410\">Tuotekuvaus - Honda-k\u00e4ytt\u00f6inen ajettava lastauslasta korkean suorituskyvyn teolliseen viimeistelyyn.<a href=\"https:\/\/www.hsymachinery.com\/fi\/tuotteet\/ajelehtiva-lastauslasta\/\" target=\"_blank\" rel=\"noopener\"><img fetchpriority=\"high\" decoding=\"async\" class=\"wp-image-9616 alignright\" src=\"https:\/\/www.hsymachinery.com\/wp-content\/uploads\/2025\/06\/Sitting-Type-Power-Trowel-209x300.jpg\" alt=\"\" width=\"451\" height=\"647\" srcset=\"https:\/\/www.hsymachinery.com\/wp-content\/uploads\/2025\/06\/Sitting-Type-Power-Trowel-209x300.jpg 209w, https:\/\/www.hsymachinery.com\/wp-content\/uploads\/2025\/06\/Sitting-Type-Power-Trowel-713x1024.jpg 713w, https:\/\/www.hsymachinery.com\/wp-content\/uploads\/2025\/06\/Sitting-Type-Power-Trowel-768x1103.jpg 768w, https:\/\/www.hsymachinery.com\/wp-content\/uploads\/2025\/06\/Sitting-Type-Power-Trowel-600x862.jpg 600w, https:\/\/www.hsymachinery.com\/wp-content\/uploads\/2025\/06\/Sitting-Type-Power-Trowel.jpg 800w\" sizes=\"(max-width: 451px) 100vw, 451px\" \/><\/a><\/h3>\n<p data-start=\"412\" data-end=\"720\">The <strong data-start=\"416\" data-end=\"449\">PTR-H100 Ajettava lastauslasta<\/strong> on suunniteltu tuottamaan erinomaisia viimeistelytuloksia suurissa betonilaattaprojekteissa. Hondan bensiinimoottorilla varustettu kone tarjoaa tasaisen suorituskyvyn, helpon k\u00e4sitelt\u00e4vyyden ja suuremman kattavuuden teollisuus- ja liiketilojen lattioita ty\u00f6st\u00e4ville urakoitsijoille.<\/p>\n<p data-start=\"722\" data-end=\"1061\">PTR-H100 on 100 cm:n kaksoiskiekkoter\u00e4n halkaisijan ansiosta PTR-H100 viimeistelee tehokkaasti suuret betonialueet lyhyemm\u00e4ss\u00e4 ajassa. Kuljettajan istuin lis\u00e4\u00e4 mukavuutta ja hallintaa erityisesti pitkien ty\u00f6aikojen aikana. Hondan moottori takaa tasaisen v\u00e4\u00e4nt\u00f6momentin, polttoainetaloudellisuuden ja pitk\u00e4aikaisen luotettavuuden my\u00f6s vaativissa ty\u00f6teht\u00e4viss\u00e4.<\/p>\n<p data-start=\"1063\" data-end=\"1351\">Lis\u00e4ksi kuljettajat voivat s\u00e4\u00e4t\u00e4\u00e4 nopeasti terien v\u00e4lityskorkeutta, mik\u00e4 mahdollistaa sujuvat siirtym\u00e4t kelluvien ja viimeistelyt\u00f6iden v\u00e4lill\u00e4. Raskas ter\u00e4srunko, vahvistettu vaihteisto ja t\u00e4rin\u00e4nvaimennus takaavat toiminnan vakauden ja v\u00e4hent\u00e4v\u00e4t koneen kulumista ajan my\u00f6t\u00e4.<\/p>\n<p data-start=\"1353\" data-end=\"1575\">PTR-H100 on ihanteellinen k\u00e4ytett\u00e4v\u00e4ksi tehtaiden lattioilla, ostoskeskuksissa, varastoissa ja pys\u00e4k\u00f6intirakennuksissa, ja se on luotettava viimeistelykone ammattilaisille, jotka arvostavat tarkkuutta, kest\u00e4vyytt\u00e4 ja moottorin suorituskyky\u00e4.<\/p>\n<h3 data-start=\"1582\" data-end=\"1628\">PTR-H100-ajolapion t\u00e4rkeimm\u00e4t ominaisuudet<\/h3>\n<ul data-start=\"1630\" data-end=\"2009\">\n<li data-start=\"1630\" data-end=\"1701\">\n<p data-start=\"1632\" data-end=\"1701\">Hondan bensiinimoottori takaa tasaisen ja tehokkaan toiminnan.<\/p>\n<\/li>\n<li data-start=\"1702\" data-end=\"1766\">\n<p data-start=\"1704\" data-end=\"1766\">100 cm:n l\u00e4pimitta peitt\u00e4\u00e4 suuremman alueen v\u00e4hemmill\u00e4 kulkukerroilla.<\/p>\n<\/li>\n<li data-start=\"1767\" data-end=\"1831\">\n<p data-start=\"1769\" data-end=\"1831\">Ride-on-rakenne tarjoaa k\u00e4ytt\u00f6mukavuutta ja t\u00e4ydellisen hallinnan.<\/p>\n<\/li>\n<li data-start=\"1832\" data-end=\"1890\">\n<p data-start=\"1834\" data-end=\"1890\">S\u00e4\u00e4dett\u00e4v\u00e4 ter\u00e4v\u00e4litys tarkkaa viimeistely\u00e4 varten<\/p>\n<\/li>\n<li data-start=\"1891\" data-end=\"1952\">\n<p data-start=\"1893\" data-end=\"1952\">Vankka vaihteisto ja ter\u00e4srunko raskaaseen suorituskykyyn<\/p>\n<\/li>\n<li data-start=\"1953\" data-end=\"2009\">\n<p data-start=\"1955\" data-end=\"2009\">Suunniteltu teollisuuden ja kaupan laattahankkeisiin<\/p>\n<\/li>\n<\/ul>\n<h3 data-start=\"2016\" data-end=\"2106\">K\u00e4ytt\u00f6kohteet - T\u00e4ydellinen teollisuuslattioille, kaupallisiin varastoihin ja pys\u00e4k\u00f6intialueille.<\/h3>\n<p data-start=\"2108\" data-end=\"2304\">PTR-H100 soveltuu erinomaisesti suuriin betonin viimeistelyt\u00f6ihin, sill\u00e4 se tarjoaa t\u00e4ydellisen yhdistelm\u00e4n kattavuutta, vakautta ja mukavuutta suurten lattialaattojen parissa ty\u00f6skenteleville ammattilaisille.<\/p>\n<p><iframe title=\"#rakentaminen #rakentamisty\u00f6ntekij\u00e4 #lastauslasta#\" width=\"720\" height=\"405\" src=\"https:\/\/www.youtube.com\/embed\/XQyVcEkyJOs?feature=oembed\" frameborder=\"0\" allow=\"accelerometer; autoplay; clipboard-write; encrypted-media; gyroscope; picture-in-picture; web-share\" referrerpolicy=\"strict-origin-when-cross-origin\" allowfullscreen><\/iframe><\/p>","protected":false},"excerpt":{"rendered":"<p>Honda-moottorilla varustettu PTR-H100-ajettava betonilapio tarjoaa 100 cm:n viimeistelyleveyden, erinomaisen vakauden ja ammattimaiset tulokset suurissa laattat\u00f6iss\u00e4.<\/p>","protected":false},"featured_media":9233,"template":"","meta":{"_kad_post_transparent":"default","_kad_post_title":"","_kad_post_layout":"default","_kad_post_sidebar_id":"","_kad_post_content_style":"default","_kad_post_vertical_padding":"default","_kad_post_feature":"","_kad_post_feature_position":"","_kad_post_header":false,"_kad_post_footer":false},"product_brand":[],"product_cat":[58],"product_tag":[1093,1094,1098,1091,1096,1092,1097,1099,1095,1100],"class_list":{"0":"post-9232","1":"product","2":"type-product","3":"status-publish","4":"has-post-thumbnail","6":"product_cat-ride-on-power-trowel","7":"product_tag-concrete-ride-on-trowel","8":"product_tag-concrete-ride-on-trowel-machine","9":"product_tag-concrete-surface-finishing-trowel","10":"product_tag-double-disc-ride-on-power-trowel","11":"product_tag-double-rotor-power-trowel","12":"product_tag-gasoline-ride-on-power-trowel","13":"product_tag-heavy-duty-ride-on-trowel","14":"product_tag-hydraulic-ride-on-trowel","15":"product_tag-ride-on-concrete-finishing-machine","16":"product_tag-ride-on-floor-trowel","18":"first","19":"instock","20":"featured","21":"shipping-taxable","22":"product-type-simple","23":"entry","24":"content-bg","25":"loop-entry"},"yoast_head":"<!-- This site is optimized with the Yoast SEO plugin v25.3.1 - https:\/\/yoast.com\/wordpress\/plugins\/seo\/ -->\n<title>Ride-On Power Trowel PTR-H100 - HSY Construction Machinery<\/title>\n<meta name=\"description\" content=\"PTR-H100 ride-on power trowel with 100 cm blades and Honda engine delivers efficient, high-performance slab finishing for industrial concrete floors.\" \/>\n<meta name=\"robots\" content=\"index, follow, max-snippet:-1, max-image-preview:large, max-video-preview:-1\" \/>\n<link rel=\"canonical\" href=\"https:\/\/www.hsymachinery.com\/fi\/tuote\/ajeleva-lastauslasta-ptr-h100\/\" \/>\n<meta property=\"og:locale\" content=\"fi_FI\" \/>\n<meta property=\"og:type\" content=\"article\" \/>\n<meta property=\"og:title\" content=\"Ride-On Power Trowel PTR-H100 - HSY Construction Machinery\" \/>\n<meta property=\"og:description\" content=\"PTR-H100 ride-on power trowel with 100 cm blades and Honda engine delivers efficient, high-performance slab finishing for industrial concrete floors.\" \/>\n<meta property=\"og:url\" content=\"https:\/\/www.hsymachinery.com\/fi\/tuote\/ajeleva-lastauslasta-ptr-h100\/\" \/>\n<meta property=\"og:site_name\" content=\"HSY Construction Machinery\" \/>\n<meta property=\"article:modified_time\" content=\"2025-06-28T15:53:29+00:00\" \/>\n<meta property=\"og:image\" content=\"https:\/\/www.hsymachinery.com\/wp-content\/uploads\/2025\/06\/Ride-On-Power-Trowel-PTR-H100.jpg\" \/>\n\t<meta property=\"og:image:width\" content=\"800\" \/>\n\t<meta property=\"og:image:height\" content=\"800\" \/>\n\t<meta property=\"og:image:type\" content=\"image\/jpeg\" \/>\n<meta name=\"twitter:card\" content=\"summary_large_image\" \/>\n<meta name=\"twitter:label1\" content=\"Arvioitu lukuaika\" \/>\n\t<meta name=\"twitter:data1\" content=\"2 minuuttia\" \/>\n<script type=\"application\/ld+json\" class=\"yoast-schema-graph\">{\"@context\":\"https:\/\/schema.org\",\"@graph\":[{\"@type\":\"WebPage\",\"@id\":\"https:\/\/www.hsymachinery.com\/product\/ride-on-power-trowel-ptr-h100\/\",\"url\":\"https:\/\/www.hsymachinery.com\/product\/ride-on-power-trowel-ptr-h100\/\",\"name\":\"Ride-On Power Trowel PTR-H100 - HSY Construction Machinery\",\"isPartOf\":{\"@id\":\"https:\/\/www.hsymachinery.com\/#website\"},\"primaryImageOfPage\":{\"@id\":\"https:\/\/www.hsymachinery.com\/product\/ride-on-power-trowel-ptr-h100\/#primaryimage\"},\"image\":{\"@id\":\"https:\/\/www.hsymachinery.com\/product\/ride-on-power-trowel-ptr-h100\/#primaryimage\"},\"thumbnailUrl\":\"https:\/\/www.hsymachinery.com\/wp-content\/uploads\/2025\/06\/Ride-On-Power-Trowel-PTR-H100.jpg\",\"datePublished\":\"2025-06-18T13:19:30+00:00\",\"dateModified\":\"2025-06-28T15:53:29+00:00\",\"description\":\"PTR-H100 ride-on power trowel with 100 cm blades and Honda engine delivers efficient, high-performance slab finishing for industrial concrete floors.\",\"breadcrumb\":{\"@id\":\"https:\/\/www.hsymachinery.com\/product\/ride-on-power-trowel-ptr-h100\/#breadcrumb\"},\"inLanguage\":\"fi\",\"potentialAction\":[{\"@type\":\"ReadAction\",\"target\":[\"https:\/\/www.hsymachinery.com\/product\/ride-on-power-trowel-ptr-h100\/\"]}]},{\"@type\":\"ImageObject\",\"inLanguage\":\"fi\",\"@id\":\"https:\/\/www.hsymachinery.com\/product\/ride-on-power-trowel-ptr-h100\/#primaryimage\",\"url\":\"https:\/\/www.hsymachinery.com\/wp-content\/uploads\/2025\/06\/Ride-On-Power-Trowel-PTR-H100.jpg\",\"contentUrl\":\"https:\/\/www.hsymachinery.com\/wp-content\/uploads\/2025\/06\/Ride-On-Power-Trowel-PTR-H100.jpg\",\"width\":800,\"height\":800},{\"@type\":\"BreadcrumbList\",\"@id\":\"https:\/\/www.hsymachinery.com\/product\/ride-on-power-trowel-ptr-h100\/#breadcrumb\",\"itemListElement\":[{\"@type\":\"ListItem\",\"position\":1,\"name\":\"home\",\"item\":\"https:\/\/www.hsymachinery.com\/\"},{\"@type\":\"ListItem\",\"position\":2,\"name\":\"products\",\"item\":\"https:\/\/www.hsymachinery.com\/products\/\"},{\"@type\":\"ListItem\",\"position\":3,\"name\":\"Ride-On Power Trowel PTR-H100\"}]},{\"@type\":\"WebSite\",\"@id\":\"https:\/\/www.hsymachinery.com\/#website\",\"url\":\"https:\/\/www.hsymachinery.com\/\",\"name\":\"HSY Construction Machinery\",\"description\":\"HSY Machinery \u2013 A leading China construction machinery supplier, offering a wide range of light construction equipment. Our main products include Rebar Cutting Machine, Rebar Bending Machine, Rebar Stirrup Bending Machine, Rebar Arc Bending Machine, Rebar Straightening Machine, Five-Head Rebar Stirrup Bending Machine, Tamping Rammer, Plate Compactor, Concrete Cutter, Power Trowel, and other construction machinery. We are equipped with advanced CNC machines, and we enforce strict quality inspection standards along with comprehensive after-sales service. If you are interested in our products or services, we warmly welcome your inquiries via message.\",\"publisher\":{\"@id\":\"https:\/\/www.hsymachinery.com\/#organization\"},\"potentialAction\":[{\"@type\":\"SearchAction\",\"target\":{\"@type\":\"EntryPoint\",\"urlTemplate\":\"https:\/\/www.hsymachinery.com\/?s={search_term_string}\"},\"query-input\":{\"@type\":\"PropertyValueSpecification\",\"valueRequired\":true,\"valueName\":\"search_term_string\"}}],\"inLanguage\":\"fi\"},{\"@type\":\"Organization\",\"@id\":\"https:\/\/www.hsymachinery.com\/#organization\",\"name\":\"HSY Construction Machinery\",\"url\":\"https:\/\/www.hsymachinery.com\/\",\"logo\":{\"@type\":\"ImageObject\",\"inLanguage\":\"fi\",\"@id\":\"https:\/\/www.hsymachinery.com\/#\/schema\/logo\/image\/\",\"url\":\"https:\/\/www.hsymachinery.com\/wp-content\/uploads\/2025\/06\/cropped-HSY-machinery.png\",\"contentUrl\":\"https:\/\/www.hsymachinery.com\/wp-content\/uploads\/2025\/06\/cropped-HSY-machinery.png\",\"width\":600,\"height\":240,\"caption\":\"HSY Construction Machinery\"},\"image\":{\"@id\":\"https:\/\/www.hsymachinery.com\/#\/schema\/logo\/image\/\"}}]}<\/script>\n<!-- \/ Yoast SEO plugin. -->","yoast_head_json":{"title":"Ajettava lastauslasta PTR-H100 - HSY Rakennuskoneet - HSY Construction Machinery","description":"100 cm:n terill\u00e4 ja Honda-moottorilla varustettu PTR-H100-ajolapiointilapio tarjoaa tehokkaan ja suorituskykyisen laatan viimeistelyn teollisuusbetonilattioille.","robots":{"index":"index","follow":"follow","max-snippet":"max-snippet:-1","max-image-preview":"max-image-preview:large","max-video-preview":"max-video-preview:-1"},"canonical":"https:\/\/www.hsymachinery.com\/fi\/tuote\/ajeleva-lastauslasta-ptr-h100\/","og_locale":"fi_FI","og_type":"article","og_title":"Ride-On Power Trowel PTR-H100 - HSY Construction Machinery","og_description":"PTR-H100 ride-on power trowel with 100 cm blades and Honda engine delivers efficient, high-performance slab finishing for industrial concrete floors.","og_url":"https:\/\/www.hsymachinery.com\/fi\/tuote\/ajeleva-lastauslasta-ptr-h100\/","og_site_name":"HSY Construction Machinery","article_modified_time":"2025-06-28T15:53:29+00:00","og_image":[{"width":800,"height":800,"url":"https:\/\/www.hsymachinery.com\/wp-content\/uploads\/2025\/06\/Ride-On-Power-Trowel-PTR-H100.jpg","type":"image\/jpeg"}],"twitter_card":"summary_large_image","twitter_misc":{"Arvioitu lukuaika":"2 minuuttia"},"schema":{"@context":"https:\/\/schema.org","@graph":[{"@type":"WebPage","@id":"https:\/\/www.hsymachinery.com\/product\/ride-on-power-trowel-ptr-h100\/","url":"https:\/\/www.hsymachinery.com\/product\/ride-on-power-trowel-ptr-h100\/","name":"Ajettava lastauslasta PTR-H100 - HSY Rakennuskoneet - HSY Construction Machinery","isPartOf":{"@id":"https:\/\/www.hsymachinery.com\/#website"},"primaryImageOfPage":{"@id":"https:\/\/www.hsymachinery.com\/product\/ride-on-power-trowel-ptr-h100\/#primaryimage"},"image":{"@id":"https:\/\/www.hsymachinery.com\/product\/ride-on-power-trowel-ptr-h100\/#primaryimage"},"thumbnailUrl":"https:\/\/www.hsymachinery.com\/wp-content\/uploads\/2025\/06\/Ride-On-Power-Trowel-PTR-H100.jpg","datePublished":"2025-06-18T13:19:30+00:00","dateModified":"2025-06-28T15:53:29+00:00","description":"100 cm:n terill\u00e4 ja Honda-moottorilla varustettu PTR-H100-ajolapiointilapio tarjoaa tehokkaan ja suorituskykyisen laatan viimeistelyn teollisuusbetonilattioille.","breadcrumb":{"@id":"https:\/\/www.hsymachinery.com\/product\/ride-on-power-trowel-ptr-h100\/#breadcrumb"},"inLanguage":"fi","potentialAction":[{"@type":"ReadAction","target":["https:\/\/www.hsymachinery.com\/product\/ride-on-power-trowel-ptr-h100\/"]}]},{"@type":"ImageObject","inLanguage":"fi","@id":"https:\/\/www.hsymachinery.com\/product\/ride-on-power-trowel-ptr-h100\/#primaryimage","url":"https:\/\/www.hsymachinery.com\/wp-content\/uploads\/2025\/06\/Ride-On-Power-Trowel-PTR-H100.jpg","contentUrl":"https:\/\/www.hsymachinery.com\/wp-content\/uploads\/2025\/06\/Ride-On-Power-Trowel-PTR-H100.jpg","width":800,"height":800},{"@type":"BreadcrumbList","@id":"https:\/\/www.hsymachinery.com\/product\/ride-on-power-trowel-ptr-h100\/#breadcrumb","itemListElement":[{"@type":"ListItem","position":1,"name":"home","item":"https:\/\/www.hsymachinery.com\/"},{"@type":"ListItem","position":2,"name":"products","item":"https:\/\/www.hsymachinery.com\/products\/"},{"@type":"ListItem","position":3,"name":"Ride-On Power Trowel PTR-H100"}]},{"@type":"WebSite","@id":"https:\/\/www.hsymachinery.com\/#website","url":"https:\/\/www.hsymachinery.com\/","name":"HSY Construction Machinery","description":"HSY Machinery - Kiinan johtava rakennuskoneiden toimittaja, joka tarjoaa laajan valikoiman kevyit\u00e4 rakennuskoneita. P\u00e4\u00e4tuotteitamme ovat Rebar Cutting Machine, Rebar Bending Machine, Rebar Stirrup Bending Machine, Rebar Arc Bending Machine, Rebar Straighting Machine, Five-Head Rebar Stirrup Bending Machine, Tamping Rammer, Plate Compactor, Concrete Cutter, Power Trowel ja muut rakennuskoneet. Olemme varustettu kehittyneill\u00e4 CNC-koneilla, ja noudatamme tiukkoja laadunvalvontastandardeja sek\u00e4 kattavaa huoltopalvelua. Jos olet kiinnostunut tuotteistamme tai palveluistamme, toivotamme l\u00e4mpim\u00e4sti tervetulleeksi tiedustelusi viestill\u00e4.","publisher":{"@id":"https:\/\/www.hsymachinery.com\/#organization"},"potentialAction":[{"@type":"SearchAction","target":{"@type":"EntryPoint","urlTemplate":"https:\/\/www.hsymachinery.com\/?s={search_term_string}"},"query-input":{"@type":"PropertyValueSpecification","valueRequired":true,"valueName":"search_term_string"}}],"inLanguage":"fi"},{"@type":"Organization","@id":"https:\/\/www.hsymachinery.com\/#organization","name":"HSY Construction Machinery","url":"https:\/\/www.hsymachinery.com\/","logo":{"@type":"ImageObject","inLanguage":"fi","@id":"https:\/\/www.hsymachinery.com\/#\/schema\/logo\/image\/","url":"https:\/\/www.hsymachinery.com\/wp-content\/uploads\/2025\/06\/cropped-HSY-machinery.png","contentUrl":"https:\/\/www.hsymachinery.com\/wp-content\/uploads\/2025\/06\/cropped-HSY-machinery.png","width":600,"height":240,"caption":"HSY Construction Machinery"},"image":{"@id":"https:\/\/www.hsymachinery.com\/#\/schema\/logo\/image\/"}}]}},"_links":{"self":[{"href":"https:\/\/www.hsymachinery.com\/fi\/wp-json\/wp\/v2\/product\/9232","targetHints":{"allow":["GET"]}}],"collection":[{"href":"https:\/\/www.hsymachinery.com\/fi\/wp-json\/wp\/v2\/product"}],"about":[{"href":"https:\/\/www.hsymachinery.com\/fi\/wp-json\/wp\/v2\/types\/product"}],"version-history":[{"count":3,"href":"https:\/\/www.hsymachinery.com\/fi\/wp-json\/wp\/v2\/product\/9232\/revisions"}],"predecessor-version":[{"id":9624,"href":"https:\/\/www.hsymachinery.com\/fi\/wp-json\/wp\/v2\/product\/9232\/revisions\/9624"}],"wp:featuredmedia":[{"embeddable":true,"href":"https:\/\/www.hsymachinery.com\/fi\/wp-json\/wp\/v2\/media\/9233"}],"wp:attachment":[{"href":"https:\/\/www.hsymachinery.com\/fi\/wp-json\/wp\/v2\/media?parent=9232"}],"wp:term":[{"taxonomy":"product_brand","embeddable":true,"href":"https:\/\/www.hsymachinery.com\/fi\/wp-json\/wp\/v2\/product_brand?post=9232"},{"taxonomy":"product_cat","embeddable":true,"href":"https:\/\/www.hsymachinery.com\/fi\/wp-json\/wp\/v2\/product_cat?post=9232"},{"taxonomy":"product_tag","embeddable":true,"href":"https:\/\/www.hsymachinery.com\/fi\/wp-json\/wp\/v2\/product_tag?post=9232"}],"curies":[{"name":"wp","href":"https:\/\/api.w.org\/{rel}","templated":true}]}}