{"id":9229,"date":"2025-06-18T21:17:54","date_gmt":"2025-06-18T13:17:54","guid":{"rendered":"https:\/\/www.hsymachinery.com\/?post_type=product&#038;p=9229"},"modified":"2025-06-28T23:48:37","modified_gmt":"2025-06-28T15:48:37","slug":"ajeleva-lastauslasta-ptr-l100","status":"publish","type":"product","link":"https:\/\/www.hsymachinery.com\/fi\/tuote\/ajeleva-lastauslasta-ptr-l100\/","title":{"rendered":"Ajettava lastauslasta PTR-L100"},"content":{"rendered":"<h2 data-start=\"139\" data-end=\"176\">Ajettava lastauslasta PTR-L100<\/h2>\n<h3 data-start=\"177\" data-end=\"289\">PTR-L100 Ride-On betonilapio, jossa on Longxin-moottori | Suuren halkaisijan viimeistely teollisuuslaattojen projekteihin.<\/h3>\n<h3 data-start=\"296\" data-end=\"398\">Tuotekuvaus - Longxin-Driven Ride-On lastauslasta tehokkaaseen suuren laatan betonin viimeistelyyn<a href=\"https:\/\/www.hsymachinery.com\/fi\/tuotteet\/ajelehtiva-lastauslasta\/\" target=\"_blank\" rel=\"noopener\"><img fetchpriority=\"high\" decoding=\"async\" class=\"wp-image-9616 alignright\" src=\"https:\/\/www.hsymachinery.com\/wp-content\/uploads\/2025\/06\/Sitting-Type-Power-Trowel-209x300.jpg\" alt=\"\" width=\"451\" height=\"647\" srcset=\"https:\/\/www.hsymachinery.com\/wp-content\/uploads\/2025\/06\/Sitting-Type-Power-Trowel-209x300.jpg 209w, https:\/\/www.hsymachinery.com\/wp-content\/uploads\/2025\/06\/Sitting-Type-Power-Trowel-713x1024.jpg 713w, https:\/\/www.hsymachinery.com\/wp-content\/uploads\/2025\/06\/Sitting-Type-Power-Trowel-768x1103.jpg 768w, https:\/\/www.hsymachinery.com\/wp-content\/uploads\/2025\/06\/Sitting-Type-Power-Trowel-600x862.jpg 600w, https:\/\/www.hsymachinery.com\/wp-content\/uploads\/2025\/06\/Sitting-Type-Power-Trowel.jpg 800w\" sizes=\"(max-width: 451px) 100vw, 451px\" \/><\/a><\/h3>\n<p data-start=\"400\" data-end=\"713\">The <strong data-start=\"404\" data-end=\"437\">PTR-L100 Ajettava lastauslasta<\/strong> on halkaisijaltaan suuri betonin viimeistelykone, jonka voimanl\u00e4hteen\u00e4 on luotettava Longxin-bensiinimoottori. Laajemman peittoalueen ja paremman ohjattavuuden ansiosta t\u00e4m\u00e4 malli on ihanteellinen urakoitsijoille, jotka ty\u00f6skentelev\u00e4t suurilla laatta-alueilla, joilla tehokkuus ja johdonmukaisuus ovat t\u00e4rkeimpi\u00e4.<\/p>\n<p data-start=\"715\" data-end=\"1068\">Koneessa on 100 cm:n kaksoislevyter\u00e4j\u00e4rjestelm\u00e4, joka mahdollistaa laajemman peiton v\u00e4hemmill\u00e4 ajokerroilla. T\u00e4m\u00e4 lyhent\u00e4\u00e4 ty\u00f6aikaa ja takaa tasaisen ja tasaisen betonipinnan. Ajo-ohjausj\u00e4rjestelm\u00e4 tarjoaa paremman mukavuuden ja n\u00e4kyvyyden, ja kompakti ohjausrakenne parantaa k\u00e4sitelt\u00e4vyytt\u00e4 leveill\u00e4 betonijaksoilla.<\/p>\n<p data-start=\"1070\" data-end=\"1467\">Longxin-moottorin ansiosta PTR-L100 toimii tasaisesti ja tuottaa vahvaa v\u00e4\u00e4nt\u00f6\u00e4 erinomaisen polttoainetehokkuuden ansiosta. K\u00e4ytt\u00e4j\u00e4t voivat helposti s\u00e4\u00e4t\u00e4\u00e4 ter\u00e4n jyrsint\u00e4\u00e4 vaihtaakseen kelluvan ja kiillottavan v\u00e4lill\u00e4 laatan kunnon mukaan. Samalla koneen kest\u00e4v\u00e4 ter\u00e4srunko, raskas vaihteisto ja t\u00e4rin\u00e4nvaimennettu istuin auttavat yll\u00e4pit\u00e4m\u00e4\u00e4n kuljettajan vakautta ja v\u00e4hent\u00e4m\u00e4\u00e4n kulumista.<\/p>\n<p data-start=\"1469\" data-end=\"1651\">Ihanteellinen tehtaiden, suurten varastojen ja kaupallisten aukioiden lattioiden viimeistelyyn, sill\u00e4 t\u00e4m\u00e4 lastauslasta takaa ammattimaisen lopputuloksen jokaisella betonin neli\u00f6metrill\u00e4.<\/p>\n<h3 data-start=\"1658\" data-end=\"1711\">PTR-L100 betonitehostelulapion t\u00e4rkeimm\u00e4t ominaisuudet<\/h3>\n<ul data-start=\"1713\" data-end=\"2098\">\n<li data-start=\"1713\" data-end=\"1773\">\n<p data-start=\"1715\" data-end=\"1773\">100 cm ter\u00e4n halkaisija nopeaan ja tehokkaaseen laatan viimeistelyyn.<\/p>\n<\/li>\n<li data-start=\"1774\" data-end=\"1842\">\n<p data-start=\"1776\" data-end=\"1842\">Longxin-bensiinimoottori tarjoaa tehokkaan ja luotettavan suorituskyvyn.<\/p>\n<\/li>\n<li data-start=\"1843\" data-end=\"1899\">\n<p data-start=\"1845\" data-end=\"1899\">Ride-on-muotoilu lis\u00e4\u00e4 mukavuutta ja v\u00e4hent\u00e4\u00e4 v\u00e4symyst\u00e4.<\/p>\n<\/li>\n<li data-start=\"1900\" data-end=\"1968\">\n<p data-start=\"1902\" data-end=\"1968\">S\u00e4\u00e4dett\u00e4viss\u00e4 olevat ter\u00e4t mahdollistavat paremman viimeistelyn laadun hallinnan.<\/p>\n<\/li>\n<li data-start=\"1969\" data-end=\"2033\">\n<p data-start=\"1971\" data-end=\"2033\">Kest\u00e4v\u00e4 runko ja vahvistettu vaihdelaatikko pidemp\u00e4\u00e4 k\u00e4ytt\u00f6ik\u00e4\u00e4 varten<\/p>\n<\/li>\n<li data-start=\"2034\" data-end=\"2098\">\n<p data-start=\"2036\" data-end=\"2098\">Soveltuu suuriin betonilattiat\u00f6ihin sis\u00e4ll\u00e4 tai ulkona.<\/p>\n<\/li>\n<\/ul>\n<h3 data-start=\"2105\" data-end=\"2198\">K\u00e4ytt\u00f6kohteet - Suunniteltu teollisuusvarastoihin, ty\u00f6pajoihin ja suurille betonipinnoille.<\/h3>\n<p data-start=\"2200\" data-end=\"2428\">PTR-L100 sopii erinomaisesti ammattilaisille, jotka ty\u00f6skentelev\u00e4t teollisuuslattioilla, autotallien laatoilla ja parkkihalleissa. Sen tehon, koon ja k\u00e4ytt\u00f6mukavuuden tasapaino tekee siit\u00e4 koneen, joka sopii erinomaisesti laajamittaiseen betonin viimeistelyyn.<\/p>\n<p><iframe title=\"lastauslasta,ajettava lastauslasta,k\u00e4sity\u00f6nnett\u00e4v\u00e4 lastauslasta,lastauslasta,betoni\" width=\"720\" height=\"405\" src=\"https:\/\/www.youtube.com\/embed\/f6bzSaqMaws?feature=oembed\" frameborder=\"0\" allow=\"accelerometer; autoplay; clipboard-write; encrypted-media; gyroscope; picture-in-picture; web-share\" referrerpolicy=\"strict-origin-when-cross-origin\" allowfullscreen><\/iframe><\/p>","protected":false},"excerpt":{"rendered":"<p>Longxin-moottorilla varustettu PTR-L100-ajolapio tarjoaa laajan 100 cm:n peittoalueen ja tehokkaan suorituskyvyn suurille betonilaatoille. Luotettava valinta kaupallisiin lattioihin.<\/p>","protected":false},"featured_media":9230,"template":"","meta":{"_kad_post_transparent":"default","_kad_post_title":"","_kad_post_layout":"default","_kad_post_sidebar_id":"","_kad_post_content_style":"default","_kad_post_vertical_padding":"default","_kad_post_feature":"","_kad_post_feature_position":"","_kad_post_header":false,"_kad_post_footer":false},"product_brand":[],"product_cat":[58],"product_tag":[1093,1094,1098,1091,1096,1092,1097,1099,1095,1100],"class_list":{"0":"post-9229","1":"product","2":"type-product","3":"status-publish","4":"has-post-thumbnail","6":"product_cat-ride-on-power-trowel","7":"product_tag-concrete-ride-on-trowel","8":"product_tag-concrete-ride-on-trowel-machine","9":"product_tag-concrete-surface-finishing-trowel","10":"product_tag-double-disc-ride-on-power-trowel","11":"product_tag-double-rotor-power-trowel","12":"product_tag-gasoline-ride-on-power-trowel","13":"product_tag-heavy-duty-ride-on-trowel","14":"product_tag-hydraulic-ride-on-trowel","15":"product_tag-ride-on-concrete-finishing-machine","16":"product_tag-ride-on-floor-trowel","18":"first","19":"instock","20":"shipping-taxable","21":"product-type-simple","22":"entry","23":"content-bg","24":"loop-entry"},"yoast_head":"<!-- This site is optimized with the Yoast SEO plugin v25.3.1 - https:\/\/yoast.com\/wordpress\/plugins\/seo\/ -->\n<title>Ride-On Power Trowel PTR-L100 - HSY Construction Machinery<\/title>\n<meta name=\"description\" content=\"PTR-L100 ride-on concrete trowel features a Longxin engine and 100 cm dual disc for fast, consistent finishing on industrial concrete floors.Ride-On Power Trowel PTR-L100\" \/>\n<meta name=\"robots\" content=\"index, follow, max-snippet:-1, max-image-preview:large, max-video-preview:-1\" \/>\n<link rel=\"canonical\" href=\"https:\/\/www.hsymachinery.com\/fi\/tuote\/ajeleva-lastauslasta-ptr-l100\/\" \/>\n<meta property=\"og:locale\" content=\"fi_FI\" \/>\n<meta property=\"og:type\" content=\"article\" \/>\n<meta property=\"og:title\" content=\"Ride-On Power Trowel PTR-L100 - HSY Construction Machinery\" \/>\n<meta property=\"og:description\" content=\"PTR-L100 ride-on concrete trowel features a Longxin engine and 100 cm dual disc for fast, consistent finishing on industrial concrete floors.Ride-On Power Trowel PTR-L100\" \/>\n<meta property=\"og:url\" content=\"https:\/\/www.hsymachinery.com\/fi\/tuote\/ajeleva-lastauslasta-ptr-l100\/\" \/>\n<meta property=\"og:site_name\" content=\"HSY Construction Machinery\" \/>\n<meta property=\"article:modified_time\" content=\"2025-06-28T15:48:37+00:00\" \/>\n<meta property=\"og:image\" content=\"https:\/\/www.hsymachinery.com\/wp-content\/uploads\/2025\/06\/Ride-On-Power-Trowel-PTR-L100.jpg\" \/>\n\t<meta property=\"og:image:width\" content=\"800\" \/>\n\t<meta property=\"og:image:height\" content=\"800\" \/>\n\t<meta property=\"og:image:type\" content=\"image\/jpeg\" \/>\n<meta name=\"twitter:card\" content=\"summary_large_image\" \/>\n<meta name=\"twitter:label1\" content=\"Arvioitu lukuaika\" \/>\n\t<meta name=\"twitter:data1\" content=\"2 minuuttia\" \/>\n<script type=\"application\/ld+json\" class=\"yoast-schema-graph\">{\"@context\":\"https:\/\/schema.org\",\"@graph\":[{\"@type\":\"WebPage\",\"@id\":\"https:\/\/www.hsymachinery.com\/product\/ride-on-power-trowel-ptr-l100\/\",\"url\":\"https:\/\/www.hsymachinery.com\/product\/ride-on-power-trowel-ptr-l100\/\",\"name\":\"Ride-On Power Trowel PTR-L100 - HSY Construction Machinery\",\"isPartOf\":{\"@id\":\"https:\/\/www.hsymachinery.com\/#website\"},\"primaryImageOfPage\":{\"@id\":\"https:\/\/www.hsymachinery.com\/product\/ride-on-power-trowel-ptr-l100\/#primaryimage\"},\"image\":{\"@id\":\"https:\/\/www.hsymachinery.com\/product\/ride-on-power-trowel-ptr-l100\/#primaryimage\"},\"thumbnailUrl\":\"https:\/\/www.hsymachinery.com\/wp-content\/uploads\/2025\/06\/Ride-On-Power-Trowel-PTR-L100.jpg\",\"datePublished\":\"2025-06-18T13:17:54+00:00\",\"dateModified\":\"2025-06-28T15:48:37+00:00\",\"description\":\"PTR-L100 ride-on concrete trowel features a Longxin engine and 100 cm dual disc for fast, consistent finishing on industrial concrete floors.Ride-On Power Trowel PTR-L100\",\"breadcrumb\":{\"@id\":\"https:\/\/www.hsymachinery.com\/product\/ride-on-power-trowel-ptr-l100\/#breadcrumb\"},\"inLanguage\":\"fi\",\"potentialAction\":[{\"@type\":\"ReadAction\",\"target\":[\"https:\/\/www.hsymachinery.com\/product\/ride-on-power-trowel-ptr-l100\/\"]}]},{\"@type\":\"ImageObject\",\"inLanguage\":\"fi\",\"@id\":\"https:\/\/www.hsymachinery.com\/product\/ride-on-power-trowel-ptr-l100\/#primaryimage\",\"url\":\"https:\/\/www.hsymachinery.com\/wp-content\/uploads\/2025\/06\/Ride-On-Power-Trowel-PTR-L100.jpg\",\"contentUrl\":\"https:\/\/www.hsymachinery.com\/wp-content\/uploads\/2025\/06\/Ride-On-Power-Trowel-PTR-L100.jpg\",\"width\":800,\"height\":800},{\"@type\":\"BreadcrumbList\",\"@id\":\"https:\/\/www.hsymachinery.com\/product\/ride-on-power-trowel-ptr-l100\/#breadcrumb\",\"itemListElement\":[{\"@type\":\"ListItem\",\"position\":1,\"name\":\"home\",\"item\":\"https:\/\/www.hsymachinery.com\/\"},{\"@type\":\"ListItem\",\"position\":2,\"name\":\"products\",\"item\":\"https:\/\/www.hsymachinery.com\/products\/\"},{\"@type\":\"ListItem\",\"position\":3,\"name\":\"Ride-On Power Trowel PTR-L100\"}]},{\"@type\":\"WebSite\",\"@id\":\"https:\/\/www.hsymachinery.com\/#website\",\"url\":\"https:\/\/www.hsymachinery.com\/\",\"name\":\"HSY Construction Machinery\",\"description\":\"HSY Machinery \u2013 A leading China construction machinery supplier, offering a wide range of light construction equipment. Our main products include Rebar Cutting Machine, Rebar Bending Machine, Rebar Stirrup Bending Machine, Rebar Arc Bending Machine, Rebar Straightening Machine, Five-Head Rebar Stirrup Bending Machine, Tamping Rammer, Plate Compactor, Concrete Cutter, Power Trowel, and other construction machinery. We are equipped with advanced CNC machines, and we enforce strict quality inspection standards along with comprehensive after-sales service. If you are interested in our products or services, we warmly welcome your inquiries via message.\",\"publisher\":{\"@id\":\"https:\/\/www.hsymachinery.com\/#organization\"},\"potentialAction\":[{\"@type\":\"SearchAction\",\"target\":{\"@type\":\"EntryPoint\",\"urlTemplate\":\"https:\/\/www.hsymachinery.com\/?s={search_term_string}\"},\"query-input\":{\"@type\":\"PropertyValueSpecification\",\"valueRequired\":true,\"valueName\":\"search_term_string\"}}],\"inLanguage\":\"fi\"},{\"@type\":\"Organization\",\"@id\":\"https:\/\/www.hsymachinery.com\/#organization\",\"name\":\"HSY Construction Machinery\",\"url\":\"https:\/\/www.hsymachinery.com\/\",\"logo\":{\"@type\":\"ImageObject\",\"inLanguage\":\"fi\",\"@id\":\"https:\/\/www.hsymachinery.com\/#\/schema\/logo\/image\/\",\"url\":\"https:\/\/www.hsymachinery.com\/wp-content\/uploads\/2025\/06\/cropped-HSY-machinery.png\",\"contentUrl\":\"https:\/\/www.hsymachinery.com\/wp-content\/uploads\/2025\/06\/cropped-HSY-machinery.png\",\"width\":600,\"height\":240,\"caption\":\"HSY Construction Machinery\"},\"image\":{\"@id\":\"https:\/\/www.hsymachinery.com\/#\/schema\/logo\/image\/\"}}]}<\/script>\n<!-- \/ Yoast SEO plugin. -->","yoast_head_json":{"title":"Ajettava lastauslasta PTR-L100 - HSY Rakennuskoneet - HSY Construction Machinery","description":"PTR-L100-ajettava betonilapio on varustettu Longxin-moottorilla ja 100 cm:n kaksoiskiekolla, joka mahdollistaa nopean ja tasaisen viimeistelyn teollisuusbetonilattioilla.Ajettava betonilapio PTR-L100.","robots":{"index":"index","follow":"follow","max-snippet":"max-snippet:-1","max-image-preview":"max-image-preview:large","max-video-preview":"max-video-preview:-1"},"canonical":"https:\/\/www.hsymachinery.com\/fi\/tuote\/ajeleva-lastauslasta-ptr-l100\/","og_locale":"fi_FI","og_type":"article","og_title":"Ride-On Power Trowel PTR-L100 - HSY Construction Machinery","og_description":"PTR-L100 ride-on concrete trowel features a Longxin engine and 100 cm dual disc for fast, consistent finishing on industrial concrete floors.Ride-On Power Trowel PTR-L100","og_url":"https:\/\/www.hsymachinery.com\/fi\/tuote\/ajeleva-lastauslasta-ptr-l100\/","og_site_name":"HSY Construction Machinery","article_modified_time":"2025-06-28T15:48:37+00:00","og_image":[{"width":800,"height":800,"url":"https:\/\/www.hsymachinery.com\/wp-content\/uploads\/2025\/06\/Ride-On-Power-Trowel-PTR-L100.jpg","type":"image\/jpeg"}],"twitter_card":"summary_large_image","twitter_misc":{"Arvioitu lukuaika":"2 minuuttia"},"schema":{"@context":"https:\/\/schema.org","@graph":[{"@type":"WebPage","@id":"https:\/\/www.hsymachinery.com\/product\/ride-on-power-trowel-ptr-l100\/","url":"https:\/\/www.hsymachinery.com\/product\/ride-on-power-trowel-ptr-l100\/","name":"Ajettava lastauslasta PTR-L100 - HSY Rakennuskoneet - HSY Construction Machinery","isPartOf":{"@id":"https:\/\/www.hsymachinery.com\/#website"},"primaryImageOfPage":{"@id":"https:\/\/www.hsymachinery.com\/product\/ride-on-power-trowel-ptr-l100\/#primaryimage"},"image":{"@id":"https:\/\/www.hsymachinery.com\/product\/ride-on-power-trowel-ptr-l100\/#primaryimage"},"thumbnailUrl":"https:\/\/www.hsymachinery.com\/wp-content\/uploads\/2025\/06\/Ride-On-Power-Trowel-PTR-L100.jpg","datePublished":"2025-06-18T13:17:54+00:00","dateModified":"2025-06-28T15:48:37+00:00","description":"PTR-L100-ajettava betonilapio on varustettu Longxin-moottorilla ja 100 cm:n kaksoiskiekolla, joka mahdollistaa nopean ja tasaisen viimeistelyn teollisuusbetonilattioilla.Ajettava betonilapio PTR-L100.","breadcrumb":{"@id":"https:\/\/www.hsymachinery.com\/product\/ride-on-power-trowel-ptr-l100\/#breadcrumb"},"inLanguage":"fi","potentialAction":[{"@type":"ReadAction","target":["https:\/\/www.hsymachinery.com\/product\/ride-on-power-trowel-ptr-l100\/"]}]},{"@type":"ImageObject","inLanguage":"fi","@id":"https:\/\/www.hsymachinery.com\/product\/ride-on-power-trowel-ptr-l100\/#primaryimage","url":"https:\/\/www.hsymachinery.com\/wp-content\/uploads\/2025\/06\/Ride-On-Power-Trowel-PTR-L100.jpg","contentUrl":"https:\/\/www.hsymachinery.com\/wp-content\/uploads\/2025\/06\/Ride-On-Power-Trowel-PTR-L100.jpg","width":800,"height":800},{"@type":"BreadcrumbList","@id":"https:\/\/www.hsymachinery.com\/product\/ride-on-power-trowel-ptr-l100\/#breadcrumb","itemListElement":[{"@type":"ListItem","position":1,"name":"home","item":"https:\/\/www.hsymachinery.com\/"},{"@type":"ListItem","position":2,"name":"products","item":"https:\/\/www.hsymachinery.com\/products\/"},{"@type":"ListItem","position":3,"name":"Ride-On Power Trowel PTR-L100"}]},{"@type":"WebSite","@id":"https:\/\/www.hsymachinery.com\/#website","url":"https:\/\/www.hsymachinery.com\/","name":"HSY Construction Machinery","description":"HSY Machinery - Kiinan johtava rakennuskoneiden toimittaja, joka tarjoaa laajan valikoiman kevyit\u00e4 rakennuskoneita. P\u00e4\u00e4tuotteitamme ovat Rebar Cutting Machine, Rebar Bending Machine, Rebar Stirrup Bending Machine, Rebar Arc Bending Machine, Rebar Straighting Machine, Five-Head Rebar Stirrup Bending Machine, Tamping Rammer, Plate Compactor, Concrete Cutter, Power Trowel ja muut rakennuskoneet. Olemme varustettu kehittyneill\u00e4 CNC-koneilla, ja noudatamme tiukkoja laadunvalvontastandardeja sek\u00e4 kattavaa huoltopalvelua. Jos olet kiinnostunut tuotteistamme tai palveluistamme, toivotamme l\u00e4mpim\u00e4sti tervetulleeksi tiedustelusi viestill\u00e4.","publisher":{"@id":"https:\/\/www.hsymachinery.com\/#organization"},"potentialAction":[{"@type":"SearchAction","target":{"@type":"EntryPoint","urlTemplate":"https:\/\/www.hsymachinery.com\/?s={search_term_string}"},"query-input":{"@type":"PropertyValueSpecification","valueRequired":true,"valueName":"search_term_string"}}],"inLanguage":"fi"},{"@type":"Organization","@id":"https:\/\/www.hsymachinery.com\/#organization","name":"HSY Construction Machinery","url":"https:\/\/www.hsymachinery.com\/","logo":{"@type":"ImageObject","inLanguage":"fi","@id":"https:\/\/www.hsymachinery.com\/#\/schema\/logo\/image\/","url":"https:\/\/www.hsymachinery.com\/wp-content\/uploads\/2025\/06\/cropped-HSY-machinery.png","contentUrl":"https:\/\/www.hsymachinery.com\/wp-content\/uploads\/2025\/06\/cropped-HSY-machinery.png","width":600,"height":240,"caption":"HSY Construction Machinery"},"image":{"@id":"https:\/\/www.hsymachinery.com\/#\/schema\/logo\/image\/"}}]}},"_links":{"self":[{"href":"https:\/\/www.hsymachinery.com\/fi\/wp-json\/wp\/v2\/product\/9229","targetHints":{"allow":["GET"]}}],"collection":[{"href":"https:\/\/www.hsymachinery.com\/fi\/wp-json\/wp\/v2\/product"}],"about":[{"href":"https:\/\/www.hsymachinery.com\/fi\/wp-json\/wp\/v2\/types\/product"}],"version-history":[{"count":2,"href":"https:\/\/www.hsymachinery.com\/fi\/wp-json\/wp\/v2\/product\/9229\/revisions"}],"predecessor-version":[{"id":9622,"href":"https:\/\/www.hsymachinery.com\/fi\/wp-json\/wp\/v2\/product\/9229\/revisions\/9622"}],"wp:featuredmedia":[{"embeddable":true,"href":"https:\/\/www.hsymachinery.com\/fi\/wp-json\/wp\/v2\/media\/9230"}],"wp:attachment":[{"href":"https:\/\/www.hsymachinery.com\/fi\/wp-json\/wp\/v2\/media?parent=9229"}],"wp:term":[{"taxonomy":"product_brand","embeddable":true,"href":"https:\/\/www.hsymachinery.com\/fi\/wp-json\/wp\/v2\/product_brand?post=9229"},{"taxonomy":"product_cat","embeddable":true,"href":"https:\/\/www.hsymachinery.com\/fi\/wp-json\/wp\/v2\/product_cat?post=9229"},{"taxonomy":"product_tag","embeddable":true,"href":"https:\/\/www.hsymachinery.com\/fi\/wp-json\/wp\/v2\/product_tag?post=9229"}],"curies":[{"name":"wp","href":"https:\/\/api.w.org\/{rel}","templated":true}]}}