{"id":9220,"date":"2025-06-18T21:12:28","date_gmt":"2025-06-18T13:12:28","guid":{"rendered":"https:\/\/www.hsymachinery.com\/?post_type=product&#038;p=9220"},"modified":"2025-06-28T23:39:09","modified_gmt":"2025-06-28T15:39:09","slug":"ajeleva-lastauslasta-ptr-l80","status":"publish","type":"product","link":"https:\/\/www.hsymachinery.com\/fi\/tuote\/ajeleva-lastauslasta-ptr-l80\/","title":{"rendered":"Ajettava lastauslasta PTR-L80"},"content":{"rendered":"<h2 data-start=\"139\" data-end=\"175\">Ajettava lastauslasta PTR-L80<\/h2>\n<h3 data-start=\"176\" data-end=\"291\">PTR-L80 Ride-On betonilapio Longxin bensiinimoottorilla | Tehokas lattian viimeistely keskikokoisille laatoille.<\/h3>\n<h3 data-start=\"298\" data-end=\"395\">Tuotekuvaus - Luotettava Longxin-moottorik\u00e4ytt\u00f6inen ajolapio tasaisille betonipinnoille.<a href=\"https:\/\/www.hsymachinery.com\/fi\/tuotteet\/ajelehtiva-lastauslasta\/\" target=\"_blank\" rel=\"noopener\"><img fetchpriority=\"high\" decoding=\"async\" class=\"wp-image-9616 alignright\" src=\"https:\/\/www.hsymachinery.com\/wp-content\/uploads\/2025\/06\/Sitting-Type-Power-Trowel-209x300.jpg\" alt=\"\" width=\"451\" height=\"647\" srcset=\"https:\/\/www.hsymachinery.com\/wp-content\/uploads\/2025\/06\/Sitting-Type-Power-Trowel-209x300.jpg 209w, https:\/\/www.hsymachinery.com\/wp-content\/uploads\/2025\/06\/Sitting-Type-Power-Trowel-713x1024.jpg 713w, https:\/\/www.hsymachinery.com\/wp-content\/uploads\/2025\/06\/Sitting-Type-Power-Trowel-768x1103.jpg 768w, https:\/\/www.hsymachinery.com\/wp-content\/uploads\/2025\/06\/Sitting-Type-Power-Trowel-600x862.jpg 600w, https:\/\/www.hsymachinery.com\/wp-content\/uploads\/2025\/06\/Sitting-Type-Power-Trowel.jpg 800w\" sizes=\"(max-width: 451px) 100vw, 451px\" \/><\/a><\/h3>\n<p data-start=\"397\" data-end=\"689\">The <strong data-start=\"401\" data-end=\"433\">PTR-L80 Ajettava lastauslastain<\/strong> tarjoaa tehokkaan ja toimivan ratkaisun keskikokoisten betonilaattojen viimeistelyyn. Luotettavalla Longxin-bensiinimoottorilla varustettu ajettava tasoituskone tarjoaa tasaisen tehon ja tasaisen toiminnan koko viimeistelyprosessin ajan.<\/p>\n<p data-start=\"691\" data-end=\"1053\">T\u00e4ss\u00e4 mallissa on 80 cm:n kaksoiskiekkoj\u00e4rjestelm\u00e4, joka takaa nopean ja tasaisen pinnan peitt\u00e4vyyden. Ajettava rakenne lis\u00e4\u00e4 k\u00e4ytt\u00e4j\u00e4n mukavuutta ja tuottavuutta, koska k\u00e4ytt\u00e4j\u00e4 voi istua koneen ohjauksen aikana, mik\u00e4 v\u00e4hent\u00e4\u00e4 v\u00e4symyst\u00e4 pitkien ty\u00f6vuorojen aikana. Lis\u00e4ksi herkk\u00e4 ohjausj\u00e4rjestelm\u00e4 mahdollistaa tarkan liikkumisen ahtaissakin tiloissa.<\/p>\n<p data-start=\"1055\" data-end=\"1379\">Lis\u00e4ksi PTR-L80-mallissa on s\u00e4\u00e4dett\u00e4v\u00e4 ter\u00e4n kulmav\u00e4limekanismi. K\u00e4ytt\u00e4j\u00e4t voivat helposti vaihtaa kelluvan ja kiillotustilan v\u00e4lill\u00e4, jolloin jokaiselle betonipinnalle saadaan laadukas viimeistely. Kest\u00e4v\u00e4 runko ja vankka vaihteisto lis\u00e4\u00e4v\u00e4t koneen pitk\u00e4ik\u00e4isyytt\u00e4, joten se on luotettava valinta rakennusalan ammattilaisille.<\/p>\n<p data-start=\"1381\" data-end=\"1639\">Kompaktin kokonsa ja polttoainetehokkuutensa ansiosta PTR-L80 sopii erinomaisesti k\u00e4ytett\u00e4v\u00e4ksi pys\u00e4k\u00f6intialueilla, varastojen lattioilla ja liikerakennuksissa. Se tarjoaa erinomaisia tuloksia urakoitsijoille, jotka tarvitsevat tasapainoa tehon, tarkkuuden ja liikkuvuuden v\u00e4lill\u00e4.<\/p>\n<h3 data-start=\"1646\" data-end=\"1697\">PTR-L80-ajolapion t\u00e4rkeimm\u00e4t ominaisuudet<\/h3>\n<ul data-start=\"1699\" data-end=\"2065\">\n<li data-start=\"1699\" data-end=\"1768\">\n<p data-start=\"1701\" data-end=\"1768\">Varustettu Longxin-bensiinimoottorilla vakaata ja vahvaa tehoa varten.<\/p>\n<\/li>\n<li data-start=\"1769\" data-end=\"1829\">\n<p data-start=\"1771\" data-end=\"1829\">80 cm:n kaksoiskiekkoj\u00e4rjestelm\u00e4 tehokkaaseen viimeistelyyn<\/p>\n<\/li>\n<li data-start=\"1830\" data-end=\"1892\">\n<p data-start=\"1832\" data-end=\"1892\">Ride-on-rakenne lis\u00e4\u00e4 k\u00e4ytt\u00f6mukavuutta ja v\u00e4hent\u00e4\u00e4 v\u00e4symyst\u00e4.<\/p>\n<\/li>\n<li data-start=\"1893\" data-end=\"1951\">\n<p data-start=\"1895\" data-end=\"1951\">S\u00e4\u00e4dett\u00e4v\u00e4 ter\u00e4v\u00e4litys monipuoliseen viimeistelyn hallintaan<\/p>\n<\/li>\n<li data-start=\"1952\" data-end=\"2003\">\n<p data-start=\"1954\" data-end=\"2003\">Reagoiva ohjausj\u00e4rjestelm\u00e4 tarkkaa k\u00e4sittely\u00e4 varten<\/p>\n<\/li>\n<li data-start=\"2004\" data-end=\"2065\">\n<p data-start=\"2006\" data-end=\"2065\">Kest\u00e4v\u00e4 rakenne takaa kest\u00e4vyyden kovilla ty\u00f6mailla<\/p>\n<\/li>\n<\/ul>\n<h3 data-start=\"2072\" data-end=\"2160\">K\u00e4ytt\u00f6kohteet - Soveltuu keskikokoisiin kaupallisiin ja teollisiin betonilaattoihin.<\/h3>\n<p data-start=\"2162\" data-end=\"2431\">PTR-L80 soveltuu erinomaisesti projekteihin, joissa vaaditaan sile\u00e4\u00e4 ja tasaista betonipintaa, kuten kaupallisilla pys\u00e4k\u00f6intialueilla, teollisuusvarastoissa ja keskikokoisissa lattialaatoissa. Sen helppok\u00e4ytt\u00f6isyys ja suorituskyky tekev\u00e4t siit\u00e4 ammattimaisten urakoitsijoiden suositun valinnan.<\/p>\n<p><iframe title=\"lastauslasta,ajettava lastauslasta,k\u00e4sity\u00f6nnett\u00e4v\u00e4 lastauslasta,lastauslasta,betoni\" width=\"720\" height=\"405\" src=\"https:\/\/www.youtube.com\/embed\/f6bzSaqMaws?feature=oembed\" frameborder=\"0\" allow=\"accelerometer; autoplay; clipboard-write; encrypted-media; gyroscope; picture-in-picture; web-share\" referrerpolicy=\"strict-origin-when-cross-origin\" allowfullscreen><\/iframe><\/p>","protected":false},"excerpt":{"rendered":"<p>Longxin-moottorilla varustettu PTR-L80-ajolapio tarjoaa tehokkaan ja mukavan betonin viimeistelyn keskikokoisille laatoille, mik\u00e4 sopii erinomaisesti kaupallisiin ja teollisiin projekteihin.<\/p>","protected":false},"featured_media":9224,"template":"","meta":{"_kad_post_transparent":"default","_kad_post_title":"","_kad_post_layout":"default","_kad_post_sidebar_id":"","_kad_post_content_style":"default","_kad_post_vertical_padding":"default","_kad_post_feature":"","_kad_post_feature_position":"","_kad_post_header":false,"_kad_post_footer":false},"product_brand":[],"product_cat":[58],"product_tag":[1093,1094,1098,1091,1096,1092,1097,1099,1095,1100],"class_list":{"0":"post-9220","1":"product","2":"type-product","3":"status-publish","4":"has-post-thumbnail","6":"product_cat-ride-on-power-trowel","7":"product_tag-concrete-ride-on-trowel","8":"product_tag-concrete-ride-on-trowel-machine","9":"product_tag-concrete-surface-finishing-trowel","10":"product_tag-double-disc-ride-on-power-trowel","11":"product_tag-double-rotor-power-trowel","12":"product_tag-gasoline-ride-on-power-trowel","13":"product_tag-heavy-duty-ride-on-trowel","14":"product_tag-hydraulic-ride-on-trowel","15":"product_tag-ride-on-concrete-finishing-machine","16":"product_tag-ride-on-floor-trowel","18":"first","19":"instock","20":"shipping-taxable","21":"product-type-simple","22":"entry","23":"content-bg","24":"loop-entry"},"yoast_head":"<!-- This site is optimized with the Yoast SEO plugin v25.3.1 - https:\/\/yoast.com\/wordpress\/plugins\/seo\/ -->\n<title>Ride-On Power Trowel PTR-L80 - HSY Construction Machinery<\/title>\n<meta name=\"description\" content=\"PTR-L80 ride-on concrete trowel with Longxin gasoline engine offers reliable power and efficient finishing for medium-sized slabs. Perfect for parking lots and warehouses.\" \/>\n<meta name=\"robots\" content=\"index, follow, max-snippet:-1, max-image-preview:large, max-video-preview:-1\" \/>\n<link rel=\"canonical\" href=\"https:\/\/www.hsymachinery.com\/fi\/tuote\/ajeleva-lastauslasta-ptr-l80\/\" \/>\n<meta property=\"og:locale\" content=\"fi_FI\" \/>\n<meta property=\"og:type\" content=\"article\" \/>\n<meta property=\"og:title\" content=\"Ride-On Power Trowel PTR-L80 - HSY Construction Machinery\" \/>\n<meta property=\"og:description\" content=\"PTR-L80 ride-on concrete trowel with Longxin gasoline engine offers reliable power and efficient finishing for medium-sized slabs. Perfect for parking lots and warehouses.\" \/>\n<meta property=\"og:url\" content=\"https:\/\/www.hsymachinery.com\/fi\/tuote\/ajeleva-lastauslasta-ptr-l80\/\" \/>\n<meta property=\"og:site_name\" content=\"HSY Construction Machinery\" \/>\n<meta property=\"article:modified_time\" content=\"2025-06-28T15:39:09+00:00\" \/>\n<meta property=\"og:image\" content=\"https:\/\/www.hsymachinery.com\/wp-content\/uploads\/2025\/06\/Ride-On-Power-Trowel-PTR-L80.jpg\" \/>\n\t<meta property=\"og:image:width\" content=\"800\" \/>\n\t<meta property=\"og:image:height\" content=\"800\" \/>\n\t<meta property=\"og:image:type\" content=\"image\/jpeg\" \/>\n<meta name=\"twitter:card\" content=\"summary_large_image\" \/>\n<meta name=\"twitter:label1\" content=\"Arvioitu lukuaika\" \/>\n\t<meta name=\"twitter:data1\" content=\"2 minuuttia\" \/>\n<script type=\"application\/ld+json\" class=\"yoast-schema-graph\">{\"@context\":\"https:\/\/schema.org\",\"@graph\":[{\"@type\":\"WebPage\",\"@id\":\"https:\/\/www.hsymachinery.com\/product\/ride-on-power-trowel-ptr-l80\/\",\"url\":\"https:\/\/www.hsymachinery.com\/product\/ride-on-power-trowel-ptr-l80\/\",\"name\":\"Ride-On Power Trowel PTR-L80 - HSY Construction Machinery\",\"isPartOf\":{\"@id\":\"https:\/\/www.hsymachinery.com\/#website\"},\"primaryImageOfPage\":{\"@id\":\"https:\/\/www.hsymachinery.com\/product\/ride-on-power-trowel-ptr-l80\/#primaryimage\"},\"image\":{\"@id\":\"https:\/\/www.hsymachinery.com\/product\/ride-on-power-trowel-ptr-l80\/#primaryimage\"},\"thumbnailUrl\":\"https:\/\/www.hsymachinery.com\/wp-content\/uploads\/2025\/06\/Ride-On-Power-Trowel-PTR-L80.jpg\",\"datePublished\":\"2025-06-18T13:12:28+00:00\",\"dateModified\":\"2025-06-28T15:39:09+00:00\",\"description\":\"PTR-L80 ride-on concrete trowel with Longxin gasoline engine offers reliable power and efficient finishing for medium-sized slabs. Perfect for parking lots and warehouses.\",\"breadcrumb\":{\"@id\":\"https:\/\/www.hsymachinery.com\/product\/ride-on-power-trowel-ptr-l80\/#breadcrumb\"},\"inLanguage\":\"fi\",\"potentialAction\":[{\"@type\":\"ReadAction\",\"target\":[\"https:\/\/www.hsymachinery.com\/product\/ride-on-power-trowel-ptr-l80\/\"]}]},{\"@type\":\"ImageObject\",\"inLanguage\":\"fi\",\"@id\":\"https:\/\/www.hsymachinery.com\/product\/ride-on-power-trowel-ptr-l80\/#primaryimage\",\"url\":\"https:\/\/www.hsymachinery.com\/wp-content\/uploads\/2025\/06\/Ride-On-Power-Trowel-PTR-L80.jpg\",\"contentUrl\":\"https:\/\/www.hsymachinery.com\/wp-content\/uploads\/2025\/06\/Ride-On-Power-Trowel-PTR-L80.jpg\",\"width\":800,\"height\":800},{\"@type\":\"BreadcrumbList\",\"@id\":\"https:\/\/www.hsymachinery.com\/product\/ride-on-power-trowel-ptr-l80\/#breadcrumb\",\"itemListElement\":[{\"@type\":\"ListItem\",\"position\":1,\"name\":\"home\",\"item\":\"https:\/\/www.hsymachinery.com\/\"},{\"@type\":\"ListItem\",\"position\":2,\"name\":\"products\",\"item\":\"https:\/\/www.hsymachinery.com\/products\/\"},{\"@type\":\"ListItem\",\"position\":3,\"name\":\"Ride-On Power Trowel PTR-L80\"}]},{\"@type\":\"WebSite\",\"@id\":\"https:\/\/www.hsymachinery.com\/#website\",\"url\":\"https:\/\/www.hsymachinery.com\/\",\"name\":\"HSY Construction Machinery\",\"description\":\"HSY Machinery \u2013 A leading China construction machinery supplier, offering a wide range of light construction equipment. Our main products include Rebar Cutting Machine, Rebar Bending Machine, Rebar Stirrup Bending Machine, Rebar Arc Bending Machine, Rebar Straightening Machine, Five-Head Rebar Stirrup Bending Machine, Tamping Rammer, Plate Compactor, Concrete Cutter, Power Trowel, and other construction machinery. We are equipped with advanced CNC machines, and we enforce strict quality inspection standards along with comprehensive after-sales service. If you are interested in our products or services, we warmly welcome your inquiries via message.\",\"publisher\":{\"@id\":\"https:\/\/www.hsymachinery.com\/#organization\"},\"potentialAction\":[{\"@type\":\"SearchAction\",\"target\":{\"@type\":\"EntryPoint\",\"urlTemplate\":\"https:\/\/www.hsymachinery.com\/?s={search_term_string}\"},\"query-input\":{\"@type\":\"PropertyValueSpecification\",\"valueRequired\":true,\"valueName\":\"search_term_string\"}}],\"inLanguage\":\"fi\"},{\"@type\":\"Organization\",\"@id\":\"https:\/\/www.hsymachinery.com\/#organization\",\"name\":\"HSY Construction Machinery\",\"url\":\"https:\/\/www.hsymachinery.com\/\",\"logo\":{\"@type\":\"ImageObject\",\"inLanguage\":\"fi\",\"@id\":\"https:\/\/www.hsymachinery.com\/#\/schema\/logo\/image\/\",\"url\":\"https:\/\/www.hsymachinery.com\/wp-content\/uploads\/2025\/06\/cropped-HSY-machinery.png\",\"contentUrl\":\"https:\/\/www.hsymachinery.com\/wp-content\/uploads\/2025\/06\/cropped-HSY-machinery.png\",\"width\":600,\"height\":240,\"caption\":\"HSY Construction Machinery\"},\"image\":{\"@id\":\"https:\/\/www.hsymachinery.com\/#\/schema\/logo\/image\/\"}}]}<\/script>\n<!-- \/ Yoast SEO plugin. -->","yoast_head_json":{"title":"Ajettava lastauslasta PTR-L80 - HSY Rakennuskoneet - HSY Construction Machinery","description":"Longxin-bensiinimoottorilla varustettu PTR-L80-ajettava betonilapio tarjoaa luotettavan tehon ja tehokkaan viimeistelyn keskikokoisille laatoille. T\u00e4ydellinen parkkipaikoille ja varastoihin.","robots":{"index":"index","follow":"follow","max-snippet":"max-snippet:-1","max-image-preview":"max-image-preview:large","max-video-preview":"max-video-preview:-1"},"canonical":"https:\/\/www.hsymachinery.com\/fi\/tuote\/ajeleva-lastauslasta-ptr-l80\/","og_locale":"fi_FI","og_type":"article","og_title":"Ride-On Power Trowel PTR-L80 - HSY Construction Machinery","og_description":"PTR-L80 ride-on concrete trowel with Longxin gasoline engine offers reliable power and efficient finishing for medium-sized slabs. Perfect for parking lots and warehouses.","og_url":"https:\/\/www.hsymachinery.com\/fi\/tuote\/ajeleva-lastauslasta-ptr-l80\/","og_site_name":"HSY Construction Machinery","article_modified_time":"2025-06-28T15:39:09+00:00","og_image":[{"width":800,"height":800,"url":"https:\/\/www.hsymachinery.com\/wp-content\/uploads\/2025\/06\/Ride-On-Power-Trowel-PTR-L80.jpg","type":"image\/jpeg"}],"twitter_card":"summary_large_image","twitter_misc":{"Arvioitu lukuaika":"2 minuuttia"},"schema":{"@context":"https:\/\/schema.org","@graph":[{"@type":"WebPage","@id":"https:\/\/www.hsymachinery.com\/product\/ride-on-power-trowel-ptr-l80\/","url":"https:\/\/www.hsymachinery.com\/product\/ride-on-power-trowel-ptr-l80\/","name":"Ajettava lastauslasta PTR-L80 - HSY Rakennuskoneet - HSY Construction Machinery","isPartOf":{"@id":"https:\/\/www.hsymachinery.com\/#website"},"primaryImageOfPage":{"@id":"https:\/\/www.hsymachinery.com\/product\/ride-on-power-trowel-ptr-l80\/#primaryimage"},"image":{"@id":"https:\/\/www.hsymachinery.com\/product\/ride-on-power-trowel-ptr-l80\/#primaryimage"},"thumbnailUrl":"https:\/\/www.hsymachinery.com\/wp-content\/uploads\/2025\/06\/Ride-On-Power-Trowel-PTR-L80.jpg","datePublished":"2025-06-18T13:12:28+00:00","dateModified":"2025-06-28T15:39:09+00:00","description":"Longxin-bensiinimoottorilla varustettu PTR-L80-ajettava betonilapio tarjoaa luotettavan tehon ja tehokkaan viimeistelyn keskikokoisille laatoille. T\u00e4ydellinen parkkipaikoille ja varastoihin.","breadcrumb":{"@id":"https:\/\/www.hsymachinery.com\/product\/ride-on-power-trowel-ptr-l80\/#breadcrumb"},"inLanguage":"fi","potentialAction":[{"@type":"ReadAction","target":["https:\/\/www.hsymachinery.com\/product\/ride-on-power-trowel-ptr-l80\/"]}]},{"@type":"ImageObject","inLanguage":"fi","@id":"https:\/\/www.hsymachinery.com\/product\/ride-on-power-trowel-ptr-l80\/#primaryimage","url":"https:\/\/www.hsymachinery.com\/wp-content\/uploads\/2025\/06\/Ride-On-Power-Trowel-PTR-L80.jpg","contentUrl":"https:\/\/www.hsymachinery.com\/wp-content\/uploads\/2025\/06\/Ride-On-Power-Trowel-PTR-L80.jpg","width":800,"height":800},{"@type":"BreadcrumbList","@id":"https:\/\/www.hsymachinery.com\/product\/ride-on-power-trowel-ptr-l80\/#breadcrumb","itemListElement":[{"@type":"ListItem","position":1,"name":"home","item":"https:\/\/www.hsymachinery.com\/"},{"@type":"ListItem","position":2,"name":"products","item":"https:\/\/www.hsymachinery.com\/products\/"},{"@type":"ListItem","position":3,"name":"Ride-On Power Trowel PTR-L80"}]},{"@type":"WebSite","@id":"https:\/\/www.hsymachinery.com\/#website","url":"https:\/\/www.hsymachinery.com\/","name":"HSY Construction Machinery","description":"HSY Machinery - Kiinan johtava rakennuskoneiden toimittaja, joka tarjoaa laajan valikoiman kevyit\u00e4 rakennuskoneita. P\u00e4\u00e4tuotteitamme ovat Rebar Cutting Machine, Rebar Bending Machine, Rebar Stirrup Bending Machine, Rebar Arc Bending Machine, Rebar Straighting Machine, Five-Head Rebar Stirrup Bending Machine, Tamping Rammer, Plate Compactor, Concrete Cutter, Power Trowel ja muut rakennuskoneet. Olemme varustettu kehittyneill\u00e4 CNC-koneilla, ja noudatamme tiukkoja laadunvalvontastandardeja sek\u00e4 kattavaa huoltopalvelua. Jos olet kiinnostunut tuotteistamme tai palveluistamme, toivotamme l\u00e4mpim\u00e4sti tervetulleeksi tiedustelusi viestill\u00e4.","publisher":{"@id":"https:\/\/www.hsymachinery.com\/#organization"},"potentialAction":[{"@type":"SearchAction","target":{"@type":"EntryPoint","urlTemplate":"https:\/\/www.hsymachinery.com\/?s={search_term_string}"},"query-input":{"@type":"PropertyValueSpecification","valueRequired":true,"valueName":"search_term_string"}}],"inLanguage":"fi"},{"@type":"Organization","@id":"https:\/\/www.hsymachinery.com\/#organization","name":"HSY Construction Machinery","url":"https:\/\/www.hsymachinery.com\/","logo":{"@type":"ImageObject","inLanguage":"fi","@id":"https:\/\/www.hsymachinery.com\/#\/schema\/logo\/image\/","url":"https:\/\/www.hsymachinery.com\/wp-content\/uploads\/2025\/06\/cropped-HSY-machinery.png","contentUrl":"https:\/\/www.hsymachinery.com\/wp-content\/uploads\/2025\/06\/cropped-HSY-machinery.png","width":600,"height":240,"caption":"HSY Construction Machinery"},"image":{"@id":"https:\/\/www.hsymachinery.com\/#\/schema\/logo\/image\/"}}]}},"_links":{"self":[{"href":"https:\/\/www.hsymachinery.com\/fi\/wp-json\/wp\/v2\/product\/9220","targetHints":{"allow":["GET"]}}],"collection":[{"href":"https:\/\/www.hsymachinery.com\/fi\/wp-json\/wp\/v2\/product"}],"about":[{"href":"https:\/\/www.hsymachinery.com\/fi\/wp-json\/wp\/v2\/types\/product"}],"version-history":[{"count":3,"href":"https:\/\/www.hsymachinery.com\/fi\/wp-json\/wp\/v2\/product\/9220\/revisions"}],"predecessor-version":[{"id":9618,"href":"https:\/\/www.hsymachinery.com\/fi\/wp-json\/wp\/v2\/product\/9220\/revisions\/9618"}],"wp:featuredmedia":[{"embeddable":true,"href":"https:\/\/www.hsymachinery.com\/fi\/wp-json\/wp\/v2\/media\/9224"}],"wp:attachment":[{"href":"https:\/\/www.hsymachinery.com\/fi\/wp-json\/wp\/v2\/media?parent=9220"}],"wp:term":[{"taxonomy":"product_brand","embeddable":true,"href":"https:\/\/www.hsymachinery.com\/fi\/wp-json\/wp\/v2\/product_brand?post=9220"},{"taxonomy":"product_cat","embeddable":true,"href":"https:\/\/www.hsymachinery.com\/fi\/wp-json\/wp\/v2\/product_cat?post=9220"},{"taxonomy":"product_tag","embeddable":true,"href":"https:\/\/www.hsymachinery.com\/fi\/wp-json\/wp\/v2\/product_tag?post=9220"}],"curies":[{"name":"wp","href":"https:\/\/api.w.org\/{rel}","templated":true}]}}