{"id":9214,"date":"2025-06-18T20:39:37","date_gmt":"2025-06-18T12:39:37","guid":{"rendered":"https:\/\/www.hsymachinery.com\/?post_type=product&#038;p=9214"},"modified":"2025-06-28T23:18:26","modified_gmt":"2025-06-28T15:18:26","slug":"kaveleva-lastauslasta-pth-h100b","status":"publish","type":"product","link":"https:\/\/www.hsymachinery.com\/fi\/tuote\/kaveleva-lastauslasta-pth-h100b\/","title":{"rendered":"K\u00e4velytasoitin PTH-H100B"},"content":{"rendered":"<h2 data-start=\"166\" data-end=\"208\">K\u00e4velytasoitin PTH-H100B<\/h2>\n<h3 data-start=\"209\" data-end=\"322\">PTH-H100B bensiini betonilapio | Honda-moottori | Tarkka pintak\u00e4sittely suurille betonilaatoille<\/h3>\n<h3 data-start=\"329\" data-end=\"437\">Tuotekuvaus - Honda-k\u00e4ytt\u00f6inen viimeistelylastauslasta erinomaisen suorituskyvyn saavuttamiseksi suurilla betonialueilla<a href=\"https:\/\/www.hsymachinery.com\/fi\/tuotteet\/kulkemaan-lastauslastan-takana\/\" target=\"_blank\" rel=\"noopener\"><img fetchpriority=\"high\" decoding=\"async\" class=\"wp-image-9215 alignright\" src=\"https:\/\/www.hsymachinery.com\/wp-content\/uploads\/2025\/06\/Walk-Behind-Power-Trowel-PTH-H100B-244x300.jpg\" alt=\"\" width=\"455\" height=\"559\" srcset=\"https:\/\/www.hsymachinery.com\/wp-content\/uploads\/2025\/06\/Walk-Behind-Power-Trowel-PTH-H100B-244x300.jpg 244w, https:\/\/www.hsymachinery.com\/wp-content\/uploads\/2025\/06\/Walk-Behind-Power-Trowel-PTH-H100B.jpg 600w\" sizes=\"(max-width: 455px) 100vw, 455px\" \/><\/a><\/h3>\n<p data-start=\"439\" data-end=\"790\">The <strong data-start=\"443\" data-end=\"481\">PTH-H100B K\u00e4velykelpoinen lastauslasta<\/strong> on raskas betonin viimeistelykone, jonka voimanl\u00e4hteen\u00e4 on vankka ja polttoainetehokas Honda-bensiinimoottori. T\u00e4ss\u00e4 suuriin laattaprojekteihin suunnitellussa mallissa yhdistyv\u00e4t teho, tarkkuus ja kest\u00e4vyys, mik\u00e4 tekee siit\u00e4 huippuvalinnan ammattimaisille urakoitsijoille, jotka etsiv\u00e4t virheett\u00f6mi\u00e4 betonipintoja.<\/p>\n<p data-start=\"792\" data-end=\"1164\">PTH-H100B:ll\u00e4 on 100 cm:n l\u00e4pimitta, joten se mahdollistaa laajojen alueiden viimeistelyn lyhyemm\u00e4ss\u00e4 ajassa. Sen s\u00e4\u00e4dett\u00e4v\u00e4n ter\u00e4v\u00e4lin avulla voit helposti siirty\u00e4 kelluvasta tasoituksesta kiillotukseen, jolloin saat tasaisen tuloksen jokaisella kerralla. Vahvistettu vaihdelaatikko ja lujat ter\u00e4varret takaavat pitk\u00e4aikaisen luotettavuuden my\u00f6s vaikeissa ty\u00f6maaolosuhteissa.<\/p>\n<p data-start=\"1166\" data-end=\"1499\">Lis\u00e4ksi Honda-moottori takaa tasaisen ja vakaan toiminnan, pienemm\u00e4t p\u00e4\u00e4st\u00f6t ja paremman polttoainetehokkuuden. T\u00e4rin\u00e4\u00e4 v\u00e4hent\u00e4vill\u00e4 kahvoilla varustettu ergonominen kahvamalli auttaa v\u00e4hent\u00e4m\u00e4\u00e4n k\u00e4ytt\u00e4j\u00e4n v\u00e4symist\u00e4 pitkien ty\u00f6vuorojen aikana, ja kokoontaitettava kahvarakenne tekee kuljetuksesta ja varastoinnista helpompaa.<\/p>\n<p data-start=\"1501\" data-end=\"1698\">T\u00e4m\u00e4 malli toimii poikkeuksellisen hyvin tehtaan lattioissa, suurissa ulkolaatoissa, kaupallisissa perustuksissa ja pys\u00e4k\u00f6intirakennuksissa, joissa lujuus ja viimeistelyn johdonmukaisuus ovat v\u00e4ltt\u00e4m\u00e4tt\u00f6mi\u00e4.<\/p>\n<h3 data-start=\"1705\" data-end=\"1759\">PTH-H100B betonitehostelulaikan t\u00e4rkeimm\u00e4t ominaisuudet<\/h3>\n<ul data-start=\"1761\" data-end=\"2125\">\n<li data-start=\"1761\" data-end=\"1823\">\n<p data-start=\"1763\" data-end=\"1823\">Varustettu tehokkaalla Honda-moottorilla vakaata suorituskyky\u00e4 varten<\/p>\n<\/li>\n<li data-start=\"1824\" data-end=\"1892\">\n<p data-start=\"1826\" data-end=\"1892\">100 cm ter\u00e4n halkaisija nopeaan peitt\u00e4vyyteen ja tasaiseen viimeistelyyn<\/p>\n<\/li>\n<li data-start=\"1893\" data-end=\"1954\">\n<p data-start=\"1895\" data-end=\"1954\">S\u00e4\u00e4dett\u00e4v\u00e4 ter\u00e4n korkeusasema pintarakenteen hallintaa varten.<\/p>\n<\/li>\n<li data-start=\"1955\" data-end=\"2008\">\n<p data-start=\"1957\" data-end=\"2008\">Ergonominen, t\u00e4rin\u00e4\u00e4 est\u00e4v\u00e4 kahva k\u00e4ytt\u00f6mukavuutta varten<\/p>\n<\/li>\n<li data-start=\"2009\" data-end=\"2065\">\n<p data-start=\"2011\" data-end=\"2065\">Kest\u00e4v\u00e4 rakenne, jossa on vahvistettu vaihdelaatikko ja varret.<\/p>\n<\/li>\n<li data-start=\"2066\" data-end=\"2125\">\n<p data-start=\"2068\" data-end=\"2125\">Paras teollisuuden ja kaupan laatan viimeistelyteht\u00e4viin<\/p>\n<\/li>\n<\/ul>\n<h3 data-start=\"2132\" data-end=\"2212\">K\u00e4ytt\u00f6kohteet - sopii erinomaisesti tehtaisiin, ajoteille, varastoihin ja parkkipaikoille.<\/h3>\n<p data-start=\"2214\" data-end=\"2481\">PTH-H100B on ihanteellinen ammattilaisille, jotka ty\u00f6skentelev\u00e4t suurten betonilattioiden parissa teollisissa tai kaupallisissa tiloissa. Moottorin suorituskyky ja laaja peittoalue tekev\u00e4t siit\u00e4 sopivan betonin suurten m\u00e4\u00e4rien viimeistelyyn tiukkojen m\u00e4\u00e4r\u00e4aikojen ja laatuvaatimusten mukaisesti.<\/p>\n<p><iframe title=\"lastauslasta, k\u00e4sity\u00f6nt\u00f6voima lastauslasta, lastauslasta, betoni #lastauslasta #powertrowe#concrete\" width=\"720\" height=\"405\" src=\"https:\/\/www.youtube.com\/embed\/pa6AuNhMrwI?feature=oembed\" frameborder=\"0\" allow=\"accelerometer; autoplay; clipboard-write; encrypted-media; gyroscope; picture-in-picture; web-share\" referrerpolicy=\"strict-origin-when-cross-origin\" allowfullscreen><\/iframe><\/p>","protected":false},"excerpt":{"rendered":"<p>PTH-H100B Honda-tehoh\u00f6yl\u00e4 100 cm:n ter\u00e4ll\u00e4 tarjoaa tasaisen ja kest\u00e4v\u00e4n viimeistelyn suurille betonilaatoille. Sopii erinomaisesti tehtaisiin, varastoihin ja pys\u00e4k\u00f6intialueille.<\/p>","protected":false},"featured_media":9215,"template":"","meta":{"_kad_post_transparent":"default","_kad_post_title":"","_kad_post_layout":"default","_kad_post_sidebar_id":"","_kad_post_content_style":"default","_kad_post_vertical_padding":"default","_kad_post_feature":"","_kad_post_feature_position":"","_kad_post_header":false,"_kad_post_footer":false},"product_brand":[],"product_cat":[55],"product_tag":[1084,1083,1087,1081,1086,1085,1089,1088,1090,1082],"class_list":{"0":"post-9214","1":"product","2":"type-product","3":"status-publish","4":"has-post-thumbnail","6":"product_cat-walk-behind-power-trowel","7":"product_tag-cement-power-trowel","8":"product_tag-concrete-finishing-trowel","9":"product_tag-concrete-floor-finishing-machine","10":"product_tag-concrete-power-trowel","11":"product_tag-electric-walk-behind-trowel","12":"product_tag-gasoline-power-trowel","13":"product_tag-hand-operated-power-trowel","14":"product_tag-manual-power-trowel","15":"product_tag-walk-behind-concrete-finishing-machine","16":"product_tag-walk-behind-trowel-machine","18":"first","19":"instock","20":"shipping-taxable","21":"product-type-simple","22":"entry","23":"content-bg","24":"loop-entry"},"yoast_head":"<!-- This site is optimized with the Yoast SEO plugin v25.3.1 - https:\/\/yoast.com\/wordpress\/plugins\/seo\/ -->\n<title>Walk-Behind Power Trowel PTH-H100B - HSY Construction Machinery<\/title>\n<meta name=\"description\" content=\"PTH-H100B walk-behind concrete trowel with Honda engine offers wide 100 cm coverage, fuel efficiency, and durable performance for industrial concrete finishing.Walk-Behind Power Trowel PTH-H100B\" \/>\n<meta name=\"robots\" content=\"index, follow, max-snippet:-1, max-image-preview:large, max-video-preview:-1\" \/>\n<link rel=\"canonical\" href=\"https:\/\/www.hsymachinery.com\/fi\/tuote\/kaveleva-lastauslasta-pth-h100b\/\" \/>\n<meta property=\"og:locale\" content=\"fi_FI\" \/>\n<meta property=\"og:type\" content=\"article\" \/>\n<meta property=\"og:title\" content=\"Walk-Behind Power Trowel PTH-H100B - HSY Construction Machinery\" \/>\n<meta property=\"og:description\" content=\"PTH-H100B walk-behind concrete trowel with Honda engine offers wide 100 cm coverage, fuel efficiency, and durable performance for industrial concrete finishing.Walk-Behind Power Trowel PTH-H100B\" \/>\n<meta property=\"og:url\" content=\"https:\/\/www.hsymachinery.com\/fi\/tuote\/kaveleva-lastauslasta-pth-h100b\/\" \/>\n<meta property=\"og:site_name\" content=\"HSY Construction Machinery\" \/>\n<meta property=\"article:modified_time\" content=\"2025-06-28T15:18:26+00:00\" \/>\n<meta property=\"og:image\" content=\"https:\/\/www.hsymachinery.com\/wp-content\/uploads\/2025\/06\/Walk-Behind-Power-Trowel-PTH-H100B.jpg\" \/>\n\t<meta property=\"og:image:width\" content=\"600\" \/>\n\t<meta property=\"og:image:height\" content=\"738\" \/>\n\t<meta property=\"og:image:type\" content=\"image\/jpeg\" \/>\n<meta name=\"twitter:card\" content=\"summary_large_image\" \/>\n<meta name=\"twitter:label1\" content=\"Arvioitu lukuaika\" \/>\n\t<meta name=\"twitter:data1\" content=\"2 minuuttia\" \/>\n<script type=\"application\/ld+json\" class=\"yoast-schema-graph\">{\"@context\":\"https:\/\/schema.org\",\"@graph\":[{\"@type\":\"WebPage\",\"@id\":\"https:\/\/www.hsymachinery.com\/product\/walk-behind-power-trowel-pth-h100b\/\",\"url\":\"https:\/\/www.hsymachinery.com\/product\/walk-behind-power-trowel-pth-h100b\/\",\"name\":\"Walk-Behind Power Trowel PTH-H100B - HSY Construction Machinery\",\"isPartOf\":{\"@id\":\"https:\/\/www.hsymachinery.com\/#website\"},\"primaryImageOfPage\":{\"@id\":\"https:\/\/www.hsymachinery.com\/product\/walk-behind-power-trowel-pth-h100b\/#primaryimage\"},\"image\":{\"@id\":\"https:\/\/www.hsymachinery.com\/product\/walk-behind-power-trowel-pth-h100b\/#primaryimage\"},\"thumbnailUrl\":\"https:\/\/www.hsymachinery.com\/wp-content\/uploads\/2025\/06\/Walk-Behind-Power-Trowel-PTH-H100B.jpg\",\"datePublished\":\"2025-06-18T12:39:37+00:00\",\"dateModified\":\"2025-06-28T15:18:26+00:00\",\"description\":\"PTH-H100B walk-behind concrete trowel with Honda engine offers wide 100 cm coverage, fuel efficiency, and durable performance for industrial concrete finishing.Walk-Behind Power Trowel PTH-H100B\",\"breadcrumb\":{\"@id\":\"https:\/\/www.hsymachinery.com\/product\/walk-behind-power-trowel-pth-h100b\/#breadcrumb\"},\"inLanguage\":\"fi\",\"potentialAction\":[{\"@type\":\"ReadAction\",\"target\":[\"https:\/\/www.hsymachinery.com\/product\/walk-behind-power-trowel-pth-h100b\/\"]}]},{\"@type\":\"ImageObject\",\"inLanguage\":\"fi\",\"@id\":\"https:\/\/www.hsymachinery.com\/product\/walk-behind-power-trowel-pth-h100b\/#primaryimage\",\"url\":\"https:\/\/www.hsymachinery.com\/wp-content\/uploads\/2025\/06\/Walk-Behind-Power-Trowel-PTH-H100B.jpg\",\"contentUrl\":\"https:\/\/www.hsymachinery.com\/wp-content\/uploads\/2025\/06\/Walk-Behind-Power-Trowel-PTH-H100B.jpg\",\"width\":600,\"height\":738},{\"@type\":\"BreadcrumbList\",\"@id\":\"https:\/\/www.hsymachinery.com\/product\/walk-behind-power-trowel-pth-h100b\/#breadcrumb\",\"itemListElement\":[{\"@type\":\"ListItem\",\"position\":1,\"name\":\"home\",\"item\":\"https:\/\/www.hsymachinery.com\/\"},{\"@type\":\"ListItem\",\"position\":2,\"name\":\"products\",\"item\":\"https:\/\/www.hsymachinery.com\/products\/\"},{\"@type\":\"ListItem\",\"position\":3,\"name\":\"Walk-Behind Power Trowel PTH-H100B\"}]},{\"@type\":\"WebSite\",\"@id\":\"https:\/\/www.hsymachinery.com\/#website\",\"url\":\"https:\/\/www.hsymachinery.com\/\",\"name\":\"HSY Construction Machinery\",\"description\":\"HSY Machinery \u2013 A leading China construction machinery supplier, offering a wide range of light construction equipment. Our main products include Rebar Cutting Machine, Rebar Bending Machine, Rebar Stirrup Bending Machine, Rebar Arc Bending Machine, Rebar Straightening Machine, Five-Head Rebar Stirrup Bending Machine, Tamping Rammer, Plate Compactor, Concrete Cutter, Power Trowel, and other construction machinery. We are equipped with advanced CNC machines, and we enforce strict quality inspection standards along with comprehensive after-sales service. If you are interested in our products or services, we warmly welcome your inquiries via message.\",\"publisher\":{\"@id\":\"https:\/\/www.hsymachinery.com\/#organization\"},\"potentialAction\":[{\"@type\":\"SearchAction\",\"target\":{\"@type\":\"EntryPoint\",\"urlTemplate\":\"https:\/\/www.hsymachinery.com\/?s={search_term_string}\"},\"query-input\":{\"@type\":\"PropertyValueSpecification\",\"valueRequired\":true,\"valueName\":\"search_term_string\"}}],\"inLanguage\":\"fi\"},{\"@type\":\"Organization\",\"@id\":\"https:\/\/www.hsymachinery.com\/#organization\",\"name\":\"HSY Construction Machinery\",\"url\":\"https:\/\/www.hsymachinery.com\/\",\"logo\":{\"@type\":\"ImageObject\",\"inLanguage\":\"fi\",\"@id\":\"https:\/\/www.hsymachinery.com\/#\/schema\/logo\/image\/\",\"url\":\"https:\/\/www.hsymachinery.com\/wp-content\/uploads\/2025\/06\/cropped-HSY-machinery.png\",\"contentUrl\":\"https:\/\/www.hsymachinery.com\/wp-content\/uploads\/2025\/06\/cropped-HSY-machinery.png\",\"width\":600,\"height\":240,\"caption\":\"HSY Construction Machinery\"},\"image\":{\"@id\":\"https:\/\/www.hsymachinery.com\/#\/schema\/logo\/image\/\"}}]}<\/script>\n<!-- \/ Yoast SEO plugin. -->","yoast_head_json":{"title":"K\u00e4velytasoitin PTH-H100B - HSY Rakennuskoneet - HSY Construction Machinery","description":"PTH-H100B k\u00e4velev\u00e4 betonilapio Honda-moottorilla tarjoaa laajan 100 cm:n peittoalueen, polttoainetehokkuuden ja kest\u00e4v\u00e4n suorituskyvyn betonin viimeistelyyn teollisuudessa.Walk-Behind Power Trowel PTH-H100B","robots":{"index":"index","follow":"follow","max-snippet":"max-snippet:-1","max-image-preview":"max-image-preview:large","max-video-preview":"max-video-preview:-1"},"canonical":"https:\/\/www.hsymachinery.com\/fi\/tuote\/kaveleva-lastauslasta-pth-h100b\/","og_locale":"fi_FI","og_type":"article","og_title":"Walk-Behind Power Trowel PTH-H100B - HSY Construction Machinery","og_description":"PTH-H100B walk-behind concrete trowel with Honda engine offers wide 100 cm coverage, fuel efficiency, and durable performance for industrial concrete finishing.Walk-Behind Power Trowel PTH-H100B","og_url":"https:\/\/www.hsymachinery.com\/fi\/tuote\/kaveleva-lastauslasta-pth-h100b\/","og_site_name":"HSY Construction Machinery","article_modified_time":"2025-06-28T15:18:26+00:00","og_image":[{"width":600,"height":738,"url":"https:\/\/www.hsymachinery.com\/wp-content\/uploads\/2025\/06\/Walk-Behind-Power-Trowel-PTH-H100B.jpg","type":"image\/jpeg"}],"twitter_card":"summary_large_image","twitter_misc":{"Arvioitu lukuaika":"2 minuuttia"},"schema":{"@context":"https:\/\/schema.org","@graph":[{"@type":"WebPage","@id":"https:\/\/www.hsymachinery.com\/product\/walk-behind-power-trowel-pth-h100b\/","url":"https:\/\/www.hsymachinery.com\/product\/walk-behind-power-trowel-pth-h100b\/","name":"K\u00e4velytasoitin PTH-H100B - HSY Rakennuskoneet - HSY Construction Machinery","isPartOf":{"@id":"https:\/\/www.hsymachinery.com\/#website"},"primaryImageOfPage":{"@id":"https:\/\/www.hsymachinery.com\/product\/walk-behind-power-trowel-pth-h100b\/#primaryimage"},"image":{"@id":"https:\/\/www.hsymachinery.com\/product\/walk-behind-power-trowel-pth-h100b\/#primaryimage"},"thumbnailUrl":"https:\/\/www.hsymachinery.com\/wp-content\/uploads\/2025\/06\/Walk-Behind-Power-Trowel-PTH-H100B.jpg","datePublished":"2025-06-18T12:39:37+00:00","dateModified":"2025-06-28T15:18:26+00:00","description":"PTH-H100B k\u00e4velev\u00e4 betonilapio Honda-moottorilla tarjoaa laajan 100 cm:n peittoalueen, polttoainetehokkuuden ja kest\u00e4v\u00e4n suorituskyvyn betonin viimeistelyyn teollisuudessa.Walk-Behind Power Trowel PTH-H100B","breadcrumb":{"@id":"https:\/\/www.hsymachinery.com\/product\/walk-behind-power-trowel-pth-h100b\/#breadcrumb"},"inLanguage":"fi","potentialAction":[{"@type":"ReadAction","target":["https:\/\/www.hsymachinery.com\/product\/walk-behind-power-trowel-pth-h100b\/"]}]},{"@type":"ImageObject","inLanguage":"fi","@id":"https:\/\/www.hsymachinery.com\/product\/walk-behind-power-trowel-pth-h100b\/#primaryimage","url":"https:\/\/www.hsymachinery.com\/wp-content\/uploads\/2025\/06\/Walk-Behind-Power-Trowel-PTH-H100B.jpg","contentUrl":"https:\/\/www.hsymachinery.com\/wp-content\/uploads\/2025\/06\/Walk-Behind-Power-Trowel-PTH-H100B.jpg","width":600,"height":738},{"@type":"BreadcrumbList","@id":"https:\/\/www.hsymachinery.com\/product\/walk-behind-power-trowel-pth-h100b\/#breadcrumb","itemListElement":[{"@type":"ListItem","position":1,"name":"home","item":"https:\/\/www.hsymachinery.com\/"},{"@type":"ListItem","position":2,"name":"products","item":"https:\/\/www.hsymachinery.com\/products\/"},{"@type":"ListItem","position":3,"name":"Walk-Behind Power Trowel PTH-H100B"}]},{"@type":"WebSite","@id":"https:\/\/www.hsymachinery.com\/#website","url":"https:\/\/www.hsymachinery.com\/","name":"HSY Construction Machinery","description":"HSY Machinery - Kiinan johtava rakennuskoneiden toimittaja, joka tarjoaa laajan valikoiman kevyit\u00e4 rakennuskoneita. P\u00e4\u00e4tuotteitamme ovat Rebar Cutting Machine, Rebar Bending Machine, Rebar Stirrup Bending Machine, Rebar Arc Bending Machine, Rebar Straighting Machine, Five-Head Rebar Stirrup Bending Machine, Tamping Rammer, Plate Compactor, Concrete Cutter, Power Trowel ja muut rakennuskoneet. Olemme varustettu kehittyneill\u00e4 CNC-koneilla, ja noudatamme tiukkoja laadunvalvontastandardeja sek\u00e4 kattavaa huoltopalvelua. Jos olet kiinnostunut tuotteistamme tai palveluistamme, toivotamme l\u00e4mpim\u00e4sti tervetulleeksi tiedustelusi viestill\u00e4.","publisher":{"@id":"https:\/\/www.hsymachinery.com\/#organization"},"potentialAction":[{"@type":"SearchAction","target":{"@type":"EntryPoint","urlTemplate":"https:\/\/www.hsymachinery.com\/?s={search_term_string}"},"query-input":{"@type":"PropertyValueSpecification","valueRequired":true,"valueName":"search_term_string"}}],"inLanguage":"fi"},{"@type":"Organization","@id":"https:\/\/www.hsymachinery.com\/#organization","name":"HSY Construction Machinery","url":"https:\/\/www.hsymachinery.com\/","logo":{"@type":"ImageObject","inLanguage":"fi","@id":"https:\/\/www.hsymachinery.com\/#\/schema\/logo\/image\/","url":"https:\/\/www.hsymachinery.com\/wp-content\/uploads\/2025\/06\/cropped-HSY-machinery.png","contentUrl":"https:\/\/www.hsymachinery.com\/wp-content\/uploads\/2025\/06\/cropped-HSY-machinery.png","width":600,"height":240,"caption":"HSY Construction Machinery"},"image":{"@id":"https:\/\/www.hsymachinery.com\/#\/schema\/logo\/image\/"}}]}},"_links":{"self":[{"href":"https:\/\/www.hsymachinery.com\/fi\/wp-json\/wp\/v2\/product\/9214","targetHints":{"allow":["GET"]}}],"collection":[{"href":"https:\/\/www.hsymachinery.com\/fi\/wp-json\/wp\/v2\/product"}],"about":[{"href":"https:\/\/www.hsymachinery.com\/fi\/wp-json\/wp\/v2\/types\/product"}],"version-history":[{"count":3,"href":"https:\/\/www.hsymachinery.com\/fi\/wp-json\/wp\/v2\/product\/9214\/revisions"}],"predecessor-version":[{"id":9608,"href":"https:\/\/www.hsymachinery.com\/fi\/wp-json\/wp\/v2\/product\/9214\/revisions\/9608"}],"wp:featuredmedia":[{"embeddable":true,"href":"https:\/\/www.hsymachinery.com\/fi\/wp-json\/wp\/v2\/media\/9215"}],"wp:attachment":[{"href":"https:\/\/www.hsymachinery.com\/fi\/wp-json\/wp\/v2\/media?parent=9214"}],"wp:term":[{"taxonomy":"product_brand","embeddable":true,"href":"https:\/\/www.hsymachinery.com\/fi\/wp-json\/wp\/v2\/product_brand?post=9214"},{"taxonomy":"product_cat","embeddable":true,"href":"https:\/\/www.hsymachinery.com\/fi\/wp-json\/wp\/v2\/product_cat?post=9214"},{"taxonomy":"product_tag","embeddable":true,"href":"https:\/\/www.hsymachinery.com\/fi\/wp-json\/wp\/v2\/product_tag?post=9214"}],"curies":[{"name":"wp","href":"https:\/\/api.w.org\/{rel}","templated":true}]}}