{"id":9199,"date":"2025-06-18T20:30:49","date_gmt":"2025-06-18T12:30:49","guid":{"rendered":"https:\/\/www.hsymachinery.com\/?post_type=product&#038;p=9199"},"modified":"2025-06-28T22:59:07","modified_gmt":"2025-06-28T14:59:07","slug":"kavella-taaksepain-teholapio-pth-d60-90","status":"publish","type":"product","link":"https:\/\/www.hsymachinery.com\/fi\/tuote\/kavella-taaksepain-teholapio-pth-d60-90\/","title":{"rendered":"K\u00e4velykelpoinen lastauslasta PTH-D60\/90"},"content":{"rendered":"<h2 data-start=\"149\" data-end=\"192\">K\u00e4velykelpoinen lastauslasta PTH-D60\/90<\/h2>\n<h3 data-start=\"193\" data-end=\"293\">PTH-D60\/90 S\u00e4hk\u00f6inen lastauslasta | Ymp\u00e4rist\u00f6yst\u00e4v\u00e4llinen ja hiljainen ratkaisu betonin viimeistelyyn sis\u00e4tiloissa.<\/h3>\n<h3 data-start=\"300\" data-end=\"394\">Tuotekuvaus - Kompakti s\u00e4hk\u00f6inen betonilapio sis\u00e4tiloihin ja suljettuihin projekteihin<a href=\"https:\/\/www.hsymachinery.com\/fi\/tuotteet\/kulkemaan-lastauslastan-takana\/\" target=\"_blank\" rel=\"noopener\"><img fetchpriority=\"high\" decoding=\"async\" class=\"wp-image-9200 alignright\" src=\"https:\/\/www.hsymachinery.com\/wp-content\/uploads\/2025\/06\/Walk-Behind-Power-Trowel-PTH-D60-244x300.jpg\" alt=\"\" width=\"452\" height=\"556\" srcset=\"https:\/\/www.hsymachinery.com\/wp-content\/uploads\/2025\/06\/Walk-Behind-Power-Trowel-PTH-D60-244x300.jpg 244w, https:\/\/www.hsymachinery.com\/wp-content\/uploads\/2025\/06\/Walk-Behind-Power-Trowel-PTH-D60.jpg 600w\" sizes=\"(max-width: 452px) 100vw, 452px\" \/><\/a><\/h3>\n<p data-start=\"396\" data-end=\"794\">The <strong data-start=\"400\" data-end=\"439\">PTH-D60\/90 K\u00e4velykelpoinen lastauslasta<\/strong> on pienikokoinen betonipintojen viimeistelykone, joka toimii s\u00e4hk\u00f6moottorilla, joten se soveltuu erinomaisesti k\u00e4ytett\u00e4v\u00e4ksi meluherkiss\u00e4 tai ilmanvaihdoltaan rajoitetuissa ymp\u00e4rist\u00f6iss\u00e4. T\u00e4m\u00e4 sek\u00e4 asuin- ett\u00e4 kaupallisiin sovelluksiin suunniteltu malli tarjoaa luotettavan suorituskyvyn ilman p\u00e4\u00e4st\u00f6j\u00e4, joten se on erinomainen valinta betonin viimeistelyyn sis\u00e4tiloissa.<\/p>\n<p data-start=\"796\" data-end=\"1174\">PTH-D60\/90 tarjoaa 60-90 cm:n l\u00e4pimitan ansiosta monipuolisen peitt\u00e4vyyden, jonka ansiosta k\u00e4ytt\u00e4j\u00e4t voivat viimeistell\u00e4 tehokkaasti pieni\u00e4 ja keskikokoisia laattoja. Sen s\u00e4\u00e4dett\u00e4v\u00e4n ter\u00e4v\u00e4lin s\u00e4\u00e4t\u00f6j\u00e4rjestelm\u00e4 varmistaa, ett\u00e4 k\u00e4ytt\u00e4j\u00e4 voi siirty\u00e4 sujuvasti eri viimeistelyvaiheiden v\u00e4lill\u00e4 - ensimm\u00e4isest\u00e4 kelluttamisesta viimeiseen kiillotukseen - s\u00e4ilytt\u00e4en samalla johdonmukaisuuden ja pinnan tasaisuuden.<\/p>\n<p data-start=\"1176\" data-end=\"1526\">Lis\u00e4ksi s\u00e4hk\u00f6inen voimansiirto toimii hiljaisesti ja v\u00e4h\u00e4isell\u00e4 t\u00e4rin\u00e4ll\u00e4, mik\u00e4 v\u00e4hent\u00e4\u00e4 k\u00e4ytt\u00e4j\u00e4n v\u00e4symist\u00e4 pitk\u00e4aikaisessa k\u00e4yt\u00f6ss\u00e4. Ergonominen, kokoontaitettava kahva parantaa entisest\u00e4\u00e4n k\u00e4ytt\u00f6mukavuutta ja kuljetuksen helppoutta. Vahvistettu vaihdelaatikko, tukevat ter\u00e4varret ja turvarengas takaavat pitk\u00e4aikaisen luotettavuuden my\u00f6s p\u00e4ivitt\u00e4isess\u00e4 k\u00e4yt\u00f6ss\u00e4.<\/p>\n<p data-start=\"1528\" data-end=\"1753\">Koska PTH-D60\/90 toimii ilman polttoainetta, se sopii erinomaisesti sis\u00e4tiloihin, kellarikerroksiin, kaupallisiin keitti\u00f6ihin tai l\u00e4\u00e4ketieteellisiin rakennusty\u00f6maihin, joissa ilmanlaatu ja v\u00e4h\u00e4inen melu ovat kriittisi\u00e4.<\/p>\n<h3 data-start=\"1760\" data-end=\"1815\">PTH-D60\/90 s\u00e4hk\u00f6k\u00e4ytt\u00f6isen lastauslastan t\u00e4rkeimm\u00e4t ominaisuudet<\/h3>\n<ul data-start=\"1817\" data-end=\"2184\">\n<li data-start=\"1817\" data-end=\"1875\">\n<p data-start=\"1819\" data-end=\"1875\">S\u00e4hk\u00f6moottori takaa hiljaisen, p\u00e4\u00e4st\u00f6tt\u00f6m\u00e4n toiminnan<\/p>\n<\/li>\n<li data-start=\"1876\" data-end=\"1940\">\n<p data-start=\"1878\" data-end=\"1940\">60-90 cm:n ter\u00e4n halkaisija tasapainottaa tarkkuuden ja pinta-alan kattavuuden kesken\u00e4\u00e4n.<\/p>\n<\/li>\n<li data-start=\"1941\" data-end=\"1995\">\n<p data-start=\"1943\" data-end=\"1995\">S\u00e4\u00e4dett\u00e4v\u00e4 ter\u00e4v\u00e4litys eri pintak\u00e4sittelytyyppej\u00e4 varten<\/p>\n<\/li>\n<li data-start=\"1996\" data-end=\"2062\">\n<p data-start=\"1998\" data-end=\"2062\">Ergonominen kahva v\u00e4hent\u00e4\u00e4 k\u00e4ytt\u00e4j\u00e4n rasitusta ja taittuu kokoon s\u00e4ilytyst\u00e4 varten.<\/p>\n<\/li>\n<li data-start=\"2063\" data-end=\"2120\">\n<p data-start=\"2065\" data-end=\"2120\">Raskas vaihteisto ja runko takaavat koneen pitk\u00e4ik\u00e4isyyden.<\/p>\n<\/li>\n<li data-start=\"2121\" data-end=\"2184\">\n<p data-start=\"2123\" data-end=\"2184\">Ihanteellinen suljetuille alueille tai hankkeisiin, joissa on polttoaineen k\u00e4ytt\u00f6rajoituksia.<\/p>\n<\/li>\n<\/ul>\n<h3 data-start=\"2191\" data-end=\"2279\">K\u00e4ytt\u00f6kohteet - Paras sis\u00e4projekteihin, sairaaloihin, keitti\u00f6ihin ja maanalaisiin tiloihin.<\/h3>\n<p data-start=\"2281\" data-end=\"2558\">Urakoitsijat k\u00e4ytt\u00e4v\u00e4t PTH-D60\/90:t\u00e4 betonilaattojen sis\u00e4tiloissa, kuten toimistorakennuksissa, kellarikerroksissa, sairaaloissa ja ravintoloissa. Koska se ei vaadi polttoainetta, se t\u00e4ytt\u00e4\u00e4 ymp\u00e4rist\u00f6- ja turvallisuusstandardit siell\u00e4, miss\u00e4 kaasun tai dieselin k\u00e4ytt\u00f6 on kielletty.<\/p>\n<p data-start=\"2560\" data-end=\"2749\">T\u00e4m\u00e4n ansiosta k\u00e4ytt\u00e4j\u00e4t hy\u00f6tyv\u00e4t luotettavasta suorituskyvyst\u00e4, hiljaisesta toiminnasta ja alhaisista yll\u00e4pitokustannuksista ja saavat aikaan tasaisia, ammattimaisia betonipintoja suljetuilla ty\u00f6alueilla.<\/p>\n<p><iframe title=\"lastauslasta, k\u00e4sity\u00f6nt\u00f6voima lastauslasta, lastauslasta, betoni #lastauslasta #powertrowe#concrete\" width=\"720\" height=\"405\" src=\"https:\/\/www.youtube.com\/embed\/pa6AuNhMrwI?feature=oembed\" frameborder=\"0\" allow=\"accelerometer; autoplay; clipboard-write; encrypted-media; gyroscope; picture-in-picture; web-share\" referrerpolicy=\"strict-origin-when-cross-origin\" allowfullscreen><\/iframe><\/p>","protected":false},"excerpt":{"rendered":"<p>S\u00e4hk\u00f6k\u00e4ytt\u00f6inen PTH-D60\/90 tarjoaa turvallisen, hiljaisen ja tehokkaan betonin viimeistelyn sis\u00e4tiloissa toteutettaviin projekteihin, ja se on huoltovapaa ja p\u00e4\u00e4st\u00f6t\u00f6n.<\/p>","protected":false},"featured_media":9200,"template":"","meta":{"_kad_post_transparent":"default","_kad_post_title":"","_kad_post_layout":"default","_kad_post_sidebar_id":"","_kad_post_content_style":"default","_kad_post_vertical_padding":"default","_kad_post_feature":"","_kad_post_feature_position":"","_kad_post_header":false,"_kad_post_footer":false},"product_brand":[],"product_cat":[55],"product_tag":[1084,1083,1087,1081,1086,1085,1089,1088,1090,1082],"class_list":{"0":"post-9199","1":"product","2":"type-product","3":"status-publish","4":"has-post-thumbnail","6":"product_cat-walk-behind-power-trowel","7":"product_tag-cement-power-trowel","8":"product_tag-concrete-finishing-trowel","9":"product_tag-concrete-floor-finishing-machine","10":"product_tag-concrete-power-trowel","11":"product_tag-electric-walk-behind-trowel","12":"product_tag-gasoline-power-trowel","13":"product_tag-hand-operated-power-trowel","14":"product_tag-manual-power-trowel","15":"product_tag-walk-behind-concrete-finishing-machine","16":"product_tag-walk-behind-trowel-machine","18":"first","19":"instock","20":"shipping-taxable","21":"product-type-simple","22":"entry","23":"content-bg","24":"loop-entry"},"yoast_head":"<!-- This site is optimized with the Yoast SEO plugin v25.3.1 - https:\/\/yoast.com\/wordpress\/plugins\/seo\/ -->\n<title>Walk-Behind Power Trowel PTH-D60\/90 - HSY Construction Machinery<\/title>\n<meta name=\"description\" content=\"Walk-Behind Power Trowel PTH-D60\/90 offers quiet, emission-free slab finishing for indoor spaces like hospitals, kitchens, and basements. Eco-friendly and efficient.\" \/>\n<meta name=\"robots\" content=\"index, follow, max-snippet:-1, max-image-preview:large, max-video-preview:-1\" \/>\n<link rel=\"canonical\" href=\"https:\/\/www.hsymachinery.com\/fi\/tuote\/kavella-taaksepain-teholapio-pth-d60-90\/\" \/>\n<meta property=\"og:locale\" content=\"fi_FI\" \/>\n<meta property=\"og:type\" content=\"article\" \/>\n<meta property=\"og:title\" content=\"Walk-Behind Power Trowel PTH-D60\/90 - HSY Construction Machinery\" \/>\n<meta property=\"og:description\" content=\"Walk-Behind Power Trowel PTH-D60\/90 offers quiet, emission-free slab finishing for indoor spaces like hospitals, kitchens, and basements. Eco-friendly and efficient.\" \/>\n<meta property=\"og:url\" content=\"https:\/\/www.hsymachinery.com\/fi\/tuote\/kavella-taaksepain-teholapio-pth-d60-90\/\" \/>\n<meta property=\"og:site_name\" content=\"HSY Construction Machinery\" \/>\n<meta property=\"article:modified_time\" content=\"2025-06-28T14:59:07+00:00\" \/>\n<meta property=\"og:image\" content=\"https:\/\/www.hsymachinery.com\/wp-content\/uploads\/2025\/06\/Walk-Behind-Power-Trowel-PTH-D60.jpg\" \/>\n\t<meta property=\"og:image:width\" content=\"600\" \/>\n\t<meta property=\"og:image:height\" content=\"738\" \/>\n\t<meta property=\"og:image:type\" content=\"image\/jpeg\" \/>\n<meta name=\"twitter:card\" content=\"summary_large_image\" \/>\n<meta name=\"twitter:label1\" content=\"Arvioitu lukuaika\" \/>\n\t<meta name=\"twitter:data1\" content=\"2 minuuttia\" \/>\n<script type=\"application\/ld+json\" class=\"yoast-schema-graph\">{\"@context\":\"https:\/\/schema.org\",\"@graph\":[{\"@type\":\"WebPage\",\"@id\":\"https:\/\/www.hsymachinery.com\/product\/walk-behind-power-trowel-pth-d60-90\/\",\"url\":\"https:\/\/www.hsymachinery.com\/product\/walk-behind-power-trowel-pth-d60-90\/\",\"name\":\"Walk-Behind Power Trowel PTH-D60\/90 - HSY Construction Machinery\",\"isPartOf\":{\"@id\":\"https:\/\/www.hsymachinery.com\/#website\"},\"primaryImageOfPage\":{\"@id\":\"https:\/\/www.hsymachinery.com\/product\/walk-behind-power-trowel-pth-d60-90\/#primaryimage\"},\"image\":{\"@id\":\"https:\/\/www.hsymachinery.com\/product\/walk-behind-power-trowel-pth-d60-90\/#primaryimage\"},\"thumbnailUrl\":\"https:\/\/www.hsymachinery.com\/wp-content\/uploads\/2025\/06\/Walk-Behind-Power-Trowel-PTH-D60.jpg\",\"datePublished\":\"2025-06-18T12:30:49+00:00\",\"dateModified\":\"2025-06-28T14:59:07+00:00\",\"description\":\"Walk-Behind Power Trowel PTH-D60\/90 offers quiet, emission-free slab finishing for indoor spaces like hospitals, kitchens, and basements. Eco-friendly and efficient.\",\"breadcrumb\":{\"@id\":\"https:\/\/www.hsymachinery.com\/product\/walk-behind-power-trowel-pth-d60-90\/#breadcrumb\"},\"inLanguage\":\"fi\",\"potentialAction\":[{\"@type\":\"ReadAction\",\"target\":[\"https:\/\/www.hsymachinery.com\/product\/walk-behind-power-trowel-pth-d60-90\/\"]}]},{\"@type\":\"ImageObject\",\"inLanguage\":\"fi\",\"@id\":\"https:\/\/www.hsymachinery.com\/product\/walk-behind-power-trowel-pth-d60-90\/#primaryimage\",\"url\":\"https:\/\/www.hsymachinery.com\/wp-content\/uploads\/2025\/06\/Walk-Behind-Power-Trowel-PTH-D60.jpg\",\"contentUrl\":\"https:\/\/www.hsymachinery.com\/wp-content\/uploads\/2025\/06\/Walk-Behind-Power-Trowel-PTH-D60.jpg\",\"width\":600,\"height\":738},{\"@type\":\"BreadcrumbList\",\"@id\":\"https:\/\/www.hsymachinery.com\/product\/walk-behind-power-trowel-pth-d60-90\/#breadcrumb\",\"itemListElement\":[{\"@type\":\"ListItem\",\"position\":1,\"name\":\"home\",\"item\":\"https:\/\/www.hsymachinery.com\/\"},{\"@type\":\"ListItem\",\"position\":2,\"name\":\"products\",\"item\":\"https:\/\/www.hsymachinery.com\/products\/\"},{\"@type\":\"ListItem\",\"position\":3,\"name\":\"Walk-Behind Power Trowel PTH-D60\/90\"}]},{\"@type\":\"WebSite\",\"@id\":\"https:\/\/www.hsymachinery.com\/#website\",\"url\":\"https:\/\/www.hsymachinery.com\/\",\"name\":\"HSY Construction Machinery\",\"description\":\"HSY Machinery \u2013 A leading China construction machinery supplier, offering a wide range of light construction equipment. Our main products include Rebar Cutting Machine, Rebar Bending Machine, Rebar Stirrup Bending Machine, Rebar Arc Bending Machine, Rebar Straightening Machine, Five-Head Rebar Stirrup Bending Machine, Tamping Rammer, Plate Compactor, Concrete Cutter, Power Trowel, and other construction machinery. We are equipped with advanced CNC machines, and we enforce strict quality inspection standards along with comprehensive after-sales service. If you are interested in our products or services, we warmly welcome your inquiries via message.\",\"publisher\":{\"@id\":\"https:\/\/www.hsymachinery.com\/#organization\"},\"potentialAction\":[{\"@type\":\"SearchAction\",\"target\":{\"@type\":\"EntryPoint\",\"urlTemplate\":\"https:\/\/www.hsymachinery.com\/?s={search_term_string}\"},\"query-input\":{\"@type\":\"PropertyValueSpecification\",\"valueRequired\":true,\"valueName\":\"search_term_string\"}}],\"inLanguage\":\"fi\"},{\"@type\":\"Organization\",\"@id\":\"https:\/\/www.hsymachinery.com\/#organization\",\"name\":\"HSY Construction Machinery\",\"url\":\"https:\/\/www.hsymachinery.com\/\",\"logo\":{\"@type\":\"ImageObject\",\"inLanguage\":\"fi\",\"@id\":\"https:\/\/www.hsymachinery.com\/#\/schema\/logo\/image\/\",\"url\":\"https:\/\/www.hsymachinery.com\/wp-content\/uploads\/2025\/06\/cropped-HSY-machinery.png\",\"contentUrl\":\"https:\/\/www.hsymachinery.com\/wp-content\/uploads\/2025\/06\/cropped-HSY-machinery.png\",\"width\":600,\"height\":240,\"caption\":\"HSY Construction Machinery\"},\"image\":{\"@id\":\"https:\/\/www.hsymachinery.com\/#\/schema\/logo\/image\/\"}}]}<\/script>\n<!-- \/ Yoast SEO plugin. -->","yoast_head_json":{"title":"K\u00e4velytasoitin PTH-D60\/90 - HSY Rakennuskoneet ja -laitteet","description":"PTH-D60\/90 tarjoaa hiljaisen ja p\u00e4\u00e4st\u00f6tt\u00f6m\u00e4n laatan viimeistelyn sis\u00e4tiloihin, kuten sairaaloihin, keitti\u00f6ihin ja kellareihin. Ymp\u00e4rist\u00f6yst\u00e4v\u00e4llinen ja tehokas.","robots":{"index":"index","follow":"follow","max-snippet":"max-snippet:-1","max-image-preview":"max-image-preview:large","max-video-preview":"max-video-preview:-1"},"canonical":"https:\/\/www.hsymachinery.com\/fi\/tuote\/kavella-taaksepain-teholapio-pth-d60-90\/","og_locale":"fi_FI","og_type":"article","og_title":"Walk-Behind Power Trowel PTH-D60\/90 - HSY Construction Machinery","og_description":"Walk-Behind Power Trowel PTH-D60\/90 offers quiet, emission-free slab finishing for indoor spaces like hospitals, kitchens, and basements. Eco-friendly and efficient.","og_url":"https:\/\/www.hsymachinery.com\/fi\/tuote\/kavella-taaksepain-teholapio-pth-d60-90\/","og_site_name":"HSY Construction Machinery","article_modified_time":"2025-06-28T14:59:07+00:00","og_image":[{"width":600,"height":738,"url":"https:\/\/www.hsymachinery.com\/wp-content\/uploads\/2025\/06\/Walk-Behind-Power-Trowel-PTH-D60.jpg","type":"image\/jpeg"}],"twitter_card":"summary_large_image","twitter_misc":{"Arvioitu lukuaika":"2 minuuttia"},"schema":{"@context":"https:\/\/schema.org","@graph":[{"@type":"WebPage","@id":"https:\/\/www.hsymachinery.com\/product\/walk-behind-power-trowel-pth-d60-90\/","url":"https:\/\/www.hsymachinery.com\/product\/walk-behind-power-trowel-pth-d60-90\/","name":"K\u00e4velytasoitin PTH-D60\/90 - HSY Rakennuskoneet ja -laitteet","isPartOf":{"@id":"https:\/\/www.hsymachinery.com\/#website"},"primaryImageOfPage":{"@id":"https:\/\/www.hsymachinery.com\/product\/walk-behind-power-trowel-pth-d60-90\/#primaryimage"},"image":{"@id":"https:\/\/www.hsymachinery.com\/product\/walk-behind-power-trowel-pth-d60-90\/#primaryimage"},"thumbnailUrl":"https:\/\/www.hsymachinery.com\/wp-content\/uploads\/2025\/06\/Walk-Behind-Power-Trowel-PTH-D60.jpg","datePublished":"2025-06-18T12:30:49+00:00","dateModified":"2025-06-28T14:59:07+00:00","description":"PTH-D60\/90 tarjoaa hiljaisen ja p\u00e4\u00e4st\u00f6tt\u00f6m\u00e4n laatan viimeistelyn sis\u00e4tiloihin, kuten sairaaloihin, keitti\u00f6ihin ja kellareihin. Ymp\u00e4rist\u00f6yst\u00e4v\u00e4llinen ja tehokas.","breadcrumb":{"@id":"https:\/\/www.hsymachinery.com\/product\/walk-behind-power-trowel-pth-d60-90\/#breadcrumb"},"inLanguage":"fi","potentialAction":[{"@type":"ReadAction","target":["https:\/\/www.hsymachinery.com\/product\/walk-behind-power-trowel-pth-d60-90\/"]}]},{"@type":"ImageObject","inLanguage":"fi","@id":"https:\/\/www.hsymachinery.com\/product\/walk-behind-power-trowel-pth-d60-90\/#primaryimage","url":"https:\/\/www.hsymachinery.com\/wp-content\/uploads\/2025\/06\/Walk-Behind-Power-Trowel-PTH-D60.jpg","contentUrl":"https:\/\/www.hsymachinery.com\/wp-content\/uploads\/2025\/06\/Walk-Behind-Power-Trowel-PTH-D60.jpg","width":600,"height":738},{"@type":"BreadcrumbList","@id":"https:\/\/www.hsymachinery.com\/product\/walk-behind-power-trowel-pth-d60-90\/#breadcrumb","itemListElement":[{"@type":"ListItem","position":1,"name":"home","item":"https:\/\/www.hsymachinery.com\/"},{"@type":"ListItem","position":2,"name":"products","item":"https:\/\/www.hsymachinery.com\/products\/"},{"@type":"ListItem","position":3,"name":"Walk-Behind Power Trowel PTH-D60\/90"}]},{"@type":"WebSite","@id":"https:\/\/www.hsymachinery.com\/#website","url":"https:\/\/www.hsymachinery.com\/","name":"HSY Construction Machinery","description":"HSY Machinery - Kiinan johtava rakennuskoneiden toimittaja, joka tarjoaa laajan valikoiman kevyit\u00e4 rakennuskoneita. P\u00e4\u00e4tuotteitamme ovat Rebar Cutting Machine, Rebar Bending Machine, Rebar Stirrup Bending Machine, Rebar Arc Bending Machine, Rebar Straighting Machine, Five-Head Rebar Stirrup Bending Machine, Tamping Rammer, Plate Compactor, Concrete Cutter, Power Trowel ja muut rakennuskoneet. Olemme varustettu kehittyneill\u00e4 CNC-koneilla, ja noudatamme tiukkoja laadunvalvontastandardeja sek\u00e4 kattavaa huoltopalvelua. Jos olet kiinnostunut tuotteistamme tai palveluistamme, toivotamme l\u00e4mpim\u00e4sti tervetulleeksi tiedustelusi viestill\u00e4.","publisher":{"@id":"https:\/\/www.hsymachinery.com\/#organization"},"potentialAction":[{"@type":"SearchAction","target":{"@type":"EntryPoint","urlTemplate":"https:\/\/www.hsymachinery.com\/?s={search_term_string}"},"query-input":{"@type":"PropertyValueSpecification","valueRequired":true,"valueName":"search_term_string"}}],"inLanguage":"fi"},{"@type":"Organization","@id":"https:\/\/www.hsymachinery.com\/#organization","name":"HSY Construction Machinery","url":"https:\/\/www.hsymachinery.com\/","logo":{"@type":"ImageObject","inLanguage":"fi","@id":"https:\/\/www.hsymachinery.com\/#\/schema\/logo\/image\/","url":"https:\/\/www.hsymachinery.com\/wp-content\/uploads\/2025\/06\/cropped-HSY-machinery.png","contentUrl":"https:\/\/www.hsymachinery.com\/wp-content\/uploads\/2025\/06\/cropped-HSY-machinery.png","width":600,"height":240,"caption":"HSY Construction Machinery"},"image":{"@id":"https:\/\/www.hsymachinery.com\/#\/schema\/logo\/image\/"}}]}},"_links":{"self":[{"href":"https:\/\/www.hsymachinery.com\/fi\/wp-json\/wp\/v2\/product\/9199","targetHints":{"allow":["GET"]}}],"collection":[{"href":"https:\/\/www.hsymachinery.com\/fi\/wp-json\/wp\/v2\/product"}],"about":[{"href":"https:\/\/www.hsymachinery.com\/fi\/wp-json\/wp\/v2\/types\/product"}],"version-history":[{"count":3,"href":"https:\/\/www.hsymachinery.com\/fi\/wp-json\/wp\/v2\/product\/9199\/revisions"}],"predecessor-version":[{"id":9598,"href":"https:\/\/www.hsymachinery.com\/fi\/wp-json\/wp\/v2\/product\/9199\/revisions\/9598"}],"wp:featuredmedia":[{"embeddable":true,"href":"https:\/\/www.hsymachinery.com\/fi\/wp-json\/wp\/v2\/media\/9200"}],"wp:attachment":[{"href":"https:\/\/www.hsymachinery.com\/fi\/wp-json\/wp\/v2\/media?parent=9199"}],"wp:term":[{"taxonomy":"product_brand","embeddable":true,"href":"https:\/\/www.hsymachinery.com\/fi\/wp-json\/wp\/v2\/product_brand?post=9199"},{"taxonomy":"product_cat","embeddable":true,"href":"https:\/\/www.hsymachinery.com\/fi\/wp-json\/wp\/v2\/product_cat?post=9199"},{"taxonomy":"product_tag","embeddable":true,"href":"https:\/\/www.hsymachinery.com\/fi\/wp-json\/wp\/v2\/product_tag?post=9199"}],"curies":[{"name":"wp","href":"https:\/\/api.w.org\/{rel}","templated":true}]}}